{"id":8927,"date":"2025-04-15T10:11:28","date_gmt":"2025-04-15T10:11:28","guid":{"rendered":"https:\/\/xenonkungen.com\/product\/skyltbelysning-volvo-s90-2017\/"},"modified":"2026-04-21T14:17:19","modified_gmt":"2026-04-21T13:17:19","slug":"kennzeichenbeleuchtung-volvo-s90-2017","status":"publish","type":"product","link":"https:\/\/xenonkungen.com\/de\/produkt\/kennzeichenbeleuchtung-volvo-s90-2017\/","title":{"rendered":"Schilderbeleuchtung Volvo S90 | 2017&gt;"},"content":{"rendered":"<h1>Volvo S90 LED-Kennzeichenbeleuchtung \u2013 Helles Licht und exklusive Optik<\/h1>\n<p>Verleihen Sie Ihrem Volvo S90 mit unserer E-gepr\u00fcften LED-Kennzeichenbeleuchtung ein stilvolles und modernes Upgrade. Dank der kraftvollen und gleichm\u00e4\u00dfigen Lichtverteilung verbessert diese Beleuchtung sowohl die Sichtbarkeit als auch das Design und verleiht Ihrem Fahrzeug einen exklusiven Look.<\/p>\n<h2>Warum sollten Sie sich f\u00fcr unsere LED-Beschilderungsbeleuchtung entscheiden?<\/h2>\n<ul>\n<li>Spannung: 12 V \u2013 energieeffiziente und nachhaltige LED-Technologie<\/li>\n<li>Einfache Installation: Plug &amp; Play \u2013 schnelle Montage ohne Modifikation<\/li>\n<li>Perfekte Passform: Entwickelt, um die Originalbeleuchtung zu ersetzen<\/li>\n<li>Modernes und stilvolles Design: Verleiht dem Auto einen zeitgem\u00e4\u00dfen Look<\/li>\n<\/ul>\n<p><strong>Passend f\u00fcr Modell:<\/strong><\/p>\n<p>Volvo S90 (ab 2017)<\/p>\n<p><strong>OEM-Teil:<\/strong><\/p>\n<p>&#8211; 31446531<\/p>\n<p><strong>Kundenberichte:<br \/><\/strong><span>&#8211;<\/span><\/p>\n<p>Set mit 2 St\u00fcck<br \/>3 Jahre Garantie<br \/>E-autorisiert<\/p>","protected":false},"excerpt":{"rendered":"<p>Passend f\u00fcr Modell:<\/p>\n<p>Volvo S90 (ab 2017)<\/p>\n<p>OEM-Teil:<\/p>\n<p>&#8211; 31446531<\/p>\n<p>Kundenberichte:<br \/>\n&#8211;<\/p>\n<p>Set mit 2 St\u00fcck<br \/>\n3 Jahre Garantie<br \/>\nE-autorisiert<\/p>","protected":false},"featured_media":8928,"comment_status":"closed","ping_status":"open","template":"","meta":{"_acf_changed":false,"_smort_price_nok":"315","_smort_price_dkk":"200","_smort_price_eur":"26.82","_smort_sale_price_nok":"","_smort_sale_price_dkk":"","_smort_sale_price_eur":"","smort_restorder":"","shipmondo_restorder":"","_kad_blocks_custom_css":"","_kad_blocks_head_custom_js":"","_kad_blocks_body_custom_js":"","_kad_blocks_footer_custom_js":"","smort_custom_pricelist_1":"188.8","smort_custom_pricelist_2":"165.2","smort_custom_pricelist_3":"153.4","smort_custom_pricelist_4":"236","smort_custom_pricelist_5":"165.2"},"anvandningsomrade":[167],"bilmarken":[169],"product_brand":[117],"product_cat":[542],"product_tag":[],"class_list":{"0":"post-8927","1":"product","2":"type-product","3":"status-publish","4":"has-post-thumbnail","6":"anvandningsomrade-personbil","7":"bilmarken-volvo","8":"product_brand-xenonkungen","9":"product_cat-skyltbelysning","10":"pa_volt-v-159","12":"first","13":"instock","14":"taxable","15":"shipping-taxable","16":"purchasable","17":"product-type-simple"},"bundled_by":[],"bundle_stock_status":"instock","bundle_stock_quantity":20,"bundle_virtual":false,"bundle_layout":"","bundle_add_to_cart_form_location":"","bundle_editable_in_cart":false,"bundle_sold_individually_context":"","bundle_item_grouping":"","bundle_min_size":"","bundle_max_size":"","bundle_price":[],"bundled_items":[],"bundle_sell_ids":[],"acf":[],"yoast_head":"<!-- This site is optimized with the Yoast SEO plugin v27.0 - https:\/\/yoast.com\/product\/yoast-seo-wordpress\/ -->\n<title>Skyltbelysning Volvo S90 | 2017&gt; - Xenonkungen<\/title>\n<meta name=\"robots\" content=\"index, follow, max-snippet:-1, max-image-preview:large, max-video-preview:-1\" \/>\n<link rel=\"canonical\" href=\"https:\/\/xenonkungen.com\/de\/produkt\/kennzeichenbeleuchtung-volvo-s90-2017\/\" \/>\n<meta property=\"og:locale\" content=\"de_DE\" \/>\n<meta property=\"og:type\" content=\"article\" \/>\n<meta property=\"og:title\" content=\"Skyltbelysning Volvo S90 | 2017&gt; - Xenonkungen\" \/>\n<meta property=\"og:description\" content=\"Passar modell: Volvo S90 (2017 och fram\u00e5t) OEM Part: - 31446531 Kundrapporter: - Set om 2st 3 \u00e5rs garanti E-godk\u00e4nd\" \/>\n<meta property=\"og:url\" content=\"https:\/\/xenonkungen.com\/de\/produkt\/kennzeichenbeleuchtung-volvo-s90-2017\/\" \/>\n<meta property=\"og:site_name\" content=\"Xenonkungen\" \/>\n<meta property=\"article:modified_time\" content=\"2026-04-21T13:17:19+00:00\" \/>\n<meta property=\"og:image\" content=\"https:\/\/xenonkungen.com\/wp-content\/uploads\/2025\/04\/MLTWDsaQ.png\" \/>\n\t<meta property=\"og:image:width\" content=\"1000\" \/>\n\t<meta property=\"og:image:height\" content=\"1000\" \/>\n\t<meta property=\"og:image:type\" content=\"image\/png\" \/>\n<meta name=\"twitter:card\" content=\"summary_large_image\" \/>\n<meta name=\"twitter:label1\" content=\"Gesch\u00e4tzte Lesezeit\" \/>\n\t<meta name=\"twitter:data1\" content=\"1\u00a0Minute\" \/>\n<script type=\"application\/ld+json\" class=\"yoast-schema-graph\">{\"@context\":\"https:\/\/schema.org\",\"@graph\":[{\"@type\":\"WebPage\",\"@id\":\"https:\/\/xenonkungen.com\/produkt\/skyltbelysning-volvo-s90-2017\/\",\"url\":\"https:\/\/xenonkungen.com\/produkt\/skyltbelysning-volvo-s90-2017\/\",\"name\":\"Skyltbelysning Volvo S90 | 2017> - Xenonkungen\",\"isPartOf\":{\"@id\":\"https:\/\/xenonkungen.com\/#website\"},\"primaryImageOfPage\":{\"@id\":\"https:\/\/xenonkungen.com\/produkt\/skyltbelysning-volvo-s90-2017\/#primaryimage\"},\"image\":{\"@id\":\"https:\/\/xenonkungen.com\/produkt\/skyltbelysning-volvo-s90-2017\/#primaryimage\"},\"thumbnailUrl\":\"https:\/\/xenonkungen.com\/wp-content\/uploads\/2025\/04\/MLTWDsaQ.png\",\"datePublished\":\"2025-04-15T10:11:28+00:00\",\"dateModified\":\"2026-04-21T13:17:19+00:00\",\"breadcrumb\":{\"@id\":\"https:\/\/xenonkungen.com\/produkt\/skyltbelysning-volvo-s90-2017\/#breadcrumb\"},\"inLanguage\":\"de\",\"potentialAction\":[{\"@type\":\"ReadAction\",\"target\":[\"https:\/\/xenonkungen.com\/produkt\/skyltbelysning-volvo-s90-2017\/\"]}]},{\"@type\":\"ImageObject\",\"inLanguage\":\"de\",\"@id\":\"https:\/\/xenonkungen.com\/produkt\/skyltbelysning-volvo-s90-2017\/#primaryimage\",\"url\":\"https:\/\/xenonkungen.com\/wp-content\/uploads\/2025\/04\/MLTWDsaQ.png\",\"contentUrl\":\"https:\/\/xenonkungen.com\/wp-content\/uploads\/2025\/04\/MLTWDsaQ.png\",\"width\":1000,\"height\":1000},{\"@type\":\"BreadcrumbList\",\"@id\":\"https:\/\/xenonkungen.com\/produkt\/skyltbelysning-volvo-s90-2017\/#breadcrumb\",\"itemListElement\":[{\"@type\":\"ListItem\",\"position\":1,\"name\":\"Hem\",\"item\":\"https:\/\/xenonkungen.com\/\"},{\"@type\":\"ListItem\",\"position\":2,\"name\":\"Shop\",\"item\":\"https:\/\/xenonkungen.com\/shop\/\"},{\"@type\":\"ListItem\",\"position\":3,\"name\":\"Skyltbelysning Volvo S90 | 2017>\"}]},{\"@type\":\"WebSite\",\"@id\":\"https:\/\/xenonkungen.com\/#website\",\"url\":\"https:\/\/xenonkungen.com\/\",\"name\":\"Xenonkungen\",\"description\":\"\",\"potentialAction\":[{\"@type\":\"SearchAction\",\"target\":{\"@type\":\"EntryPoint\",\"urlTemplate\":\"https:\/\/xenonkungen.com\/?s={search_term_string}\"},\"query-input\":{\"@type\":\"PropertyValueSpecification\",\"valueRequired\":true,\"valueName\":\"search_term_string\"}}],\"inLanguage\":\"de\"}]}<\/script>\n<!-- \/ Yoast SEO plugin. -->","yoast_head_json":{"title":"Kennzeichenbeleuchtung Volvo S90 | 2017&gt; - Xenonkungen","robots":{"index":"index","follow":"follow","max-snippet":"max-snippet:-1","max-image-preview":"max-image-preview:large","max-video-preview":"max-video-preview:-1"},"canonical":"https:\/\/xenonkungen.com\/de\/produkt\/kennzeichenbeleuchtung-volvo-s90-2017\/","og_locale":"de_DE","og_type":"article","og_title":"Skyltbelysning Volvo S90 | 2017> - Xenonkungen","og_description":"Passar modell: Volvo S90 (2017 och fram\u00e5t) OEM Part: - 31446531 Kundrapporter: - Set om 2st 3 \u00e5rs garanti E-godk\u00e4nd","og_url":"https:\/\/xenonkungen.com\/de\/produkt\/kennzeichenbeleuchtung-volvo-s90-2017\/","og_site_name":"Xenonkungen","article_modified_time":"2026-04-21T13:17:19+00:00","og_image":[{"width":1000,"height":1000,"url":"https:\/\/xenonkungen.com\/wp-content\/uploads\/2025\/04\/MLTWDsaQ.png","type":"image\/png"}],"twitter_card":"summary_large_image","twitter_misc":{"Gesch\u00e4tzte Lesezeit":"1\u00a0Minute"},"schema":{"@context":"https:\/\/schema.org","@graph":[{"@type":"WebPage","@id":"https:\/\/xenonkungen.com\/produkt\/skyltbelysning-volvo-s90-2017\/","url":"https:\/\/xenonkungen.com\/produkt\/skyltbelysning-volvo-s90-2017\/","name":"Kennzeichenbeleuchtung Volvo S90 | 2017&gt; - Xenonkungen","isPartOf":{"@id":"https:\/\/xenonkungen.com\/#website"},"primaryImageOfPage":{"@id":"https:\/\/xenonkungen.com\/produkt\/skyltbelysning-volvo-s90-2017\/#primaryimage"},"image":{"@id":"https:\/\/xenonkungen.com\/produkt\/skyltbelysning-volvo-s90-2017\/#primaryimage"},"thumbnailUrl":"https:\/\/xenonkungen.com\/wp-content\/uploads\/2025\/04\/MLTWDsaQ.png","datePublished":"2025-04-15T10:11:28+00:00","dateModified":"2026-04-21T13:17:19+00:00","breadcrumb":{"@id":"https:\/\/xenonkungen.com\/produkt\/skyltbelysning-volvo-s90-2017\/#breadcrumb"},"inLanguage":"de","potentialAction":[{"@type":"ReadAction","target":["https:\/\/xenonkungen.com\/produkt\/skyltbelysning-volvo-s90-2017\/"]}]},{"@type":"ImageObject","inLanguage":"de","@id":"https:\/\/xenonkungen.com\/produkt\/skyltbelysning-volvo-s90-2017\/#primaryimage","url":"https:\/\/xenonkungen.com\/wp-content\/uploads\/2025\/04\/MLTWDsaQ.png","contentUrl":"https:\/\/xenonkungen.com\/wp-content\/uploads\/2025\/04\/MLTWDsaQ.png","width":1000,"height":1000},{"@type":"BreadcrumbList","@id":"https:\/\/xenonkungen.com\/produkt\/skyltbelysning-volvo-s90-2017\/#breadcrumb","itemListElement":[{"@type":"ListItem","position":1,"name":"Hem","item":"https:\/\/xenonkungen.com\/"},{"@type":"ListItem","position":2,"name":"Shop","item":"https:\/\/xenonkungen.com\/shop\/"},{"@type":"ListItem","position":3,"name":"Skyltbelysning Volvo S90 | 2017>"}]},{"@type":"WebSite","@id":"https:\/\/xenonkungen.com\/#website","url":"https:\/\/xenonkungen.com\/","name":"Xenonkungen","description":"","potentialAction":[{"@type":"SearchAction","target":{"@type":"EntryPoint","urlTemplate":"https:\/\/xenonkungen.com\/?s={search_term_string}"},"query-input":{"@type":"PropertyValueSpecification","valueRequired":true,"valueName":"search_term_string"}}],"inLanguage":"de"}]}},"taxonomy_info":{"anvandningsomrade":[{"value":167,"label":"PERSONBIL"}],"bilmarken":[{"value":169,"label":"volvo"}],"product_brand":[{"value":117,"label":"Xenonkungen"}],"product_cat":[{"value":542,"label":"Skyltbelysning"}],"pa_volt-v":[{"value":159,"label":"12"}]},"featured_image_src_large":["https:\/\/xenonkungen.com\/wp-content\/uploads\/2025\/04\/MLTWDsaQ.png",1000,1000,false],"author_info":[],"comment_info":0,"_links":{"self":[{"href":"https:\/\/xenonkungen.com\/de\/wp-json\/wp\/v2\/product\/8927","targetHints":{"allow":["GET"]}}],"collection":[{"href":"https:\/\/xenonkungen.com\/de\/wp-json\/wp\/v2\/product"}],"about":[{"href":"https:\/\/xenonkungen.com\/de\/wp-json\/wp\/v2\/types\/product"}],"replies":[{"embeddable":true,"href":"https:\/\/xenonkungen.com\/de\/wp-json\/wp\/v2\/comments?post=8927"}],"wp:featuredmedia":[{"embeddable":true,"href":"https:\/\/xenonkungen.com\/de\/wp-json\/wp\/v2\/media\/8928"}],"wp:attachment":[{"href":"https:\/\/xenonkungen.com\/de\/wp-json\/wp\/v2\/media?parent=8927"}],"wp:term":[{"taxonomy":"anvandningsomrade","embeddable":true,"href":"https:\/\/xenonkungen.com\/de\/wp-json\/wp\/v2\/anvandningsomrade?post=8927"},{"taxonomy":"bilmarken","embeddable":true,"href":"https:\/\/xenonkungen.com\/de\/wp-json\/wp\/v2\/bilmarken?post=8927"},{"taxonomy":"product_brand","embeddable":true,"href":"https:\/\/xenonkungen.com\/de\/wp-json\/wp\/v2\/product_brand?post=8927"},{"taxonomy":"product_cat","embeddable":true,"href":"https:\/\/xenonkungen.com\/de\/wp-json\/wp\/v2\/product_cat?post=8927"},{"taxonomy":"product_tag","embeddable":true,"href":"https:\/\/xenonkungen.com\/de\/wp-json\/wp\/v2\/product_tag?post=8927"}],"curies":[{"name":"wp","href":"https:\/\/api.w.org\/{rel}","templated":true}]}}