{"id":9129,"date":"2025-05-20T07:46:41","date_gmt":"2025-05-20T07:46:41","guid":{"rendered":"https:\/\/xenonkungen.com\/product\/luxtar-stellar-black-rad3\/"},"modified":"2026-05-08T15:42:03","modified_gmt":"2026-05-08T14:42:03","slug":"luxtar-stellar-black-rad3","status":"publish","type":"product","link":"https:\/\/xenonkungen.com\/de\/produkt\/luxtar-stellar-black-rad3\/","title":{"rendered":"Luxtar Stellar Schwarz RAD3"},"content":{"rendered":"<h2>Luxtar Stellar Black RAD3 \u2013 Maximale Leistung bis ins kleinste Detail<\/h2>\n<p>Entdecken Sie die n\u00e4chste Stufe von Extra-Licht mit <strong>Luxtar Stellar Schwarz RAD3<\/strong>Entworfen f\u00fcr diejenigen, die das Beste in Sachen Stil und Funktion verlangen. Ausgestattet mit 20 leistungsstarken Osram-Dioden, liefert dieser Premium-Fluter einen beeindruckenden Lichtstrom von <strong>12 200 Lumen<\/strong>und machen die Nacht zu Ihrem Leuchtfeuer. Mit einer <strong>Fahrbalkenschlitten<\/strong> Sie streut das Licht breit \u00fcber die Stra\u00dfe und leuchtet auch die R\u00e4nder aus, so dass Sie alles sehen k\u00f6nnen - egal, wie die Bedingungen sind.<\/p>\n<ul>\n<li>Reichweite: 1 Lux bei 790 m \/ R112: 1 Lux bei 460 m<\/li>\n<li>12 200 tats\u00e4chliche Lumen<\/li>\n<li>Boost-Funktion f\u00fcr zus\u00e4tzliche Helligkeit<\/li>\n<li>W\u00e4hlen Sie zwischen wei\u00dfem oder orangefarbenem Positionslicht<\/li>\n<li>Schlagfeste und witterungsbest\u00e4ndige Konstruktion<\/li>\n<\/ul>\n<h3>Weltklasse-Beleuchtung<\/h3>\n<p>Mit einer Palette von <strong>1 Lux in 790 Metern H\u00f6he<\/strong> und eine ausgewogene Farbtemperatur von <strong>5500K<\/strong>erhalten Sie nicht nur eine helle und scharfe Beleuchtung, sondern auch ein angenehmes Lichterlebnis, das die Augen schont. Perfekt f\u00fcr lange Fahrten und anspruchsvolles Gel\u00e4nde, wo jedes Detail z\u00e4hlt. Sie werden Gefahren rechtzeitig erkennen und mit voller Kontrolle navigieren.<\/p>\n<h3>Erleben Sie dynamische Eleganz<\/h3>\n<p>Die neue <strong>Dynamische Startfunktionen<\/strong> f\u00fcr Positionsleuchten beeindruckt mit einer einzigartigen Lichtshow bei jeder Inbetriebnahme. W\u00e4hlen Sie zwischen traditionellen <strong>wei\u00df<\/strong> oder die auff\u00e4llige <strong>das orangefarbene Licht<\/strong> um Ihren eigenen Stil auf die Stra\u00dfe zu bringen. Hinterleuchtete Reflektoren sorgen zudem f\u00fcr einen Wow-Effekt, der Ihr Fahrzeug sowohl bei Tageslicht als auch bei Dunkelheit auffallen l\u00e4sst.<\/p>\n<h3>Gebaut, um zu \u00fcberleben - bei jedem Wetter<\/h3>\n<p>Dank einer rahmenlosen, <strong>unzerbrechliches Polycarbonat-Glas<\/strong> und einer glatten Front, die Schnee- und Eisbildung verhindert, bietet der Luxtar Stellar RAD3 bei jedem Wetter zuverl\u00e4ssige Leistung. Mit einem extra <strong>Boost-Funktion<\/strong> Dank des robusten Montagesockels und der mitgelieferten 4-poligen DT-Stecker ist die Installation einfach und sicher.<\/p>\n<h3>E-gepr\u00fcft und sicher<\/h3>\n<p><strong>Stellar Black RAD3<\/strong> ist E-zugelassen und darf somit im Stra\u00dfenverkehr verwendet werden. Au\u00dferdem wird er geliefert mit <strong>3 Jahre Garantie<\/strong> f\u00fcr Ihren Seelenfrieden.<\/p>","protected":false},"excerpt":{"rendered":"<p>Erleben Sie ultimative Beleuchtung mit der Luxtar Stellar Black RAD3. Ausgestattet mit 20 Osram-Dioden und 12.200 Lumen bietet sie einen breiten Lichtkegel, eine dynamische Startfunktion und ist wetterfest. Perfekt f\u00fcr maximale Sicht und Sicherheit im Stra\u00dfenverkehr.<\/p>","protected":false},"featured_media":9726,"comment_status":"closed","ping_status":"closed","template":"","meta":{"_acf_changed":false,"_smort_price_nok":"8112","_smort_price_dkk":"5154","_smort_price_eur":"690.42","_smort_sale_price_nok":"","_smort_sale_price_dkk":"","_smort_sale_price_eur":"","smort_restorder":"","shipmondo_restorder":"","_kad_blocks_custom_css":"","_kad_blocks_head_custom_js":"","_kad_blocks_body_custom_js":"","_kad_blocks_footer_custom_js":"","smort_custom_pricelist_1":"4860.8","smort_custom_pricelist_2":"4253.2","smort_custom_pricelist_3":"3949.4","smort_custom_pricelist_4":"6076","smort_custom_pricelist_5":"4253.2"},"anvandningsomrade":[207,166,167,1915],"bilmarken":[168],"product_brand":[103],"product_cat":[2826,1859],"product_tag":[],"class_list":{"0":"post-9129","1":"product","2":"type-product","3":"status-publish","4":"has-post-thumbnail","6":"anvandningsomrade-husbil","7":"anvandningsomrade-lastbil","8":"anvandningsomrade-personbil","9":"anvandningsomrade-skapbil","10":"bilmarken-alla","11":"product_brand-luxtar","12":"product_cat-luxtar","13":"product_cat-extraljuspaket","14":"pa_faktisk-effekts-forbrukning-175","15":"pa_fargtemperatur-1510","16":"pa_fuktskydd-varde-ipxx-ip68","17":"pa_godkannande-e-marked-r112-r10-r148-r149","18":"pa_lampsockel-kontakt-dt4","19":"pa_ljusbild-driving","20":"pa_storlek-mm-229x226x90","21":"pa_stromforbrukning-5a-24v","22":"pa_stromforbrukning-88a-137v","23":"pa_volt-v-9-12-24-32","25":"first","26":"outofstock","27":"taxable","28":"shipping-taxable","29":"purchasable","30":"product-type-bundle"},"bundled_by":[],"bundle_stock_status":"outofstock","bundle_stock_quantity":0,"bundle_virtual":false,"bundle_layout":"default","bundle_add_to_cart_form_location":"default","bundle_editable_in_cart":false,"bundle_sold_individually_context":"product","bundle_item_grouping":"parent","bundle_min_size":"","bundle_max_size":"","bundle_price":{"price":{"min":{"incl_tax":"690.39","excl_tax":"552.31344308"},"max":{"incl_tax":"690.39","excl_tax":"552.31344308"}},"regular_price":{"min":{"incl_tax":"690.39","excl_tax":"552.31344308"},"max":{"incl_tax":"690.39","excl_tax":"552.31344308"}}},"bundled_items":[{"bundled_item_id":17,"product_id":1063,"menu_order":0,"quantity_min":1,"quantity_max":1,"quantity_default":1,"priced_individually":false,"shipped_individually":false,"override_title":false,"title":"Luxtar Relaiskabelsatz DT-4 X3 12V 80A Relais","override_description":false,"description":"","optional":false,"hide_thumbnail":false,"discount":"","override_variations":false,"allowed_variations":[],"override_default_variation_attributes":false,"default_variation_attributes":[],"single_product_visibility":"visible","cart_visibility":"visible","order_visibility":"visible","single_product_price_visibility":"visible","cart_price_visibility":"visible","order_price_visibility":"visible","stock_status":"in_stock"},{"bundled_item_id":18,"product_id":2716,"menu_order":1,"quantity_min":1,"quantity_max":1,"quantity_default":1,"priced_individually":false,"shipped_individually":false,"override_title":false,"title":"Zus\u00e4tzliche Lichthalterung f\u00fcr 3 St\u00fcck 225 mm | 9&quot;","override_description":false,"description":"","optional":false,"hide_thumbnail":false,"discount":"","override_variations":false,"allowed_variations":[],"override_default_variation_attributes":false,"default_variation_attributes":[],"single_product_visibility":"visible","cart_visibility":"visible","order_visibility":"visible","single_product_price_visibility":"visible","cart_price_visibility":"visible","order_price_visibility":"visible","stock_status":"on_backorder"}],"bundle_sell_ids":[],"acf":[],"yoast_head":"<!-- This site is optimized with the Yoast SEO plugin v27.0 - https:\/\/yoast.com\/product\/yoast-seo-wordpress\/ -->\n<title>Luxtar Stellar Black RAD3 - Xenonkungen<\/title>\n<meta name=\"robots\" content=\"index, follow, max-snippet:-1, max-image-preview:large, max-video-preview:-1\" \/>\n<link rel=\"canonical\" href=\"https:\/\/xenonkungen.com\/de\/produkt\/luxtar-stellar-black-rad3\/\" \/>\n<meta property=\"og:locale\" content=\"de_DE\" \/>\n<meta property=\"og:type\" content=\"article\" \/>\n<meta property=\"og:title\" content=\"Luxtar Stellar Black RAD3 - Xenonkungen\" \/>\n<meta property=\"og:description\" content=\"Uppt\u00e4ck ultimat belysning med Luxtar Stellar Black RAD3. Utrustad med 20 Osram-dioder och 12 200 lumen, erbjuder den brett ljusf\u00e4lt, dynamisk uppstartsfunktion och v\u00e4dert\u00e5lig h\u00e5llbarhet. Perfekt f\u00f6r maximal sikt och s\u00e4kerhet p\u00e5 v\u00e4gen.\" \/>\n<meta property=\"og:url\" content=\"https:\/\/xenonkungen.com\/de\/produkt\/luxtar-stellar-black-rad3\/\" \/>\n<meta property=\"og:site_name\" content=\"Xenonkungen\" \/>\n<meta property=\"article:modified_time\" content=\"2026-05-08T14:42:03+00:00\" \/>\n<meta property=\"og:image\" content=\"https:\/\/xenonkungen.com\/wp-content\/uploads\/2025\/05\/XX-Stellar3-1-1024x1024.png\" \/>\n\t<meta property=\"og:image:width\" content=\"1024\" \/>\n\t<meta property=\"og:image:height\" content=\"1024\" \/>\n\t<meta property=\"og:image:type\" content=\"image\/png\" \/>\n<meta name=\"twitter:card\" content=\"summary_large_image\" \/>\n<meta name=\"twitter:label1\" content=\"Gesch\u00e4tzte Lesezeit\" \/>\n\t<meta name=\"twitter:data1\" content=\"2\u00a0Minuten\" \/>\n<script type=\"application\/ld+json\" class=\"yoast-schema-graph\">{\"@context\":\"https:\/\/schema.org\",\"@graph\":[{\"@type\":\"WebPage\",\"@id\":\"https:\/\/xenonkungen.com\/produkt\/luxtar-stellar-black-rad3\/\",\"url\":\"https:\/\/xenonkungen.com\/produkt\/luxtar-stellar-black-rad3\/\",\"name\":\"Luxtar Stellar Black RAD3 - Xenonkungen\",\"isPartOf\":{\"@id\":\"https:\/\/xenonkungen.com\/#website\"},\"primaryImageOfPage\":{\"@id\":\"https:\/\/xenonkungen.com\/produkt\/luxtar-stellar-black-rad3\/#primaryimage\"},\"image\":{\"@id\":\"https:\/\/xenonkungen.com\/produkt\/luxtar-stellar-black-rad3\/#primaryimage\"},\"thumbnailUrl\":\"https:\/\/xenonkungen.com\/wp-content\/uploads\/2025\/05\/XX-Stellar3-1.png\",\"datePublished\":\"2025-05-20T07:46:41+00:00\",\"dateModified\":\"2026-05-08T14:42:03+00:00\",\"breadcrumb\":{\"@id\":\"https:\/\/xenonkungen.com\/produkt\/luxtar-stellar-black-rad3\/#breadcrumb\"},\"inLanguage\":\"de\",\"potentialAction\":[{\"@type\":\"ReadAction\",\"target\":[\"https:\/\/xenonkungen.com\/produkt\/luxtar-stellar-black-rad3\/\"]}]},{\"@type\":\"ImageObject\",\"inLanguage\":\"de\",\"@id\":\"https:\/\/xenonkungen.com\/produkt\/luxtar-stellar-black-rad3\/#primaryimage\",\"url\":\"https:\/\/xenonkungen.com\/wp-content\/uploads\/2025\/05\/XX-Stellar3-1.png\",\"contentUrl\":\"https:\/\/xenonkungen.com\/wp-content\/uploads\/2025\/05\/XX-Stellar3-1.png\",\"width\":2000,\"height\":2000},{\"@type\":\"BreadcrumbList\",\"@id\":\"https:\/\/xenonkungen.com\/produkt\/luxtar-stellar-black-rad3\/#breadcrumb\",\"itemListElement\":[{\"@type\":\"ListItem\",\"position\":1,\"name\":\"Hem\",\"item\":\"https:\/\/xenonkungen.com\/\"},{\"@type\":\"ListItem\",\"position\":2,\"name\":\"Shop\",\"item\":\"https:\/\/xenonkungen.com\/shop\/\"},{\"@type\":\"ListItem\",\"position\":3,\"name\":\"Luxtar Stellar Black RAD3\"}]},{\"@type\":\"WebSite\",\"@id\":\"https:\/\/xenonkungen.com\/#website\",\"url\":\"https:\/\/xenonkungen.com\/\",\"name\":\"Xenonkungen\",\"description\":\"\",\"potentialAction\":[{\"@type\":\"SearchAction\",\"target\":{\"@type\":\"EntryPoint\",\"urlTemplate\":\"https:\/\/xenonkungen.com\/?s={search_term_string}\"},\"query-input\":{\"@type\":\"PropertyValueSpecification\",\"valueRequired\":true,\"valueName\":\"search_term_string\"}}],\"inLanguage\":\"de\"}]}<\/script>\n<!-- \/ Yoast SEO plugin. -->","yoast_head_json":{"title":"Luxtar Stellar Black RAD3 \u2013 Der Xenon-K\u00f6nig","robots":{"index":"index","follow":"follow","max-snippet":"max-snippet:-1","max-image-preview":"max-image-preview:large","max-video-preview":"max-video-preview:-1"},"canonical":"https:\/\/xenonkungen.com\/de\/produkt\/luxtar-stellar-black-rad3\/","og_locale":"de_DE","og_type":"article","og_title":"Luxtar Stellar Black RAD3 - Xenonkungen","og_description":"Uppt\u00e4ck ultimat belysning med Luxtar Stellar Black RAD3. Utrustad med 20 Osram-dioder och 12 200 lumen, erbjuder den brett ljusf\u00e4lt, dynamisk uppstartsfunktion och v\u00e4dert\u00e5lig h\u00e5llbarhet. Perfekt f\u00f6r maximal sikt och s\u00e4kerhet p\u00e5 v\u00e4gen.","og_url":"https:\/\/xenonkungen.com\/de\/produkt\/luxtar-stellar-black-rad3\/","og_site_name":"Xenonkungen","article_modified_time":"2026-05-08T14:42:03+00:00","og_image":[{"width":1024,"height":1024,"url":"https:\/\/xenonkungen.com\/wp-content\/uploads\/2025\/05\/XX-Stellar3-1-1024x1024.png","type":"image\/png"}],"twitter_card":"summary_large_image","twitter_misc":{"Gesch\u00e4tzte Lesezeit":"2\u00a0Minuten"},"schema":{"@context":"https:\/\/schema.org","@graph":[{"@type":"WebPage","@id":"https:\/\/xenonkungen.com\/produkt\/luxtar-stellar-black-rad3\/","url":"https:\/\/xenonkungen.com\/produkt\/luxtar-stellar-black-rad3\/","name":"Luxtar Stellar Black RAD3 \u2013 Der Xenon-K\u00f6nig","isPartOf":{"@id":"https:\/\/xenonkungen.com\/#website"},"primaryImageOfPage":{"@id":"https:\/\/xenonkungen.com\/produkt\/luxtar-stellar-black-rad3\/#primaryimage"},"image":{"@id":"https:\/\/xenonkungen.com\/produkt\/luxtar-stellar-black-rad3\/#primaryimage"},"thumbnailUrl":"https:\/\/xenonkungen.com\/wp-content\/uploads\/2025\/05\/XX-Stellar3-1.png","datePublished":"2025-05-20T07:46:41+00:00","dateModified":"2026-05-08T14:42:03+00:00","breadcrumb":{"@id":"https:\/\/xenonkungen.com\/produkt\/luxtar-stellar-black-rad3\/#breadcrumb"},"inLanguage":"de","potentialAction":[{"@type":"ReadAction","target":["https:\/\/xenonkungen.com\/produkt\/luxtar-stellar-black-rad3\/"]}]},{"@type":"ImageObject","inLanguage":"de","@id":"https:\/\/xenonkungen.com\/produkt\/luxtar-stellar-black-rad3\/#primaryimage","url":"https:\/\/xenonkungen.com\/wp-content\/uploads\/2025\/05\/XX-Stellar3-1.png","contentUrl":"https:\/\/xenonkungen.com\/wp-content\/uploads\/2025\/05\/XX-Stellar3-1.png","width":2000,"height":2000},{"@type":"BreadcrumbList","@id":"https:\/\/xenonkungen.com\/produkt\/luxtar-stellar-black-rad3\/#breadcrumb","itemListElement":[{"@type":"ListItem","position":1,"name":"Hem","item":"https:\/\/xenonkungen.com\/"},{"@type":"ListItem","position":2,"name":"Shop","item":"https:\/\/xenonkungen.com\/shop\/"},{"@type":"ListItem","position":3,"name":"Luxtar Stellar Black RAD3"}]},{"@type":"WebSite","@id":"https:\/\/xenonkungen.com\/#website","url":"https:\/\/xenonkungen.com\/","name":"Xenonkungen","description":"","potentialAction":[{"@type":"SearchAction","target":{"@type":"EntryPoint","urlTemplate":"https:\/\/xenonkungen.com\/?s={search_term_string}"},"query-input":{"@type":"PropertyValueSpecification","valueRequired":true,"valueName":"search_term_string"}}],"inLanguage":"de"}]}},"taxonomy_info":{"anvandningsomrade":[{"value":207,"label":"Husbil"},{"value":166,"label":"Lastbil"},{"value":167,"label":"PERSONBIL"},{"value":1915,"label":"Sk\u00e5pbil"}],"bilmarken":[{"value":168,"label":"Alla"}],"product_brand":[{"value":103,"label":"LUXTAR"}],"product_cat":[{"value":2826,"label":"LUXTAR"},{"value":1859,"label":"Extraljuspaket"}],"pa_faktisk-effekts-forbrukning":[{"value":175,"label":"120"}],"pa_fargtemperatur":[{"value":1510,"label":"5500"}],"pa_fuktskydd-varde-ipxx":[{"value":177,"label":"IP68"}],"pa_godkannande":[{"value":2187,"label":"E marked , R112 , R10 , R148 , R149"}],"pa_lampsockel-kontakt":[{"value":404,"label":"DT4"}],"pa_ljusbild":[{"value":178,"label":"Driving"}],"pa_storlek-mm":[{"value":2185,"label":"229x226x90"}],"pa_stromforbrukning":[{"value":180,"label":"5A @24V"},{"value":179,"label":"8,8A @13,7V"}],"pa_volt-v":[{"value":2186,"label":"9, 12, 24, 32"}]},"featured_image_src_large":["https:\/\/xenonkungen.com\/wp-content\/uploads\/2025\/05\/XX-Stellar3-1-1024x1024.png",1024,1024,true],"author_info":[],"comment_info":0,"_links":{"self":[{"href":"https:\/\/xenonkungen.com\/de\/wp-json\/wp\/v2\/product\/9129","targetHints":{"allow":["GET"]}}],"collection":[{"href":"https:\/\/xenonkungen.com\/de\/wp-json\/wp\/v2\/product"}],"about":[{"href":"https:\/\/xenonkungen.com\/de\/wp-json\/wp\/v2\/types\/product"}],"replies":[{"embeddable":true,"href":"https:\/\/xenonkungen.com\/de\/wp-json\/wp\/v2\/comments?post=9129"}],"wp:featuredmedia":[{"embeddable":true,"href":"https:\/\/xenonkungen.com\/de\/wp-json\/wp\/v2\/media\/9726"}],"wp:attachment":[{"href":"https:\/\/xenonkungen.com\/de\/wp-json\/wp\/v2\/media?parent=9129"}],"wp:term":[{"taxonomy":"anvandningsomrade","embeddable":true,"href":"https:\/\/xenonkungen.com\/de\/wp-json\/wp\/v2\/anvandningsomrade?post=9129"},{"taxonomy":"bilmarken","embeddable":true,"href":"https:\/\/xenonkungen.com\/de\/wp-json\/wp\/v2\/bilmarken?post=9129"},{"taxonomy":"product_brand","embeddable":true,"href":"https:\/\/xenonkungen.com\/de\/wp-json\/wp\/v2\/product_brand?post=9129"},{"taxonomy":"product_cat","embeddable":true,"href":"https:\/\/xenonkungen.com\/de\/wp-json\/wp\/v2\/product_cat?post=9129"},{"taxonomy":"product_tag","embeddable":true,"href":"https:\/\/xenonkungen.com\/de\/wp-json\/wp\/v2\/product_tag?post=9129"}],"curies":[{"name":"wp","href":"https:\/\/api.w.org\/{rel}","templated":true}]}}