{"id":946,"date":"2025-04-15T07:56:42","date_gmt":"2025-04-15T07:56:42","guid":{"rendered":"https:\/\/xenonkungen.com\/product\/luxtar-stellar-dynamic-9-black-2\/"},"modified":"2026-04-24T17:00:42","modified_gmt":"2026-04-24T16:00:42","slug":"luxtar-stellar-dynamic-9-schwarz-2","status":"publish","type":"product","link":"https:\/\/xenonkungen.com\/de\/produkt\/luxtar-stellar-dynamic-9-schwarz-2\/","title":{"rendered":"Luxtar Stellar Dynamic 9\u2033 Schwarz"},"content":{"rendered":"<h1>Neue Erg\u00e4nzung der Luxtar-Reihe<\/h1>\n<p>Die Luxtar Stellar Dynamic ist mit 20 leistungsstarken Osram-Dioden ausgestattet, die einen beeindruckenden Lichtstrom von 12.200 Lumen liefern.<br \/>\nDie Reflektoren erzeugen ein angenehmes Fernlichtmuster, das die Stra\u00dfe breit und sogar am Stra\u00dfenrand ausleuchtet. Die Reichweite betr\u00e4gt volle 1 Lux auf 790 Meter. Die Farbtemperatur von 5500K ist sorgf\u00e4ltig abgestimmt<br \/>\nund sehr angenehm f\u00fcr die Augen und bietet eine scharfe und klare Beleuchtung. Das erleichtert die Beobachtung des Gel\u00e4ndes und das rechtzeitige Erkennen von Gefahren und Hindernissen.<\/p>\n<ul>\n<li>Reichweite: 1 Lux bei 790 m \/ R112: 1 Lux bei 460 m<\/li>\n<li>Dynamische Startfunktion f\u00fcr Positionslicht in wei\u00df oder orange<\/li>\n<li>12 200 tats\u00e4chliche Lumen<\/li>\n<li>Boost-Funktion f\u00fcr zus\u00e4tzliche Helligkeit<\/li>\n<\/ul>\n<p>Mit der neuen dynamischen Startfunktion f\u00fcr Positionslicht bietet die Leuchte ein beeindruckendes Startmuster, das beim Starten einen unglaublichen visuellen Effekt erzeugt.<br \/>\nDer innovative hinterleuchtete Reflektor mit Positions-LEDs, die die Seiten des Reflektors beleuchten, schafft ein auff\u00e4lliges und einzigartiges Zusatzlicht. Die Standlichtfunktion kann auf traditionelles Wei\u00df oder auff\u00e4lliges Orange eingestellt werden.<\/p>\n<p>Die Stellar Dynamic ist mit einem unzerbrechlichen Polycarbonat-Glas ausgestattet, das komplett rahmenlos ist und eine glatte Vorderseite hat, die verhindert, dass sich Schnee und Eis auf dem Glas ansammeln, was eine optimale Leistung unter allen Bedingungen gew\u00e4hrleistet.<br \/>\nDas Zusatzlicht ist E-gepr\u00fcft und mit einer Boost-Funktion ausgestattet, die bei Bedarf f\u00fcr zus\u00e4tzliche Helligkeit sorgt.<br \/>\nEin robuster und stabiler Montagesockel und 4-polige DT-Stecker sind im Lieferumfang enthalten, und das Produkt hat eine 3-j\u00e4hrige Garantie.<\/p>\n<h2><img loading=\"lazy\" decoding=\"async\" src=\"https:\/\/cdn.abicart.com\/shop\/4404\/files\/Animering\/ezgif-7-cf97a353d6.gif\" alt=\"\" width=\"350\" height=\"351\" \/><\/h2>","protected":false},"excerpt":{"rendered":"<p>Nya tillskottet till Luxtar serien Luxtar Stellar Dynamic \u00e4r utrustad med 20 stycken kraftfulla Osram dioder som ger ett imponerande ljusfl\u00f6de p\u00e5 12 200 lumen. Reflektorerna skapar en behaglig Driving Beam-ljusbild som lyser upp v\u00e4gen brett och \u00e4ven ute i v\u00e4gkanten. R\u00e4ckvidd \u00e4r hela 1 lux vid 790 meter. F\u00e4rgtemperaturen p\u00e5 5500K \u00e4r noggrant balanserad [&hellip;]<\/p>","protected":false},"featured_media":12438,"comment_status":"closed","ping_status":"closed","template":"","meta":{"_acf_changed":false,"_smort_price_nok":"2451","_smort_price_dkk":"1557","_smort_price_eur":"208.63","_smort_sale_price_nok":"","_smort_sale_price_dkk":"","_smort_sale_price_eur":"","smort_restorder":"","shipmondo_restorder":"","_kad_blocks_custom_css":"","_kad_blocks_head_custom_js":"","_kad_blocks_body_custom_js":"","_kad_blocks_footer_custom_js":"","smort_custom_pricelist_1":"1468.8","smort_custom_pricelist_2":"1285.2","smort_custom_pricelist_3":"1193.4","smort_custom_pricelist_4":"1836","smort_custom_pricelist_5":"1285.2"},"anvandningsomrade":[166,167],"bilmarken":[208,240,194,241,242,195,243,209,244,245,246,247,248,210,249,196,250,251,252,253,197,211,254,212,255,256,257,258,259,213,260,261,198,262,263,264,265,266,267,199,268,269,270,271,200,272,273,274,215,275,276,277,278,201,279,202,280,281,216,282,203,283,284,285,286,204,217,218,287,288,289,290,219,205,169,291],"product_brand":[103],"product_cat":[2839,2826,2849,2854,142],"product_tag":[],"class_list":{"0":"post-946","1":"product","2":"type-product","3":"status-publish","4":"has-post-thumbnail","6":"anvandningsomrade-lastbil","7":"anvandningsomrade-personbil","8":"bilmarken-abarth","9":"bilmarken-acura","10":"bilmarken-alfa-romeo","11":"bilmarken-alpina","12":"bilmarken-aston-martin","13":"bilmarken-audi","14":"bilmarken-bentley","15":"bilmarken-bmw","16":"bilmarken-bugatti","17":"bilmarken-buick","18":"bilmarken-cadillac","19":"bilmarken-chevrolet","20":"bilmarken-chrysler","21":"bilmarken-citroen","22":"bilmarken-cupra","23":"bilmarken-dacia","24":"bilmarken-daewoo","25":"bilmarken-daihatsu","26":"bilmarken-dodge","27":"bilmarken-ds","28":"bilmarken-ferrari","29":"bilmarken-fiat","30":"bilmarken-fisker","31":"bilmarken-ford","32":"bilmarken-geely","33":"bilmarken-genesis","34":"bilmarken-gmc","35":"bilmarken-honda","36":"bilmarken-hummer","37":"bilmarken-hyundai","38":"bilmarken-infiniti","39":"bilmarken-isuzu","40":"bilmarken-iveco","41":"bilmarken-jaguar","42":"bilmarken-jeep","43":"bilmarken-kia","44":"bilmarken-koenigsegg","45":"bilmarken-lada","46":"bilmarken-lamborghini","47":"bilmarken-lancia","48":"bilmarken-land-rover","49":"bilmarken-lexus","50":"bilmarken-lincoln","51":"bilmarken-lotus","52":"bilmarken-maserati","53":"bilmarken-maxus","54":"bilmarken-mazda","55":"bilmarken-mclaren","56":"bilmarken-mercedes-benz","57":"bilmarken-mg","58":"bilmarken-mini","59":"bilmarken-mitsubishi","60":"bilmarken-nissan","61":"bilmarken-opel","62":"bilmarken-pagani","63":"bilmarken-peugeot","64":"bilmarken-polestar","65":"bilmarken-pontiac","66":"bilmarken-porsche","67":"bilmarken-ram","68":"bilmarken-renault","69":"bilmarken-rivian","70":"bilmarken-rolls-royce","71":"bilmarken-rover","72":"bilmarken-saab","73":"bilmarken-seat","74":"bilmarken-skoda","75":"bilmarken-smart","76":"bilmarken-ssangyong","77":"bilmarken-subaru","78":"bilmarken-suzuki","79":"bilmarken-tesla","80":"bilmarken-toyota","81":"bilmarken-volkswagen","82":"bilmarken-volvo","83":"bilmarken-wiesmann","84":"product_brand-luxtar","85":"product_cat-extraljus-9","86":"product_cat-luxtar","87":"product_cat-malvin","88":"product_cat-noel","89":"product_cat-extraljus","90":"pa_faktisk-effekts-forbrukning-175","91":"pa_fargtemperatur-5500k","92":"pa_fuktskydd-varde-ipxx-ip68","93":"pa_godkannande-e-godkand-r112-r10-r148-r149","94":"pa_lampsockel-kontakt-dt-4","95":"pa_ljusbild-driving","96":"pa_stromforbrukning-5a-24v","97":"pa_stromforbrukning-88a-137v","98":"pa_volt-v-9-12-24-32-multivolt","100":"first","101":"instock","102":"taxable","103":"shipping-taxable","104":"purchasable","105":"product-type-simple"},"bundled_by":[],"bundle_stock_status":"instock","bundle_stock_quantity":65,"bundle_virtual":false,"bundle_layout":"","bundle_add_to_cart_form_location":"","bundle_editable_in_cart":false,"bundle_sold_individually_context":"","bundle_item_grouping":"","bundle_min_size":"","bundle_max_size":"","bundle_price":[],"bundled_items":[],"bundle_sell_ids":[],"acf":[],"yoast_head":"<!-- This site is optimized with the Yoast SEO plugin v27.0 - https:\/\/yoast.com\/product\/yoast-seo-wordpress\/ -->\n<title>Luxtar Stellar Dynamic 9&quot; Black - Xenonkungen<\/title>\n<meta name=\"robots\" content=\"index, follow, max-snippet:-1, max-image-preview:large, max-video-preview:-1\" \/>\n<link rel=\"canonical\" href=\"https:\/\/xenonkungen.com\/de\/produkt\/luxtar-stellar-dynamic-9-schwarz-2\/\" \/>\n<meta property=\"og:locale\" content=\"de_DE\" \/>\n<meta property=\"og:type\" content=\"article\" \/>\n<meta property=\"og:title\" content=\"Luxtar Stellar Dynamic 9&quot; Black - Xenonkungen\" \/>\n<meta property=\"og:description\" content=\"Nya tillskottet till Luxtar serien Luxtar Stellar Dynamic \u00e4r utrustad med 20 stycken kraftfulla Osram dioder som ger ett imponerande ljusfl\u00f6de p\u00e5 12 200 lumen. Reflektorerna skapar en behaglig Driving Beam-ljusbild som lyser upp v\u00e4gen brett och \u00e4ven ute i v\u00e4gkanten. R\u00e4ckvidd \u00e4r hela 1 lux vid 790 meter. F\u00e4rgtemperaturen p\u00e5 5500K \u00e4r noggrant balanserad [&hellip;]\" \/>\n<meta property=\"og:url\" content=\"https:\/\/xenonkungen.com\/de\/produkt\/luxtar-stellar-dynamic-9-schwarz-2\/\" \/>\n<meta property=\"og:site_name\" content=\"Xenonkungen\" \/>\n<meta property=\"article:modified_time\" content=\"2026-04-24T16:00:42+00:00\" \/>\n<meta property=\"og:image\" content=\"https:\/\/xenonkungen.com\/wp-content\/uploads\/2025\/04\/215735261-origpic-46251a.png\" \/>\n\t<meta property=\"og:image:width\" content=\"1027\" \/>\n\t<meta property=\"og:image:height\" content=\"1000\" \/>\n\t<meta property=\"og:image:type\" content=\"image\/png\" \/>\n<meta name=\"twitter:card\" content=\"summary_large_image\" \/>\n<meta name=\"twitter:label1\" content=\"Gesch\u00e4tzte Lesezeit\" \/>\n\t<meta name=\"twitter:data1\" content=\"2\u00a0Minuten\" \/>\n<script type=\"application\/ld+json\" class=\"yoast-schema-graph\">{\"@context\":\"https:\/\/schema.org\",\"@graph\":[{\"@type\":\"WebPage\",\"@id\":\"https:\/\/xenonkungen.com\/produkt\/luxtar-stellar-dynamic-9-black-2\/\",\"url\":\"https:\/\/xenonkungen.com\/produkt\/luxtar-stellar-dynamic-9-black-2\/\",\"name\":\"Luxtar Stellar Dynamic 9\\\" Black - Xenonkungen\",\"isPartOf\":{\"@id\":\"https:\/\/xenonkungen.com\/#website\"},\"primaryImageOfPage\":{\"@id\":\"https:\/\/xenonkungen.com\/produkt\/luxtar-stellar-dynamic-9-black-2\/#primaryimage\"},\"image\":{\"@id\":\"https:\/\/xenonkungen.com\/produkt\/luxtar-stellar-dynamic-9-black-2\/#primaryimage\"},\"thumbnailUrl\":\"https:\/\/xenonkungen.com\/wp-content\/uploads\/2025\/04\/215735261-origpic-46251a.png\",\"datePublished\":\"2025-04-15T07:56:42+00:00\",\"dateModified\":\"2026-04-24T16:00:42+00:00\",\"breadcrumb\":{\"@id\":\"https:\/\/xenonkungen.com\/produkt\/luxtar-stellar-dynamic-9-black-2\/#breadcrumb\"},\"inLanguage\":\"de\",\"potentialAction\":[{\"@type\":\"ReadAction\",\"target\":[\"https:\/\/xenonkungen.com\/produkt\/luxtar-stellar-dynamic-9-black-2\/\"]}]},{\"@type\":\"ImageObject\",\"inLanguage\":\"de\",\"@id\":\"https:\/\/xenonkungen.com\/produkt\/luxtar-stellar-dynamic-9-black-2\/#primaryimage\",\"url\":\"https:\/\/xenonkungen.com\/wp-content\/uploads\/2025\/04\/215735261-origpic-46251a.png\",\"contentUrl\":\"https:\/\/xenonkungen.com\/wp-content\/uploads\/2025\/04\/215735261-origpic-46251a.png\",\"width\":1027,\"height\":1000},{\"@type\":\"BreadcrumbList\",\"@id\":\"https:\/\/xenonkungen.com\/produkt\/luxtar-stellar-dynamic-9-black-2\/#breadcrumb\",\"itemListElement\":[{\"@type\":\"ListItem\",\"position\":1,\"name\":\"Hem\",\"item\":\"https:\/\/xenonkungen.com\/\"},{\"@type\":\"ListItem\",\"position\":2,\"name\":\"Shop\",\"item\":\"https:\/\/xenonkungen.com\/shop\/\"},{\"@type\":\"ListItem\",\"position\":3,\"name\":\"Luxtar Stellar Dynamic 9&#8243; Black\"}]},{\"@type\":\"WebSite\",\"@id\":\"https:\/\/xenonkungen.com\/#website\",\"url\":\"https:\/\/xenonkungen.com\/\",\"name\":\"Xenonkungen\",\"description\":\"\",\"potentialAction\":[{\"@type\":\"SearchAction\",\"target\":{\"@type\":\"EntryPoint\",\"urlTemplate\":\"https:\/\/xenonkungen.com\/?s={search_term_string}\"},\"query-input\":{\"@type\":\"PropertyValueSpecification\",\"valueRequired\":true,\"valueName\":\"search_term_string\"}}],\"inLanguage\":\"de\"}]}<\/script>\n<!-- \/ Yoast SEO plugin. -->","yoast_head_json":{"title":"Luxtar Stellar Dynamic 9\" Schwarz - Xenonkungen","robots":{"index":"index","follow":"follow","max-snippet":"max-snippet:-1","max-image-preview":"max-image-preview:large","max-video-preview":"max-video-preview:-1"},"canonical":"https:\/\/xenonkungen.com\/de\/produkt\/luxtar-stellar-dynamic-9-schwarz-2\/","og_locale":"de_DE","og_type":"article","og_title":"Luxtar Stellar Dynamic 9\" Black - Xenonkungen","og_description":"Nya tillskottet till Luxtar serien Luxtar Stellar Dynamic \u00e4r utrustad med 20 stycken kraftfulla Osram dioder som ger ett imponerande ljusfl\u00f6de p\u00e5 12 200 lumen. Reflektorerna skapar en behaglig Driving Beam-ljusbild som lyser upp v\u00e4gen brett och \u00e4ven ute i v\u00e4gkanten. R\u00e4ckvidd \u00e4r hela 1 lux vid 790 meter. F\u00e4rgtemperaturen p\u00e5 5500K \u00e4r noggrant balanserad [&hellip;]","og_url":"https:\/\/xenonkungen.com\/de\/produkt\/luxtar-stellar-dynamic-9-schwarz-2\/","og_site_name":"Xenonkungen","article_modified_time":"2026-04-24T16:00:42+00:00","og_image":[{"width":1027,"height":1000,"url":"https:\/\/xenonkungen.com\/wp-content\/uploads\/2025\/04\/215735261-origpic-46251a.png","type":"image\/png"}],"twitter_card":"summary_large_image","twitter_misc":{"Gesch\u00e4tzte Lesezeit":"2\u00a0Minuten"},"schema":{"@context":"https:\/\/schema.org","@graph":[{"@type":"WebPage","@id":"https:\/\/xenonkungen.com\/produkt\/luxtar-stellar-dynamic-9-black-2\/","url":"https:\/\/xenonkungen.com\/produkt\/luxtar-stellar-dynamic-9-black-2\/","name":"Luxtar Stellar Dynamic 9\" Schwarz - Xenonkungen","isPartOf":{"@id":"https:\/\/xenonkungen.com\/#website"},"primaryImageOfPage":{"@id":"https:\/\/xenonkungen.com\/produkt\/luxtar-stellar-dynamic-9-black-2\/#primaryimage"},"image":{"@id":"https:\/\/xenonkungen.com\/produkt\/luxtar-stellar-dynamic-9-black-2\/#primaryimage"},"thumbnailUrl":"https:\/\/xenonkungen.com\/wp-content\/uploads\/2025\/04\/215735261-origpic-46251a.png","datePublished":"2025-04-15T07:56:42+00:00","dateModified":"2026-04-24T16:00:42+00:00","breadcrumb":{"@id":"https:\/\/xenonkungen.com\/produkt\/luxtar-stellar-dynamic-9-black-2\/#breadcrumb"},"inLanguage":"de","potentialAction":[{"@type":"ReadAction","target":["https:\/\/xenonkungen.com\/produkt\/luxtar-stellar-dynamic-9-black-2\/"]}]},{"@type":"ImageObject","inLanguage":"de","@id":"https:\/\/xenonkungen.com\/produkt\/luxtar-stellar-dynamic-9-black-2\/#primaryimage","url":"https:\/\/xenonkungen.com\/wp-content\/uploads\/2025\/04\/215735261-origpic-46251a.png","contentUrl":"https:\/\/xenonkungen.com\/wp-content\/uploads\/2025\/04\/215735261-origpic-46251a.png","width":1027,"height":1000},{"@type":"BreadcrumbList","@id":"https:\/\/xenonkungen.com\/produkt\/luxtar-stellar-dynamic-9-black-2\/#breadcrumb","itemListElement":[{"@type":"ListItem","position":1,"name":"Hem","item":"https:\/\/xenonkungen.com\/"},{"@type":"ListItem","position":2,"name":"Shop","item":"https:\/\/xenonkungen.com\/shop\/"},{"@type":"ListItem","position":3,"name":"Luxtar Stellar Dynamic 9&#8243; Black"}]},{"@type":"WebSite","@id":"https:\/\/xenonkungen.com\/#website","url":"https:\/\/xenonkungen.com\/","name":"Xenonkungen","description":"","potentialAction":[{"@type":"SearchAction","target":{"@type":"EntryPoint","urlTemplate":"https:\/\/xenonkungen.com\/?s={search_term_string}"},"query-input":{"@type":"PropertyValueSpecification","valueRequired":true,"valueName":"search_term_string"}}],"inLanguage":"de"}]}},"taxonomy_info":{"anvandningsomrade":[{"value":166,"label":"Lastbil"},{"value":167,"label":"PERSONBIL"}],"bilmarken":[{"value":208,"label":"Abarth"},{"value":240,"label":"Acura"},{"value":194,"label":"Alfa Romeo"},{"value":241,"label":"Alpina"},{"value":242,"label":"Aston Martin"},{"value":195,"label":"Audi"},{"value":243,"label":"Bentley"},{"value":209,"label":"BMW"},{"value":244,"label":"Bugatti"},{"value":245,"label":"Buick"},{"value":246,"label":"Cadillac"},{"value":247,"label":"Chevrolet"},{"value":248,"label":"Chrysler"},{"value":210,"label":"Citroen"},{"value":249,"label":"Cupra"},{"value":196,"label":"Dacia"},{"value":250,"label":"Daewoo"},{"value":251,"label":"Daihatsu"},{"value":252,"label":"Dodge"},{"value":253,"label":"DS"},{"value":197,"label":"Ferrari"},{"value":211,"label":"Fiat"},{"value":254,"label":"Fisker"},{"value":212,"label":"Ford"},{"value":255,"label":"Geely"},{"value":256,"label":"Genesis"},{"value":257,"label":"GMC"},{"value":258,"label":"Honda"},{"value":259,"label":"Hummer"},{"value":213,"label":"Hyundai"},{"value":260,"label":"Infiniti"},{"value":261,"label":"Isuzu"},{"value":198,"label":"Iveco"},{"value":262,"label":"Jaguar"},{"value":263,"label":"Jeep"},{"value":264,"label":"Kia"},{"value":265,"label":"Koenigsegg"},{"value":266,"label":"Lada"},{"value":267,"label":"Lamborghini"},{"value":199,"label":"Lancia"},{"value":268,"label":"Land Rover"},{"value":269,"label":"Lexus"},{"value":270,"label":"Lincoln"},{"value":271,"label":"Lotus"},{"value":200,"label":"Maserati"},{"value":272,"label":"Maxus"},{"value":273,"label":"Mazda"},{"value":274,"label":"McLaren"},{"value":215,"label":"Mercedes-Benz"},{"value":275,"label":"MG"},{"value":276,"label":"Mini"},{"value":277,"label":"Mitsubishi"},{"value":278,"label":"Nissan"},{"value":201,"label":"Opel"},{"value":279,"label":"Pagani"},{"value":202,"label":"Peugeot"},{"value":280,"label":"Polestar"},{"value":281,"label":"Pontiac"},{"value":216,"label":"Porsche"},{"value":282,"label":"RAM"},{"value":203,"label":"Renault"},{"value":283,"label":"Rivian"},{"value":284,"label":"Rolls-Royce"},{"value":285,"label":"Rover"},{"value":286,"label":"Saab"},{"value":204,"label":"Seat"},{"value":217,"label":"Skoda"},{"value":218,"label":"Smart"},{"value":287,"label":"SsangYong"},{"value":288,"label":"Subaru"},{"value":289,"label":"Suzuki"},{"value":290,"label":"Tesla"},{"value":219,"label":"Toyota"},{"value":205,"label":"Volkswagen"},{"value":169,"label":"volvo"},{"value":291,"label":"Wiesmann"}],"product_brand":[{"value":103,"label":"LUXTAR"}],"product_cat":[{"value":2839,"label":"Extraljus 9\""},{"value":2826,"label":"LUXTAR"},{"value":2849,"label":"Malvins VW Golf"},{"value":2854,"label":"Noels EPA"},{"value":142,"label":"Extraljus"}],"pa_faktisk-effekts-forbrukning":[{"value":175,"label":"120"}],"pa_fargtemperatur":[{"value":176,"label":"5500K"}],"pa_fuktskydd-varde-ipxx":[{"value":177,"label":"IP68"}],"pa_godkannande":[{"value":297,"label":"E-godk\u00e4nd, R112, R10, R148, R149"}],"pa_lampsockel-kontakt":[{"value":181,"label":"DT-4"}],"pa_ljusbild":[{"value":178,"label":"Driving"}],"pa_stromforbrukning":[{"value":180,"label":"5A @24V"},{"value":179,"label":"8,8A @13,7V"}],"pa_volt-v":[{"value":296,"label":"9, 12, 24, 32, multivolt"}]},"featured_image_src_large":["https:\/\/xenonkungen.com\/wp-content\/uploads\/2025\/04\/215735261-origpic-46251a-1024x997.png",1024,997,true],"author_info":[],"comment_info":0,"_links":{"self":[{"href":"https:\/\/xenonkungen.com\/de\/wp-json\/wp\/v2\/product\/946","targetHints":{"allow":["GET"]}}],"collection":[{"href":"https:\/\/xenonkungen.com\/de\/wp-json\/wp\/v2\/product"}],"about":[{"href":"https:\/\/xenonkungen.com\/de\/wp-json\/wp\/v2\/types\/product"}],"replies":[{"embeddable":true,"href":"https:\/\/xenonkungen.com\/de\/wp-json\/wp\/v2\/comments?post=946"}],"wp:featuredmedia":[{"embeddable":true,"href":"https:\/\/xenonkungen.com\/de\/wp-json\/wp\/v2\/media\/12438"}],"wp:attachment":[{"href":"https:\/\/xenonkungen.com\/de\/wp-json\/wp\/v2\/media?parent=946"}],"wp:term":[{"taxonomy":"anvandningsomrade","embeddable":true,"href":"https:\/\/xenonkungen.com\/de\/wp-json\/wp\/v2\/anvandningsomrade?post=946"},{"taxonomy":"bilmarken","embeddable":true,"href":"https:\/\/xenonkungen.com\/de\/wp-json\/wp\/v2\/bilmarken?post=946"},{"taxonomy":"product_brand","embeddable":true,"href":"https:\/\/xenonkungen.com\/de\/wp-json\/wp\/v2\/product_brand?post=946"},{"taxonomy":"product_cat","embeddable":true,"href":"https:\/\/xenonkungen.com\/de\/wp-json\/wp\/v2\/product_cat?post=946"},{"taxonomy":"product_tag","embeddable":true,"href":"https:\/\/xenonkungen.com\/de\/wp-json\/wp\/v2\/product_tag?post=946"}],"curies":[{"name":"wp","href":"https:\/\/api.w.org\/{rel}","templated":true}]}}