{"id":997,"date":"2025-04-15T07:56:42","date_gmt":"2025-04-15T07:56:42","guid":{"rendered":"https:\/\/xenonkungen.com\/product\/relakabelsats-3st-extraljus-12v9006\/"},"modified":"2026-04-08T07:50:10","modified_gmt":"2026-04-08T06:50:10","slug":"relaiskabelsatz-3-stuck-zusatzscheinwerfer-12v9006","status":"publish","type":"product","link":"https:\/\/xenonkungen.com\/de\/produkt\/relaiskabelsatz-3-stuck-zusatzscheinwerfer-12v9006\/","title":{"rendered":"Relaiskabelsatz 3tlg. Zusatzlicht 12V|9006"},"content":{"rendered":"<h1>Relaiskabelsatz 3B | 9006 12V<\/h1>\n<p>Relaiskabelsatz mit 9006-Stecker zur sicheren Stromversorgung von 12V-Xenon-Vorschaltger\u00e4ten, Zusatzscheinwerfern, LED-Leisten usw. an Pkw, Quads, Nutzfahrzeugen, Traktoren usw. Der Satz enth\u00e4lt 3 Kabel mit jeweils einem 9006-Stecker (m\u00e4nnlich), ein Plus- und ein Minuskabel sowie ein Signalkabel zum Anschluss an den 12V-Pluspol des Fahrzeugs bei eingeschaltetem Fernlicht.<\/p>\n<p>Dieses Set enth\u00e4lt eine 40-A-Sicherung und ein 12-V-60-A-Relais. F\u00fcr optimale Leistung wird die Montage nach oben empfohlen. Die Gesamtl\u00e4nge des Sets betr\u00e4gt 3 Meter, gemessen vom Pluskabel bis zum Ende der 9006-Stecker. Dies erleichtert die Installation und gew\u00e4hrleistet die sichere Verwendung einer zus\u00e4tzlichen Xenon- oder LED-Lichtleiste.<\/p>\n<h2>Spezifikationen<\/h2>\n<ul>\n<li>Marke: XENONKUNGEN<\/li>\n<li>Modell: 3B 12V<\/li>\n<li>Kabell\u00e4nge: 3 m<\/li>\n<li>Spannung: 12V<\/li>\n<li>Relais: 60 A<\/li>\n<li>Sicherung: 40 A<\/li>\n<li>Gewicht: 0,44 kg<\/li>\n<\/ul>\n<h2>Merkmale und Funktionen<\/h2>\n<p>Ausgestattet mit einem sch\u00fctzenden Flexschlauch, um Kabelbesch\u00e4digungen in beengten Bereichen zu minimieren, gew\u00e4hrleistet er die Vermeidung von EMV-Strahlungslecks und verhindert, dass die Kabel an der Fahrzeugkarosserie scheuern. Kann Lampen mit einer Leistung von bis zu ca. 300 W pro St\u00fcck versorgen.<\/p>\n<h2>Verbindung<\/h2>\n<p>Beinhaltet einen 9006-Stecker f\u00fcr schnelle Verbindungen, ein 60A-Relais mit einer 40A-Sicherung, das den problemlosen Betrieb gro\u00dfer Lampen erm\u00f6glicht.<\/p>\n<h2>B\u00fcrgschaft<\/h2>\n<p>1 Jahr<\/p>\n<h2>Inhalt der Lieferung<\/h2>\n<p>Jede Bestellung beinhaltet 1 komplettes Relais-Verdrahtungsset und 1 Stromdieb.<\/p>\n<p><em>Bitte beachten Sie, dass f\u00fcr einige Fahrzeuge eine spezielle Relaisl\u00f6sung erforderlich ist (siehe Zubeh\u00f6r). <a href=\"https:\/\/www.xenonkungen.com\/se\/produkter\/installationsmaterial\/canbus-emc\/xbb-obd-ii-dongel-powerunit.html\" target=\"_blank\" rel=\"noopener\">XBB<\/a>) aufgrund der sogenannten CAN-Bus-\u00dcberwachung. Dies betrifft haupts\u00e4chlich neuere europ\u00e4ische Fahrzeuge mit LED- oder Xenon-Scheinwerfern.<\/em><\/p>","protected":false},"excerpt":{"rendered":"<p>Relaiskabelsatz f\u00fcr 3 zus\u00e4tzliche Leuchten\/12V<br \/>\nPerfekte Relaisverkabelung f\u00fcr alle, die 3 Zusatzscheinwerfer oder LED-Leuchten anschlie\u00dfen m\u00f6chten. Inklusive Schnellverbinder (9006\/HB4).<\/p>","protected":false},"featured_media":25292,"comment_status":"closed","ping_status":"closed","template":"","meta":{"_acf_changed":false,"_smort_price_nok":"315","_smort_price_dkk":"200","_smort_price_eur":"26.82","_smort_sale_price_nok":"","_smort_sale_price_dkk":"","_smort_sale_price_eur":"","smort_restorder":"","shipmondo_restorder":"","_kad_blocks_custom_css":"","_kad_blocks_head_custom_js":"","_kad_blocks_body_custom_js":"","_kad_blocks_footer_custom_js":"","smort_custom_pricelist_1":"188.8","smort_custom_pricelist_2":"165.2","smort_custom_pricelist_3":"153.4","smort_custom_pricelist_4":"279.2","smort_custom_pricelist_5":"165.2"},"anvandningsomrade":[],"bilmarken":[],"product_brand":[117],"product_cat":[2841,2828,2795,2796,2488,2491,2489,2490,390],"product_tag":[],"class_list":{"0":"post-997","1":"product","2":"type-product","3":"status-publish","4":"has-post-thumbnail","6":"product_brand-xenonkungen","7":"product_cat-installation-extraljus","8":"product_cat-installation-led-ramper","9":"product_cat-kablar-rela","10":"product_cat-relakabelsatser","11":"product_cat-relasats-arbetsbelysning","12":"product_cat-relasats","13":"product_cat-relasats-extraljus","14":"product_cat-relasats-2","15":"product_cat-installation","16":"pa_lampsockel-kontakt-hb4-9006","17":"pa_volt-v-159","19":"first","20":"instock","21":"taxable","22":"shipping-taxable","23":"purchasable","24":"product-type-simple"},"bundled_by":["9321","9333","9400"],"bundle_stock_status":"instock","bundle_stock_quantity":236,"bundle_virtual":false,"bundle_layout":"","bundle_add_to_cart_form_location":"","bundle_editable_in_cart":false,"bundle_sold_individually_context":"","bundle_item_grouping":"","bundle_min_size":"","bundle_max_size":"","bundle_price":[],"bundled_items":[],"bundle_sell_ids":[],"acf":[],"yoast_head":"<!-- This site is optimized with the Yoast SEO plugin v27.0 - https:\/\/yoast.com\/product\/yoast-seo-wordpress\/ -->\n<title>Rel\u00e4kabelsats 3st Extraljus 12V|9006 - Xenonkungen<\/title>\n<meta name=\"robots\" content=\"index, follow, max-snippet:-1, max-image-preview:large, max-video-preview:-1\" \/>\n<link rel=\"canonical\" href=\"https:\/\/xenonkungen.com\/de\/produkt\/relaiskabelsatz-3-stuck-zusatzscheinwerfer-12v9006\/\" \/>\n<meta property=\"og:locale\" content=\"de_DE\" \/>\n<meta property=\"og:type\" content=\"article\" \/>\n<meta property=\"og:title\" content=\"Rel\u00e4kabelsats 3st Extraljus 12V|9006 - Xenonkungen\" \/>\n<meta property=\"og:description\" content=\"Rel\u00e4kabelsats f\u00f6r 3st extraljus\/12V Perfekt rel\u00e4kablage f\u00f6r dig som vill ansluta 3 styck Extraljus eller ledramp. F\u00e4rdigt med snabbkontakt (9006\/HB4)\" \/>\n<meta property=\"og:url\" content=\"https:\/\/xenonkungen.com\/de\/produkt\/relaiskabelsatz-3-stuck-zusatzscheinwerfer-12v9006\/\" \/>\n<meta property=\"og:site_name\" content=\"Xenonkungen\" \/>\n<meta property=\"article:modified_time\" content=\"2026-04-08T06:50:10+00:00\" \/>\n<meta property=\"og:image\" content=\"https:\/\/xenonkungen.com\/wp-content\/uploads\/2025\/04\/Relakabelsats-Art.nr103107-Relakabelsats-3st-Extraljus-12V-9006-close2000px-1024x565.png\" \/>\n\t<meta property=\"og:image:width\" content=\"1024\" \/>\n\t<meta property=\"og:image:height\" content=\"565\" \/>\n\t<meta property=\"og:image:type\" content=\"image\/png\" \/>\n<meta name=\"twitter:card\" content=\"summary_large_image\" \/>\n<meta name=\"twitter:label1\" content=\"Gesch\u00e4tzte Lesezeit\" \/>\n\t<meta name=\"twitter:data1\" content=\"2\u00a0Minuten\" \/>\n<script type=\"application\/ld+json\" class=\"yoast-schema-graph\">{\"@context\":\"https:\/\/schema.org\",\"@graph\":[{\"@type\":\"WebPage\",\"@id\":\"https:\/\/xenonkungen.com\/dk\/vare\/relaekabelsaet-3-stk-ekstralys-12v9006\/\",\"url\":\"https:\/\/xenonkungen.com\/dk\/vare\/relaekabelsaet-3-stk-ekstralys-12v9006\/\",\"name\":\"Rel\u00e4kabelsats 3st Extraljus 12V|9006 - Xenonkungen\",\"isPartOf\":{\"@id\":\"https:\/\/xenonkungen.com\/#website\"},\"primaryImageOfPage\":{\"@id\":\"https:\/\/xenonkungen.com\/dk\/vare\/relaekabelsaet-3-stk-ekstralys-12v9006\/#primaryimage\"},\"image\":{\"@id\":\"https:\/\/xenonkungen.com\/dk\/vare\/relaekabelsaet-3-stk-ekstralys-12v9006\/#primaryimage\"},\"thumbnailUrl\":\"https:\/\/xenonkungen.com\/wp-content\/uploads\/2025\/04\/Relakabelsats-Art.nr103107-Relakabelsats-3st-Extraljus-12V-9006-close2000px.png\",\"datePublished\":\"2025-04-15T07:56:42+00:00\",\"dateModified\":\"2026-04-08T06:50:10+00:00\",\"breadcrumb\":{\"@id\":\"https:\/\/xenonkungen.com\/dk\/vare\/relaekabelsaet-3-stk-ekstralys-12v9006\/#breadcrumb\"},\"inLanguage\":\"de\",\"potentialAction\":[{\"@type\":\"ReadAction\",\"target\":[\"https:\/\/xenonkungen.com\/dk\/vare\/relaekabelsaet-3-stk-ekstralys-12v9006\/\"]}]},{\"@type\":\"ImageObject\",\"inLanguage\":\"de\",\"@id\":\"https:\/\/xenonkungen.com\/dk\/vare\/relaekabelsaet-3-stk-ekstralys-12v9006\/#primaryimage\",\"url\":\"https:\/\/xenonkungen.com\/wp-content\/uploads\/2025\/04\/Relakabelsats-Art.nr103107-Relakabelsats-3st-Extraljus-12V-9006-close2000px.png\",\"contentUrl\":\"https:\/\/xenonkungen.com\/wp-content\/uploads\/2025\/04\/Relakabelsats-Art.nr103107-Relakabelsats-3st-Extraljus-12V-9006-close2000px.png\",\"width\":2000,\"height\":1104},{\"@type\":\"BreadcrumbList\",\"@id\":\"https:\/\/xenonkungen.com\/dk\/vare\/relaekabelsaet-3-stk-ekstralys-12v9006\/#breadcrumb\",\"itemListElement\":[{\"@type\":\"ListItem\",\"position\":1,\"name\":\"Hem\",\"item\":\"https:\/\/xenonkungen.com\/\"},{\"@type\":\"ListItem\",\"position\":2,\"name\":\"Shop\",\"item\":\"https:\/\/xenonkungen.com\/shop\/\"},{\"@type\":\"ListItem\",\"position\":3,\"name\":\"Rel\u00e4kabelsats 3st Extraljus 12V|9006\"}]},{\"@type\":\"WebSite\",\"@id\":\"https:\/\/xenonkungen.com\/#website\",\"url\":\"https:\/\/xenonkungen.com\/\",\"name\":\"Xenonkungen\",\"description\":\"\",\"potentialAction\":[{\"@type\":\"SearchAction\",\"target\":{\"@type\":\"EntryPoint\",\"urlTemplate\":\"https:\/\/xenonkungen.com\/?s={search_term_string}\"},\"query-input\":{\"@type\":\"PropertyValueSpecification\",\"valueRequired\":true,\"valueName\":\"search_term_string\"}}],\"inLanguage\":\"de\"}]}<\/script>\n<!-- \/ Yoast SEO plugin. -->","yoast_head_json":{"title":"Relaiskabelsatz 3-teilig Zusatzscheinwerfer 12V|9006 - Xenonkungen","robots":{"index":"index","follow":"follow","max-snippet":"max-snippet:-1","max-image-preview":"max-image-preview:large","max-video-preview":"max-video-preview:-1"},"canonical":"https:\/\/xenonkungen.com\/de\/produkt\/relaiskabelsatz-3-stuck-zusatzscheinwerfer-12v9006\/","og_locale":"de_DE","og_type":"article","og_title":"Rel\u00e4kabelsats 3st Extraljus 12V|9006 - Xenonkungen","og_description":"Rel\u00e4kabelsats f\u00f6r 3st extraljus\/12V Perfekt rel\u00e4kablage f\u00f6r dig som vill ansluta 3 styck Extraljus eller ledramp. F\u00e4rdigt med snabbkontakt (9006\/HB4)","og_url":"https:\/\/xenonkungen.com\/de\/produkt\/relaiskabelsatz-3-stuck-zusatzscheinwerfer-12v9006\/","og_site_name":"Xenonkungen","article_modified_time":"2026-04-08T06:50:10+00:00","og_image":[{"width":1024,"height":565,"url":"https:\/\/xenonkungen.com\/wp-content\/uploads\/2025\/04\/Relakabelsats-Art.nr103107-Relakabelsats-3st-Extraljus-12V-9006-close2000px-1024x565.png","type":"image\/png"}],"twitter_card":"summary_large_image","twitter_misc":{"Gesch\u00e4tzte Lesezeit":"2\u00a0Minuten"},"schema":{"@context":"https:\/\/schema.org","@graph":[{"@type":"WebPage","@id":"https:\/\/xenonkungen.com\/dk\/vare\/relaekabelsaet-3-stk-ekstralys-12v9006\/","url":"https:\/\/xenonkungen.com\/dk\/vare\/relaekabelsaet-3-stk-ekstralys-12v9006\/","name":"Relaiskabelsatz 3-teilig Zusatzscheinwerfer 12V|9006 - Xenonkungen","isPartOf":{"@id":"https:\/\/xenonkungen.com\/#website"},"primaryImageOfPage":{"@id":"https:\/\/xenonkungen.com\/dk\/vare\/relaekabelsaet-3-stk-ekstralys-12v9006\/#primaryimage"},"image":{"@id":"https:\/\/xenonkungen.com\/dk\/vare\/relaekabelsaet-3-stk-ekstralys-12v9006\/#primaryimage"},"thumbnailUrl":"https:\/\/xenonkungen.com\/wp-content\/uploads\/2025\/04\/Relakabelsats-Art.nr103107-Relakabelsats-3st-Extraljus-12V-9006-close2000px.png","datePublished":"2025-04-15T07:56:42+00:00","dateModified":"2026-04-08T06:50:10+00:00","breadcrumb":{"@id":"https:\/\/xenonkungen.com\/dk\/vare\/relaekabelsaet-3-stk-ekstralys-12v9006\/#breadcrumb"},"inLanguage":"de","potentialAction":[{"@type":"ReadAction","target":["https:\/\/xenonkungen.com\/dk\/vare\/relaekabelsaet-3-stk-ekstralys-12v9006\/"]}]},{"@type":"ImageObject","inLanguage":"de","@id":"https:\/\/xenonkungen.com\/dk\/vare\/relaekabelsaet-3-stk-ekstralys-12v9006\/#primaryimage","url":"https:\/\/xenonkungen.com\/wp-content\/uploads\/2025\/04\/Relakabelsats-Art.nr103107-Relakabelsats-3st-Extraljus-12V-9006-close2000px.png","contentUrl":"https:\/\/xenonkungen.com\/wp-content\/uploads\/2025\/04\/Relakabelsats-Art.nr103107-Relakabelsats-3st-Extraljus-12V-9006-close2000px.png","width":2000,"height":1104},{"@type":"BreadcrumbList","@id":"https:\/\/xenonkungen.com\/dk\/vare\/relaekabelsaet-3-stk-ekstralys-12v9006\/#breadcrumb","itemListElement":[{"@type":"ListItem","position":1,"name":"Hem","item":"https:\/\/xenonkungen.com\/"},{"@type":"ListItem","position":2,"name":"Shop","item":"https:\/\/xenonkungen.com\/shop\/"},{"@type":"ListItem","position":3,"name":"Rel\u00e4kabelsats 3st Extraljus 12V|9006"}]},{"@type":"WebSite","@id":"https:\/\/xenonkungen.com\/#website","url":"https:\/\/xenonkungen.com\/","name":"Xenonkungen","description":"","potentialAction":[{"@type":"SearchAction","target":{"@type":"EntryPoint","urlTemplate":"https:\/\/xenonkungen.com\/?s={search_term_string}"},"query-input":{"@type":"PropertyValueSpecification","valueRequired":true,"valueName":"search_term_string"}}],"inLanguage":"de"}]}},"taxonomy_info":{"product_brand":[{"value":117,"label":"Xenonkungen"}],"product_cat":[{"value":2841,"label":"Installation extraljus"},{"value":2828,"label":"Installation LED-ramper"},{"value":2795,"label":"Kablar och Rel\u00e4"},{"value":2796,"label":"Rel\u00e4kabelsatser"},{"value":2488,"label":"Rel\u00e4sats"},{"value":2491,"label":"Rel\u00e4sats"},{"value":2489,"label":"Rel\u00e4satser"},{"value":2490,"label":"Rel\u00e4satser"},{"value":390,"label":"Installation"}],"pa_lampsockel-kontakt":[{"value":328,"label":"HB4 , 9006"}],"pa_volt-v":[{"value":159,"label":"12"}]},"featured_image_src_large":["https:\/\/xenonkungen.com\/wp-content\/uploads\/2025\/04\/Relakabelsats-Art.nr103107-Relakabelsats-3st-Extraljus-12V-9006-close2000px-1024x565.png",1024,565,true],"author_info":[],"comment_info":3,"_links":{"self":[{"href":"https:\/\/xenonkungen.com\/de\/wp-json\/wp\/v2\/product\/997","targetHints":{"allow":["GET"]}}],"collection":[{"href":"https:\/\/xenonkungen.com\/de\/wp-json\/wp\/v2\/product"}],"about":[{"href":"https:\/\/xenonkungen.com\/de\/wp-json\/wp\/v2\/types\/product"}],"replies":[{"embeddable":true,"href":"https:\/\/xenonkungen.com\/de\/wp-json\/wp\/v2\/comments?post=997"}],"wp:featuredmedia":[{"embeddable":true,"href":"https:\/\/xenonkungen.com\/de\/wp-json\/wp\/v2\/media\/25292"}],"wp:attachment":[{"href":"https:\/\/xenonkungen.com\/de\/wp-json\/wp\/v2\/media?parent=997"}],"wp:term":[{"taxonomy":"anvandningsomrade","embeddable":true,"href":"https:\/\/xenonkungen.com\/de\/wp-json\/wp\/v2\/anvandningsomrade?post=997"},{"taxonomy":"bilmarken","embeddable":true,"href":"https:\/\/xenonkungen.com\/de\/wp-json\/wp\/v2\/bilmarken?post=997"},{"taxonomy":"product_brand","embeddable":true,"href":"https:\/\/xenonkungen.com\/de\/wp-json\/wp\/v2\/product_brand?post=997"},{"taxonomy":"product_cat","embeddable":true,"href":"https:\/\/xenonkungen.com\/de\/wp-json\/wp\/v2\/product_cat?post=997"},{"taxonomy":"product_tag","embeddable":true,"href":"https:\/\/xenonkungen.com\/de\/wp-json\/wp\/v2\/product_tag?post=997"}],"curies":[{"name":"wp","href":"https:\/\/api.w.org\/{rel}","templated":true}]}}