{"id":26325,"date":"2026-02-19T12:28:59","date_gmt":"2026-02-19T11:28:59","guid":{"rendered":"https:\/\/xenonkungen.com\/?page_id=26325"},"modified":"2026-02-19T12:29:00","modified_gmt":"2026-02-19T11:29:00","slug":"returnering-og-ombytning","status":"publish","type":"page","link":"https:\/\/xenonkungen.com\/dk\/returnering-og-ombytning\/","title":{"rendered":"Returnering og ombytning"},"content":{"rendered":"<style>\n.xk-retur { max-width: 960px; margin: 0 auto; padding: 0 20px 60px; font-family: inherit; color: #222; }\n.xk-retur-hero { text-align: center; padding: 40px 0 10px; }\n.xk-retur-hero h1 { font-size: 2.4em; font-weight: 800; text-transform: uppercase; letter-spacing: 1px; margin: 0 0 6px; color: #111; }\n.xk-retur-hero .xk-accent-line { width: 60px; height: 4px; background: #FF5E00; margin: 0 auto 20px; border-radius: 2px; }\n.xk-retur-intro { max-width: 720px; margin: 0 auto 10px; text-align: center; }\n.xk-retur-intro p { font-size: 1.05em; line-height: 1.75; color: #444; }\n.xk-retur-intro a { color: #FF5E00; text-decoration: none; font-weight: 600; }\n.xk-retur-intro a:hover { text-decoration: underline; }\n.xk-steps { display: flex; justify-content: center; gap: 28px; margin: 50px 0; flex-wrap: wrap; }\n.xk-step-card { flex: 1; min-width: 240px; max-width: 300px; text-align: center; padding: 36px 24px 32px; background: #fafafa; border-radius: 14px; transition: transform 0.25s, box-shadow 0.25s; }\n.xk-step-card:hover { transform: translateY(-5px); box-shadow: 0 10px 30px rgba(0,0,0,0.08); }\n.xk-step-icon { width: 80px; height: 80px; margin: 0 auto 18px; }\n.xk-step-icon svg { width: 100%; height: 100%; }\n.xk-step-card h3 { font-size: 1em; font-weight: 700; text-transform: uppercase; letter-spacing: 0.5px; margin: 0 0 10px; color: #111; }\n.xk-step-card p { font-size: 0.9em; color: #555; line-height: 1.6; margin: 0; }\n.xk-step-card .xk-obs { color: #FF5E00; font-weight: 700; font-size: 0.88em; margin-top: 10px; }\n.xk-step-card .xk-sub { font-size: 0.82em; color: #777; margin-top: 10px; }\n.xk-btn { display: inline-block; background: #FF5E00; color: #fff !important; padding: 14px 36px; border-radius: 6px; text-decoration: none !important; font-weight: 700; font-size: 0.95em; letter-spacing: 0.3px; cursor: pointer; border: none; transition: background 0.2s, transform 0.15s; margin-top: 14px; }\n.xk-btn:hover { background: #e65400; transform: translateY(-1px); }\n.xk-section { background: #f5f5f5; border-radius: 14px; padding: 36px 40px; margin: 40px 0; }\n.xk-section h2 { font-size: 1.35em; font-weight: 700; margin: 0 0 14px; color: #111; text-transform: uppercase; letter-spacing: 0.5px; }\n.xk-section p { margin: 0 0 10px; color: #444; line-height: 1.7; }\n.xk-pay-list { list-style: none; padding: 0; margin: 14px 0 0; }\n.xk-pay-list li { padding: 12px 0; border-bottom: 1px solid #e0e0e0; color: #444; line-height: 1.6; }\n.xk-pay-list li:last-child { border-bottom: none; }\n.xk-pay-list li strong { color: #222; }\n.xk-faq { margin: 40px 0 0; }\n.xk-faq h2 { font-size: 1.35em; font-weight: 700; margin: 0 0 20px; color: #111; text-align: center; text-transform: uppercase; letter-spacing: 0.5px; }\n.xk-faq-item { border-bottom: 1px solid #e8e8e8; }\n.xk-faq-item:first-child { border-top: 1px solid #e8e8e8; }\n.xk-faq-q { display: flex; justify-content: space-between; align-items: center; padding: 18px 0; cursor: pointer; font-weight: 600; color: #222; font-size: 1em; }\n.xk-faq-q:hover { color: #FF5E00; }\n.xk-faq-q::after { content: '+'; font-size: 1.4em; font-weight: 300; color: #999; transition: transform 0.2s; }\n.xk-faq-item.active .xk-faq-q::after { content: '\\2212'; color: #FF5E00; }\n.xk-faq-a { max-height: 0; overflow: hidden; transition: max-height 0.3s ease, padding 0.3s ease; }\n.xk-faq-item.active .xk-faq-a { max-height: 300px; padding-bottom: 18px; }\n.xk-faq-a p { color: #555; line-height: 1.7; margin: 0; font-size: 0.95em; }\n@media (max-width: 768px) {\n  .xk-retur-hero h1 { font-size: 1.8em; }\n  .xk-steps { gap: 16px; }\n  .xk-step-card { min-width: 100%; padding: 28px 20px 24px; }\n  .xk-section { padding: 28px 24px; }\n}\n<\/style>\n\n<div class=\"xk-retur\">\n  <div class=\"xk-retur-hero\">\n    <h1>Returnering og ombytning<\/h1>\n    <div class=\"xk-accent-line\"><\/div>\n  <\/div>\n\n  <div class=\"xk-retur-intro\">\n    <p>Vil du returnere eller ombytte varen? Intet problem. Alt du skal g\u00f8re er at f\u00f8lge nedenst\u00e5ende trin. Du har 30 dage fra leveringsdatoen til at registrere din returnering. Returneringsomkostningerne er 99 SEK. I tilf\u00e6lde af reklamation, ombytning, virksomheds- eller fastkundeservice d\u00e6kker vi naturligvis fragten. Hvis du har sp\u00f8rgsm\u00e5l eller bekymringer, bedes du kontakte os. <a href=\"\/kontakt\/\">kontakt os<\/a>.<\/p>\n    <p><a href=\"\/kopvillkor\/\">L\u00e6s mere om vores fulde vilk\u00e5r og betingelser<\/a><\/p>\n  <\/div>\n\n  <div class=\"xk-steps\">\n    <div class=\"xk-step-card\">\n      <div class=\"xk-step-icon\">\n        <svg viewbox=\"0 0 100 100\" fill=\"none\" xmlns=\"http:\/\/www.w3.org\/2000\/svg\">\n          <rect x=\"15\" y=\"10\" width=\"70\" height=\"55\" rx=\"6\" stroke=\"#222\" stroke-width=\"4\" fill=\"none\"\/>\n          <rect x=\"40\" y=\"65\" width=\"20\" height=\"8\" rx=\"2\" fill=\"#222\"\/>\n          <rect x=\"30\" y=\"73\" width=\"40\" height=\"4\" rx=\"2\" fill=\"#222\"\/>\n          <path d=\"M38 35 L46 43 L62 27\" stroke=\"#FF5E00\" stroke-width=\"5\" stroke-linecap=\"round\" stroke-linejoin=\"round\"\/>\n        <\/svg>\n      <\/div>\n      <h3>1. Registrer retur<\/h3>\n      <p>Start din returnering eller ombytning nemt via vores digitale returportal.<\/p>\n            <a class=\"xk-btn\" href=\"javascript:void(0);\" onclick=\"openReturnportal('https:\/\/return.shipmondo.com\/xenonkungen')\">Registrer retur<\/a>\n      <div class=\"xk-sub\">Udfyld hvilke produkter du \u00f8nsker at returnere, og \u00e5rsagen til returneringen.<\/div>\n    <\/div>\n\n    <div class=\"xk-step-card\">\n      <div class=\"xk-step-icon\">\n        <svg viewbox=\"0 0 100 100\" fill=\"none\" xmlns=\"http:\/\/www.w3.org\/2000\/svg\">\n          <path d=\"M20 40 L50 25 L80 40 L80 75 L50 90 L20 75 Z\" stroke=\"#222\" stroke-width=\"4\" fill=\"none\"\/>\n          <path d=\"M50 25 L50 90\" stroke=\"#222\" stroke-width=\"3\"\/>\n          <path d=\"M20 40 L50 55 L80 40\" stroke=\"#222\" stroke-width=\"3\"\/>\n          <path d=\"M50 8 L50 30\" stroke=\"#FF5E00\" stroke-width=\"4\" stroke-linecap=\"round\"\/>\n          <path d=\"M42 22 L50 30 L58 22\" stroke=\"#FF5E00\" stroke-width=\"4\" stroke-linecap=\"round\" stroke-linejoin=\"round\"\/>\n        <\/svg>\n      <\/div>\n      <h3>2. Pak varerne<\/h3>\n      <p>Placer de varer, du har markeret til returnering eller ombytning, i pakken. S\u00e6t den forudbetalte returlabel, som portalen genererer, oven p\u00e5 den originale forsendelseslabel.<\/p>\n    <\/div>\n\n    <div class=\"xk-step-card\">\n      <div class=\"xk-step-icon\">\n        <svg viewbox=\"0 0 100 100\" fill=\"none\" xmlns=\"http:\/\/www.w3.org\/2000\/svg\">\n          <path d=\"M20 85 L20 45 L50 25 L80 45 L80 85 Z\" stroke=\"#222\" stroke-width=\"4\" fill=\"none\"\/>\n          <rect x=\"38\" y=\"58\" width=\"24\" height=\"27\" rx=\"2\" stroke=\"#222\" stroke-width=\"3\" fill=\"none\"\/>\n          <path d=\"M15 48 L50 20 L85 48\" stroke=\"#222\" stroke-width=\"4\" stroke-linecap=\"round\" stroke-linejoin=\"round\"\/>\n          <path d=\"M50 8 L50 20\" stroke=\"#FF5E00\" stroke-width=\"4\" stroke-linecap=\"round\"\/>\n          <path d=\"M44 12 L50 5 L56 12\" stroke=\"#FF5E00\" stroke-width=\"3.5\" stroke-linecap=\"round\" stroke-linejoin=\"round\"\/>\n        <\/svg>\n      <\/div>\n      <h3>3. Aflever din pakke<\/h3>\n      <p>Aflever din returnering p\u00e5 det n\u00e6rmeste posthus eller afhentningssted. Gem kvitteringen, indtil returneringen er bekr\u00e6ftet.<\/p>\n    <\/div>\n  <\/div>\n\n  <div class=\"xk-section\">\n    <h2>Tilbagebetale<\/h2>\n    <p>Vi starter refunderingsprocessen, s\u00e5 snart vi har modtaget og inspiceret din pakke. Returforsendelsesgebyret p\u00e5 99 SEK vil blive fratrukket refunderingsbel\u00f8bet (g\u00e6lder ikke reklamationer, ombytninger, virksomheds- eller faste kunder).<\/p>\n  <\/div>\n\n  <div class=\"xk-faq\">\n    <h2>Ofte stillede sp\u00f8rgsm\u00e5l om returnering<\/h2>\n    <div class=\"xk-faq-item\">\n      <div class=\"xk-faq-q\" onclick=\"this.parentElement.classList.toggle('active')\">Hvor meget koster en returnering?<\/div>\n      <div class=\"xk-faq-a\"><p>Returneringsomkostningerne er SEK 99, som fratr\u00e6kkes din refusion. I tilf\u00e6lde af en reklamation, ombytning, eller hvis du er virksomheds- eller fast kunde, er vi ansvarlige for returforsendelsen.<\/p><\/div>\n    <\/div>\n    <div class=\"xk-faq-item\">\n      <div class=\"xk-faq-q\" onclick=\"this.parentElement.classList.toggle('active')\">Hvad er tilladt at returnere?<\/div>\n      <div class=\"xk-faq-a\"><p>Produktet kan returneres, hvis det er i ny stand. Det vil sige ubrugt, i u\u00e5bnet originalemballage og med alt tilbeh\u00f8r. Hvis du har k\u00f8bt et produkt, der ikke passer, bedes du kontakte vores kundeservice, som vil guide dig videre.<\/p><\/div>\n    <\/div>\n    <div class=\"xk-faq-item\">\n      <div class=\"xk-faq-q\" onclick=\"this.parentElement.classList.toggle('active')\">Hvad m\u00e5 ikke returneres?<\/div>\n      <div class=\"xk-faq-a\"><p>Produkter, der er blevet samlet, brugt, eller hvor emballagen er brudt\/beskadiget, kan ikke returneres. Vi accepterer heller ikke returnering af produkter, der er specialbestilt eller fremstillet efter kundens specifikationer.<\/p><\/div>\n    <\/div>\n    <div class=\"xk-faq-item\">\n      <div class=\"xk-faq-q\" onclick=\"this.parentElement.classList.toggle('active')\">Hvor lang tid har jeg til at returnere?<\/div>\n      <div class=\"xk-faq-a\"><p>Du har 30 dage til at registrere din returnering, startende fra den dato, du modtog din levering.<\/p><\/div>\n    <\/div>\n  <\/div>\n<\/div>\n\n<script src=\"https:\/\/plugins.shipmondo.com\/returnportal.js\"><\/script>","protected":false},"excerpt":{"rendered":"<p>Retur &amp; Byten Vill du g\u00f6ra en retur alternativt ett byte? Det \u00e4r inga problem. Det du beh\u00f6ver g\u00f6ra \u00e4r att f\u00f6lja de olika steg som du finner l\u00e4ngre ned. Du har 30 dagar p\u00e5 dig fr\u00e5n och med mottagen leverans att registrera din retur. Returkostnaden \u00e4r 99 kr. Vid reklamation, byte, f\u00f6retags- eller stamkund [&hellip;]<\/p>","protected":false},"author":7509,"featured_media":0,"parent":0,"menu_order":0,"comment_status":"closed","ping_status":"closed","template":"","meta":{"_acf_changed":false,"_smort_price_nok":"","_smort_price_dkk":"","_smort_price_eur":"","_smort_sale_price_nok":"","_smort_sale_price_dkk":"","_smort_sale_price_eur":"","smort_restorder":"","shipmondo_restorder":"","_kad_blocks_custom_css":"","_kad_blocks_head_custom_js":"","_kad_blocks_body_custom_js":"","_kad_blocks_footer_custom_js":"","footnotes":""},"class_list":["post-26325","page","type-page","status-publish","hentry"],"acf":[],"yoast_head":"<!-- This site is optimized with the Yoast SEO plugin v27.0 - https:\/\/yoast.com\/product\/yoast-seo-wordpress\/ -->\n<title>Retur och Byten - Xenonkungen<\/title>\n<meta name=\"robots\" content=\"index, follow, max-snippet:-1, max-image-preview:large, max-video-preview:-1\" \/>\n<link rel=\"canonical\" href=\"https:\/\/xenonkungen.com\/dk\/returnering-og-ombytning\/\" \/>\n<meta property=\"og:locale\" content=\"da_DK\" \/>\n<meta property=\"og:type\" content=\"article\" \/>\n<meta property=\"og:title\" content=\"Retur och Byten - Xenonkungen\" \/>\n<meta property=\"og:description\" content=\"Retur &amp; Byten Vill du g\u00f6ra en retur alternativt ett byte? Det \u00e4r inga problem. Det du beh\u00f6ver g\u00f6ra \u00e4r att f\u00f6lja de olika steg som du finner l\u00e4ngre ned. Du har 30 dagar p\u00e5 dig fr\u00e5n och med mottagen leverans att registrera din retur. Returkostnaden \u00e4r 99 kr. Vid reklamation, byte, f\u00f6retags- eller stamkund [&hellip;]\" \/>\n<meta property=\"og:url\" content=\"https:\/\/xenonkungen.com\/dk\/returnering-og-ombytning\/\" \/>\n<meta property=\"og:site_name\" content=\"Xenonkungen\" \/>\n<meta property=\"article:modified_time\" content=\"2026-02-19T11:29:00+00:00\" \/>\n<meta name=\"twitter:card\" content=\"summary_large_image\" \/>\n<meta name=\"twitter:label1\" content=\"Estimeret l\u00e6setid\" \/>\n\t<meta name=\"twitter:data1\" content=\"2 minutter\" \/>\n<script type=\"application\/ld+json\" class=\"yoast-schema-graph\">{\"@context\":\"https:\/\/schema.org\",\"@graph\":[{\"@type\":\"WebPage\",\"@id\":\"https:\/\/xenonkungen.com\/retur-och-byten\/\",\"url\":\"https:\/\/xenonkungen.com\/retur-och-byten\/\",\"name\":\"Retur och Byten - Xenonkungen\",\"isPartOf\":{\"@id\":\"https:\/\/xenonkungen.com\/#website\"},\"datePublished\":\"2026-02-19T11:28:59+00:00\",\"dateModified\":\"2026-02-19T11:29:00+00:00\",\"breadcrumb\":{\"@id\":\"https:\/\/xenonkungen.com\/retur-och-byten\/#breadcrumb\"},\"inLanguage\":\"da-DK\",\"potentialAction\":[{\"@type\":\"ReadAction\",\"target\":[\"https:\/\/xenonkungen.com\/retur-och-byten\/\"]}]},{\"@type\":\"BreadcrumbList\",\"@id\":\"https:\/\/xenonkungen.com\/retur-och-byten\/#breadcrumb\",\"itemListElement\":[{\"@type\":\"ListItem\",\"position\":1,\"name\":\"Hem\",\"item\":\"https:\/\/xenonkungen.com\/\"},{\"@type\":\"ListItem\",\"position\":2,\"name\":\"Retur och Byten\"}]},{\"@type\":\"WebSite\",\"@id\":\"https:\/\/xenonkungen.com\/#website\",\"url\":\"https:\/\/xenonkungen.com\/\",\"name\":\"Xenonkungen\",\"description\":\"\",\"potentialAction\":[{\"@type\":\"SearchAction\",\"target\":{\"@type\":\"EntryPoint\",\"urlTemplate\":\"https:\/\/xenonkungen.com\/?s={search_term_string}\"},\"query-input\":{\"@type\":\"PropertyValueSpecification\",\"valueRequired\":true,\"valueName\":\"search_term_string\"}}],\"inLanguage\":\"da-DK\"}]}<\/script>\n<!-- \/ Yoast SEO plugin. -->","yoast_head_json":{"title":"Returnering og ombytning - Xenonkungen","robots":{"index":"index","follow":"follow","max-snippet":"max-snippet:-1","max-image-preview":"max-image-preview:large","max-video-preview":"max-video-preview:-1"},"canonical":"https:\/\/xenonkungen.com\/dk\/returnering-og-ombytning\/","og_locale":"da_DK","og_type":"article","og_title":"Retur och Byten - Xenonkungen","og_description":"Retur &amp; Byten Vill du g\u00f6ra en retur alternativt ett byte? Det \u00e4r inga problem. Det du beh\u00f6ver g\u00f6ra \u00e4r att f\u00f6lja de olika steg som du finner l\u00e4ngre ned. Du har 30 dagar p\u00e5 dig fr\u00e5n och med mottagen leverans att registrera din retur. Returkostnaden \u00e4r 99 kr. Vid reklamation, byte, f\u00f6retags- eller stamkund [&hellip;]","og_url":"https:\/\/xenonkungen.com\/dk\/returnering-og-ombytning\/","og_site_name":"Xenonkungen","article_modified_time":"2026-02-19T11:29:00+00:00","twitter_card":"summary_large_image","twitter_misc":{"Estimeret l\u00e6setid":"2 minutter"},"schema":{"@context":"https:\/\/schema.org","@graph":[{"@type":"WebPage","@id":"https:\/\/xenonkungen.com\/retur-och-byten\/","url":"https:\/\/xenonkungen.com\/retur-och-byten\/","name":"Returnering og ombytning - Xenonkungen","isPartOf":{"@id":"https:\/\/xenonkungen.com\/#website"},"datePublished":"2026-02-19T11:28:59+00:00","dateModified":"2026-02-19T11:29:00+00:00","breadcrumb":{"@id":"https:\/\/xenonkungen.com\/retur-och-byten\/#breadcrumb"},"inLanguage":"da-DK","potentialAction":[{"@type":"ReadAction","target":["https:\/\/xenonkungen.com\/retur-och-byten\/"]}]},{"@type":"BreadcrumbList","@id":"https:\/\/xenonkungen.com\/retur-och-byten\/#breadcrumb","itemListElement":[{"@type":"ListItem","position":1,"name":"Hem","item":"https:\/\/xenonkungen.com\/"},{"@type":"ListItem","position":2,"name":"Retur och Byten"}]},{"@type":"WebSite","@id":"https:\/\/xenonkungen.com\/#website","url":"https:\/\/xenonkungen.com\/","name":"Xenonkungen","description":"","potentialAction":[{"@type":"SearchAction","target":{"@type":"EntryPoint","urlTemplate":"https:\/\/xenonkungen.com\/?s={search_term_string}"},"query-input":{"@type":"PropertyValueSpecification","valueRequired":true,"valueName":"search_term_string"}}],"inLanguage":"da-DK"}]}},"taxonomy_info":[],"featured_image_src_large":false,"author_info":{"display_name":"Viktor Lundgren","author_link":"https:\/\/xenonkungen.com\/dk\/author\/viktor-lundgrenhannus-se\/"},"comment_info":0,"_links":{"self":[{"href":"https:\/\/xenonkungen.com\/dk\/wp-json\/wp\/v2\/pages\/26325","targetHints":{"allow":["GET"]}}],"collection":[{"href":"https:\/\/xenonkungen.com\/dk\/wp-json\/wp\/v2\/pages"}],"about":[{"href":"https:\/\/xenonkungen.com\/dk\/wp-json\/wp\/v2\/types\/page"}],"author":[{"embeddable":true,"href":"https:\/\/xenonkungen.com\/dk\/wp-json\/wp\/v2\/users\/7509"}],"replies":[{"embeddable":true,"href":"https:\/\/xenonkungen.com\/dk\/wp-json\/wp\/v2\/comments?post=26325"}],"version-history":[{"count":0,"href":"https:\/\/xenonkungen.com\/dk\/wp-json\/wp\/v2\/pages\/26325\/revisions"}],"wp:attachment":[{"href":"https:\/\/xenonkungen.com\/dk\/wp-json\/wp\/v2\/media?parent=26325"}],"curies":[{"name":"wp","href":"https:\/\/api.w.org\/{rel}","templated":true}]}}