{"id":1020,"date":"2025-04-15T07:57:53","date_gmt":"2025-04-15T07:57:53","guid":{"rendered":"https:\/\/xenonkungen.com\/product\/luxtar-onyx-h7\/"},"modified":"2026-05-13T07:53:04","modified_gmt":"2026-05-13T06:53:04","slug":"luxtar-onyx-h7","status":"publish","type":"product","link":"https:\/\/xenonkungen.com\/dk\/vare\/luxtar-onyx-h7\/","title":{"rendered":"LUXTAR\u00ae Onyx | H7"},"content":{"rendered":"<p>Luxtar Onyx er en meget fleksibel lampe, som g\u00f8r det nemt at skifte fra halogen til LED. Med ny teknologi er st\u00f8rrelsen p\u00e5 lamperne blevet reduceret, samtidig med at man har bevaret en rigtig god effekt og et st\u00e6rkt lys!<\/p>\n<p>Bedst egnet til konvertering af n\u00e6rlys og t\u00e5gelys.<\/p>\n<p>Luxtar Onyx har en lysstr\u00f8m p\u00e5 over 1800 lumen. Det er med til at give et b\u00e5de st\u00e6rkere og klarere lys p\u00e5 vejen takket v\u00e6re det hvide lys fra LED-lampen. Det g\u00f8r det lettere at f\u00e5 \u00f8je p\u00e5 farer tidligere og forhindre en ulykke.<\/p>\n<p>Takket v\u00e6re det smarte design og de avancerede LED-chips, som er udviklet specielt til bilbelysning, f\u00e5r man et rigtig godt lysbillede, hvilket andre lygter p\u00e5 markedet kan have problemer med.<\/p>","protected":false},"excerpt":{"rendered":"<p>\"Med Luxtar Onyx LED-lygter kan du drastisk forbedre din bils belysning og synlighed. Ved at konvertere fra halogen til LED giver denne p\u00e6re dig et klarere lys, der giver bedre udsyn under k\u00f8rslen. Ud over sikkerheden udvider den ogs\u00e5 dit synsfelt. Hvis du vil forbedre din bils belysning, er disse LED-p\u00e6rer det rigtige valg. <\/p>\n<p>H7\" lampefod<\/p>","protected":false},"featured_media":1021,"comment_status":"closed","ping_status":"open","template":"","meta":{"_acf_changed":false,"_smort_price_nok":"266","_smort_price_dkk":"169","_smort_price_eur":"22.64","_smort_sale_price_nok":"","_smort_sale_price_dkk":"","_smort_sale_price_eur":"","smort_restorder":"","shipmondo_restorder":"","_kad_blocks_custom_css":"","_kad_blocks_head_custom_js":"","_kad_blocks_body_custom_js":"","_kad_blocks_footer_custom_js":"","smort_custom_pricelist_1":"159.36","smort_custom_pricelist_2":"139.44","smort_custom_pricelist_3":"132.47","smort_custom_pricelist_4":"199.2","smort_custom_pricelist_5":"139.44"},"anvandningsomrade":[],"bilmarken":[],"product_brand":[103],"product_cat":[3076,2451,2826,733],"product_tag":[],"class_list":{"0":"post-1020","1":"product","2":"type-product","3":"status-publish","4":"has-post-thumbnail","6":"product_brand-luxtar","7":"product_cat-rekommendationer","8":"product_cat-led-konvertering","9":"product_cat-luxtar","10":"product_cat-halvljus-helljus","11":"pa_faktisk-effekts-forbrukning-332","12":"pa_fuktskydd-varde-ipxx-ip67","13":"pa_godkannande-ce-rohs","14":"pa_lampsockel-kontakt-h7","15":"pa_led-chips-effekt-w-331","16":"pa_stromforbrukning-1-4a-12v","17":"pa_volt-v-9-12-18","19":"first","20":"instock","21":"taxable","22":"shipping-taxable","23":"purchasable","24":"product-type-simple"},"bundled_by":[],"bundle_stock_status":"instock","bundle_stock_quantity":72,"bundle_virtual":false,"bundle_layout":"","bundle_add_to_cart_form_location":"","bundle_editable_in_cart":false,"bundle_sold_individually_context":"","bundle_item_grouping":"","bundle_min_size":"","bundle_max_size":"","bundle_price":[],"bundled_items":[],"bundle_sell_ids":[],"acf":[],"yoast_head":"<!-- This site is optimized with the Yoast SEO plugin v27.0 - https:\/\/yoast.com\/product\/yoast-seo-wordpress\/ -->\n<title>LUXTAR\u00ae Onyx | H7 - Xenonkungen<\/title>\n<meta name=\"robots\" content=\"index, follow, max-snippet:-1, max-image-preview:large, max-video-preview:-1\" \/>\n<link rel=\"canonical\" href=\"https:\/\/xenonkungen.com\/dk\/vare\/luxtar-onyx-h7\/\" \/>\n<meta property=\"og:locale\" content=\"da_DK\" \/>\n<meta property=\"og:type\" content=\"article\" \/>\n<meta property=\"og:title\" content=\"LUXTAR\u00ae Onyx | H7 - Xenonkungen\" \/>\n<meta property=\"og:description\" content=\"&quot;Med Luxtar Onyx LED-lampor kan du drastiskt f\u00f6rb\u00e4ttra din bils belysning och synlighet. Genom att konvertera fr\u00e5n halogen till LED ger denna gl\u00f6dlampa dig starkare ljus som ger b\u00e4ttre sikt under k\u00f6rning. F\u00f6rutom s\u00e4kerhet ut\u00f6kar den \u00e4ven ditt synomr\u00e5de. Om du vill f\u00f6rb\u00e4ttra ditt fordons belysningsprestanda \u00e4r dessa ledlampor det r\u00e4tta valet.  Lampsockel H7&quot;\" \/>\n<meta property=\"og:url\" content=\"https:\/\/xenonkungen.com\/dk\/vare\/luxtar-onyx-h7\/\" \/>\n<meta property=\"og:site_name\" content=\"Xenonkungen\" \/>\n<meta property=\"article:modified_time\" content=\"2026-05-13T06:53:04+00:00\" \/>\n<meta property=\"og:image\" content=\"https:\/\/xenonkungen.com\/wp-content\/uploads\/2025\/04\/193240008-origpic-f6faef.png\" \/>\n\t<meta property=\"og:image:width\" content=\"1000\" \/>\n\t<meta property=\"og:image:height\" content=\"992\" \/>\n\t<meta property=\"og:image:type\" content=\"image\/png\" \/>\n<meta name=\"twitter:card\" content=\"summary_large_image\" \/>\n<meta name=\"twitter:label1\" content=\"Estimeret l\u00e6setid\" \/>\n\t<meta name=\"twitter:data1\" content=\"1 minut\" \/>\n<script type=\"application\/ld+json\" class=\"yoast-schema-graph\">{\"@context\":\"https:\/\/schema.org\",\"@graph\":[{\"@type\":\"WebPage\",\"@id\":\"https:\/\/xenonkungen.com\/produkt\/luxtar-onyx-h7\/\",\"url\":\"https:\/\/xenonkungen.com\/produkt\/luxtar-onyx-h7\/\",\"name\":\"LUXTAR\u00ae Onyx | H7 - Xenonkungen\",\"isPartOf\":{\"@id\":\"https:\/\/xenonkungen.com\/#website\"},\"primaryImageOfPage\":{\"@id\":\"https:\/\/xenonkungen.com\/produkt\/luxtar-onyx-h7\/#primaryimage\"},\"image\":{\"@id\":\"https:\/\/xenonkungen.com\/produkt\/luxtar-onyx-h7\/#primaryimage\"},\"thumbnailUrl\":\"https:\/\/xenonkungen.com\/wp-content\/uploads\/2025\/04\/193240008-origpic-f6faef.png\",\"datePublished\":\"2025-04-15T07:57:53+00:00\",\"dateModified\":\"2026-05-13T06:53:04+00:00\",\"breadcrumb\":{\"@id\":\"https:\/\/xenonkungen.com\/produkt\/luxtar-onyx-h7\/#breadcrumb\"},\"inLanguage\":\"da-DK\",\"potentialAction\":[{\"@type\":\"ReadAction\",\"target\":[\"https:\/\/xenonkungen.com\/produkt\/luxtar-onyx-h7\/\"]}]},{\"@type\":\"ImageObject\",\"inLanguage\":\"da-DK\",\"@id\":\"https:\/\/xenonkungen.com\/produkt\/luxtar-onyx-h7\/#primaryimage\",\"url\":\"https:\/\/xenonkungen.com\/wp-content\/uploads\/2025\/04\/193240008-origpic-f6faef.png\",\"contentUrl\":\"https:\/\/xenonkungen.com\/wp-content\/uploads\/2025\/04\/193240008-origpic-f6faef.png\",\"width\":1000,\"height\":992},{\"@type\":\"BreadcrumbList\",\"@id\":\"https:\/\/xenonkungen.com\/produkt\/luxtar-onyx-h7\/#breadcrumb\",\"itemListElement\":[{\"@type\":\"ListItem\",\"position\":1,\"name\":\"Hem\",\"item\":\"https:\/\/xenonkungen.com\/\"},{\"@type\":\"ListItem\",\"position\":2,\"name\":\"Shop\",\"item\":\"https:\/\/xenonkungen.com\/shop\/\"},{\"@type\":\"ListItem\",\"position\":3,\"name\":\"LUXTAR\u00ae Onyx | H7\"}]},{\"@type\":\"WebSite\",\"@id\":\"https:\/\/xenonkungen.com\/#website\",\"url\":\"https:\/\/xenonkungen.com\/\",\"name\":\"Xenonkungen\",\"description\":\"\",\"potentialAction\":[{\"@type\":\"SearchAction\",\"target\":{\"@type\":\"EntryPoint\",\"urlTemplate\":\"https:\/\/xenonkungen.com\/?s={search_term_string}\"},\"query-input\":{\"@type\":\"PropertyValueSpecification\",\"valueRequired\":true,\"valueName\":\"search_term_string\"}}],\"inLanguage\":\"da-DK\"}]}<\/script>\n<!-- \/ Yoast SEO plugin. -->","yoast_head_json":{"title":"LUXTAR\u00ae Onyx | H7 - Xenon-kongen","robots":{"index":"index","follow":"follow","max-snippet":"max-snippet:-1","max-image-preview":"max-image-preview:large","max-video-preview":"max-video-preview:-1"},"canonical":"https:\/\/xenonkungen.com\/dk\/vare\/luxtar-onyx-h7\/","og_locale":"da_DK","og_type":"article","og_title":"LUXTAR\u00ae Onyx | H7 - Xenonkungen","og_description":"\"Med Luxtar Onyx LED-lampor kan du drastiskt f\u00f6rb\u00e4ttra din bils belysning och synlighet. Genom att konvertera fr\u00e5n halogen till LED ger denna gl\u00f6dlampa dig starkare ljus som ger b\u00e4ttre sikt under k\u00f6rning. F\u00f6rutom s\u00e4kerhet ut\u00f6kar den \u00e4ven ditt synomr\u00e5de. Om du vill f\u00f6rb\u00e4ttra ditt fordons belysningsprestanda \u00e4r dessa ledlampor det r\u00e4tta valet.  Lampsockel H7\"","og_url":"https:\/\/xenonkungen.com\/dk\/vare\/luxtar-onyx-h7\/","og_site_name":"Xenonkungen","article_modified_time":"2026-05-13T06:53:04+00:00","og_image":[{"width":1000,"height":992,"url":"https:\/\/xenonkungen.com\/wp-content\/uploads\/2025\/04\/193240008-origpic-f6faef.png","type":"image\/png"}],"twitter_card":"summary_large_image","twitter_misc":{"Estimeret l\u00e6setid":"1 minut"},"schema":{"@context":"https:\/\/schema.org","@graph":[{"@type":"WebPage","@id":"https:\/\/xenonkungen.com\/produkt\/luxtar-onyx-h7\/","url":"https:\/\/xenonkungen.com\/produkt\/luxtar-onyx-h7\/","name":"LUXTAR\u00ae Onyx | H7 - Xenon-kongen","isPartOf":{"@id":"https:\/\/xenonkungen.com\/#website"},"primaryImageOfPage":{"@id":"https:\/\/xenonkungen.com\/produkt\/luxtar-onyx-h7\/#primaryimage"},"image":{"@id":"https:\/\/xenonkungen.com\/produkt\/luxtar-onyx-h7\/#primaryimage"},"thumbnailUrl":"https:\/\/xenonkungen.com\/wp-content\/uploads\/2025\/04\/193240008-origpic-f6faef.png","datePublished":"2025-04-15T07:57:53+00:00","dateModified":"2026-05-13T06:53:04+00:00","breadcrumb":{"@id":"https:\/\/xenonkungen.com\/produkt\/luxtar-onyx-h7\/#breadcrumb"},"inLanguage":"da-DK","potentialAction":[{"@type":"ReadAction","target":["https:\/\/xenonkungen.com\/produkt\/luxtar-onyx-h7\/"]}]},{"@type":"ImageObject","inLanguage":"da-DK","@id":"https:\/\/xenonkungen.com\/produkt\/luxtar-onyx-h7\/#primaryimage","url":"https:\/\/xenonkungen.com\/wp-content\/uploads\/2025\/04\/193240008-origpic-f6faef.png","contentUrl":"https:\/\/xenonkungen.com\/wp-content\/uploads\/2025\/04\/193240008-origpic-f6faef.png","width":1000,"height":992},{"@type":"BreadcrumbList","@id":"https:\/\/xenonkungen.com\/produkt\/luxtar-onyx-h7\/#breadcrumb","itemListElement":[{"@type":"ListItem","position":1,"name":"Hem","item":"https:\/\/xenonkungen.com\/"},{"@type":"ListItem","position":2,"name":"Shop","item":"https:\/\/xenonkungen.com\/shop\/"},{"@type":"ListItem","position":3,"name":"LUXTAR\u00ae Onyx | H7"}]},{"@type":"WebSite","@id":"https:\/\/xenonkungen.com\/#website","url":"https:\/\/xenonkungen.com\/","name":"Xenonkungen","description":"","potentialAction":[{"@type":"SearchAction","target":{"@type":"EntryPoint","urlTemplate":"https:\/\/xenonkungen.com\/?s={search_term_string}"},"query-input":{"@type":"PropertyValueSpecification","valueRequired":true,"valueName":"search_term_string"}}],"inLanguage":"da-DK"}]}},"taxonomy_info":{"product_brand":[{"value":103,"label":"LUXTAR"}],"product_cat":[{"value":3076,"label":"Rekommendationer"},{"value":2451,"label":"Led-konvertering"},{"value":2826,"label":"LUXTAR"},{"value":733,"label":"Halvljus \/ Helljus"}],"pa_faktisk-effekts-forbrukning":[{"value":332,"label":"17"}],"pa_fuktskydd-varde-ipxx":[{"value":333,"label":"IP67"}],"pa_godkannande":[{"value":337,"label":"CE, RoHS"}],"pa_lampsockel-kontakt":[{"value":206,"label":"H7"}],"pa_led-chips-effekt-w":[{"value":331,"label":"36"}],"pa_stromforbrukning":[{"value":335,"label":"1.4A @12V"}],"pa_volt-v":[{"value":334,"label":"9, 12, 18,"}]},"featured_image_src_large":["https:\/\/xenonkungen.com\/wp-content\/uploads\/2025\/04\/193240008-origpic-f6faef.png",1000,992,false],"author_info":[],"comment_info":2,"_links":{"self":[{"href":"https:\/\/xenonkungen.com\/dk\/wp-json\/wp\/v2\/product\/1020","targetHints":{"allow":["GET"]}}],"collection":[{"href":"https:\/\/xenonkungen.com\/dk\/wp-json\/wp\/v2\/product"}],"about":[{"href":"https:\/\/xenonkungen.com\/dk\/wp-json\/wp\/v2\/types\/product"}],"replies":[{"embeddable":true,"href":"https:\/\/xenonkungen.com\/dk\/wp-json\/wp\/v2\/comments?post=1020"}],"wp:featuredmedia":[{"embeddable":true,"href":"https:\/\/xenonkungen.com\/dk\/wp-json\/wp\/v2\/media\/1021"}],"wp:attachment":[{"href":"https:\/\/xenonkungen.com\/dk\/wp-json\/wp\/v2\/media?parent=1020"}],"wp:term":[{"taxonomy":"anvandningsomrade","embeddable":true,"href":"https:\/\/xenonkungen.com\/dk\/wp-json\/wp\/v2\/anvandningsomrade?post=1020"},{"taxonomy":"bilmarken","embeddable":true,"href":"https:\/\/xenonkungen.com\/dk\/wp-json\/wp\/v2\/bilmarken?post=1020"},{"taxonomy":"product_brand","embeddable":true,"href":"https:\/\/xenonkungen.com\/dk\/wp-json\/wp\/v2\/product_brand?post=1020"},{"taxonomy":"product_cat","embeddable":true,"href":"https:\/\/xenonkungen.com\/dk\/wp-json\/wp\/v2\/product_cat?post=1020"},{"taxonomy":"product_tag","embeddable":true,"href":"https:\/\/xenonkungen.com\/dk\/wp-json\/wp\/v2\/product_tag?post=1020"}],"curies":[{"name":"wp","href":"https:\/\/api.w.org\/{rel}","templated":true}]}}