{"id":10305,"date":"2025-08-25T13:30:54","date_gmt":"2025-08-25T13:30:54","guid":{"rendered":"https:\/\/xenonkungen.com\/?post_type=product&#038;p=10305"},"modified":"2026-04-11T00:04:58","modified_gmt":"2026-04-10T23:04:58","slug":"lazer-utility-50-arbejdslampe","status":"publish","type":"product","link":"https:\/\/xenonkungen.com\/dk\/vare\/lazer-utility-50-arbejdslampe\/","title":{"rendered":"Lazer Utility-50 | Arbejdslys"},"content":{"rendered":"<h2 data-start=\"211\" data-end=\"268\"><strong data-start=\"214\" data-end=\"266\">Lazer Utility-50 - Arbejdsbelysning p\u00e5 professionelt niveau<\/strong><\/h2>\n<p data-start=\"269\" data-end=\"635\">Oplev kraften i n\u00e6ste generations LED-arbejdsbelysning med <strong data-start=\"328\" data-end=\"348\">Lazer Utility-50<\/strong> - udviklet til at levere maksimal ydeevne, holdbarhed og synlighed i de mest kr\u00e6vende arbejdsmilj\u00f8er. Med avanceret teknologi, kompakt design og smart ekstraudstyr er Utility-50 det perfekte valg for professionelle brugere inden for transport, byggeri, redningstjenester og industri.<\/p>\n<hr data-start=\"637\" data-end=\"640\" \/>\n<h3 data-start=\"642\" data-end=\"702\"><strong data-start=\"646\" data-end=\"700\">Kraftfuld og effektiv - n\u00e5r lyset skal levere<\/strong><\/h3>\n<p data-start=\"703\" data-end=\"1010\">Utility-50 er udstyret med et h\u00f8jtydende LED-system, der giver op til <strong data-start=\"777\" data-end=\"791\">5000 lumen<\/strong> - et kraftigt og bredt lysudbytte, der oplyser arbejdsomr\u00e5det med pr\u00e6cision. Den <strong data-start=\"876\" data-end=\"909\">klar dagslysfarve (5000 K)<\/strong> og h\u00f8j farvegengivelse g\u00f8r det nemt at se detaljer, selv under lange vagter i m\u00f8rke.<\/p>\n<p data-start=\"1012\" data-end=\"1294\">Lazers egenskab <strong data-start=\"1034\" data-end=\"1058\">CEA Matrix-k\u00f8lesystem<\/strong> giver optimal varmeafledning, maksimerer lampens levetid og opretholder en konstant lysydelse over tid. Designet er ogs\u00e5 let og kompakt - kun 650 gram - hvilket g\u00f8r lampen nem at installere, selv p\u00e5 trange steder.<\/p>\n<hr data-start=\"1296\" data-end=\"1299\" \/>\n<h3 data-start=\"1301\" data-end=\"1326\"><strong data-start=\"1305\" data-end=\"1326\">Vigtige funktioner:<\/strong><\/h3>\n<ul data-start=\"1328\" data-end=\"1551\">\n<li data-start=\"1328\" data-end=\"1353\">\n<p data-start=\"1330\" data-end=\"1353\">5000 lumen lysstyrke<\/p>\n<\/li>\n<li data-start=\"1354\" data-end=\"1378\">\n<p data-start=\"1356\" data-end=\"1378\">Effekt: 50 W \/ 3,6 A<\/p>\n<\/li>\n<li data-start=\"1379\" data-end=\"1406\">\n<p data-start=\"1381\" data-end=\"1406\">Sp\u00e6ndingsomr\u00e5de: 9-32 V<\/p>\n<\/li>\n<li data-start=\"1407\" data-end=\"1450\">\n<p data-start=\"1409\" data-end=\"1450\">Farvetemperatur: 5000 K (klart dagslys)<\/p>\n<\/li>\n<li data-start=\"1451\" data-end=\"1488\">\n<p data-start=\"1453\" data-end=\"1488\">Levetid: op til 50 000 timer<\/p>\n<\/li>\n<li data-start=\"1489\" data-end=\"1511\">\n<p data-start=\"1491\" data-end=\"1511\">V\u00e6gt: kun 650 g<\/p>\n<\/li>\n<li data-start=\"1512\" data-end=\"1551\">\n<p data-start=\"1514\" data-end=\"1551\">ECE-godkendt til vej- og arbejdsbrug<\/p>\n<\/li>\n<\/ul>\n<hr data-start=\"1553\" data-end=\"1556\" \/>\n<h3 data-start=\"1558\" data-end=\"1622\"><strong data-start=\"1562\" data-end=\"1622\">Smart ekstraudstyr - for \u00f8get sikkerhed og synlighed<\/strong><\/h3>\n<p data-start=\"1624\" data-end=\"1840\"><strong data-start=\"1624\" data-end=\"1653\">R\u00f8d baglygte (ekstraudstyr):<\/strong><br data-start=\"1653\" data-end=\"1656\" \/>Ideel til montering bag p\u00e5 k\u00f8ret\u00f8jet. De integrerede r\u00f8de konturlys skaber et unikt og synligt udseende, samtidig med at de \u00f8ger sikkerheden - godkendt af <strong data-start=\"1819\" data-end=\"1839\">UNECE Reg 148-R1<\/strong>.<\/p>\n<p data-start=\"1842\" data-end=\"2091\"><strong data-start=\"1842\" data-end=\"1878\">Blinkende gult lys (valgfrit):<\/strong><br data-start=\"1878\" data-end=\"1881\" \/>Designet til at advare og blive set i farlige milj\u00f8er, f.eks. ved vejarbejde eller i n\u00f8dsituationer. Blinkfunktionen er godkendt i henhold til <strong data-start=\"2011\" data-end=\"2027\">UNECE Reg 65<\/strong> og kan kombineres med en r\u00f8d baglygte for maksimal funktionalitet.<\/p>\n<hr data-start=\"2093\" data-end=\"2096\" \/>\n<h3 data-start=\"2098\" data-end=\"2144\"><strong data-start=\"2102\" data-end=\"2144\">Leveres komplet - klar til at blive samlet<\/strong><\/h3>\n<p>Hver Utility-50 leveres med:<br data-start=\"2176\" data-end=\"2179\" \/>- LED-p\u00e6re<br data-start=\"2191\" data-end=\"2194\" \/>- Satin sort, monteringsbeslag i rustfrit st\u00e5l<br data-start=\"2234\" data-end=\"2237\" \/>- Monteringsbolte (faste eller l\u00f8se M10, afh\u00e6ngigt af valg)<br data-start=\"2296\" data-end=\"2299\" \/>- Deutsch-stik (hun\/han afh\u00e6ngig af model)<br data-start=\"2350\" data-end=\"2353\" \/>- Tydelig installationsvejledning<\/p>\n<hr data-start=\"2387\" data-end=\"2390\" \/>\n<p data-start=\"2392\" data-end=\"2594\"><strong data-start=\"2392\" data-end=\"2541\">Utility-50 fra Lazer er arbejdsbelysning, n\u00e5r den er mest sofistikeret - til dem, der kr\u00e6ver kompromisl\u00f8s ydeevne og p\u00e5lidelighed i alle detaljer.<\/strong><br data-start=\"2541\" data-end=\"2544\" \/>Klar til at m\u00f8de hverdagens udfordringer - dag og nat.<\/p>","protected":false},"excerpt":{"rendered":"<p>Lazer Utility-50 er en kraftig og kompakt LED-arbejdslampe, der er udviklet til at levere p\u00e5lidelig belysning i kr\u00e6vende milj\u00f8er. Med h\u00f8j lysstyrke, smart k\u00f8ling og valgfri sikkerhedsfunktioner er den et oplagt valg for professionelle brugere.<\/p>","protected":false},"featured_media":10311,"comment_status":"open","ping_status":"closed","template":"","meta":{"_acf_changed":false,"_smort_price_nok":"2510","_smort_price_dkk":"1595","_smort_price_eur":"213.63","_smort_sale_price_nok":"","_smort_sale_price_dkk":"","_smort_sale_price_eur":"","smort_restorder":"","shipmondo_restorder":"","_kad_blocks_custom_css":"","_kad_blocks_head_custom_js":"","_kad_blocks_body_custom_js":"","_kad_blocks_footer_custom_js":"","smort_custom_pricelist_1":"1504","smort_custom_pricelist_2":"1504","smort_custom_pricelist_3":"1504","smort_custom_pricelist_4":"1880","smort_custom_pricelist_5":"1504"},"anvandningsomrade":[1281,236,677,166,1301,973],"bilmarken":[],"product_brand":[1124],"product_cat":[508],"product_tag":[2788],"class_list":{"0":"post-10305","1":"product","2":"type-product","3":"status-publish","4":"has-post-thumbnail","6":"anvandningsomrade-arbetsfordon","7":"anvandningsomrade-entreprenad","8":"anvandningsomrade-gravmaskin","9":"anvandningsomrade-lastbil","10":"anvandningsomrade-maskiner","11":"anvandningsomrade-traktorer","12":"product_brand-lazer","13":"product_cat-arbetsbelysning","14":"product_tag-black-week-exclude","16":"first","17":"onbackorder","18":"taxable","19":"shipping-taxable","20":"purchasable","21":"product-type-simple"},"bundled_by":[],"bundle_stock_status":"onbackorder","bundle_stock_quantity":0,"bundle_virtual":false,"bundle_layout":"","bundle_add_to_cart_form_location":"","bundle_editable_in_cart":false,"bundle_sold_individually_context":"","bundle_item_grouping":"","bundle_min_size":"","bundle_max_size":"","bundle_price":[],"bundled_items":[],"bundle_sell_ids":[],"acf":[],"yoast_head":"<!-- This site is optimized with the Yoast SEO plugin v27.0 - https:\/\/yoast.com\/product\/yoast-seo-wordpress\/ -->\n<title>Lazer Utility-50 | Arbetslampa - Xenonkungen<\/title>\n<meta name=\"robots\" content=\"index, follow, max-snippet:-1, max-image-preview:large, max-video-preview:-1\" \/>\n<link rel=\"canonical\" href=\"https:\/\/xenonkungen.com\/dk\/vare\/lazer-utility-50-arbejdslampe\/\" \/>\n<meta property=\"og:locale\" content=\"da_DK\" \/>\n<meta property=\"og:type\" content=\"article\" \/>\n<meta property=\"og:title\" content=\"Lazer Utility-50 | Arbetslampa - Xenonkungen\" \/>\n<meta property=\"og:description\" content=\"Lazer Utility-50 \u00e4r en kraftfull och kompakt LED-arbetslampa, utvecklad f\u00f6r att leverera p\u00e5litlig belysning i kr\u00e4vande milj\u00f6er. Med h\u00f6g ljusstyrka, smart kylning och valbara s\u00e4kerhetsfunktioner \u00e4r den ett sj\u00e4lvklart val f\u00f6r professionella anv\u00e4ndare.\" \/>\n<meta property=\"og:url\" content=\"https:\/\/xenonkungen.com\/dk\/vare\/lazer-utility-50-arbejdslampe\/\" \/>\n<meta property=\"og:site_name\" content=\"Xenonkungen\" \/>\n<meta property=\"article:modified_time\" content=\"2026-04-10T23:04:58+00:00\" \/>\n<meta property=\"og:image\" content=\"https:\/\/xenonkungen.com\/wp-content\/uploads\/2025\/06\/utility-50_.png\" \/>\n\t<meta property=\"og:image:width\" content=\"1000\" \/>\n\t<meta property=\"og:image:height\" content=\"750\" \/>\n\t<meta property=\"og:image:type\" content=\"image\/png\" \/>\n<meta name=\"twitter:card\" content=\"summary_large_image\" \/>\n<meta name=\"twitter:label1\" content=\"Estimeret l\u00e6setid\" \/>\n\t<meta name=\"twitter:data1\" content=\"2 minutter\" \/>\n<script type=\"application\/ld+json\" class=\"yoast-schema-graph\">{\"@context\":\"https:\/\/schema.org\",\"@graph\":[{\"@type\":\"WebPage\",\"@id\":\"https:\/\/xenonkungen.com\/produkt\/lazer-utility-50-arbetslampa\/\",\"url\":\"https:\/\/xenonkungen.com\/produkt\/lazer-utility-50-arbetslampa\/\",\"name\":\"Lazer Utility-50 | Arbetslampa - Xenonkungen\",\"isPartOf\":{\"@id\":\"https:\/\/xenonkungen.com\/#website\"},\"primaryImageOfPage\":{\"@id\":\"https:\/\/xenonkungen.com\/produkt\/lazer-utility-50-arbetslampa\/#primaryimage\"},\"image\":{\"@id\":\"https:\/\/xenonkungen.com\/produkt\/lazer-utility-50-arbetslampa\/#primaryimage\"},\"thumbnailUrl\":\"https:\/\/xenonkungen.com\/wp-content\/uploads\/2025\/06\/utility-50_.png\",\"datePublished\":\"2025-08-25T13:30:54+00:00\",\"dateModified\":\"2026-04-10T23:04:58+00:00\",\"breadcrumb\":{\"@id\":\"https:\/\/xenonkungen.com\/produkt\/lazer-utility-50-arbetslampa\/#breadcrumb\"},\"inLanguage\":\"da-DK\",\"potentialAction\":[{\"@type\":\"ReadAction\",\"target\":[\"https:\/\/xenonkungen.com\/produkt\/lazer-utility-50-arbetslampa\/\"]}]},{\"@type\":\"ImageObject\",\"inLanguage\":\"da-DK\",\"@id\":\"https:\/\/xenonkungen.com\/produkt\/lazer-utility-50-arbetslampa\/#primaryimage\",\"url\":\"https:\/\/xenonkungen.com\/wp-content\/uploads\/2025\/06\/utility-50_.png\",\"contentUrl\":\"https:\/\/xenonkungen.com\/wp-content\/uploads\/2025\/06\/utility-50_.png\",\"width\":1000,\"height\":750},{\"@type\":\"BreadcrumbList\",\"@id\":\"https:\/\/xenonkungen.com\/produkt\/lazer-utility-50-arbetslampa\/#breadcrumb\",\"itemListElement\":[{\"@type\":\"ListItem\",\"position\":1,\"name\":\"Hem\",\"item\":\"https:\/\/xenonkungen.com\/\"},{\"@type\":\"ListItem\",\"position\":2,\"name\":\"Shop\",\"item\":\"https:\/\/xenonkungen.com\/shop\/\"},{\"@type\":\"ListItem\",\"position\":3,\"name\":\"Lazer Utility-50 | Arbetslampa\"}]},{\"@type\":\"WebSite\",\"@id\":\"https:\/\/xenonkungen.com\/#website\",\"url\":\"https:\/\/xenonkungen.com\/\",\"name\":\"Xenonkungen\",\"description\":\"\",\"potentialAction\":[{\"@type\":\"SearchAction\",\"target\":{\"@type\":\"EntryPoint\",\"urlTemplate\":\"https:\/\/xenonkungen.com\/?s={search_term_string}\"},\"query-input\":{\"@type\":\"PropertyValueSpecification\",\"valueRequired\":true,\"valueName\":\"search_term_string\"}}],\"inLanguage\":\"da-DK\"}]}<\/script>\n<!-- \/ Yoast SEO plugin. -->","yoast_head_json":{"title":"Lazer Utility-50 | Arbejdslampe - Xenonkungen","robots":{"index":"index","follow":"follow","max-snippet":"max-snippet:-1","max-image-preview":"max-image-preview:large","max-video-preview":"max-video-preview:-1"},"canonical":"https:\/\/xenonkungen.com\/dk\/vare\/lazer-utility-50-arbejdslampe\/","og_locale":"da_DK","og_type":"article","og_title":"Lazer Utility-50 | Arbetslampa - Xenonkungen","og_description":"Lazer Utility-50 \u00e4r en kraftfull och kompakt LED-arbetslampa, utvecklad f\u00f6r att leverera p\u00e5litlig belysning i kr\u00e4vande milj\u00f6er. Med h\u00f6g ljusstyrka, smart kylning och valbara s\u00e4kerhetsfunktioner \u00e4r den ett sj\u00e4lvklart val f\u00f6r professionella anv\u00e4ndare.","og_url":"https:\/\/xenonkungen.com\/dk\/vare\/lazer-utility-50-arbejdslampe\/","og_site_name":"Xenonkungen","article_modified_time":"2026-04-10T23:04:58+00:00","og_image":[{"width":1000,"height":750,"url":"https:\/\/xenonkungen.com\/wp-content\/uploads\/2025\/06\/utility-50_.png","type":"image\/png"}],"twitter_card":"summary_large_image","twitter_misc":{"Estimeret l\u00e6setid":"2 minutter"},"schema":{"@context":"https:\/\/schema.org","@graph":[{"@type":"WebPage","@id":"https:\/\/xenonkungen.com\/produkt\/lazer-utility-50-arbetslampa\/","url":"https:\/\/xenonkungen.com\/produkt\/lazer-utility-50-arbetslampa\/","name":"Lazer Utility-50 | Arbejdslampe - Xenonkungen","isPartOf":{"@id":"https:\/\/xenonkungen.com\/#website"},"primaryImageOfPage":{"@id":"https:\/\/xenonkungen.com\/produkt\/lazer-utility-50-arbetslampa\/#primaryimage"},"image":{"@id":"https:\/\/xenonkungen.com\/produkt\/lazer-utility-50-arbetslampa\/#primaryimage"},"thumbnailUrl":"https:\/\/xenonkungen.com\/wp-content\/uploads\/2025\/06\/utility-50_.png","datePublished":"2025-08-25T13:30:54+00:00","dateModified":"2026-04-10T23:04:58+00:00","breadcrumb":{"@id":"https:\/\/xenonkungen.com\/produkt\/lazer-utility-50-arbetslampa\/#breadcrumb"},"inLanguage":"da-DK","potentialAction":[{"@type":"ReadAction","target":["https:\/\/xenonkungen.com\/produkt\/lazer-utility-50-arbetslampa\/"]}]},{"@type":"ImageObject","inLanguage":"da-DK","@id":"https:\/\/xenonkungen.com\/produkt\/lazer-utility-50-arbetslampa\/#primaryimage","url":"https:\/\/xenonkungen.com\/wp-content\/uploads\/2025\/06\/utility-50_.png","contentUrl":"https:\/\/xenonkungen.com\/wp-content\/uploads\/2025\/06\/utility-50_.png","width":1000,"height":750},{"@type":"BreadcrumbList","@id":"https:\/\/xenonkungen.com\/produkt\/lazer-utility-50-arbetslampa\/#breadcrumb","itemListElement":[{"@type":"ListItem","position":1,"name":"Hem","item":"https:\/\/xenonkungen.com\/"},{"@type":"ListItem","position":2,"name":"Shop","item":"https:\/\/xenonkungen.com\/shop\/"},{"@type":"ListItem","position":3,"name":"Lazer Utility-50 | Arbetslampa"}]},{"@type":"WebSite","@id":"https:\/\/xenonkungen.com\/#website","url":"https:\/\/xenonkungen.com\/","name":"Xenonkungen","description":"","potentialAction":[{"@type":"SearchAction","target":{"@type":"EntryPoint","urlTemplate":"https:\/\/xenonkungen.com\/?s={search_term_string}"},"query-input":{"@type":"PropertyValueSpecification","valueRequired":true,"valueName":"search_term_string"}}],"inLanguage":"da-DK"}]}},"taxonomy_info":{"anvandningsomrade":[{"value":1281,"label":"Arbetsfordon"},{"value":236,"label":"Entreprenad"},{"value":677,"label":"Gr\u00e4vmaskin"},{"value":166,"label":"Lastbil"},{"value":1301,"label":"maskiner"},{"value":973,"label":"traktorer"}],"product_brand":[{"value":1124,"label":"Lazer"}],"product_cat":[{"value":508,"label":"Arbetsbelysning"}],"product_tag":[{"value":2788,"label":"black-week-exclude"}]},"featured_image_src_large":["https:\/\/xenonkungen.com\/wp-content\/uploads\/2025\/06\/utility-50_.png",1000,750,false],"author_info":[],"comment_info":0,"_links":{"self":[{"href":"https:\/\/xenonkungen.com\/dk\/wp-json\/wp\/v2\/product\/10305","targetHints":{"allow":["GET"]}}],"collection":[{"href":"https:\/\/xenonkungen.com\/dk\/wp-json\/wp\/v2\/product"}],"about":[{"href":"https:\/\/xenonkungen.com\/dk\/wp-json\/wp\/v2\/types\/product"}],"replies":[{"embeddable":true,"href":"https:\/\/xenonkungen.com\/dk\/wp-json\/wp\/v2\/comments?post=10305"}],"wp:featuredmedia":[{"embeddable":true,"href":"https:\/\/xenonkungen.com\/dk\/wp-json\/wp\/v2\/media\/10311"}],"wp:attachment":[{"href":"https:\/\/xenonkungen.com\/dk\/wp-json\/wp\/v2\/media?parent=10305"}],"wp:term":[{"taxonomy":"anvandningsomrade","embeddable":true,"href":"https:\/\/xenonkungen.com\/dk\/wp-json\/wp\/v2\/anvandningsomrade?post=10305"},{"taxonomy":"bilmarken","embeddable":true,"href":"https:\/\/xenonkungen.com\/dk\/wp-json\/wp\/v2\/bilmarken?post=10305"},{"taxonomy":"product_brand","embeddable":true,"href":"https:\/\/xenonkungen.com\/dk\/wp-json\/wp\/v2\/product_brand?post=10305"},{"taxonomy":"product_cat","embeddable":true,"href":"https:\/\/xenonkungen.com\/dk\/wp-json\/wp\/v2\/product_cat?post=10305"},{"taxonomy":"product_tag","embeddable":true,"href":"https:\/\/xenonkungen.com\/dk\/wp-json\/wp\/v2\/product_tag?post=10305"}],"curies":[{"name":"wp","href":"https:\/\/api.w.org\/{rel}","templated":true}]}}