{"id":1041,"date":"2025-04-15T07:57:53","date_gmt":"2025-04-15T07:57:53","guid":{"rendered":"https:\/\/xenonkungen.com\/product\/luxtar-h4-galvatron\/"},"modified":"2026-04-24T16:47:58","modified_gmt":"2026-04-24T15:47:58","slug":"luxtar-h4-galvatron","status":"publish","type":"product","link":"https:\/\/xenonkungen.com\/dk\/vare\/luxtar-h4-galvatron\/","title":{"rendered":"Luxtar H4 Galvatron"},"content":{"rendered":"<p>Oplev Luxtar Galvatron H4 LED-lampen - det nyeste inden for LED-belysning!<br \/>\nLuxtar introducerer stolt den revolutionerende Galvatron H4 LED-lampe med linse, der er skabt med den allernyeste LED-teknologi. Oplev et knivskarpt lysudbytte, der minder om Xenon-lys, men med endnu h\u00f8jere ydeevne.<\/p>\n<p>Hvorfor v\u00e6lge Galvatron H4?<br \/>\nEkstremt lysst\u00e6rk lysstr\u00f8m: Med en kombineret lysstr\u00f8m p\u00e5 hele 9.800 lumen er dette en af de mest lysst\u00e6rke H4-lamper p\u00e5 markedet i dag.<br \/>\nPerfekt lys: Den optimerede br\u00e6ndvidde kombineret med objektivteknologi giver dig et lysbillede, der ikke bare er imponerende - det er perfekt.<br \/>\nCanbus-kompatibel: Takket v\u00e6re et faktisk str\u00f8mforbrug p\u00e5 62W l\u00f8ser lampen canbus-problemer uden besv\u00e6r.<br \/>\nAlsidig brug: Uanset om du k\u00f8rer bil, lastbil, traktor, snescooter eller ATV, f\u00e5r du en f\u00e6nomenal lysoplevelse.<br \/>\nMed Galvatron H4 f\u00e5r du den ultimative kombination af kraft, pr\u00e6cision og holdbarhed. Giv dit k\u00f8ret\u00f8j den belysning, det fortjener - en lampe, der ikke bare leverer, men overg\u00e5r alle forventninger.<\/p>","protected":false},"excerpt":{"rendered":"<p>Luxtar pr\u00e6senterer stolt sin seneste innovation inden for LED-belysning - en ny H4 LED-lampe med linse. Med et knivskarpt lysudbytte, der ligner Xenon-lys, giver denne banebrydende teknologi overlegen ydeevne og en moderne lysoplevelse til alle typer k\u00f8ret\u00f8jer.<\/p>","protected":false},"featured_media":1042,"comment_status":"closed","ping_status":"open","template":"","meta":{"_acf_changed":false,"_smort_price_nok":"1383","_smort_price_dkk":"879","_smort_price_eur":"117.72","_smort_sale_price_nok":"","_smort_sale_price_dkk":"","_smort_sale_price_eur":"","smort_restorder":"","shipmondo_restorder":"","_kad_blocks_custom_css":"","_kad_blocks_head_custom_js":"","_kad_blocks_body_custom_js":"","_kad_blocks_footer_custom_js":"","smort_custom_pricelist_1":"828.8","smort_custom_pricelist_2":"725.2","smort_custom_pricelist_3":"694.12","smort_custom_pricelist_4":"1036","smort_custom_pricelist_5":"725.2"},"anvandningsomrade":[],"bilmarken":[],"product_brand":[103],"product_cat":[2451,2826,733],"product_tag":[],"class_list":{"0":"post-1041","1":"product","2":"type-product","3":"status-publish","4":"has-post-thumbnail","6":"product_brand-luxtar","7":"product_cat-led-konvertering","8":"product_cat-luxtar","9":"product_cat-halvljus-helljus","10":"pa_faktisk-effekts-forbrukning-347","11":"pa_fargtemperatur-6000k","12":"pa_fuktskydd-varde-ipxx-ip67","13":"pa_godkannande-ce-rohs","14":"pa_lampsockel-kontakt-h4","15":"pa_led-chips-effekt-w-346","16":"pa_stromforbrukning-26a-24v","17":"pa_stromforbrukning-45a-137v","18":"pa_volt-v-12-24","20":"first","21":"instock","22":"taxable","23":"shipping-taxable","24":"purchasable","25":"product-type-simple"},"bundled_by":[],"bundle_stock_status":"instock","bundle_stock_quantity":53,"bundle_virtual":false,"bundle_layout":"","bundle_add_to_cart_form_location":"","bundle_editable_in_cart":false,"bundle_sold_individually_context":"","bundle_item_grouping":"","bundle_min_size":"","bundle_max_size":"","bundle_price":[],"bundled_items":[],"bundle_sell_ids":[],"acf":[],"yoast_head":"<!-- This site is optimized with the Yoast SEO plugin v27.0 - https:\/\/yoast.com\/product\/yoast-seo-wordpress\/ -->\n<title>Luxtar H4 Galvatron - Xenonkungen<\/title>\n<meta name=\"robots\" content=\"index, follow, max-snippet:-1, max-image-preview:large, max-video-preview:-1\" \/>\n<link rel=\"canonical\" href=\"https:\/\/xenonkungen.com\/dk\/vare\/luxtar-h4-galvatron\/\" \/>\n<meta property=\"og:locale\" content=\"da_DK\" \/>\n<meta property=\"og:type\" content=\"article\" \/>\n<meta property=\"og:title\" content=\"Luxtar H4 Galvatron - Xenonkungen\" \/>\n<meta property=\"og:description\" content=\"Luxtar presenterar stolt sin senaste innovation inom LED-belysning \u2013 en ny H4 LED-lampa med lins. Med en knivskarp ljusbild som liknar Xenonljus, erbjuder denna banbrytande teknologi \u00f6verl\u00e4gsen prestanda och en modern ljusupplevelse f\u00f6r alla typer av fordon.\" \/>\n<meta property=\"og:url\" content=\"https:\/\/xenonkungen.com\/dk\/vare\/luxtar-h4-galvatron\/\" \/>\n<meta property=\"og:site_name\" content=\"Xenonkungen\" \/>\n<meta property=\"article:modified_time\" content=\"2026-04-24T15:47:58+00:00\" \/>\n<meta property=\"og:image\" content=\"https:\/\/xenonkungen.com\/wp-content\/uploads\/2025\/04\/215758351-origpic-f074ef-scaled.jpg\" \/>\n\t<meta property=\"og:image:width\" content=\"1624\" \/>\n\t<meta property=\"og:image:height\" content=\"2560\" \/>\n\t<meta property=\"og:image:type\" content=\"image\/jpeg\" \/>\n<meta name=\"twitter:card\" content=\"summary_large_image\" \/>\n<meta name=\"twitter:label1\" content=\"Estimeret l\u00e6setid\" \/>\n\t<meta name=\"twitter:data1\" content=\"1 minut\" \/>\n<script type=\"application\/ld+json\" class=\"yoast-schema-graph\">{\"@context\":\"https:\/\/schema.org\",\"@graph\":[{\"@type\":\"WebPage\",\"@id\":\"https:\/\/xenonkungen.com\/produkt\/luxtar-h4-galvatron\/\",\"url\":\"https:\/\/xenonkungen.com\/produkt\/luxtar-h4-galvatron\/\",\"name\":\"Luxtar H4 Galvatron - Xenonkungen\",\"isPartOf\":{\"@id\":\"https:\/\/xenonkungen.com\/#website\"},\"primaryImageOfPage\":{\"@id\":\"https:\/\/xenonkungen.com\/produkt\/luxtar-h4-galvatron\/#primaryimage\"},\"image\":{\"@id\":\"https:\/\/xenonkungen.com\/produkt\/luxtar-h4-galvatron\/#primaryimage\"},\"thumbnailUrl\":\"https:\/\/xenonkungen.com\/wp-content\/uploads\/2025\/04\/215758351-origpic-f074ef-scaled.jpg\",\"datePublished\":\"2025-04-15T07:57:53+00:00\",\"dateModified\":\"2026-04-24T15:47:58+00:00\",\"breadcrumb\":{\"@id\":\"https:\/\/xenonkungen.com\/produkt\/luxtar-h4-galvatron\/#breadcrumb\"},\"inLanguage\":\"da-DK\",\"potentialAction\":[{\"@type\":\"ReadAction\",\"target\":[\"https:\/\/xenonkungen.com\/produkt\/luxtar-h4-galvatron\/\"]}]},{\"@type\":\"ImageObject\",\"inLanguage\":\"da-DK\",\"@id\":\"https:\/\/xenonkungen.com\/produkt\/luxtar-h4-galvatron\/#primaryimage\",\"url\":\"https:\/\/xenonkungen.com\/wp-content\/uploads\/2025\/04\/215758351-origpic-f074ef-scaled.jpg\",\"contentUrl\":\"https:\/\/xenonkungen.com\/wp-content\/uploads\/2025\/04\/215758351-origpic-f074ef-scaled.jpg\",\"width\":1624,\"height\":2560},{\"@type\":\"BreadcrumbList\",\"@id\":\"https:\/\/xenonkungen.com\/produkt\/luxtar-h4-galvatron\/#breadcrumb\",\"itemListElement\":[{\"@type\":\"ListItem\",\"position\":1,\"name\":\"Hem\",\"item\":\"https:\/\/xenonkungen.com\/\"},{\"@type\":\"ListItem\",\"position\":2,\"name\":\"Shop\",\"item\":\"https:\/\/xenonkungen.com\/shop\/\"},{\"@type\":\"ListItem\",\"position\":3,\"name\":\"Luxtar H4 Galvatron\"}]},{\"@type\":\"WebSite\",\"@id\":\"https:\/\/xenonkungen.com\/#website\",\"url\":\"https:\/\/xenonkungen.com\/\",\"name\":\"Xenonkungen\",\"description\":\"\",\"potentialAction\":[{\"@type\":\"SearchAction\",\"target\":{\"@type\":\"EntryPoint\",\"urlTemplate\":\"https:\/\/xenonkungen.com\/?s={search_term_string}\"},\"query-input\":{\"@type\":\"PropertyValueSpecification\",\"valueRequired\":true,\"valueName\":\"search_term_string\"}}],\"inLanguage\":\"da-DK\"}]}<\/script>\n<!-- \/ Yoast SEO plugin. -->","yoast_head_json":{"title":"Luxtar H4 Galvatron - Xenon-kongen","robots":{"index":"index","follow":"follow","max-snippet":"max-snippet:-1","max-image-preview":"max-image-preview:large","max-video-preview":"max-video-preview:-1"},"canonical":"https:\/\/xenonkungen.com\/dk\/vare\/luxtar-h4-galvatron\/","og_locale":"da_DK","og_type":"article","og_title":"Luxtar H4 Galvatron - Xenonkungen","og_description":"Luxtar presenterar stolt sin senaste innovation inom LED-belysning \u2013 en ny H4 LED-lampa med lins. Med en knivskarp ljusbild som liknar Xenonljus, erbjuder denna banbrytande teknologi \u00f6verl\u00e4gsen prestanda och en modern ljusupplevelse f\u00f6r alla typer av fordon.","og_url":"https:\/\/xenonkungen.com\/dk\/vare\/luxtar-h4-galvatron\/","og_site_name":"Xenonkungen","article_modified_time":"2026-04-24T15:47:58+00:00","og_image":[{"width":1624,"height":2560,"url":"https:\/\/xenonkungen.com\/wp-content\/uploads\/2025\/04\/215758351-origpic-f074ef-scaled.jpg","type":"image\/jpeg"}],"twitter_card":"summary_large_image","twitter_misc":{"Estimeret l\u00e6setid":"1 minut"},"schema":{"@context":"https:\/\/schema.org","@graph":[{"@type":"WebPage","@id":"https:\/\/xenonkungen.com\/produkt\/luxtar-h4-galvatron\/","url":"https:\/\/xenonkungen.com\/produkt\/luxtar-h4-galvatron\/","name":"Luxtar H4 Galvatron - Xenon-kongen","isPartOf":{"@id":"https:\/\/xenonkungen.com\/#website"},"primaryImageOfPage":{"@id":"https:\/\/xenonkungen.com\/produkt\/luxtar-h4-galvatron\/#primaryimage"},"image":{"@id":"https:\/\/xenonkungen.com\/produkt\/luxtar-h4-galvatron\/#primaryimage"},"thumbnailUrl":"https:\/\/xenonkungen.com\/wp-content\/uploads\/2025\/04\/215758351-origpic-f074ef-scaled.jpg","datePublished":"2025-04-15T07:57:53+00:00","dateModified":"2026-04-24T15:47:58+00:00","breadcrumb":{"@id":"https:\/\/xenonkungen.com\/produkt\/luxtar-h4-galvatron\/#breadcrumb"},"inLanguage":"da-DK","potentialAction":[{"@type":"ReadAction","target":["https:\/\/xenonkungen.com\/produkt\/luxtar-h4-galvatron\/"]}]},{"@type":"ImageObject","inLanguage":"da-DK","@id":"https:\/\/xenonkungen.com\/produkt\/luxtar-h4-galvatron\/#primaryimage","url":"https:\/\/xenonkungen.com\/wp-content\/uploads\/2025\/04\/215758351-origpic-f074ef-scaled.jpg","contentUrl":"https:\/\/xenonkungen.com\/wp-content\/uploads\/2025\/04\/215758351-origpic-f074ef-scaled.jpg","width":1624,"height":2560},{"@type":"BreadcrumbList","@id":"https:\/\/xenonkungen.com\/produkt\/luxtar-h4-galvatron\/#breadcrumb","itemListElement":[{"@type":"ListItem","position":1,"name":"Hem","item":"https:\/\/xenonkungen.com\/"},{"@type":"ListItem","position":2,"name":"Shop","item":"https:\/\/xenonkungen.com\/shop\/"},{"@type":"ListItem","position":3,"name":"Luxtar H4 Galvatron"}]},{"@type":"WebSite","@id":"https:\/\/xenonkungen.com\/#website","url":"https:\/\/xenonkungen.com\/","name":"Xenonkungen","description":"","potentialAction":[{"@type":"SearchAction","target":{"@type":"EntryPoint","urlTemplate":"https:\/\/xenonkungen.com\/?s={search_term_string}"},"query-input":{"@type":"PropertyValueSpecification","valueRequired":true,"valueName":"search_term_string"}}],"inLanguage":"da-DK"}]}},"taxonomy_info":{"product_brand":[{"value":103,"label":"LUXTAR"}],"product_cat":[{"value":2451,"label":"Led-konvertering"},{"value":2826,"label":"LUXTAR"},{"value":733,"label":"Halvljus \/ Helljus"}],"pa_faktisk-effekts-forbrukning":[{"value":347,"label":"62"}],"pa_fargtemperatur":[{"value":188,"label":"6000K"}],"pa_fuktskydd-varde-ipxx":[{"value":333,"label":"IP67"}],"pa_godkannande":[{"value":337,"label":"CE, RoHS"}],"pa_lampsockel-kontakt":[{"value":340,"label":"H4"}],"pa_led-chips-effekt-w":[{"value":346,"label":"75"}],"pa_stromforbrukning":[{"value":350,"label":"2,6A @ 24V"},{"value":349,"label":"4,5A @13,7V"}],"pa_volt-v":[{"value":348,"label":"12, 24"}]},"featured_image_src_large":["https:\/\/xenonkungen.com\/wp-content\/uploads\/2025\/04\/215758351-origpic-f074ef-650x1024.jpg",650,1024,true],"author_info":[],"comment_info":0,"_links":{"self":[{"href":"https:\/\/xenonkungen.com\/dk\/wp-json\/wp\/v2\/product\/1041","targetHints":{"allow":["GET"]}}],"collection":[{"href":"https:\/\/xenonkungen.com\/dk\/wp-json\/wp\/v2\/product"}],"about":[{"href":"https:\/\/xenonkungen.com\/dk\/wp-json\/wp\/v2\/types\/product"}],"replies":[{"embeddable":true,"href":"https:\/\/xenonkungen.com\/dk\/wp-json\/wp\/v2\/comments?post=1041"}],"wp:featuredmedia":[{"embeddable":true,"href":"https:\/\/xenonkungen.com\/dk\/wp-json\/wp\/v2\/media\/1042"}],"wp:attachment":[{"href":"https:\/\/xenonkungen.com\/dk\/wp-json\/wp\/v2\/media?parent=1041"}],"wp:term":[{"taxonomy":"anvandningsomrade","embeddable":true,"href":"https:\/\/xenonkungen.com\/dk\/wp-json\/wp\/v2\/anvandningsomrade?post=1041"},{"taxonomy":"bilmarken","embeddable":true,"href":"https:\/\/xenonkungen.com\/dk\/wp-json\/wp\/v2\/bilmarken?post=1041"},{"taxonomy":"product_brand","embeddable":true,"href":"https:\/\/xenonkungen.com\/dk\/wp-json\/wp\/v2\/product_brand?post=1041"},{"taxonomy":"product_cat","embeddable":true,"href":"https:\/\/xenonkungen.com\/dk\/wp-json\/wp\/v2\/product_cat?post=1041"},{"taxonomy":"product_tag","embeddable":true,"href":"https:\/\/xenonkungen.com\/dk\/wp-json\/wp\/v2\/product_tag?post=1041"}],"curies":[{"name":"wp","href":"https:\/\/api.w.org\/{rel}","templated":true}]}}