{"id":1067,"date":"2025-04-15T07:57:53","date_gmt":"2025-04-15T07:57:53","guid":{"rendered":"https:\/\/xenonkungen.com\/product\/luxtar-relakabelsats-dt-4-x1-12v-80a-rela\/"},"modified":"2026-04-01T07:56:28","modified_gmt":"2026-04-01T06:56:28","slug":"luxtar-relaekabelsaet-dt-4-x-1-12v-80a-relae","status":"publish","type":"product","link":"https:\/\/xenonkungen.com\/dk\/vare\/luxtar-relaekabelsaet-dt-4-x-1-12v-80a-relae\/","title":{"rendered":"Luxtar Rel\u00e6-kabels\u00e6t DT-4 X1 12V 80A Rel\u00e6"},"content":{"rendered":"<h2>Luxtar Relay Cable Kit DT-4 - kraftfuld og p\u00e5lidelig l\u00f8sning til dine elektriske installationer<\/h2>\n<p>Giv dine elektriske installationer en sikker og p\u00e5lidelig opgradering med Luxtar Relay Cable Kit DT-4 X1. Dette h\u00f8jtydende kabels\u00e6t er ideelt til ethvert k\u00f8ret\u00f8j, der kr\u00e6ver et robust rel\u00e6system, is\u00e6r til hj\u00e6lpelys, arbejdslys og andet elektrisk tilbeh\u00f8r.<\/p>\n<h3>Vigtige funktioner:<\/h3>\n<ul>\n<li><strong>Kraftfulde rel\u00e6er:<\/strong> Udstyret med et DT-4-rel\u00e6, der kan h\u00e5ndtere op til 80A, hvilket giver p\u00e5lidelig str\u00f8mforsyning til dine enheder.<\/li>\n<li><strong>Sikringer af h\u00f8j kvalitet:<\/strong> Leveres med 60A sikringer for at beskytte dit udstyr og sikre langvarig holdbarhed.<\/li>\n<li><strong>Universel brug:<\/strong> Passer til de fleste 12 V-systemer og er ideel til brug i biler, lastbiler, b\u00e5de og terr\u00e6ng\u00e5ende k\u00f8ret\u00f8jer.<\/li>\n<li><strong>Nem installation:<\/strong> Leveres med et komplet kabels\u00e6t til j\u00e6vn og problemfri installation.<\/li>\n<\/ul>\n<p>Luxtar Relay Cable Kit er en professionel l\u00f8sning, der kombinerer b\u00e5de kraft og sikkerhed, hvilket g\u00f8r det til det oplagte valg til alle dine 12 V elektriske projekter.<\/p>\n<p><strong>Bestil dit Luxtar Relay Cable Kit DT-4 i dag, og oplev forskellen i ydeevne!<\/strong><\/p>\n<h2>Produktets indhold:<\/h2>\n<ul>\n<li>1 x 4-polet kontakt DT-stik<\/li>\n<li>1 x 80 A rel\u00e6, 12 V<\/li>\n<li>Maks. effekt 500 W<\/li>\n<li>Sort kabel - 1 meter<\/li>\n<li>Sort jordkabel - 2,5 meter<\/li>\n<li>R\u00f8dt str\u00f8mkabel med 60 A sikringsholder - 1 meter<\/li>\n<li>Bl\u00e5t str\u00f8mkabel til styring - 1 meter<\/li>\n<li>R\u00f8dt kabel - 1 meter<\/li>\n<li>Hvidt positioneringskabel - 3 meter<\/li>\n<li>Gult positioneringskabel - 3 meter<\/li>\n<\/ul>","protected":false},"excerpt":{"rendered":"<p>Luxtar Rel\u00e4kabelsats DT-4 \u2013 Kraftfull och p\u00e5litlig l\u00f6sning f\u00f6r dina elinstallationer Ge dina elektriska installationer en s\u00e4ker och p\u00e5litlig uppgradering med Luxtar Rel\u00e4kabelsats DT-4 X1. Denna h\u00f6gpresterande kabelsats \u00e4r idealisk f\u00f6r alla fordon som kr\u00e4ver ett robust rel\u00e4system, s\u00e4rskilt f\u00f6r extra belysning, arbetsljus, och andra elektriska tillbeh\u00f6r. Nyckelfunktioner: Kraftfulla rel\u00e4er: Utrustad med ett DT-4 rel\u00e4er [&hellip;]<\/p>","protected":false},"featured_media":1068,"comment_status":"closed","ping_status":"closed","template":"","meta":{"_acf_changed":false,"_smort_price_nok":"422","_smort_price_dkk":"268","_smort_price_eur":"35.91","_smort_sale_price_nok":"","_smort_sale_price_dkk":"","_smort_sale_price_eur":"","smort_restorder":"","shipmondo_restorder":"","_kad_blocks_custom_css":"","_kad_blocks_head_custom_js":"","_kad_blocks_body_custom_js":"","_kad_blocks_footer_custom_js":"","smort_custom_pricelist_1":"252.8","smort_custom_pricelist_2":"221.2","smort_custom_pricelist_3":"205.4","smort_custom_pricelist_4":"316","smort_custom_pricelist_5":"221.2"},"anvandningsomrade":[],"bilmarken":[],"product_brand":[103],"product_cat":[2841,2828,2795,2826,2821,2796,2502,390],"product_tag":[],"class_list":{"0":"post-1067","1":"product","2":"type-product","3":"status-publish","4":"has-post-thumbnail","6":"product_brand-luxtar","7":"product_cat-installation-extraljus","8":"product_cat-installation-led-ramper","9":"product_cat-kablar-rela","10":"product_cat-luxtar","11":"product_cat-luxtar-relakabelsatser","12":"product_cat-relakabelsatser","13":"product_cat-relasats-relasats-ledramper-relasats-extraljus-installation","14":"product_cat-installation","15":"pa_lampsockel-kontakt-dt-4","16":"pa_volt-v-159","18":"first","19":"instock","20":"taxable","21":"shipping-taxable","22":"purchasable","23":"product-type-simple"},"bundled_by":["9144","9206","9239","9260","9283","9302","9586","10292","10301","25821","25828"],"bundle_stock_status":"instock","bundle_stock_quantity":203,"bundle_virtual":false,"bundle_layout":"","bundle_add_to_cart_form_location":"","bundle_editable_in_cart":false,"bundle_sold_individually_context":"","bundle_item_grouping":"","bundle_min_size":"","bundle_max_size":"","bundle_price":[],"bundled_items":[],"bundle_sell_ids":[],"acf":[],"yoast_head":"<!-- This site is optimized with the Yoast SEO plugin v27.0 - https:\/\/yoast.com\/product\/yoast-seo-wordpress\/ -->\n<title>Luxtar Rel\u00e4kabelsats DT-4 X1 12V 80A Rel\u00e4 - Xenonkungen<\/title>\n<meta name=\"robots\" content=\"index, follow, max-snippet:-1, max-image-preview:large, max-video-preview:-1\" \/>\n<link rel=\"canonical\" href=\"https:\/\/xenonkungen.com\/dk\/vare\/luxtar-relaekabelsaet-dt-4-x-1-12v-80a-relae\/\" \/>\n<meta property=\"og:locale\" content=\"da_DK\" \/>\n<meta property=\"og:type\" content=\"article\" \/>\n<meta property=\"og:title\" content=\"Luxtar Rel\u00e4kabelsats DT-4 X1 12V 80A Rel\u00e4 - Xenonkungen\" \/>\n<meta property=\"og:description\" content=\"Luxtar Rel\u00e4kabelsats DT-4 \u2013 Kraftfull och p\u00e5litlig l\u00f6sning f\u00f6r dina elinstallationer Ge dina elektriska installationer en s\u00e4ker och p\u00e5litlig uppgradering med Luxtar Rel\u00e4kabelsats DT-4 X1. Denna h\u00f6gpresterande kabelsats \u00e4r idealisk f\u00f6r alla fordon som kr\u00e4ver ett robust rel\u00e4system, s\u00e4rskilt f\u00f6r extra belysning, arbetsljus, och andra elektriska tillbeh\u00f6r. Nyckelfunktioner: Kraftfulla rel\u00e4er: Utrustad med ett DT-4 rel\u00e4er [&hellip;]\" \/>\n<meta property=\"og:url\" content=\"https:\/\/xenonkungen.com\/dk\/vare\/luxtar-relaekabelsaet-dt-4-x-1-12v-80a-relae\/\" \/>\n<meta property=\"og:site_name\" content=\"Xenonkungen\" \/>\n<meta property=\"article:modified_time\" content=\"2026-04-01T06:56:28+00:00\" \/>\n<meta property=\"og:image\" content=\"https:\/\/xenonkungen.com\/wp-content\/uploads\/2025\/04\/215862151-origpic-064d31.png\" \/>\n\t<meta property=\"og:image:width\" content=\"1000\" \/>\n\t<meta property=\"og:image:height\" content=\"1000\" \/>\n\t<meta property=\"og:image:type\" content=\"image\/png\" \/>\n<meta name=\"twitter:card\" content=\"summary_large_image\" \/>\n<meta name=\"twitter:label1\" content=\"Estimeret l\u00e6setid\" \/>\n\t<meta name=\"twitter:data1\" content=\"2 minutter\" \/>\n<script type=\"application\/ld+json\" class=\"yoast-schema-graph\">{\"@context\":\"https:\/\/schema.org\",\"@graph\":[{\"@type\":\"WebPage\",\"@id\":\"https:\/\/xenonkungen.com\/produkt\/luxtar-relakabelsats-dt-4-x1-12v-80a-rela\/\",\"url\":\"https:\/\/xenonkungen.com\/produkt\/luxtar-relakabelsats-dt-4-x1-12v-80a-rela\/\",\"name\":\"Luxtar Rel\u00e4kabelsats DT-4 X1 12V 80A Rel\u00e4 - Xenonkungen\",\"isPartOf\":{\"@id\":\"https:\/\/xenonkungen.com\/#website\"},\"primaryImageOfPage\":{\"@id\":\"https:\/\/xenonkungen.com\/produkt\/luxtar-relakabelsats-dt-4-x1-12v-80a-rela\/#primaryimage\"},\"image\":{\"@id\":\"https:\/\/xenonkungen.com\/produkt\/luxtar-relakabelsats-dt-4-x1-12v-80a-rela\/#primaryimage\"},\"thumbnailUrl\":\"https:\/\/xenonkungen.com\/wp-content\/uploads\/2025\/04\/215862151-origpic-064d31.png\",\"datePublished\":\"2025-04-15T07:57:53+00:00\",\"dateModified\":\"2026-04-01T06:56:28+00:00\",\"breadcrumb\":{\"@id\":\"https:\/\/xenonkungen.com\/produkt\/luxtar-relakabelsats-dt-4-x1-12v-80a-rela\/#breadcrumb\"},\"inLanguage\":\"da-DK\",\"potentialAction\":[{\"@type\":\"ReadAction\",\"target\":[\"https:\/\/xenonkungen.com\/produkt\/luxtar-relakabelsats-dt-4-x1-12v-80a-rela\/\"]}]},{\"@type\":\"ImageObject\",\"inLanguage\":\"da-DK\",\"@id\":\"https:\/\/xenonkungen.com\/produkt\/luxtar-relakabelsats-dt-4-x1-12v-80a-rela\/#primaryimage\",\"url\":\"https:\/\/xenonkungen.com\/wp-content\/uploads\/2025\/04\/215862151-origpic-064d31.png\",\"contentUrl\":\"https:\/\/xenonkungen.com\/wp-content\/uploads\/2025\/04\/215862151-origpic-064d31.png\",\"width\":1000,\"height\":1000},{\"@type\":\"BreadcrumbList\",\"@id\":\"https:\/\/xenonkungen.com\/produkt\/luxtar-relakabelsats-dt-4-x1-12v-80a-rela\/#breadcrumb\",\"itemListElement\":[{\"@type\":\"ListItem\",\"position\":1,\"name\":\"Hem\",\"item\":\"https:\/\/xenonkungen.com\/\"},{\"@type\":\"ListItem\",\"position\":2,\"name\":\"Shop\",\"item\":\"https:\/\/xenonkungen.com\/shop\/\"},{\"@type\":\"ListItem\",\"position\":3,\"name\":\"Luxtar Rel\u00e4kabelsats DT-4 X1 12V 80A Rel\u00e4\"}]},{\"@type\":\"WebSite\",\"@id\":\"https:\/\/xenonkungen.com\/#website\",\"url\":\"https:\/\/xenonkungen.com\/\",\"name\":\"Xenonkungen\",\"description\":\"\",\"potentialAction\":[{\"@type\":\"SearchAction\",\"target\":{\"@type\":\"EntryPoint\",\"urlTemplate\":\"https:\/\/xenonkungen.com\/?s={search_term_string}\"},\"query-input\":{\"@type\":\"PropertyValueSpecification\",\"valueRequired\":true,\"valueName\":\"search_term_string\"}}],\"inLanguage\":\"da-DK\"}]}<\/script>\n<!-- \/ Yoast SEO plugin. -->","yoast_head_json":{"title":"Luxtar Rel\u00e6kabels\u00e6t DT-4 X1 12V 80A Rel\u00e6 - Xenonkungen","robots":{"index":"index","follow":"follow","max-snippet":"max-snippet:-1","max-image-preview":"max-image-preview:large","max-video-preview":"max-video-preview:-1"},"canonical":"https:\/\/xenonkungen.com\/dk\/vare\/luxtar-relaekabelsaet-dt-4-x-1-12v-80a-relae\/","og_locale":"da_DK","og_type":"article","og_title":"Luxtar Rel\u00e4kabelsats DT-4 X1 12V 80A Rel\u00e4 - Xenonkungen","og_description":"Luxtar Rel\u00e4kabelsats DT-4 \u2013 Kraftfull och p\u00e5litlig l\u00f6sning f\u00f6r dina elinstallationer Ge dina elektriska installationer en s\u00e4ker och p\u00e5litlig uppgradering med Luxtar Rel\u00e4kabelsats DT-4 X1. Denna h\u00f6gpresterande kabelsats \u00e4r idealisk f\u00f6r alla fordon som kr\u00e4ver ett robust rel\u00e4system, s\u00e4rskilt f\u00f6r extra belysning, arbetsljus, och andra elektriska tillbeh\u00f6r. Nyckelfunktioner: Kraftfulla rel\u00e4er: Utrustad med ett DT-4 rel\u00e4er [&hellip;]","og_url":"https:\/\/xenonkungen.com\/dk\/vare\/luxtar-relaekabelsaet-dt-4-x-1-12v-80a-relae\/","og_site_name":"Xenonkungen","article_modified_time":"2026-04-01T06:56:28+00:00","og_image":[{"width":1000,"height":1000,"url":"https:\/\/xenonkungen.com\/wp-content\/uploads\/2025\/04\/215862151-origpic-064d31.png","type":"image\/png"}],"twitter_card":"summary_large_image","twitter_misc":{"Estimeret l\u00e6setid":"2 minutter"},"schema":{"@context":"https:\/\/schema.org","@graph":[{"@type":"WebPage","@id":"https:\/\/xenonkungen.com\/produkt\/luxtar-relakabelsats-dt-4-x1-12v-80a-rela\/","url":"https:\/\/xenonkungen.com\/produkt\/luxtar-relakabelsats-dt-4-x1-12v-80a-rela\/","name":"Luxtar Rel\u00e6kabels\u00e6t DT-4 X1 12V 80A Rel\u00e6 - Xenonkungen","isPartOf":{"@id":"https:\/\/xenonkungen.com\/#website"},"primaryImageOfPage":{"@id":"https:\/\/xenonkungen.com\/produkt\/luxtar-relakabelsats-dt-4-x1-12v-80a-rela\/#primaryimage"},"image":{"@id":"https:\/\/xenonkungen.com\/produkt\/luxtar-relakabelsats-dt-4-x1-12v-80a-rela\/#primaryimage"},"thumbnailUrl":"https:\/\/xenonkungen.com\/wp-content\/uploads\/2025\/04\/215862151-origpic-064d31.png","datePublished":"2025-04-15T07:57:53+00:00","dateModified":"2026-04-01T06:56:28+00:00","breadcrumb":{"@id":"https:\/\/xenonkungen.com\/produkt\/luxtar-relakabelsats-dt-4-x1-12v-80a-rela\/#breadcrumb"},"inLanguage":"da-DK","potentialAction":[{"@type":"ReadAction","target":["https:\/\/xenonkungen.com\/produkt\/luxtar-relakabelsats-dt-4-x1-12v-80a-rela\/"]}]},{"@type":"ImageObject","inLanguage":"da-DK","@id":"https:\/\/xenonkungen.com\/produkt\/luxtar-relakabelsats-dt-4-x1-12v-80a-rela\/#primaryimage","url":"https:\/\/xenonkungen.com\/wp-content\/uploads\/2025\/04\/215862151-origpic-064d31.png","contentUrl":"https:\/\/xenonkungen.com\/wp-content\/uploads\/2025\/04\/215862151-origpic-064d31.png","width":1000,"height":1000},{"@type":"BreadcrumbList","@id":"https:\/\/xenonkungen.com\/produkt\/luxtar-relakabelsats-dt-4-x1-12v-80a-rela\/#breadcrumb","itemListElement":[{"@type":"ListItem","position":1,"name":"Hem","item":"https:\/\/xenonkungen.com\/"},{"@type":"ListItem","position":2,"name":"Shop","item":"https:\/\/xenonkungen.com\/shop\/"},{"@type":"ListItem","position":3,"name":"Luxtar Rel\u00e4kabelsats DT-4 X1 12V 80A Rel\u00e4"}]},{"@type":"WebSite","@id":"https:\/\/xenonkungen.com\/#website","url":"https:\/\/xenonkungen.com\/","name":"Xenonkungen","description":"","potentialAction":[{"@type":"SearchAction","target":{"@type":"EntryPoint","urlTemplate":"https:\/\/xenonkungen.com\/?s={search_term_string}"},"query-input":{"@type":"PropertyValueSpecification","valueRequired":true,"valueName":"search_term_string"}}],"inLanguage":"da-DK"}]}},"taxonomy_info":{"product_brand":[{"value":103,"label":"LUXTAR"}],"product_cat":[{"value":2841,"label":"Installation extraljus"},{"value":2828,"label":"Installation LED-ramper"},{"value":2795,"label":"Kablar och Rel\u00e4"},{"value":2826,"label":"LUXTAR"},{"value":2821,"label":"Luxtar - Rel\u00e4kabelsatser"},{"value":2796,"label":"Rel\u00e4kabelsatser"},{"value":2502,"label":"Rel\u00e4sats"},{"value":390,"label":"Installation"}],"pa_lampsockel-kontakt":[{"value":181,"label":"DT-4"}],"pa_volt-v":[{"value":159,"label":"12"}]},"featured_image_src_large":["https:\/\/xenonkungen.com\/wp-content\/uploads\/2025\/04\/215862151-origpic-064d31.png",1000,1000,false],"author_info":[],"comment_info":0,"_links":{"self":[{"href":"https:\/\/xenonkungen.com\/dk\/wp-json\/wp\/v2\/product\/1067","targetHints":{"allow":["GET"]}}],"collection":[{"href":"https:\/\/xenonkungen.com\/dk\/wp-json\/wp\/v2\/product"}],"about":[{"href":"https:\/\/xenonkungen.com\/dk\/wp-json\/wp\/v2\/types\/product"}],"replies":[{"embeddable":true,"href":"https:\/\/xenonkungen.com\/dk\/wp-json\/wp\/v2\/comments?post=1067"}],"wp:featuredmedia":[{"embeddable":true,"href":"https:\/\/xenonkungen.com\/dk\/wp-json\/wp\/v2\/media\/1068"}],"wp:attachment":[{"href":"https:\/\/xenonkungen.com\/dk\/wp-json\/wp\/v2\/media?parent=1067"}],"wp:term":[{"taxonomy":"anvandningsomrade","embeddable":true,"href":"https:\/\/xenonkungen.com\/dk\/wp-json\/wp\/v2\/anvandningsomrade?post=1067"},{"taxonomy":"bilmarken","embeddable":true,"href":"https:\/\/xenonkungen.com\/dk\/wp-json\/wp\/v2\/bilmarken?post=1067"},{"taxonomy":"product_brand","embeddable":true,"href":"https:\/\/xenonkungen.com\/dk\/wp-json\/wp\/v2\/product_brand?post=1067"},{"taxonomy":"product_cat","embeddable":true,"href":"https:\/\/xenonkungen.com\/dk\/wp-json\/wp\/v2\/product_cat?post=1067"},{"taxonomy":"product_tag","embeddable":true,"href":"https:\/\/xenonkungen.com\/dk\/wp-json\/wp\/v2\/product_tag?post=1067"}],"curies":[{"name":"wp","href":"https:\/\/api.w.org\/{rel}","templated":true}]}}