{"id":11510,"date":"2025-06-23T13:50:37","date_gmt":"2025-06-23T13:50:37","guid":{"rendered":"https:\/\/xenonkungen.com\/produkt\/2-pack-extraljus-nbb-alpha-225-60w-xenon-24v-3\/"},"modified":"2026-04-04T22:20:16","modified_gmt":"2026-04-04T21:20:16","slug":"2-pak-ekstra-lys-nbb-alpha-225-60w-xenon-24v-3","status":"publish","type":"product","link":"https:\/\/xenonkungen.com\/dk\/vare\/2-pak-ekstra-lys-nbb-alpha-225-60w-xenon-24v-3\/","title":{"rendered":"2-PACK Ekstra lys NBB Alpha 225 60W Xenon 24V"},"content":{"rendered":"<p>NBB Alpha 225 60W Xenon 24V | Komplet pakke med 2 x xenon-hj\u00e6lpelys med diameter <strong>225 mm<\/strong> En meget popul\u00e6r model med et af markedets bedste lysm\u00f8nstre. Ny model med LED-positionslys p\u00e5 overkanten (valgfri tilslutning).<\/p>\n<p>Muligheden for dem, der prioriterer mest og bedst muligt lys. I en version med reel effekt p\u00e5 <strong>60W xenon<\/strong>.<\/p>\n<p>B\u00e5de ballast (med 3 \u00e5rs garanti) og xenonlampe er af typen superhurtig start og h\u00f8j lysstyrke. <\/p>\n<p>En lysstr\u00f8m p\u00e5 10000\u00b1200 lumen (4300K) med to NBB225 giver et fjernt lys p\u00e5 ca. 1000 meter.<\/p>\n<p>Lampehus: NBB 225 Alpha LED, popul\u00e6r bestseller, der opfylder h\u00f8je kvalitetskrav. E-m\u00e6rket i originalt halogendesign. Monteres lodret.<br \/>- Glasfiberforst\u00e6rket plast<br \/>- Friformsreflektor i aluminium<br \/>- Klar glaslinse i polykarbonat<br \/>- Lysbillede Fjernbetjening<\/p>\n<p><em>Hvis du \u00f8nsker det, kan du montere ballasten inde i lygten. Vores anbefaling er dog en ekstern placering i motorrummet. Det reducerer v\u00e6gten, og du har en vis v\u00e6rdi tilbage, hvis hj\u00e6lpelysene bliver stj\u00e5let.<\/em><\/p>\n<p>Enhver farvetemperatur (K = Kelvin):<br \/><strong>4300K<\/strong> (5000\u00b1100 lm, standard hvid)<br \/><strong>5000K<\/strong>~5400K (4700\u00b1100 lm, lys hvid)<br \/><strong>6000K<\/strong> (4100\u00b1100 lm, diamanthvid)<br \/>Faktiske v\u00e6rdier pr. xenonlys if\u00f8lge spektroanalyse.<br \/>- Vi anbefaler 4300K.<\/p>\n<p>Indhold i leveringen:<br \/>2 stk. <a href=\"https:\/\/www.xenonkungen.com\/sok\/161041\" target=\"_blank\" rel=\"noopener\">Ekstra lys NBB 225 LED<\/a><br \/>2 stk. <a href=\"https:\/\/www.xenonkungen.com\/se\/produkter\/xenon\/ballaster\/xenon-ballast-60w-70w.html\" target=\"_blank\" rel=\"noopener\">#103099 HNS-6 Xenon Ballast 60W<\/a><br \/>2 stk. <a href=\"https:\/\/www.xenonkungen.com\/se\/produkter\/xenon\/xenonlampor-kit\/d2h-xenonlampor-for-nbb-225.html\" target=\"_blank\" rel=\"noopener\">#124344 Power ekstra lysp\u00e6re D2H<\/a><br \/>2 stk. <a href=\"https:\/\/www.xenonkungen.com\/se\/produkter\/xenon\/kablar-kontakter\/forlangningskabel-40cm.html\" target=\"_blank\" rel=\"noopener\">#103126-40 Forl\u00e6ngerkabel 40 cm<\/a><br \/>1. <a href=\"https:\/\/www.xenonkungen.com\/se\/produkter\/xenon\/kablar-kontakter\/extraljuskabel-2b-24v.html\" target=\"_blank\" rel=\"noopener\">#103108 Rel\u00e6kabel 2B 24V<\/a><br \/>1. <a href=\"https:\/\/www.xenonkungen.com\/se\/produkter\/installationsmaterial\/fasten-universal\/extraljusfaste-svart-2-225mm.html\" target=\"_blank\" rel=\"noopener\">#161101-2 Ekstra lysbeslag Sort 2<\/a><br \/>2 stk. <a href=\"https:\/\/www.xenonkungen.com\/se\/produkter\/installationsmaterial\/fasten-universal\/extraljus-stag-rund-svart.html\" target=\"_blank\" rel=\"noopener\">#161107 Ekstra let tag<\/a><\/p>\n<p>Reservedele f\u00e5s i vores almindelige sortiment.<\/p>\n<p>Pakken leveres som standard usamlet eller samlet med indbygget ballast og xenonlampe (100 SEK\/NBB).<br \/>Hj\u00e6lpelyset er ikke E-godkendt i denne version.<\/p>\n<p>1 \u00e5rs garanti (3 \u00e5r for ballast HNS-6).<\/p>","protected":false},"excerpt":{"rendered":"<p>NBB Alpha 225 60W Xenon 24V | Komplett paket med 2st xenon extraljus med diameter 225mm av mycket popul\u00e4r modell med ett av marknadens absolut b\u00e4sta ljusbild. Nya modellen med LED positionsljus p\u00e5 \u00f6verkanten (valfri inkoppling). Alternativet f\u00f6r dig som prioriterar mesta och b\u00e4sta m\u00f6jliga ljus. I utf\u00f6rande med verklig effekt p\u00e5 60W xenon. B\u00e5de [&hellip;]<\/p>","protected":false},"featured_media":10577,"comment_status":"closed","ping_status":"closed","template":"","meta":{"_acf_changed":false,"_smort_price_nok":"3925","_smort_price_dkk":"2494","_smort_price_eur":"334.08","_smort_sale_price_nok":"","_smort_sale_price_dkk":"","_smort_sale_price_eur":"","smort_restorder":"","shipmondo_restorder":"","_kad_blocks_custom_css":"","_kad_blocks_head_custom_js":"","_kad_blocks_body_custom_js":"","_kad_blocks_footer_custom_js":"","smort_custom_pricelist_1":"","smort_custom_pricelist_2":"","smort_custom_pricelist_3":"","smort_custom_pricelist_4":"","smort_custom_pricelist_5":""},"anvandningsomrade":[166],"bilmarken":[],"product_brand":[],"product_cat":[1859],"product_tag":[],"class_list":{"0":"post-11510","1":"product","2":"type-product","3":"status-publish","4":"has-post-thumbnail","6":"anvandningsomrade-lastbil","7":"product_cat-extraljuspaket","8":"pa_fargtemperatur-5000k","9":"pa_fargtemperatur-6000k","10":"pa_fargtemperatur-4300k","12":"first","13":"instock","14":"taxable","15":"shipping-taxable","16":"purchasable","17":"product-type-variable"},"bundled_by":[],"bundle_stock_status":"instock","bundle_stock_quantity":null,"bundle_virtual":false,"bundle_layout":"","bundle_add_to_cart_form_location":"","bundle_editable_in_cart":false,"bundle_sold_individually_context":"","bundle_item_grouping":"","bundle_min_size":"","bundle_max_size":"","bundle_price":[],"bundled_items":[],"bundle_sell_ids":[],"acf":[],"yoast_head":"<!-- This site is optimized with the Yoast SEO plugin v27.0 - https:\/\/yoast.com\/product\/yoast-seo-wordpress\/ -->\n<title>2-PACK Extraljus NBB Alpha 225 60W Xenon 24V - Xenonkungen<\/title>\n<meta name=\"robots\" content=\"index, follow, max-snippet:-1, max-image-preview:large, max-video-preview:-1\" \/>\n<link rel=\"canonical\" href=\"https:\/\/xenonkungen.com\/dk\/vare\/2-pak-ekstra-lys-nbb-alpha-225-60w-xenon-24v-3\/\" \/>\n<meta property=\"og:locale\" content=\"da_DK\" \/>\n<meta property=\"og:type\" content=\"article\" \/>\n<meta property=\"og:title\" content=\"2-PACK Extraljus NBB Alpha 225 60W Xenon 24V - Xenonkungen\" \/>\n<meta property=\"og:description\" content=\"NBB Alpha 225 60W Xenon 24V | Komplett paket med 2st xenon extraljus med diameter 225mm av mycket popul\u00e4r modell med ett av marknadens absolut b\u00e4sta ljusbild. Nya modellen med LED positionsljus p\u00e5 \u00f6verkanten (valfri inkoppling). Alternativet f\u00f6r dig som prioriterar mesta och b\u00e4sta m\u00f6jliga ljus. I utf\u00f6rande med verklig effekt p\u00e5 60W xenon. B\u00e5de [&hellip;]\" \/>\n<meta property=\"og:url\" content=\"https:\/\/xenonkungen.com\/dk\/vare\/2-pak-ekstra-lys-nbb-alpha-225-60w-xenon-24v-3\/\" \/>\n<meta property=\"og:site_name\" content=\"Xenonkungen\" \/>\n<meta property=\"article:modified_time\" content=\"2026-04-04T21:20:16+00:00\" \/>\n<meta property=\"og:image\" content=\"https:\/\/xenonkungen.com\/wp-content\/uploads\/2025\/06\/172077013-origpic-ff0ac1.png\" \/>\n\t<meta property=\"og:image:width\" content=\"1000\" \/>\n\t<meta property=\"og:image:height\" content=\"1000\" \/>\n\t<meta property=\"og:image:type\" content=\"image\/png\" \/>\n<meta name=\"twitter:card\" content=\"summary_large_image\" \/>\n<meta name=\"twitter:label1\" content=\"Estimeret l\u00e6setid\" \/>\n\t<meta name=\"twitter:data1\" content=\"1 minut\" \/>\n<script type=\"application\/ld+json\" class=\"yoast-schema-graph\">{\"@context\":\"https:\/\/schema.org\",\"@graph\":[{\"@type\":\"WebPage\",\"@id\":\"https:\/\/xenonkungen.com\/produkt\/2-pack-extraljus-nbb-alpha-225-60w-xenon-24v-3\/\",\"url\":\"https:\/\/xenonkungen.com\/produkt\/2-pack-extraljus-nbb-alpha-225-60w-xenon-24v-3\/\",\"name\":\"2-PACK Extraljus NBB Alpha 225 60W Xenon 24V - Xenonkungen\",\"isPartOf\":{\"@id\":\"https:\/\/xenonkungen.com\/#website\"},\"primaryImageOfPage\":{\"@id\":\"https:\/\/xenonkungen.com\/produkt\/2-pack-extraljus-nbb-alpha-225-60w-xenon-24v-3\/#primaryimage\"},\"image\":{\"@id\":\"https:\/\/xenonkungen.com\/produkt\/2-pack-extraljus-nbb-alpha-225-60w-xenon-24v-3\/#primaryimage\"},\"thumbnailUrl\":\"https:\/\/xenonkungen.com\/wp-content\/uploads\/2025\/06\/172077013-origpic-ff0ac1.png\",\"datePublished\":\"2025-06-23T13:50:37+00:00\",\"dateModified\":\"2026-04-04T21:20:16+00:00\",\"breadcrumb\":{\"@id\":\"https:\/\/xenonkungen.com\/produkt\/2-pack-extraljus-nbb-alpha-225-60w-xenon-24v-3\/#breadcrumb\"},\"inLanguage\":\"da-DK\",\"potentialAction\":[{\"@type\":\"ReadAction\",\"target\":[\"https:\/\/xenonkungen.com\/produkt\/2-pack-extraljus-nbb-alpha-225-60w-xenon-24v-3\/\"]}]},{\"@type\":\"ImageObject\",\"inLanguage\":\"da-DK\",\"@id\":\"https:\/\/xenonkungen.com\/produkt\/2-pack-extraljus-nbb-alpha-225-60w-xenon-24v-3\/#primaryimage\",\"url\":\"https:\/\/xenonkungen.com\/wp-content\/uploads\/2025\/06\/172077013-origpic-ff0ac1.png\",\"contentUrl\":\"https:\/\/xenonkungen.com\/wp-content\/uploads\/2025\/06\/172077013-origpic-ff0ac1.png\",\"width\":1000,\"height\":1000},{\"@type\":\"BreadcrumbList\",\"@id\":\"https:\/\/xenonkungen.com\/produkt\/2-pack-extraljus-nbb-alpha-225-60w-xenon-24v-3\/#breadcrumb\",\"itemListElement\":[{\"@type\":\"ListItem\",\"position\":1,\"name\":\"Hem\",\"item\":\"https:\/\/xenonkungen.com\/\"},{\"@type\":\"ListItem\",\"position\":2,\"name\":\"Shop\",\"item\":\"https:\/\/xenonkungen.com\/shop\/\"},{\"@type\":\"ListItem\",\"position\":3,\"name\":\"2-PACK Extraljus NBB Alpha 225 60W Xenon 24V\"}]},{\"@type\":\"WebSite\",\"@id\":\"https:\/\/xenonkungen.com\/#website\",\"url\":\"https:\/\/xenonkungen.com\/\",\"name\":\"Xenonkungen\",\"description\":\"\",\"potentialAction\":[{\"@type\":\"SearchAction\",\"target\":{\"@type\":\"EntryPoint\",\"urlTemplate\":\"https:\/\/xenonkungen.com\/?s={search_term_string}\"},\"query-input\":{\"@type\":\"PropertyValueSpecification\",\"valueRequired\":true,\"valueName\":\"search_term_string\"}}],\"inLanguage\":\"da-DK\"}]}<\/script>\n<!-- \/ Yoast SEO plugin. -->","yoast_head_json":{"title":"2-PAK Ekstra lys NBB Alpha 225 60W Xenon 24V - Xenonkungen","robots":{"index":"index","follow":"follow","max-snippet":"max-snippet:-1","max-image-preview":"max-image-preview:large","max-video-preview":"max-video-preview:-1"},"canonical":"https:\/\/xenonkungen.com\/dk\/vare\/2-pak-ekstra-lys-nbb-alpha-225-60w-xenon-24v-3\/","og_locale":"da_DK","og_type":"article","og_title":"2-PACK Extraljus NBB Alpha 225 60W Xenon 24V - Xenonkungen","og_description":"NBB Alpha 225 60W Xenon 24V | Komplett paket med 2st xenon extraljus med diameter 225mm av mycket popul\u00e4r modell med ett av marknadens absolut b\u00e4sta ljusbild. Nya modellen med LED positionsljus p\u00e5 \u00f6verkanten (valfri inkoppling). Alternativet f\u00f6r dig som prioriterar mesta och b\u00e4sta m\u00f6jliga ljus. I utf\u00f6rande med verklig effekt p\u00e5 60W xenon. B\u00e5de [&hellip;]","og_url":"https:\/\/xenonkungen.com\/dk\/vare\/2-pak-ekstra-lys-nbb-alpha-225-60w-xenon-24v-3\/","og_site_name":"Xenonkungen","article_modified_time":"2026-04-04T21:20:16+00:00","og_image":[{"width":1000,"height":1000,"url":"https:\/\/xenonkungen.com\/wp-content\/uploads\/2025\/06\/172077013-origpic-ff0ac1.png","type":"image\/png"}],"twitter_card":"summary_large_image","twitter_misc":{"Estimeret l\u00e6setid":"1 minut"},"schema":{"@context":"https:\/\/schema.org","@graph":[{"@type":"WebPage","@id":"https:\/\/xenonkungen.com\/produkt\/2-pack-extraljus-nbb-alpha-225-60w-xenon-24v-3\/","url":"https:\/\/xenonkungen.com\/produkt\/2-pack-extraljus-nbb-alpha-225-60w-xenon-24v-3\/","name":"2-PAK Ekstra lys NBB Alpha 225 60W Xenon 24V - Xenonkungen","isPartOf":{"@id":"https:\/\/xenonkungen.com\/#website"},"primaryImageOfPage":{"@id":"https:\/\/xenonkungen.com\/produkt\/2-pack-extraljus-nbb-alpha-225-60w-xenon-24v-3\/#primaryimage"},"image":{"@id":"https:\/\/xenonkungen.com\/produkt\/2-pack-extraljus-nbb-alpha-225-60w-xenon-24v-3\/#primaryimage"},"thumbnailUrl":"https:\/\/xenonkungen.com\/wp-content\/uploads\/2025\/06\/172077013-origpic-ff0ac1.png","datePublished":"2025-06-23T13:50:37+00:00","dateModified":"2026-04-04T21:20:16+00:00","breadcrumb":{"@id":"https:\/\/xenonkungen.com\/produkt\/2-pack-extraljus-nbb-alpha-225-60w-xenon-24v-3\/#breadcrumb"},"inLanguage":"da-DK","potentialAction":[{"@type":"ReadAction","target":["https:\/\/xenonkungen.com\/produkt\/2-pack-extraljus-nbb-alpha-225-60w-xenon-24v-3\/"]}]},{"@type":"ImageObject","inLanguage":"da-DK","@id":"https:\/\/xenonkungen.com\/produkt\/2-pack-extraljus-nbb-alpha-225-60w-xenon-24v-3\/#primaryimage","url":"https:\/\/xenonkungen.com\/wp-content\/uploads\/2025\/06\/172077013-origpic-ff0ac1.png","contentUrl":"https:\/\/xenonkungen.com\/wp-content\/uploads\/2025\/06\/172077013-origpic-ff0ac1.png","width":1000,"height":1000},{"@type":"BreadcrumbList","@id":"https:\/\/xenonkungen.com\/produkt\/2-pack-extraljus-nbb-alpha-225-60w-xenon-24v-3\/#breadcrumb","itemListElement":[{"@type":"ListItem","position":1,"name":"Hem","item":"https:\/\/xenonkungen.com\/"},{"@type":"ListItem","position":2,"name":"Shop","item":"https:\/\/xenonkungen.com\/shop\/"},{"@type":"ListItem","position":3,"name":"2-PACK Extraljus NBB Alpha 225 60W Xenon 24V"}]},{"@type":"WebSite","@id":"https:\/\/xenonkungen.com\/#website","url":"https:\/\/xenonkungen.com\/","name":"Xenonkungen","description":"","potentialAction":[{"@type":"SearchAction","target":{"@type":"EntryPoint","urlTemplate":"https:\/\/xenonkungen.com\/?s={search_term_string}"},"query-input":{"@type":"PropertyValueSpecification","valueRequired":true,"valueName":"search_term_string"}}],"inLanguage":"da-DK"}]}},"taxonomy_info":{"anvandningsomrade":[{"value":166,"label":"Lastbil"}],"product_cat":[{"value":1859,"label":"Extraljuspaket"}],"pa_fargtemperatur":[{"value":154,"label":"5000K"},{"value":188,"label":"6000K"},{"value":755,"label":"4300K"}]},"featured_image_src_large":["https:\/\/xenonkungen.com\/wp-content\/uploads\/2025\/06\/172077013-origpic-ff0ac1.png",1000,1000,false],"author_info":[],"comment_info":0,"_links":{"self":[{"href":"https:\/\/xenonkungen.com\/dk\/wp-json\/wp\/v2\/product\/11510","targetHints":{"allow":["GET"]}}],"collection":[{"href":"https:\/\/xenonkungen.com\/dk\/wp-json\/wp\/v2\/product"}],"about":[{"href":"https:\/\/xenonkungen.com\/dk\/wp-json\/wp\/v2\/types\/product"}],"replies":[{"embeddable":true,"href":"https:\/\/xenonkungen.com\/dk\/wp-json\/wp\/v2\/comments?post=11510"}],"wp:featuredmedia":[{"embeddable":true,"href":"https:\/\/xenonkungen.com\/dk\/wp-json\/wp\/v2\/media\/10577"}],"wp:attachment":[{"href":"https:\/\/xenonkungen.com\/dk\/wp-json\/wp\/v2\/media?parent=11510"}],"wp:term":[{"taxonomy":"anvandningsomrade","embeddable":true,"href":"https:\/\/xenonkungen.com\/dk\/wp-json\/wp\/v2\/anvandningsomrade?post=11510"},{"taxonomy":"bilmarken","embeddable":true,"href":"https:\/\/xenonkungen.com\/dk\/wp-json\/wp\/v2\/bilmarken?post=11510"},{"taxonomy":"product_brand","embeddable":true,"href":"https:\/\/xenonkungen.com\/dk\/wp-json\/wp\/v2\/product_brand?post=11510"},{"taxonomy":"product_cat","embeddable":true,"href":"https:\/\/xenonkungen.com\/dk\/wp-json\/wp\/v2\/product_cat?post=11510"},{"taxonomy":"product_tag","embeddable":true,"href":"https:\/\/xenonkungen.com\/dk\/wp-json\/wp\/v2\/product_tag?post=11510"}],"curies":[{"name":"wp","href":"https:\/\/api.w.org\/{rel}","templated":true}]}}