{"id":11530,"date":"2025-06-23T13:50:45","date_gmt":"2025-06-23T13:50:45","guid":{"rendered":"https:\/\/xenonkungen.com\/produkt\/rally5-extraljus-nbb-alpha-225-60w-xenon\/"},"modified":"2026-05-13T15:58:45","modified_gmt":"2026-05-13T14:58:45","slug":"rally5-ekstralys-nbb-alpha-225-60w-xenon","status":"publish","type":"product","link":"https:\/\/xenonkungen.com\/dk\/vare\/rally5-ekstralys-nbb-alpha-225-60w-xenon\/","title":{"rendered":"RALLY5 Ekstra lys NBB Alpha 225 60W Xenon"},"content":{"rendered":"<p>Komplet pakke med 5 ekstra lygter NBB Alpha 225 med diameter 225 mm med et af markedets absolut bedste lysbilleder. Ny model med LED-positionslys p\u00e5 den \u00f8verste kant (valgfri tilslutning).<\/p>\n<p>Muligheden for dem, der prioriterer mest og bedst muligt lys. I en version med reel effekt p\u00e5 <strong>60W xenon<\/strong> (svarende til konkurrenternes s\u00e5kaldte \"70W\").<\/p>\n<p>B\u00e5de ballast (med 3 \u00e5rs garanti) og xenonlampe er af typen superhurtig start og h\u00f8j lysstyrke. <\/p>\n<p><strong>Sp\u00f8rgsm\u00e5l:<\/strong> Der er mange, der s\u00e6lger dette ekstra lys. Hvorfor k\u00f8be det hos dig?<br \/><strong>Svar:<\/strong> If\u00f8lge magasinet Vi bil\u00e4gares test har vi Sveriges bedste kundeservice. Vores HNS-6-ballaster har ogs\u00e5 den l\u00e6ngste garanti af alle ballaster p\u00e5 eftermarkedet. <\/p>\n<p><strong>Sp\u00f8rgsm\u00e5l:<\/strong> Hvilket lysbillede f\u00e5r du? Vi har lavet en pakke med 4 <strong> Fjernbetjening<\/strong> og 1 <strong>Blyant<\/strong>.<\/p>\n<p>Lysstr\u00f8m 28.000\u00b1500 lumen (4300K) med fem NBB225 giver et afstandslys p\u00e5 langt over 1 kilometer!<\/p>\n<p>Lampehus: NBB 225 Alpha LED, popul\u00e6r bestseller, der opfylder h\u00f8je kvalitetskrav. E-m\u00e6rket i originalt halogendesign. Monteres lodret.<br \/>- Glasfiberforst\u00e6rket plast<br \/>- Friformsreflektor i aluminium<br \/>- Klar glaslinse i polykarbonat<br \/>- Slides fjernbetjening og spot<\/p>\n<p><em>Hvis det \u00f8nskes, kan vi montere ballasten inde i lygten. Vores anbefaling er dog en ekstern placering i motorrummet. Det reducerer v\u00e6gten, og du har en vis v\u00e6rdi tilbage, hvis hj\u00e6lpelysene bliver stj\u00e5let.<\/em><\/p>\n<p>Enhver farvetemperatur (K = Kelvin):<br \/><strong>4300K<\/strong> (5600\u00b1100 lm, standard hvid)<br \/><strong>5000K<\/strong>~5400K (5200\u00b1100 lm, lys hvid)<br \/><strong>6000K<\/strong> (4700\u00b1100 lm, diamanthvid)<br \/>Faktiske v\u00e6rdier pr. xenonlys if\u00f8lge spektroanalyse.<br \/>- Vi anbefaler 4300K.<\/p>\n<p>Indhold i leveringen:<br \/>5 stk. <a href=\"https:\/\/www.xenonkungen.com\/sok\/161041\" target=\"_blank\" rel=\"noopener\">Ekstra lys NBB 225 LED F-F-S-F-F<\/a><br \/>5 stk. <a href=\"https:\/\/www.xenonkungen.com\/se\/produkter\/xenon\/ballaster\/xenon-ballast-60w-70w.html\" target=\"_blank\" rel=\"noopener\">#103099 HNS-6 Speed Start Ballast 12V<\/a><br \/>5 stk. <a href=\"https:\/\/www.xenonkungen.com\/se\/produkter\/xenon\/xenonlampor-kit\/d2h-xenonlampor-for-nbb-225.html\" target=\"_blank\" rel=\"noopener\">#124344 Power ekstra lysp\u00e6re D2H<\/a><br \/>5 stk. <a href=\"https:\/\/www.xenonkungen.com\/se\/produkter\/xenon\/kablar-kontakter\/forlangningskabel-40cm.html\" target=\"_blank\" rel=\"noopener\">#103126-40 Forl\u00e6ngerkabel 40 cm<\/a><br \/>1. <a href=\"https:\/\/www.xenonkungen.com\/se\/produkter\/xenon\/kablar-kontakter\/extraljus-relakablage.html\" target=\"_blank\" rel=\"noopener\">#103120 Rel\u00e6kabels\u00e6t 2 stk Ekstra lys 12V|9006<\/a><br \/>1. <a href=\"https:\/\/www.xenonkungen.com\/se\/produkter\/xenon\/kablar-kontakter\/extraljuskabel-3b-12v.html\" target=\"_blank\" rel=\"noopener\">#103107 Rel\u00e6kabels\u00e6t 3stk Ekstra lys 12V|9006<\/a><br \/>5 stk. <a href=\"https:\/\/www.xenonkungen.com\/se\/produkter\/installationsmaterial\/fasten-universal\/extraljus-stag-rund-svart.html\" target=\"_blank\" rel=\"noopener\">#161107 Ekstra let tag<\/a><br \/>1. <a href=\"https:\/\/www.xenonkungen.com\/se\/produkter\/installationsmaterial\/fasten-universal\/extraljusfaste-rallyfemma-5-225mm9.html\" target=\"NEW\">#161111 Ekstra lygtebeslag Rallyfemma 5 - 225mm\/9\u2033<\/a><\/p>\n<p>Reservedele f\u00e5s i vores almindelige sortiment.<\/p>\n<p>Pakken leveres usamlet, men du kan nemt montere forkoblingerne i lanternen. <\/p>\n<p>Hj\u00e6lpelyset er ikke E-godkendt i denne version.<\/p>\n<p>1 \u00e5rs garanti (3 \u00e5rs funktionsgaranti p\u00e5 ballast HNS-6).<\/p>","protected":false},"excerpt":{"rendered":"<p>Den ekstra lyspakke til dem, der prioriterer det absolut bedst mulige lys og kastel\u00e6ngde, uanset om det er p\u00e5 vejen eller i rallyskoven!<\/p>","protected":false},"featured_media":10698,"comment_status":"closed","ping_status":"closed","template":"","meta":{"_acf_changed":false,"_smort_price_nok":"9074","_smort_price_dkk":"5764","_smort_price_eur":"772.24","_smort_sale_price_nok":"","_smort_sale_price_dkk":"","_smort_sale_price_eur":"","smort_restorder":"","shipmondo_restorder":"","_kad_blocks_custom_css":"","_kad_blocks_head_custom_js":"","_kad_blocks_body_custom_js":"","_kad_blocks_footer_custom_js":"","smort_custom_pricelist_1":"5436.8","smort_custom_pricelist_2":"5097","smort_custom_pricelist_3":"4842.15","smort_custom_pricelist_4":"6796","smort_custom_pricelist_5":"5097"},"anvandningsomrade":[],"bilmarken":[],"product_brand":[],"product_cat":[2674,142,1859],"product_tag":[],"class_list":{"0":"post-11530","1":"product","2":"type-product","3":"status-publish","4":"has-post-thumbnail","6":"product_cat-paket-extraljus","7":"product_cat-extraljus","8":"product_cat-extraljuspaket","9":"pa_fargtemperatur-5000k","10":"pa_fargtemperatur-6000k","11":"pa_fargtemperatur-4300k","13":"first","14":"outofstock","15":"taxable","16":"shipping-taxable","17":"purchasable","18":"product-type-variable"},"bundled_by":[],"bundle_stock_status":"outofstock","bundle_stock_quantity":-85,"bundle_virtual":false,"bundle_layout":"","bundle_add_to_cart_form_location":"","bundle_editable_in_cart":false,"bundle_sold_individually_context":"","bundle_item_grouping":"","bundle_min_size":"","bundle_max_size":"","bundle_price":[],"bundled_items":[],"bundle_sell_ids":[],"acf":[],"yoast_head":"<!-- This site is optimized with the Yoast SEO plugin v27.0 - https:\/\/yoast.com\/product\/yoast-seo-wordpress\/ -->\n<title>RALLY5 Extraljus NBB Alpha 225 60W Xenon - Xenonkungen<\/title>\n<meta name=\"robots\" content=\"index, follow, max-snippet:-1, max-image-preview:large, max-video-preview:-1\" \/>\n<link rel=\"canonical\" href=\"https:\/\/xenonkungen.com\/dk\/vare\/rally5-ekstralys-nbb-alpha-225-60w-xenon\/\" \/>\n<meta property=\"og:locale\" content=\"da_DK\" \/>\n<meta property=\"og:type\" content=\"article\" \/>\n<meta property=\"og:title\" content=\"RALLY5 Extraljus NBB Alpha 225 60W Xenon - Xenonkungen\" \/>\n<meta property=\"og:description\" content=\"Extraljuspaketet f\u00f6r er som prioriterar absolut mest m\u00f6jliga ljus och kastl\u00e4ngd, oavsett om det \u00e4r p\u00e5 v\u00e4gen eller i rallyskogen!\" \/>\n<meta property=\"og:url\" content=\"https:\/\/xenonkungen.com\/dk\/vare\/rally5-ekstralys-nbb-alpha-225-60w-xenon\/\" \/>\n<meta property=\"og:site_name\" content=\"Xenonkungen\" \/>\n<meta property=\"article:modified_time\" content=\"2026-05-13T14:58:45+00:00\" \/>\n<meta property=\"og:image\" content=\"https:\/\/xenonkungen.com\/wp-content\/uploads\/2025\/06\/178754997-origpic-2b395b.png\" \/>\n\t<meta property=\"og:image:width\" content=\"1000\" \/>\n\t<meta property=\"og:image:height\" content=\"1000\" \/>\n\t<meta property=\"og:image:type\" content=\"image\/png\" \/>\n<meta name=\"twitter:card\" content=\"summary_large_image\" \/>\n<meta name=\"twitter:label1\" content=\"Estimeret l\u00e6setid\" \/>\n\t<meta name=\"twitter:data1\" content=\"2 minutter\" \/>\n<script type=\"application\/ld+json\" class=\"yoast-schema-graph\">{\"@context\":\"https:\/\/schema.org\",\"@graph\":[{\"@type\":\"WebPage\",\"@id\":\"https:\/\/xenonkungen.com\/produkt\/rally5-extraljus-nbb-alpha-225-60w-xenon\/\",\"url\":\"https:\/\/xenonkungen.com\/produkt\/rally5-extraljus-nbb-alpha-225-60w-xenon\/\",\"name\":\"RALLY5 Extraljus NBB Alpha 225 60W Xenon - Xenonkungen\",\"isPartOf\":{\"@id\":\"https:\/\/xenonkungen.com\/#website\"},\"primaryImageOfPage\":{\"@id\":\"https:\/\/xenonkungen.com\/produkt\/rally5-extraljus-nbb-alpha-225-60w-xenon\/#primaryimage\"},\"image\":{\"@id\":\"https:\/\/xenonkungen.com\/produkt\/rally5-extraljus-nbb-alpha-225-60w-xenon\/#primaryimage\"},\"thumbnailUrl\":\"https:\/\/xenonkungen.com\/wp-content\/uploads\/2025\/06\/178754997-origpic-2b395b.png\",\"datePublished\":\"2025-06-23T13:50:45+00:00\",\"dateModified\":\"2026-05-13T14:58:45+00:00\",\"breadcrumb\":{\"@id\":\"https:\/\/xenonkungen.com\/produkt\/rally5-extraljus-nbb-alpha-225-60w-xenon\/#breadcrumb\"},\"inLanguage\":\"da-DK\",\"potentialAction\":[{\"@type\":\"ReadAction\",\"target\":[\"https:\/\/xenonkungen.com\/produkt\/rally5-extraljus-nbb-alpha-225-60w-xenon\/\"]}]},{\"@type\":\"ImageObject\",\"inLanguage\":\"da-DK\",\"@id\":\"https:\/\/xenonkungen.com\/produkt\/rally5-extraljus-nbb-alpha-225-60w-xenon\/#primaryimage\",\"url\":\"https:\/\/xenonkungen.com\/wp-content\/uploads\/2025\/06\/178754997-origpic-2b395b.png\",\"contentUrl\":\"https:\/\/xenonkungen.com\/wp-content\/uploads\/2025\/06\/178754997-origpic-2b395b.png\",\"width\":1000,\"height\":1000},{\"@type\":\"BreadcrumbList\",\"@id\":\"https:\/\/xenonkungen.com\/produkt\/rally5-extraljus-nbb-alpha-225-60w-xenon\/#breadcrumb\",\"itemListElement\":[{\"@type\":\"ListItem\",\"position\":1,\"name\":\"Hem\",\"item\":\"https:\/\/xenonkungen.com\/\"},{\"@type\":\"ListItem\",\"position\":2,\"name\":\"Shop\",\"item\":\"https:\/\/xenonkungen.com\/shop\/\"},{\"@type\":\"ListItem\",\"position\":3,\"name\":\"RALLY5 Extraljus NBB Alpha 225 60W Xenon\"}]},{\"@type\":\"WebSite\",\"@id\":\"https:\/\/xenonkungen.com\/#website\",\"url\":\"https:\/\/xenonkungen.com\/\",\"name\":\"Xenonkungen\",\"description\":\"\",\"potentialAction\":[{\"@type\":\"SearchAction\",\"target\":{\"@type\":\"EntryPoint\",\"urlTemplate\":\"https:\/\/xenonkungen.com\/?s={search_term_string}\"},\"query-input\":{\"@type\":\"PropertyValueSpecification\",\"valueRequired\":true,\"valueName\":\"search_term_string\"}}],\"inLanguage\":\"da-DK\"}]}<\/script>\n<!-- \/ Yoast SEO plugin. -->","yoast_head_json":{"title":"RALLY5 Ekstralys NBB Alpha 225 60W Xenon - Xenonkungen","robots":{"index":"index","follow":"follow","max-snippet":"max-snippet:-1","max-image-preview":"max-image-preview:large","max-video-preview":"max-video-preview:-1"},"canonical":"https:\/\/xenonkungen.com\/dk\/vare\/rally5-ekstralys-nbb-alpha-225-60w-xenon\/","og_locale":"da_DK","og_type":"article","og_title":"RALLY5 Extraljus NBB Alpha 225 60W Xenon - Xenonkungen","og_description":"Extraljuspaketet f\u00f6r er som prioriterar absolut mest m\u00f6jliga ljus och kastl\u00e4ngd, oavsett om det \u00e4r p\u00e5 v\u00e4gen eller i rallyskogen!","og_url":"https:\/\/xenonkungen.com\/dk\/vare\/rally5-ekstralys-nbb-alpha-225-60w-xenon\/","og_site_name":"Xenonkungen","article_modified_time":"2026-05-13T14:58:45+00:00","og_image":[{"width":1000,"height":1000,"url":"https:\/\/xenonkungen.com\/wp-content\/uploads\/2025\/06\/178754997-origpic-2b395b.png","type":"image\/png"}],"twitter_card":"summary_large_image","twitter_misc":{"Estimeret l\u00e6setid":"2 minutter"},"schema":{"@context":"https:\/\/schema.org","@graph":[{"@type":"WebPage","@id":"https:\/\/xenonkungen.com\/produkt\/rally5-extraljus-nbb-alpha-225-60w-xenon\/","url":"https:\/\/xenonkungen.com\/produkt\/rally5-extraljus-nbb-alpha-225-60w-xenon\/","name":"RALLY5 Ekstralys NBB Alpha 225 60W Xenon - Xenonkungen","isPartOf":{"@id":"https:\/\/xenonkungen.com\/#website"},"primaryImageOfPage":{"@id":"https:\/\/xenonkungen.com\/produkt\/rally5-extraljus-nbb-alpha-225-60w-xenon\/#primaryimage"},"image":{"@id":"https:\/\/xenonkungen.com\/produkt\/rally5-extraljus-nbb-alpha-225-60w-xenon\/#primaryimage"},"thumbnailUrl":"https:\/\/xenonkungen.com\/wp-content\/uploads\/2025\/06\/178754997-origpic-2b395b.png","datePublished":"2025-06-23T13:50:45+00:00","dateModified":"2026-05-13T14:58:45+00:00","breadcrumb":{"@id":"https:\/\/xenonkungen.com\/produkt\/rally5-extraljus-nbb-alpha-225-60w-xenon\/#breadcrumb"},"inLanguage":"da-DK","potentialAction":[{"@type":"ReadAction","target":["https:\/\/xenonkungen.com\/produkt\/rally5-extraljus-nbb-alpha-225-60w-xenon\/"]}]},{"@type":"ImageObject","inLanguage":"da-DK","@id":"https:\/\/xenonkungen.com\/produkt\/rally5-extraljus-nbb-alpha-225-60w-xenon\/#primaryimage","url":"https:\/\/xenonkungen.com\/wp-content\/uploads\/2025\/06\/178754997-origpic-2b395b.png","contentUrl":"https:\/\/xenonkungen.com\/wp-content\/uploads\/2025\/06\/178754997-origpic-2b395b.png","width":1000,"height":1000},{"@type":"BreadcrumbList","@id":"https:\/\/xenonkungen.com\/produkt\/rally5-extraljus-nbb-alpha-225-60w-xenon\/#breadcrumb","itemListElement":[{"@type":"ListItem","position":1,"name":"Hem","item":"https:\/\/xenonkungen.com\/"},{"@type":"ListItem","position":2,"name":"Shop","item":"https:\/\/xenonkungen.com\/shop\/"},{"@type":"ListItem","position":3,"name":"RALLY5 Extraljus NBB Alpha 225 60W Xenon"}]},{"@type":"WebSite","@id":"https:\/\/xenonkungen.com\/#website","url":"https:\/\/xenonkungen.com\/","name":"Xenonkungen","description":"","potentialAction":[{"@type":"SearchAction","target":{"@type":"EntryPoint","urlTemplate":"https:\/\/xenonkungen.com\/?s={search_term_string}"},"query-input":{"@type":"PropertyValueSpecification","valueRequired":true,"valueName":"search_term_string"}}],"inLanguage":"da-DK"}]}},"taxonomy_info":{"product_cat":[{"value":2674,"label":"Paket"},{"value":142,"label":"Extraljus"},{"value":1859,"label":"Extraljuspaket"}],"pa_fargtemperatur":[{"value":154,"label":"5000K"},{"value":188,"label":"6000K"},{"value":755,"label":"4300K"}]},"featured_image_src_large":["https:\/\/xenonkungen.com\/wp-content\/uploads\/2025\/06\/178754997-origpic-2b395b.png",1000,1000,false],"author_info":[],"comment_info":0,"_links":{"self":[{"href":"https:\/\/xenonkungen.com\/dk\/wp-json\/wp\/v2\/product\/11530","targetHints":{"allow":["GET"]}}],"collection":[{"href":"https:\/\/xenonkungen.com\/dk\/wp-json\/wp\/v2\/product"}],"about":[{"href":"https:\/\/xenonkungen.com\/dk\/wp-json\/wp\/v2\/types\/product"}],"replies":[{"embeddable":true,"href":"https:\/\/xenonkungen.com\/dk\/wp-json\/wp\/v2\/comments?post=11530"}],"wp:featuredmedia":[{"embeddable":true,"href":"https:\/\/xenonkungen.com\/dk\/wp-json\/wp\/v2\/media\/10698"}],"wp:attachment":[{"href":"https:\/\/xenonkungen.com\/dk\/wp-json\/wp\/v2\/media?parent=11530"}],"wp:term":[{"taxonomy":"anvandningsomrade","embeddable":true,"href":"https:\/\/xenonkungen.com\/dk\/wp-json\/wp\/v2\/anvandningsomrade?post=11530"},{"taxonomy":"bilmarken","embeddable":true,"href":"https:\/\/xenonkungen.com\/dk\/wp-json\/wp\/v2\/bilmarken?post=11530"},{"taxonomy":"product_brand","embeddable":true,"href":"https:\/\/xenonkungen.com\/dk\/wp-json\/wp\/v2\/product_brand?post=11530"},{"taxonomy":"product_cat","embeddable":true,"href":"https:\/\/xenonkungen.com\/dk\/wp-json\/wp\/v2\/product_cat?post=11530"},{"taxonomy":"product_tag","embeddable":true,"href":"https:\/\/xenonkungen.com\/dk\/wp-json\/wp\/v2\/product_tag?post=11530"}],"curies":[{"name":"wp","href":"https:\/\/api.w.org\/{rel}","templated":true}]}}