{"id":11555,"date":"2025-06-23T13:50:52","date_gmt":"2025-06-23T13:50:52","guid":{"rendered":"https:\/\/xenonkungen.com\/produkt\/bromsljus-235mm-infallnad-ip67-rod\/"},"modified":"2026-03-04T16:54:34","modified_gmt":"2026-03-04T15:54:34","slug":"bremselys-235-mm-indbygget-ip67-stang","status":"publish","type":"product","link":"https:\/\/xenonkungen.com\/dk\/vare\/bremselys-235-mm-indbygget-ip67-stang\/","title":{"rendered":"Bremselys 235 mm | Indbygget | IP67 | R\u00f8d"},"content":{"rendered":"<h1>E-godkendt LED-stribelys som stoplys<\/h1>\n<p>Denne LED-stribe er E-godkendt til brug som stoplys, tilbyder fleksible monteringsmuligheder og er perfekt til installation i en r\u00e6kke forskellige k\u00f8ret\u00f8jer.<\/p>\n<h2>Specifikationer:<\/h2>\n<ul>\n<li>Anvendelse: Stoplys<\/li>\n<li>E-godkendelse: Opfylder EU-standarder<\/li>\n<li>Monteringsmuligheder: Lodret eller vandret<\/li>\n<li>Kompatibilitet: Fritst\u00e5ende eller med lamperamme<\/li>\n<\/ul>\n<h2>Funktioner og fordele:<\/h2>\n<ul>\n<li>E-godkendelse til lovlig brug som stoplys<\/li>\n<li>Fleksibel installation til brugerdefineret montering<\/li>\n<li>Indbygget for et problemfrit og integreret design<\/li>\n<li>H\u00f8j lysstyrke og synlighed for \u00f8get sikkerhed<\/li>\n<li>Moderne design, der komplementerer k\u00f8ret\u00f8jets \u00e6stetik<\/li>\n<\/ul>","protected":false},"excerpt":{"rendered":"<p>E-godk\u00e4nd LED Striplampa som Stoppljus Den h\u00e4r LED striplampan \u00e4r E-godk\u00e4nd f\u00f6r anv\u00e4ndning som stoppljus, erbjuder flexibla monteringsalternativ och \u00e4r perfekt f\u00f6r inbyggnad i en rad olika fordon. Specifikationer: Anv\u00e4ndning: Stoppljus E-godk\u00e4nnande: Uppfyller EU-standarder Monteringsalternativ: Vertikal eller horisontell Kompatibilitet: Frist\u00e5ende eller med lampsarg Funktioner och F\u00f6rdelar: E-godk\u00e4nnande f\u00f6r laglig anv\u00e4ndning som stoppljus Flexibel installation f\u00f6r [&hellip;]<\/p>","protected":false},"featured_media":10731,"comment_status":"closed","ping_status":"closed","template":"","meta":{"_acf_changed":false,"_smort_price_nok":"256","_smort_price_dkk":"163","_smort_price_eur":"21.82","_smort_sale_price_nok":"","_smort_sale_price_dkk":"","_smort_sale_price_eur":"","smort_restorder":"","shipmondo_restorder":"","_kad_blocks_custom_css":"","_kad_blocks_head_custom_js":"","_kad_blocks_body_custom_js":"","_kad_blocks_footer_custom_js":"","smort_custom_pricelist_1":"134.4","smort_custom_pricelist_2":"134.4","smort_custom_pricelist_3":"127.68","smort_custom_pricelist_4":"192","smort_custom_pricelist_5":"134.4"},"anvandningsomrade":[166,238,2816],"bilmarken":[],"product_brand":[1252],"product_cat":[2552],"product_tag":[],"class_list":{"0":"post-11555","1":"product","2":"type-product","3":"status-publish","4":"has-post-thumbnail","6":"anvandningsomrade-lastbil","7":"anvandningsomrade-slap","8":"anvandningsomrade-trailer","9":"product_brand-lea","10":"product_cat-bakljus-slap","11":"pa_fuktskydd-varde-ipxx-ip67","12":"pa_godkannande-ece-r7-s3","13":"pa_storlek-mm-237x25x16","14":"pa_volt-v-159","15":"pa_volt-v-160","17":"first","18":"instock","19":"taxable","20":"shipping-taxable","21":"purchasable","22":"product-type-variable"},"bundled_by":[],"bundle_stock_status":"instock","bundle_stock_quantity":12,"bundle_virtual":false,"bundle_layout":"","bundle_add_to_cart_form_location":"","bundle_editable_in_cart":false,"bundle_sold_individually_context":"","bundle_item_grouping":"","bundle_min_size":"","bundle_max_size":"","bundle_price":[],"bundled_items":[],"bundle_sell_ids":[],"acf":[],"yoast_head":"<!-- This site is optimized with the Yoast SEO plugin v27.0 - https:\/\/yoast.com\/product\/yoast-seo-wordpress\/ -->\n<title>Bromsljus 235mm | Inf\u00e4llnad | IP67 | R\u00f6d - Xenonkungen<\/title>\n<meta name=\"robots\" content=\"index, follow, max-snippet:-1, max-image-preview:large, max-video-preview:-1\" \/>\n<link rel=\"canonical\" href=\"https:\/\/xenonkungen.com\/dk\/vare\/bremselys-235-mm-indbygget-ip67-stang\/\" \/>\n<meta property=\"og:locale\" content=\"da_DK\" \/>\n<meta property=\"og:type\" content=\"article\" \/>\n<meta property=\"og:title\" content=\"Bromsljus 235mm | Inf\u00e4llnad | IP67 | R\u00f6d - Xenonkungen\" \/>\n<meta property=\"og:description\" content=\"E-godk\u00e4nd LED Striplampa som Stoppljus Den h\u00e4r LED striplampan \u00e4r E-godk\u00e4nd f\u00f6r anv\u00e4ndning som stoppljus, erbjuder flexibla monteringsalternativ och \u00e4r perfekt f\u00f6r inbyggnad i en rad olika fordon. Specifikationer: Anv\u00e4ndning: Stoppljus E-godk\u00e4nnande: Uppfyller EU-standarder Monteringsalternativ: Vertikal eller horisontell Kompatibilitet: Frist\u00e5ende eller med lampsarg Funktioner och F\u00f6rdelar: E-godk\u00e4nnande f\u00f6r laglig anv\u00e4ndning som stoppljus Flexibel installation f\u00f6r [&hellip;]\" \/>\n<meta property=\"og:url\" content=\"https:\/\/xenonkungen.com\/dk\/vare\/bremselys-235-mm-indbygget-ip67-stang\/\" \/>\n<meta property=\"og:site_name\" content=\"Xenonkungen\" \/>\n<meta property=\"article:modified_time\" content=\"2026-03-04T15:54:34+00:00\" \/>\n<meta property=\"og:image\" content=\"https:\/\/xenonkungen.com\/wp-content\/uploads\/2025\/06\/21671898-origpic-9202bb.jpg\" \/>\n\t<meta property=\"og:image:width\" content=\"800\" \/>\n\t<meta property=\"og:image:height\" content=\"800\" \/>\n\t<meta property=\"og:image:type\" content=\"image\/jpeg\" \/>\n<meta name=\"twitter:card\" content=\"summary_large_image\" \/>\n<script type=\"application\/ld+json\" class=\"yoast-schema-graph\">{\"@context\":\"https:\/\/schema.org\",\"@graph\":[{\"@type\":\"WebPage\",\"@id\":\"https:\/\/xenonkungen.com\/no\/produkt\/bremselys-235-mm-innfelt-ip67-stang\/\",\"url\":\"https:\/\/xenonkungen.com\/no\/produkt\/bremselys-235-mm-innfelt-ip67-stang\/\",\"name\":\"Bromsljus 235mm | Inf\u00e4llnad | IP67 | R\u00f6d - Xenonkungen\",\"isPartOf\":{\"@id\":\"https:\/\/xenonkungen.com\/#website\"},\"primaryImageOfPage\":{\"@id\":\"https:\/\/xenonkungen.com\/no\/produkt\/bremselys-235-mm-innfelt-ip67-stang\/#primaryimage\"},\"image\":{\"@id\":\"https:\/\/xenonkungen.com\/no\/produkt\/bremselys-235-mm-innfelt-ip67-stang\/#primaryimage\"},\"thumbnailUrl\":\"https:\/\/xenonkungen.com\/wp-content\/uploads\/2025\/06\/21671898-origpic-9202bb.jpg\",\"datePublished\":\"2025-06-23T13:50:52+00:00\",\"dateModified\":\"2026-03-04T15:54:34+00:00\",\"breadcrumb\":{\"@id\":\"https:\/\/xenonkungen.com\/no\/produkt\/bremselys-235-mm-innfelt-ip67-stang\/#breadcrumb\"},\"inLanguage\":\"da-DK\",\"potentialAction\":[{\"@type\":\"ReadAction\",\"target\":[\"https:\/\/xenonkungen.com\/no\/produkt\/bremselys-235-mm-innfelt-ip67-stang\/\"]}]},{\"@type\":\"ImageObject\",\"inLanguage\":\"da-DK\",\"@id\":\"https:\/\/xenonkungen.com\/no\/produkt\/bremselys-235-mm-innfelt-ip67-stang\/#primaryimage\",\"url\":\"https:\/\/xenonkungen.com\/wp-content\/uploads\/2025\/06\/21671898-origpic-9202bb.jpg\",\"contentUrl\":\"https:\/\/xenonkungen.com\/wp-content\/uploads\/2025\/06\/21671898-origpic-9202bb.jpg\",\"width\":800,\"height\":800},{\"@type\":\"BreadcrumbList\",\"@id\":\"https:\/\/xenonkungen.com\/no\/produkt\/bremselys-235-mm-innfelt-ip67-stang\/#breadcrumb\",\"itemListElement\":[{\"@type\":\"ListItem\",\"position\":1,\"name\":\"Hem\",\"item\":\"https:\/\/xenonkungen.com\/\"},{\"@type\":\"ListItem\",\"position\":2,\"name\":\"Shop\",\"item\":\"https:\/\/xenonkungen.com\/shop\/\"},{\"@type\":\"ListItem\",\"position\":3,\"name\":\"Bromsljus 235mm | Inf\u00e4llnad | IP67 | R\u00f6d\"}]},{\"@type\":\"WebSite\",\"@id\":\"https:\/\/xenonkungen.com\/#website\",\"url\":\"https:\/\/xenonkungen.com\/\",\"name\":\"Xenonkungen\",\"description\":\"\",\"potentialAction\":[{\"@type\":\"SearchAction\",\"target\":{\"@type\":\"EntryPoint\",\"urlTemplate\":\"https:\/\/xenonkungen.com\/?s={search_term_string}\"},\"query-input\":{\"@type\":\"PropertyValueSpecification\",\"valueRequired\":true,\"valueName\":\"search_term_string\"}}],\"inLanguage\":\"da-DK\"}]}<\/script>\n<!-- \/ Yoast SEO plugin. -->","yoast_head_json":{"title":"Bremselys 235 mm | Indbygget | IP67 | R\u00f8d - Xenonkungen","robots":{"index":"index","follow":"follow","max-snippet":"max-snippet:-1","max-image-preview":"max-image-preview:large","max-video-preview":"max-video-preview:-1"},"canonical":"https:\/\/xenonkungen.com\/dk\/vare\/bremselys-235-mm-indbygget-ip67-stang\/","og_locale":"da_DK","og_type":"article","og_title":"Bromsljus 235mm | Inf\u00e4llnad | IP67 | R\u00f6d - Xenonkungen","og_description":"E-godk\u00e4nd LED Striplampa som Stoppljus Den h\u00e4r LED striplampan \u00e4r E-godk\u00e4nd f\u00f6r anv\u00e4ndning som stoppljus, erbjuder flexibla monteringsalternativ och \u00e4r perfekt f\u00f6r inbyggnad i en rad olika fordon. Specifikationer: Anv\u00e4ndning: Stoppljus E-godk\u00e4nnande: Uppfyller EU-standarder Monteringsalternativ: Vertikal eller horisontell Kompatibilitet: Frist\u00e5ende eller med lampsarg Funktioner och F\u00f6rdelar: E-godk\u00e4nnande f\u00f6r laglig anv\u00e4ndning som stoppljus Flexibel installation f\u00f6r [&hellip;]","og_url":"https:\/\/xenonkungen.com\/dk\/vare\/bremselys-235-mm-indbygget-ip67-stang\/","og_site_name":"Xenonkungen","article_modified_time":"2026-03-04T15:54:34+00:00","og_image":[{"width":800,"height":800,"url":"https:\/\/xenonkungen.com\/wp-content\/uploads\/2025\/06\/21671898-origpic-9202bb.jpg","type":"image\/jpeg"}],"twitter_card":"summary_large_image","schema":{"@context":"https:\/\/schema.org","@graph":[{"@type":"WebPage","@id":"https:\/\/xenonkungen.com\/no\/produkt\/bremselys-235-mm-innfelt-ip67-stang\/","url":"https:\/\/xenonkungen.com\/no\/produkt\/bremselys-235-mm-innfelt-ip67-stang\/","name":"Bremselys 235 mm | Indbygget | IP67 | R\u00f8d - Xenonkungen","isPartOf":{"@id":"https:\/\/xenonkungen.com\/#website"},"primaryImageOfPage":{"@id":"https:\/\/xenonkungen.com\/no\/produkt\/bremselys-235-mm-innfelt-ip67-stang\/#primaryimage"},"image":{"@id":"https:\/\/xenonkungen.com\/no\/produkt\/bremselys-235-mm-innfelt-ip67-stang\/#primaryimage"},"thumbnailUrl":"https:\/\/xenonkungen.com\/wp-content\/uploads\/2025\/06\/21671898-origpic-9202bb.jpg","datePublished":"2025-06-23T13:50:52+00:00","dateModified":"2026-03-04T15:54:34+00:00","breadcrumb":{"@id":"https:\/\/xenonkungen.com\/no\/produkt\/bremselys-235-mm-innfelt-ip67-stang\/#breadcrumb"},"inLanguage":"da-DK","potentialAction":[{"@type":"ReadAction","target":["https:\/\/xenonkungen.com\/no\/produkt\/bremselys-235-mm-innfelt-ip67-stang\/"]}]},{"@type":"ImageObject","inLanguage":"da-DK","@id":"https:\/\/xenonkungen.com\/no\/produkt\/bremselys-235-mm-innfelt-ip67-stang\/#primaryimage","url":"https:\/\/xenonkungen.com\/wp-content\/uploads\/2025\/06\/21671898-origpic-9202bb.jpg","contentUrl":"https:\/\/xenonkungen.com\/wp-content\/uploads\/2025\/06\/21671898-origpic-9202bb.jpg","width":800,"height":800},{"@type":"BreadcrumbList","@id":"https:\/\/xenonkungen.com\/no\/produkt\/bremselys-235-mm-innfelt-ip67-stang\/#breadcrumb","itemListElement":[{"@type":"ListItem","position":1,"name":"Hem","item":"https:\/\/xenonkungen.com\/"},{"@type":"ListItem","position":2,"name":"Shop","item":"https:\/\/xenonkungen.com\/shop\/"},{"@type":"ListItem","position":3,"name":"Bromsljus 235mm | Inf\u00e4llnad | IP67 | R\u00f6d"}]},{"@type":"WebSite","@id":"https:\/\/xenonkungen.com\/#website","url":"https:\/\/xenonkungen.com\/","name":"Xenonkungen","description":"","potentialAction":[{"@type":"SearchAction","target":{"@type":"EntryPoint","urlTemplate":"https:\/\/xenonkungen.com\/?s={search_term_string}"},"query-input":{"@type":"PropertyValueSpecification","valueRequired":true,"valueName":"search_term_string"}}],"inLanguage":"da-DK"}]}},"taxonomy_info":{"anvandningsomrade":[{"value":166,"label":"Lastbil"},{"value":238,"label":"SL\u00c4P"},{"value":2816,"label":"TRAILER"}],"product_brand":[{"value":1252,"label":"LEA"}],"product_cat":[{"value":2552,"label":"Bakljus"}],"pa_fuktskydd-varde-ipxx":[{"value":333,"label":"IP67"}],"pa_godkannande":[{"value":2250,"label":"ECE, R7-S3"}],"pa_storlek-mm":[{"value":2402,"label":"237x25x16"}],"pa_volt-v":[{"value":159,"label":"12"},{"value":160,"label":"24"}]},"featured_image_src_large":["https:\/\/xenonkungen.com\/wp-content\/uploads\/2025\/06\/21671898-origpic-9202bb.jpg",800,800,false],"author_info":[],"comment_info":0,"_links":{"self":[{"href":"https:\/\/xenonkungen.com\/dk\/wp-json\/wp\/v2\/product\/11555","targetHints":{"allow":["GET"]}}],"collection":[{"href":"https:\/\/xenonkungen.com\/dk\/wp-json\/wp\/v2\/product"}],"about":[{"href":"https:\/\/xenonkungen.com\/dk\/wp-json\/wp\/v2\/types\/product"}],"replies":[{"embeddable":true,"href":"https:\/\/xenonkungen.com\/dk\/wp-json\/wp\/v2\/comments?post=11555"}],"wp:featuredmedia":[{"embeddable":true,"href":"https:\/\/xenonkungen.com\/dk\/wp-json\/wp\/v2\/media\/10731"}],"wp:attachment":[{"href":"https:\/\/xenonkungen.com\/dk\/wp-json\/wp\/v2\/media?parent=11555"}],"wp:term":[{"taxonomy":"anvandningsomrade","embeddable":true,"href":"https:\/\/xenonkungen.com\/dk\/wp-json\/wp\/v2\/anvandningsomrade?post=11555"},{"taxonomy":"bilmarken","embeddable":true,"href":"https:\/\/xenonkungen.com\/dk\/wp-json\/wp\/v2\/bilmarken?post=11555"},{"taxonomy":"product_brand","embeddable":true,"href":"https:\/\/xenonkungen.com\/dk\/wp-json\/wp\/v2\/product_brand?post=11555"},{"taxonomy":"product_cat","embeddable":true,"href":"https:\/\/xenonkungen.com\/dk\/wp-json\/wp\/v2\/product_cat?post=11555"},{"taxonomy":"product_tag","embeddable":true,"href":"https:\/\/xenonkungen.com\/dk\/wp-json\/wp\/v2\/product_tag?post=11555"}],"curies":[{"name":"wp","href":"https:\/\/api.w.org\/{rel}","templated":true}]}}