{"id":11576,"date":"2025-06-23T13:51:00","date_gmt":"2025-06-23T13:51:00","guid":{"rendered":"https:\/\/xenonkungen.com\/produkt\/interior-led-list-260mmon-offgra\/"},"modified":"2026-04-11T00:47:27","modified_gmt":"2026-04-10T23:47:27","slug":"indvendig-led-strimmel-260-mm-offgra","status":"publish","type":"product","link":"https:\/\/xenonkungen.com\/dk\/vare\/indvendig-led-strimmel-260-mm-offgra\/","title":{"rendered":"Indvendig LED-strip 260mm|T\u00c6ND\/SLUK|Gr\u00e5"},"content":{"rendered":"<h1>Elegant indvendig arbejdsbelysning<\/h1>\n<p>Denne slanke indvendige arbejdslampe er skr\u00e6ddersyet til at forbedre arbejdsmilj\u00f8et i ethvert k\u00f8ret\u00f8j. Med sin stabile aluminiumsprofil og ber\u00f8ringsf\u00f8lsomme t\u00e6nd\/sluk-knap tilbyder den hurtig og nem lysstyring. Den dagslyshvide belysning (6500K) er ideel til servicevogne, campingvogne og andre k\u00f8ret\u00f8jsinteri\u00f8r, hvor der kr\u00e6ves arbejdsbelysning af h\u00f8j kvalitet.<\/p>\n<h2>Karakteristika<\/h2>\n<ul>\n<li>Dagslyshvid belysning (6500K) optimal til arbejdsmilj\u00f8er.<\/li>\n<li>Solid elektrolytisk farvet aluminiumsramme i grafitgr\u00e5 finish.<\/li>\n<li>Slagfast linse af matteret polykarbonat.<\/li>\n<li>St\u00f8dsikker, vibrationsbestandig og fuldt neds\u00e6nkbar (IP67).<\/li>\n<li>Kortslutningsbeskyttet for \u00f8get sikkerhed og p\u00e5lidelighed.<\/li>\n<\/ul>\n<p>Med sit slanke design og avancerede LED-teknologi er denne arbejdslampe ikke kun et praktisk aktiv, men ogs\u00e5 et \u00e6stetisk l\u00f8ft til k\u00f8ret\u00f8jets interi\u00f8r. Uanset vejrforholdene tilbyder denne enhed p\u00e5lidelig og effektiv belysning, hvilket g\u00f8r den til en uundv\u00e6rlig tilf\u00f8jelse for alle, der v\u00e6rds\u00e6tter sikkerhed og synlighed.<\/p>","protected":false},"excerpt":{"rendered":"<p>Slimmad Interi\u00f6r Arbetsbelysning Denna slimmade interi\u00f6r arbetsbelysning \u00e4r skr\u00e4ddarsydd f\u00f6r att f\u00f6rb\u00e4ttra arbetsmilj\u00f6n i alla fordon. Med sin stabila aluminiumprofil och ber\u00f6ringsk\u00e4nsliga av\/p\u00e5 knapp erbjuder den en snabb och smidig ljuskontroll. Den dagsljusvita belysningen (6500K) \u00e4r idealisk f\u00f6r servicebilar, husvagnar och andra fordonsinteri\u00f6rer d\u00e4r h\u00f6gkvalitativ arbetsbelysning kr\u00e4vs. Egenskaper Dagsljusvit belysning (6500K) optimal f\u00f6r arbetsmilj\u00f6er. Solid [&hellip;]<\/p>","protected":false},"featured_media":10762,"comment_status":"closed","ping_status":"closed","template":"","meta":{"_acf_changed":false,"_smort_price_nok":"342","_smort_price_dkk":"217","_smort_price_eur":"29.09","_smort_sale_price_nok":"","_smort_sale_price_dkk":"","_smort_sale_price_eur":"","smort_restorder":"","shipmondo_restorder":"","_kad_blocks_custom_css":"","_kad_blocks_head_custom_js":"","_kad_blocks_body_custom_js":"","_kad_blocks_footer_custom_js":"","smort_custom_pricelist_1":"","smort_custom_pricelist_2":"","smort_custom_pricelist_3":"","smort_custom_pricelist_4":"","smort_custom_pricelist_5":""},"anvandningsomrade":[166,238,2816],"bilmarken":[],"product_brand":[1252],"product_cat":[2586],"product_tag":[],"class_list":{"0":"post-11576","1":"product","2":"type-product","3":"status-publish","4":"has-post-thumbnail","6":"anvandningsomrade-lastbil","7":"anvandningsomrade-slap","8":"anvandningsomrade-trailer","9":"product_brand-lea","10":"product_cat-interiorbelysning-slap","11":"pa_fargtemperatur-6500k","12":"pa_fuktskydd-varde-ipxx-ip67","13":"pa_storlek-mm-260x40x11","14":"pa_stromforbrukning-025a-28v","15":"pa_stromforbrukning-048a-144v","16":"pa_volt-v-159","17":"pa_volt-v-160","19":"first","20":"instock","21":"taxable","22":"shipping-taxable","23":"purchasable","24":"product-type-variable"},"bundled_by":[],"bundle_stock_status":"instock","bundle_stock_quantity":null,"bundle_virtual":false,"bundle_layout":"","bundle_add_to_cart_form_location":"","bundle_editable_in_cart":false,"bundle_sold_individually_context":"","bundle_item_grouping":"","bundle_min_size":"","bundle_max_size":"","bundle_price":[],"bundled_items":[],"bundle_sell_ids":[],"acf":[],"yoast_head":"<!-- This site is optimized with the Yoast SEO plugin v27.0 - https:\/\/yoast.com\/product\/yoast-seo-wordpress\/ -->\n<title>Interi\u00f6r LED-list 260mm|ON\/OFF|Gr\u00e5 - Xenonkungen<\/title>\n<meta name=\"robots\" content=\"index, follow, max-snippet:-1, max-image-preview:large, max-video-preview:-1\" \/>\n<link rel=\"canonical\" href=\"https:\/\/xenonkungen.com\/dk\/vare\/indvendig-led-strimmel-260-mm-offgra\/\" \/>\n<meta property=\"og:locale\" content=\"da_DK\" \/>\n<meta property=\"og:type\" content=\"article\" \/>\n<meta property=\"og:title\" content=\"Interi\u00f6r LED-list 260mm|ON\/OFF|Gr\u00e5 - Xenonkungen\" \/>\n<meta property=\"og:description\" content=\"Slimmad Interi\u00f6r Arbetsbelysning Denna slimmade interi\u00f6r arbetsbelysning \u00e4r skr\u00e4ddarsydd f\u00f6r att f\u00f6rb\u00e4ttra arbetsmilj\u00f6n i alla fordon. Med sin stabila aluminiumprofil och ber\u00f6ringsk\u00e4nsliga av\/p\u00e5 knapp erbjuder den en snabb och smidig ljuskontroll. Den dagsljusvita belysningen (6500K) \u00e4r idealisk f\u00f6r servicebilar, husvagnar och andra fordonsinteri\u00f6rer d\u00e4r h\u00f6gkvalitativ arbetsbelysning kr\u00e4vs. Egenskaper Dagsljusvit belysning (6500K) optimal f\u00f6r arbetsmilj\u00f6er. Solid [&hellip;]\" \/>\n<meta property=\"og:url\" content=\"https:\/\/xenonkungen.com\/dk\/vare\/indvendig-led-strimmel-260-mm-offgra\/\" \/>\n<meta property=\"og:site_name\" content=\"Xenonkungen\" \/>\n<meta property=\"article:modified_time\" content=\"2026-04-10T23:47:27+00:00\" \/>\n<meta property=\"og:image\" content=\"https:\/\/xenonkungen.com\/wp-content\/uploads\/2025\/06\/38122359-origpic-468421.png\" \/>\n\t<meta property=\"og:image:width\" content=\"700\" \/>\n\t<meta property=\"og:image:height\" content=\"700\" \/>\n\t<meta property=\"og:image:type\" content=\"image\/png\" \/>\n<meta name=\"twitter:card\" content=\"summary_large_image\" \/>\n<meta name=\"twitter:label1\" content=\"Estimeret l\u00e6setid\" \/>\n\t<meta name=\"twitter:data1\" content=\"1 minut\" \/>\n<script type=\"application\/ld+json\" class=\"yoast-schema-graph\">{\"@context\":\"https:\/\/schema.org\",\"@graph\":[{\"@type\":\"WebPage\",\"@id\":\"https:\/\/xenonkungen.com\/produkt\/interior-led-list-260mmon-offgra\/\",\"url\":\"https:\/\/xenonkungen.com\/produkt\/interior-led-list-260mmon-offgra\/\",\"name\":\"Interi\u00f6r LED-list 260mm|ON\/OFF|Gr\u00e5 - Xenonkungen\",\"isPartOf\":{\"@id\":\"https:\/\/xenonkungen.com\/#website\"},\"primaryImageOfPage\":{\"@id\":\"https:\/\/xenonkungen.com\/produkt\/interior-led-list-260mmon-offgra\/#primaryimage\"},\"image\":{\"@id\":\"https:\/\/xenonkungen.com\/produkt\/interior-led-list-260mmon-offgra\/#primaryimage\"},\"thumbnailUrl\":\"https:\/\/xenonkungen.com\/wp-content\/uploads\/2025\/06\/38122359-origpic-468421.png\",\"datePublished\":\"2025-06-23T13:51:00+00:00\",\"dateModified\":\"2026-04-10T23:47:27+00:00\",\"breadcrumb\":{\"@id\":\"https:\/\/xenonkungen.com\/produkt\/interior-led-list-260mmon-offgra\/#breadcrumb\"},\"inLanguage\":\"da-DK\",\"potentialAction\":[{\"@type\":\"ReadAction\",\"target\":[\"https:\/\/xenonkungen.com\/produkt\/interior-led-list-260mmon-offgra\/\"]}]},{\"@type\":\"ImageObject\",\"inLanguage\":\"da-DK\",\"@id\":\"https:\/\/xenonkungen.com\/produkt\/interior-led-list-260mmon-offgra\/#primaryimage\",\"url\":\"https:\/\/xenonkungen.com\/wp-content\/uploads\/2025\/06\/38122359-origpic-468421.png\",\"contentUrl\":\"https:\/\/xenonkungen.com\/wp-content\/uploads\/2025\/06\/38122359-origpic-468421.png\",\"width\":700,\"height\":700},{\"@type\":\"BreadcrumbList\",\"@id\":\"https:\/\/xenonkungen.com\/produkt\/interior-led-list-260mmon-offgra\/#breadcrumb\",\"itemListElement\":[{\"@type\":\"ListItem\",\"position\":1,\"name\":\"Hem\",\"item\":\"https:\/\/xenonkungen.com\/\"},{\"@type\":\"ListItem\",\"position\":2,\"name\":\"Shop\",\"item\":\"https:\/\/xenonkungen.com\/shop\/\"},{\"@type\":\"ListItem\",\"position\":3,\"name\":\"Interi\u00f6r LED-list 260mm|ON\/OFF|Gr\u00e5\"}]},{\"@type\":\"WebSite\",\"@id\":\"https:\/\/xenonkungen.com\/#website\",\"url\":\"https:\/\/xenonkungen.com\/\",\"name\":\"Xenonkungen\",\"description\":\"\",\"potentialAction\":[{\"@type\":\"SearchAction\",\"target\":{\"@type\":\"EntryPoint\",\"urlTemplate\":\"https:\/\/xenonkungen.com\/?s={search_term_string}\"},\"query-input\":{\"@type\":\"PropertyValueSpecification\",\"valueRequired\":true,\"valueName\":\"search_term_string\"}}],\"inLanguage\":\"da-DK\"}]}<\/script>\n<!-- \/ Yoast SEO plugin. -->","yoast_head_json":{"title":"Indvendig LED-strip 260 mm | TIL\/FRA | Gr\u00e5 - Xenonkungen","robots":{"index":"index","follow":"follow","max-snippet":"max-snippet:-1","max-image-preview":"max-image-preview:large","max-video-preview":"max-video-preview:-1"},"canonical":"https:\/\/xenonkungen.com\/dk\/vare\/indvendig-led-strimmel-260-mm-offgra\/","og_locale":"da_DK","og_type":"article","og_title":"Interi\u00f6r LED-list 260mm|ON\/OFF|Gr\u00e5 - Xenonkungen","og_description":"Slimmad Interi\u00f6r Arbetsbelysning Denna slimmade interi\u00f6r arbetsbelysning \u00e4r skr\u00e4ddarsydd f\u00f6r att f\u00f6rb\u00e4ttra arbetsmilj\u00f6n i alla fordon. Med sin stabila aluminiumprofil och ber\u00f6ringsk\u00e4nsliga av\/p\u00e5 knapp erbjuder den en snabb och smidig ljuskontroll. Den dagsljusvita belysningen (6500K) \u00e4r idealisk f\u00f6r servicebilar, husvagnar och andra fordonsinteri\u00f6rer d\u00e4r h\u00f6gkvalitativ arbetsbelysning kr\u00e4vs. Egenskaper Dagsljusvit belysning (6500K) optimal f\u00f6r arbetsmilj\u00f6er. Solid [&hellip;]","og_url":"https:\/\/xenonkungen.com\/dk\/vare\/indvendig-led-strimmel-260-mm-offgra\/","og_site_name":"Xenonkungen","article_modified_time":"2026-04-10T23:47:27+00:00","og_image":[{"width":700,"height":700,"url":"https:\/\/xenonkungen.com\/wp-content\/uploads\/2025\/06\/38122359-origpic-468421.png","type":"image\/png"}],"twitter_card":"summary_large_image","twitter_misc":{"Estimeret l\u00e6setid":"1 minut"},"schema":{"@context":"https:\/\/schema.org","@graph":[{"@type":"WebPage","@id":"https:\/\/xenonkungen.com\/produkt\/interior-led-list-260mmon-offgra\/","url":"https:\/\/xenonkungen.com\/produkt\/interior-led-list-260mmon-offgra\/","name":"Indvendig LED-strip 260 mm | TIL\/FRA | Gr\u00e5 - Xenonkungen","isPartOf":{"@id":"https:\/\/xenonkungen.com\/#website"},"primaryImageOfPage":{"@id":"https:\/\/xenonkungen.com\/produkt\/interior-led-list-260mmon-offgra\/#primaryimage"},"image":{"@id":"https:\/\/xenonkungen.com\/produkt\/interior-led-list-260mmon-offgra\/#primaryimage"},"thumbnailUrl":"https:\/\/xenonkungen.com\/wp-content\/uploads\/2025\/06\/38122359-origpic-468421.png","datePublished":"2025-06-23T13:51:00+00:00","dateModified":"2026-04-10T23:47:27+00:00","breadcrumb":{"@id":"https:\/\/xenonkungen.com\/produkt\/interior-led-list-260mmon-offgra\/#breadcrumb"},"inLanguage":"da-DK","potentialAction":[{"@type":"ReadAction","target":["https:\/\/xenonkungen.com\/produkt\/interior-led-list-260mmon-offgra\/"]}]},{"@type":"ImageObject","inLanguage":"da-DK","@id":"https:\/\/xenonkungen.com\/produkt\/interior-led-list-260mmon-offgra\/#primaryimage","url":"https:\/\/xenonkungen.com\/wp-content\/uploads\/2025\/06\/38122359-origpic-468421.png","contentUrl":"https:\/\/xenonkungen.com\/wp-content\/uploads\/2025\/06\/38122359-origpic-468421.png","width":700,"height":700},{"@type":"BreadcrumbList","@id":"https:\/\/xenonkungen.com\/produkt\/interior-led-list-260mmon-offgra\/#breadcrumb","itemListElement":[{"@type":"ListItem","position":1,"name":"Hem","item":"https:\/\/xenonkungen.com\/"},{"@type":"ListItem","position":2,"name":"Shop","item":"https:\/\/xenonkungen.com\/shop\/"},{"@type":"ListItem","position":3,"name":"Interi\u00f6r LED-list 260mm|ON\/OFF|Gr\u00e5"}]},{"@type":"WebSite","@id":"https:\/\/xenonkungen.com\/#website","url":"https:\/\/xenonkungen.com\/","name":"Xenonkungen","description":"","potentialAction":[{"@type":"SearchAction","target":{"@type":"EntryPoint","urlTemplate":"https:\/\/xenonkungen.com\/?s={search_term_string}"},"query-input":{"@type":"PropertyValueSpecification","valueRequired":true,"valueName":"search_term_string"}}],"inLanguage":"da-DK"}]}},"taxonomy_info":{"anvandningsomrade":[{"value":166,"label":"Lastbil"},{"value":238,"label":"SL\u00c4P"},{"value":2816,"label":"TRAILER"}],"product_brand":[{"value":1252,"label":"LEA"}],"product_cat":[{"value":2586,"label":"Interi\u00f6rbelysning"}],"pa_fargtemperatur":[{"value":353,"label":"6500K"}],"pa_fuktskydd-varde-ipxx":[{"value":333,"label":"IP67"}],"pa_storlek-mm":[{"value":2405,"label":"260x40x11"}],"pa_stromforbrukning":[{"value":2260,"label":"0,25A @28V"},{"value":2259,"label":"0,48A @14,4V"}],"pa_volt-v":[{"value":159,"label":"12"},{"value":160,"label":"24"}]},"featured_image_src_large":["https:\/\/xenonkungen.com\/wp-content\/uploads\/2025\/06\/38122359-origpic-468421.png",700,700,false],"author_info":[],"comment_info":0,"_links":{"self":[{"href":"https:\/\/xenonkungen.com\/dk\/wp-json\/wp\/v2\/product\/11576","targetHints":{"allow":["GET"]}}],"collection":[{"href":"https:\/\/xenonkungen.com\/dk\/wp-json\/wp\/v2\/product"}],"about":[{"href":"https:\/\/xenonkungen.com\/dk\/wp-json\/wp\/v2\/types\/product"}],"replies":[{"embeddable":true,"href":"https:\/\/xenonkungen.com\/dk\/wp-json\/wp\/v2\/comments?post=11576"}],"wp:featuredmedia":[{"embeddable":true,"href":"https:\/\/xenonkungen.com\/dk\/wp-json\/wp\/v2\/media\/10762"}],"wp:attachment":[{"href":"https:\/\/xenonkungen.com\/dk\/wp-json\/wp\/v2\/media?parent=11576"}],"wp:term":[{"taxonomy":"anvandningsomrade","embeddable":true,"href":"https:\/\/xenonkungen.com\/dk\/wp-json\/wp\/v2\/anvandningsomrade?post=11576"},{"taxonomy":"bilmarken","embeddable":true,"href":"https:\/\/xenonkungen.com\/dk\/wp-json\/wp\/v2\/bilmarken?post=11576"},{"taxonomy":"product_brand","embeddable":true,"href":"https:\/\/xenonkungen.com\/dk\/wp-json\/wp\/v2\/product_brand?post=11576"},{"taxonomy":"product_cat","embeddable":true,"href":"https:\/\/xenonkungen.com\/dk\/wp-json\/wp\/v2\/product_cat?post=11576"},{"taxonomy":"product_tag","embeddable":true,"href":"https:\/\/xenonkungen.com\/dk\/wp-json\/wp\/v2\/product_tag?post=11576"}],"curies":[{"name":"wp","href":"https:\/\/api.w.org\/{rel}","templated":true}]}}