{"id":11579,"date":"2025-06-23T13:51:00","date_gmt":"2025-06-23T13:51:00","guid":{"rendered":"https:\/\/xenonkungen.com\/produkt\/interior-led-list-260mm-on-off-silver\/"},"modified":"2026-04-11T00:47:32","modified_gmt":"2026-04-10T23:47:32","slug":"indvendig-led-strimmel-260-mm-taend-sluk-solv","status":"publish","type":"product","link":"https:\/\/xenonkungen.com\/dk\/vare\/indvendig-led-strimmel-260-mm-taend-sluk-solv\/","title":{"rendered":"Indvendig LED-liste 260mm | ON\/OFF | S\u00f8lv"},"content":{"rendered":"<h1>Elegant indvendig arbejdsbelysning<\/h1>\n<p>Denne slanke arbejdslampe af h\u00f8j kvalitet er designet med en robust aluminiumsprofil i s\u00f8lvfinish og en ber\u00f8ringsf\u00f8lsom t\u00e6nd\/sluk-knap. Den er ideel til brug i alle typer k\u00f8ret\u00f8jsinteri\u00f8r, f.eks. servicebiler og campingvogne, hvor der er behov for dagslys hvid (6500K) arbejdsbelysning.<\/p>\n<p>Armaturet er designet med kvalitet i hver eneste detalje, med en solid ramme af elektrolytisk aluminium og en slagfast linse af frostet polykarbonat. Det garanterer ikke kun \u00e6stetisk tilfredshed, men ogs\u00e5 langvarig holdbarhed og p\u00e5lidelighed.<\/p>\n<h2>Egenskaber og funktioner<\/h2>\n<ul>\n<li>Ber\u00f8ringsf\u00f8lsom t\u00e6nd\/sluk-knap for nem betjening.<\/li>\n<li>Massiv aluminiumsramme i elektrolytisk s\u00f8lvfinish.<\/li>\n<li>Slagfast linse af matteret polykarbonat.<\/li>\n<li>IP67-klassificering: St\u00f8d- og vibrationsbestandig, fuldt neds\u00e6nket og trykafvaskelig.<\/li>\n<li>Kortslutningsbeskyttet for ekstra sikkerhed.<\/li>\n<\/ul>\n<p>Denne arbejdslampe er ikke kun et funktionelt aktiv for dit k\u00f8ret\u00f8js interi\u00f8r, men bidrager ogs\u00e5 med en moderne \u00e6stetik, der supplerer udseendet i ethvert rum. Den h\u00f8je kvalitet og det gennemt\u00e6nkte design g\u00f8r den til en uundv\u00e6rlig del af dit k\u00f8ret\u00f8jsudstyr og sikrer, at du altid har adgang til p\u00e5lidelig og effektiv belysning.<\/p>","protected":false},"excerpt":{"rendered":"<p>Slimmad Interi\u00f6r Arbetsbelysning Denna h\u00f6gkvalitativa och slimmade interi\u00f6r arbetsbelysning \u00e4r utformad med en stabil aluminiumprofil i silverfinish och en ber\u00f6ringsk\u00e4nslig av\/p\u00e5 knapp. Den \u00e4r idealisk f\u00f6r anv\u00e4ndning i alla typer av fordonsinteri\u00f6rer, s\u00e5som servicebilar och husvagnar, d\u00e4r dagsljusvit (6500K) arbetsbelysning \u00e4r efterfr\u00e5gad. Armaturen \u00e4r framtagen med fokus p\u00e5 kvalitet i varje detalj, inneh\u00e5llande en solid [&hellip;]<\/p>","protected":false},"featured_media":10769,"comment_status":"closed","ping_status":"closed","template":"","meta":{"_acf_changed":false,"_smort_price_nok":"374","_smort_price_dkk":"237","_smort_price_eur":"31.82","_smort_sale_price_nok":"","_smort_sale_price_dkk":"","_smort_sale_price_eur":"","smort_restorder":"","shipmondo_restorder":"","_kad_blocks_custom_css":"","_kad_blocks_head_custom_js":"","_kad_blocks_body_custom_js":"","_kad_blocks_footer_custom_js":"","smort_custom_pricelist_1":null,"smort_custom_pricelist_2":null,"smort_custom_pricelist_3":null,"smort_custom_pricelist_4":null,"smort_custom_pricelist_5":null},"anvandningsomrade":[166,238,2816],"bilmarken":[],"product_brand":[1252],"product_cat":[2586],"product_tag":[],"class_list":{"0":"post-11579","1":"product","2":"type-product","3":"status-publish","4":"has-post-thumbnail","6":"anvandningsomrade-lastbil","7":"anvandningsomrade-slap","8":"anvandningsomrade-trailer","9":"product_brand-lea","10":"product_cat-interiorbelysning-slap","11":"pa_fargtemperatur-6500k","12":"pa_fuktskydd-varde-ipxx-ip67","13":"pa_storlek-mm-260x40x11","14":"pa_stromforbrukning-025a-28v","15":"pa_stromforbrukning-048a-144v","16":"pa_volt-v-159","17":"pa_volt-v-160","19":"first","20":"instock","21":"taxable","22":"shipping-taxable","23":"purchasable","24":"product-type-variable"},"bundled_by":[],"bundle_stock_status":"instock","bundle_stock_quantity":null,"bundle_virtual":false,"bundle_layout":"","bundle_add_to_cart_form_location":"","bundle_editable_in_cart":false,"bundle_sold_individually_context":"","bundle_item_grouping":"","bundle_min_size":"","bundle_max_size":"","bundle_price":[],"bundled_items":[],"bundle_sell_ids":[],"acf":[],"yoast_head":"<!-- This site is optimized with the Yoast SEO plugin v27.0 - https:\/\/yoast.com\/product\/yoast-seo-wordpress\/ -->\n<title>Interi\u00f6r LED-list 260mm | ON\/OFF | Silver - Xenonkungen<\/title>\n<meta name=\"robots\" content=\"index, follow, max-snippet:-1, max-image-preview:large, max-video-preview:-1\" \/>\n<link rel=\"canonical\" href=\"https:\/\/xenonkungen.com\/dk\/vare\/indvendig-led-strimmel-260-mm-taend-sluk-solv\/\" \/>\n<meta property=\"og:locale\" content=\"da_DK\" \/>\n<meta property=\"og:type\" content=\"article\" \/>\n<meta property=\"og:title\" content=\"Interi\u00f6r LED-list 260mm | ON\/OFF | Silver - Xenonkungen\" \/>\n<meta property=\"og:description\" content=\"Slimmad Interi\u00f6r Arbetsbelysning Denna h\u00f6gkvalitativa och slimmade interi\u00f6r arbetsbelysning \u00e4r utformad med en stabil aluminiumprofil i silverfinish och en ber\u00f6ringsk\u00e4nslig av\/p\u00e5 knapp. Den \u00e4r idealisk f\u00f6r anv\u00e4ndning i alla typer av fordonsinteri\u00f6rer, s\u00e5som servicebilar och husvagnar, d\u00e4r dagsljusvit (6500K) arbetsbelysning \u00e4r efterfr\u00e5gad. Armaturen \u00e4r framtagen med fokus p\u00e5 kvalitet i varje detalj, inneh\u00e5llande en solid [&hellip;]\" \/>\n<meta property=\"og:url\" content=\"https:\/\/xenonkungen.com\/dk\/vare\/indvendig-led-strimmel-260-mm-taend-sluk-solv\/\" \/>\n<meta property=\"og:site_name\" content=\"Xenonkungen\" \/>\n<meta property=\"article:modified_time\" content=\"2026-04-10T23:47:32+00:00\" \/>\n<meta property=\"og:image\" content=\"https:\/\/xenonkungen.com\/wp-content\/uploads\/2025\/06\/38122321-origpic-2b399d.png\" \/>\n\t<meta property=\"og:image:width\" content=\"700\" \/>\n\t<meta property=\"og:image:height\" content=\"700\" \/>\n\t<meta property=\"og:image:type\" content=\"image\/png\" \/>\n<meta name=\"twitter:card\" content=\"summary_large_image\" \/>\n<meta name=\"twitter:label1\" content=\"Estimeret l\u00e6setid\" \/>\n\t<meta name=\"twitter:data1\" content=\"1 minut\" \/>\n<script type=\"application\/ld+json\" class=\"yoast-schema-graph\">{\"@context\":\"https:\/\/schema.org\",\"@graph\":[{\"@type\":\"WebPage\",\"@id\":\"https:\/\/xenonkungen.com\/produkt\/interior-led-list-260mm-on-off-silver\/\",\"url\":\"https:\/\/xenonkungen.com\/produkt\/interior-led-list-260mm-on-off-silver\/\",\"name\":\"Interi\u00f6r LED-list 260mm | ON\/OFF | Silver - Xenonkungen\",\"isPartOf\":{\"@id\":\"https:\/\/xenonkungen.com\/#website\"},\"primaryImageOfPage\":{\"@id\":\"https:\/\/xenonkungen.com\/produkt\/interior-led-list-260mm-on-off-silver\/#primaryimage\"},\"image\":{\"@id\":\"https:\/\/xenonkungen.com\/produkt\/interior-led-list-260mm-on-off-silver\/#primaryimage\"},\"thumbnailUrl\":\"https:\/\/xenonkungen.com\/wp-content\/uploads\/2025\/06\/38122321-origpic-2b399d.png\",\"datePublished\":\"2025-06-23T13:51:00+00:00\",\"dateModified\":\"2026-04-10T23:47:32+00:00\",\"breadcrumb\":{\"@id\":\"https:\/\/xenonkungen.com\/produkt\/interior-led-list-260mm-on-off-silver\/#breadcrumb\"},\"inLanguage\":\"da-DK\",\"potentialAction\":[{\"@type\":\"ReadAction\",\"target\":[\"https:\/\/xenonkungen.com\/produkt\/interior-led-list-260mm-on-off-silver\/\"]}]},{\"@type\":\"ImageObject\",\"inLanguage\":\"da-DK\",\"@id\":\"https:\/\/xenonkungen.com\/produkt\/interior-led-list-260mm-on-off-silver\/#primaryimage\",\"url\":\"https:\/\/xenonkungen.com\/wp-content\/uploads\/2025\/06\/38122321-origpic-2b399d.png\",\"contentUrl\":\"https:\/\/xenonkungen.com\/wp-content\/uploads\/2025\/06\/38122321-origpic-2b399d.png\",\"width\":700,\"height\":700},{\"@type\":\"BreadcrumbList\",\"@id\":\"https:\/\/xenonkungen.com\/produkt\/interior-led-list-260mm-on-off-silver\/#breadcrumb\",\"itemListElement\":[{\"@type\":\"ListItem\",\"position\":1,\"name\":\"Hem\",\"item\":\"https:\/\/xenonkungen.com\/\"},{\"@type\":\"ListItem\",\"position\":2,\"name\":\"Shop\",\"item\":\"https:\/\/xenonkungen.com\/shop\/\"},{\"@type\":\"ListItem\",\"position\":3,\"name\":\"Interi\u00f6r LED-list 260mm | ON\/OFF | Silver\"}]},{\"@type\":\"WebSite\",\"@id\":\"https:\/\/xenonkungen.com\/#website\",\"url\":\"https:\/\/xenonkungen.com\/\",\"name\":\"Xenonkungen\",\"description\":\"\",\"potentialAction\":[{\"@type\":\"SearchAction\",\"target\":{\"@type\":\"EntryPoint\",\"urlTemplate\":\"https:\/\/xenonkungen.com\/?s={search_term_string}\"},\"query-input\":{\"@type\":\"PropertyValueSpecification\",\"valueRequired\":true,\"valueName\":\"search_term_string\"}}],\"inLanguage\":\"da-DK\"}]}<\/script>\n<!-- \/ Yoast SEO plugin. -->","yoast_head_json":{"title":"Indvendig LED-strip 260 mm | TIL\/FRA | S\u00f8lv - Xenonkungen","robots":{"index":"index","follow":"follow","max-snippet":"max-snippet:-1","max-image-preview":"max-image-preview:large","max-video-preview":"max-video-preview:-1"},"canonical":"https:\/\/xenonkungen.com\/dk\/vare\/indvendig-led-strimmel-260-mm-taend-sluk-solv\/","og_locale":"da_DK","og_type":"article","og_title":"Interi\u00f6r LED-list 260mm | ON\/OFF | Silver - Xenonkungen","og_description":"Slimmad Interi\u00f6r Arbetsbelysning Denna h\u00f6gkvalitativa och slimmade interi\u00f6r arbetsbelysning \u00e4r utformad med en stabil aluminiumprofil i silverfinish och en ber\u00f6ringsk\u00e4nslig av\/p\u00e5 knapp. Den \u00e4r idealisk f\u00f6r anv\u00e4ndning i alla typer av fordonsinteri\u00f6rer, s\u00e5som servicebilar och husvagnar, d\u00e4r dagsljusvit (6500K) arbetsbelysning \u00e4r efterfr\u00e5gad. Armaturen \u00e4r framtagen med fokus p\u00e5 kvalitet i varje detalj, inneh\u00e5llande en solid [&hellip;]","og_url":"https:\/\/xenonkungen.com\/dk\/vare\/indvendig-led-strimmel-260-mm-taend-sluk-solv\/","og_site_name":"Xenonkungen","article_modified_time":"2026-04-10T23:47:32+00:00","og_image":[{"width":700,"height":700,"url":"https:\/\/xenonkungen.com\/wp-content\/uploads\/2025\/06\/38122321-origpic-2b399d.png","type":"image\/png"}],"twitter_card":"summary_large_image","twitter_misc":{"Estimeret l\u00e6setid":"1 minut"},"schema":{"@context":"https:\/\/schema.org","@graph":[{"@type":"WebPage","@id":"https:\/\/xenonkungen.com\/produkt\/interior-led-list-260mm-on-off-silver\/","url":"https:\/\/xenonkungen.com\/produkt\/interior-led-list-260mm-on-off-silver\/","name":"Indvendig LED-strip 260 mm | TIL\/FRA | S\u00f8lv - Xenonkungen","isPartOf":{"@id":"https:\/\/xenonkungen.com\/#website"},"primaryImageOfPage":{"@id":"https:\/\/xenonkungen.com\/produkt\/interior-led-list-260mm-on-off-silver\/#primaryimage"},"image":{"@id":"https:\/\/xenonkungen.com\/produkt\/interior-led-list-260mm-on-off-silver\/#primaryimage"},"thumbnailUrl":"https:\/\/xenonkungen.com\/wp-content\/uploads\/2025\/06\/38122321-origpic-2b399d.png","datePublished":"2025-06-23T13:51:00+00:00","dateModified":"2026-04-10T23:47:32+00:00","breadcrumb":{"@id":"https:\/\/xenonkungen.com\/produkt\/interior-led-list-260mm-on-off-silver\/#breadcrumb"},"inLanguage":"da-DK","potentialAction":[{"@type":"ReadAction","target":["https:\/\/xenonkungen.com\/produkt\/interior-led-list-260mm-on-off-silver\/"]}]},{"@type":"ImageObject","inLanguage":"da-DK","@id":"https:\/\/xenonkungen.com\/produkt\/interior-led-list-260mm-on-off-silver\/#primaryimage","url":"https:\/\/xenonkungen.com\/wp-content\/uploads\/2025\/06\/38122321-origpic-2b399d.png","contentUrl":"https:\/\/xenonkungen.com\/wp-content\/uploads\/2025\/06\/38122321-origpic-2b399d.png","width":700,"height":700},{"@type":"BreadcrumbList","@id":"https:\/\/xenonkungen.com\/produkt\/interior-led-list-260mm-on-off-silver\/#breadcrumb","itemListElement":[{"@type":"ListItem","position":1,"name":"Hem","item":"https:\/\/xenonkungen.com\/"},{"@type":"ListItem","position":2,"name":"Shop","item":"https:\/\/xenonkungen.com\/shop\/"},{"@type":"ListItem","position":3,"name":"Interi\u00f6r LED-list 260mm | ON\/OFF | Silver"}]},{"@type":"WebSite","@id":"https:\/\/xenonkungen.com\/#website","url":"https:\/\/xenonkungen.com\/","name":"Xenonkungen","description":"","potentialAction":[{"@type":"SearchAction","target":{"@type":"EntryPoint","urlTemplate":"https:\/\/xenonkungen.com\/?s={search_term_string}"},"query-input":{"@type":"PropertyValueSpecification","valueRequired":true,"valueName":"search_term_string"}}],"inLanguage":"da-DK"}]}},"taxonomy_info":{"anvandningsomrade":[{"value":166,"label":"Lastbil"},{"value":238,"label":"SL\u00c4P"},{"value":2816,"label":"TRAILER"}],"product_brand":[{"value":1252,"label":"LEA"}],"product_cat":[{"value":2586,"label":"Interi\u00f6rbelysning"}],"pa_fargtemperatur":[{"value":353,"label":"6500K"}],"pa_fuktskydd-varde-ipxx":[{"value":333,"label":"IP67"}],"pa_storlek-mm":[{"value":2405,"label":"260x40x11"}],"pa_stromforbrukning":[{"value":2260,"label":"0,25A @28V"},{"value":2259,"label":"0,48A @14,4V"}],"pa_volt-v":[{"value":159,"label":"12"},{"value":160,"label":"24"}]},"featured_image_src_large":["https:\/\/xenonkungen.com\/wp-content\/uploads\/2025\/06\/38122321-origpic-2b399d.png",700,700,false],"author_info":[],"comment_info":0,"_links":{"self":[{"href":"https:\/\/xenonkungen.com\/dk\/wp-json\/wp\/v2\/product\/11579","targetHints":{"allow":["GET"]}}],"collection":[{"href":"https:\/\/xenonkungen.com\/dk\/wp-json\/wp\/v2\/product"}],"about":[{"href":"https:\/\/xenonkungen.com\/dk\/wp-json\/wp\/v2\/types\/product"}],"replies":[{"embeddable":true,"href":"https:\/\/xenonkungen.com\/dk\/wp-json\/wp\/v2\/comments?post=11579"}],"wp:featuredmedia":[{"embeddable":true,"href":"https:\/\/xenonkungen.com\/dk\/wp-json\/wp\/v2\/media\/10769"}],"wp:attachment":[{"href":"https:\/\/xenonkungen.com\/dk\/wp-json\/wp\/v2\/media?parent=11579"}],"wp:term":[{"taxonomy":"anvandningsomrade","embeddable":true,"href":"https:\/\/xenonkungen.com\/dk\/wp-json\/wp\/v2\/anvandningsomrade?post=11579"},{"taxonomy":"bilmarken","embeddable":true,"href":"https:\/\/xenonkungen.com\/dk\/wp-json\/wp\/v2\/bilmarken?post=11579"},{"taxonomy":"product_brand","embeddable":true,"href":"https:\/\/xenonkungen.com\/dk\/wp-json\/wp\/v2\/product_brand?post=11579"},{"taxonomy":"product_cat","embeddable":true,"href":"https:\/\/xenonkungen.com\/dk\/wp-json\/wp\/v2\/product_cat?post=11579"},{"taxonomy":"product_tag","embeddable":true,"href":"https:\/\/xenonkungen.com\/dk\/wp-json\/wp\/v2\/product_tag?post=11579"}],"curies":[{"name":"wp","href":"https:\/\/api.w.org\/{rel}","templated":true}]}}