{"id":11609,"date":"2025-06-23T13:51:11","date_gmt":"2025-06-23T13:51:11","guid":{"rendered":"https:\/\/xenonkungen.com\/produkt\/interiorlampa-o80mmnightchrome\/"},"modified":"2026-04-11T00:52:51","modified_gmt":"2026-04-10T23:52:51","slug":"indvendig-lampe-o80mm-natkrom","status":"publish","type":"product","link":"https:\/\/xenonkungen.com\/dk\/vare\/indvendig-lampe-o80mm-natkrom\/","title":{"rendered":"Indvendig belysning \u00d880mm|Night|Chrome"},"content":{"rendered":"<h1 class=\"title\">LED-indend\u00f8rslampe med forkromet ramme og varmt hvidt lys<\/h1>\n<p class=\"description\">En innovativ LED-interi\u00f8rlampe med b\u00e5de varmt hvidt lys i dagtimerne og r\u00f8dt natlys for minimal forstyrrelse om natten. Lampen er designet med en trykknap, der g\u00f8r det nemt at skifte, og en slagfast linse, der sikrer holdbarhed og brugertilpasset belysning til enhver situation.<\/p>\n<h2 class=\"subtitle\">Funktioner og egenskaber:<\/h2>\n<ul>\n<li>Elegant forkromet ramme for et moderne look.<\/li>\n<li>Varm hvid LED giver et hyggeligt lys, suppleret med et r\u00f8dt natlys.<\/li>\n<li>Nem betjening med trykknap til at skifte mellem lystilstande.<\/li>\n<li>360-graders lysfordeling for omfattende belysning.<\/li>\n<li>IP67-klassificering for optimal modstandsdygtighed over for vand og st\u00f8v.<\/li>\n<li>Kortslutningsbeskyttelse for ekstra sikkerhed.<\/li>\n<\/ul>\n<h2 class=\"subtitle\">Anvendelsesomr\u00e5der:<\/h2>\n<p class=\"usage-text\">Ideel til k\u00f8ret\u00f8jer, hjem og arbejdspladser, hvor der er brug for fleksibel og p\u00e5lidelig belysning.<\/p>\n<h2 class=\"subtitle\">Installation:<\/h2>\n<p class=\"installation-text\">Denne lampe er designet til nem montering og kan hurtigt installeres i forskellige milj\u00f8er takket v\u00e6re dens kompakte st\u00f8rrelse og fleksible monteringsmuligheder.<\/p>","protected":false},"excerpt":{"rendered":"<p>LED Interi\u00f6rlampa med Krom Sarg och Varmvitt Ljus En innovativ LED interi\u00f6rlampa som erbjuder b\u00e5de varmvitt ljus f\u00f6r dagtid och ett r\u00f6tt nattljusl\u00e4ge f\u00f6r minimal st\u00f6rning under nattetid. Utformad med en tryckknapp f\u00f6r enkel omkoppling och en slagt\u00e5lig lins, garanterar denna lampa h\u00e5llbarhet och anpassningsbar belysning f\u00f6r alla situationer. Funktioner och Egenskaper: Elegant krom sarg [&hellip;]<\/p>","protected":false},"featured_media":10832,"comment_status":"closed","ping_status":"closed","template":"","meta":{"_acf_changed":false,"_smort_price_nok":"267","_smort_price_dkk":"170","_smort_price_eur":"22.73","_smort_sale_price_nok":"","_smort_sale_price_dkk":"","_smort_sale_price_eur":"","smort_restorder":"","shipmondo_restorder":"","_kad_blocks_custom_css":"","_kad_blocks_head_custom_js":"","_kad_blocks_body_custom_js":"","_kad_blocks_footer_custom_js":"","smort_custom_pricelist_1":null,"smort_custom_pricelist_2":null,"smort_custom_pricelist_3":null,"smort_custom_pricelist_4":null,"smort_custom_pricelist_5":null},"anvandningsomrade":[166,238,2816],"bilmarken":[],"product_brand":[1252],"product_cat":[2586],"product_tag":[],"class_list":{"0":"post-11609","1":"product","2":"type-product","3":"status-publish","4":"has-post-thumbnail","6":"anvandningsomrade-lastbil","7":"anvandningsomrade-slap","8":"anvandningsomrade-trailer","9":"product_brand-lea","10":"product_cat-interiorbelysning-slap","11":"pa_fuktskydd-varde-ipxx-ip67","12":"pa_storlek-mm-80x14","13":"pa_stromforbrukning-004a-28v","14":"pa_stromforbrukning-009a-138v","15":"pa_volt-v-159","16":"pa_volt-v-160","18":"first","19":"onbackorder","20":"taxable","21":"shipping-taxable","22":"purchasable","23":"product-type-variable"},"bundled_by":[],"bundle_stock_status":"onbackorder","bundle_stock_quantity":null,"bundle_virtual":false,"bundle_layout":"","bundle_add_to_cart_form_location":"","bundle_editable_in_cart":false,"bundle_sold_individually_context":"","bundle_item_grouping":"","bundle_min_size":"","bundle_max_size":"","bundle_price":[],"bundled_items":[],"bundle_sell_ids":[],"acf":[],"yoast_head":"<!-- This site is optimized with the Yoast SEO plugin v27.0 - https:\/\/yoast.com\/product\/yoast-seo-wordpress\/ -->\n<title>Interi\u00f6rlampa \u00d880mm|Night|Chrome - Xenonkungen<\/title>\n<meta name=\"robots\" content=\"index, follow, max-snippet:-1, max-image-preview:large, max-video-preview:-1\" \/>\n<link rel=\"canonical\" href=\"https:\/\/xenonkungen.com\/dk\/vare\/indvendig-lampe-o80mm-natkrom\/\" \/>\n<meta property=\"og:locale\" content=\"da_DK\" \/>\n<meta property=\"og:type\" content=\"article\" \/>\n<meta property=\"og:title\" content=\"Interi\u00f6rlampa \u00d880mm|Night|Chrome - Xenonkungen\" \/>\n<meta property=\"og:description\" content=\"LED Interi\u00f6rlampa med Krom Sarg och Varmvitt Ljus En innovativ LED interi\u00f6rlampa som erbjuder b\u00e5de varmvitt ljus f\u00f6r dagtid och ett r\u00f6tt nattljusl\u00e4ge f\u00f6r minimal st\u00f6rning under nattetid. Utformad med en tryckknapp f\u00f6r enkel omkoppling och en slagt\u00e5lig lins, garanterar denna lampa h\u00e5llbarhet och anpassningsbar belysning f\u00f6r alla situationer. Funktioner och Egenskaper: Elegant krom sarg [&hellip;]\" \/>\n<meta property=\"og:url\" content=\"https:\/\/xenonkungen.com\/dk\/vare\/indvendig-lampe-o80mm-natkrom\/\" \/>\n<meta property=\"og:site_name\" content=\"Xenonkungen\" \/>\n<meta property=\"article:modified_time\" content=\"2026-04-10T23:52:51+00:00\" \/>\n<meta property=\"og:image\" content=\"https:\/\/xenonkungen.com\/wp-content\/uploads\/2025\/06\/7338011-origpic-e89cff.jpg\" \/>\n\t<meta property=\"og:image:width\" content=\"600\" \/>\n\t<meta property=\"og:image:height\" content=\"600\" \/>\n\t<meta property=\"og:image:type\" content=\"image\/jpeg\" \/>\n<meta name=\"twitter:card\" content=\"summary_large_image\" \/>\n<meta name=\"twitter:label1\" content=\"Estimeret l\u00e6setid\" \/>\n\t<meta name=\"twitter:data1\" content=\"1 minut\" \/>\n<script type=\"application\/ld+json\" class=\"yoast-schema-graph\">{\"@context\":\"https:\/\/schema.org\",\"@graph\":[{\"@type\":\"WebPage\",\"@id\":\"https:\/\/xenonkungen.com\/en\/product\/interior-lamp-o80mmnightchrome\/\",\"url\":\"https:\/\/xenonkungen.com\/en\/product\/interior-lamp-o80mmnightchrome\/\",\"name\":\"Interi\u00f6rlampa \u00d880mm|Night|Chrome - Xenonkungen\",\"isPartOf\":{\"@id\":\"https:\/\/xenonkungen.com\/#website\"},\"primaryImageOfPage\":{\"@id\":\"https:\/\/xenonkungen.com\/en\/product\/interior-lamp-o80mmnightchrome\/#primaryimage\"},\"image\":{\"@id\":\"https:\/\/xenonkungen.com\/en\/product\/interior-lamp-o80mmnightchrome\/#primaryimage\"},\"thumbnailUrl\":\"https:\/\/xenonkungen.com\/wp-content\/uploads\/2025\/06\/7338011-origpic-e89cff.jpg\",\"datePublished\":\"2025-06-23T13:51:11+00:00\",\"dateModified\":\"2026-04-10T23:52:51+00:00\",\"breadcrumb\":{\"@id\":\"https:\/\/xenonkungen.com\/en\/product\/interior-lamp-o80mmnightchrome\/#breadcrumb\"},\"inLanguage\":\"da-DK\",\"potentialAction\":[{\"@type\":\"ReadAction\",\"target\":[\"https:\/\/xenonkungen.com\/en\/product\/interior-lamp-o80mmnightchrome\/\"]}]},{\"@type\":\"ImageObject\",\"inLanguage\":\"da-DK\",\"@id\":\"https:\/\/xenonkungen.com\/en\/product\/interior-lamp-o80mmnightchrome\/#primaryimage\",\"url\":\"https:\/\/xenonkungen.com\/wp-content\/uploads\/2025\/06\/7338011-origpic-e89cff.jpg\",\"contentUrl\":\"https:\/\/xenonkungen.com\/wp-content\/uploads\/2025\/06\/7338011-origpic-e89cff.jpg\",\"width\":600,\"height\":600},{\"@type\":\"BreadcrumbList\",\"@id\":\"https:\/\/xenonkungen.com\/en\/product\/interior-lamp-o80mmnightchrome\/#breadcrumb\",\"itemListElement\":[{\"@type\":\"ListItem\",\"position\":1,\"name\":\"Hem\",\"item\":\"https:\/\/xenonkungen.com\/\"},{\"@type\":\"ListItem\",\"position\":2,\"name\":\"Shop\",\"item\":\"https:\/\/xenonkungen.com\/shop\/\"},{\"@type\":\"ListItem\",\"position\":3,\"name\":\"Interi\u00f6rlampa \u00d880mm|Night|Chrome\"}]},{\"@type\":\"WebSite\",\"@id\":\"https:\/\/xenonkungen.com\/#website\",\"url\":\"https:\/\/xenonkungen.com\/\",\"name\":\"Xenonkungen\",\"description\":\"\",\"potentialAction\":[{\"@type\":\"SearchAction\",\"target\":{\"@type\":\"EntryPoint\",\"urlTemplate\":\"https:\/\/xenonkungen.com\/?s={search_term_string}\"},\"query-input\":{\"@type\":\"PropertyValueSpecification\",\"valueRequired\":true,\"valueName\":\"search_term_string\"}}],\"inLanguage\":\"da-DK\"}]}<\/script>\n<!-- \/ Yoast SEO plugin. -->","yoast_head_json":{"title":"Indvendig lampe \u00d880mm|Nat|Krom - Xenon-kongen","robots":{"index":"index","follow":"follow","max-snippet":"max-snippet:-1","max-image-preview":"max-image-preview:large","max-video-preview":"max-video-preview:-1"},"canonical":"https:\/\/xenonkungen.com\/dk\/vare\/indvendig-lampe-o80mm-natkrom\/","og_locale":"da_DK","og_type":"article","og_title":"Interi\u00f6rlampa \u00d880mm|Night|Chrome - Xenonkungen","og_description":"LED Interi\u00f6rlampa med Krom Sarg och Varmvitt Ljus En innovativ LED interi\u00f6rlampa som erbjuder b\u00e5de varmvitt ljus f\u00f6r dagtid och ett r\u00f6tt nattljusl\u00e4ge f\u00f6r minimal st\u00f6rning under nattetid. Utformad med en tryckknapp f\u00f6r enkel omkoppling och en slagt\u00e5lig lins, garanterar denna lampa h\u00e5llbarhet och anpassningsbar belysning f\u00f6r alla situationer. Funktioner och Egenskaper: Elegant krom sarg [&hellip;]","og_url":"https:\/\/xenonkungen.com\/dk\/vare\/indvendig-lampe-o80mm-natkrom\/","og_site_name":"Xenonkungen","article_modified_time":"2026-04-10T23:52:51+00:00","og_image":[{"width":600,"height":600,"url":"https:\/\/xenonkungen.com\/wp-content\/uploads\/2025\/06\/7338011-origpic-e89cff.jpg","type":"image\/jpeg"}],"twitter_card":"summary_large_image","twitter_misc":{"Estimeret l\u00e6setid":"1 minut"},"schema":{"@context":"https:\/\/schema.org","@graph":[{"@type":"WebPage","@id":"https:\/\/xenonkungen.com\/en\/product\/interior-lamp-o80mmnightchrome\/","url":"https:\/\/xenonkungen.com\/en\/product\/interior-lamp-o80mmnightchrome\/","name":"Indvendig lampe \u00d880mm|Nat|Krom - Xenon-kongen","isPartOf":{"@id":"https:\/\/xenonkungen.com\/#website"},"primaryImageOfPage":{"@id":"https:\/\/xenonkungen.com\/en\/product\/interior-lamp-o80mmnightchrome\/#primaryimage"},"image":{"@id":"https:\/\/xenonkungen.com\/en\/product\/interior-lamp-o80mmnightchrome\/#primaryimage"},"thumbnailUrl":"https:\/\/xenonkungen.com\/wp-content\/uploads\/2025\/06\/7338011-origpic-e89cff.jpg","datePublished":"2025-06-23T13:51:11+00:00","dateModified":"2026-04-10T23:52:51+00:00","breadcrumb":{"@id":"https:\/\/xenonkungen.com\/en\/product\/interior-lamp-o80mmnightchrome\/#breadcrumb"},"inLanguage":"da-DK","potentialAction":[{"@type":"ReadAction","target":["https:\/\/xenonkungen.com\/en\/product\/interior-lamp-o80mmnightchrome\/"]}]},{"@type":"ImageObject","inLanguage":"da-DK","@id":"https:\/\/xenonkungen.com\/en\/product\/interior-lamp-o80mmnightchrome\/#primaryimage","url":"https:\/\/xenonkungen.com\/wp-content\/uploads\/2025\/06\/7338011-origpic-e89cff.jpg","contentUrl":"https:\/\/xenonkungen.com\/wp-content\/uploads\/2025\/06\/7338011-origpic-e89cff.jpg","width":600,"height":600},{"@type":"BreadcrumbList","@id":"https:\/\/xenonkungen.com\/en\/product\/interior-lamp-o80mmnightchrome\/#breadcrumb","itemListElement":[{"@type":"ListItem","position":1,"name":"Hem","item":"https:\/\/xenonkungen.com\/"},{"@type":"ListItem","position":2,"name":"Shop","item":"https:\/\/xenonkungen.com\/shop\/"},{"@type":"ListItem","position":3,"name":"Interi\u00f6rlampa \u00d880mm|Night|Chrome"}]},{"@type":"WebSite","@id":"https:\/\/xenonkungen.com\/#website","url":"https:\/\/xenonkungen.com\/","name":"Xenonkungen","description":"","potentialAction":[{"@type":"SearchAction","target":{"@type":"EntryPoint","urlTemplate":"https:\/\/xenonkungen.com\/?s={search_term_string}"},"query-input":{"@type":"PropertyValueSpecification","valueRequired":true,"valueName":"search_term_string"}}],"inLanguage":"da-DK"}]}},"taxonomy_info":{"anvandningsomrade":[{"value":166,"label":"Lastbil"},{"value":238,"label":"SL\u00c4P"},{"value":2816,"label":"TRAILER"}],"product_brand":[{"value":1252,"label":"LEA"}],"product_cat":[{"value":2586,"label":"Interi\u00f6rbelysning"}],"pa_fuktskydd-varde-ipxx":[{"value":333,"label":"IP67"}],"pa_storlek-mm":[{"value":2409,"label":"80x14"}],"pa_stromforbrukning":[{"value":1872,"label":"0,04A @28V"},{"value":2267,"label":"0,09A @13,8V"}],"pa_volt-v":[{"value":159,"label":"12"},{"value":160,"label":"24"}]},"featured_image_src_large":["https:\/\/xenonkungen.com\/wp-content\/uploads\/2025\/06\/7338011-origpic-e89cff.jpg",600,600,false],"author_info":[],"comment_info":0,"_links":{"self":[{"href":"https:\/\/xenonkungen.com\/dk\/wp-json\/wp\/v2\/product\/11609","targetHints":{"allow":["GET"]}}],"collection":[{"href":"https:\/\/xenonkungen.com\/dk\/wp-json\/wp\/v2\/product"}],"about":[{"href":"https:\/\/xenonkungen.com\/dk\/wp-json\/wp\/v2\/types\/product"}],"replies":[{"embeddable":true,"href":"https:\/\/xenonkungen.com\/dk\/wp-json\/wp\/v2\/comments?post=11609"}],"wp:featuredmedia":[{"embeddable":true,"href":"https:\/\/xenonkungen.com\/dk\/wp-json\/wp\/v2\/media\/10832"}],"wp:attachment":[{"href":"https:\/\/xenonkungen.com\/dk\/wp-json\/wp\/v2\/media?parent=11609"}],"wp:term":[{"taxonomy":"anvandningsomrade","embeddable":true,"href":"https:\/\/xenonkungen.com\/dk\/wp-json\/wp\/v2\/anvandningsomrade?post=11609"},{"taxonomy":"bilmarken","embeddable":true,"href":"https:\/\/xenonkungen.com\/dk\/wp-json\/wp\/v2\/bilmarken?post=11609"},{"taxonomy":"product_brand","embeddable":true,"href":"https:\/\/xenonkungen.com\/dk\/wp-json\/wp\/v2\/product_brand?post=11609"},{"taxonomy":"product_cat","embeddable":true,"href":"https:\/\/xenonkungen.com\/dk\/wp-json\/wp\/v2\/product_cat?post=11609"},{"taxonomy":"product_tag","embeddable":true,"href":"https:\/\/xenonkungen.com\/dk\/wp-json\/wp\/v2\/product_tag?post=11609"}],"curies":[{"name":"wp","href":"https:\/\/api.w.org\/{rel}","templated":true}]}}