{"id":11615,"date":"2025-06-23T13:51:13","date_gmt":"2025-06-23T13:51:13","guid":{"rendered":"https:\/\/xenonkungen.com\/produkt\/interiorlampa-o80mm-night-vit\/"},"modified":"2026-04-11T00:53:04","modified_gmt":"2026-04-10T23:53:04","slug":"indvendig-lampe-o80mm-nathvid","status":"publish","type":"product","link":"https:\/\/xenonkungen.com\/dk\/vare\/indvendig-lampe-o80mm-nathvid\/","title":{"rendered":"Indvendig belysning \u00d880mm | Nat | Hvid"},"content":{"rendered":"<h1>LED-interi\u00f8rlys med hvid kiste<\/h1>\n<p>Denne moderne LED-interi\u00f8rlampe er udstyret med varmhvide LED'er med h\u00f8j lysstyrke og en unik r\u00f8d natlystilstand, omgivet af en stilfuld hvid ramme. Den er perfekt til at skabe en hyggelig atmosf\u00e6re i k\u00f8ret\u00f8jer og andre rum med mulighed for at justere lyset efter behov.<\/p>\n<h2>Funktioner og egenskaber:<\/h2>\n<ul>\n<li>Moderne hvid ramme for en elegant pr\u00e6sentation.<\/li>\n<li>Varm hvid LED giver et indbydende lys, suppleret med et r\u00f8dt natlys for minimal forstyrrelse.<\/li>\n<li>Nem trykknapbetjening til at skifte mellem lystilstande og t\u00e6nd\/sluk.<\/li>\n<li>Robust 360 graders rundstr\u00e5lende polykarbonatlinse og varmeabsorberende aluminiumsbase.<\/li>\n<li>IP67-klassificering for vand- og st\u00f8dsikkerhed, velegnet til brug under alle forhold.<\/li>\n<li>Kortslutningsbeskyttelse for \u00f8get sikkerhed og p\u00e5lidelighed.<\/li>\n<\/ul>\n<h2>Anvendelsesomr\u00e5der:<\/h2>\n<p>Den alsidige lampe kan bruges i mange forskellige milj\u00f8er, herunder biler, campingvogne, b\u00e5de og endda i hjemmet, hvor den tilbyder b\u00e5de funktionalitet og stil.<\/p>\n<h2>Installation:<\/h2>\n<p>Med sit enkle design og alsidige monteringsmuligheder er lampen hurtig og nem at installere, hvilket g\u00f8r den til en praktisk tilf\u00f8jelse til dit rum.<\/p>","protected":false},"excerpt":{"rendered":"<p>LED Interi\u00f6rlampa med Vit Sarg Denna moderna LED interi\u00f6rlampa \u00e4r utrustad med high brightness warm white LED och ett unikt r\u00f6tt nattljusl\u00e4ge, omgivet av en stilfull vit sarg. Den \u00e4r perfekt f\u00f6r att skapa en behaglig atmosf\u00e4r i fordon och andra utrymmen, med flexibiliteten att anpassa ljuset efter behov. Funktioner och Egenskaper: Modern vit sarg [&hellip;]<\/p>","protected":false},"featured_media":10842,"comment_status":"closed","ping_status":"closed","template":"","meta":{"_acf_changed":false,"_smort_price_nok":"256","_smort_price_dkk":"163","_smort_price_eur":"21.82","_smort_sale_price_nok":"","_smort_sale_price_dkk":"","_smort_sale_price_eur":"","smort_restorder":"","shipmondo_restorder":"","_kad_blocks_custom_css":"","_kad_blocks_head_custom_js":"","_kad_blocks_body_custom_js":"","_kad_blocks_footer_custom_js":"","smort_custom_pricelist_1":null,"smort_custom_pricelist_2":null,"smort_custom_pricelist_3":null,"smort_custom_pricelist_4":null,"smort_custom_pricelist_5":null},"anvandningsomrade":[166,238,2816],"bilmarken":[],"product_brand":[1252],"product_cat":[2586],"product_tag":[],"class_list":{"0":"post-11615","1":"product","2":"type-product","3":"status-publish","4":"has-post-thumbnail","6":"anvandningsomrade-lastbil","7":"anvandningsomrade-slap","8":"anvandningsomrade-trailer","9":"product_brand-lea","10":"product_cat-interiorbelysning-slap","11":"pa_fuktskydd-varde-ipxx-ip67","12":"pa_storlek-mm-80x14","13":"pa_stromforbrukning-004a-28v","14":"pa_stromforbrukning-009a-138v","15":"pa_volt-v-159","16":"pa_volt-v-160","18":"first","19":"onbackorder","20":"taxable","21":"shipping-taxable","22":"purchasable","23":"product-type-variable"},"bundled_by":[],"bundle_stock_status":"onbackorder","bundle_stock_quantity":null,"bundle_virtual":false,"bundle_layout":"","bundle_add_to_cart_form_location":"","bundle_editable_in_cart":false,"bundle_sold_individually_context":"","bundle_item_grouping":"","bundle_min_size":"","bundle_max_size":"","bundle_price":[],"bundled_items":[],"bundle_sell_ids":[],"acf":[],"yoast_head":"<!-- This site is optimized with the Yoast SEO plugin v27.0 - https:\/\/yoast.com\/product\/yoast-seo-wordpress\/ -->\n<title>Interi\u00f6rlampa \u00d880mm | Night | Vit - Xenonkungen<\/title>\n<meta name=\"robots\" content=\"index, follow, max-snippet:-1, max-image-preview:large, max-video-preview:-1\" \/>\n<link rel=\"canonical\" href=\"https:\/\/xenonkungen.com\/dk\/vare\/indvendig-lampe-o80mm-nathvid\/\" \/>\n<meta property=\"og:locale\" content=\"da_DK\" \/>\n<meta property=\"og:type\" content=\"article\" \/>\n<meta property=\"og:title\" content=\"Interi\u00f6rlampa \u00d880mm | Night | Vit - Xenonkungen\" \/>\n<meta property=\"og:description\" content=\"LED Interi\u00f6rlampa med Vit Sarg Denna moderna LED interi\u00f6rlampa \u00e4r utrustad med high brightness warm white LED och ett unikt r\u00f6tt nattljusl\u00e4ge, omgivet av en stilfull vit sarg. Den \u00e4r perfekt f\u00f6r att skapa en behaglig atmosf\u00e4r i fordon och andra utrymmen, med flexibiliteten att anpassa ljuset efter behov. Funktioner och Egenskaper: Modern vit sarg [&hellip;]\" \/>\n<meta property=\"og:url\" content=\"https:\/\/xenonkungen.com\/dk\/vare\/indvendig-lampe-o80mm-nathvid\/\" \/>\n<meta property=\"og:site_name\" content=\"Xenonkungen\" \/>\n<meta property=\"article:modified_time\" content=\"2026-04-10T23:53:04+00:00\" \/>\n<meta property=\"og:image\" content=\"https:\/\/xenonkungen.com\/wp-content\/uploads\/2025\/06\/2926457-origpic-7c5498.jpg\" \/>\n\t<meta property=\"og:image:width\" content=\"600\" \/>\n\t<meta property=\"og:image:height\" content=\"600\" \/>\n\t<meta property=\"og:image:type\" content=\"image\/jpeg\" \/>\n<meta name=\"twitter:card\" content=\"summary_large_image\" \/>\n<meta name=\"twitter:label1\" content=\"Estimeret l\u00e6setid\" \/>\n\t<meta name=\"twitter:data1\" content=\"1 minut\" \/>\n<script type=\"application\/ld+json\" class=\"yoast-schema-graph\">{\"@context\":\"https:\/\/schema.org\",\"@graph\":[{\"@type\":\"WebPage\",\"@id\":\"https:\/\/xenonkungen.com\/dk\/vare\/indvendig-lampe-o80mm-nathvid\/\",\"url\":\"https:\/\/xenonkungen.com\/dk\/vare\/indvendig-lampe-o80mm-nathvid\/\",\"name\":\"Interi\u00f6rlampa \u00d880mm | Night | Vit - Xenonkungen\",\"isPartOf\":{\"@id\":\"https:\/\/xenonkungen.com\/#website\"},\"primaryImageOfPage\":{\"@id\":\"https:\/\/xenonkungen.com\/dk\/vare\/indvendig-lampe-o80mm-nathvid\/#primaryimage\"},\"image\":{\"@id\":\"https:\/\/xenonkungen.com\/dk\/vare\/indvendig-lampe-o80mm-nathvid\/#primaryimage\"},\"thumbnailUrl\":\"https:\/\/xenonkungen.com\/wp-content\/uploads\/2025\/06\/2926457-origpic-7c5498.jpg\",\"datePublished\":\"2025-06-23T13:51:13+00:00\",\"dateModified\":\"2026-04-10T23:53:04+00:00\",\"breadcrumb\":{\"@id\":\"https:\/\/xenonkungen.com\/dk\/vare\/indvendig-lampe-o80mm-nathvid\/#breadcrumb\"},\"inLanguage\":\"da-DK\",\"potentialAction\":[{\"@type\":\"ReadAction\",\"target\":[\"https:\/\/xenonkungen.com\/dk\/vare\/indvendig-lampe-o80mm-nathvid\/\"]}]},{\"@type\":\"ImageObject\",\"inLanguage\":\"da-DK\",\"@id\":\"https:\/\/xenonkungen.com\/dk\/vare\/indvendig-lampe-o80mm-nathvid\/#primaryimage\",\"url\":\"https:\/\/xenonkungen.com\/wp-content\/uploads\/2025\/06\/2926457-origpic-7c5498.jpg\",\"contentUrl\":\"https:\/\/xenonkungen.com\/wp-content\/uploads\/2025\/06\/2926457-origpic-7c5498.jpg\",\"width\":600,\"height\":600},{\"@type\":\"BreadcrumbList\",\"@id\":\"https:\/\/xenonkungen.com\/dk\/vare\/indvendig-lampe-o80mm-nathvid\/#breadcrumb\",\"itemListElement\":[{\"@type\":\"ListItem\",\"position\":1,\"name\":\"Hem\",\"item\":\"https:\/\/xenonkungen.com\/\"},{\"@type\":\"ListItem\",\"position\":2,\"name\":\"Shop\",\"item\":\"https:\/\/xenonkungen.com\/shop\/\"},{\"@type\":\"ListItem\",\"position\":3,\"name\":\"Interi\u00f6rlampa \u00d880mm | Night | Vit\"}]},{\"@type\":\"WebSite\",\"@id\":\"https:\/\/xenonkungen.com\/#website\",\"url\":\"https:\/\/xenonkungen.com\/\",\"name\":\"Xenonkungen\",\"description\":\"\",\"potentialAction\":[{\"@type\":\"SearchAction\",\"target\":{\"@type\":\"EntryPoint\",\"urlTemplate\":\"https:\/\/xenonkungen.com\/?s={search_term_string}\"},\"query-input\":{\"@type\":\"PropertyValueSpecification\",\"valueRequired\":true,\"valueName\":\"search_term_string\"}}],\"inLanguage\":\"da-DK\"}]}<\/script>\n<!-- \/ Yoast SEO plugin. -->","yoast_head_json":{"title":"Indvendig lampe \u00d880mm | Nat | Hvid - Xenon Kongen","robots":{"index":"index","follow":"follow","max-snippet":"max-snippet:-1","max-image-preview":"max-image-preview:large","max-video-preview":"max-video-preview:-1"},"canonical":"https:\/\/xenonkungen.com\/dk\/vare\/indvendig-lampe-o80mm-nathvid\/","og_locale":"da_DK","og_type":"article","og_title":"Interi\u00f6rlampa \u00d880mm | Night | Vit - Xenonkungen","og_description":"LED Interi\u00f6rlampa med Vit Sarg Denna moderna LED interi\u00f6rlampa \u00e4r utrustad med high brightness warm white LED och ett unikt r\u00f6tt nattljusl\u00e4ge, omgivet av en stilfull vit sarg. Den \u00e4r perfekt f\u00f6r att skapa en behaglig atmosf\u00e4r i fordon och andra utrymmen, med flexibiliteten att anpassa ljuset efter behov. Funktioner och Egenskaper: Modern vit sarg [&hellip;]","og_url":"https:\/\/xenonkungen.com\/dk\/vare\/indvendig-lampe-o80mm-nathvid\/","og_site_name":"Xenonkungen","article_modified_time":"2026-04-10T23:53:04+00:00","og_image":[{"width":600,"height":600,"url":"https:\/\/xenonkungen.com\/wp-content\/uploads\/2025\/06\/2926457-origpic-7c5498.jpg","type":"image\/jpeg"}],"twitter_card":"summary_large_image","twitter_misc":{"Estimeret l\u00e6setid":"1 minut"},"schema":{"@context":"https:\/\/schema.org","@graph":[{"@type":"WebPage","@id":"https:\/\/xenonkungen.com\/dk\/vare\/indvendig-lampe-o80mm-nathvid\/","url":"https:\/\/xenonkungen.com\/dk\/vare\/indvendig-lampe-o80mm-nathvid\/","name":"Indvendig lampe \u00d880mm | Nat | Hvid - Xenon Kongen","isPartOf":{"@id":"https:\/\/xenonkungen.com\/#website"},"primaryImageOfPage":{"@id":"https:\/\/xenonkungen.com\/dk\/vare\/indvendig-lampe-o80mm-nathvid\/#primaryimage"},"image":{"@id":"https:\/\/xenonkungen.com\/dk\/vare\/indvendig-lampe-o80mm-nathvid\/#primaryimage"},"thumbnailUrl":"https:\/\/xenonkungen.com\/wp-content\/uploads\/2025\/06\/2926457-origpic-7c5498.jpg","datePublished":"2025-06-23T13:51:13+00:00","dateModified":"2026-04-10T23:53:04+00:00","breadcrumb":{"@id":"https:\/\/xenonkungen.com\/dk\/vare\/indvendig-lampe-o80mm-nathvid\/#breadcrumb"},"inLanguage":"da-DK","potentialAction":[{"@type":"ReadAction","target":["https:\/\/xenonkungen.com\/dk\/vare\/indvendig-lampe-o80mm-nathvid\/"]}]},{"@type":"ImageObject","inLanguage":"da-DK","@id":"https:\/\/xenonkungen.com\/dk\/vare\/indvendig-lampe-o80mm-nathvid\/#primaryimage","url":"https:\/\/xenonkungen.com\/wp-content\/uploads\/2025\/06\/2926457-origpic-7c5498.jpg","contentUrl":"https:\/\/xenonkungen.com\/wp-content\/uploads\/2025\/06\/2926457-origpic-7c5498.jpg","width":600,"height":600},{"@type":"BreadcrumbList","@id":"https:\/\/xenonkungen.com\/dk\/vare\/indvendig-lampe-o80mm-nathvid\/#breadcrumb","itemListElement":[{"@type":"ListItem","position":1,"name":"Hem","item":"https:\/\/xenonkungen.com\/"},{"@type":"ListItem","position":2,"name":"Shop","item":"https:\/\/xenonkungen.com\/shop\/"},{"@type":"ListItem","position":3,"name":"Interi\u00f6rlampa \u00d880mm | Night | Vit"}]},{"@type":"WebSite","@id":"https:\/\/xenonkungen.com\/#website","url":"https:\/\/xenonkungen.com\/","name":"Xenonkungen","description":"","potentialAction":[{"@type":"SearchAction","target":{"@type":"EntryPoint","urlTemplate":"https:\/\/xenonkungen.com\/?s={search_term_string}"},"query-input":{"@type":"PropertyValueSpecification","valueRequired":true,"valueName":"search_term_string"}}],"inLanguage":"da-DK"}]}},"taxonomy_info":{"anvandningsomrade":[{"value":166,"label":"Lastbil"},{"value":238,"label":"SL\u00c4P"},{"value":2816,"label":"TRAILER"}],"product_brand":[{"value":1252,"label":"LEA"}],"product_cat":[{"value":2586,"label":"Interi\u00f6rbelysning"}],"pa_fuktskydd-varde-ipxx":[{"value":333,"label":"IP67"}],"pa_storlek-mm":[{"value":2409,"label":"80x14"}],"pa_stromforbrukning":[{"value":1872,"label":"0,04A @28V"},{"value":2267,"label":"0,09A @13,8V"}],"pa_volt-v":[{"value":159,"label":"12"},{"value":160,"label":"24"}]},"featured_image_src_large":["https:\/\/xenonkungen.com\/wp-content\/uploads\/2025\/06\/2926457-origpic-7c5498.jpg",600,600,false],"author_info":[],"comment_info":0,"_links":{"self":[{"href":"https:\/\/xenonkungen.com\/dk\/wp-json\/wp\/v2\/product\/11615","targetHints":{"allow":["GET"]}}],"collection":[{"href":"https:\/\/xenonkungen.com\/dk\/wp-json\/wp\/v2\/product"}],"about":[{"href":"https:\/\/xenonkungen.com\/dk\/wp-json\/wp\/v2\/types\/product"}],"replies":[{"embeddable":true,"href":"https:\/\/xenonkungen.com\/dk\/wp-json\/wp\/v2\/comments?post=11615"}],"wp:featuredmedia":[{"embeddable":true,"href":"https:\/\/xenonkungen.com\/dk\/wp-json\/wp\/v2\/media\/10842"}],"wp:attachment":[{"href":"https:\/\/xenonkungen.com\/dk\/wp-json\/wp\/v2\/media?parent=11615"}],"wp:term":[{"taxonomy":"anvandningsomrade","embeddable":true,"href":"https:\/\/xenonkungen.com\/dk\/wp-json\/wp\/v2\/anvandningsomrade?post=11615"},{"taxonomy":"bilmarken","embeddable":true,"href":"https:\/\/xenonkungen.com\/dk\/wp-json\/wp\/v2\/bilmarken?post=11615"},{"taxonomy":"product_brand","embeddable":true,"href":"https:\/\/xenonkungen.com\/dk\/wp-json\/wp\/v2\/product_brand?post=11615"},{"taxonomy":"product_cat","embeddable":true,"href":"https:\/\/xenonkungen.com\/dk\/wp-json\/wp\/v2\/product_cat?post=11615"},{"taxonomy":"product_tag","embeddable":true,"href":"https:\/\/xenonkungen.com\/dk\/wp-json\/wp\/v2\/product_tag?post=11615"}],"curies":[{"name":"wp","href":"https:\/\/api.w.org\/{rel}","templated":true}]}}