{"id":11633,"date":"2025-06-23T13:51:18","date_gmt":"2025-06-23T13:51:18","guid":{"rendered":"https:\/\/xenonkungen.com\/produkt\/ledramp-paket-luxtar-x24-black-edition-infalld-240w\/"},"modified":"2026-04-02T12:23:50","modified_gmt":"2026-04-02T11:23:50","slug":"led-rampepakke-luxtar-x24-sort-udgave-inkluderet-240w","status":"publish","type":"product","link":"https:\/\/xenonkungen.com\/dk\/vare\/led-rampepakke-luxtar-x24-sort-udgave-inkluderet-240w\/","title":{"rendered":"Ledrampepakke LUXTAR\u00ae X24 Black Edition - Indbygget | 240W"},"content":{"rendered":"<h1>Komplet f\u00e6rdig pakke med h\u00e5ndliste, beslag og kabler<\/h1>\n<p>Luxtar\u00ae X24 udstyret med Cree XML2 LED giver hele 10.050 faktiske lumen og en r\u00e6kkevidde p\u00e5 630 m (Driving) | 880 m (Spot). Med markante reflektorer og sidemonterede diodelamper er dette muligt.<\/p>\n<p>Ekstra lysbeslag i pulverlakeret metalplade specielt fremstillet til vores Luxtar X24 LED-rampe. Fastg\u00f8res bag reg-skiltet og giver et elegant, fors\u00e6nket look.<\/p>\n<p>OBS!<br \/>\n240W | 24 000 Lumen er de teoretiske v\u00e6rdier for Luxtar X24, og som du kan tage i betragtning, n\u00e5r du sammenligner med andre muligheder p\u00e5 markedet (som l\u00e6gger v\u00e6gt p\u00e5 teoretiske data).<\/p>\n<p>177,6W | 10 050 Lumen er de faktiske v\u00e6rdier for Luxtar\u00ae LED-spotlight X24.<br \/>\nDenne v\u00e6rdi p\u00e5 10 050lm svarer til ca. 10 gange mere lys end 55W halogen (ca. 1000lm) eller 3 gange mere lys end 35W xenon (ca. 3200lm).<\/p>\n<p>Luxtar\u00ae X24 f\u00e5s i to versioner med forskellige reflektorer og lysm\u00f8nstre. Driving, ogs\u00e5 kaldet Remote, og Spot.<br \/>\nK\u00f8relyset har optimerede reflektorer, der giver et bredt og j\u00e6vnt lysbillede, og med 10.050 lumen f\u00e5r du ogs\u00e5 en perfekt r\u00e6kkevidde p\u00e5 ca. 630 meter ved 1 lux.<br \/>\nDriving er det popul\u00e6re valg, som giver en fantastisk bredde uden at g\u00e5 p\u00e5 kompromis med l\u00e6ngden.<br \/>\nSpot | Narrow beam har glatte reflektorer, hvilket betyder, at alt lys sendes lige frem og resulterer i en r\u00e6kkevidde p\u00e5 ca. 870-900 meter ved 1 Lux.<br \/>\nSpots med en kastel\u00e6ngde p\u00e5 omkring 900 meter er velegnede til dem, der k\u00f8rer p\u00e5 sk\u00e6ve tidspunkter eller ruter med mindre m\u00f8der, hvor der er mulighed for at bruge en langkastet lygte.<\/p>\n<p>Luxtar\u00ae LED rampe X24 er et passende hj\u00e6lpelys til personbil | varevogn | pickup | lastbil.<\/p>","protected":false},"excerpt":{"rendered":"<p>Komplet pakke til dem, der vil have meget lys, h\u00f8j kvalitet til en lav pris.<\/p>\n<p><b>Universalbeslag, der passer til de fleste biler<\/b><\/p>\n<p><b>Kan bestilles med 2 forskellige reflekser, Driving eller Spot<\/b><\/p>\n<p><b>Fungerer lige godt p\u00e5 biler og lastbiler<\/b><\/p>\n<p><b>10.500 lumen ud af lampen, det er ca. 10 gange mere end en halogenlampe!<\/b><\/p>","protected":false},"featured_media":7417,"comment_status":"closed","ping_status":"closed","template":"","meta":{"_acf_changed":false,"_smort_price_nok":"4588","_smort_price_dkk":"2914","_smort_price_eur":"390.44","_smort_sale_price_nok":"","_smort_sale_price_dkk":"","_smort_sale_price_eur":"","smort_restorder":"","shipmondo_restorder":"","_kad_blocks_custom_css":"","_kad_blocks_head_custom_js":"","_kad_blocks_body_custom_js":"","_kad_blocks_footer_custom_js":"","smort_custom_pricelist_1":"","smort_custom_pricelist_2":"","smort_custom_pricelist_3":"","smort_custom_pricelist_4":"","smort_custom_pricelist_5":""},"anvandningsomrade":[207,166,167,1915],"bilmarken":[168],"product_brand":[103],"product_cat":[2826,2820,2541,18,2160,1916],"product_tag":[],"class_list":{"0":"post-11633","1":"product","2":"type-product","3":"status-publish","4":"has-post-thumbnail","6":"anvandningsomrade-husbil","7":"anvandningsomrade-lastbil","8":"anvandningsomrade-personbil","9":"anvandningsomrade-skapbil","10":"bilmarken-alla","11":"product_brand-luxtar","12":"product_cat-luxtar","13":"product_cat-luxtar-paketlosningar","14":"product_cat-luxtar-x-serie-black-ledramper","15":"product_cat-led-ramper-ljusramper","16":"product_cat-luxtar-x-serie-black","17":"product_cat-ledrampspaket","18":"pa_faktisk-effekts-forbrukning-1922","19":"pa_fuktskydd-varde-ipxx-ip68","20":"pa_godkannande-ce-emc-rohs","21":"pa_ljusbild-driving","22":"pa_ljusbild-spot","23":"pa_storlek-mm-674x63x85","24":"pa_stromforbrukning-148a-12v","25":"pa_stromforbrukning-75a-24v","26":"pa_volt-v-multivolt-9-12-16-18-24-28-30-32","28":"first","29":"instock","30":"taxable","31":"shipping-taxable","32":"purchasable","33":"product-type-variable"},"bundled_by":[],"bundle_stock_status":"instock","bundle_stock_quantity":null,"bundle_virtual":false,"bundle_layout":"","bundle_add_to_cart_form_location":"","bundle_editable_in_cart":false,"bundle_sold_individually_context":"","bundle_item_grouping":"","bundle_min_size":"","bundle_max_size":"","bundle_price":[],"bundled_items":[],"bundle_sell_ids":[],"acf":[],"yoast_head":"<!-- This site is optimized with the Yoast SEO plugin v27.0 - https:\/\/yoast.com\/product\/yoast-seo-wordpress\/ -->\n<title>Ledramp Paket LUXTAR\u00ae X24 Black Edition - Inf\u00e4lld | 240W - Xenonkungen<\/title>\n<meta name=\"robots\" content=\"index, follow, max-snippet:-1, max-image-preview:large, max-video-preview:-1\" \/>\n<link rel=\"canonical\" href=\"https:\/\/xenonkungen.com\/dk\/vare\/led-rampepakke-luxtar-x24-sort-udgave-inkluderet-240w\/\" \/>\n<meta property=\"og:locale\" content=\"da_DK\" \/>\n<meta property=\"og:type\" content=\"article\" \/>\n<meta property=\"og:title\" content=\"Ledramp Paket LUXTAR\u00ae X24 Black Edition - Inf\u00e4lld | 240W - Xenonkungen\" \/>\n<meta property=\"og:description\" content=\"Komplett paket f\u00f6r dig som \u00f6nskar mycket ljus, h\u00f6g kvalitet till ett l\u00e5gt pris.  Universalf\u00e4ste som passar de flesta bilar  Kan best\u00e4llas med 2 olika reflektorer, Driving eller Spot  Fungerar lika bra p\u00e5 personbilar som lastbilar  10 500 Lumen ut ur rampen, Det \u00e4r ca 10 g\u00e5nger mer \u00e4n ett halogenhelljus!\" \/>\n<meta property=\"og:url\" content=\"https:\/\/xenonkungen.com\/dk\/vare\/led-rampepakke-luxtar-x24-sort-udgave-inkluderet-240w\/\" \/>\n<meta property=\"og:site_name\" content=\"Xenonkungen\" \/>\n<meta property=\"article:modified_time\" content=\"2026-04-02T11:23:50+00:00\" \/>\n<meta property=\"og:image\" content=\"https:\/\/xenonkungen.com\/wp-content\/uploads\/2025\/04\/174905355-origpic-36e47f.png\" \/>\n\t<meta property=\"og:image:width\" content=\"1000\" \/>\n\t<meta property=\"og:image:height\" content=\"1000\" \/>\n\t<meta property=\"og:image:type\" content=\"image\/png\" \/>\n<meta name=\"twitter:card\" content=\"summary_large_image\" \/>\n<meta name=\"twitter:label1\" content=\"Estimeret l\u00e6setid\" \/>\n\t<meta name=\"twitter:data1\" content=\"2 minutter\" \/>\n<script type=\"application\/ld+json\" class=\"yoast-schema-graph\">{\"@context\":\"https:\/\/schema.org\",\"@graph\":[{\"@type\":\"WebPage\",\"@id\":\"https:\/\/xenonkungen.com\/produkt\/ledramp-paket-luxtar-x24-black-edition-infalld-240w\/\",\"url\":\"https:\/\/xenonkungen.com\/produkt\/ledramp-paket-luxtar-x24-black-edition-infalld-240w\/\",\"name\":\"Ledramp Paket LUXTAR\u00ae X24 Black Edition - Inf\u00e4lld | 240W - Xenonkungen\",\"isPartOf\":{\"@id\":\"https:\/\/xenonkungen.com\/#website\"},\"primaryImageOfPage\":{\"@id\":\"https:\/\/xenonkungen.com\/produkt\/ledramp-paket-luxtar-x24-black-edition-infalld-240w\/#primaryimage\"},\"image\":{\"@id\":\"https:\/\/xenonkungen.com\/produkt\/ledramp-paket-luxtar-x24-black-edition-infalld-240w\/#primaryimage\"},\"thumbnailUrl\":\"https:\/\/xenonkungen.com\/wp-content\/uploads\/2025\/04\/174905355-origpic-36e47f.png\",\"datePublished\":\"2025-06-23T13:51:18+00:00\",\"dateModified\":\"2026-04-02T11:23:50+00:00\",\"breadcrumb\":{\"@id\":\"https:\/\/xenonkungen.com\/produkt\/ledramp-paket-luxtar-x24-black-edition-infalld-240w\/#breadcrumb\"},\"inLanguage\":\"da-DK\",\"potentialAction\":[{\"@type\":\"ReadAction\",\"target\":[\"https:\/\/xenonkungen.com\/produkt\/ledramp-paket-luxtar-x24-black-edition-infalld-240w\/\"]}]},{\"@type\":\"ImageObject\",\"inLanguage\":\"da-DK\",\"@id\":\"https:\/\/xenonkungen.com\/produkt\/ledramp-paket-luxtar-x24-black-edition-infalld-240w\/#primaryimage\",\"url\":\"https:\/\/xenonkungen.com\/wp-content\/uploads\/2025\/04\/174905355-origpic-36e47f.png\",\"contentUrl\":\"https:\/\/xenonkungen.com\/wp-content\/uploads\/2025\/04\/174905355-origpic-36e47f.png\",\"width\":1000,\"height\":1000},{\"@type\":\"BreadcrumbList\",\"@id\":\"https:\/\/xenonkungen.com\/produkt\/ledramp-paket-luxtar-x24-black-edition-infalld-240w\/#breadcrumb\",\"itemListElement\":[{\"@type\":\"ListItem\",\"position\":1,\"name\":\"Hem\",\"item\":\"https:\/\/xenonkungen.com\/\"},{\"@type\":\"ListItem\",\"position\":2,\"name\":\"Shop\",\"item\":\"https:\/\/xenonkungen.com\/shop\/\"},{\"@type\":\"ListItem\",\"position\":3,\"name\":\"Ledramp Paket LUXTAR\u00ae X24 Black Edition &#8211; Inf\u00e4lld | 240W\"}]},{\"@type\":\"WebSite\",\"@id\":\"https:\/\/xenonkungen.com\/#website\",\"url\":\"https:\/\/xenonkungen.com\/\",\"name\":\"Xenonkungen\",\"description\":\"\",\"potentialAction\":[{\"@type\":\"SearchAction\",\"target\":{\"@type\":\"EntryPoint\",\"urlTemplate\":\"https:\/\/xenonkungen.com\/?s={search_term_string}\"},\"query-input\":{\"@type\":\"PropertyValueSpecification\",\"valueRequired\":true,\"valueName\":\"search_term_string\"}}],\"inLanguage\":\"da-DK\"}]}<\/script>\n<!-- \/ Yoast SEO plugin. -->","yoast_head_json":{"title":"LED-projekt\u00f8rpakke LUXTAR\u00ae X24 Black Edition - Indbygget | 240W - Xenonkungen","robots":{"index":"index","follow":"follow","max-snippet":"max-snippet:-1","max-image-preview":"max-image-preview:large","max-video-preview":"max-video-preview:-1"},"canonical":"https:\/\/xenonkungen.com\/dk\/vare\/led-rampepakke-luxtar-x24-sort-udgave-inkluderet-240w\/","og_locale":"da_DK","og_type":"article","og_title":"Ledramp Paket LUXTAR\u00ae X24 Black Edition - Inf\u00e4lld | 240W - Xenonkungen","og_description":"Komplett paket f\u00f6r dig som \u00f6nskar mycket ljus, h\u00f6g kvalitet till ett l\u00e5gt pris.  Universalf\u00e4ste som passar de flesta bilar  Kan best\u00e4llas med 2 olika reflektorer, Driving eller Spot  Fungerar lika bra p\u00e5 personbilar som lastbilar  10 500 Lumen ut ur rampen, Det \u00e4r ca 10 g\u00e5nger mer \u00e4n ett halogenhelljus!","og_url":"https:\/\/xenonkungen.com\/dk\/vare\/led-rampepakke-luxtar-x24-sort-udgave-inkluderet-240w\/","og_site_name":"Xenonkungen","article_modified_time":"2026-04-02T11:23:50+00:00","og_image":[{"width":1000,"height":1000,"url":"https:\/\/xenonkungen.com\/wp-content\/uploads\/2025\/04\/174905355-origpic-36e47f.png","type":"image\/png"}],"twitter_card":"summary_large_image","twitter_misc":{"Estimeret l\u00e6setid":"2 minutter"},"schema":{"@context":"https:\/\/schema.org","@graph":[{"@type":"WebPage","@id":"https:\/\/xenonkungen.com\/produkt\/ledramp-paket-luxtar-x24-black-edition-infalld-240w\/","url":"https:\/\/xenonkungen.com\/produkt\/ledramp-paket-luxtar-x24-black-edition-infalld-240w\/","name":"LED-projekt\u00f8rpakke LUXTAR\u00ae X24 Black Edition - Indbygget | 240W - Xenonkungen","isPartOf":{"@id":"https:\/\/xenonkungen.com\/#website"},"primaryImageOfPage":{"@id":"https:\/\/xenonkungen.com\/produkt\/ledramp-paket-luxtar-x24-black-edition-infalld-240w\/#primaryimage"},"image":{"@id":"https:\/\/xenonkungen.com\/produkt\/ledramp-paket-luxtar-x24-black-edition-infalld-240w\/#primaryimage"},"thumbnailUrl":"https:\/\/xenonkungen.com\/wp-content\/uploads\/2025\/04\/174905355-origpic-36e47f.png","datePublished":"2025-06-23T13:51:18+00:00","dateModified":"2026-04-02T11:23:50+00:00","breadcrumb":{"@id":"https:\/\/xenonkungen.com\/produkt\/ledramp-paket-luxtar-x24-black-edition-infalld-240w\/#breadcrumb"},"inLanguage":"da-DK","potentialAction":[{"@type":"ReadAction","target":["https:\/\/xenonkungen.com\/produkt\/ledramp-paket-luxtar-x24-black-edition-infalld-240w\/"]}]},{"@type":"ImageObject","inLanguage":"da-DK","@id":"https:\/\/xenonkungen.com\/produkt\/ledramp-paket-luxtar-x24-black-edition-infalld-240w\/#primaryimage","url":"https:\/\/xenonkungen.com\/wp-content\/uploads\/2025\/04\/174905355-origpic-36e47f.png","contentUrl":"https:\/\/xenonkungen.com\/wp-content\/uploads\/2025\/04\/174905355-origpic-36e47f.png","width":1000,"height":1000},{"@type":"BreadcrumbList","@id":"https:\/\/xenonkungen.com\/produkt\/ledramp-paket-luxtar-x24-black-edition-infalld-240w\/#breadcrumb","itemListElement":[{"@type":"ListItem","position":1,"name":"Hem","item":"https:\/\/xenonkungen.com\/"},{"@type":"ListItem","position":2,"name":"Shop","item":"https:\/\/xenonkungen.com\/shop\/"},{"@type":"ListItem","position":3,"name":"Ledramp Paket LUXTAR\u00ae X24 Black Edition &#8211; Inf\u00e4lld | 240W"}]},{"@type":"WebSite","@id":"https:\/\/xenonkungen.com\/#website","url":"https:\/\/xenonkungen.com\/","name":"Xenonkungen","description":"","potentialAction":[{"@type":"SearchAction","target":{"@type":"EntryPoint","urlTemplate":"https:\/\/xenonkungen.com\/?s={search_term_string}"},"query-input":{"@type":"PropertyValueSpecification","valueRequired":true,"valueName":"search_term_string"}}],"inLanguage":"da-DK"}]}},"taxonomy_info":{"anvandningsomrade":[{"value":207,"label":"Husbil"},{"value":166,"label":"Lastbil"},{"value":167,"label":"PERSONBIL"},{"value":1915,"label":"Sk\u00e5pbil"}],"bilmarken":[{"value":168,"label":"Alla"}],"product_brand":[{"value":103,"label":"LUXTAR"}],"product_cat":[{"value":2826,"label":"LUXTAR"},{"value":2820,"label":"Luxtar - Paketl\u00f6sningar"},{"value":2541,"label":"Luxtar X-Serie Black"},{"value":18,"label":"LED Ramper \/ Ljusramper"},{"value":2160,"label":"LUXTAR X-serie Black"},{"value":1916,"label":"Ledrampspaket"}],"pa_faktisk-effekts-forbrukning":[{"value":1922,"label":"177,6"}],"pa_fuktskydd-varde-ipxx":[{"value":177,"label":"IP68"}],"pa_godkannande":[{"value":325,"label":"CE, EMC, RoHS"}],"pa_ljusbild":[{"value":178,"label":"Driving"},{"value":1177,"label":"Spot"}],"pa_storlek-mm":[{"value":1921,"label":"674x63x85"}],"pa_stromforbrukning":[{"value":1923,"label":"14,8A @12V"},{"value":1924,"label":"7,5A @24V"}],"pa_volt-v":[{"value":521,"label":"Multivolt, 9, 12, 16, 18, 24, 28, 30, 32"}]},"featured_image_src_large":["https:\/\/xenonkungen.com\/wp-content\/uploads\/2025\/04\/174905355-origpic-36e47f.png",1000,1000,false],"author_info":[],"comment_info":1,"_links":{"self":[{"href":"https:\/\/xenonkungen.com\/dk\/wp-json\/wp\/v2\/product\/11633","targetHints":{"allow":["GET"]}}],"collection":[{"href":"https:\/\/xenonkungen.com\/dk\/wp-json\/wp\/v2\/product"}],"about":[{"href":"https:\/\/xenonkungen.com\/dk\/wp-json\/wp\/v2\/types\/product"}],"replies":[{"embeddable":true,"href":"https:\/\/xenonkungen.com\/dk\/wp-json\/wp\/v2\/comments?post=11633"}],"wp:featuredmedia":[{"embeddable":true,"href":"https:\/\/xenonkungen.com\/dk\/wp-json\/wp\/v2\/media\/7417"}],"wp:attachment":[{"href":"https:\/\/xenonkungen.com\/dk\/wp-json\/wp\/v2\/media?parent=11633"}],"wp:term":[{"taxonomy":"anvandningsomrade","embeddable":true,"href":"https:\/\/xenonkungen.com\/dk\/wp-json\/wp\/v2\/anvandningsomrade?post=11633"},{"taxonomy":"bilmarken","embeddable":true,"href":"https:\/\/xenonkungen.com\/dk\/wp-json\/wp\/v2\/bilmarken?post=11633"},{"taxonomy":"product_brand","embeddable":true,"href":"https:\/\/xenonkungen.com\/dk\/wp-json\/wp\/v2\/product_brand?post=11633"},{"taxonomy":"product_cat","embeddable":true,"href":"https:\/\/xenonkungen.com\/dk\/wp-json\/wp\/v2\/product_cat?post=11633"},{"taxonomy":"product_tag","embeddable":true,"href":"https:\/\/xenonkungen.com\/dk\/wp-json\/wp\/v2\/product_tag?post=11633"}],"curies":[{"name":"wp","href":"https:\/\/api.w.org\/{rel}","templated":true}]}}