{"id":11642,"date":"2025-06-23T13:51:23","date_gmt":"2025-06-23T13:51:23","guid":{"rendered":"https:\/\/xenonkungen.com\/produkt\/infallnadspaket-luxtar-x18-black-edition-xbb\/"},"modified":"2026-04-17T10:44:28","modified_gmt":"2026-04-17T09:44:28","slug":"smart-pakke-luxtar-x18-sort-udgave-xbb","status":"publish","type":"product","link":"https:\/\/xenonkungen.com\/dk\/vare\/smart-pakke-luxtar-x18-sort-udgave-xbb\/","title":{"rendered":"LUXTAR\u00ae X18 Black Edition indbygningss\u00e6t &gt;XBB<"},"content":{"rendered":"<h2>Komplet pakke: LUXTAR\u00ae X18 Black Edition + XBB OBD-II Dongle &amp; PowerUnit + Kabels\u00e6t<\/h2>\n<p><strong>Den ultimative l\u00f8sning til belysning og k\u00f8ret\u00f8jskontrol - alt i \u00e9n pakke.<\/strong><\/p>\n<p>Forenkl og opgrader din k\u00f8ret\u00f8jsinstallation med vores eksklusive pakke, der kombinerer LUXTAR\u00ae X18 Black Edition med XBB OBD-II Dongle og PowerUnit samt et komplet ledningss\u00e6t. Denne pakke giver dig en komplet installation med alt, hvad du beh\u00f8ver for at tage din bils belysning og elektriske system til det n\u00e6ste niveau.<\/p>\n<h3>Pakken indeholder:<\/h3>\n<ul>\n<li><strong>LUXTAR\u00ae X18 Sort Udgave<\/strong><br \/>\nOplev enest\u00e5ende belysning med en moderne, matsort finish, der passer ind i ethvert milj\u00f8. Disse kraftfulde og stilfulde spots giver pr\u00e6cis og effektiv belysning, uanset om det er til hjemmebrug eller kommerciel installation. Perfekt til dem, der kr\u00e6ver h\u00f8j kvalitet og design.<\/li>\n<li><strong>XBB OBD-II Dongle + PowerUnit<\/strong><br \/>\nTag kontrol over dit k\u00f8ret\u00f8js belysningssystem med vores XBB OBD-II Dongle og PowerUnit. Ved blot at tilslutte til bilens OBD-II-port f\u00e5r du adgang til avancerede funktioner som f.eks. problemfri styring af ekstra lys og andet elektrisk tilbeh\u00f8r. Alt styres via en kompakt og kraftfuld enhed, der giver dig fuld kontrol p\u00e5 et \u00f8jeblik.<\/li>\n<li><strong>Kabels\u00e6t til XBB Power Unit<\/strong><br \/>\nFor en hurtig og sikker installation leveres pakken med et komplet kabels\u00e6t, der er tilpasset XBB Power Unit. Med 9006-stik i h\u00f8j kvalitet og holdbare kabler f\u00e5r du en p\u00e5lidelig forbindelse, der sikrer langvarig funktionalitet.<\/li>\n<\/ul>\n<h3>Hvorfor v\u00e6lge denne pakke?<\/h3>\n<ul>\n<li><strong>Komplet og klar til at blive installeret:<\/strong> Du f\u00e5r alt, hvad du skal bruge for nemt at installere og tilslutte b\u00e5de lys- og styresystemer i dit k\u00f8ret\u00f8j. Det er slut med at lede efter separate dele - denne pakke har det hele.<\/li>\n<li><strong>Innovative teknologier:<\/strong> XBB OBD-II Dongle giver dig mulighed for nemt at styre og tilpasse din belysning via bilens OBD-II-port, hvilket giver maksimal fleksibilitet og kraft.<\/li>\n<li><strong>Elegant design og ydeevne:<\/strong> LUXTAR\u00ae X18 Black Edition kombinerer et elegant, sort design med imponerende lysstyrke og skaber dermed en f\u00f8rsteklasses l\u00f8sning til den kr\u00e6sne bruger.<\/li>\n<\/ul>\n<p><strong>Denne pakke er perfekt til dem, der \u00f8nsker en problemfri installation, belysning i h\u00f8j kvalitet og fuld kontrol over k\u00f8ret\u00f8jets elektriske system. Bestil i dag, og oplev, hvor nemt det kan v\u00e6re at opgradere dit k\u00f8ret\u00f8j med de bedste l\u00f8sninger p\u00e5 markedet!<\/strong><\/p>","protected":false},"excerpt":{"rendered":"<p>F\u00e5s i f\u00f8lgende varianter <b>K\u00d8RER<\/b> eller <b>SPOT<\/b><\/p>\n<p><b>Indhold i leveringen:<\/b><br \/>\n\u2013 LUXTAR\u00ae Led-rampe X18 Sort udgave<br \/>\n\u2013 Indbygget beslag til X18 LED-rampe<br \/>\n- XBB OBD-II Dongle + PowerUnit<br \/>\n- Kabels\u00e6t til XBB Power Unit<\/p>","protected":false},"featured_media":10889,"comment_status":"closed","ping_status":"closed","template":"","meta":{"_acf_changed":false,"_smort_price_nok":"5688","_smort_price_dkk":"3613","_smort_price_eur":"484.07","_smort_sale_price_nok":"","_smort_sale_price_dkk":"","_smort_sale_price_eur":"","smort_restorder":"","shipmondo_restorder":"","_kad_blocks_custom_css":"","_kad_blocks_head_custom_js":"","_kad_blocks_body_custom_js":"","_kad_blocks_footer_custom_js":"","smort_custom_pricelist_1":"3408","smort_custom_pricelist_2":"3408","smort_custom_pricelist_3":"3237.6","smort_custom_pricelist_4":"4260","smort_custom_pricelist_5":"3408"},"anvandningsomrade":[],"bilmarken":[],"product_brand":[103],"product_cat":[2539,2826,2820,2541,2596,2160,1916],"product_tag":[],"class_list":{"0":"post-11642","1":"product","2":"type-product","3":"status-publish","4":"has-post-thumbnail","6":"product_brand-luxtar","7":"product_cat-ledramper","8":"product_cat-luxtar","9":"product_cat-luxtar-paketlosningar","10":"product_cat-luxtar-x-serie-black-ledramper","11":"product_cat-paket","12":"product_cat-luxtar-x-serie-black","13":"product_cat-ledrampspaket","14":"pa_faktisk-effekts-forbrukning-2277","15":"pa_fuktskydd-varde-ipxx-ip68","16":"pa_godkannande-e-markt","17":"pa_ljusbild-driving","18":"pa_ljusbild-spot","19":"pa_storlek-mm-518x63x85","20":"pa_stromforbrukning-11a-12v","21":"pa_stromforbrukning-56a-24v","22":"pa_volt-v-multivolt-9-12-16-18-24-28-30-32","24":"first","25":"onbackorder","26":"taxable","27":"shipping-taxable","28":"purchasable","29":"product-type-variable"},"bundled_by":[],"bundle_stock_status":"onbackorder","bundle_stock_quantity":-919,"bundle_virtual":false,"bundle_layout":"","bundle_add_to_cart_form_location":"","bundle_editable_in_cart":false,"bundle_sold_individually_context":"","bundle_item_grouping":"","bundle_min_size":"","bundle_max_size":"","bundle_price":[],"bundled_items":[],"bundle_sell_ids":[],"acf":[],"yoast_head":"<!-- This site is optimized with the Yoast SEO plugin v27.0 - https:\/\/yoast.com\/product\/yoast-seo-wordpress\/ -->\n<title>Inf\u00e4llnadspaket LUXTAR\u00ae X18 Black Edition &gt;XBB&lt; - Xenonkungen<\/title>\n<meta name=\"robots\" content=\"index, follow, max-snippet:-1, max-image-preview:large, max-video-preview:-1\" \/>\n<link rel=\"canonical\" href=\"https:\/\/xenonkungen.com\/dk\/vare\/smart-pakke-luxtar-x18-sort-udgave-xbb\/\" \/>\n<meta property=\"og:locale\" content=\"da_DK\" \/>\n<meta property=\"og:type\" content=\"article\" \/>\n<meta property=\"og:title\" content=\"Inf\u00e4llnadspaket LUXTAR\u00ae X18 Black Edition &gt;XBB&lt; - Xenonkungen\" \/>\n<meta property=\"og:description\" content=\"Finns i varianterna DRIVING eller SPOT  Leveransinneh\u00e5ll: - LUXTAR\u00ae Ledramp X18 Black Edition - Inf\u00e4llnadsf\u00e4ste till X18 LEDramp - XBB OBD-II Dongel + PowerUnit - Kabelsats till XBB Power Unit\" \/>\n<meta property=\"og:url\" content=\"https:\/\/xenonkungen.com\/dk\/vare\/smart-pakke-luxtar-x18-sort-udgave-xbb\/\" \/>\n<meta property=\"og:site_name\" content=\"Xenonkungen\" \/>\n<meta property=\"article:modified_time\" content=\"2026-04-17T09:44:28+00:00\" \/>\n<meta property=\"og:image\" content=\"https:\/\/xenonkungen.com\/wp-content\/uploads\/2025\/06\/215774209-origpic-f1d1c6-scaled.png\" \/>\n\t<meta property=\"og:image:width\" content=\"2560\" \/>\n\t<meta property=\"og:image:height\" content=\"2318\" \/>\n\t<meta property=\"og:image:type\" content=\"image\/png\" \/>\n<meta name=\"twitter:card\" content=\"summary_large_image\" \/>\n<meta name=\"twitter:label1\" content=\"Estimeret l\u00e6setid\" \/>\n\t<meta name=\"twitter:data1\" content=\"2 minutter\" \/>\n<script type=\"application\/ld+json\" class=\"yoast-schema-graph\">{\"@context\":\"https:\/\/schema.org\",\"@graph\":[{\"@type\":\"WebPage\",\"@id\":\"https:\/\/xenonkungen.com\/produkt\/infallnadspaket-luxtar-x18-black-edition-xbb\/\",\"url\":\"https:\/\/xenonkungen.com\/produkt\/infallnadspaket-luxtar-x18-black-edition-xbb\/\",\"name\":\"Inf\u00e4llnadspaket LUXTAR\u00ae X18 Black Edition >XBB< - Xenonkungen\",\"isPartOf\":{\"@id\":\"https:\/\/xenonkungen.com\/#website\"},\"primaryImageOfPage\":{\"@id\":\"https:\/\/xenonkungen.com\/produkt\/infallnadspaket-luxtar-x18-black-edition-xbb\/#primaryimage\"},\"image\":{\"@id\":\"https:\/\/xenonkungen.com\/produkt\/infallnadspaket-luxtar-x18-black-edition-xbb\/#primaryimage\"},\"thumbnailUrl\":\"https:\/\/xenonkungen.com\/wp-content\/uploads\/2025\/06\/215774209-origpic-f1d1c6-scaled.png\",\"datePublished\":\"2025-06-23T13:51:23+00:00\",\"dateModified\":\"2026-04-17T09:44:28+00:00\",\"breadcrumb\":{\"@id\":\"https:\/\/xenonkungen.com\/produkt\/infallnadspaket-luxtar-x18-black-edition-xbb\/#breadcrumb\"},\"inLanguage\":\"da-DK\",\"potentialAction\":[{\"@type\":\"ReadAction\",\"target\":[\"https:\/\/xenonkungen.com\/produkt\/infallnadspaket-luxtar-x18-black-edition-xbb\/\"]}]},{\"@type\":\"ImageObject\",\"inLanguage\":\"da-DK\",\"@id\":\"https:\/\/xenonkungen.com\/produkt\/infallnadspaket-luxtar-x18-black-edition-xbb\/#primaryimage\",\"url\":\"https:\/\/xenonkungen.com\/wp-content\/uploads\/2025\/06\/215774209-origpic-f1d1c6-scaled.png\",\"contentUrl\":\"https:\/\/xenonkungen.com\/wp-content\/uploads\/2025\/06\/215774209-origpic-f1d1c6-scaled.png\",\"width\":2560,\"height\":2318},{\"@type\":\"BreadcrumbList\",\"@id\":\"https:\/\/xenonkungen.com\/produkt\/infallnadspaket-luxtar-x18-black-edition-xbb\/#breadcrumb\",\"itemListElement\":[{\"@type\":\"ListItem\",\"position\":1,\"name\":\"Hem\",\"item\":\"https:\/\/xenonkungen.com\/\"},{\"@type\":\"ListItem\",\"position\":2,\"name\":\"Shop\",\"item\":\"https:\/\/xenonkungen.com\/shop\/\"},{\"@type\":\"ListItem\",\"position\":3,\"name\":\"Inf\u00e4llnadspaket LUXTAR\u00ae X18 Black Edition >XBB\"}]},{\"@type\":\"WebSite\",\"@id\":\"https:\/\/xenonkungen.com\/#website\",\"url\":\"https:\/\/xenonkungen.com\/\",\"name\":\"Xenonkungen\",\"description\":\"\",\"potentialAction\":[{\"@type\":\"SearchAction\",\"target\":{\"@type\":\"EntryPoint\",\"urlTemplate\":\"https:\/\/xenonkungen.com\/?s={search_term_string}\"},\"query-input\":{\"@type\":\"PropertyValueSpecification\",\"valueRequired\":true,\"valueName\":\"search_term_string\"}}],\"inLanguage\":\"da-DK\"}]}<\/script>\n<!-- \/ Yoast SEO plugin. -->","yoast_head_json":{"title":"Indbygget pakke LUXTAR\u00ae X18 Black Edition &gt;XBB&lt; - Xenon-kongen","robots":{"index":"index","follow":"follow","max-snippet":"max-snippet:-1","max-image-preview":"max-image-preview:large","max-video-preview":"max-video-preview:-1"},"canonical":"https:\/\/xenonkungen.com\/dk\/vare\/smart-pakke-luxtar-x18-sort-udgave-xbb\/","og_locale":"da_DK","og_type":"article","og_title":"Inf\u00e4llnadspaket LUXTAR\u00ae X18 Black Edition >XBB< - Xenonkungen","og_description":"Finns i varianterna DRIVING eller SPOT  Leveransinneh\u00e5ll: - LUXTAR\u00ae Ledramp X18 Black Edition - Inf\u00e4llnadsf\u00e4ste till X18 LEDramp - XBB OBD-II Dongel + PowerUnit - Kabelsats till XBB Power Unit","og_url":"https:\/\/xenonkungen.com\/dk\/vare\/smart-pakke-luxtar-x18-sort-udgave-xbb\/","og_site_name":"Xenonkungen","article_modified_time":"2026-04-17T09:44:28+00:00","og_image":[{"width":2560,"height":2318,"url":"https:\/\/xenonkungen.com\/wp-content\/uploads\/2025\/06\/215774209-origpic-f1d1c6-scaled.png","type":"image\/png"}],"twitter_card":"summary_large_image","twitter_misc":{"Estimeret l\u00e6setid":"2 minutter"},"schema":{"@context":"https:\/\/schema.org","@graph":[{"@type":"WebPage","@id":"https:\/\/xenonkungen.com\/produkt\/infallnadspaket-luxtar-x18-black-edition-xbb\/","url":"https:\/\/xenonkungen.com\/produkt\/infallnadspaket-luxtar-x18-black-edition-xbb\/","name":"Indbygget pakke LUXTAR\u00ae X18 Black Edition &gt;XBB&lt; - Xenon-kongen","isPartOf":{"@id":"https:\/\/xenonkungen.com\/#website"},"primaryImageOfPage":{"@id":"https:\/\/xenonkungen.com\/produkt\/infallnadspaket-luxtar-x18-black-edition-xbb\/#primaryimage"},"image":{"@id":"https:\/\/xenonkungen.com\/produkt\/infallnadspaket-luxtar-x18-black-edition-xbb\/#primaryimage"},"thumbnailUrl":"https:\/\/xenonkungen.com\/wp-content\/uploads\/2025\/06\/215774209-origpic-f1d1c6-scaled.png","datePublished":"2025-06-23T13:51:23+00:00","dateModified":"2026-04-17T09:44:28+00:00","breadcrumb":{"@id":"https:\/\/xenonkungen.com\/produkt\/infallnadspaket-luxtar-x18-black-edition-xbb\/#breadcrumb"},"inLanguage":"da-DK","potentialAction":[{"@type":"ReadAction","target":["https:\/\/xenonkungen.com\/produkt\/infallnadspaket-luxtar-x18-black-edition-xbb\/"]}]},{"@type":"ImageObject","inLanguage":"da-DK","@id":"https:\/\/xenonkungen.com\/produkt\/infallnadspaket-luxtar-x18-black-edition-xbb\/#primaryimage","url":"https:\/\/xenonkungen.com\/wp-content\/uploads\/2025\/06\/215774209-origpic-f1d1c6-scaled.png","contentUrl":"https:\/\/xenonkungen.com\/wp-content\/uploads\/2025\/06\/215774209-origpic-f1d1c6-scaled.png","width":2560,"height":2318},{"@type":"BreadcrumbList","@id":"https:\/\/xenonkungen.com\/produkt\/infallnadspaket-luxtar-x18-black-edition-xbb\/#breadcrumb","itemListElement":[{"@type":"ListItem","position":1,"name":"Hem","item":"https:\/\/xenonkungen.com\/"},{"@type":"ListItem","position":2,"name":"Shop","item":"https:\/\/xenonkungen.com\/shop\/"},{"@type":"ListItem","position":3,"name":"Inf\u00e4llnadspaket LUXTAR\u00ae X18 Black Edition >XBB"}]},{"@type":"WebSite","@id":"https:\/\/xenonkungen.com\/#website","url":"https:\/\/xenonkungen.com\/","name":"Xenonkungen","description":"","potentialAction":[{"@type":"SearchAction","target":{"@type":"EntryPoint","urlTemplate":"https:\/\/xenonkungen.com\/?s={search_term_string}"},"query-input":{"@type":"PropertyValueSpecification","valueRequired":true,"valueName":"search_term_string"}}],"inLanguage":"da-DK"}]}},"taxonomy_info":{"product_brand":[{"value":103,"label":"LUXTAR"}],"product_cat":[{"value":2539,"label":"LEDRAMPER"},{"value":2826,"label":"LUXTAR"},{"value":2820,"label":"Luxtar - Paketl\u00f6sningar"},{"value":2541,"label":"Luxtar X-Serie Black"},{"value":2596,"label":"Paket"},{"value":2160,"label":"LUXTAR X-serie Black"},{"value":1916,"label":"Ledrampspaket"}],"pa_faktisk-effekts-forbrukning":[{"value":2277,"label":"132"}],"pa_fuktskydd-varde-ipxx":[{"value":177,"label":"IP68"}],"pa_godkannande":[{"value":191,"label":"E-m\u00e4rkt"}],"pa_ljusbild":[{"value":178,"label":"Driving"},{"value":1177,"label":"Spot"}],"pa_storlek-mm":[{"value":2412,"label":"518x63x85"}],"pa_stromforbrukning":[{"value":2278,"label":"11A @12V"},{"value":2279,"label":"5,6A @24V"}],"pa_volt-v":[{"value":521,"label":"Multivolt, 9, 12, 16, 18, 24, 28, 30, 32"}]},"featured_image_src_large":["https:\/\/xenonkungen.com\/wp-content\/uploads\/2025\/06\/215774209-origpic-f1d1c6-1024x927.png",1024,927,true],"author_info":[],"comment_info":0,"_links":{"self":[{"href":"https:\/\/xenonkungen.com\/dk\/wp-json\/wp\/v2\/product\/11642","targetHints":{"allow":["GET"]}}],"collection":[{"href":"https:\/\/xenonkungen.com\/dk\/wp-json\/wp\/v2\/product"}],"about":[{"href":"https:\/\/xenonkungen.com\/dk\/wp-json\/wp\/v2\/types\/product"}],"replies":[{"embeddable":true,"href":"https:\/\/xenonkungen.com\/dk\/wp-json\/wp\/v2\/comments?post=11642"}],"wp:featuredmedia":[{"embeddable":true,"href":"https:\/\/xenonkungen.com\/dk\/wp-json\/wp\/v2\/media\/10889"}],"wp:attachment":[{"href":"https:\/\/xenonkungen.com\/dk\/wp-json\/wp\/v2\/media?parent=11642"}],"wp:term":[{"taxonomy":"anvandningsomrade","embeddable":true,"href":"https:\/\/xenonkungen.com\/dk\/wp-json\/wp\/v2\/anvandningsomrade?post=11642"},{"taxonomy":"bilmarken","embeddable":true,"href":"https:\/\/xenonkungen.com\/dk\/wp-json\/wp\/v2\/bilmarken?post=11642"},{"taxonomy":"product_brand","embeddable":true,"href":"https:\/\/xenonkungen.com\/dk\/wp-json\/wp\/v2\/product_brand?post=11642"},{"taxonomy":"product_cat","embeddable":true,"href":"https:\/\/xenonkungen.com\/dk\/wp-json\/wp\/v2\/product_cat?post=11642"},{"taxonomy":"product_tag","embeddable":true,"href":"https:\/\/xenonkungen.com\/dk\/wp-json\/wp\/v2\/product_tag?post=11642"}],"curies":[{"name":"wp","href":"https:\/\/api.w.org\/{rel}","templated":true}]}}