{"id":11708,"date":"2025-06-23T13:51:47","date_gmt":"2025-06-23T13:51:47","guid":{"rendered":"https:\/\/xenonkungen.com\/produkt\/interiorlampa-l148-svart-148x71mm\/"},"modified":"2026-04-11T00:40:41","modified_gmt":"2026-04-10T23:40:41","slug":"indvendig-lampe-l148-sort-148x71mm","status":"publish","type":"product","link":"https:\/\/xenonkungen.com\/dk\/vare\/indvendig-lampe-l148-sort-148x71mm\/","title":{"rendered":"Indvendig lampe L148 | Sort (148x71mm)"},"content":{"rendered":"<div class=\"container\">\n<h1>LED-interi\u00f8rlys med sort kiste<\/h1>\n<p>Denne indvendige LED-lampe af h\u00f8j kvalitet er designet til at give en enest\u00e5ende lysoplevelse. Med sin sorte ramme og k\u00f8lige hvide LED med h\u00f8j lysstyrke er denne lampe perfekt til at forbedre synligheden og skabe en indbydende atmosf\u00e6re i dit k\u00f8ret\u00f8j eller rum.<\/p>\n<h2>Funktioner og egenskaber:<\/h2>\n<ul>\n<li>Moderne sort ramme giver et stilfuldt look.<\/li>\n<li>K\u00f8lig hvid LED, der giver et lys svarende til en 10W halogenlampe.<\/li>\n<li>360 graders retningsbestemt, slagfast polykarbonatlinse.<\/li>\n<li>St\u00f8d- og vibrationsbestandig, fuldt neds\u00e6nket og trykafvaskelig.<\/li>\n<li>IP67-klassificeret for optimal beskyttelse mod st\u00f8v og vand.<\/li>\n<li>Kortslutningsbeskyttet for ekstra sikkerhed.<\/li>\n<\/ul>\n<h2>Anvendelsesomr\u00e5der:<\/h2>\n<p>Denne indvendige LED-lampe er alsidig nok til at kunne bruges i en r\u00e6kke k\u00f8ret\u00f8jer, herunder biler, lastbiler, campingvogne og b\u00e5de, samt andre steder, hvor man \u00f8nsker p\u00e5lidelig og effektiv belysning.<\/p>\n<h2>Installation:<\/h2>\n<p>Denne indvendige LED-lampe er nem at installere med fleksible monteringsmuligheder og er en enkel l\u00f8sning til at opgradere dit belysningssystem.<\/p>\n<\/div>\n<p><strong>Garanti:<\/strong> 2 \u00e5r<\/p>","protected":false},"excerpt":{"rendered":"<p>LED Interi\u00f6rlampa med Svart Sarg Denna h\u00f6gkvalitativa LED interi\u00f6rlampa \u00e4r designad f\u00f6r att erbjuda en exceptionell belysningserfarenhet. Med sin svarta sarg och high brightness cool white LED, \u00e4r denna lampa perfekt f\u00f6r att f\u00f6rb\u00e4ttra synligheten och skapa en v\u00e4lkomnande atmosf\u00e4r i ditt fordon eller utrymme. Funktioner och Egenskaper: Modern svart sarg f\u00f6r en stilfull look. [&hellip;]<\/p>","protected":false},"featured_media":11031,"comment_status":"closed","ping_status":"closed","template":"","meta":{"_acf_changed":false,"_smort_price_nok":"288","_smort_price_dkk":"183","_smort_price_eur":"24.54","_smort_sale_price_nok":"","_smort_sale_price_dkk":"","_smort_sale_price_eur":"","smort_restorder":"","shipmondo_restorder":"","_kad_blocks_custom_css":"","_kad_blocks_head_custom_js":"","_kad_blocks_body_custom_js":"","_kad_blocks_footer_custom_js":"","smort_custom_pricelist_1":"151.2","smort_custom_pricelist_2":"151.2","smort_custom_pricelist_3":"143.64","smort_custom_pricelist_4":"216","smort_custom_pricelist_5":"151.2"},"anvandningsomrade":[166,238,2816],"bilmarken":[],"product_brand":[1252],"product_cat":[2586],"product_tag":[],"class_list":{"0":"post-11708","1":"product","2":"type-product","3":"status-publish","4":"has-post-thumbnail","6":"anvandningsomrade-lastbil","7":"anvandningsomrade-slap","8":"anvandningsomrade-trailer","9":"product_brand-lea","10":"product_cat-interiorbelysning-slap","11":"pa_fuktskydd-varde-ipxx-ip67","12":"pa_storlek-mm-148x71x19-5","13":"pa_stromforbrukning-008a-28v","14":"pa_stromforbrukning-017a-138v","15":"pa_volt-v-159","16":"pa_volt-v-160","18":"first","19":"outofstock","20":"taxable","21":"shipping-taxable","22":"purchasable","23":"product-type-variable"},"bundled_by":[],"bundle_stock_status":"outofstock","bundle_stock_quantity":0,"bundle_virtual":false,"bundle_layout":"","bundle_add_to_cart_form_location":"","bundle_editable_in_cart":false,"bundle_sold_individually_context":"","bundle_item_grouping":"","bundle_min_size":"","bundle_max_size":"","bundle_price":[],"bundled_items":[],"bundle_sell_ids":[],"acf":[],"yoast_head":"<!-- This site is optimized with the Yoast SEO plugin v27.0 - https:\/\/yoast.com\/product\/yoast-seo-wordpress\/ -->\n<title>Interi\u00f6rlampa L148 | Svart (148x71mm) - Xenonkungen<\/title>\n<meta name=\"robots\" content=\"index, follow, max-snippet:-1, max-image-preview:large, max-video-preview:-1\" \/>\n<link rel=\"canonical\" href=\"https:\/\/xenonkungen.com\/dk\/vare\/indvendig-lampe-l148-sort-148x71mm\/\" \/>\n<meta property=\"og:locale\" content=\"da_DK\" \/>\n<meta property=\"og:type\" content=\"article\" \/>\n<meta property=\"og:title\" content=\"Interi\u00f6rlampa L148 | Svart (148x71mm) - Xenonkungen\" \/>\n<meta property=\"og:description\" content=\"LED Interi\u00f6rlampa med Svart Sarg Denna h\u00f6gkvalitativa LED interi\u00f6rlampa \u00e4r designad f\u00f6r att erbjuda en exceptionell belysningserfarenhet. Med sin svarta sarg och high brightness cool white LED, \u00e4r denna lampa perfekt f\u00f6r att f\u00f6rb\u00e4ttra synligheten och skapa en v\u00e4lkomnande atmosf\u00e4r i ditt fordon eller utrymme. Funktioner och Egenskaper: Modern svart sarg f\u00f6r en stilfull look. [&hellip;]\" \/>\n<meta property=\"og:url\" content=\"https:\/\/xenonkungen.com\/dk\/vare\/indvendig-lampe-l148-sort-148x71mm\/\" \/>\n<meta property=\"og:site_name\" content=\"Xenonkungen\" \/>\n<meta property=\"article:modified_time\" content=\"2026-04-10T23:40:41+00:00\" \/>\n<meta property=\"og:image\" content=\"https:\/\/xenonkungen.com\/wp-content\/uploads\/2025\/06\/7338405-origpic-457df9.jpg\" \/>\n\t<meta property=\"og:image:width\" content=\"600\" \/>\n\t<meta property=\"og:image:height\" content=\"600\" \/>\n\t<meta property=\"og:image:type\" content=\"image\/jpeg\" \/>\n<meta name=\"twitter:card\" content=\"summary_large_image\" \/>\n<meta name=\"twitter:label1\" content=\"Estimeret l\u00e6setid\" \/>\n\t<meta name=\"twitter:data1\" content=\"1 minut\" \/>\n<script type=\"application\/ld+json\" class=\"yoast-schema-graph\">{\"@context\":\"https:\/\/schema.org\",\"@graph\":[{\"@type\":\"WebPage\",\"@id\":\"https:\/\/xenonkungen.com\/produkt\/interiorlampa-l148-svart-148x71mm\/\",\"url\":\"https:\/\/xenonkungen.com\/produkt\/interiorlampa-l148-svart-148x71mm\/\",\"name\":\"Interi\u00f6rlampa L148 | Svart (148x71mm) - Xenonkungen\",\"isPartOf\":{\"@id\":\"https:\/\/xenonkungen.com\/#website\"},\"primaryImageOfPage\":{\"@id\":\"https:\/\/xenonkungen.com\/produkt\/interiorlampa-l148-svart-148x71mm\/#primaryimage\"},\"image\":{\"@id\":\"https:\/\/xenonkungen.com\/produkt\/interiorlampa-l148-svart-148x71mm\/#primaryimage\"},\"thumbnailUrl\":\"https:\/\/xenonkungen.com\/wp-content\/uploads\/2025\/06\/7338405-origpic-457df9.jpg\",\"datePublished\":\"2025-06-23T13:51:47+00:00\",\"dateModified\":\"2026-04-10T23:40:41+00:00\",\"breadcrumb\":{\"@id\":\"https:\/\/xenonkungen.com\/produkt\/interiorlampa-l148-svart-148x71mm\/#breadcrumb\"},\"inLanguage\":\"da-DK\",\"potentialAction\":[{\"@type\":\"ReadAction\",\"target\":[\"https:\/\/xenonkungen.com\/produkt\/interiorlampa-l148-svart-148x71mm\/\"]}]},{\"@type\":\"ImageObject\",\"inLanguage\":\"da-DK\",\"@id\":\"https:\/\/xenonkungen.com\/produkt\/interiorlampa-l148-svart-148x71mm\/#primaryimage\",\"url\":\"https:\/\/xenonkungen.com\/wp-content\/uploads\/2025\/06\/7338405-origpic-457df9.jpg\",\"contentUrl\":\"https:\/\/xenonkungen.com\/wp-content\/uploads\/2025\/06\/7338405-origpic-457df9.jpg\",\"width\":600,\"height\":600},{\"@type\":\"BreadcrumbList\",\"@id\":\"https:\/\/xenonkungen.com\/produkt\/interiorlampa-l148-svart-148x71mm\/#breadcrumb\",\"itemListElement\":[{\"@type\":\"ListItem\",\"position\":1,\"name\":\"Hem\",\"item\":\"https:\/\/xenonkungen.com\/\"},{\"@type\":\"ListItem\",\"position\":2,\"name\":\"Shop\",\"item\":\"https:\/\/xenonkungen.com\/shop\/\"},{\"@type\":\"ListItem\",\"position\":3,\"name\":\"Interi\u00f6rlampa L148 | Svart (148x71mm)\"}]},{\"@type\":\"WebSite\",\"@id\":\"https:\/\/xenonkungen.com\/#website\",\"url\":\"https:\/\/xenonkungen.com\/\",\"name\":\"Xenonkungen\",\"description\":\"\",\"potentialAction\":[{\"@type\":\"SearchAction\",\"target\":{\"@type\":\"EntryPoint\",\"urlTemplate\":\"https:\/\/xenonkungen.com\/?s={search_term_string}\"},\"query-input\":{\"@type\":\"PropertyValueSpecification\",\"valueRequired\":true,\"valueName\":\"search_term_string\"}}],\"inLanguage\":\"da-DK\"}]}<\/script>\n<!-- \/ Yoast SEO plugin. -->","yoast_head_json":{"title":"Indvendig lampe L148 | Sort (148x71mm) - Xenonkungen","robots":{"index":"index","follow":"follow","max-snippet":"max-snippet:-1","max-image-preview":"max-image-preview:large","max-video-preview":"max-video-preview:-1"},"canonical":"https:\/\/xenonkungen.com\/dk\/vare\/indvendig-lampe-l148-sort-148x71mm\/","og_locale":"da_DK","og_type":"article","og_title":"Interi\u00f6rlampa L148 | Svart (148x71mm) - Xenonkungen","og_description":"LED Interi\u00f6rlampa med Svart Sarg Denna h\u00f6gkvalitativa LED interi\u00f6rlampa \u00e4r designad f\u00f6r att erbjuda en exceptionell belysningserfarenhet. Med sin svarta sarg och high brightness cool white LED, \u00e4r denna lampa perfekt f\u00f6r att f\u00f6rb\u00e4ttra synligheten och skapa en v\u00e4lkomnande atmosf\u00e4r i ditt fordon eller utrymme. Funktioner och Egenskaper: Modern svart sarg f\u00f6r en stilfull look. [&hellip;]","og_url":"https:\/\/xenonkungen.com\/dk\/vare\/indvendig-lampe-l148-sort-148x71mm\/","og_site_name":"Xenonkungen","article_modified_time":"2026-04-10T23:40:41+00:00","og_image":[{"width":600,"height":600,"url":"https:\/\/xenonkungen.com\/wp-content\/uploads\/2025\/06\/7338405-origpic-457df9.jpg","type":"image\/jpeg"}],"twitter_card":"summary_large_image","twitter_misc":{"Estimeret l\u00e6setid":"1 minut"},"schema":{"@context":"https:\/\/schema.org","@graph":[{"@type":"WebPage","@id":"https:\/\/xenonkungen.com\/produkt\/interiorlampa-l148-svart-148x71mm\/","url":"https:\/\/xenonkungen.com\/produkt\/interiorlampa-l148-svart-148x71mm\/","name":"Indvendig lampe L148 | Sort (148x71mm) - Xenonkungen","isPartOf":{"@id":"https:\/\/xenonkungen.com\/#website"},"primaryImageOfPage":{"@id":"https:\/\/xenonkungen.com\/produkt\/interiorlampa-l148-svart-148x71mm\/#primaryimage"},"image":{"@id":"https:\/\/xenonkungen.com\/produkt\/interiorlampa-l148-svart-148x71mm\/#primaryimage"},"thumbnailUrl":"https:\/\/xenonkungen.com\/wp-content\/uploads\/2025\/06\/7338405-origpic-457df9.jpg","datePublished":"2025-06-23T13:51:47+00:00","dateModified":"2026-04-10T23:40:41+00:00","breadcrumb":{"@id":"https:\/\/xenonkungen.com\/produkt\/interiorlampa-l148-svart-148x71mm\/#breadcrumb"},"inLanguage":"da-DK","potentialAction":[{"@type":"ReadAction","target":["https:\/\/xenonkungen.com\/produkt\/interiorlampa-l148-svart-148x71mm\/"]}]},{"@type":"ImageObject","inLanguage":"da-DK","@id":"https:\/\/xenonkungen.com\/produkt\/interiorlampa-l148-svart-148x71mm\/#primaryimage","url":"https:\/\/xenonkungen.com\/wp-content\/uploads\/2025\/06\/7338405-origpic-457df9.jpg","contentUrl":"https:\/\/xenonkungen.com\/wp-content\/uploads\/2025\/06\/7338405-origpic-457df9.jpg","width":600,"height":600},{"@type":"BreadcrumbList","@id":"https:\/\/xenonkungen.com\/produkt\/interiorlampa-l148-svart-148x71mm\/#breadcrumb","itemListElement":[{"@type":"ListItem","position":1,"name":"Hem","item":"https:\/\/xenonkungen.com\/"},{"@type":"ListItem","position":2,"name":"Shop","item":"https:\/\/xenonkungen.com\/shop\/"},{"@type":"ListItem","position":3,"name":"Interi\u00f6rlampa L148 | Svart (148x71mm)"}]},{"@type":"WebSite","@id":"https:\/\/xenonkungen.com\/#website","url":"https:\/\/xenonkungen.com\/","name":"Xenonkungen","description":"","potentialAction":[{"@type":"SearchAction","target":{"@type":"EntryPoint","urlTemplate":"https:\/\/xenonkungen.com\/?s={search_term_string}"},"query-input":{"@type":"PropertyValueSpecification","valueRequired":true,"valueName":"search_term_string"}}],"inLanguage":"da-DK"}]}},"taxonomy_info":{"anvandningsomrade":[{"value":166,"label":"Lastbil"},{"value":238,"label":"SL\u00c4P"},{"value":2816,"label":"TRAILER"}],"product_brand":[{"value":1252,"label":"LEA"}],"product_cat":[{"value":2586,"label":"Interi\u00f6rbelysning"}],"pa_fuktskydd-varde-ipxx":[{"value":333,"label":"IP67"}],"pa_storlek-mm":[{"value":2423,"label":"148x71x19.5"}],"pa_stromforbrukning":[{"value":2303,"label":"0,08A @28V"},{"value":2079,"label":"0,17A @13,8V"}],"pa_volt-v":[{"value":159,"label":"12"},{"value":160,"label":"24"}]},"featured_image_src_large":["https:\/\/xenonkungen.com\/wp-content\/uploads\/2025\/06\/7338405-origpic-457df9.jpg",600,600,false],"author_info":[],"comment_info":0,"_links":{"self":[{"href":"https:\/\/xenonkungen.com\/dk\/wp-json\/wp\/v2\/product\/11708","targetHints":{"allow":["GET"]}}],"collection":[{"href":"https:\/\/xenonkungen.com\/dk\/wp-json\/wp\/v2\/product"}],"about":[{"href":"https:\/\/xenonkungen.com\/dk\/wp-json\/wp\/v2\/types\/product"}],"replies":[{"embeddable":true,"href":"https:\/\/xenonkungen.com\/dk\/wp-json\/wp\/v2\/comments?post=11708"}],"wp:featuredmedia":[{"embeddable":true,"href":"https:\/\/xenonkungen.com\/dk\/wp-json\/wp\/v2\/media\/11031"}],"wp:attachment":[{"href":"https:\/\/xenonkungen.com\/dk\/wp-json\/wp\/v2\/media?parent=11708"}],"wp:term":[{"taxonomy":"anvandningsomrade","embeddable":true,"href":"https:\/\/xenonkungen.com\/dk\/wp-json\/wp\/v2\/anvandningsomrade?post=11708"},{"taxonomy":"bilmarken","embeddable":true,"href":"https:\/\/xenonkungen.com\/dk\/wp-json\/wp\/v2\/bilmarken?post=11708"},{"taxonomy":"product_brand","embeddable":true,"href":"https:\/\/xenonkungen.com\/dk\/wp-json\/wp\/v2\/product_brand?post=11708"},{"taxonomy":"product_cat","embeddable":true,"href":"https:\/\/xenonkungen.com\/dk\/wp-json\/wp\/v2\/product_cat?post=11708"},{"taxonomy":"product_tag","embeddable":true,"href":"https:\/\/xenonkungen.com\/dk\/wp-json\/wp\/v2\/product_tag?post=11708"}],"curies":[{"name":"wp","href":"https:\/\/api.w.org\/{rel}","templated":true}]}}