{"id":11714,"date":"2025-06-23T13:51:49","date_gmt":"2025-06-23T13:51:49","guid":{"rendered":"https:\/\/xenonkungen.com\/produkt\/interior-led-list-600mm-on-off\/"},"modified":"2026-04-11T00:36:46","modified_gmt":"2026-04-10T23:36:46","slug":"indvendig-led-strimmel-600-mm-taend-sluk","status":"publish","type":"product","link":"https:\/\/xenonkungen.com\/dk\/vare\/indvendig-led-strimmel-600-mm-taend-sluk\/","title":{"rendered":"Indvendig LED-strip 600 mm | T\u00e6nd\/sluk"},"content":{"rendered":"<div class=\"container\">\n<h1>Slank 600 mm LED-stanglampe til indend\u00f8rs belysning<\/h1>\n<p>Denne slanke LED-stavlampe er perfekt til brug i interi\u00f8rbelysning i 12V\/24V-k\u00f8ret\u00f8jer og andre anvendelser, hvor der kr\u00e6ves fluorescerende lys af h\u00f8j kvalitet. Med en h\u00f8jde p\u00e5 kun 10 mm og en bredde p\u00e5 25 mm er dette armatur en diskret, men kraftig lyskilde.<\/p>\n<h2>Produktets egenskaber<\/h2>\n<ul>\n<li>Cool white-diodelamper med h\u00f8j lysstyrke, der genererer et lys svarende til ca. 40\/60 W gl\u00f8delampe.<\/li>\n<li>Polykarbonatlinse med optiske egenskaber, der giver den bedst mulige lysfordeling.<\/li>\n<li>Klar - klar diffusionsoptik (130 Lux\/m) for j\u00e6vn lysfordeling.<\/li>\n<li>Ber\u00f8ringsf\u00f8lsom t\u00e6nd\/sluk-knap for nem styring af lyset.<\/li>\n<li>St\u00f8d- og vibrationsbestandig, fuldt neds\u00e6nket og trykafvaskelig. IP67-klassificeret.<\/li>\n<li>Kortslutningsbeskyttet for \u00f8get sikkerhed og p\u00e5lidelighed.<\/li>\n<\/ul>\n<p>Denne LED-stavlygte er et godt valg for alle, der er p\u00e5 udkig efter en holdbar, energieffektiv og kraftig lyskilde til deres k\u00f8ret\u00f8jer eller arbejdspladser.<\/p>\n<\/div>\n<p><strong>Volt:<\/strong> <strong>12V<\/strong> eller <strong>24V<\/strong><br \/>\n<strong>Dimensioner: <\/strong>600x25x10mm<br \/>\n<strong>LED: <\/strong>121 p.c.<br \/>\n<strong>Str\u00f8mforbrug:<\/strong><br \/>\n- 0,58A ved 13,8V<br \/>\n- 0,31A ved 28V<\/p>\n<p><strong>Garanti:<\/strong> 3 \u00e5r<\/p>","protected":false},"excerpt":{"rendered":"<p>Slim 600mm LED Stavlampa f\u00f6r Interi\u00f6r Belysning Denna slim designade LED stavlampa \u00e4r perfekt f\u00f6r anv\u00e4ndning inom interi\u00f6r belysning f\u00f6r 12V\/24V fordon och andra applikationer d\u00e4r h\u00f6gkvalitativt, lysr\u00f6rsliknande ljus efterfr\u00e5gas. Med endast 10mm i h\u00f6jd och 25mm i bredd, erbjuder denna armatur en diskret men kraftfull ljusk\u00e4lla. Produktens Egenskaper High brightness Cool white diodlampor som [&hellip;]<\/p>","protected":false},"featured_media":11043,"comment_status":"closed","ping_status":"closed","template":"","meta":{"_acf_changed":false,"_smort_price_nok":"1068","_smort_price_dkk":"679","_smort_price_eur":"90.9","_smort_sale_price_nok":"","_smort_sale_price_dkk":"","_smort_sale_price_eur":"","smort_restorder":"","shipmondo_restorder":"","_kad_blocks_custom_css":"","_kad_blocks_head_custom_js":"","_kad_blocks_body_custom_js":"","_kad_blocks_footer_custom_js":"","smort_custom_pricelist_1":"560","smort_custom_pricelist_2":"560","smort_custom_pricelist_3":"532","smort_custom_pricelist_4":"800","smort_custom_pricelist_5":"560"},"anvandningsomrade":[166,238,2816],"bilmarken":[],"product_brand":[1252],"product_cat":[2586],"product_tag":[],"class_list":{"0":"post-11714","1":"product","2":"type-product","3":"status-publish","4":"has-post-thumbnail","6":"anvandningsomrade-lastbil","7":"anvandningsomrade-slap","8":"anvandningsomrade-trailer","9":"product_brand-lea","10":"product_cat-interiorbelysning-slap","11":"pa_storlek-mm-600x25x10","12":"pa_stromforbrukning-031a-28v","13":"pa_stromforbrukning-058a-138v","14":"pa_volt-v-159","15":"pa_volt-v-160","17":"first","18":"instock","19":"taxable","20":"shipping-taxable","21":"purchasable","22":"product-type-variable"},"bundled_by":[],"bundle_stock_status":"instock","bundle_stock_quantity":2,"bundle_virtual":false,"bundle_layout":"","bundle_add_to_cart_form_location":"","bundle_editable_in_cart":false,"bundle_sold_individually_context":"","bundle_item_grouping":"","bundle_min_size":"","bundle_max_size":"","bundle_price":[],"bundled_items":[],"bundle_sell_ids":[],"acf":[],"yoast_head":"<!-- This site is optimized with the Yoast SEO plugin v27.0 - https:\/\/yoast.com\/product\/yoast-seo-wordpress\/ -->\n<title>Interi\u00f6r LED-list 600mm | On\/Off - Xenonkungen<\/title>\n<meta name=\"robots\" content=\"index, follow, max-snippet:-1, max-image-preview:large, max-video-preview:-1\" \/>\n<link rel=\"canonical\" href=\"https:\/\/xenonkungen.com\/dk\/vare\/indvendig-led-strimmel-600-mm-taend-sluk\/\" \/>\n<meta property=\"og:locale\" content=\"da_DK\" \/>\n<meta property=\"og:type\" content=\"article\" \/>\n<meta property=\"og:title\" content=\"Interi\u00f6r LED-list 600mm | On\/Off - Xenonkungen\" \/>\n<meta property=\"og:description\" content=\"Slim 600mm LED Stavlampa f\u00f6r Interi\u00f6r Belysning Denna slim designade LED stavlampa \u00e4r perfekt f\u00f6r anv\u00e4ndning inom interi\u00f6r belysning f\u00f6r 12V\/24V fordon och andra applikationer d\u00e4r h\u00f6gkvalitativt, lysr\u00f6rsliknande ljus efterfr\u00e5gas. Med endast 10mm i h\u00f6jd och 25mm i bredd, erbjuder denna armatur en diskret men kraftfull ljusk\u00e4lla. Produktens Egenskaper High brightness Cool white diodlampor som [&hellip;]\" \/>\n<meta property=\"og:url\" content=\"https:\/\/xenonkungen.com\/dk\/vare\/indvendig-led-strimmel-600-mm-taend-sluk\/\" \/>\n<meta property=\"og:site_name\" content=\"Xenonkungen\" \/>\n<meta property=\"article:modified_time\" content=\"2026-04-10T23:36:46+00:00\" \/>\n<meta property=\"og:image\" content=\"https:\/\/xenonkungen.com\/wp-content\/uploads\/2025\/06\/24598556-origpic-e97268.jpg\" \/>\n\t<meta property=\"og:image:width\" content=\"800\" \/>\n\t<meta property=\"og:image:height\" content=\"800\" \/>\n\t<meta property=\"og:image:type\" content=\"image\/jpeg\" \/>\n<meta name=\"twitter:card\" content=\"summary_large_image\" \/>\n<meta name=\"twitter:label1\" content=\"Estimeret l\u00e6setid\" \/>\n\t<meta name=\"twitter:data1\" content=\"1 minut\" \/>\n<script type=\"application\/ld+json\" class=\"yoast-schema-graph\">{\"@context\":\"https:\/\/schema.org\",\"@graph\":[{\"@type\":\"WebPage\",\"@id\":\"https:\/\/xenonkungen.com\/es\/producto\/interior-led-list-600mm-on-off\/\",\"url\":\"https:\/\/xenonkungen.com\/es\/producto\/interior-led-list-600mm-on-off\/\",\"name\":\"Interi\u00f6r LED-list 600mm | On\/Off - Xenonkungen\",\"isPartOf\":{\"@id\":\"https:\/\/xenonkungen.com\/#website\"},\"primaryImageOfPage\":{\"@id\":\"https:\/\/xenonkungen.com\/es\/producto\/interior-led-list-600mm-on-off\/#primaryimage\"},\"image\":{\"@id\":\"https:\/\/xenonkungen.com\/es\/producto\/interior-led-list-600mm-on-off\/#primaryimage\"},\"thumbnailUrl\":\"https:\/\/xenonkungen.com\/wp-content\/uploads\/2025\/06\/24598556-origpic-e97268.jpg\",\"datePublished\":\"2025-06-23T13:51:49+00:00\",\"dateModified\":\"2026-04-10T23:36:46+00:00\",\"breadcrumb\":{\"@id\":\"https:\/\/xenonkungen.com\/es\/producto\/interior-led-list-600mm-on-off\/#breadcrumb\"},\"inLanguage\":\"da-DK\",\"potentialAction\":[{\"@type\":\"ReadAction\",\"target\":[\"https:\/\/xenonkungen.com\/es\/producto\/interior-led-list-600mm-on-off\/\"]}]},{\"@type\":\"ImageObject\",\"inLanguage\":\"da-DK\",\"@id\":\"https:\/\/xenonkungen.com\/es\/producto\/interior-led-list-600mm-on-off\/#primaryimage\",\"url\":\"https:\/\/xenonkungen.com\/wp-content\/uploads\/2025\/06\/24598556-origpic-e97268.jpg\",\"contentUrl\":\"https:\/\/xenonkungen.com\/wp-content\/uploads\/2025\/06\/24598556-origpic-e97268.jpg\",\"width\":800,\"height\":800},{\"@type\":\"BreadcrumbList\",\"@id\":\"https:\/\/xenonkungen.com\/es\/producto\/interior-led-list-600mm-on-off\/#breadcrumb\",\"itemListElement\":[{\"@type\":\"ListItem\",\"position\":1,\"name\":\"Hem\",\"item\":\"https:\/\/xenonkungen.com\/\"},{\"@type\":\"ListItem\",\"position\":2,\"name\":\"Shop\",\"item\":\"https:\/\/xenonkungen.com\/shop\/\"},{\"@type\":\"ListItem\",\"position\":3,\"name\":\"Interi\u00f6r LED-list 600mm | On\/Off\"}]},{\"@type\":\"WebSite\",\"@id\":\"https:\/\/xenonkungen.com\/#website\",\"url\":\"https:\/\/xenonkungen.com\/\",\"name\":\"Xenonkungen\",\"description\":\"\",\"potentialAction\":[{\"@type\":\"SearchAction\",\"target\":{\"@type\":\"EntryPoint\",\"urlTemplate\":\"https:\/\/xenonkungen.com\/?s={search_term_string}\"},\"query-input\":{\"@type\":\"PropertyValueSpecification\",\"valueRequired\":true,\"valueName\":\"search_term_string\"}}],\"inLanguage\":\"da-DK\"}]}<\/script>\n<!-- \/ Yoast SEO plugin. -->","yoast_head_json":{"title":"Indvendig LED-strip 600 mm | T\u00e6nd\/sluk - Xenonkungen","robots":{"index":"index","follow":"follow","max-snippet":"max-snippet:-1","max-image-preview":"max-image-preview:large","max-video-preview":"max-video-preview:-1"},"canonical":"https:\/\/xenonkungen.com\/dk\/vare\/indvendig-led-strimmel-600-mm-taend-sluk\/","og_locale":"da_DK","og_type":"article","og_title":"Interi\u00f6r LED-list 600mm | On\/Off - Xenonkungen","og_description":"Slim 600mm LED Stavlampa f\u00f6r Interi\u00f6r Belysning Denna slim designade LED stavlampa \u00e4r perfekt f\u00f6r anv\u00e4ndning inom interi\u00f6r belysning f\u00f6r 12V\/24V fordon och andra applikationer d\u00e4r h\u00f6gkvalitativt, lysr\u00f6rsliknande ljus efterfr\u00e5gas. Med endast 10mm i h\u00f6jd och 25mm i bredd, erbjuder denna armatur en diskret men kraftfull ljusk\u00e4lla. Produktens Egenskaper High brightness Cool white diodlampor som [&hellip;]","og_url":"https:\/\/xenonkungen.com\/dk\/vare\/indvendig-led-strimmel-600-mm-taend-sluk\/","og_site_name":"Xenonkungen","article_modified_time":"2026-04-10T23:36:46+00:00","og_image":[{"width":800,"height":800,"url":"https:\/\/xenonkungen.com\/wp-content\/uploads\/2025\/06\/24598556-origpic-e97268.jpg","type":"image\/jpeg"}],"twitter_card":"summary_large_image","twitter_misc":{"Estimeret l\u00e6setid":"1 minut"},"schema":{"@context":"https:\/\/schema.org","@graph":[{"@type":"WebPage","@id":"https:\/\/xenonkungen.com\/es\/producto\/interior-led-list-600mm-on-off\/","url":"https:\/\/xenonkungen.com\/es\/producto\/interior-led-list-600mm-on-off\/","name":"Indvendig LED-strip 600 mm | T\u00e6nd\/sluk - Xenonkungen","isPartOf":{"@id":"https:\/\/xenonkungen.com\/#website"},"primaryImageOfPage":{"@id":"https:\/\/xenonkungen.com\/es\/producto\/interior-led-list-600mm-on-off\/#primaryimage"},"image":{"@id":"https:\/\/xenonkungen.com\/es\/producto\/interior-led-list-600mm-on-off\/#primaryimage"},"thumbnailUrl":"https:\/\/xenonkungen.com\/wp-content\/uploads\/2025\/06\/24598556-origpic-e97268.jpg","datePublished":"2025-06-23T13:51:49+00:00","dateModified":"2026-04-10T23:36:46+00:00","breadcrumb":{"@id":"https:\/\/xenonkungen.com\/es\/producto\/interior-led-list-600mm-on-off\/#breadcrumb"},"inLanguage":"da-DK","potentialAction":[{"@type":"ReadAction","target":["https:\/\/xenonkungen.com\/es\/producto\/interior-led-list-600mm-on-off\/"]}]},{"@type":"ImageObject","inLanguage":"da-DK","@id":"https:\/\/xenonkungen.com\/es\/producto\/interior-led-list-600mm-on-off\/#primaryimage","url":"https:\/\/xenonkungen.com\/wp-content\/uploads\/2025\/06\/24598556-origpic-e97268.jpg","contentUrl":"https:\/\/xenonkungen.com\/wp-content\/uploads\/2025\/06\/24598556-origpic-e97268.jpg","width":800,"height":800},{"@type":"BreadcrumbList","@id":"https:\/\/xenonkungen.com\/es\/producto\/interior-led-list-600mm-on-off\/#breadcrumb","itemListElement":[{"@type":"ListItem","position":1,"name":"Hem","item":"https:\/\/xenonkungen.com\/"},{"@type":"ListItem","position":2,"name":"Shop","item":"https:\/\/xenonkungen.com\/shop\/"},{"@type":"ListItem","position":3,"name":"Interi\u00f6r LED-list 600mm | On\/Off"}]},{"@type":"WebSite","@id":"https:\/\/xenonkungen.com\/#website","url":"https:\/\/xenonkungen.com\/","name":"Xenonkungen","description":"","potentialAction":[{"@type":"SearchAction","target":{"@type":"EntryPoint","urlTemplate":"https:\/\/xenonkungen.com\/?s={search_term_string}"},"query-input":{"@type":"PropertyValueSpecification","valueRequired":true,"valueName":"search_term_string"}}],"inLanguage":"da-DK"}]}},"taxonomy_info":{"anvandningsomrade":[{"value":166,"label":"Lastbil"},{"value":238,"label":"SL\u00c4P"},{"value":2816,"label":"TRAILER"}],"product_brand":[{"value":1252,"label":"LEA"}],"product_cat":[{"value":2586,"label":"Interi\u00f6rbelysning"}],"pa_storlek-mm":[{"value":2424,"label":"600x25x10"}],"pa_stromforbrukning":[{"value":2305,"label":"0,31A @28V"},{"value":2304,"label":"0,58A @13,8V"}],"pa_volt-v":[{"value":159,"label":"12"},{"value":160,"label":"24"}]},"featured_image_src_large":["https:\/\/xenonkungen.com\/wp-content\/uploads\/2025\/06\/24598556-origpic-e97268.jpg",800,800,false],"author_info":[],"comment_info":0,"_links":{"self":[{"href":"https:\/\/xenonkungen.com\/dk\/wp-json\/wp\/v2\/product\/11714","targetHints":{"allow":["GET"]}}],"collection":[{"href":"https:\/\/xenonkungen.com\/dk\/wp-json\/wp\/v2\/product"}],"about":[{"href":"https:\/\/xenonkungen.com\/dk\/wp-json\/wp\/v2\/types\/product"}],"replies":[{"embeddable":true,"href":"https:\/\/xenonkungen.com\/dk\/wp-json\/wp\/v2\/comments?post=11714"}],"wp:featuredmedia":[{"embeddable":true,"href":"https:\/\/xenonkungen.com\/dk\/wp-json\/wp\/v2\/media\/11043"}],"wp:attachment":[{"href":"https:\/\/xenonkungen.com\/dk\/wp-json\/wp\/v2\/media?parent=11714"}],"wp:term":[{"taxonomy":"anvandningsomrade","embeddable":true,"href":"https:\/\/xenonkungen.com\/dk\/wp-json\/wp\/v2\/anvandningsomrade?post=11714"},{"taxonomy":"bilmarken","embeddable":true,"href":"https:\/\/xenonkungen.com\/dk\/wp-json\/wp\/v2\/bilmarken?post=11714"},{"taxonomy":"product_brand","embeddable":true,"href":"https:\/\/xenonkungen.com\/dk\/wp-json\/wp\/v2\/product_brand?post=11714"},{"taxonomy":"product_cat","embeddable":true,"href":"https:\/\/xenonkungen.com\/dk\/wp-json\/wp\/v2\/product_cat?post=11714"},{"taxonomy":"product_tag","embeddable":true,"href":"https:\/\/xenonkungen.com\/dk\/wp-json\/wp\/v2\/product_tag?post=11714"}],"curies":[{"name":"wp","href":"https:\/\/api.w.org\/{rel}","templated":true}]}}