{"id":11741,"date":"2025-06-23T13:51:56","date_gmt":"2025-06-23T13:51:56","guid":{"rendered":"https:\/\/xenonkungen.com\/produkt\/interior-led-list-100mm\/"},"modified":"2026-04-11T00:36:54","modified_gmt":"2026-04-10T23:36:54","slug":"indendors-led-strimmel-100-mm","status":"publish","type":"product","link":"https:\/\/xenonkungen.com\/dk\/vare\/indendors-led-strimmel-100-mm\/","title":{"rendered":"Indvendig LED-strip 100 mm"},"content":{"rendered":"<div class=\"container\">\n<h1>Slank 100 mm LED-stanglampe til indend\u00f8rs belysning<\/h1>\n<p>Introduktion af den revolutionerende Slim 100 mm LED-bj\u00e6lkelampe, specielt designet til indvendig belysning i 12V\/24V-k\u00f8ret\u00f8jer og lignende anvendelser. Denne h\u00f8jtydende lampe er kun 10 mm h\u00f8j og 25 mm bred, perfekt til dem, der s\u00f8ger effektiv og diskret belysning.<\/p>\n<p>Vores LED-stanglampe er udstyret med kolde hvide dioder med h\u00f8j lysstyrke og giver et fluorescerende lys, der forbedrer \u00e6stetikken og funktionaliteten i ethvert rum. Dens polycarbonatlinse med optiske egenskaber sikrer den bedste lysudbytte og -fordeling til dine behov.<\/p>\n<h2>Funktioner og fordele<\/h2>\n<ul>\n<li>Ultrakompakt og diskret design, der passer ind i ethvert interi\u00f8r.<\/li>\n<li>Giver et kraftigt, fluorescerende lys for optimal belysning.<\/li>\n<li>Polycarbonatlinse med optiske egenskaber for overlegen lysspredning.<\/li>\n<li>Holdbar konstruktion, der er st\u00f8d- og vibrationsbestandig, fuldt neds\u00e6nkelig og t\u00e5ler h\u00f8jtryksspuling med en IP67-klassificering.<\/li>\n<\/ul>\n<p>Vores slanke 100 mm LED-lysstang er mere end blot en lyskilde; det er en p\u00e5lidelig partner til alle dine k\u00f8ret\u00f8jers interi\u00f8rer, varevogne, campingvogne og meget mere. Dens avancerede teknologi og design sikrer langvarig og p\u00e5lidelig ydeevne under alle forhold.<\/p>\n<\/div>\n<p><strong>Klar<\/strong> \u2013 klar, diffus (18 Lux\/m)<\/p>\n<p>Svarer til ca. 10 W gl\u00f8delys,<\/p>\n<p><strong>Garanti:<\/strong> 3 \u00e5r<\/p>","protected":false},"excerpt":{"rendered":"<p>Slim 100mm LED Stavlampa f\u00f6r Interi\u00f6r Belysning Introducerar den revolutionerande Slim 100mm LED stavlampa, speciellt utformad f\u00f6r interi\u00f6r belysning i 12V\/24V fordon och liknande applikationer. Denna h\u00f6gpresterande lampa \u00e4r endast 10mm h\u00f6g och 25mm bred, perfekt f\u00f6r dem som s\u00f6ker effektiv och diskret belysning. Utrustad med high brightness Cool white diodlampor, erbjuder v\u00e5r LED stavlampa [&hellip;]<\/p>","protected":false},"featured_media":11102,"comment_status":"closed","ping_status":"closed","template":"","meta":{"_acf_changed":false,"_smort_price_nok":"203","_smort_price_dkk":"129","_smort_price_eur":"17.27","_smort_sale_price_nok":"","_smort_sale_price_dkk":"","_smort_sale_price_eur":"","smort_restorder":"","shipmondo_restorder":"","_kad_blocks_custom_css":"","_kad_blocks_head_custom_js":"","_kad_blocks_body_custom_js":"","_kad_blocks_footer_custom_js":"","smort_custom_pricelist_1":null,"smort_custom_pricelist_2":null,"smort_custom_pricelist_3":null,"smort_custom_pricelist_4":null,"smort_custom_pricelist_5":null},"anvandningsomrade":[166,238,2816],"bilmarken":[],"product_brand":[1252],"product_cat":[2586],"product_tag":[],"class_list":{"0":"post-11741","1":"product","2":"type-product","3":"status-publish","4":"has-post-thumbnail","6":"anvandningsomrade-lastbil","7":"anvandningsomrade-slap","8":"anvandningsomrade-trailer","9":"product_brand-lea","10":"product_cat-interiorbelysning-slap","11":"pa_storlek-mm-100x25x10","12":"pa_stromforbrukning-005a-28v","13":"pa_stromforbrukning-011a-138v","14":"pa_volt-v-159","15":"pa_volt-v-160","17":"first","18":"onbackorder","19":"taxable","20":"shipping-taxable","21":"purchasable","22":"product-type-variable"},"bundled_by":[],"bundle_stock_status":"onbackorder","bundle_stock_quantity":null,"bundle_virtual":false,"bundle_layout":"","bundle_add_to_cart_form_location":"","bundle_editable_in_cart":false,"bundle_sold_individually_context":"","bundle_item_grouping":"","bundle_min_size":"","bundle_max_size":"","bundle_price":[],"bundled_items":[],"bundle_sell_ids":[],"acf":[],"yoast_head":"<!-- This site is optimized with the Yoast SEO plugin v27.0 - https:\/\/yoast.com\/product\/yoast-seo-wordpress\/ -->\n<title>Interi\u00f6r LED-list 100mm - Xenonkungen<\/title>\n<meta name=\"robots\" content=\"index, follow, max-snippet:-1, max-image-preview:large, max-video-preview:-1\" \/>\n<link rel=\"canonical\" href=\"https:\/\/xenonkungen.com\/dk\/vare\/indendors-led-strimmel-100-mm\/\" \/>\n<meta property=\"og:locale\" content=\"da_DK\" \/>\n<meta property=\"og:type\" content=\"article\" \/>\n<meta property=\"og:title\" content=\"Interi\u00f6r LED-list 100mm - Xenonkungen\" \/>\n<meta property=\"og:description\" content=\"Slim 100mm LED Stavlampa f\u00f6r Interi\u00f6r Belysning Introducerar den revolutionerande Slim 100mm LED stavlampa, speciellt utformad f\u00f6r interi\u00f6r belysning i 12V\/24V fordon och liknande applikationer. Denna h\u00f6gpresterande lampa \u00e4r endast 10mm h\u00f6g och 25mm bred, perfekt f\u00f6r dem som s\u00f6ker effektiv och diskret belysning. Utrustad med high brightness Cool white diodlampor, erbjuder v\u00e5r LED stavlampa [&hellip;]\" \/>\n<meta property=\"og:url\" content=\"https:\/\/xenonkungen.com\/dk\/vare\/indendors-led-strimmel-100-mm\/\" \/>\n<meta property=\"og:site_name\" content=\"Xenonkungen\" \/>\n<meta property=\"article:modified_time\" content=\"2026-04-10T23:36:54+00:00\" \/>\n<meta property=\"og:image\" content=\"https:\/\/xenonkungen.com\/wp-content\/uploads\/2025\/06\/7332774-origpic-1c48fa.jpg\" \/>\n\t<meta property=\"og:image:width\" content=\"800\" \/>\n\t<meta property=\"og:image:height\" content=\"800\" \/>\n\t<meta property=\"og:image:type\" content=\"image\/jpeg\" \/>\n<meta name=\"twitter:card\" content=\"summary_large_image\" \/>\n<meta name=\"twitter:label1\" content=\"Estimeret l\u00e6setid\" \/>\n\t<meta name=\"twitter:data1\" content=\"1 minut\" \/>\n<script type=\"application\/ld+json\" class=\"yoast-schema-graph\">{\"@context\":\"https:\/\/schema.org\",\"@graph\":[{\"@type\":\"WebPage\",\"@id\":\"https:\/\/xenonkungen.com\/es\/producto\/tira-de-led-interior-de-100-mm\/\",\"url\":\"https:\/\/xenonkungen.com\/es\/producto\/tira-de-led-interior-de-100-mm\/\",\"name\":\"Interi\u00f6r LED-list 100mm - Xenonkungen\",\"isPartOf\":{\"@id\":\"https:\/\/xenonkungen.com\/#website\"},\"primaryImageOfPage\":{\"@id\":\"https:\/\/xenonkungen.com\/es\/producto\/tira-de-led-interior-de-100-mm\/#primaryimage\"},\"image\":{\"@id\":\"https:\/\/xenonkungen.com\/es\/producto\/tira-de-led-interior-de-100-mm\/#primaryimage\"},\"thumbnailUrl\":\"https:\/\/xenonkungen.com\/wp-content\/uploads\/2025\/06\/7332774-origpic-1c48fa.jpg\",\"datePublished\":\"2025-06-23T13:51:56+00:00\",\"dateModified\":\"2026-04-10T23:36:54+00:00\",\"breadcrumb\":{\"@id\":\"https:\/\/xenonkungen.com\/es\/producto\/tira-de-led-interior-de-100-mm\/#breadcrumb\"},\"inLanguage\":\"da-DK\",\"potentialAction\":[{\"@type\":\"ReadAction\",\"target\":[\"https:\/\/xenonkungen.com\/es\/producto\/tira-de-led-interior-de-100-mm\/\"]}]},{\"@type\":\"ImageObject\",\"inLanguage\":\"da-DK\",\"@id\":\"https:\/\/xenonkungen.com\/es\/producto\/tira-de-led-interior-de-100-mm\/#primaryimage\",\"url\":\"https:\/\/xenonkungen.com\/wp-content\/uploads\/2025\/06\/7332774-origpic-1c48fa.jpg\",\"contentUrl\":\"https:\/\/xenonkungen.com\/wp-content\/uploads\/2025\/06\/7332774-origpic-1c48fa.jpg\",\"width\":800,\"height\":800},{\"@type\":\"BreadcrumbList\",\"@id\":\"https:\/\/xenonkungen.com\/es\/producto\/tira-de-led-interior-de-100-mm\/#breadcrumb\",\"itemListElement\":[{\"@type\":\"ListItem\",\"position\":1,\"name\":\"Hem\",\"item\":\"https:\/\/xenonkungen.com\/\"},{\"@type\":\"ListItem\",\"position\":2,\"name\":\"Shop\",\"item\":\"https:\/\/xenonkungen.com\/shop\/\"},{\"@type\":\"ListItem\",\"position\":3,\"name\":\"Interi\u00f6r LED-list 100mm\"}]},{\"@type\":\"WebSite\",\"@id\":\"https:\/\/xenonkungen.com\/#website\",\"url\":\"https:\/\/xenonkungen.com\/\",\"name\":\"Xenonkungen\",\"description\":\"\",\"potentialAction\":[{\"@type\":\"SearchAction\",\"target\":{\"@type\":\"EntryPoint\",\"urlTemplate\":\"https:\/\/xenonkungen.com\/?s={search_term_string}\"},\"query-input\":{\"@type\":\"PropertyValueSpecification\",\"valueRequired\":true,\"valueName\":\"search_term_string\"}}],\"inLanguage\":\"da-DK\"}]}<\/script>\n<!-- \/ Yoast SEO plugin. -->","yoast_head_json":{"title":"Indvendig LED-strip 100mm - Xenonkungen","robots":{"index":"index","follow":"follow","max-snippet":"max-snippet:-1","max-image-preview":"max-image-preview:large","max-video-preview":"max-video-preview:-1"},"canonical":"https:\/\/xenonkungen.com\/dk\/vare\/indendors-led-strimmel-100-mm\/","og_locale":"da_DK","og_type":"article","og_title":"Interi\u00f6r LED-list 100mm - Xenonkungen","og_description":"Slim 100mm LED Stavlampa f\u00f6r Interi\u00f6r Belysning Introducerar den revolutionerande Slim 100mm LED stavlampa, speciellt utformad f\u00f6r interi\u00f6r belysning i 12V\/24V fordon och liknande applikationer. Denna h\u00f6gpresterande lampa \u00e4r endast 10mm h\u00f6g och 25mm bred, perfekt f\u00f6r dem som s\u00f6ker effektiv och diskret belysning. Utrustad med high brightness Cool white diodlampor, erbjuder v\u00e5r LED stavlampa [&hellip;]","og_url":"https:\/\/xenonkungen.com\/dk\/vare\/indendors-led-strimmel-100-mm\/","og_site_name":"Xenonkungen","article_modified_time":"2026-04-10T23:36:54+00:00","og_image":[{"width":800,"height":800,"url":"https:\/\/xenonkungen.com\/wp-content\/uploads\/2025\/06\/7332774-origpic-1c48fa.jpg","type":"image\/jpeg"}],"twitter_card":"summary_large_image","twitter_misc":{"Estimeret l\u00e6setid":"1 minut"},"schema":{"@context":"https:\/\/schema.org","@graph":[{"@type":"WebPage","@id":"https:\/\/xenonkungen.com\/es\/producto\/tira-de-led-interior-de-100-mm\/","url":"https:\/\/xenonkungen.com\/es\/producto\/tira-de-led-interior-de-100-mm\/","name":"Indvendig LED-strip 100mm - Xenonkungen","isPartOf":{"@id":"https:\/\/xenonkungen.com\/#website"},"primaryImageOfPage":{"@id":"https:\/\/xenonkungen.com\/es\/producto\/tira-de-led-interior-de-100-mm\/#primaryimage"},"image":{"@id":"https:\/\/xenonkungen.com\/es\/producto\/tira-de-led-interior-de-100-mm\/#primaryimage"},"thumbnailUrl":"https:\/\/xenonkungen.com\/wp-content\/uploads\/2025\/06\/7332774-origpic-1c48fa.jpg","datePublished":"2025-06-23T13:51:56+00:00","dateModified":"2026-04-10T23:36:54+00:00","breadcrumb":{"@id":"https:\/\/xenonkungen.com\/es\/producto\/tira-de-led-interior-de-100-mm\/#breadcrumb"},"inLanguage":"da-DK","potentialAction":[{"@type":"ReadAction","target":["https:\/\/xenonkungen.com\/es\/producto\/tira-de-led-interior-de-100-mm\/"]}]},{"@type":"ImageObject","inLanguage":"da-DK","@id":"https:\/\/xenonkungen.com\/es\/producto\/tira-de-led-interior-de-100-mm\/#primaryimage","url":"https:\/\/xenonkungen.com\/wp-content\/uploads\/2025\/06\/7332774-origpic-1c48fa.jpg","contentUrl":"https:\/\/xenonkungen.com\/wp-content\/uploads\/2025\/06\/7332774-origpic-1c48fa.jpg","width":800,"height":800},{"@type":"BreadcrumbList","@id":"https:\/\/xenonkungen.com\/es\/producto\/tira-de-led-interior-de-100-mm\/#breadcrumb","itemListElement":[{"@type":"ListItem","position":1,"name":"Hem","item":"https:\/\/xenonkungen.com\/"},{"@type":"ListItem","position":2,"name":"Shop","item":"https:\/\/xenonkungen.com\/shop\/"},{"@type":"ListItem","position":3,"name":"Interi\u00f6r LED-list 100mm"}]},{"@type":"WebSite","@id":"https:\/\/xenonkungen.com\/#website","url":"https:\/\/xenonkungen.com\/","name":"Xenonkungen","description":"","potentialAction":[{"@type":"SearchAction","target":{"@type":"EntryPoint","urlTemplate":"https:\/\/xenonkungen.com\/?s={search_term_string}"},"query-input":{"@type":"PropertyValueSpecification","valueRequired":true,"valueName":"search_term_string"}}],"inLanguage":"da-DK"}]}},"taxonomy_info":{"anvandningsomrade":[{"value":166,"label":"Lastbil"},{"value":238,"label":"SL\u00c4P"},{"value":2816,"label":"TRAILER"}],"product_brand":[{"value":1252,"label":"LEA"}],"product_cat":[{"value":2586,"label":"Interi\u00f6rbelysning"}],"pa_storlek-mm":[{"value":2051,"label":"100x25x10"}],"pa_stromforbrukning":[{"value":1881,"label":"0,05A @28V"},{"value":2078,"label":"0,11A @13,8V"}],"pa_volt-v":[{"value":159,"label":"12"},{"value":160,"label":"24"}]},"featured_image_src_large":["https:\/\/xenonkungen.com\/wp-content\/uploads\/2025\/06\/7332774-origpic-1c48fa.jpg",800,800,false],"author_info":[],"comment_info":0,"_links":{"self":[{"href":"https:\/\/xenonkungen.com\/dk\/wp-json\/wp\/v2\/product\/11741","targetHints":{"allow":["GET"]}}],"collection":[{"href":"https:\/\/xenonkungen.com\/dk\/wp-json\/wp\/v2\/product"}],"about":[{"href":"https:\/\/xenonkungen.com\/dk\/wp-json\/wp\/v2\/types\/product"}],"replies":[{"embeddable":true,"href":"https:\/\/xenonkungen.com\/dk\/wp-json\/wp\/v2\/comments?post=11741"}],"wp:featuredmedia":[{"embeddable":true,"href":"https:\/\/xenonkungen.com\/dk\/wp-json\/wp\/v2\/media\/11102"}],"wp:attachment":[{"href":"https:\/\/xenonkungen.com\/dk\/wp-json\/wp\/v2\/media?parent=11741"}],"wp:term":[{"taxonomy":"anvandningsomrade","embeddable":true,"href":"https:\/\/xenonkungen.com\/dk\/wp-json\/wp\/v2\/anvandningsomrade?post=11741"},{"taxonomy":"bilmarken","embeddable":true,"href":"https:\/\/xenonkungen.com\/dk\/wp-json\/wp\/v2\/bilmarken?post=11741"},{"taxonomy":"product_brand","embeddable":true,"href":"https:\/\/xenonkungen.com\/dk\/wp-json\/wp\/v2\/product_brand?post=11741"},{"taxonomy":"product_cat","embeddable":true,"href":"https:\/\/xenonkungen.com\/dk\/wp-json\/wp\/v2\/product_cat?post=11741"},{"taxonomy":"product_tag","embeddable":true,"href":"https:\/\/xenonkungen.com\/dk\/wp-json\/wp\/v2\/product_tag?post=11741"}],"curies":[{"name":"wp","href":"https:\/\/api.w.org\/{rel}","templated":true}]}}