{"id":11744,"date":"2025-06-23T13:51:59","date_gmt":"2025-06-23T13:51:59","guid":{"rendered":"https:\/\/xenonkungen.com\/produkt\/nightshift-m65-led-positionsljus-12-24v-2-pack\/"},"modified":"2026-05-04T10:51:22","modified_gmt":"2026-05-04T09:51:22","slug":"luxtar-m65-led-positionsljus-12-24v-2-pack","status":"publish","type":"product","link":"https:\/\/xenonkungen.com\/dk\/vare\/luxtar-m65-led-positionsljus-12-24v-2-pack\/","title":{"rendered":"Luxtar M65 LED-positionslys | 12-24V (2-pak)"},"content":{"rendered":"<h1>Kompakt markeringslys til bil, trailer og endnu tungere k\u00f8ret\u00f8jer<\/h1>\n<p>Denne markeringslygte med sit kompakte design og kraftige dioder sikrer maksimal synlighed for biler, anh\u00e6ngere og selv tungere k\u00f8ret\u00f8jer p\u00e5 vejen.<\/p>\n<h2>Specifikationer:<\/h2>\n<ul>\n<li><span class=\"highlight\">Bredde:<\/span> 65 mm, hvilket giver minimale pladsbehov.<\/li>\n<li><span class=\"highlight\">Farvevarianter:<\/span> F\u00e5s i hvid, r\u00f8d og orange.<\/li>\n<li><span class=\"highlight\">Dioder:<\/span> Effektive dioder for \u00f8get synlighed.<\/li>\n<li><span class=\"highlight\">Montering:<\/span> Kr\u00e6ver boring af 8 mm hul til kabelgennemf\u00f8ring.<\/li>\n<li><span class=\"highlight\">Afstand mellem fastg\u00f8relseshuller:<\/span> CC 50 mm mellem fastg\u00f8relseshullerne.<\/li>\n<\/ul>\n<h2>Funktioner:<\/h2>\n<ul>\n<li>Optimerer synligheden for biler, lastbiler, anh\u00e6ngere, busser og lignende.<\/li>\n<li>Fleksibelt farvevalg til forskellige anvendelser.<\/li>\n<li>Nem og fleksibel montering med minimale installationskrav.<\/li>\n<li>Forbedrer sikkerheden ved at \u00f8ge synligheden i trafikken.<\/li>\n<\/ul>","protected":false},"excerpt":{"rendered":"<p>Lille markeringslys, der giver dig god synlighed langs vejene, n\u00e5r du er ude at arbejde. Passer rigtig godt p\u00e5 bil, lastbil, trailer eller bus<\/p>","protected":false},"featured_media":11108,"comment_status":"closed","ping_status":"closed","template":"","meta":{"_acf_changed":false,"_smort_price_nok":"63","_smort_price_dkk":"40","_smort_price_eur":"5.36","_smort_sale_price_nok":"","_smort_sale_price_dkk":"","_smort_sale_price_eur":"","smort_restorder":"","shipmondo_restorder":"","_kad_blocks_custom_css":"","_kad_blocks_head_custom_js":"","_kad_blocks_body_custom_js":"","_kad_blocks_footer_custom_js":"","smort_custom_pricelist_1":"37.76","smort_custom_pricelist_2":"33.04","smort_custom_pricelist_3":"31.39","smort_custom_pricelist_4":"47.2","smort_custom_pricelist_5":"33.04"},"anvandningsomrade":[166,238,2816],"bilmarken":[],"product_brand":[103],"product_cat":[2478],"product_tag":[],"class_list":{"0":"post-11744","1":"product","2":"type-product","3":"status-publish","4":"has-post-thumbnail","6":"anvandningsomrade-lastbil","7":"anvandningsomrade-slap","8":"anvandningsomrade-trailer","9":"product_brand-luxtar","10":"product_cat-positionsljus-slap","11":"pa_farg-amber","12":"pa_farg-red","13":"pa_farg-white","14":"pa_fuktskydd-varde-ipxx-ip65","15":"pa_godkannande-e-markt-ce","16":"pa_lampsockel-kontakt-open-wire","17":"pa_storlek-mm-65x26x20","18":"pa_volt-v-12-24","20":"first","21":"instock","22":"taxable","23":"shipping-taxable","24":"purchasable","25":"product-type-variable"},"bundled_by":[],"bundle_stock_status":"instock","bundle_stock_quantity":143,"bundle_virtual":false,"bundle_layout":"","bundle_add_to_cart_form_location":"","bundle_editable_in_cart":false,"bundle_sold_individually_context":"","bundle_item_grouping":"","bundle_min_size":"","bundle_max_size":"","bundle_price":[],"bundled_items":[],"bundle_sell_ids":[],"acf":[],"yoast_head":"<!-- This site is optimized with the Yoast SEO plugin v27.0 - https:\/\/yoast.com\/product\/yoast-seo-wordpress\/ -->\n<title>Luxtar M65 LED Positionsljus | 12-24V (2-Pack) - Xenonkungen<\/title>\n<meta name=\"robots\" content=\"index, follow, max-snippet:-1, max-image-preview:large, max-video-preview:-1\" \/>\n<link rel=\"canonical\" href=\"https:\/\/xenonkungen.com\/dk\/vare\/luxtar-m65-led-positionsljus-12-24v-2-pack\/\" \/>\n<meta property=\"og:locale\" content=\"da_DK\" \/>\n<meta property=\"og:type\" content=\"article\" \/>\n<meta property=\"og:title\" content=\"Luxtar M65 LED Positionsljus | 12-24V (2-Pack) - Xenonkungen\" \/>\n<meta property=\"og:description\" content=\"Litet markeringsljus som ger er bra synbarhet l\u00e4ngs v\u00e4garna n\u00e4r ni \u00e4r ute och jobbar. Passar riktigt bra p\u00e5 Bil, Lastbil, Sl\u00e4p eller buss\" \/>\n<meta property=\"og:url\" content=\"https:\/\/xenonkungen.com\/dk\/vare\/luxtar-m65-led-positionsljus-12-24v-2-pack\/\" \/>\n<meta property=\"og:site_name\" content=\"Xenonkungen\" \/>\n<meta property=\"article:modified_time\" content=\"2026-05-04T09:51:22+00:00\" \/>\n<meta property=\"og:image\" content=\"https:\/\/xenonkungen.com\/wp-content\/uploads\/2025\/06\/181610101-origpic-d553db.jpg\" \/>\n\t<meta property=\"og:image:width\" content=\"1000\" \/>\n\t<meta property=\"og:image:height\" content=\"1000\" \/>\n\t<meta property=\"og:image:type\" content=\"image\/jpeg\" \/>\n<meta name=\"twitter:card\" content=\"summary_large_image\" \/>\n<meta name=\"twitter:label1\" content=\"Estimeret l\u00e6setid\" \/>\n\t<meta name=\"twitter:data1\" content=\"1 minut\" \/>\n<script type=\"application\/ld+json\" class=\"yoast-schema-graph\">{\"@context\":\"https:\/\/schema.org\",\"@graph\":[{\"@type\":\"WebPage\",\"@id\":\"https:\/\/xenonkungen.com\/produkt\/luxtar-m65-led-positionsljus-12-24v-2-pack\/\",\"url\":\"https:\/\/xenonkungen.com\/produkt\/luxtar-m65-led-positionsljus-12-24v-2-pack\/\",\"name\":\"Luxtar M65 LED Positionsljus | 12-24V (2-Pack) - Xenonkungen\",\"isPartOf\":{\"@id\":\"https:\/\/xenonkungen.com\/#website\"},\"primaryImageOfPage\":{\"@id\":\"https:\/\/xenonkungen.com\/produkt\/luxtar-m65-led-positionsljus-12-24v-2-pack\/#primaryimage\"},\"image\":{\"@id\":\"https:\/\/xenonkungen.com\/produkt\/luxtar-m65-led-positionsljus-12-24v-2-pack\/#primaryimage\"},\"thumbnailUrl\":\"https:\/\/xenonkungen.com\/wp-content\/uploads\/2025\/06\/181610101-origpic-d553db.jpg\",\"datePublished\":\"2025-06-23T13:51:59+00:00\",\"dateModified\":\"2026-05-04T09:51:22+00:00\",\"breadcrumb\":{\"@id\":\"https:\/\/xenonkungen.com\/produkt\/luxtar-m65-led-positionsljus-12-24v-2-pack\/#breadcrumb\"},\"inLanguage\":\"da-DK\",\"potentialAction\":[{\"@type\":\"ReadAction\",\"target\":[\"https:\/\/xenonkungen.com\/produkt\/luxtar-m65-led-positionsljus-12-24v-2-pack\/\"]}]},{\"@type\":\"ImageObject\",\"inLanguage\":\"da-DK\",\"@id\":\"https:\/\/xenonkungen.com\/produkt\/luxtar-m65-led-positionsljus-12-24v-2-pack\/#primaryimage\",\"url\":\"https:\/\/xenonkungen.com\/wp-content\/uploads\/2025\/06\/181610101-origpic-d553db.jpg\",\"contentUrl\":\"https:\/\/xenonkungen.com\/wp-content\/uploads\/2025\/06\/181610101-origpic-d553db.jpg\",\"width\":1000,\"height\":1000},{\"@type\":\"BreadcrumbList\",\"@id\":\"https:\/\/xenonkungen.com\/produkt\/luxtar-m65-led-positionsljus-12-24v-2-pack\/#breadcrumb\",\"itemListElement\":[{\"@type\":\"ListItem\",\"position\":1,\"name\":\"Hem\",\"item\":\"https:\/\/xenonkungen.com\/\"},{\"@type\":\"ListItem\",\"position\":2,\"name\":\"Shop\",\"item\":\"https:\/\/xenonkungen.com\/shop\/\"},{\"@type\":\"ListItem\",\"position\":3,\"name\":\"Luxtar M65 LED Positionsljus | 12-24V (2-Pack)\"}]},{\"@type\":\"WebSite\",\"@id\":\"https:\/\/xenonkungen.com\/#website\",\"url\":\"https:\/\/xenonkungen.com\/\",\"name\":\"Xenonkungen\",\"description\":\"\",\"potentialAction\":[{\"@type\":\"SearchAction\",\"target\":{\"@type\":\"EntryPoint\",\"urlTemplate\":\"https:\/\/xenonkungen.com\/?s={search_term_string}\"},\"query-input\":{\"@type\":\"PropertyValueSpecification\",\"valueRequired\":true,\"valueName\":\"search_term_string\"}}],\"inLanguage\":\"da-DK\"}]}<\/script>\n<!-- \/ Yoast SEO plugin. -->","yoast_head_json":{"title":"Luxtar M65 LED Positionsljus | 12-24V (2-Pack) - Xenonkungen","robots":{"index":"index","follow":"follow","max-snippet":"max-snippet:-1","max-image-preview":"max-image-preview:large","max-video-preview":"max-video-preview:-1"},"canonical":"https:\/\/xenonkungen.com\/dk\/vare\/luxtar-m65-led-positionsljus-12-24v-2-pack\/","og_locale":"da_DK","og_type":"article","og_title":"Luxtar M65 LED Positionsljus | 12-24V (2-Pack) - Xenonkungen","og_description":"Litet markeringsljus som ger er bra synbarhet l\u00e4ngs v\u00e4garna n\u00e4r ni \u00e4r ute och jobbar. Passar riktigt bra p\u00e5 Bil, Lastbil, Sl\u00e4p eller buss","og_url":"https:\/\/xenonkungen.com\/dk\/vare\/luxtar-m65-led-positionsljus-12-24v-2-pack\/","og_site_name":"Xenonkungen","article_modified_time":"2026-05-04T09:51:22+00:00","og_image":[{"width":1000,"height":1000,"url":"https:\/\/xenonkungen.com\/wp-content\/uploads\/2025\/06\/181610101-origpic-d553db.jpg","type":"image\/jpeg"}],"twitter_card":"summary_large_image","twitter_misc":{"Estimeret l\u00e6setid":"1 minut"},"schema":{"@context":"https:\/\/schema.org","@graph":[{"@type":"WebPage","@id":"https:\/\/xenonkungen.com\/produkt\/luxtar-m65-led-positionsljus-12-24v-2-pack\/","url":"https:\/\/xenonkungen.com\/produkt\/luxtar-m65-led-positionsljus-12-24v-2-pack\/","name":"Luxtar M65 LED Positionsljus | 12-24V (2-Pack) - Xenonkungen","isPartOf":{"@id":"https:\/\/xenonkungen.com\/#website"},"primaryImageOfPage":{"@id":"https:\/\/xenonkungen.com\/produkt\/luxtar-m65-led-positionsljus-12-24v-2-pack\/#primaryimage"},"image":{"@id":"https:\/\/xenonkungen.com\/produkt\/luxtar-m65-led-positionsljus-12-24v-2-pack\/#primaryimage"},"thumbnailUrl":"https:\/\/xenonkungen.com\/wp-content\/uploads\/2025\/06\/181610101-origpic-d553db.jpg","datePublished":"2025-06-23T13:51:59+00:00","dateModified":"2026-05-04T09:51:22+00:00","breadcrumb":{"@id":"https:\/\/xenonkungen.com\/produkt\/luxtar-m65-led-positionsljus-12-24v-2-pack\/#breadcrumb"},"inLanguage":"da-DK","potentialAction":[{"@type":"ReadAction","target":["https:\/\/xenonkungen.com\/produkt\/luxtar-m65-led-positionsljus-12-24v-2-pack\/"]}]},{"@type":"ImageObject","inLanguage":"da-DK","@id":"https:\/\/xenonkungen.com\/produkt\/luxtar-m65-led-positionsljus-12-24v-2-pack\/#primaryimage","url":"https:\/\/xenonkungen.com\/wp-content\/uploads\/2025\/06\/181610101-origpic-d553db.jpg","contentUrl":"https:\/\/xenonkungen.com\/wp-content\/uploads\/2025\/06\/181610101-origpic-d553db.jpg","width":1000,"height":1000},{"@type":"BreadcrumbList","@id":"https:\/\/xenonkungen.com\/produkt\/luxtar-m65-led-positionsljus-12-24v-2-pack\/#breadcrumb","itemListElement":[{"@type":"ListItem","position":1,"name":"Hem","item":"https:\/\/xenonkungen.com\/"},{"@type":"ListItem","position":2,"name":"Shop","item":"https:\/\/xenonkungen.com\/shop\/"},{"@type":"ListItem","position":3,"name":"Luxtar M65 LED Positionsljus | 12-24V (2-Pack)"}]},{"@type":"WebSite","@id":"https:\/\/xenonkungen.com\/#website","url":"https:\/\/xenonkungen.com\/","name":"Xenonkungen","description":"","potentialAction":[{"@type":"SearchAction","target":{"@type":"EntryPoint","urlTemplate":"https:\/\/xenonkungen.com\/?s={search_term_string}"},"query-input":{"@type":"PropertyValueSpecification","valueRequired":true,"valueName":"search_term_string"}}],"inLanguage":"da-DK"}]}},"taxonomy_info":{"anvandningsomrade":[{"value":166,"label":"Lastbil"},{"value":238,"label":"SL\u00c4P"},{"value":2816,"label":"TRAILER"}],"product_brand":[{"value":103,"label":"LUXTAR"}],"product_cat":[{"value":2478,"label":"Positionsljus"}],"pa_farg":[{"value":2244,"label":"Amber"},{"value":2681,"label":"Red"},{"value":2296,"label":"White"}],"pa_fuktskydd-varde-ipxx":[{"value":520,"label":"IP65"}],"pa_godkannande":[{"value":2308,"label":"E-m\u00e4rkt, CE"}],"pa_lampsockel-kontakt":[{"value":324,"label":"Open Wire"}],"pa_storlek-mm":[{"value":2426,"label":"65x26x20"}],"pa_volt-v":[{"value":348,"label":"12, 24"}]},"featured_image_src_large":["https:\/\/xenonkungen.com\/wp-content\/uploads\/2025\/06\/181610101-origpic-d553db.jpg",1000,1000,false],"author_info":[],"comment_info":0,"_links":{"self":[{"href":"https:\/\/xenonkungen.com\/dk\/wp-json\/wp\/v2\/product\/11744","targetHints":{"allow":["GET"]}}],"collection":[{"href":"https:\/\/xenonkungen.com\/dk\/wp-json\/wp\/v2\/product"}],"about":[{"href":"https:\/\/xenonkungen.com\/dk\/wp-json\/wp\/v2\/types\/product"}],"replies":[{"embeddable":true,"href":"https:\/\/xenonkungen.com\/dk\/wp-json\/wp\/v2\/comments?post=11744"}],"wp:featuredmedia":[{"embeddable":true,"href":"https:\/\/xenonkungen.com\/dk\/wp-json\/wp\/v2\/media\/11108"}],"wp:attachment":[{"href":"https:\/\/xenonkungen.com\/dk\/wp-json\/wp\/v2\/media?parent=11744"}],"wp:term":[{"taxonomy":"anvandningsomrade","embeddable":true,"href":"https:\/\/xenonkungen.com\/dk\/wp-json\/wp\/v2\/anvandningsomrade?post=11744"},{"taxonomy":"bilmarken","embeddable":true,"href":"https:\/\/xenonkungen.com\/dk\/wp-json\/wp\/v2\/bilmarken?post=11744"},{"taxonomy":"product_brand","embeddable":true,"href":"https:\/\/xenonkungen.com\/dk\/wp-json\/wp\/v2\/product_brand?post=11744"},{"taxonomy":"product_cat","embeddable":true,"href":"https:\/\/xenonkungen.com\/dk\/wp-json\/wp\/v2\/product_cat?post=11744"},{"taxonomy":"product_tag","embeddable":true,"href":"https:\/\/xenonkungen.com\/dk\/wp-json\/wp\/v2\/product_tag?post=11744"}],"curies":[{"name":"wp","href":"https:\/\/api.w.org\/{rel}","templated":true}]}}