{"id":11760,"date":"2025-06-23T13:52:05","date_gmt":"2025-06-23T13:52:05","guid":{"rendered":"https:\/\/xenonkungen.com\/produkt\/solcellslampan-the-cube\/"},"modified":"2026-03-04T16:41:21","modified_gmt":"2026-03-04T15:41:21","slug":"kube-solcellelampen","status":"publish","type":"product","link":"https:\/\/xenonkungen.com\/dk\/vare\/kube-solcellelampen\/","title":{"rendered":"Solcellelampen Cube"},"content":{"rendered":"<h1>Opdag den bedste solcellelampe p\u00e5 markedet<\/h1>\n<p>I <strong>automatiseret solcellelys<\/strong> i et elegant firkantet format, der ikke kun giver stemningsfuld belysning, men ogs\u00e5 karakter og stil til dit udend\u00f8rsmilj\u00f8. Lampen oplades effektivt i l\u00f8bet af dagen og t\u00e6ndes automatisk ved skumringstid for at skabe en indbydende atmosf\u00e6re, nat efter nat.<\/p>\n<p>V\u00e6lg mellem fem smukke farver: <strong>varm hvid<\/strong>, <strong>kold hvid<\/strong>, <strong>R\u00d8D<\/strong>, <strong>gr\u00f8n<\/strong> eller <strong>bl\u00e5<\/strong> lys, hvilket giver dig mulighed for at tilpasse din belysning, s\u00e5 den passer til dit hum\u00f8r og din lejlighed. Denne robuste lampe er designet til at modst\u00e5 alle \u00e5rstider \u2013 for\u00e5r, sommer, efter\u00e5r og vinter \u2013 s\u00e5 du kan nyde dens smukke lys hele \u00e5ret rundt, uanset vejret.<\/p>\n<p>Skab et hyggeligt og indbydende udend\u00f8rsmilj\u00f8 med en l\u00f8sning, der er b\u00e5de <strong>milj\u00f8venlig<\/strong> og <strong>vedligeholdelsesfri<\/strong>Du beh\u00f8ver ikke l\u00e6ngere bekymre dig om opladning eller batteriudskiftning \u2013 vores solcellelampe klarer alt arbejdet for dig!<\/p>","protected":false},"excerpt":{"rendered":"<p>En automatiseret solcellelampe i firkantet format.<br \/>\nI farverne varm hvid, kold hvid, r\u00f8d, gr\u00f8n eller bl\u00e5.<\/p>","protected":false},"featured_media":11136,"comment_status":"closed","ping_status":"closed","template":"","meta":{"_acf_changed":false,"_smort_price_nok":"106","_smort_price_dkk":"135","_smort_price_eur":"18.09","_smort_sale_price_nok":"","_smort_sale_price_dkk":"","_smort_sale_price_eur":"","smort_restorder":"","shipmondo_restorder":"","_kad_blocks_custom_css":"","_kad_blocks_head_custom_js":"","_kad_blocks_body_custom_js":"","_kad_blocks_footer_custom_js":"","smort_custom_pricelist_1":null,"smort_custom_pricelist_2":null,"smort_custom_pricelist_3":null,"smort_custom_pricelist_4":null,"smort_custom_pricelist_5":null},"anvandningsomrade":[237],"bilmarken":[],"product_brand":[117],"product_cat":[2439,1402],"product_tag":[],"class_list":{"0":"post-11760","1":"product","2":"type-product","3":"status-publish","4":"has-post-thumbnail","6":"anvandningsomrade-fritid","7":"product_brand-xenonkungen","8":"product_cat-hem","9":"product_cat-outlet","10":"pa_farg-blue","11":"pa_farg-cool-white","12":"pa_farg-green","13":"pa_farg-red","14":"pa_farg-warm-white","15":"pa_fuktskydd-varde-ipxx-ip65","16":"pa_storlek-mm-95x95x48","18":"first","19":"instock","20":"taxable","21":"shipping-taxable","22":"purchasable","23":"product-type-variable"},"bundled_by":[],"bundle_stock_status":"instock","bundle_stock_quantity":null,"bundle_virtual":false,"bundle_layout":"","bundle_add_to_cart_form_location":"","bundle_editable_in_cart":false,"bundle_sold_individually_context":"","bundle_item_grouping":"","bundle_min_size":"","bundle_max_size":"","bundle_price":[],"bundled_items":[],"bundle_sell_ids":[],"acf":[],"yoast_head":"<!-- This site is optimized with the Yoast SEO plugin v27.0 - https:\/\/yoast.com\/product\/yoast-seo-wordpress\/ -->\n<title>Solcellslampan The Cube - Xenonkungen<\/title>\n<meta name=\"robots\" content=\"index, follow, max-snippet:-1, max-image-preview:large, max-video-preview:-1\" \/>\n<link rel=\"canonical\" href=\"https:\/\/xenonkungen.com\/dk\/vare\/kube-solcellelampen\/\" \/>\n<meta property=\"og:locale\" content=\"da_DK\" \/>\n<meta property=\"og:type\" content=\"article\" \/>\n<meta property=\"og:title\" content=\"Solcellslampan The Cube - Xenonkungen\" \/>\n<meta property=\"og:description\" content=\"En automatiserad solcellslampa i fyrkantigt format. I f\u00e4rgerna Varmvit, Kallvit, R\u00f6d, Gr\u00f6n eller Bl\u00e5.\" \/>\n<meta property=\"og:url\" content=\"https:\/\/xenonkungen.com\/dk\/vare\/kube-solcellelampen\/\" \/>\n<meta property=\"og:site_name\" content=\"Xenonkungen\" \/>\n<meta property=\"article:modified_time\" content=\"2026-03-04T15:41:21+00:00\" \/>\n<meta property=\"og:image\" content=\"https:\/\/xenonkungen.com\/wp-content\/uploads\/2025\/06\/215718821-origpic-581ea0.jpg\" \/>\n\t<meta property=\"og:image:width\" content=\"1000\" \/>\n\t<meta property=\"og:image:height\" content=\"666\" \/>\n\t<meta property=\"og:image:type\" content=\"image\/jpeg\" \/>\n<meta name=\"twitter:card\" content=\"summary_large_image\" \/>\n<meta name=\"twitter:label1\" content=\"Estimeret l\u00e6setid\" \/>\n\t<meta name=\"twitter:data1\" content=\"1 minut\" \/>\n<script type=\"application\/ld+json\" class=\"yoast-schema-graph\">{\"@context\":\"https:\/\/schema.org\",\"@graph\":[{\"@type\":\"WebPage\",\"@id\":\"https:\/\/xenonkungen.com\/produkt\/solcellslampan-the-cube\/\",\"url\":\"https:\/\/xenonkungen.com\/produkt\/solcellslampan-the-cube\/\",\"name\":\"Solcellslampan The Cube - Xenonkungen\",\"isPartOf\":{\"@id\":\"https:\/\/xenonkungen.com\/#website\"},\"primaryImageOfPage\":{\"@id\":\"https:\/\/xenonkungen.com\/produkt\/solcellslampan-the-cube\/#primaryimage\"},\"image\":{\"@id\":\"https:\/\/xenonkungen.com\/produkt\/solcellslampan-the-cube\/#primaryimage\"},\"thumbnailUrl\":\"https:\/\/xenonkungen.com\/wp-content\/uploads\/2025\/06\/215718821-origpic-581ea0.jpg\",\"datePublished\":\"2025-06-23T13:52:05+00:00\",\"dateModified\":\"2026-03-04T15:41:21+00:00\",\"breadcrumb\":{\"@id\":\"https:\/\/xenonkungen.com\/produkt\/solcellslampan-the-cube\/#breadcrumb\"},\"inLanguage\":\"da-DK\",\"potentialAction\":[{\"@type\":\"ReadAction\",\"target\":[\"https:\/\/xenonkungen.com\/produkt\/solcellslampan-the-cube\/\"]}]},{\"@type\":\"ImageObject\",\"inLanguage\":\"da-DK\",\"@id\":\"https:\/\/xenonkungen.com\/produkt\/solcellslampan-the-cube\/#primaryimage\",\"url\":\"https:\/\/xenonkungen.com\/wp-content\/uploads\/2025\/06\/215718821-origpic-581ea0.jpg\",\"contentUrl\":\"https:\/\/xenonkungen.com\/wp-content\/uploads\/2025\/06\/215718821-origpic-581ea0.jpg\",\"width\":1000,\"height\":666},{\"@type\":\"BreadcrumbList\",\"@id\":\"https:\/\/xenonkungen.com\/produkt\/solcellslampan-the-cube\/#breadcrumb\",\"itemListElement\":[{\"@type\":\"ListItem\",\"position\":1,\"name\":\"Hem\",\"item\":\"https:\/\/xenonkungen.com\/\"},{\"@type\":\"ListItem\",\"position\":2,\"name\":\"Shop\",\"item\":\"https:\/\/xenonkungen.com\/shop\/\"},{\"@type\":\"ListItem\",\"position\":3,\"name\":\"Solcellslampan The Cube\"}]},{\"@type\":\"WebSite\",\"@id\":\"https:\/\/xenonkungen.com\/#website\",\"url\":\"https:\/\/xenonkungen.com\/\",\"name\":\"Xenonkungen\",\"description\":\"\",\"potentialAction\":[{\"@type\":\"SearchAction\",\"target\":{\"@type\":\"EntryPoint\",\"urlTemplate\":\"https:\/\/xenonkungen.com\/?s={search_term_string}\"},\"query-input\":{\"@type\":\"PropertyValueSpecification\",\"valueRequired\":true,\"valueName\":\"search_term_string\"}}],\"inLanguage\":\"da-DK\"}]}<\/script>\n<!-- \/ Yoast SEO plugin. -->","yoast_head_json":{"title":"Solcellelampen The Cube - Xenon-kongen","robots":{"index":"index","follow":"follow","max-snippet":"max-snippet:-1","max-image-preview":"max-image-preview:large","max-video-preview":"max-video-preview:-1"},"canonical":"https:\/\/xenonkungen.com\/dk\/vare\/kube-solcellelampen\/","og_locale":"da_DK","og_type":"article","og_title":"Solcellslampan The Cube - Xenonkungen","og_description":"En automatiserad solcellslampa i fyrkantigt format. I f\u00e4rgerna Varmvit, Kallvit, R\u00f6d, Gr\u00f6n eller Bl\u00e5.","og_url":"https:\/\/xenonkungen.com\/dk\/vare\/kube-solcellelampen\/","og_site_name":"Xenonkungen","article_modified_time":"2026-03-04T15:41:21+00:00","og_image":[{"width":1000,"height":666,"url":"https:\/\/xenonkungen.com\/wp-content\/uploads\/2025\/06\/215718821-origpic-581ea0.jpg","type":"image\/jpeg"}],"twitter_card":"summary_large_image","twitter_misc":{"Estimeret l\u00e6setid":"1 minut"},"schema":{"@context":"https:\/\/schema.org","@graph":[{"@type":"WebPage","@id":"https:\/\/xenonkungen.com\/produkt\/solcellslampan-the-cube\/","url":"https:\/\/xenonkungen.com\/produkt\/solcellslampan-the-cube\/","name":"Solcellelampen The Cube - Xenon-kongen","isPartOf":{"@id":"https:\/\/xenonkungen.com\/#website"},"primaryImageOfPage":{"@id":"https:\/\/xenonkungen.com\/produkt\/solcellslampan-the-cube\/#primaryimage"},"image":{"@id":"https:\/\/xenonkungen.com\/produkt\/solcellslampan-the-cube\/#primaryimage"},"thumbnailUrl":"https:\/\/xenonkungen.com\/wp-content\/uploads\/2025\/06\/215718821-origpic-581ea0.jpg","datePublished":"2025-06-23T13:52:05+00:00","dateModified":"2026-03-04T15:41:21+00:00","breadcrumb":{"@id":"https:\/\/xenonkungen.com\/produkt\/solcellslampan-the-cube\/#breadcrumb"},"inLanguage":"da-DK","potentialAction":[{"@type":"ReadAction","target":["https:\/\/xenonkungen.com\/produkt\/solcellslampan-the-cube\/"]}]},{"@type":"ImageObject","inLanguage":"da-DK","@id":"https:\/\/xenonkungen.com\/produkt\/solcellslampan-the-cube\/#primaryimage","url":"https:\/\/xenonkungen.com\/wp-content\/uploads\/2025\/06\/215718821-origpic-581ea0.jpg","contentUrl":"https:\/\/xenonkungen.com\/wp-content\/uploads\/2025\/06\/215718821-origpic-581ea0.jpg","width":1000,"height":666},{"@type":"BreadcrumbList","@id":"https:\/\/xenonkungen.com\/produkt\/solcellslampan-the-cube\/#breadcrumb","itemListElement":[{"@type":"ListItem","position":1,"name":"Hem","item":"https:\/\/xenonkungen.com\/"},{"@type":"ListItem","position":2,"name":"Shop","item":"https:\/\/xenonkungen.com\/shop\/"},{"@type":"ListItem","position":3,"name":"Solcellslampan The Cube"}]},{"@type":"WebSite","@id":"https:\/\/xenonkungen.com\/#website","url":"https:\/\/xenonkungen.com\/","name":"Xenonkungen","description":"","potentialAction":[{"@type":"SearchAction","target":{"@type":"EntryPoint","urlTemplate":"https:\/\/xenonkungen.com\/?s={search_term_string}"},"query-input":{"@type":"PropertyValueSpecification","valueRequired":true,"valueName":"search_term_string"}}],"inLanguage":"da-DK"}]}},"taxonomy_info":{"anvandningsomrade":[{"value":237,"label":"Fritid"}],"product_brand":[{"value":117,"label":"Xenonkungen"}],"product_cat":[{"value":2439,"label":"HEM"},{"value":1402,"label":"Outlet"}],"pa_farg":[{"value":2298,"label":"Blue"},{"value":2684,"label":"Cool White"},{"value":2682,"label":"Green"},{"value":2681,"label":"Red"},{"value":2683,"label":"Warm White"}],"pa_fuktskydd-varde-ipxx":[{"value":520,"label":"IP65"}],"pa_storlek-mm":[{"value":2430,"label":"9,5x9,5x4,8"}]},"featured_image_src_large":["https:\/\/xenonkungen.com\/wp-content\/uploads\/2025\/06\/215718821-origpic-581ea0.jpg",1000,666,false],"author_info":[],"comment_info":0,"_links":{"self":[{"href":"https:\/\/xenonkungen.com\/dk\/wp-json\/wp\/v2\/product\/11760","targetHints":{"allow":["GET"]}}],"collection":[{"href":"https:\/\/xenonkungen.com\/dk\/wp-json\/wp\/v2\/product"}],"about":[{"href":"https:\/\/xenonkungen.com\/dk\/wp-json\/wp\/v2\/types\/product"}],"replies":[{"embeddable":true,"href":"https:\/\/xenonkungen.com\/dk\/wp-json\/wp\/v2\/comments?post=11760"}],"wp:featuredmedia":[{"embeddable":true,"href":"https:\/\/xenonkungen.com\/dk\/wp-json\/wp\/v2\/media\/11136"}],"wp:attachment":[{"href":"https:\/\/xenonkungen.com\/dk\/wp-json\/wp\/v2\/media?parent=11760"}],"wp:term":[{"taxonomy":"anvandningsomrade","embeddable":true,"href":"https:\/\/xenonkungen.com\/dk\/wp-json\/wp\/v2\/anvandningsomrade?post=11760"},{"taxonomy":"bilmarken","embeddable":true,"href":"https:\/\/xenonkungen.com\/dk\/wp-json\/wp\/v2\/bilmarken?post=11760"},{"taxonomy":"product_brand","embeddable":true,"href":"https:\/\/xenonkungen.com\/dk\/wp-json\/wp\/v2\/product_brand?post=11760"},{"taxonomy":"product_cat","embeddable":true,"href":"https:\/\/xenonkungen.com\/dk\/wp-json\/wp\/v2\/product_cat?post=11760"},{"taxonomy":"product_tag","embeddable":true,"href":"https:\/\/xenonkungen.com\/dk\/wp-json\/wp\/v2\/product_tag?post=11760"}],"curies":[{"name":"wp","href":"https:\/\/api.w.org\/{rel}","templated":true}]}}