{"id":11783,"date":"2025-06-23T13:52:15","date_gmt":"2025-06-23T13:52:15","guid":{"rendered":"https:\/\/xenonkungen.com\/produkt\/poppy-rgb-platta\/"},"modified":"2026-04-07T10:15:03","modified_gmt":"2026-04-07T09:15:03","slug":"valmue-rgb-plade","status":"publish","type":"product","link":"https:\/\/xenonkungen.com\/dk\/vare\/valmue-rgb-plade\/","title":{"rendered":"Poppy RGB-plade"},"content":{"rendered":"<h2>RGB-plade med USB- eller cigaretstik<\/h2>\n<p>En LED-plade til at placere din valmue p\u00e5 for at \u00f8ge atmosf\u00e6ren.<\/p>\n<p>20 forskellige farver med justerbar lysstyrke og tilstand (Stobe, Breathe, Rainbow osv.)<br \/>\nHusker ogs\u00e5 dine sidst valgte indstillinger.<\/p>\n<p>F\u00e5s i 2 forskellige varianter.<\/p>\n<p><strong>USB:<\/strong><br \/>\nStr\u00f8mforsynes via USB-stik (5V)<\/p>\n<p><strong>Cigarett\u00e6nder:<\/strong><br \/>\nStr\u00f8mforsynes via cigarett\u00e6nderen (12-24V)<\/p>\n<p>Fastgjort med en kl\u00e6beplade i bunden og en kl\u00e6bende ring i toppen for at holde din Poppy p\u00e5 plads.<\/p>\n<p><iframe loading=\"lazy\" src=\"https:\/\/www.youtube.com\/embed\/ikGupJjwum0?rel=0\" width=\"560\" height=\"315\" frameborder=\"0\" allowfullscreen=\"allowfullscreen\"><\/iframe><\/p>","protected":false},"excerpt":{"rendered":"<p>RGB-platta med USB eller Ciggkontakt En LED-platta f\u00f6r att st\u00e4lla sin Poppy p\u00e5 f\u00f6r att \u00f6ka atmosf\u00e4ren. 20 olika f\u00e4rger med justerbar ljusstyrka och l\u00e4ge(stobe, breathe, rainbow m.m) Kommer \u00e4ven ih\u00e5g dina senaste valda inst\u00e4llningar. Finns i 2 olika varianter. USB: Drivs via USB-uttag (5V) Ciggkontakt: Drivs via cigguttaget (12-24V) F\u00e4stes med en klisterplatta p\u00e5 [&hellip;]<\/p>","protected":false},"featured_media":11192,"comment_status":"closed","ping_status":"closed","template":"","meta":{"_acf_changed":false,"_smort_price_nok":"35","_smort_price_dkk":"67","_smort_price_eur":"9","_smort_sale_price_nok":"","_smort_sale_price_dkk":"","_smort_sale_price_eur":"","smort_restorder":"","shipmondo_restorder":"","_kad_blocks_custom_css":"","_kad_blocks_head_custom_js":"","_kad_blocks_body_custom_js":"","_kad_blocks_footer_custom_js":"","smort_custom_pricelist_1":"55.2","smort_custom_pricelist_2":"55.2","smort_custom_pricelist_3":"55.2","smort_custom_pricelist_4":"55.2","smort_custom_pricelist_5":"55.2"},"anvandningsomrade":[],"bilmarken":[],"product_brand":[110],"product_cat":[2447,378],"product_tag":[],"class_list":{"0":"post-11783","1":"product","2":"type-product","3":"status-publish","4":"has-post-thumbnail","6":"product_brand-poppy","7":"product_cat-doft","8":"product_cat-bilvard","10":"first","11":"instock","12":"taxable","13":"shipping-taxable","14":"purchasable","15":"product-type-variable"},"bundled_by":[],"bundle_stock_status":"instock","bundle_stock_quantity":174,"bundle_virtual":false,"bundle_layout":"","bundle_add_to_cart_form_location":"","bundle_editable_in_cart":false,"bundle_sold_individually_context":"","bundle_item_grouping":"","bundle_min_size":"","bundle_max_size":"","bundle_price":[],"bundled_items":[],"bundle_sell_ids":[],"acf":[],"yoast_head":"<!-- This site is optimized with the Yoast SEO plugin v27.0 - https:\/\/yoast.com\/product\/yoast-seo-wordpress\/ -->\n<title>Poppy RGB platta - Xenonkungen<\/title>\n<meta name=\"robots\" content=\"index, follow, max-snippet:-1, max-image-preview:large, max-video-preview:-1\" \/>\n<link rel=\"canonical\" href=\"https:\/\/xenonkungen.com\/dk\/vare\/valmue-rgb-plade\/\" \/>\n<meta property=\"og:locale\" content=\"da_DK\" \/>\n<meta property=\"og:type\" content=\"article\" \/>\n<meta property=\"og:title\" content=\"Poppy RGB platta - Xenonkungen\" \/>\n<meta property=\"og:description\" content=\"RGB-platta med USB eller Ciggkontakt En LED-platta f\u00f6r att st\u00e4lla sin Poppy p\u00e5 f\u00f6r att \u00f6ka atmosf\u00e4ren. 20 olika f\u00e4rger med justerbar ljusstyrka och l\u00e4ge(stobe, breathe, rainbow m.m) Kommer \u00e4ven ih\u00e5g dina senaste valda inst\u00e4llningar. Finns i 2 olika varianter. USB: Drivs via USB-uttag (5V) Ciggkontakt: Drivs via cigguttaget (12-24V) F\u00e4stes med en klisterplatta p\u00e5 [&hellip;]\" \/>\n<meta property=\"og:url\" content=\"https:\/\/xenonkungen.com\/dk\/vare\/valmue-rgb-plade\/\" \/>\n<meta property=\"og:site_name\" content=\"Xenonkungen\" \/>\n<meta property=\"article:modified_time\" content=\"2026-04-07T09:15:03+00:00\" \/>\n<meta property=\"og:image\" content=\"https:\/\/xenonkungen.com\/wp-content\/uploads\/2025\/06\/162538721-origpic-48ff6a.jpg\" \/>\n\t<meta property=\"og:image:width\" content=\"1000\" \/>\n\t<meta property=\"og:image:height\" content=\"763\" \/>\n\t<meta property=\"og:image:type\" content=\"image\/jpeg\" \/>\n<meta name=\"twitter:card\" content=\"summary_large_image\" \/>\n<meta name=\"twitter:label1\" content=\"Estimeret l\u00e6setid\" \/>\n\t<meta name=\"twitter:data1\" content=\"1 minut\" \/>\n<script type=\"application\/ld+json\" class=\"yoast-schema-graph\">{\"@context\":\"https:\/\/schema.org\",\"@graph\":[{\"@type\":\"WebPage\",\"@id\":\"https:\/\/xenonkungen.com\/produkt\/poppy-rgb-platta\/\",\"url\":\"https:\/\/xenonkungen.com\/produkt\/poppy-rgb-platta\/\",\"name\":\"Poppy RGB platta - Xenonkungen\",\"isPartOf\":{\"@id\":\"https:\/\/xenonkungen.com\/#website\"},\"primaryImageOfPage\":{\"@id\":\"https:\/\/xenonkungen.com\/produkt\/poppy-rgb-platta\/#primaryimage\"},\"image\":{\"@id\":\"https:\/\/xenonkungen.com\/produkt\/poppy-rgb-platta\/#primaryimage\"},\"thumbnailUrl\":\"https:\/\/xenonkungen.com\/wp-content\/uploads\/2025\/06\/162538721-origpic-48ff6a.jpg\",\"datePublished\":\"2025-06-23T13:52:15+00:00\",\"dateModified\":\"2026-04-07T09:15:03+00:00\",\"breadcrumb\":{\"@id\":\"https:\/\/xenonkungen.com\/produkt\/poppy-rgb-platta\/#breadcrumb\"},\"inLanguage\":\"da-DK\",\"potentialAction\":[{\"@type\":\"ReadAction\",\"target\":[\"https:\/\/xenonkungen.com\/produkt\/poppy-rgb-platta\/\"]}]},{\"@type\":\"ImageObject\",\"inLanguage\":\"da-DK\",\"@id\":\"https:\/\/xenonkungen.com\/produkt\/poppy-rgb-platta\/#primaryimage\",\"url\":\"https:\/\/xenonkungen.com\/wp-content\/uploads\/2025\/06\/162538721-origpic-48ff6a.jpg\",\"contentUrl\":\"https:\/\/xenonkungen.com\/wp-content\/uploads\/2025\/06\/162538721-origpic-48ff6a.jpg\",\"width\":1000,\"height\":763},{\"@type\":\"BreadcrumbList\",\"@id\":\"https:\/\/xenonkungen.com\/produkt\/poppy-rgb-platta\/#breadcrumb\",\"itemListElement\":[{\"@type\":\"ListItem\",\"position\":1,\"name\":\"Hem\",\"item\":\"https:\/\/xenonkungen.com\/\"},{\"@type\":\"ListItem\",\"position\":2,\"name\":\"Shop\",\"item\":\"https:\/\/xenonkungen.com\/shop\/\"},{\"@type\":\"ListItem\",\"position\":3,\"name\":\"Poppy RGB platta\"}]},{\"@type\":\"WebSite\",\"@id\":\"https:\/\/xenonkungen.com\/#website\",\"url\":\"https:\/\/xenonkungen.com\/\",\"name\":\"Xenonkungen\",\"description\":\"\",\"potentialAction\":[{\"@type\":\"SearchAction\",\"target\":{\"@type\":\"EntryPoint\",\"urlTemplate\":\"https:\/\/xenonkungen.com\/?s={search_term_string}\"},\"query-input\":{\"@type\":\"PropertyValueSpecification\",\"valueRequired\":true,\"valueName\":\"search_term_string\"}}],\"inLanguage\":\"da-DK\"}]}<\/script>\n<!-- \/ Yoast SEO plugin. -->","yoast_head_json":{"title":"Poppy RGB-plade - Xenonkungen","robots":{"index":"index","follow":"follow","max-snippet":"max-snippet:-1","max-image-preview":"max-image-preview:large","max-video-preview":"max-video-preview:-1"},"canonical":"https:\/\/xenonkungen.com\/dk\/vare\/valmue-rgb-plade\/","og_locale":"da_DK","og_type":"article","og_title":"Poppy RGB platta - Xenonkungen","og_description":"RGB-platta med USB eller Ciggkontakt En LED-platta f\u00f6r att st\u00e4lla sin Poppy p\u00e5 f\u00f6r att \u00f6ka atmosf\u00e4ren. 20 olika f\u00e4rger med justerbar ljusstyrka och l\u00e4ge(stobe, breathe, rainbow m.m) Kommer \u00e4ven ih\u00e5g dina senaste valda inst\u00e4llningar. Finns i 2 olika varianter. USB: Drivs via USB-uttag (5V) Ciggkontakt: Drivs via cigguttaget (12-24V) F\u00e4stes med en klisterplatta p\u00e5 [&hellip;]","og_url":"https:\/\/xenonkungen.com\/dk\/vare\/valmue-rgb-plade\/","og_site_name":"Xenonkungen","article_modified_time":"2026-04-07T09:15:03+00:00","og_image":[{"width":1000,"height":763,"url":"https:\/\/xenonkungen.com\/wp-content\/uploads\/2025\/06\/162538721-origpic-48ff6a.jpg","type":"image\/jpeg"}],"twitter_card":"summary_large_image","twitter_misc":{"Estimeret l\u00e6setid":"1 minut"},"schema":{"@context":"https:\/\/schema.org","@graph":[{"@type":"WebPage","@id":"https:\/\/xenonkungen.com\/produkt\/poppy-rgb-platta\/","url":"https:\/\/xenonkungen.com\/produkt\/poppy-rgb-platta\/","name":"Poppy RGB-plade - Xenonkungen","isPartOf":{"@id":"https:\/\/xenonkungen.com\/#website"},"primaryImageOfPage":{"@id":"https:\/\/xenonkungen.com\/produkt\/poppy-rgb-platta\/#primaryimage"},"image":{"@id":"https:\/\/xenonkungen.com\/produkt\/poppy-rgb-platta\/#primaryimage"},"thumbnailUrl":"https:\/\/xenonkungen.com\/wp-content\/uploads\/2025\/06\/162538721-origpic-48ff6a.jpg","datePublished":"2025-06-23T13:52:15+00:00","dateModified":"2026-04-07T09:15:03+00:00","breadcrumb":{"@id":"https:\/\/xenonkungen.com\/produkt\/poppy-rgb-platta\/#breadcrumb"},"inLanguage":"da-DK","potentialAction":[{"@type":"ReadAction","target":["https:\/\/xenonkungen.com\/produkt\/poppy-rgb-platta\/"]}]},{"@type":"ImageObject","inLanguage":"da-DK","@id":"https:\/\/xenonkungen.com\/produkt\/poppy-rgb-platta\/#primaryimage","url":"https:\/\/xenonkungen.com\/wp-content\/uploads\/2025\/06\/162538721-origpic-48ff6a.jpg","contentUrl":"https:\/\/xenonkungen.com\/wp-content\/uploads\/2025\/06\/162538721-origpic-48ff6a.jpg","width":1000,"height":763},{"@type":"BreadcrumbList","@id":"https:\/\/xenonkungen.com\/produkt\/poppy-rgb-platta\/#breadcrumb","itemListElement":[{"@type":"ListItem","position":1,"name":"Hem","item":"https:\/\/xenonkungen.com\/"},{"@type":"ListItem","position":2,"name":"Shop","item":"https:\/\/xenonkungen.com\/shop\/"},{"@type":"ListItem","position":3,"name":"Poppy RGB platta"}]},{"@type":"WebSite","@id":"https:\/\/xenonkungen.com\/#website","url":"https:\/\/xenonkungen.com\/","name":"Xenonkungen","description":"","potentialAction":[{"@type":"SearchAction","target":{"@type":"EntryPoint","urlTemplate":"https:\/\/xenonkungen.com\/?s={search_term_string}"},"query-input":{"@type":"PropertyValueSpecification","valueRequired":true,"valueName":"search_term_string"}}],"inLanguage":"da-DK"}]}},"taxonomy_info":{"product_brand":[{"value":110,"label":"Poppy"}],"product_cat":[{"value":2447,"label":"Doft"},{"value":378,"label":"Bilv\u00e5rd"}]},"featured_image_src_large":["https:\/\/xenonkungen.com\/wp-content\/uploads\/2025\/06\/162538721-origpic-48ff6a.jpg",1000,763,false],"author_info":[],"comment_info":0,"_links":{"self":[{"href":"https:\/\/xenonkungen.com\/dk\/wp-json\/wp\/v2\/product\/11783","targetHints":{"allow":["GET"]}}],"collection":[{"href":"https:\/\/xenonkungen.com\/dk\/wp-json\/wp\/v2\/product"}],"about":[{"href":"https:\/\/xenonkungen.com\/dk\/wp-json\/wp\/v2\/types\/product"}],"replies":[{"embeddable":true,"href":"https:\/\/xenonkungen.com\/dk\/wp-json\/wp\/v2\/comments?post=11783"}],"wp:featuredmedia":[{"embeddable":true,"href":"https:\/\/xenonkungen.com\/dk\/wp-json\/wp\/v2\/media\/11192"}],"wp:attachment":[{"href":"https:\/\/xenonkungen.com\/dk\/wp-json\/wp\/v2\/media?parent=11783"}],"wp:term":[{"taxonomy":"anvandningsomrade","embeddable":true,"href":"https:\/\/xenonkungen.com\/dk\/wp-json\/wp\/v2\/anvandningsomrade?post=11783"},{"taxonomy":"bilmarken","embeddable":true,"href":"https:\/\/xenonkungen.com\/dk\/wp-json\/wp\/v2\/bilmarken?post=11783"},{"taxonomy":"product_brand","embeddable":true,"href":"https:\/\/xenonkungen.com\/dk\/wp-json\/wp\/v2\/product_brand?post=11783"},{"taxonomy":"product_cat","embeddable":true,"href":"https:\/\/xenonkungen.com\/dk\/wp-json\/wp\/v2\/product_cat?post=11783"},{"taxonomy":"product_tag","embeddable":true,"href":"https:\/\/xenonkungen.com\/dk\/wp-json\/wp\/v2\/product_tag?post=11783"}],"curies":[{"name":"wp","href":"https:\/\/api.w.org\/{rel}","templated":true}]}}