{"id":11804,"date":"2025-06-23T13:52:22","date_gmt":"2025-06-23T13:52:22","guid":{"rendered":"https:\/\/xenonkungen.com\/produkt\/luxtar-ledramp-x10-black-edition-100w\/"},"modified":"2026-05-12T14:27:16","modified_gmt":"2026-05-12T13:27:16","slug":"luxtar-led-rampe-x10-sort-udgave-100w","status":"publish","type":"product","link":"https:\/\/xenonkungen.com\/dk\/vare\/luxtar-led-rampe-x10-sort-udgave-100w\/","title":{"rendered":"LUXTAR\u00ae Ledramp X10 Black Edition 100W <31cm>"},"content":{"rendered":"<h2><strong>Luxtar\u00ae LED-rampe X10 Sort udgave<\/strong><\/h2>\n<p>Luxtar X-serien er designet med sidemonterede LED-lys. Dette skaber et unikt udseende, der forbedrer ydeevnen. Black Edition tilbyder et diskret design.<\/p>\n<p>Luxtar X10 Black Edition er ideel til dem, der \u00f8nsker det bedste fra begge verdener: stil og ydeevne. Luxtar X10 er med sin st\u00f8rrelse ogs\u00e5 perfekt til montering i bilens grill.<\/p>\n<p><strong>Teoretiske v\u00e6rdier af LED-rampe <\/strong><br \/>\n100W og 6.160 lumen<\/p>\n<p>Luxtar Led ramp X10 har en teoretisk v\u00e6rdi p\u00e5 100 W og 6.160 lumen. N\u00e5r du sammenligner andre muligheder p\u00e5 markedet, b\u00f8r du huske p\u00e5 disse faktorer.<\/p>\n<p><strong>Faktiske v\u00e6rdier for LED-rampe <\/strong><br \/>\n74,4 W og 5.010 lumen<\/p>\n<p>Hvis man sammenligner den faktiske effektv\u00e6rdi p\u00e5 74,4 watt og 5010 lumen, kan det sammenlignes med n\u00e6sten 5 halogenp\u00e6rer, der med 55W har en lysv\u00e6rdi p\u00e5 cirka 1.000 lumen (+-200 lm).<\/p>\n<p><strong>St\u00f8rrelse<\/strong><br \/>\n31 cm<\/p>\n<p><strong>Volt<\/strong><br \/>\n10-32<\/p>\n<p><strong>Anvendelsesomr\u00e5der<\/strong><br \/>\nPersonbil | Erhvervsk\u00f8ret\u00f8j | Varevogn | Lastbil | Pickup<\/p>\n<p><strong>Valg af reflektor\/lysm\u00f8nster p\u00e5 LED Ramp<\/strong><br \/>\nSpot og k\u00f8rsel<\/p>\n<p>Spot: Optimeret til maksimal r\u00e6kkevidde, smalt lysm\u00f8nster<\/p>\n<p>K\u00f8rsel: Optimeret til bredt lysm\u00f8nster med reduceret r\u00e6kkevidde<\/p>","protected":false},"excerpt":{"rendered":"<p><i>Luxtar\u00ae X10 Black Edition har en lysintensitet p\u00e5 5010 lumen og er 31 cm lang. Lysstyrken kan sammenlignes med n\u00e6sten 5 halogenp\u00e6rer p\u00e5 55w | 1.000 lumen (+-200 lm). <\/i><\/p>","protected":false},"featured_media":11236,"comment_status":"closed","ping_status":"closed","template":"","meta":{"_acf_changed":false,"_smort_price_nok":"1175","_smort_price_dkk":"920","_smort_price_eur":"123.27","_smort_sale_price_nok":"","_smort_sale_price_dkk":"","_smort_sale_price_eur":"","smort_restorder":"","shipmondo_restorder":"","_kad_blocks_custom_css":"","_kad_blocks_head_custom_js":"","_kad_blocks_body_custom_js":"","_kad_blocks_footer_custom_js":"","smort_custom_pricelist_1":null,"smort_custom_pricelist_2":null,"smort_custom_pricelist_3":null,"smort_custom_pricelist_4":null,"smort_custom_pricelist_5":null},"anvandningsomrade":[],"bilmarken":[],"product_brand":[103],"product_cat":[3076,2966,2539,2826,2541,2849,2160,1402],"product_tag":[],"class_list":{"0":"post-11804","1":"product","2":"type-product","3":"status-publish","4":"has-post-thumbnail","6":"product_brand-luxtar","7":"product_cat-rekommendationer","8":"product_cat-ledramp-rak","9":"product_cat-ledramper","10":"product_cat-luxtar","11":"product_cat-luxtar-x-serie-black-ledramper","12":"product_cat-malvin","13":"product_cat-luxtar-x-serie-black","14":"product_cat-outlet","15":"pa_faktisk-effekts-forbrukning-2356","16":"pa_fuktskydd-varde-ipxx-ip68","17":"pa_godkannande-ce-emc-rohs","18":"pa_lampsockel-kontakt-dt","19":"pa_led-chips-effekt-w-1433","20":"pa_ljusbild-driving","21":"pa_ljusbild-spot","22":"pa_storlek-mm-310x63x85","23":"pa_stromforbrukning-31a-24v","24":"pa_stromforbrukning-54a-137v","25":"pa_volt-v-multivolt-9-12-14-18-24-28-32","27":"first","28":"instock","29":"taxable","30":"shipping-taxable","31":"purchasable","32":"product-type-variable"},"bundled_by":[],"bundle_stock_status":"instock","bundle_stock_quantity":null,"bundle_virtual":false,"bundle_layout":"","bundle_add_to_cart_form_location":"","bundle_editable_in_cart":false,"bundle_sold_individually_context":"","bundle_item_grouping":"","bundle_min_size":"","bundle_max_size":"","bundle_price":[],"bundled_items":[],"bundle_sell_ids":[],"acf":[],"yoast_head":"<!-- This site is optimized with the Yoast SEO plugin v27.0 - https:\/\/yoast.com\/product\/yoast-seo-wordpress\/ -->\n<title>LUXTAR\u00ae Ledramp X10 Black Edition 100W  - Xenonkungen<\/title>\n<meta name=\"robots\" content=\"index, follow, max-snippet:-1, max-image-preview:large, max-video-preview:-1\" \/>\n<link rel=\"canonical\" href=\"https:\/\/xenonkungen.com\/dk\/vare\/luxtar-led-rampe-x10-sort-udgave-100w\/\" \/>\n<meta property=\"og:locale\" content=\"da_DK\" \/>\n<meta property=\"og:type\" content=\"article\" \/>\n<meta property=\"og:title\" content=\"LUXTAR\u00ae Ledramp X10 Black Edition 100W  - Xenonkungen\" \/>\n<meta property=\"og:description\" content=\"Luxtar\u00ae X10 Black Edition har en ljusintensitet p\u00e5 5010 lumen och \u00e4r 31 cm l\u00e5ng. Ljusstyrkan kan j\u00e4mf\u00f6ras med n\u00e4rmare 5 halogen p\u00e5 55w | 1 000 Lumen (+-200 lm).\" \/>\n<meta property=\"og:url\" content=\"https:\/\/xenonkungen.com\/dk\/vare\/luxtar-led-rampe-x10-sort-udgave-100w\/\" \/>\n<meta property=\"og:site_name\" content=\"Xenonkungen\" \/>\n<meta property=\"article:modified_time\" content=\"2026-05-12T13:27:16+00:00\" \/>\n<meta property=\"og:image\" content=\"https:\/\/xenonkungen.com\/wp-content\/uploads\/2025\/06\/184973435-origpic-0ccf49.png\" \/>\n\t<meta property=\"og:image:width\" content=\"1000\" \/>\n\t<meta property=\"og:image:height\" content=\"1000\" \/>\n\t<meta property=\"og:image:type\" content=\"image\/png\" \/>\n<meta name=\"twitter:card\" content=\"summary_large_image\" \/>\n<meta name=\"twitter:label1\" content=\"Estimeret l\u00e6setid\" \/>\n\t<meta name=\"twitter:data1\" content=\"2 minutter\" \/>\n<script type=\"application\/ld+json\" class=\"yoast-schema-graph\">{\"@context\":\"https:\/\/schema.org\",\"@graph\":[{\"@type\":\"WebPage\",\"@id\":\"https:\/\/xenonkungen.com\/produkt\/luxtar-ledramp-x10-black-edition-100w\/\",\"url\":\"https:\/\/xenonkungen.com\/produkt\/luxtar-ledramp-x10-black-edition-100w\/\",\"name\":\"LUXTAR\u00ae Ledramp X10 Black Edition 100W - Xenonkungen\",\"isPartOf\":{\"@id\":\"https:\/\/xenonkungen.com\/#website\"},\"primaryImageOfPage\":{\"@id\":\"https:\/\/xenonkungen.com\/produkt\/luxtar-ledramp-x10-black-edition-100w\/#primaryimage\"},\"image\":{\"@id\":\"https:\/\/xenonkungen.com\/produkt\/luxtar-ledramp-x10-black-edition-100w\/#primaryimage\"},\"thumbnailUrl\":\"https:\/\/xenonkungen.com\/wp-content\/uploads\/2025\/06\/184973435-origpic-0ccf49.png\",\"datePublished\":\"2025-06-23T13:52:22+00:00\",\"dateModified\":\"2026-05-12T13:27:16+00:00\",\"breadcrumb\":{\"@id\":\"https:\/\/xenonkungen.com\/produkt\/luxtar-ledramp-x10-black-edition-100w\/#breadcrumb\"},\"inLanguage\":\"da-DK\",\"potentialAction\":[{\"@type\":\"ReadAction\",\"target\":[\"https:\/\/xenonkungen.com\/produkt\/luxtar-ledramp-x10-black-edition-100w\/\"]}]},{\"@type\":\"ImageObject\",\"inLanguage\":\"da-DK\",\"@id\":\"https:\/\/xenonkungen.com\/produkt\/luxtar-ledramp-x10-black-edition-100w\/#primaryimage\",\"url\":\"https:\/\/xenonkungen.com\/wp-content\/uploads\/2025\/06\/184973435-origpic-0ccf49.png\",\"contentUrl\":\"https:\/\/xenonkungen.com\/wp-content\/uploads\/2025\/06\/184973435-origpic-0ccf49.png\",\"width\":1000,\"height\":1000},{\"@type\":\"BreadcrumbList\",\"@id\":\"https:\/\/xenonkungen.com\/produkt\/luxtar-ledramp-x10-black-edition-100w\/#breadcrumb\",\"itemListElement\":[{\"@type\":\"ListItem\",\"position\":1,\"name\":\"Hem\",\"item\":\"https:\/\/xenonkungen.com\/\"},{\"@type\":\"ListItem\",\"position\":2,\"name\":\"Shop\",\"item\":\"https:\/\/xenonkungen.com\/shop\/\"},{\"@type\":\"ListItem\",\"position\":3,\"name\":\"LUXTAR\u00ae Ledramp X10 Black Edition 100W\"}]},{\"@type\":\"WebSite\",\"@id\":\"https:\/\/xenonkungen.com\/#website\",\"url\":\"https:\/\/xenonkungen.com\/\",\"name\":\"Xenonkungen\",\"description\":\"\",\"potentialAction\":[{\"@type\":\"SearchAction\",\"target\":{\"@type\":\"EntryPoint\",\"urlTemplate\":\"https:\/\/xenonkungen.com\/?s={search_term_string}\"},\"query-input\":{\"@type\":\"PropertyValueSpecification\",\"valueRequired\":true,\"valueName\":\"search_term_string\"}}],\"inLanguage\":\"da-DK\"}]}<\/script>\n<!-- \/ Yoast SEO plugin. -->","yoast_head_json":{"title":"LUXTAR\u00ae LED rampe X10 Black Edition 100W - Xenon-kongen","robots":{"index":"index","follow":"follow","max-snippet":"max-snippet:-1","max-image-preview":"max-image-preview:large","max-video-preview":"max-video-preview:-1"},"canonical":"https:\/\/xenonkungen.com\/dk\/vare\/luxtar-led-rampe-x10-sort-udgave-100w\/","og_locale":"da_DK","og_type":"article","og_title":"LUXTAR\u00ae Ledramp X10 Black Edition 100W  - Xenonkungen","og_description":"Luxtar\u00ae X10 Black Edition har en ljusintensitet p\u00e5 5010 lumen och \u00e4r 31 cm l\u00e5ng. Ljusstyrkan kan j\u00e4mf\u00f6ras med n\u00e4rmare 5 halogen p\u00e5 55w | 1 000 Lumen (+-200 lm).","og_url":"https:\/\/xenonkungen.com\/dk\/vare\/luxtar-led-rampe-x10-sort-udgave-100w\/","og_site_name":"Xenonkungen","article_modified_time":"2026-05-12T13:27:16+00:00","og_image":[{"width":1000,"height":1000,"url":"https:\/\/xenonkungen.com\/wp-content\/uploads\/2025\/06\/184973435-origpic-0ccf49.png","type":"image\/png"}],"twitter_card":"summary_large_image","twitter_misc":{"Estimeret l\u00e6setid":"2 minutter"},"schema":{"@context":"https:\/\/schema.org","@graph":[{"@type":"WebPage","@id":"https:\/\/xenonkungen.com\/produkt\/luxtar-ledramp-x10-black-edition-100w\/","url":"https:\/\/xenonkungen.com\/produkt\/luxtar-ledramp-x10-black-edition-100w\/","name":"LUXTAR\u00ae LED rampe X10 Black Edition 100W - Xenon-kongen","isPartOf":{"@id":"https:\/\/xenonkungen.com\/#website"},"primaryImageOfPage":{"@id":"https:\/\/xenonkungen.com\/produkt\/luxtar-ledramp-x10-black-edition-100w\/#primaryimage"},"image":{"@id":"https:\/\/xenonkungen.com\/produkt\/luxtar-ledramp-x10-black-edition-100w\/#primaryimage"},"thumbnailUrl":"https:\/\/xenonkungen.com\/wp-content\/uploads\/2025\/06\/184973435-origpic-0ccf49.png","datePublished":"2025-06-23T13:52:22+00:00","dateModified":"2026-05-12T13:27:16+00:00","breadcrumb":{"@id":"https:\/\/xenonkungen.com\/produkt\/luxtar-ledramp-x10-black-edition-100w\/#breadcrumb"},"inLanguage":"da-DK","potentialAction":[{"@type":"ReadAction","target":["https:\/\/xenonkungen.com\/produkt\/luxtar-ledramp-x10-black-edition-100w\/"]}]},{"@type":"ImageObject","inLanguage":"da-DK","@id":"https:\/\/xenonkungen.com\/produkt\/luxtar-ledramp-x10-black-edition-100w\/#primaryimage","url":"https:\/\/xenonkungen.com\/wp-content\/uploads\/2025\/06\/184973435-origpic-0ccf49.png","contentUrl":"https:\/\/xenonkungen.com\/wp-content\/uploads\/2025\/06\/184973435-origpic-0ccf49.png","width":1000,"height":1000},{"@type":"BreadcrumbList","@id":"https:\/\/xenonkungen.com\/produkt\/luxtar-ledramp-x10-black-edition-100w\/#breadcrumb","itemListElement":[{"@type":"ListItem","position":1,"name":"Hem","item":"https:\/\/xenonkungen.com\/"},{"@type":"ListItem","position":2,"name":"Shop","item":"https:\/\/xenonkungen.com\/shop\/"},{"@type":"ListItem","position":3,"name":"LUXTAR\u00ae Ledramp X10 Black Edition 100W"}]},{"@type":"WebSite","@id":"https:\/\/xenonkungen.com\/#website","url":"https:\/\/xenonkungen.com\/","name":"Xenonkungen","description":"","potentialAction":[{"@type":"SearchAction","target":{"@type":"EntryPoint","urlTemplate":"https:\/\/xenonkungen.com\/?s={search_term_string}"},"query-input":{"@type":"PropertyValueSpecification","valueRequired":true,"valueName":"search_term_string"}}],"inLanguage":"da-DK"}]}},"taxonomy_info":{"product_brand":[{"value":103,"label":"LUXTAR"}],"product_cat":[{"value":3076,"label":"Rekommendationer"},{"value":2966,"label":"Ledramp Rak"},{"value":2539,"label":"LEDRAMPER"},{"value":2826,"label":"LUXTAR"},{"value":2541,"label":"Luxtar X-Serie Black"},{"value":2849,"label":"Malvins VW Golf"},{"value":2160,"label":"LUXTAR X-serie B"},{"value":1402,"label":"Outlet"}],"pa_faktisk-effekts-forbrukning":[{"value":2356,"label":"74,4"}],"pa_fuktskydd-varde-ipxx":[{"value":177,"label":"IP68"}],"pa_godkannande":[{"value":325,"label":"CE, EMC, RoHS"}],"pa_lampsockel-kontakt":[{"value":329,"label":"DT"}],"pa_led-chips-effekt-w":[{"value":1433,"label":"100"}],"pa_ljusbild":[{"value":178,"label":"Driving"},{"value":1177,"label":"Spot"}],"pa_storlek-mm":[{"value":2434,"label":"310x63x85"}],"pa_stromforbrukning":[{"value":313,"label":"3,1A @24V"},{"value":2357,"label":"5,4A @13,7V"}],"pa_volt-v":[{"value":321,"label":"Multivolt, 9, 12, 14, 18, 24, 28, 32"}]},"featured_image_src_large":["https:\/\/xenonkungen.com\/wp-content\/uploads\/2025\/06\/184973435-origpic-0ccf49.png",1000,1000,false],"author_info":[],"comment_info":0,"_links":{"self":[{"href":"https:\/\/xenonkungen.com\/dk\/wp-json\/wp\/v2\/product\/11804","targetHints":{"allow":["GET"]}}],"collection":[{"href":"https:\/\/xenonkungen.com\/dk\/wp-json\/wp\/v2\/product"}],"about":[{"href":"https:\/\/xenonkungen.com\/dk\/wp-json\/wp\/v2\/types\/product"}],"replies":[{"embeddable":true,"href":"https:\/\/xenonkungen.com\/dk\/wp-json\/wp\/v2\/comments?post=11804"}],"wp:featuredmedia":[{"embeddable":true,"href":"https:\/\/xenonkungen.com\/dk\/wp-json\/wp\/v2\/media\/11236"}],"wp:attachment":[{"href":"https:\/\/xenonkungen.com\/dk\/wp-json\/wp\/v2\/media?parent=11804"}],"wp:term":[{"taxonomy":"anvandningsomrade","embeddable":true,"href":"https:\/\/xenonkungen.com\/dk\/wp-json\/wp\/v2\/anvandningsomrade?post=11804"},{"taxonomy":"bilmarken","embeddable":true,"href":"https:\/\/xenonkungen.com\/dk\/wp-json\/wp\/v2\/bilmarken?post=11804"},{"taxonomy":"product_brand","embeddable":true,"href":"https:\/\/xenonkungen.com\/dk\/wp-json\/wp\/v2\/product_brand?post=11804"},{"taxonomy":"product_cat","embeddable":true,"href":"https:\/\/xenonkungen.com\/dk\/wp-json\/wp\/v2\/product_cat?post=11804"},{"taxonomy":"product_tag","embeddable":true,"href":"https:\/\/xenonkungen.com\/dk\/wp-json\/wp\/v2\/product_tag?post=11804"}],"curies":[{"name":"wp","href":"https:\/\/api.w.org\/{rel}","templated":true}]}}