{"id":11825,"date":"2025-06-23T13:52:30","date_gmt":"2025-06-23T13:52:30","guid":{"rendered":"https:\/\/xenonkungen.com\/produkt\/luxtar-ledramp-x34-black-edition-340w\/"},"modified":"2026-04-10T23:50:36","modified_gmt":"2026-04-10T22:50:36","slug":"luxtar-led-rampe-x34-sort-udgave-340w","status":"publish","type":"product","link":"https:\/\/xenonkungen.com\/dk\/vare\/luxtar-led-rampe-x34-sort-udgave-340w\/","title":{"rendered":"LUXTAR\u00ae Ledramp X34 Black Edition 340W <93cm>"},"content":{"rendered":"<h2><strong>Luxtar X34 Sort Udgave<\/strong><\/h2>\n<p>Luxtar X-seriens LED-lygter har sidemonterede LED-lys for forbedret synlighed. Black Edition tilbyder en diskret profil for forbedret \u00e6stetik.<\/p>\n<p>Luxtar X34 Black Edition leverer hele 14.230 lumen og kan bestilles i to forskellige versioner, Spot og Driving.<\/p>\n<p><strong>Teoretiske v\u00e6rdier for LED-rampe<\/strong><br \/>\n340W og 19.250 lumen<\/p>\n<p>Luxtar LED-baren X 34 Black Edition har en teoretisk v\u00e6rdi p\u00e5 340 W og 19.250 lumen. Disse v\u00e6rdier er angivet, n\u00e5r du ser andre muligheder p\u00e5 markedet, og afviger fra de faktiske v\u00e6rdier.<\/p>\n<p><strong>Faktiske v\u00e6rdier for LED-rampe<\/strong><br \/>\n250,8 W og 17.036 lumen<\/p>\n<p>Den faktiske effekt er 250,8 watt og 17.036 lumen, hvilket svarer til mere end 14 gange det lys, som en halogenp\u00e6re p\u00e5 55 W (1000 lumen +-200 lm) udsender.<\/p>\n<p><strong>St\u00f8rrelse<\/strong><br \/>\n93 cm<\/p>\n<p><strong>Volt<\/strong><br \/>\n10-32<\/p>\n<p><strong>Valg af reflektor\/lysm\u00f8nster p\u00e5 LED Ramp<\/strong><br \/>\nSpot og k\u00f8rsel<\/p>\n<p>Spot: Optimeret til maksimal r\u00e6kkevidde, smalt lysm\u00f8nster<br \/>\nK\u00f8rsel: Optimeret til bredt lysm\u00f8nster med reduceret r\u00e6kkevidde<\/p>\n<p>Luxtar\u00ae X34 LED-rampe Black Edition mangler E-m\u00e6rkning, fordi den lyser langt over gr\u00e6nsen for godkendte lamper (se alternativer til LED-ramper med E-m\u00e6rkning nedenfor).<\/p>\n<p><strong>Anvendelsesomr\u00e5der <\/strong><br \/>\nLastbil | Personbil | Transporter | Pickup<\/p>","protected":false},"excerpt":{"rendered":"<p>&lt;tommer<\/p>\n<p>Luxtar X34 LED-p\u00e6rer giver mere end 14 gange s\u00e5 meget lys som en 55 watt halogenp\u00e6re.<\/p>","protected":false},"featured_media":11291,"comment_status":"closed","ping_status":"closed","template":"","meta":{"_acf_changed":false,"_smort_price_nok":"3405","_smort_price_dkk":"3322","_smort_price_eur":"444.98","_smort_sale_price_nok":"","_smort_sale_price_dkk":"","_smort_sale_price_eur":"","smort_restorder":"","shipmondo_restorder":"","_kad_blocks_custom_css":"","_kad_blocks_head_custom_js":"","_kad_blocks_body_custom_js":"","_kad_blocks_footer_custom_js":"","smort_custom_pricelist_1":null,"smort_custom_pricelist_2":null,"smort_custom_pricelist_3":null,"smort_custom_pricelist_4":null,"smort_custom_pricelist_5":null},"anvandningsomrade":[],"bilmarken":[],"product_brand":[103],"product_cat":[2966,2539,2826,2822,2824,2541,2160,1402],"product_tag":[],"class_list":{"0":"post-11825","1":"product","2":"type-product","3":"status-publish","4":"has-post-thumbnail","6":"product_brand-luxtar","7":"product_cat-ledramp-rak","8":"product_cat-ledramper","9":"product_cat-luxtar","10":"product_cat-luxtar-arbetsljus","11":"product_cat-luxtar-ledramper","12":"product_cat-luxtar-x-serie-black-ledramper","13":"product_cat-luxtar-x-serie-black","14":"product_cat-outlet","15":"pa_faktisk-effekts-forbrukning-2203","16":"pa_fuktskydd-varde-ipxx-ip68","17":"pa_godkannande-ce-emc-rohs","18":"pa_lampsockel-kontakt-hb4-9006","19":"pa_led-chips-effekt-w-2202","20":"pa_ljusbild-driving","21":"pa_ljusbild-spot","22":"pa_storlek-mm-934x63x85","23":"pa_stromforbrukning-105a-24v","24":"pa_stromforbrukning-209a-137v","25":"pa_volt-v-multivolt-9-12-14-18-24-28-32","27":"first","28":"instock","29":"sale","30":"taxable","31":"shipping-taxable","32":"purchasable","33":"product-type-variable"},"bundled_by":[],"bundle_stock_status":"instock","bundle_stock_quantity":null,"bundle_virtual":false,"bundle_layout":"","bundle_add_to_cart_form_location":"","bundle_editable_in_cart":false,"bundle_sold_individually_context":"","bundle_item_grouping":"","bundle_min_size":"","bundle_max_size":"","bundle_price":[],"bundled_items":[],"bundle_sell_ids":[],"acf":[],"yoast_head":"<!-- This site is optimized with the Yoast SEO plugin v27.0 - https:\/\/yoast.com\/product\/yoast-seo-wordpress\/ -->\n<title>LUXTAR\u00ae Ledramp X34 Black Edition 340W  - Xenonkungen<\/title>\n<meta name=\"robots\" content=\"index, follow, max-snippet:-1, max-image-preview:large, max-video-preview:-1\" \/>\n<link rel=\"canonical\" href=\"https:\/\/xenonkungen.com\/dk\/vare\/luxtar-led-rampe-x34-sort-udgave-340w\/\" \/>\n<meta property=\"og:locale\" content=\"da_DK\" \/>\n<meta property=\"og:type\" content=\"article\" \/>\n<meta property=\"og:title\" content=\"LUXTAR\u00ae Ledramp X34 Black Edition 340W  - Xenonkungen\" \/>\n<meta property=\"og:description\" content=\"&lt;i  Luxtar X34 Ledramper erbjuder mer \u00e4n 14 g\u00e5nger s\u00e5 mycket ljus som en 55watt halogen.\" \/>\n<meta property=\"og:url\" content=\"https:\/\/xenonkungen.com\/dk\/vare\/luxtar-led-rampe-x34-sort-udgave-340w\/\" \/>\n<meta property=\"og:site_name\" content=\"Xenonkungen\" \/>\n<meta property=\"article:modified_time\" content=\"2026-04-10T22:50:36+00:00\" \/>\n<meta property=\"og:image\" content=\"https:\/\/xenonkungen.com\/wp-content\/uploads\/2025\/06\/184971247-origpic-408b99.png\" \/>\n\t<meta property=\"og:image:width\" content=\"1000\" \/>\n\t<meta property=\"og:image:height\" content=\"718\" \/>\n\t<meta property=\"og:image:type\" content=\"image\/png\" \/>\n<meta name=\"twitter:card\" content=\"summary_large_image\" \/>\n<meta name=\"twitter:label1\" content=\"Estimeret l\u00e6setid\" \/>\n\t<meta name=\"twitter:data1\" content=\"1 minut\" \/>\n<script type=\"application\/ld+json\" class=\"yoast-schema-graph\">{\"@context\":\"https:\/\/schema.org\",\"@graph\":[{\"@type\":\"WebPage\",\"@id\":\"https:\/\/xenonkungen.com\/produkt\/luxtar-ledramp-x34-black-edition-340w\/\",\"url\":\"https:\/\/xenonkungen.com\/produkt\/luxtar-ledramp-x34-black-edition-340w\/\",\"name\":\"LUXTAR\u00ae Ledramp X34 Black Edition 340W - Xenonkungen\",\"isPartOf\":{\"@id\":\"https:\/\/xenonkungen.com\/#website\"},\"primaryImageOfPage\":{\"@id\":\"https:\/\/xenonkungen.com\/produkt\/luxtar-ledramp-x34-black-edition-340w\/#primaryimage\"},\"image\":{\"@id\":\"https:\/\/xenonkungen.com\/produkt\/luxtar-ledramp-x34-black-edition-340w\/#primaryimage\"},\"thumbnailUrl\":\"https:\/\/xenonkungen.com\/wp-content\/uploads\/2025\/06\/184971247-origpic-408b99.png\",\"datePublished\":\"2025-06-23T13:52:30+00:00\",\"dateModified\":\"2026-04-10T22:50:36+00:00\",\"breadcrumb\":{\"@id\":\"https:\/\/xenonkungen.com\/produkt\/luxtar-ledramp-x34-black-edition-340w\/#breadcrumb\"},\"inLanguage\":\"da-DK\",\"potentialAction\":[{\"@type\":\"ReadAction\",\"target\":[\"https:\/\/xenonkungen.com\/produkt\/luxtar-ledramp-x34-black-edition-340w\/\"]}]},{\"@type\":\"ImageObject\",\"inLanguage\":\"da-DK\",\"@id\":\"https:\/\/xenonkungen.com\/produkt\/luxtar-ledramp-x34-black-edition-340w\/#primaryimage\",\"url\":\"https:\/\/xenonkungen.com\/wp-content\/uploads\/2025\/06\/184971247-origpic-408b99.png\",\"contentUrl\":\"https:\/\/xenonkungen.com\/wp-content\/uploads\/2025\/06\/184971247-origpic-408b99.png\",\"width\":1000,\"height\":718},{\"@type\":\"BreadcrumbList\",\"@id\":\"https:\/\/xenonkungen.com\/produkt\/luxtar-ledramp-x34-black-edition-340w\/#breadcrumb\",\"itemListElement\":[{\"@type\":\"ListItem\",\"position\":1,\"name\":\"Hem\",\"item\":\"https:\/\/xenonkungen.com\/\"},{\"@type\":\"ListItem\",\"position\":2,\"name\":\"Shop\",\"item\":\"https:\/\/xenonkungen.com\/shop\/\"},{\"@type\":\"ListItem\",\"position\":3,\"name\":\"LUXTAR\u00ae Ledramp X34 Black Edition 340W\"}]},{\"@type\":\"WebSite\",\"@id\":\"https:\/\/xenonkungen.com\/#website\",\"url\":\"https:\/\/xenonkungen.com\/\",\"name\":\"Xenonkungen\",\"description\":\"\",\"potentialAction\":[{\"@type\":\"SearchAction\",\"target\":{\"@type\":\"EntryPoint\",\"urlTemplate\":\"https:\/\/xenonkungen.com\/?s={search_term_string}\"},\"query-input\":{\"@type\":\"PropertyValueSpecification\",\"valueRequired\":true,\"valueName\":\"search_term_string\"}}],\"inLanguage\":\"da-DK\"}]}<\/script>\n<!-- \/ Yoast SEO plugin. -->","yoast_head_json":{"title":"LUXTAR\u00ae LED-rampe X34 Black Edition 340W - Xenon-kongen","robots":{"index":"index","follow":"follow","max-snippet":"max-snippet:-1","max-image-preview":"max-image-preview:large","max-video-preview":"max-video-preview:-1"},"canonical":"https:\/\/xenonkungen.com\/dk\/vare\/luxtar-led-rampe-x34-sort-udgave-340w\/","og_locale":"da_DK","og_type":"article","og_title":"LUXTAR\u00ae Ledramp X34 Black Edition 340W  - Xenonkungen","og_description":"&lt;i  Luxtar X34 Ledramper erbjuder mer \u00e4n 14 g\u00e5nger s\u00e5 mycket ljus som en 55watt halogen.","og_url":"https:\/\/xenonkungen.com\/dk\/vare\/luxtar-led-rampe-x34-sort-udgave-340w\/","og_site_name":"Xenonkungen","article_modified_time":"2026-04-10T22:50:36+00:00","og_image":[{"width":1000,"height":718,"url":"https:\/\/xenonkungen.com\/wp-content\/uploads\/2025\/06\/184971247-origpic-408b99.png","type":"image\/png"}],"twitter_card":"summary_large_image","twitter_misc":{"Estimeret l\u00e6setid":"1 minut"},"schema":{"@context":"https:\/\/schema.org","@graph":[{"@type":"WebPage","@id":"https:\/\/xenonkungen.com\/produkt\/luxtar-ledramp-x34-black-edition-340w\/","url":"https:\/\/xenonkungen.com\/produkt\/luxtar-ledramp-x34-black-edition-340w\/","name":"LUXTAR\u00ae LED-rampe X34 Black Edition 340W - Xenon-kongen","isPartOf":{"@id":"https:\/\/xenonkungen.com\/#website"},"primaryImageOfPage":{"@id":"https:\/\/xenonkungen.com\/produkt\/luxtar-ledramp-x34-black-edition-340w\/#primaryimage"},"image":{"@id":"https:\/\/xenonkungen.com\/produkt\/luxtar-ledramp-x34-black-edition-340w\/#primaryimage"},"thumbnailUrl":"https:\/\/xenonkungen.com\/wp-content\/uploads\/2025\/06\/184971247-origpic-408b99.png","datePublished":"2025-06-23T13:52:30+00:00","dateModified":"2026-04-10T22:50:36+00:00","breadcrumb":{"@id":"https:\/\/xenonkungen.com\/produkt\/luxtar-ledramp-x34-black-edition-340w\/#breadcrumb"},"inLanguage":"da-DK","potentialAction":[{"@type":"ReadAction","target":["https:\/\/xenonkungen.com\/produkt\/luxtar-ledramp-x34-black-edition-340w\/"]}]},{"@type":"ImageObject","inLanguage":"da-DK","@id":"https:\/\/xenonkungen.com\/produkt\/luxtar-ledramp-x34-black-edition-340w\/#primaryimage","url":"https:\/\/xenonkungen.com\/wp-content\/uploads\/2025\/06\/184971247-origpic-408b99.png","contentUrl":"https:\/\/xenonkungen.com\/wp-content\/uploads\/2025\/06\/184971247-origpic-408b99.png","width":1000,"height":718},{"@type":"BreadcrumbList","@id":"https:\/\/xenonkungen.com\/produkt\/luxtar-ledramp-x34-black-edition-340w\/#breadcrumb","itemListElement":[{"@type":"ListItem","position":1,"name":"Hem","item":"https:\/\/xenonkungen.com\/"},{"@type":"ListItem","position":2,"name":"Shop","item":"https:\/\/xenonkungen.com\/shop\/"},{"@type":"ListItem","position":3,"name":"LUXTAR\u00ae Ledramp X34 Black Edition 340W"}]},{"@type":"WebSite","@id":"https:\/\/xenonkungen.com\/#website","url":"https:\/\/xenonkungen.com\/","name":"Xenonkungen","description":"","potentialAction":[{"@type":"SearchAction","target":{"@type":"EntryPoint","urlTemplate":"https:\/\/xenonkungen.com\/?s={search_term_string}"},"query-input":{"@type":"PropertyValueSpecification","valueRequired":true,"valueName":"search_term_string"}}],"inLanguage":"da-DK"}]}},"taxonomy_info":{"product_brand":[{"value":103,"label":"LUXTAR"}],"product_cat":[{"value":2966,"label":"Ledramp Rak"},{"value":2539,"label":"LEDRAMPER"},{"value":2826,"label":"LUXTAR"},{"value":2822,"label":"Luxtar - Arbetsljus"},{"value":2824,"label":"Luxtar - Ledramper"},{"value":2541,"label":"Luxtar X-Serie Black"},{"value":2160,"label":"LUXTAR X-serie Black"},{"value":1402,"label":"Outlet"}],"pa_faktisk-effekts-forbrukning":[{"value":2203,"label":"250,8"}],"pa_fuktskydd-varde-ipxx":[{"value":177,"label":"IP68"}],"pa_godkannande":[{"value":325,"label":"CE, EMC, RoHS"}],"pa_lampsockel-kontakt":[{"value":328,"label":"HB4 , 9006"}],"pa_led-chips-effekt-w":[{"value":2202,"label":"340"}],"pa_ljusbild":[{"value":178,"label":"Driving"},{"value":1177,"label":"Spot"}],"pa_storlek-mm":[{"value":2201,"label":"934x63x85"}],"pa_stromforbrukning":[{"value":2205,"label":"10,5A @24V"},{"value":2204,"label":"20,9A @13,7V"}],"pa_volt-v":[{"value":321,"label":"Multivolt, 9, 12, 14, 18, 24, 28, 32"}]},"featured_image_src_large":["https:\/\/xenonkungen.com\/wp-content\/uploads\/2025\/06\/184971247-origpic-408b99.png",1000,718,false],"author_info":[],"comment_info":0,"_links":{"self":[{"href":"https:\/\/xenonkungen.com\/dk\/wp-json\/wp\/v2\/product\/11825","targetHints":{"allow":["GET"]}}],"collection":[{"href":"https:\/\/xenonkungen.com\/dk\/wp-json\/wp\/v2\/product"}],"about":[{"href":"https:\/\/xenonkungen.com\/dk\/wp-json\/wp\/v2\/types\/product"}],"replies":[{"embeddable":true,"href":"https:\/\/xenonkungen.com\/dk\/wp-json\/wp\/v2\/comments?post=11825"}],"wp:featuredmedia":[{"embeddable":true,"href":"https:\/\/xenonkungen.com\/dk\/wp-json\/wp\/v2\/media\/11291"}],"wp:attachment":[{"href":"https:\/\/xenonkungen.com\/dk\/wp-json\/wp\/v2\/media?parent=11825"}],"wp:term":[{"taxonomy":"anvandningsomrade","embeddable":true,"href":"https:\/\/xenonkungen.com\/dk\/wp-json\/wp\/v2\/anvandningsomrade?post=11825"},{"taxonomy":"bilmarken","embeddable":true,"href":"https:\/\/xenonkungen.com\/dk\/wp-json\/wp\/v2\/bilmarken?post=11825"},{"taxonomy":"product_brand","embeddable":true,"href":"https:\/\/xenonkungen.com\/dk\/wp-json\/wp\/v2\/product_brand?post=11825"},{"taxonomy":"product_cat","embeddable":true,"href":"https:\/\/xenonkungen.com\/dk\/wp-json\/wp\/v2\/product_cat?post=11825"},{"taxonomy":"product_tag","embeddable":true,"href":"https:\/\/xenonkungen.com\/dk\/wp-json\/wp\/v2\/product_tag?post=11825"}],"curies":[{"name":"wp","href":"https:\/\/api.w.org\/{rel}","templated":true}]}}