{"id":11996,"date":"2025-08-25T14:14:12","date_gmt":"2025-08-25T14:14:12","guid":{"rendered":"https:\/\/xenonkungen.com\/?post_type=product&#038;p=11996"},"modified":"2026-04-24T17:38:10","modified_gmt":"2026-04-24T16:38:10","slug":"osram-natbryder-led-smart-h16","status":"publish","type":"product","link":"https:\/\/xenonkungen.com\/dk\/vare\/osram-natbryder-led-smart-h16\/","title":{"rendered":"OSRAM NIGHT BREAKER LED SMART | H16"},"content":{"rendered":"<section>\n<h2>OSRAM NIGHT BREAKER LED SMART - f\u00f8rsteklasses t\u00e5gelygter til gaden<\/h2>\n<p>Giv din bil en moderne opgradering med <strong>OSRAM NIGHT BREAKER LED SMART t\u00e5gelygte<\/strong> - en kombination af enest\u00e5ende lysstyrke, kompakt design og p\u00e5lidelig holdbarhed. Og det bedste af det hele? De er <strong>lovligt at bruge p\u00e5 offentlige veje<\/strong><sup>1<\/sup>.<\/p>\n<h4>Glat LED-opgradering - fuldt kompatibel<\/h4>\n<p>Nu kan du nemt udskifte traditionelle halogenlamper med avanceret LED-teknologi fra OSRAM - perfekt til t\u00e5gebelysning. NIGHT BREAKER LED SMART fungerer godt som et supplement til dine eksisterende LED- eller HID-projekt\u00f8rer fra OSRAM eller som en del af en komplet LED-konvertering.<\/p>\n<h4>Hvorfor bilentusiaster v\u00e6lger OSRAM NIGHT BREAKER LED SMART<\/h4>\n<ul>\n<li>Lovligt at bruge som t\u00e5gelygter p\u00e5 offentlige veje<sup>1<\/sup><\/li>\n<li>Giver et k\u00f8ligt hvidt, kraftigt lys med en farvetemperatur p\u00e5 op til 6000 Kelvin<\/li>\n<li>Bredere og klarere lysm\u00f8nster end traditionelle halogent\u00e5gelygter<\/li>\n<li>Perfekt match med andre OSRAM LED- eller HID-lamper<\/li>\n<li>Op til 80 procent lavere energiforbrug sammenlignet med halogen<\/li>\n<li>Op til 6 gange l\u00e6ngere levetid takket v\u00e6re vibrationsresistent konstruktion<\/li>\n<li>Testet til ekstreme forhold - IP54-certificeret beskyttelse mod st\u00f8v og vand<\/li>\n<\/ul>\n<p>OSRAM LED-teknologi s\u00e6tter en ny standard for innovation, ydeevne og holdbarhed. Med NIGHT BREAKER LED SMART t\u00e5gelygter f\u00e5r du et kraftigere lysudbytte, bedre synlighed i d\u00e5rligt vejr og et slankt, moderne look - uden at g\u00e5 p\u00e5 kompromis med sikkerheden.<\/p>\n<p>For ekstra ro i sindet tilbyder OSRAM en <strong>s\u00e6rlig garanti<\/strong><sup>3<\/sup> p\u00e5 alle NIGHT BREAKER LED-erstatningslamper.<\/p>\n<p><strong>Opgrader dine t\u00e5gelygter i dag - for bedre udsyn, lavere energiforbrug og en lovlig LED-l\u00f8sning, der virkelig imponerer.<\/strong><\/p>\n<h2><a href=\"https:\/\/look.ams-osram.com\/m\/279bdebe1f871386\/original\/led-night-breaker-h7-vehicle-list-en.pdf\" target=\"_blank\" rel=\"noopener\">Se kompatible bilmodeller her<\/a><\/h2>\n<\/section>","protected":false},"excerpt":{"rendered":"<p>OSRAM NIGHT BREAKER LED SMART \u2013 Gatulagliga dimljus i premiumklass Ge din bil en modern uppgradering med OSRAM NIGHT BREAKER LED SMART dimljus \u2013 en kombination av exceptionell ljusstyrka, kompakt design och p\u00e5litlig h\u00e5llbarhet. Och b\u00e4st av allt? De \u00e4r lagliga att anv\u00e4nda p\u00e5 allm\u00e4n v\u00e4g1. Smidig LED-uppgradering \u2013 helt enligt reglerna Nu kan du [&hellip;]<\/p>","protected":false},"featured_media":11997,"comment_status":"open","ping_status":"closed","template":"","meta":{"_acf_changed":false,"_smort_price_nok":"1917","_smort_price_dkk":"1218","_smort_price_eur":"163.17","_smort_sale_price_nok":"","_smort_sale_price_dkk":"","_smort_sale_price_eur":"","smort_restorder":"","shipmondo_restorder":"","_kad_blocks_custom_css":"","_kad_blocks_head_custom_js":"","_kad_blocks_body_custom_js":"","_kad_blocks_footer_custom_js":"","smort_custom_pricelist_1":"1148.8","smort_custom_pricelist_2":"1005.2","smort_custom_pricelist_3":"933.4","smort_custom_pricelist_4":"1436","smort_custom_pricelist_5":"1005.2"},"anvandningsomrade":[],"bilmarken":[],"product_brand":[108],"product_cat":[2451,2633,733],"product_tag":[],"class_list":{"0":"post-11996","1":"product","2":"type-product","3":"status-publish","4":"has-post-thumbnail","6":"product_brand-osram","7":"product_cat-led-konvertering","8":"product_cat-osram-ledriving-halvljus-helljus","9":"product_cat-halvljus-helljus","10":"pa_fargtemperatur-6000k","11":"pa_fuktskydd-varde-ipxx-ip54","12":"pa_lampsockel-kontakt-h16","13":"pa_volt-v-159","15":"first","16":"instock","17":"taxable","18":"shipping-taxable","19":"purchasable","20":"product-type-simple"},"bundled_by":[],"bundle_stock_status":"instock","bundle_stock_quantity":6,"bundle_virtual":false,"bundle_layout":"","bundle_add_to_cart_form_location":"","bundle_editable_in_cart":false,"bundle_sold_individually_context":"","bundle_item_grouping":"","bundle_min_size":"","bundle_max_size":"","bundle_price":[],"bundled_items":[],"bundle_sell_ids":[],"acf":[],"yoast_head":"<!-- This site is optimized with the Yoast SEO plugin v27.0 - https:\/\/yoast.com\/product\/yoast-seo-wordpress\/ -->\n<title>OSRAM NIGHT BREAKER LED SMART | H16 - Xenonkungen<\/title>\n<meta name=\"robots\" content=\"index, follow, max-snippet:-1, max-image-preview:large, max-video-preview:-1\" \/>\n<link rel=\"canonical\" href=\"https:\/\/xenonkungen.com\/dk\/vare\/osram-natbryder-led-smart-h16\/\" \/>\n<meta property=\"og:locale\" content=\"da_DK\" \/>\n<meta property=\"og:type\" content=\"article\" \/>\n<meta property=\"og:title\" content=\"OSRAM NIGHT BREAKER LED SMART | H16 - Xenonkungen\" \/>\n<meta property=\"og:description\" content=\"OSRAM NIGHT BREAKER LED SMART \u2013 Gatulagliga dimljus i premiumklass Ge din bil en modern uppgradering med OSRAM NIGHT BREAKER LED SMART dimljus \u2013 en kombination av exceptionell ljusstyrka, kompakt design och p\u00e5litlig h\u00e5llbarhet. Och b\u00e4st av allt? De \u00e4r lagliga att anv\u00e4nda p\u00e5 allm\u00e4n v\u00e4g1. Smidig LED-uppgradering \u2013 helt enligt reglerna Nu kan du [&hellip;]\" \/>\n<meta property=\"og:url\" content=\"https:\/\/xenonkungen.com\/dk\/vare\/osram-natbryder-led-smart-h16\/\" \/>\n<meta property=\"og:site_name\" content=\"Xenonkungen\" \/>\n<meta property=\"article:modified_time\" content=\"2026-04-24T16:38:10+00:00\" \/>\n<meta property=\"og:image\" content=\"https:\/\/xenonkungen.com\/wp-content\/uploads\/2025\/06\/Small-for-web-and-ppt-G15131113_LED_FC2_64219DWNBSM-2HB_MiCh_OSRAM_03_Composing.jpg\" \/>\n\t<meta property=\"og:image:width\" content=\"1024\" \/>\n\t<meta property=\"og:image:height\" content=\"1024\" \/>\n\t<meta property=\"og:image:type\" content=\"image\/jpeg\" \/>\n<meta name=\"twitter:card\" content=\"summary_large_image\" \/>\n<meta name=\"twitter:label1\" content=\"Estimeret l\u00e6setid\" \/>\n\t<meta name=\"twitter:data1\" content=\"2 minutter\" \/>\n<script type=\"application\/ld+json\" class=\"yoast-schema-graph\">{\"@context\":\"https:\/\/schema.org\",\"@graph\":[{\"@type\":\"WebPage\",\"@id\":\"https:\/\/xenonkungen.com\/produkt\/osram-night-breaker-led-smart-h16\/\",\"url\":\"https:\/\/xenonkungen.com\/produkt\/osram-night-breaker-led-smart-h16\/\",\"name\":\"OSRAM NIGHT BREAKER LED SMART | H16 - Xenonkungen\",\"isPartOf\":{\"@id\":\"https:\/\/xenonkungen.com\/#website\"},\"primaryImageOfPage\":{\"@id\":\"https:\/\/xenonkungen.com\/produkt\/osram-night-breaker-led-smart-h16\/#primaryimage\"},\"image\":{\"@id\":\"https:\/\/xenonkungen.com\/produkt\/osram-night-breaker-led-smart-h16\/#primaryimage\"},\"thumbnailUrl\":\"https:\/\/xenonkungen.com\/wp-content\/uploads\/2025\/06\/Small-for-web-and-ppt-G15131113_LED_FC2_64219DWNBSM-2HB_MiCh_OSRAM_03_Composing.jpg\",\"datePublished\":\"2025-08-25T14:14:12+00:00\",\"dateModified\":\"2026-04-24T16:38:10+00:00\",\"breadcrumb\":{\"@id\":\"https:\/\/xenonkungen.com\/produkt\/osram-night-breaker-led-smart-h16\/#breadcrumb\"},\"inLanguage\":\"da-DK\",\"potentialAction\":[{\"@type\":\"ReadAction\",\"target\":[\"https:\/\/xenonkungen.com\/produkt\/osram-night-breaker-led-smart-h16\/\"]}]},{\"@type\":\"ImageObject\",\"inLanguage\":\"da-DK\",\"@id\":\"https:\/\/xenonkungen.com\/produkt\/osram-night-breaker-led-smart-h16\/#primaryimage\",\"url\":\"https:\/\/xenonkungen.com\/wp-content\/uploads\/2025\/06\/Small-for-web-and-ppt-G15131113_LED_FC2_64219DWNBSM-2HB_MiCh_OSRAM_03_Composing.jpg\",\"contentUrl\":\"https:\/\/xenonkungen.com\/wp-content\/uploads\/2025\/06\/Small-for-web-and-ppt-G15131113_LED_FC2_64219DWNBSM-2HB_MiCh_OSRAM_03_Composing.jpg\",\"width\":1024,\"height\":1024},{\"@type\":\"BreadcrumbList\",\"@id\":\"https:\/\/xenonkungen.com\/produkt\/osram-night-breaker-led-smart-h16\/#breadcrumb\",\"itemListElement\":[{\"@type\":\"ListItem\",\"position\":1,\"name\":\"Hem\",\"item\":\"https:\/\/xenonkungen.com\/\"},{\"@type\":\"ListItem\",\"position\":2,\"name\":\"Shop\",\"item\":\"https:\/\/xenonkungen.com\/shop\/\"},{\"@type\":\"ListItem\",\"position\":3,\"name\":\"OSRAM NIGHT BREAKER LED SMART | H16\"}]},{\"@type\":\"WebSite\",\"@id\":\"https:\/\/xenonkungen.com\/#website\",\"url\":\"https:\/\/xenonkungen.com\/\",\"name\":\"Xenonkungen\",\"description\":\"\",\"potentialAction\":[{\"@type\":\"SearchAction\",\"target\":{\"@type\":\"EntryPoint\",\"urlTemplate\":\"https:\/\/xenonkungen.com\/?s={search_term_string}\"},\"query-input\":{\"@type\":\"PropertyValueSpecification\",\"valueRequired\":true,\"valueName\":\"search_term_string\"}}],\"inLanguage\":\"da-DK\"}]}<\/script>\n<!-- \/ Yoast SEO plugin. -->","yoast_head_json":{"title":"OSRAM NIGHT BREAKER LED SMART | H16 - Xenon-kongen","robots":{"index":"index","follow":"follow","max-snippet":"max-snippet:-1","max-image-preview":"max-image-preview:large","max-video-preview":"max-video-preview:-1"},"canonical":"https:\/\/xenonkungen.com\/dk\/vare\/osram-natbryder-led-smart-h16\/","og_locale":"da_DK","og_type":"article","og_title":"OSRAM NIGHT BREAKER LED SMART | H16 - Xenonkungen","og_description":"OSRAM NIGHT BREAKER LED SMART \u2013 Gatulagliga dimljus i premiumklass Ge din bil en modern uppgradering med OSRAM NIGHT BREAKER LED SMART dimljus \u2013 en kombination av exceptionell ljusstyrka, kompakt design och p\u00e5litlig h\u00e5llbarhet. Och b\u00e4st av allt? De \u00e4r lagliga att anv\u00e4nda p\u00e5 allm\u00e4n v\u00e4g1. Smidig LED-uppgradering \u2013 helt enligt reglerna Nu kan du [&hellip;]","og_url":"https:\/\/xenonkungen.com\/dk\/vare\/osram-natbryder-led-smart-h16\/","og_site_name":"Xenonkungen","article_modified_time":"2026-04-24T16:38:10+00:00","og_image":[{"width":1024,"height":1024,"url":"https:\/\/xenonkungen.com\/wp-content\/uploads\/2025\/06\/Small-for-web-and-ppt-G15131113_LED_FC2_64219DWNBSM-2HB_MiCh_OSRAM_03_Composing.jpg","type":"image\/jpeg"}],"twitter_card":"summary_large_image","twitter_misc":{"Estimeret l\u00e6setid":"2 minutter"},"schema":{"@context":"https:\/\/schema.org","@graph":[{"@type":"WebPage","@id":"https:\/\/xenonkungen.com\/produkt\/osram-night-breaker-led-smart-h16\/","url":"https:\/\/xenonkungen.com\/produkt\/osram-night-breaker-led-smart-h16\/","name":"OSRAM NIGHT BREAKER LED SMART | H16 - Xenon-kongen","isPartOf":{"@id":"https:\/\/xenonkungen.com\/#website"},"primaryImageOfPage":{"@id":"https:\/\/xenonkungen.com\/produkt\/osram-night-breaker-led-smart-h16\/#primaryimage"},"image":{"@id":"https:\/\/xenonkungen.com\/produkt\/osram-night-breaker-led-smart-h16\/#primaryimage"},"thumbnailUrl":"https:\/\/xenonkungen.com\/wp-content\/uploads\/2025\/06\/Small-for-web-and-ppt-G15131113_LED_FC2_64219DWNBSM-2HB_MiCh_OSRAM_03_Composing.jpg","datePublished":"2025-08-25T14:14:12+00:00","dateModified":"2026-04-24T16:38:10+00:00","breadcrumb":{"@id":"https:\/\/xenonkungen.com\/produkt\/osram-night-breaker-led-smart-h16\/#breadcrumb"},"inLanguage":"da-DK","potentialAction":[{"@type":"ReadAction","target":["https:\/\/xenonkungen.com\/produkt\/osram-night-breaker-led-smart-h16\/"]}]},{"@type":"ImageObject","inLanguage":"da-DK","@id":"https:\/\/xenonkungen.com\/produkt\/osram-night-breaker-led-smart-h16\/#primaryimage","url":"https:\/\/xenonkungen.com\/wp-content\/uploads\/2025\/06\/Small-for-web-and-ppt-G15131113_LED_FC2_64219DWNBSM-2HB_MiCh_OSRAM_03_Composing.jpg","contentUrl":"https:\/\/xenonkungen.com\/wp-content\/uploads\/2025\/06\/Small-for-web-and-ppt-G15131113_LED_FC2_64219DWNBSM-2HB_MiCh_OSRAM_03_Composing.jpg","width":1024,"height":1024},{"@type":"BreadcrumbList","@id":"https:\/\/xenonkungen.com\/produkt\/osram-night-breaker-led-smart-h16\/#breadcrumb","itemListElement":[{"@type":"ListItem","position":1,"name":"Hem","item":"https:\/\/xenonkungen.com\/"},{"@type":"ListItem","position":2,"name":"Shop","item":"https:\/\/xenonkungen.com\/shop\/"},{"@type":"ListItem","position":3,"name":"OSRAM NIGHT BREAKER LED SMART | H16"}]},{"@type":"WebSite","@id":"https:\/\/xenonkungen.com\/#website","url":"https:\/\/xenonkungen.com\/","name":"Xenonkungen","description":"","potentialAction":[{"@type":"SearchAction","target":{"@type":"EntryPoint","urlTemplate":"https:\/\/xenonkungen.com\/?s={search_term_string}"},"query-input":{"@type":"PropertyValueSpecification","valueRequired":true,"valueName":"search_term_string"}}],"inLanguage":"da-DK"}]}},"taxonomy_info":{"product_brand":[{"value":108,"label":"OSRAM"}],"product_cat":[{"value":2451,"label":"Led-konvertering"},{"value":2633,"label":"OSRAM Ledriving"},{"value":733,"label":"Halvljus \/ Helljus"}],"pa_fargtemperatur":[{"value":188,"label":"6000K"}],"pa_fuktskydd-varde-ipxx":[{"value":1318,"label":"IP54"}],"pa_lampsockel-kontakt":[{"value":374,"label":"H16"}],"pa_volt-v":[{"value":159,"label":"12"}]},"featured_image_src_large":["https:\/\/xenonkungen.com\/wp-content\/uploads\/2025\/06\/Small-for-web-and-ppt-G15131113_LED_FC2_64219DWNBSM-2HB_MiCh_OSRAM_03_Composing.jpg",1024,1024,false],"author_info":[],"comment_info":0,"_links":{"self":[{"href":"https:\/\/xenonkungen.com\/dk\/wp-json\/wp\/v2\/product\/11996","targetHints":{"allow":["GET"]}}],"collection":[{"href":"https:\/\/xenonkungen.com\/dk\/wp-json\/wp\/v2\/product"}],"about":[{"href":"https:\/\/xenonkungen.com\/dk\/wp-json\/wp\/v2\/types\/product"}],"replies":[{"embeddable":true,"href":"https:\/\/xenonkungen.com\/dk\/wp-json\/wp\/v2\/comments?post=11996"}],"wp:featuredmedia":[{"embeddable":true,"href":"https:\/\/xenonkungen.com\/dk\/wp-json\/wp\/v2\/media\/11997"}],"wp:attachment":[{"href":"https:\/\/xenonkungen.com\/dk\/wp-json\/wp\/v2\/media?parent=11996"}],"wp:term":[{"taxonomy":"anvandningsomrade","embeddable":true,"href":"https:\/\/xenonkungen.com\/dk\/wp-json\/wp\/v2\/anvandningsomrade?post=11996"},{"taxonomy":"bilmarken","embeddable":true,"href":"https:\/\/xenonkungen.com\/dk\/wp-json\/wp\/v2\/bilmarken?post=11996"},{"taxonomy":"product_brand","embeddable":true,"href":"https:\/\/xenonkungen.com\/dk\/wp-json\/wp\/v2\/product_brand?post=11996"},{"taxonomy":"product_cat","embeddable":true,"href":"https:\/\/xenonkungen.com\/dk\/wp-json\/wp\/v2\/product_cat?post=11996"},{"taxonomy":"product_tag","embeddable":true,"href":"https:\/\/xenonkungen.com\/dk\/wp-json\/wp\/v2\/product_tag?post=11996"}],"curies":[{"name":"wp","href":"https:\/\/api.w.org\/{rel}","templated":true}]}}