{"id":12009,"date":"2025-08-25T13:39:17","date_gmt":"2025-08-25T13:39:17","guid":{"rendered":"https:\/\/xenonkungen.com\/?post_type=product&#038;p=12009"},"modified":"2026-04-24T17:40:10","modified_gmt":"2026-04-24T16:40:10","slug":"osram-natbryder-led-smart-h10","status":"publish","type":"product","link":"https:\/\/xenonkungen.com\/dk\/vare\/osram-natbryder-led-smart-h10\/","title":{"rendered":"OSRAM NIGHT BREAKER LED SMART | H10"},"content":{"rendered":"<section>\n<h2>OSRAM NIGHT BREAKER LED SMART - lovlige LED-t\u00e5gelygter med maksimal ydeevne<\/h2>\n<p>Oplev kraften i <strong>OSRAM NIGHT BREAKER LED SMART t\u00e5gelygte<\/strong> - LED-teknologiens fremtid for dem, der \u00f8nsker enest\u00e5ende lysstyrke, kompakt st\u00f8rrelse og holdbarhed. Og det bedste af det hele? De er <strong>fuldt ud godkendt til brug p\u00e5 offentlige veje<\/strong><sup>1<\/sup>.<\/p>\n<p>Glem alt om gamle halogenlamper. Med NIGHT BREAKER LED SMART kan du nemt opgradere til <strong>Moderne LED-teknologi til t\u00e5gelygter<\/strong> - en fleksibel erstatning, der fungerer med standardfatninger og ogs\u00e5 passer perfekt sammen med andre LED- eller HID-l\u00f8sninger fra OSRAM.<\/p>\n<h3>Hvorfor du skal v\u00e6lge NIGHT BREAKER LED SMART t\u00e5gelygte<\/h3>\n<ul>\n<li>Lovligt at bruge p\u00e5 offentlige veje i henhold til ECE-reglerne<sup>1<\/sup><\/li>\n<li>Klart hvidt lys (op til 6000 K) giver et moderne look og bedre synlighed<\/li>\n<li>Bredere lysfordeling end traditionelle halogent\u00e5gelygter<\/li>\n<li>Perfekt supplement til andre OSRAM LED- eller HID-lamper<\/li>\n<li>Op til 80 % lavere energiforbrug sammenlignet med halogen<\/li>\n<li>Op til 6 gange l\u00e6ngere levetid takket v\u00e6re holdbar og vibrationsresistent konstruktion<sup>2<\/sup><\/li>\n<li>Testet til barske milj\u00f8er - IP54-klassificeret mod st\u00f8v og vand<\/li>\n<\/ul>\n<p>OSRAM er f\u00f8rende inden for bilbelysning, og NIGHT BREAKER LED SMART-t\u00e5gelygten er et bevis p\u00e5 det - med de h\u00f8jeste standarder for innovation, ydeevne og design. Perfekt som en del af en samlet opgradering eller til dem, der \u00f8nsker at forbedre funktion og stil p\u00e5 en lovlig m\u00e5de.<\/p>\n<p>Naturligvis er lamperne d\u00e6kket af OSRAM's <strong>s\u00e6rlig garanti<\/strong><sup>3<\/sup> - for ekstra ro i sindet og kvalitet, du kan stole p\u00e5.<\/p>\n<p><strong>Tr\u00e6f et smartere valg - opgrader til OSRAM NIGHT BREAKER LED SMART Fog Lights, og k\u00f8r med stil, sikkerhed og lovlig styrke.<\/strong><\/p>\n<h2><a href=\"https:\/\/look.ams-osram.com\/m\/279bdebe1f871386\/original\/led-night-breaker-h7-vehicle-list-en.pdf\" target=\"_blank\" rel=\"noopener\">Se kompatible bilmodeller her<\/a><\/h2>\n<\/section>","protected":false},"excerpt":{"rendered":"<p>OSRAM NIGHT BREAKER LED SMART \u2013 Lagliga LED-dimljus med maximal prestanda Upplev kraften i OSRAM NIGHT BREAKER LED SMART dimljus \u2013 framtidens LED-teknik f\u00f6r dig som vill ha exceptionell ljusstyrka, kompakt format och l\u00e5ng h\u00e5llbarhet. Och det b\u00e4sta av allt? De \u00e4r fullt godk\u00e4nda f\u00f6r anv\u00e4ndning p\u00e5 allm\u00e4n v\u00e4g1. Gl\u00f6m gamla halogenlampor. Med NIGHT BREAKER [&hellip;]<\/p>","protected":false},"featured_media":12014,"comment_status":"open","ping_status":"closed","template":"","meta":{"_acf_changed":false,"_smort_price_nok":"1917","_smort_price_dkk":"1218","_smort_price_eur":"163.17","_smort_sale_price_nok":"","_smort_sale_price_dkk":"","_smort_sale_price_eur":"","smort_restorder":"","shipmondo_restorder":"","_kad_blocks_custom_css":"","_kad_blocks_head_custom_js":"","_kad_blocks_body_custom_js":"","_kad_blocks_footer_custom_js":"","smort_custom_pricelist_1":"1148.8","smort_custom_pricelist_2":"1005.2","smort_custom_pricelist_3":"933.4","smort_custom_pricelist_4":"1436","smort_custom_pricelist_5":"1005.2"},"anvandningsomrade":[],"bilmarken":[],"product_brand":[108],"product_cat":[2451,2633,733],"product_tag":[],"class_list":{"0":"post-12009","1":"product","2":"type-product","3":"status-publish","4":"has-post-thumbnail","6":"product_brand-osram","7":"product_cat-led-konvertering","8":"product_cat-osram-ledriving-halvljus-helljus","9":"product_cat-halvljus-helljus","10":"pa_fargtemperatur-6000k","11":"pa_fuktskydd-varde-ipxx-ip54","12":"pa_lampsockel-kontakt-h10","13":"pa_volt-v-159","15":"first","16":"instock","17":"taxable","18":"shipping-taxable","19":"purchasable","20":"product-type-simple"},"bundled_by":[],"bundle_stock_status":"instock","bundle_stock_quantity":5,"bundle_virtual":false,"bundle_layout":"","bundle_add_to_cart_form_location":"","bundle_editable_in_cart":false,"bundle_sold_individually_context":"","bundle_item_grouping":"","bundle_min_size":"","bundle_max_size":"","bundle_price":[],"bundled_items":[],"bundle_sell_ids":[],"acf":[],"yoast_head":"<!-- This site is optimized with the Yoast SEO plugin v27.0 - https:\/\/yoast.com\/product\/yoast-seo-wordpress\/ -->\n<title>OSRAM NIGHT BREAKER LED SMART | H10 - Xenonkungen<\/title>\n<meta name=\"robots\" content=\"index, follow, max-snippet:-1, max-image-preview:large, max-video-preview:-1\" \/>\n<link rel=\"canonical\" href=\"https:\/\/xenonkungen.com\/dk\/vare\/osram-natbryder-led-smart-h10\/\" \/>\n<meta property=\"og:locale\" content=\"da_DK\" \/>\n<meta property=\"og:type\" content=\"article\" \/>\n<meta property=\"og:title\" content=\"OSRAM NIGHT BREAKER LED SMART | H10 - Xenonkungen\" \/>\n<meta property=\"og:description\" content=\"OSRAM NIGHT BREAKER LED SMART \u2013 Lagliga LED-dimljus med maximal prestanda Upplev kraften i OSRAM NIGHT BREAKER LED SMART dimljus \u2013 framtidens LED-teknik f\u00f6r dig som vill ha exceptionell ljusstyrka, kompakt format och l\u00e5ng h\u00e5llbarhet. Och det b\u00e4sta av allt? De \u00e4r fullt godk\u00e4nda f\u00f6r anv\u00e4ndning p\u00e5 allm\u00e4n v\u00e4g1. Gl\u00f6m gamla halogenlampor. Med NIGHT BREAKER [&hellip;]\" \/>\n<meta property=\"og:url\" content=\"https:\/\/xenonkungen.com\/dk\/vare\/osram-natbryder-led-smart-h10\/\" \/>\n<meta property=\"og:site_name\" content=\"Xenonkungen\" \/>\n<meta property=\"article:modified_time\" content=\"2026-04-24T16:40:10+00:00\" \/>\n<meta property=\"og:image\" content=\"https:\/\/xenonkungen.com\/wp-content\/uploads\/2025\/06\/Small-for-web-and-ppt-G15131112_LED_FC2_9145DWNBSM-2HB_MiCh_OSRAM_03_Composing.jpg\" \/>\n\t<meta property=\"og:image:width\" content=\"1024\" \/>\n\t<meta property=\"og:image:height\" content=\"1024\" \/>\n\t<meta property=\"og:image:type\" content=\"image\/jpeg\" \/>\n<meta name=\"twitter:card\" content=\"summary_large_image\" \/>\n<meta name=\"twitter:label1\" content=\"Estimeret l\u00e6setid\" \/>\n\t<meta name=\"twitter:data1\" content=\"2 minutter\" \/>\n<script type=\"application\/ld+json\" class=\"yoast-schema-graph\">{\"@context\":\"https:\/\/schema.org\",\"@graph\":[{\"@type\":\"WebPage\",\"@id\":\"https:\/\/xenonkungen.com\/produkt\/osram-night-breaker-led-smart-h10\/\",\"url\":\"https:\/\/xenonkungen.com\/produkt\/osram-night-breaker-led-smart-h10\/\",\"name\":\"OSRAM NIGHT BREAKER LED SMART | H10 - Xenonkungen\",\"isPartOf\":{\"@id\":\"https:\/\/xenonkungen.com\/#website\"},\"primaryImageOfPage\":{\"@id\":\"https:\/\/xenonkungen.com\/produkt\/osram-night-breaker-led-smart-h10\/#primaryimage\"},\"image\":{\"@id\":\"https:\/\/xenonkungen.com\/produkt\/osram-night-breaker-led-smart-h10\/#primaryimage\"},\"thumbnailUrl\":\"https:\/\/xenonkungen.com\/wp-content\/uploads\/2025\/06\/Small-for-web-and-ppt-G15131112_LED_FC2_9145DWNBSM-2HB_MiCh_OSRAM_03_Composing.jpg\",\"datePublished\":\"2025-08-25T13:39:17+00:00\",\"dateModified\":\"2026-04-24T16:40:10+00:00\",\"breadcrumb\":{\"@id\":\"https:\/\/xenonkungen.com\/produkt\/osram-night-breaker-led-smart-h10\/#breadcrumb\"},\"inLanguage\":\"da-DK\",\"potentialAction\":[{\"@type\":\"ReadAction\",\"target\":[\"https:\/\/xenonkungen.com\/produkt\/osram-night-breaker-led-smart-h10\/\"]}]},{\"@type\":\"ImageObject\",\"inLanguage\":\"da-DK\",\"@id\":\"https:\/\/xenonkungen.com\/produkt\/osram-night-breaker-led-smart-h10\/#primaryimage\",\"url\":\"https:\/\/xenonkungen.com\/wp-content\/uploads\/2025\/06\/Small-for-web-and-ppt-G15131112_LED_FC2_9145DWNBSM-2HB_MiCh_OSRAM_03_Composing.jpg\",\"contentUrl\":\"https:\/\/xenonkungen.com\/wp-content\/uploads\/2025\/06\/Small-for-web-and-ppt-G15131112_LED_FC2_9145DWNBSM-2HB_MiCh_OSRAM_03_Composing.jpg\",\"width\":1024,\"height\":1024},{\"@type\":\"BreadcrumbList\",\"@id\":\"https:\/\/xenonkungen.com\/produkt\/osram-night-breaker-led-smart-h10\/#breadcrumb\",\"itemListElement\":[{\"@type\":\"ListItem\",\"position\":1,\"name\":\"Hem\",\"item\":\"https:\/\/xenonkungen.com\/\"},{\"@type\":\"ListItem\",\"position\":2,\"name\":\"Shop\",\"item\":\"https:\/\/xenonkungen.com\/shop\/\"},{\"@type\":\"ListItem\",\"position\":3,\"name\":\"OSRAM NIGHT BREAKER LED SMART | H10\"}]},{\"@type\":\"WebSite\",\"@id\":\"https:\/\/xenonkungen.com\/#website\",\"url\":\"https:\/\/xenonkungen.com\/\",\"name\":\"Xenonkungen\",\"description\":\"\",\"potentialAction\":[{\"@type\":\"SearchAction\",\"target\":{\"@type\":\"EntryPoint\",\"urlTemplate\":\"https:\/\/xenonkungen.com\/?s={search_term_string}\"},\"query-input\":{\"@type\":\"PropertyValueSpecification\",\"valueRequired\":true,\"valueName\":\"search_term_string\"}}],\"inLanguage\":\"da-DK\"}]}<\/script>\n<!-- \/ Yoast SEO plugin. -->","yoast_head_json":{"title":"OSRAM NIGHT BREAKER LED SMART | H10 - Xenon-kongen","robots":{"index":"index","follow":"follow","max-snippet":"max-snippet:-1","max-image-preview":"max-image-preview:large","max-video-preview":"max-video-preview:-1"},"canonical":"https:\/\/xenonkungen.com\/dk\/vare\/osram-natbryder-led-smart-h10\/","og_locale":"da_DK","og_type":"article","og_title":"OSRAM NIGHT BREAKER LED SMART | H10 - Xenonkungen","og_description":"OSRAM NIGHT BREAKER LED SMART \u2013 Lagliga LED-dimljus med maximal prestanda Upplev kraften i OSRAM NIGHT BREAKER LED SMART dimljus \u2013 framtidens LED-teknik f\u00f6r dig som vill ha exceptionell ljusstyrka, kompakt format och l\u00e5ng h\u00e5llbarhet. Och det b\u00e4sta av allt? De \u00e4r fullt godk\u00e4nda f\u00f6r anv\u00e4ndning p\u00e5 allm\u00e4n v\u00e4g1. Gl\u00f6m gamla halogenlampor. Med NIGHT BREAKER [&hellip;]","og_url":"https:\/\/xenonkungen.com\/dk\/vare\/osram-natbryder-led-smart-h10\/","og_site_name":"Xenonkungen","article_modified_time":"2026-04-24T16:40:10+00:00","og_image":[{"width":1024,"height":1024,"url":"https:\/\/xenonkungen.com\/wp-content\/uploads\/2025\/06\/Small-for-web-and-ppt-G15131112_LED_FC2_9145DWNBSM-2HB_MiCh_OSRAM_03_Composing.jpg","type":"image\/jpeg"}],"twitter_card":"summary_large_image","twitter_misc":{"Estimeret l\u00e6setid":"2 minutter"},"schema":{"@context":"https:\/\/schema.org","@graph":[{"@type":"WebPage","@id":"https:\/\/xenonkungen.com\/produkt\/osram-night-breaker-led-smart-h10\/","url":"https:\/\/xenonkungen.com\/produkt\/osram-night-breaker-led-smart-h10\/","name":"OSRAM NIGHT BREAKER LED SMART | H10 - Xenon-kongen","isPartOf":{"@id":"https:\/\/xenonkungen.com\/#website"},"primaryImageOfPage":{"@id":"https:\/\/xenonkungen.com\/produkt\/osram-night-breaker-led-smart-h10\/#primaryimage"},"image":{"@id":"https:\/\/xenonkungen.com\/produkt\/osram-night-breaker-led-smart-h10\/#primaryimage"},"thumbnailUrl":"https:\/\/xenonkungen.com\/wp-content\/uploads\/2025\/06\/Small-for-web-and-ppt-G15131112_LED_FC2_9145DWNBSM-2HB_MiCh_OSRAM_03_Composing.jpg","datePublished":"2025-08-25T13:39:17+00:00","dateModified":"2026-04-24T16:40:10+00:00","breadcrumb":{"@id":"https:\/\/xenonkungen.com\/produkt\/osram-night-breaker-led-smart-h10\/#breadcrumb"},"inLanguage":"da-DK","potentialAction":[{"@type":"ReadAction","target":["https:\/\/xenonkungen.com\/produkt\/osram-night-breaker-led-smart-h10\/"]}]},{"@type":"ImageObject","inLanguage":"da-DK","@id":"https:\/\/xenonkungen.com\/produkt\/osram-night-breaker-led-smart-h10\/#primaryimage","url":"https:\/\/xenonkungen.com\/wp-content\/uploads\/2025\/06\/Small-for-web-and-ppt-G15131112_LED_FC2_9145DWNBSM-2HB_MiCh_OSRAM_03_Composing.jpg","contentUrl":"https:\/\/xenonkungen.com\/wp-content\/uploads\/2025\/06\/Small-for-web-and-ppt-G15131112_LED_FC2_9145DWNBSM-2HB_MiCh_OSRAM_03_Composing.jpg","width":1024,"height":1024},{"@type":"BreadcrumbList","@id":"https:\/\/xenonkungen.com\/produkt\/osram-night-breaker-led-smart-h10\/#breadcrumb","itemListElement":[{"@type":"ListItem","position":1,"name":"Hem","item":"https:\/\/xenonkungen.com\/"},{"@type":"ListItem","position":2,"name":"Shop","item":"https:\/\/xenonkungen.com\/shop\/"},{"@type":"ListItem","position":3,"name":"OSRAM NIGHT BREAKER LED SMART | H10"}]},{"@type":"WebSite","@id":"https:\/\/xenonkungen.com\/#website","url":"https:\/\/xenonkungen.com\/","name":"Xenonkungen","description":"","potentialAction":[{"@type":"SearchAction","target":{"@type":"EntryPoint","urlTemplate":"https:\/\/xenonkungen.com\/?s={search_term_string}"},"query-input":{"@type":"PropertyValueSpecification","valueRequired":true,"valueName":"search_term_string"}}],"inLanguage":"da-DK"}]}},"taxonomy_info":{"product_brand":[{"value":108,"label":"OSRAM"}],"product_cat":[{"value":2451,"label":"Led-konvertering"},{"value":2633,"label":"OSRAM Ledriving"},{"value":733,"label":"Halvljus \/ Helljus"}],"pa_fargtemperatur":[{"value":188,"label":"6000K"}],"pa_fuktskydd-varde-ipxx":[{"value":1318,"label":"IP54"}],"pa_lampsockel-kontakt":[{"value":738,"label":"H10"}],"pa_volt-v":[{"value":159,"label":"12"}]},"featured_image_src_large":["https:\/\/xenonkungen.com\/wp-content\/uploads\/2025\/06\/Small-for-web-and-ppt-G15131112_LED_FC2_9145DWNBSM-2HB_MiCh_OSRAM_03_Composing.jpg",1024,1024,false],"author_info":[],"comment_info":0,"_links":{"self":[{"href":"https:\/\/xenonkungen.com\/dk\/wp-json\/wp\/v2\/product\/12009","targetHints":{"allow":["GET"]}}],"collection":[{"href":"https:\/\/xenonkungen.com\/dk\/wp-json\/wp\/v2\/product"}],"about":[{"href":"https:\/\/xenonkungen.com\/dk\/wp-json\/wp\/v2\/types\/product"}],"replies":[{"embeddable":true,"href":"https:\/\/xenonkungen.com\/dk\/wp-json\/wp\/v2\/comments?post=12009"}],"wp:featuredmedia":[{"embeddable":true,"href":"https:\/\/xenonkungen.com\/dk\/wp-json\/wp\/v2\/media\/12014"}],"wp:attachment":[{"href":"https:\/\/xenonkungen.com\/dk\/wp-json\/wp\/v2\/media?parent=12009"}],"wp:term":[{"taxonomy":"anvandningsomrade","embeddable":true,"href":"https:\/\/xenonkungen.com\/dk\/wp-json\/wp\/v2\/anvandningsomrade?post=12009"},{"taxonomy":"bilmarken","embeddable":true,"href":"https:\/\/xenonkungen.com\/dk\/wp-json\/wp\/v2\/bilmarken?post=12009"},{"taxonomy":"product_brand","embeddable":true,"href":"https:\/\/xenonkungen.com\/dk\/wp-json\/wp\/v2\/product_brand?post=12009"},{"taxonomy":"product_cat","embeddable":true,"href":"https:\/\/xenonkungen.com\/dk\/wp-json\/wp\/v2\/product_cat?post=12009"},{"taxonomy":"product_tag","embeddable":true,"href":"https:\/\/xenonkungen.com\/dk\/wp-json\/wp\/v2\/product_tag?post=12009"}],"curies":[{"name":"wp","href":"https:\/\/api.w.org\/{rel}","templated":true}]}}