{"id":12020,"date":"2025-08-26T09:50:16","date_gmt":"2025-08-26T09:50:16","guid":{"rendered":"https:\/\/xenonkungen.com\/?post_type=product&#038;p=12020"},"modified":"2025-12-10T14:52:47","modified_gmt":"2025-12-10T13:52:47","slug":"meguiars-ultimative-keramiske-belaegning","status":"publish","type":"product","link":"https:\/\/xenonkungen.com\/dk\/vare\/meguiars-ultimative-keramiske-belaegning\/","title":{"rendered":"Meguiar's Ultimate Ceramic Coating"},"content":{"rendered":"<h1 class=\"product_title entry-title\">Ultimativ keramisk bel\u00e6gning<\/h1>\n<p><strong>For at opn\u00e5 de bedste resultater anbefaler vi, at malingen er i den bedst mulige stand inden brug.<\/strong><\/p>\n<p><strong>Udf\u00f8r en tretrinspolering (ler, gnidning og polering) f\u00f8r p\u00e5f\u00f8ring for at sikre den bedste vedh\u00e6ftning og finish.<\/strong><\/p>\n<p>BRUGSANVISNING: RYST GODT. Vask og t\u00f8r k\u00f8ret\u00f8jet grundigt f\u00f8r p\u00e5f\u00f8ring. P\u00e5f\u00f8r i skyggen p\u00e5 k\u00f8lige overflader. Hvis overfladen er varm under p\u00e5f\u00f8ring, vil du opleve uj\u00e6vne resultater. Vi anbefaler at bruge mikrofiber af h\u00f8jeste kvalitet, s\u00e5som Meguiar&#039;s\u00ae Supreme Shine\u2122 og Even Coat Microfiber Applicator Pads.<\/p>\n<ol>\n<li>Spray produktet p\u00e5 en mikrofiberapplikator, f.eks.\u00a0<a href=\"https:\/\/xenonkungen.com\/produkt\/meguiars-even-coat-applicator-pads-2-pack\/\">Meguiar&#039;s X3080<\/a>Vi anbefaler at lave \u00e9t panel ad gangen.<\/li>\n<li>Fordel produktet med rullen med let til moderat tryk i krydsbev\u00e6gelser hen over panelet. Dette trin aktiverer h\u00e6rdningsprocessen.<\/li>\n<li>Vent cirka 15 sekunder, og t\u00f8r derefter produktet af med en ren mikrofiberklud, n\u00e5r du har p\u00e5f\u00f8rt det p\u00e5 overfladen.<\/li>\n<li>Forts\u00e6t denne proces p\u00e5 tv\u00e6rs af hele k\u00f8ret\u00f8jet.<\/li>\n<li>Vask alle mikrofiberklude og -ruller straks efter endt behandling.<\/li>\n<\/ol>\n<p>Du kan bruge dette produkt p\u00e5 andre udvendige overflader s\u00e5som plastlister, klisterm\u00e6rker, lakbeskyttelsesfilm (PPF) og hjul. F\u00f8lg den samme procedure for disse andre udvendige overflader. Holdbarheden vil variere afh\u00e6ngigt af overfladens oprindelige tilstand.<\/p>\n<p><strong>OPRETHOLDELSE:<\/strong><\/p>\n<p>Hyppig vask af din bil sikrer maksimal holdbarhed s\u00e5 l\u00e6nge som muligt. Vask din bil med pH-balancerede bilshampooer, s\u00e5som Meguiar&#039;s\u00ae Ultimate Wash &amp; Wax eller Meguiar&#039;s\u00ae Hybrid Ceramic Wash &amp; Wax.<\/p>\n<p>For at sikre, at Ultimate Ceramic Coating bevarer sin finish s\u00e5 l\u00e6nge som muligt, skal du kun bruge f\u00f8rsteklasses vedligeholdelsesprodukter som Meguiar&#039;s\u00ae Ultimate Quik Detailer\u2122 eller Meguiar&#039;s\u00ae Hybrid Ceramic Detailer, s\u00e5 ofte som \u00f8nsket.<\/p>\n<p><strong><em>ADVARSEL:<\/em><\/strong>\u00a0Efter lakken er blevet behandlet med Ultimate Ceramic Coating, m\u00e5 du ikke bruge ler, polermiddel, gnidningsmiddel, flydende eller pastaformet voks p\u00e5 dit k\u00f8ret\u00f8j, da disse vil fjerne eller reducere effekten af bel\u00e6gningen.<\/p>\n<p><strong>BRUGSANVISNING:<\/strong> Spray, fordel og t\u00f8r af. Overdriv ikke \u2013 \u00e9n flaske er nok til fire mellemstore k\u00f8ret\u00f8jer! Anbefales ikke til matte eller satinerede overflader, da det vil tilf\u00f8je u\u00f8nsket glans.<\/p>\n<p><strong>Indhold:<\/strong> 236 ml<\/p>\n<p><h2>Farvekodning<\/h2>\n<p><a href=\"https:\/\/meguiars.se\/wp-content\/uploads\/2024\/03\/Label-MeguiarsUltimateCeramicCoatingG2401_1.0_66423-5.pdf\" target=\"_blank\" rel=\"noopener\">https:\/\/meguiars.se\/wp-content\/uploads\/2024\/03\/Label-MeguiarsUltimateCeramicCoatingG2401_1.0_66423-5.pdf<\/a><\/p>","protected":false},"excerpt":{"rendered":"<p>Meguiar&#039;s Ultimate Ceramic Coating \u2013 Patenteret teknologi h\u00e6rder produktet til en solid barriere, der minder om professionel keramisk lakbeskyttelse!<\/p>\n<ul>\n<li>Utrolig vandafvisende med exceptionel holdbarhed<\/li>\n<li>\u00d8ger glans og glathed \u2013 samtidig med at den skjuler mindre defekter<\/li>\n<li>Prim\u00e6rt udviklet til udvendig maling, men fungerer ogs\u00e5 godt p\u00e5 plastikdele, klisterm\u00e6rker, PPF og f\u00e6lge<\/li>\n<\/ul>","protected":false},"featured_media":12021,"comment_status":"open","ping_status":"closed","template":"","meta":{"_acf_changed":false,"_smort_price_nok":"458","_smort_price_dkk":"291","_smort_price_eur":"39","_smort_sale_price_nok":"","_smort_sale_price_dkk":"","_smort_sale_price_eur":"","smort_restorder":"","shipmondo_restorder":"","_kad_blocks_custom_css":"","_kad_blocks_head_custom_js":"","_kad_blocks_body_custom_js":"","_kad_blocks_footer_custom_js":"","smort_custom_pricelist_1":"274.56","smort_custom_pricelist_2":"274.56","smort_custom_pricelist_3":"240.24","smort_custom_pricelist_4":"343.2","smort_custom_pricelist_5":"274.56"},"anvandningsomrade":[],"bilmarken":[],"product_brand":[1383],"product_cat":[2614,378],"product_tag":[],"class_list":{"0":"post-12020","1":"product","2":"type-product","3":"status-publish","4":"has-post-thumbnail","6":"product_brand-meguiars","7":"product_cat-lackskydd","8":"product_cat-bilvard","10":"first","11":"onbackorder","12":"taxable","13":"shipping-taxable","14":"purchasable","15":"product-type-simple"},"bundled_by":[],"bundle_stock_status":"onbackorder","bundle_stock_quantity":0,"bundle_virtual":false,"bundle_layout":"","bundle_add_to_cart_form_location":"","bundle_editable_in_cart":false,"bundle_sold_individually_context":"","bundle_item_grouping":"","bundle_min_size":"","bundle_max_size":"","bundle_price":[],"bundled_items":[],"bundle_sell_ids":[],"acf":[],"yoast_head":"<!-- This site is optimized with the Yoast SEO plugin v27.0 - https:\/\/yoast.com\/product\/yoast-seo-wordpress\/ -->\n<title>Meguiar\u2019s Ultimate Ceramic Coating - Xenonkungen<\/title>\n<meta name=\"robots\" content=\"index, follow, max-snippet:-1, max-image-preview:large, max-video-preview:-1\" \/>\n<link rel=\"canonical\" href=\"https:\/\/xenonkungen.com\/dk\/vare\/meguiars-ultimative-keramiske-belaegning\/\" \/>\n<meta property=\"og:locale\" content=\"da_DK\" \/>\n<meta property=\"og:type\" content=\"article\" \/>\n<meta property=\"og:title\" content=\"Meguiar\u2019s Ultimate Ceramic Coating - Xenonkungen\" \/>\n<meta property=\"og:description\" content=\"Meguiar\u2019s Ultimate Ceramic Coating \u2013 Patenterad teknologi h\u00e4rdar produkten till en solid barri\u00e4r liknande professionella keramiska lackskydd!   Otroligt vattenavst\u00f6tande med exceptionell h\u00e5llbarhet  \u00d6kar glans och sl\u00e4thet \u2013 samtidigt d\u00f6ljs l\u00e4ttare defekter  Prim\u00e4rt utvecklad f\u00f6r exteri\u00f6r lack men fungerar \u00e4ven bra p\u00e5 plastdetaljer, dekaler, PPF och f\u00e4lgar\" \/>\n<meta property=\"og:url\" content=\"https:\/\/xenonkungen.com\/dk\/vare\/meguiars-ultimative-keramiske-belaegning\/\" \/>\n<meta property=\"og:site_name\" content=\"Xenonkungen\" \/>\n<meta property=\"article:modified_time\" content=\"2025-12-10T13:52:47+00:00\" \/>\n<meta property=\"og:image\" content=\"https:\/\/xenonkungen.com\/wp-content\/uploads\/2025\/06\/G240108_UltimateCeramicCoating_Fr_10x10-2.png\" \/>\n\t<meta property=\"og:image:width\" content=\"2048\" \/>\n\t<meta property=\"og:image:height\" content=\"2048\" \/>\n\t<meta property=\"og:image:type\" content=\"image\/png\" \/>\n<meta name=\"twitter:card\" content=\"summary_large_image\" \/>\n<meta name=\"twitter:label1\" content=\"Estimeret l\u00e6setid\" \/>\n\t<meta name=\"twitter:data1\" content=\"2 minutter\" \/>\n<script type=\"application\/ld+json\" class=\"yoast-schema-graph\">{\"@context\":\"https:\/\/schema.org\",\"@graph\":[{\"@type\":\"WebPage\",\"@id\":\"https:\/\/xenonkungen.com\/produkt\/meguiars-ultimate-ceramic-coating\/\",\"url\":\"https:\/\/xenonkungen.com\/produkt\/meguiars-ultimate-ceramic-coating\/\",\"name\":\"Meguiar\u2019s Ultimate Ceramic Coating - Xenonkungen\",\"isPartOf\":{\"@id\":\"https:\/\/xenonkungen.com\/#website\"},\"primaryImageOfPage\":{\"@id\":\"https:\/\/xenonkungen.com\/produkt\/meguiars-ultimate-ceramic-coating\/#primaryimage\"},\"image\":{\"@id\":\"https:\/\/xenonkungen.com\/produkt\/meguiars-ultimate-ceramic-coating\/#primaryimage\"},\"thumbnailUrl\":\"https:\/\/xenonkungen.com\/wp-content\/uploads\/2025\/06\/G240108_UltimateCeramicCoating_Fr_10x10-2.png\",\"datePublished\":\"2025-08-26T09:50:16+00:00\",\"dateModified\":\"2025-12-10T13:52:47+00:00\",\"breadcrumb\":{\"@id\":\"https:\/\/xenonkungen.com\/produkt\/meguiars-ultimate-ceramic-coating\/#breadcrumb\"},\"inLanguage\":\"da-DK\",\"potentialAction\":[{\"@type\":\"ReadAction\",\"target\":[\"https:\/\/xenonkungen.com\/produkt\/meguiars-ultimate-ceramic-coating\/\"]}]},{\"@type\":\"ImageObject\",\"inLanguage\":\"da-DK\",\"@id\":\"https:\/\/xenonkungen.com\/produkt\/meguiars-ultimate-ceramic-coating\/#primaryimage\",\"url\":\"https:\/\/xenonkungen.com\/wp-content\/uploads\/2025\/06\/G240108_UltimateCeramicCoating_Fr_10x10-2.png\",\"contentUrl\":\"https:\/\/xenonkungen.com\/wp-content\/uploads\/2025\/06\/G240108_UltimateCeramicCoating_Fr_10x10-2.png\",\"width\":2048,\"height\":2048},{\"@type\":\"BreadcrumbList\",\"@id\":\"https:\/\/xenonkungen.com\/produkt\/meguiars-ultimate-ceramic-coating\/#breadcrumb\",\"itemListElement\":[{\"@type\":\"ListItem\",\"position\":1,\"name\":\"Hem\",\"item\":\"https:\/\/xenonkungen.com\/\"},{\"@type\":\"ListItem\",\"position\":2,\"name\":\"Shop\",\"item\":\"https:\/\/xenonkungen.com\/shop\/\"},{\"@type\":\"ListItem\",\"position\":3,\"name\":\"Meguiar\u2019s Ultimate Ceramic Coating\"}]},{\"@type\":\"WebSite\",\"@id\":\"https:\/\/xenonkungen.com\/#website\",\"url\":\"https:\/\/xenonkungen.com\/\",\"name\":\"Xenonkungen\",\"description\":\"\",\"potentialAction\":[{\"@type\":\"SearchAction\",\"target\":{\"@type\":\"EntryPoint\",\"urlTemplate\":\"https:\/\/xenonkungen.com\/?s={search_term_string}\"},\"query-input\":{\"@type\":\"PropertyValueSpecification\",\"valueRequired\":true,\"valueName\":\"search_term_string\"}}],\"inLanguage\":\"da-DK\"}]}<\/script>\n<!-- \/ Yoast SEO plugin. -->","yoast_head_json":{"title":"Meguiar&#039;s Ultimate Ceramic Coating - Xenon-kongen","robots":{"index":"index","follow":"follow","max-snippet":"max-snippet:-1","max-image-preview":"max-image-preview:large","max-video-preview":"max-video-preview:-1"},"canonical":"https:\/\/xenonkungen.com\/dk\/vare\/meguiars-ultimative-keramiske-belaegning\/","og_locale":"da_DK","og_type":"article","og_title":"Meguiar\u2019s Ultimate Ceramic Coating - Xenonkungen","og_description":"Meguiar\u2019s Ultimate Ceramic Coating \u2013 Patenterad teknologi h\u00e4rdar produkten till en solid barri\u00e4r liknande professionella keramiska lackskydd!   Otroligt vattenavst\u00f6tande med exceptionell h\u00e5llbarhet  \u00d6kar glans och sl\u00e4thet \u2013 samtidigt d\u00f6ljs l\u00e4ttare defekter  Prim\u00e4rt utvecklad f\u00f6r exteri\u00f6r lack men fungerar \u00e4ven bra p\u00e5 plastdetaljer, dekaler, PPF och f\u00e4lgar","og_url":"https:\/\/xenonkungen.com\/dk\/vare\/meguiars-ultimative-keramiske-belaegning\/","og_site_name":"Xenonkungen","article_modified_time":"2025-12-10T13:52:47+00:00","og_image":[{"width":2048,"height":2048,"url":"https:\/\/xenonkungen.com\/wp-content\/uploads\/2025\/06\/G240108_UltimateCeramicCoating_Fr_10x10-2.png","type":"image\/png"}],"twitter_card":"summary_large_image","twitter_misc":{"Estimeret l\u00e6setid":"2 minutter"},"schema":{"@context":"https:\/\/schema.org","@graph":[{"@type":"WebPage","@id":"https:\/\/xenonkungen.com\/produkt\/meguiars-ultimate-ceramic-coating\/","url":"https:\/\/xenonkungen.com\/produkt\/meguiars-ultimate-ceramic-coating\/","name":"Meguiar&#039;s Ultimate Ceramic Coating - Xenon-kongen","isPartOf":{"@id":"https:\/\/xenonkungen.com\/#website"},"primaryImageOfPage":{"@id":"https:\/\/xenonkungen.com\/produkt\/meguiars-ultimate-ceramic-coating\/#primaryimage"},"image":{"@id":"https:\/\/xenonkungen.com\/produkt\/meguiars-ultimate-ceramic-coating\/#primaryimage"},"thumbnailUrl":"https:\/\/xenonkungen.com\/wp-content\/uploads\/2025\/06\/G240108_UltimateCeramicCoating_Fr_10x10-2.png","datePublished":"2025-08-26T09:50:16+00:00","dateModified":"2025-12-10T13:52:47+00:00","breadcrumb":{"@id":"https:\/\/xenonkungen.com\/produkt\/meguiars-ultimate-ceramic-coating\/#breadcrumb"},"inLanguage":"da-DK","potentialAction":[{"@type":"ReadAction","target":["https:\/\/xenonkungen.com\/produkt\/meguiars-ultimate-ceramic-coating\/"]}]},{"@type":"ImageObject","inLanguage":"da-DK","@id":"https:\/\/xenonkungen.com\/produkt\/meguiars-ultimate-ceramic-coating\/#primaryimage","url":"https:\/\/xenonkungen.com\/wp-content\/uploads\/2025\/06\/G240108_UltimateCeramicCoating_Fr_10x10-2.png","contentUrl":"https:\/\/xenonkungen.com\/wp-content\/uploads\/2025\/06\/G240108_UltimateCeramicCoating_Fr_10x10-2.png","width":2048,"height":2048},{"@type":"BreadcrumbList","@id":"https:\/\/xenonkungen.com\/produkt\/meguiars-ultimate-ceramic-coating\/#breadcrumb","itemListElement":[{"@type":"ListItem","position":1,"name":"Hem","item":"https:\/\/xenonkungen.com\/"},{"@type":"ListItem","position":2,"name":"Shop","item":"https:\/\/xenonkungen.com\/shop\/"},{"@type":"ListItem","position":3,"name":"Meguiar\u2019s Ultimate Ceramic Coating"}]},{"@type":"WebSite","@id":"https:\/\/xenonkungen.com\/#website","url":"https:\/\/xenonkungen.com\/","name":"Xenonkungen","description":"","potentialAction":[{"@type":"SearchAction","target":{"@type":"EntryPoint","urlTemplate":"https:\/\/xenonkungen.com\/?s={search_term_string}"},"query-input":{"@type":"PropertyValueSpecification","valueRequired":true,"valueName":"search_term_string"}}],"inLanguage":"da-DK"}]}},"taxonomy_info":{"product_brand":[{"value":1383,"label":"Meguiar's"}],"product_cat":[{"value":2614,"label":"4 | Bilvax &amp; Lackskydd"},{"value":378,"label":"Bilv\u00e5rd"}]},"featured_image_src_large":["https:\/\/xenonkungen.com\/wp-content\/uploads\/2025\/06\/G240108_UltimateCeramicCoating_Fr_10x10-2-1024x1024.png",1024,1024,true],"author_info":[],"comment_info":0,"_links":{"self":[{"href":"https:\/\/xenonkungen.com\/dk\/wp-json\/wp\/v2\/product\/12020","targetHints":{"allow":["GET"]}}],"collection":[{"href":"https:\/\/xenonkungen.com\/dk\/wp-json\/wp\/v2\/product"}],"about":[{"href":"https:\/\/xenonkungen.com\/dk\/wp-json\/wp\/v2\/types\/product"}],"replies":[{"embeddable":true,"href":"https:\/\/xenonkungen.com\/dk\/wp-json\/wp\/v2\/comments?post=12020"}],"wp:featuredmedia":[{"embeddable":true,"href":"https:\/\/xenonkungen.com\/dk\/wp-json\/wp\/v2\/media\/12021"}],"wp:attachment":[{"href":"https:\/\/xenonkungen.com\/dk\/wp-json\/wp\/v2\/media?parent=12020"}],"wp:term":[{"taxonomy":"anvandningsomrade","embeddable":true,"href":"https:\/\/xenonkungen.com\/dk\/wp-json\/wp\/v2\/anvandningsomrade?post=12020"},{"taxonomy":"bilmarken","embeddable":true,"href":"https:\/\/xenonkungen.com\/dk\/wp-json\/wp\/v2\/bilmarken?post=12020"},{"taxonomy":"product_brand","embeddable":true,"href":"https:\/\/xenonkungen.com\/dk\/wp-json\/wp\/v2\/product_brand?post=12020"},{"taxonomy":"product_cat","embeddable":true,"href":"https:\/\/xenonkungen.com\/dk\/wp-json\/wp\/v2\/product_cat?post=12020"},{"taxonomy":"product_tag","embeddable":true,"href":"https:\/\/xenonkungen.com\/dk\/wp-json\/wp\/v2\/product_tag?post=12020"}],"curies":[{"name":"wp","href":"https:\/\/api.w.org\/{rel}","templated":true}]}}