{"id":12023,"date":"2025-08-26T09:40:18","date_gmt":"2025-08-26T09:40:18","guid":{"rendered":"https:\/\/xenonkungen.com\/?post_type=product&#038;p=12023"},"modified":"2026-03-26T11:04:43","modified_gmt":"2026-03-26T10:04:43","slug":"meguiars-ultimative-glasrens-vandafvisende","status":"publish","type":"product","link":"https:\/\/xenonkungen.com\/dk\/vare\/meguiars-ultimative-glasrens-vandafvisende\/","title":{"rendered":"Meguiar's Ultimate Glass Cleaner &amp; Water Repellent"},"content":{"rendered":"<h2>Ultimativ glasrens og vandafvisende middel<\/h2>\n<p>INSTRUKTIONER: For et flammefrit resultat, brug p\u00e5 k\u00f8lige overflader og f\u00f8lg instruktionerne. Kun til brug p\u00e5 udvendigt glas.<\/p>\n<ol>\n<li>Spray direkte p\u00e5 glasset, en sektion ad gangen.<\/li>\n<li>Spray produktet, og t\u00f8r snavs og sod af med en mikrofiberklud af h\u00f8j kvalitet.<\/li>\n<li>Vend kluden om p\u00e5 et rent, t\u00f8rt sted, og t\u00f8r, indtil overfladen er klar og flammefri.<\/li>\n<li>Hvis overfladen ser sk\u00e6llet ud, skal du gentage trin 1 og 2, men bruge en ny, t\u00f8r mikrofiberklud til den sidste aft\u00f8rring.<\/li>\n<\/ol>\n<p>S\u00f8rg for at t\u00f8rre eventuelt spild p\u00e5 n\u00e6rliggende overflader op med en mikrofiberklud.<\/p>\n<p><strong>PROFESSIONELLE TIPS<\/strong>: Kan bruges p\u00e5 udvendige kamera- og sensorhuse p\u00e5 k\u00f8ret\u00f8jet, der har et glasd\u00e6ksel.<\/p>\n<p><strong>Indhold:<\/strong> 473 ml<\/p>\n<p>&nbsp;<\/p>\n<h2>FARVEDEKLARATION<\/h2>\n<p><a href=\"https:\/\/meguiars.se\/wp-content\/uploads\/2024\/08\/MeguiarsUltimateGlassCleanerandWaterRepellentG2404_1.0_66424.pdf\" target=\"_blank\" rel=\"noopener\"><br \/>\nSe sikkerhedsdatablad (PDF)<br \/>\n<\/a><\/p>\n<p>&nbsp;<\/p>","protected":false},"excerpt":{"rendered":"<h3>Reng\u00f8r og behandl glas i \u00e9t trin!<\/h3>\n<ul>\n<li>Forbedrer synligheden i regnvejr<\/li>\n<li>Modst\u00e5r snavs og efterlader en klar overflade<\/li>\n<li>Giver en hydrofobisk overflade, der afviser vand<\/li>\n<\/ul>","protected":false},"featured_media":12027,"comment_status":"open","ping_status":"closed","template":"","meta":{"_acf_changed":false,"_smort_price_nok":"180","_smort_price_dkk":"155","_smort_price_eur":"20.82","_smort_sale_price_nok":"180","_smort_sale_price_dkk":"","_smort_sale_price_eur":"","smort_restorder":"","shipmondo_restorder":"","_kad_blocks_custom_css":"","_kad_blocks_head_custom_js":"","_kad_blocks_body_custom_js":"","_kad_blocks_footer_custom_js":"","smort_custom_pricelist_1":"146.56","smort_custom_pricelist_2":"146.56","smort_custom_pricelist_3":"128.24","smort_custom_pricelist_4":"183.2","smort_custom_pricelist_5":"146.56"},"anvandningsomrade":[],"bilmarken":[],"product_brand":[1383],"product_cat":[2614,2618,378,1402],"product_tag":[],"class_list":{"0":"post-12023","1":"product","2":"type-product","3":"status-publish","4":"has-post-thumbnail","6":"product_brand-meguiars","7":"product_cat-lackskydd","8":"product_cat-interior","9":"product_cat-bilvard","10":"product_cat-outlet","12":"first","13":"instock","14":"sale","15":"taxable","16":"shipping-taxable","17":"purchasable","18":"product-type-simple"},"bundled_by":[],"bundle_stock_status":"instock","bundle_stock_quantity":1,"bundle_virtual":false,"bundle_layout":"","bundle_add_to_cart_form_location":"","bundle_editable_in_cart":false,"bundle_sold_individually_context":"","bundle_item_grouping":"","bundle_min_size":"","bundle_max_size":"","bundle_price":[],"bundled_items":[],"bundle_sell_ids":[],"acf":[],"yoast_head":"<!-- This site is optimized with the Yoast SEO plugin v27.0 - https:\/\/yoast.com\/product\/yoast-seo-wordpress\/ -->\n<title>Meguiar\u2019s Ultimate Glass Cleaner &amp; Water Repellent - Xenonkungen<\/title>\n<meta name=\"robots\" content=\"index, follow, max-snippet:-1, max-image-preview:large, max-video-preview:-1\" \/>\n<link rel=\"canonical\" href=\"https:\/\/xenonkungen.com\/dk\/vare\/meguiars-ultimative-glasrens-vandafvisende\/\" \/>\n<meta property=\"og:locale\" content=\"da_DK\" \/>\n<meta property=\"og:type\" content=\"article\" \/>\n<meta property=\"og:title\" content=\"Meguiar\u2019s Ultimate Glass Cleaner &amp; Water Repellent - Xenonkungen\" \/>\n<meta property=\"og:description\" content=\"Reng\u00f6r &amp; behandla glas i ett steg!   F\u00f6rb\u00e4ttrar sikten i regniga f\u00f6rh\u00e5llanden  Motverkar smuts och l\u00e4mnar en klar yta  Ger en hydrofob yta som st\u00f6ter bort vatten\" \/>\n<meta property=\"og:url\" content=\"https:\/\/xenonkungen.com\/dk\/vare\/meguiars-ultimative-glasrens-vandafvisende\/\" \/>\n<meta property=\"og:site_name\" content=\"Xenonkungen\" \/>\n<meta property=\"article:modified_time\" content=\"2026-03-26T10:04:43+00:00\" \/>\n<meta property=\"og:image\" content=\"https:\/\/xenonkungen.com\/wp-content\/uploads\/2025\/06\/800-G240416_UltimateGlassCleanerWaterRepellent_Hero_10x10-600x600-1.png\" \/>\n\t<meta property=\"og:image:width\" content=\"600\" \/>\n\t<meta property=\"og:image:height\" content=\"600\" \/>\n\t<meta property=\"og:image:type\" content=\"image\/png\" \/>\n<meta name=\"twitter:card\" content=\"summary_large_image\" \/>\n<meta name=\"twitter:label1\" content=\"Estimeret l\u00e6setid\" \/>\n\t<meta name=\"twitter:data1\" content=\"1 minut\" \/>\n<script type=\"application\/ld+json\" class=\"yoast-schema-graph\">{\"@context\":\"https:\/\/schema.org\",\"@graph\":[{\"@type\":\"WebPage\",\"@id\":\"https:\/\/xenonkungen.com\/produkt\/meguiars-ultimate-glass-cleaner-water-repellent\/\",\"url\":\"https:\/\/xenonkungen.com\/produkt\/meguiars-ultimate-glass-cleaner-water-repellent\/\",\"name\":\"Meguiar\u2019s Ultimate Glass Cleaner & Water Repellent - Xenonkungen\",\"isPartOf\":{\"@id\":\"https:\/\/xenonkungen.com\/#website\"},\"primaryImageOfPage\":{\"@id\":\"https:\/\/xenonkungen.com\/produkt\/meguiars-ultimate-glass-cleaner-water-repellent\/#primaryimage\"},\"image\":{\"@id\":\"https:\/\/xenonkungen.com\/produkt\/meguiars-ultimate-glass-cleaner-water-repellent\/#primaryimage\"},\"thumbnailUrl\":\"https:\/\/xenonkungen.com\/wp-content\/uploads\/2025\/06\/800-G240416_UltimateGlassCleanerWaterRepellent_Hero_10x10-600x600-1.png\",\"datePublished\":\"2025-08-26T09:40:18+00:00\",\"dateModified\":\"2026-03-26T10:04:43+00:00\",\"breadcrumb\":{\"@id\":\"https:\/\/xenonkungen.com\/produkt\/meguiars-ultimate-glass-cleaner-water-repellent\/#breadcrumb\"},\"inLanguage\":\"da-DK\",\"potentialAction\":[{\"@type\":\"ReadAction\",\"target\":[\"https:\/\/xenonkungen.com\/produkt\/meguiars-ultimate-glass-cleaner-water-repellent\/\"]}]},{\"@type\":\"ImageObject\",\"inLanguage\":\"da-DK\",\"@id\":\"https:\/\/xenonkungen.com\/produkt\/meguiars-ultimate-glass-cleaner-water-repellent\/#primaryimage\",\"url\":\"https:\/\/xenonkungen.com\/wp-content\/uploads\/2025\/06\/800-G240416_UltimateGlassCleanerWaterRepellent_Hero_10x10-600x600-1.png\",\"contentUrl\":\"https:\/\/xenonkungen.com\/wp-content\/uploads\/2025\/06\/800-G240416_UltimateGlassCleanerWaterRepellent_Hero_10x10-600x600-1.png\",\"width\":600,\"height\":600},{\"@type\":\"BreadcrumbList\",\"@id\":\"https:\/\/xenonkungen.com\/produkt\/meguiars-ultimate-glass-cleaner-water-repellent\/#breadcrumb\",\"itemListElement\":[{\"@type\":\"ListItem\",\"position\":1,\"name\":\"Hem\",\"item\":\"https:\/\/xenonkungen.com\/\"},{\"@type\":\"ListItem\",\"position\":2,\"name\":\"Shop\",\"item\":\"https:\/\/xenonkungen.com\/shop\/\"},{\"@type\":\"ListItem\",\"position\":3,\"name\":\"Meguiar\u2019s Ultimate Glass Cleaner &#038; Water Repellent\"}]},{\"@type\":\"WebSite\",\"@id\":\"https:\/\/xenonkungen.com\/#website\",\"url\":\"https:\/\/xenonkungen.com\/\",\"name\":\"Xenonkungen\",\"description\":\"\",\"potentialAction\":[{\"@type\":\"SearchAction\",\"target\":{\"@type\":\"EntryPoint\",\"urlTemplate\":\"https:\/\/xenonkungen.com\/?s={search_term_string}\"},\"query-input\":{\"@type\":\"PropertyValueSpecification\",\"valueRequired\":true,\"valueName\":\"search_term_string\"}}],\"inLanguage\":\"da-DK\"}]}<\/script>\n<!-- \/ Yoast SEO plugin. -->","yoast_head_json":{"title":"Meguiar&#039;s Ultimate Glasrens &amp; Vandafvisende - Xenon Kongen","robots":{"index":"index","follow":"follow","max-snippet":"max-snippet:-1","max-image-preview":"max-image-preview:large","max-video-preview":"max-video-preview:-1"},"canonical":"https:\/\/xenonkungen.com\/dk\/vare\/meguiars-ultimative-glasrens-vandafvisende\/","og_locale":"da_DK","og_type":"article","og_title":"Meguiar\u2019s Ultimate Glass Cleaner & Water Repellent - Xenonkungen","og_description":"Reng\u00f6r &amp; behandla glas i ett steg!   F\u00f6rb\u00e4ttrar sikten i regniga f\u00f6rh\u00e5llanden  Motverkar smuts och l\u00e4mnar en klar yta  Ger en hydrofob yta som st\u00f6ter bort vatten","og_url":"https:\/\/xenonkungen.com\/dk\/vare\/meguiars-ultimative-glasrens-vandafvisende\/","og_site_name":"Xenonkungen","article_modified_time":"2026-03-26T10:04:43+00:00","og_image":[{"width":600,"height":600,"url":"https:\/\/xenonkungen.com\/wp-content\/uploads\/2025\/06\/800-G240416_UltimateGlassCleanerWaterRepellent_Hero_10x10-600x600-1.png","type":"image\/png"}],"twitter_card":"summary_large_image","twitter_misc":{"Estimeret l\u00e6setid":"1 minut"},"schema":{"@context":"https:\/\/schema.org","@graph":[{"@type":"WebPage","@id":"https:\/\/xenonkungen.com\/produkt\/meguiars-ultimate-glass-cleaner-water-repellent\/","url":"https:\/\/xenonkungen.com\/produkt\/meguiars-ultimate-glass-cleaner-water-repellent\/","name":"Meguiar&#039;s Ultimate Glasrens &amp; Vandafvisende - Xenon Kongen","isPartOf":{"@id":"https:\/\/xenonkungen.com\/#website"},"primaryImageOfPage":{"@id":"https:\/\/xenonkungen.com\/produkt\/meguiars-ultimate-glass-cleaner-water-repellent\/#primaryimage"},"image":{"@id":"https:\/\/xenonkungen.com\/produkt\/meguiars-ultimate-glass-cleaner-water-repellent\/#primaryimage"},"thumbnailUrl":"https:\/\/xenonkungen.com\/wp-content\/uploads\/2025\/06\/800-G240416_UltimateGlassCleanerWaterRepellent_Hero_10x10-600x600-1.png","datePublished":"2025-08-26T09:40:18+00:00","dateModified":"2026-03-26T10:04:43+00:00","breadcrumb":{"@id":"https:\/\/xenonkungen.com\/produkt\/meguiars-ultimate-glass-cleaner-water-repellent\/#breadcrumb"},"inLanguage":"da-DK","potentialAction":[{"@type":"ReadAction","target":["https:\/\/xenonkungen.com\/produkt\/meguiars-ultimate-glass-cleaner-water-repellent\/"]}]},{"@type":"ImageObject","inLanguage":"da-DK","@id":"https:\/\/xenonkungen.com\/produkt\/meguiars-ultimate-glass-cleaner-water-repellent\/#primaryimage","url":"https:\/\/xenonkungen.com\/wp-content\/uploads\/2025\/06\/800-G240416_UltimateGlassCleanerWaterRepellent_Hero_10x10-600x600-1.png","contentUrl":"https:\/\/xenonkungen.com\/wp-content\/uploads\/2025\/06\/800-G240416_UltimateGlassCleanerWaterRepellent_Hero_10x10-600x600-1.png","width":600,"height":600},{"@type":"BreadcrumbList","@id":"https:\/\/xenonkungen.com\/produkt\/meguiars-ultimate-glass-cleaner-water-repellent\/#breadcrumb","itemListElement":[{"@type":"ListItem","position":1,"name":"Hem","item":"https:\/\/xenonkungen.com\/"},{"@type":"ListItem","position":2,"name":"Shop","item":"https:\/\/xenonkungen.com\/shop\/"},{"@type":"ListItem","position":3,"name":"Meguiar\u2019s Ultimate Glass Cleaner &#038; Water Repellent"}]},{"@type":"WebSite","@id":"https:\/\/xenonkungen.com\/#website","url":"https:\/\/xenonkungen.com\/","name":"Xenonkungen","description":"","potentialAction":[{"@type":"SearchAction","target":{"@type":"EntryPoint","urlTemplate":"https:\/\/xenonkungen.com\/?s={search_term_string}"},"query-input":{"@type":"PropertyValueSpecification","valueRequired":true,"valueName":"search_term_string"}}],"inLanguage":"da-DK"}]}},"taxonomy_info":{"product_brand":[{"value":1383,"label":"Meguiar's"}],"product_cat":[{"value":2614,"label":"4 | Bilvax &amp; Lackskydd"},{"value":2618,"label":"Interi\u00f6r"},{"value":378,"label":"Bilv\u00e5rd"},{"value":1402,"label":"Outlet"}]},"featured_image_src_large":["https:\/\/xenonkungen.com\/wp-content\/uploads\/2025\/06\/800-G240416_UltimateGlassCleanerWaterRepellent_Hero_10x10-600x600-1.png",600,600,false],"author_info":[],"comment_info":0,"_links":{"self":[{"href":"https:\/\/xenonkungen.com\/dk\/wp-json\/wp\/v2\/product\/12023","targetHints":{"allow":["GET"]}}],"collection":[{"href":"https:\/\/xenonkungen.com\/dk\/wp-json\/wp\/v2\/product"}],"about":[{"href":"https:\/\/xenonkungen.com\/dk\/wp-json\/wp\/v2\/types\/product"}],"replies":[{"embeddable":true,"href":"https:\/\/xenonkungen.com\/dk\/wp-json\/wp\/v2\/comments?post=12023"}],"wp:featuredmedia":[{"embeddable":true,"href":"https:\/\/xenonkungen.com\/dk\/wp-json\/wp\/v2\/media\/12027"}],"wp:attachment":[{"href":"https:\/\/xenonkungen.com\/dk\/wp-json\/wp\/v2\/media?parent=12023"}],"wp:term":[{"taxonomy":"anvandningsomrade","embeddable":true,"href":"https:\/\/xenonkungen.com\/dk\/wp-json\/wp\/v2\/anvandningsomrade?post=12023"},{"taxonomy":"bilmarken","embeddable":true,"href":"https:\/\/xenonkungen.com\/dk\/wp-json\/wp\/v2\/bilmarken?post=12023"},{"taxonomy":"product_brand","embeddable":true,"href":"https:\/\/xenonkungen.com\/dk\/wp-json\/wp\/v2\/product_brand?post=12023"},{"taxonomy":"product_cat","embeddable":true,"href":"https:\/\/xenonkungen.com\/dk\/wp-json\/wp\/v2\/product_cat?post=12023"},{"taxonomy":"product_tag","embeddable":true,"href":"https:\/\/xenonkungen.com\/dk\/wp-json\/wp\/v2\/product_tag?post=12023"}],"curies":[{"name":"wp","href":"https:\/\/api.w.org\/{rel}","templated":true}]}}