{"id":1203,"date":"2025-04-15T08:00:23","date_gmt":"2025-04-15T08:00:23","guid":{"rendered":"https:\/\/xenonkungen.com\/product\/falgborste-45cm\/"},"modified":"2026-04-24T17:04:30","modified_gmt":"2026-04-24T16:04:30","slug":"falsk-borste-45-cm","status":"publish","type":"product","link":"https:\/\/xenonkungen.com\/dk\/vare\/falsk-borste-45-cm\/","title":{"rendered":"Kantb\u00f8rste 45 cm"},"content":{"rendered":"<p>Denne f\u00e6lgb\u00f8rste er b\u00e5de solid og robust, samtidig med at den er kemikalieresistent og kan t\u00e5le h\u00e5rdh\u00e6ndet behandling. P\u00e5 trods af sin h\u00e5rdf\u00f8rhed er den sk\u00e5nsom mod alle typer f\u00e6lge. Mikrofibermaterialet med en bl\u00f8d kerne giver adgang p\u00e5 trange steder. H\u00e5ndtaget er ergonomisk udformet og d\u00e6kket af bl\u00f8dt skum. F\u00e6lgb\u00f8rsten er hele 45 centimeter lang.<\/p>\n<p>Denne f\u00e6lgb\u00f8rste er prim\u00e6rt egnet til lidt st\u00f8rre f\u00e6lge, hvor det er nemt at komme til.<\/p>","protected":false},"excerpt":{"rendered":"<p>B\u00f8rsten har et enkelt og slankt design med et h\u00e5ndtag, der er stabilt og robust.<\/p>","protected":false},"featured_media":1204,"comment_status":"closed","ping_status":"open","template":"","meta":{"_acf_changed":false,"_smort_price_nok":"106","_smort_price_dkk":"67","_smort_price_eur":"9","_smort_sale_price_nok":"","_smort_sale_price_dkk":"","_smort_sale_price_eur":"","smort_restorder":"","shipmondo_restorder":"","_kad_blocks_custom_css":"","_kad_blocks_head_custom_js":"","_kad_blocks_body_custom_js":"","_kad_blocks_footer_custom_js":"","smort_custom_pricelist_1":"63.36","smort_custom_pricelist_2":"50","smort_custom_pricelist_3":"47.5","smort_custom_pricelist_4":"79.2","smort_custom_pricelist_5":"50"},"anvandningsomrade":[],"bilmarken":[],"product_brand":[2793],"product_cat":[2988,2989,2450,378],"product_tag":[],"class_list":{"0":"post-1203","1":"product","2":"type-product","3":"status-publish","4":"has-post-thumbnail","6":"product_brand-ovrigt","7":"product_cat-biltvatt","8":"product_cat-avfettning","9":"product_cat-tillbehor-bilvard","10":"product_cat-bilvard","12":"first","13":"instock","14":"taxable","15":"shipping-taxable","16":"purchasable","17":"product-type-simple"},"bundled_by":[],"bundle_stock_status":"instock","bundle_stock_quantity":49,"bundle_virtual":false,"bundle_layout":"","bundle_add_to_cart_form_location":"","bundle_editable_in_cart":false,"bundle_sold_individually_context":"","bundle_item_grouping":"","bundle_min_size":"","bundle_max_size":"","bundle_price":[],"bundled_items":[],"bundle_sell_ids":[],"acf":[],"yoast_head":"<!-- This site is optimized with the Yoast SEO plugin v27.0 - https:\/\/yoast.com\/product\/yoast-seo-wordpress\/ -->\n<title>F\u00e4lgborste 45cm - Xenonkungen<\/title>\n<meta name=\"robots\" content=\"index, follow, max-snippet:-1, max-image-preview:large, max-video-preview:-1\" \/>\n<link rel=\"canonical\" href=\"https:\/\/xenonkungen.com\/dk\/vare\/falsk-borste-45-cm\/\" \/>\n<meta property=\"og:locale\" content=\"da_DK\" \/>\n<meta property=\"og:type\" content=\"article\" \/>\n<meta property=\"og:title\" content=\"F\u00e4lgborste 45cm - Xenonkungen\" \/>\n<meta property=\"og:description\" content=\"Borsten har en enkelt och smidig design, med ett skaft som \u00e4r stabilt och robust.\" \/>\n<meta property=\"og:url\" content=\"https:\/\/xenonkungen.com\/dk\/vare\/falsk-borste-45-cm\/\" \/>\n<meta property=\"og:site_name\" content=\"Xenonkungen\" \/>\n<meta property=\"article:modified_time\" content=\"2026-04-24T16:04:30+00:00\" \/>\n<meta property=\"og:image\" content=\"https:\/\/xenonkungen.com\/wp-content\/uploads\/2025\/04\/195774157-origpic-7c8845.png\" \/>\n\t<meta property=\"og:image:width\" content=\"1000\" \/>\n\t<meta property=\"og:image:height\" content=\"1000\" \/>\n\t<meta property=\"og:image:type\" content=\"image\/png\" \/>\n<meta name=\"twitter:card\" content=\"summary_large_image\" \/>\n<script type=\"application\/ld+json\" class=\"yoast-schema-graph\">{\"@context\":\"https:\/\/schema.org\",\"@graph\":[{\"@type\":\"WebPage\",\"@id\":\"https:\/\/xenonkungen.com\/produkt\/falgborste-45cm\/\",\"url\":\"https:\/\/xenonkungen.com\/produkt\/falgborste-45cm\/\",\"name\":\"F\u00e4lgborste 45cm - Xenonkungen\",\"isPartOf\":{\"@id\":\"https:\/\/xenonkungen.com\/#website\"},\"primaryImageOfPage\":{\"@id\":\"https:\/\/xenonkungen.com\/produkt\/falgborste-45cm\/#primaryimage\"},\"image\":{\"@id\":\"https:\/\/xenonkungen.com\/produkt\/falgborste-45cm\/#primaryimage\"},\"thumbnailUrl\":\"https:\/\/xenonkungen.com\/wp-content\/uploads\/2025\/04\/195774157-origpic-7c8845.png\",\"datePublished\":\"2025-04-15T08:00:23+00:00\",\"dateModified\":\"2026-04-24T16:04:30+00:00\",\"breadcrumb\":{\"@id\":\"https:\/\/xenonkungen.com\/produkt\/falgborste-45cm\/#breadcrumb\"},\"inLanguage\":\"da-DK\",\"potentialAction\":[{\"@type\":\"ReadAction\",\"target\":[\"https:\/\/xenonkungen.com\/produkt\/falgborste-45cm\/\"]}]},{\"@type\":\"ImageObject\",\"inLanguage\":\"da-DK\",\"@id\":\"https:\/\/xenonkungen.com\/produkt\/falgborste-45cm\/#primaryimage\",\"url\":\"https:\/\/xenonkungen.com\/wp-content\/uploads\/2025\/04\/195774157-origpic-7c8845.png\",\"contentUrl\":\"https:\/\/xenonkungen.com\/wp-content\/uploads\/2025\/04\/195774157-origpic-7c8845.png\",\"width\":1000,\"height\":1000},{\"@type\":\"BreadcrumbList\",\"@id\":\"https:\/\/xenonkungen.com\/produkt\/falgborste-45cm\/#breadcrumb\",\"itemListElement\":[{\"@type\":\"ListItem\",\"position\":1,\"name\":\"Hem\",\"item\":\"https:\/\/xenonkungen.com\/\"},{\"@type\":\"ListItem\",\"position\":2,\"name\":\"Shop\",\"item\":\"https:\/\/xenonkungen.com\/shop\/\"},{\"@type\":\"ListItem\",\"position\":3,\"name\":\"F\u00e4lgborste 45cm\"}]},{\"@type\":\"WebSite\",\"@id\":\"https:\/\/xenonkungen.com\/#website\",\"url\":\"https:\/\/xenonkungen.com\/\",\"name\":\"Xenonkungen\",\"description\":\"\",\"potentialAction\":[{\"@type\":\"SearchAction\",\"target\":{\"@type\":\"EntryPoint\",\"urlTemplate\":\"https:\/\/xenonkungen.com\/?s={search_term_string}\"},\"query-input\":{\"@type\":\"PropertyValueSpecification\",\"valueRequired\":true,\"valueName\":\"search_term_string\"}}],\"inLanguage\":\"da-DK\"}]}<\/script>\n<!-- \/ Yoast SEO plugin. -->","yoast_head_json":{"title":"F\u00e6lgb\u00f8rste 45cm - Xenonkungen","robots":{"index":"index","follow":"follow","max-snippet":"max-snippet:-1","max-image-preview":"max-image-preview:large","max-video-preview":"max-video-preview:-1"},"canonical":"https:\/\/xenonkungen.com\/dk\/vare\/falsk-borste-45-cm\/","og_locale":"da_DK","og_type":"article","og_title":"F\u00e4lgborste 45cm - Xenonkungen","og_description":"Borsten har en enkelt och smidig design, med ett skaft som \u00e4r stabilt och robust.","og_url":"https:\/\/xenonkungen.com\/dk\/vare\/falsk-borste-45-cm\/","og_site_name":"Xenonkungen","article_modified_time":"2026-04-24T16:04:30+00:00","og_image":[{"width":1000,"height":1000,"url":"https:\/\/xenonkungen.com\/wp-content\/uploads\/2025\/04\/195774157-origpic-7c8845.png","type":"image\/png"}],"twitter_card":"summary_large_image","schema":{"@context":"https:\/\/schema.org","@graph":[{"@type":"WebPage","@id":"https:\/\/xenonkungen.com\/produkt\/falgborste-45cm\/","url":"https:\/\/xenonkungen.com\/produkt\/falgborste-45cm\/","name":"F\u00e6lgb\u00f8rste 45cm - Xenonkungen","isPartOf":{"@id":"https:\/\/xenonkungen.com\/#website"},"primaryImageOfPage":{"@id":"https:\/\/xenonkungen.com\/produkt\/falgborste-45cm\/#primaryimage"},"image":{"@id":"https:\/\/xenonkungen.com\/produkt\/falgborste-45cm\/#primaryimage"},"thumbnailUrl":"https:\/\/xenonkungen.com\/wp-content\/uploads\/2025\/04\/195774157-origpic-7c8845.png","datePublished":"2025-04-15T08:00:23+00:00","dateModified":"2026-04-24T16:04:30+00:00","breadcrumb":{"@id":"https:\/\/xenonkungen.com\/produkt\/falgborste-45cm\/#breadcrumb"},"inLanguage":"da-DK","potentialAction":[{"@type":"ReadAction","target":["https:\/\/xenonkungen.com\/produkt\/falgborste-45cm\/"]}]},{"@type":"ImageObject","inLanguage":"da-DK","@id":"https:\/\/xenonkungen.com\/produkt\/falgborste-45cm\/#primaryimage","url":"https:\/\/xenonkungen.com\/wp-content\/uploads\/2025\/04\/195774157-origpic-7c8845.png","contentUrl":"https:\/\/xenonkungen.com\/wp-content\/uploads\/2025\/04\/195774157-origpic-7c8845.png","width":1000,"height":1000},{"@type":"BreadcrumbList","@id":"https:\/\/xenonkungen.com\/produkt\/falgborste-45cm\/#breadcrumb","itemListElement":[{"@type":"ListItem","position":1,"name":"Hem","item":"https:\/\/xenonkungen.com\/"},{"@type":"ListItem","position":2,"name":"Shop","item":"https:\/\/xenonkungen.com\/shop\/"},{"@type":"ListItem","position":3,"name":"F\u00e4lgborste 45cm"}]},{"@type":"WebSite","@id":"https:\/\/xenonkungen.com\/#website","url":"https:\/\/xenonkungen.com\/","name":"Xenonkungen","description":"","potentialAction":[{"@type":"SearchAction","target":{"@type":"EntryPoint","urlTemplate":"https:\/\/xenonkungen.com\/?s={search_term_string}"},"query-input":{"@type":"PropertyValueSpecification","valueRequired":true,"valueName":"search_term_string"}}],"inLanguage":"da-DK"}]}},"taxonomy_info":{"product_brand":[{"value":2793,"label":"\u00d6VRIGT"}],"product_cat":[{"value":2988,"label":"1 | Biltv\u00e4tt"},{"value":2989,"label":"2 | Avfettning"},{"value":2450,"label":"6 | Tillbeh\u00f6r"},{"value":378,"label":"Bilv\u00e5rd"}]},"featured_image_src_large":["https:\/\/xenonkungen.com\/wp-content\/uploads\/2025\/04\/195774157-origpic-7c8845.png",1000,1000,false],"author_info":[],"comment_info":0,"_links":{"self":[{"href":"https:\/\/xenonkungen.com\/dk\/wp-json\/wp\/v2\/product\/1203","targetHints":{"allow":["GET"]}}],"collection":[{"href":"https:\/\/xenonkungen.com\/dk\/wp-json\/wp\/v2\/product"}],"about":[{"href":"https:\/\/xenonkungen.com\/dk\/wp-json\/wp\/v2\/types\/product"}],"replies":[{"embeddable":true,"href":"https:\/\/xenonkungen.com\/dk\/wp-json\/wp\/v2\/comments?post=1203"}],"wp:featuredmedia":[{"embeddable":true,"href":"https:\/\/xenonkungen.com\/dk\/wp-json\/wp\/v2\/media\/1204"}],"wp:attachment":[{"href":"https:\/\/xenonkungen.com\/dk\/wp-json\/wp\/v2\/media?parent=1203"}],"wp:term":[{"taxonomy":"anvandningsomrade","embeddable":true,"href":"https:\/\/xenonkungen.com\/dk\/wp-json\/wp\/v2\/anvandningsomrade?post=1203"},{"taxonomy":"bilmarken","embeddable":true,"href":"https:\/\/xenonkungen.com\/dk\/wp-json\/wp\/v2\/bilmarken?post=1203"},{"taxonomy":"product_brand","embeddable":true,"href":"https:\/\/xenonkungen.com\/dk\/wp-json\/wp\/v2\/product_brand?post=1203"},{"taxonomy":"product_cat","embeddable":true,"href":"https:\/\/xenonkungen.com\/dk\/wp-json\/wp\/v2\/product_cat?post=1203"},{"taxonomy":"product_tag","embeddable":true,"href":"https:\/\/xenonkungen.com\/dk\/wp-json\/wp\/v2\/product_tag?post=1203"}],"curies":[{"name":"wp","href":"https:\/\/api.w.org\/{rel}","templated":true}]}}