{"id":12344,"date":"2025-08-13T09:39:56","date_gmt":"2025-08-13T09:39:56","guid":{"rendered":"https:\/\/xenonkungen.com\/?post_type=product&#038;p=12344"},"modified":"2026-04-24T16:41:31","modified_gmt":"2026-04-24T15:41:31","slug":"luxtar-led-lampe-x12-spots","status":"publish","type":"product","link":"https:\/\/xenonkungen.com\/dk\/vare\/luxtar-led-lampe-x12-spots\/","title":{"rendered":"LUXTAR\u00ae Ledramp X12 | Spot <36cm>"},"content":{"rendered":"<p>Luxtar\u00ae X-seriens LED-lysbj\u00e6lker har et unikt design og har reflektorer med sidemonterede diodelamper, hvilket forbedrer ydeevnen betydeligt.<\/p>\n<p><strong>120W | 12.000 lumen<\/strong> er de teoretiske v\u00e6rdier af <strong> Luxtar\u00ae LED ekstralys X12<\/strong> og som du kan tage i betragtning, n\u00e5r du sammenligner med andre muligheder p\u00e5 markedet (som l\u00e6gger v\u00e6gt p\u00e5 teoretiske data).<\/p>\n<p><strong>87,6 W | 6.153 lumen<\/strong> er de faktiske v\u00e6rdier for <strong> Luxtar\u00ae LED-rampe X12<\/strong> og svarer til cirka 5 gange s\u00e5 meget lys som en 55W halogenlampe (1000 lumen +-200) producerer.<\/p>\n<p>Luxtar LED-rampe X-serien f\u00e5s i to varianter, hvor reflektorerne\/lysm\u00f8nsteret adskiller dem: Driving og Spot.<\/p>\n<p>LED-rampe med reflektorer i <strong>Spotlight<\/strong> udf\u00f8relsen er egnet til dig, der <strong>prioriterer langsigtet<\/strong> p\u00e5 lyset eller ved h\u00f8jere hastigheder, hvor fokus naturligt er p\u00e5 l\u00e6ngere afstande.<br \/>LED-lysbj\u00e6lker med reflektorer i dem <strong>K\u00f8rsel<\/strong> version, ogs\u00e5 kaldet fjernlysbillede, er velegnet til dem, der leder efter en <strong>bedre udsyn til siderne af vejen<\/strong> og hvad der mon gemmer sig i gr\u00f8fterne.<\/p>\n<p>X12 har en r\u00e6kkevidde p\u00e5 1 Lux ved ca. 420 meter, hvilket falder til 0,25 Lux ved ca. 540 meter.<\/p>\n<p><strong>Valg af reflektor\/lysm\u00f8nster<\/strong><br \/>Spot: Optimeret til maksimal r\u00e6kkevidde, smalt lysm\u00f8nster<\/p>","protected":false},"excerpt":{"rendered":"<p>Mange 20-22\u2033 lysbj\u00e6lker har omkring 120W LED. Her i en kompakt 14\u2033 og 140 teoretiske watt og hele 6.153 faktiske lumen derudover.<\/p>","protected":false},"featured_media":12347,"comment_status":"open","ping_status":"closed","template":"","meta":{"_acf_changed":false,"_smort_price_nok":"1469","_smort_price_dkk":"1422","_smort_price_eur":"190.45","_smort_sale_price_nok":"1469","_smort_sale_price_dkk":"","_smort_sale_price_eur":"133.18","smort_restorder":"","shipmondo_restorder":"","_kad_blocks_custom_css":"","_kad_blocks_head_custom_js":"","_kad_blocks_body_custom_js":"","_kad_blocks_footer_custom_js":"","smort_custom_pricelist_1":"1340.8","smort_custom_pricelist_2":"950","smort_custom_pricelist_3":"902.5","smort_custom_pricelist_4":"1676","smort_custom_pricelist_5":"950"},"anvandningsomrade":[],"bilmarken":[],"product_brand":[103],"product_cat":[2966,2826,2161,1402],"product_tag":[],"class_list":{"0":"post-12344","1":"product","2":"type-product","3":"status-publish","4":"has-post-thumbnail","6":"product_brand-luxtar","7":"product_cat-ledramp-rak","8":"product_cat-luxtar","9":"product_cat-luxtar-x-serie","10":"product_cat-outlet","12":"first","13":"outofstock","14":"sale","15":"taxable","16":"shipping-taxable","17":"purchasable","18":"product-type-simple"},"bundled_by":[],"bundle_stock_status":"outofstock","bundle_stock_quantity":0,"bundle_virtual":false,"bundle_layout":"","bundle_add_to_cart_form_location":"","bundle_editable_in_cart":false,"bundle_sold_individually_context":"","bundle_item_grouping":"","bundle_min_size":"","bundle_max_size":"","bundle_price":[],"bundled_items":[],"bundle_sell_ids":[],"acf":[],"yoast_head":"<!-- This site is optimized with the Yoast SEO plugin v27.0 - https:\/\/yoast.com\/product\/yoast-seo-wordpress\/ -->\n<title>LUXTAR\u00ae Ledramp X12 | Spot  - Xenonkungen<\/title>\n<meta name=\"robots\" content=\"index, follow, max-snippet:-1, max-image-preview:large, max-video-preview:-1\" \/>\n<link rel=\"canonical\" href=\"https:\/\/xenonkungen.com\/dk\/vare\/luxtar-led-lampe-x12-spots\/\" \/>\n<meta property=\"og:locale\" content=\"da_DK\" \/>\n<meta property=\"og:type\" content=\"article\" \/>\n<meta property=\"og:title\" content=\"LUXTAR\u00ae Ledramp X12 | Spot  - Xenonkungen\" \/>\n<meta property=\"og:description\" content=\"M\u00e5nga 20-22&quot; ljusramper har kring 120W LED. H\u00e4r i kompakta 14&quot; och 140 teoretiska watt och hela 6 153 faktiska lumen i tillskott.\" \/>\n<meta property=\"og:url\" content=\"https:\/\/xenonkungen.com\/dk\/vare\/luxtar-led-lampe-x12-spots\/\" \/>\n<meta property=\"og:site_name\" content=\"Xenonkungen\" \/>\n<meta property=\"article:modified_time\" content=\"2026-04-24T15:41:31+00:00\" \/>\n<meta property=\"og:image\" content=\"https:\/\/xenonkungen.com\/wp-content\/uploads\/2025\/08\/31558019-origpic-185f24.png\" \/>\n\t<meta property=\"og:image:width\" content=\"1000\" \/>\n\t<meta property=\"og:image:height\" content=\"1000\" \/>\n\t<meta property=\"og:image:type\" content=\"image\/png\" \/>\n<meta name=\"twitter:card\" content=\"summary_large_image\" \/>\n<meta name=\"twitter:label1\" content=\"Estimeret l\u00e6setid\" \/>\n\t<meta name=\"twitter:data1\" content=\"2 minutter\" \/>\n<script type=\"application\/ld+json\" class=\"yoast-schema-graph\">{\"@context\":\"https:\/\/schema.org\",\"@graph\":[{\"@type\":\"WebPage\",\"@id\":\"https:\/\/xenonkungen.com\/produkt\/luxtar-ledramp-x12-spot\/\",\"url\":\"https:\/\/xenonkungen.com\/produkt\/luxtar-ledramp-x12-spot\/\",\"name\":\"LUXTAR\u00ae Ledramp X12 | Spot - Xenonkungen\",\"isPartOf\":{\"@id\":\"https:\/\/xenonkungen.com\/#website\"},\"primaryImageOfPage\":{\"@id\":\"https:\/\/xenonkungen.com\/produkt\/luxtar-ledramp-x12-spot\/#primaryimage\"},\"image\":{\"@id\":\"https:\/\/xenonkungen.com\/produkt\/luxtar-ledramp-x12-spot\/#primaryimage\"},\"thumbnailUrl\":\"https:\/\/xenonkungen.com\/wp-content\/uploads\/2025\/08\/31558019-origpic-185f24.png\",\"datePublished\":\"2025-08-13T09:39:56+00:00\",\"dateModified\":\"2026-04-24T15:41:31+00:00\",\"breadcrumb\":{\"@id\":\"https:\/\/xenonkungen.com\/produkt\/luxtar-ledramp-x12-spot\/#breadcrumb\"},\"inLanguage\":\"da-DK\",\"potentialAction\":[{\"@type\":\"ReadAction\",\"target\":[\"https:\/\/xenonkungen.com\/produkt\/luxtar-ledramp-x12-spot\/\"]}]},{\"@type\":\"ImageObject\",\"inLanguage\":\"da-DK\",\"@id\":\"https:\/\/xenonkungen.com\/produkt\/luxtar-ledramp-x12-spot\/#primaryimage\",\"url\":\"https:\/\/xenonkungen.com\/wp-content\/uploads\/2025\/08\/31558019-origpic-185f24.png\",\"contentUrl\":\"https:\/\/xenonkungen.com\/wp-content\/uploads\/2025\/08\/31558019-origpic-185f24.png\",\"width\":1000,\"height\":1000},{\"@type\":\"BreadcrumbList\",\"@id\":\"https:\/\/xenonkungen.com\/produkt\/luxtar-ledramp-x12-spot\/#breadcrumb\",\"itemListElement\":[{\"@type\":\"ListItem\",\"position\":1,\"name\":\"Hem\",\"item\":\"https:\/\/xenonkungen.com\/\"},{\"@type\":\"ListItem\",\"position\":2,\"name\":\"Shop\",\"item\":\"https:\/\/xenonkungen.com\/shop\/\"},{\"@type\":\"ListItem\",\"position\":3,\"name\":\"LUXTAR\u00ae Ledramp X12 | Spot\"}]},{\"@type\":\"WebSite\",\"@id\":\"https:\/\/xenonkungen.com\/#website\",\"url\":\"https:\/\/xenonkungen.com\/\",\"name\":\"Xenonkungen\",\"description\":\"\",\"potentialAction\":[{\"@type\":\"SearchAction\",\"target\":{\"@type\":\"EntryPoint\",\"urlTemplate\":\"https:\/\/xenonkungen.com\/?s={search_term_string}\"},\"query-input\":{\"@type\":\"PropertyValueSpecification\",\"valueRequired\":true,\"valueName\":\"search_term_string\"}}],\"inLanguage\":\"da-DK\"}]}<\/script>\n<!-- \/ Yoast SEO plugin. -->","yoast_head_json":{"title":"LUXTAR\u00ae LED-rampe X12 | Spot - Xenon-kongen","robots":{"index":"index","follow":"follow","max-snippet":"max-snippet:-1","max-image-preview":"max-image-preview:large","max-video-preview":"max-video-preview:-1"},"canonical":"https:\/\/xenonkungen.com\/dk\/vare\/luxtar-led-lampe-x12-spots\/","og_locale":"da_DK","og_type":"article","og_title":"LUXTAR\u00ae Ledramp X12 | Spot  - Xenonkungen","og_description":"M\u00e5nga 20-22\" ljusramper har kring 120W LED. H\u00e4r i kompakta 14\" och 140 teoretiska watt och hela 6 153 faktiska lumen i tillskott.","og_url":"https:\/\/xenonkungen.com\/dk\/vare\/luxtar-led-lampe-x12-spots\/","og_site_name":"Xenonkungen","article_modified_time":"2026-04-24T15:41:31+00:00","og_image":[{"width":1000,"height":1000,"url":"https:\/\/xenonkungen.com\/wp-content\/uploads\/2025\/08\/31558019-origpic-185f24.png","type":"image\/png"}],"twitter_card":"summary_large_image","twitter_misc":{"Estimeret l\u00e6setid":"2 minutter"},"schema":{"@context":"https:\/\/schema.org","@graph":[{"@type":"WebPage","@id":"https:\/\/xenonkungen.com\/produkt\/luxtar-ledramp-x12-spot\/","url":"https:\/\/xenonkungen.com\/produkt\/luxtar-ledramp-x12-spot\/","name":"LUXTAR\u00ae LED-rampe X12 | Spot - Xenon-kongen","isPartOf":{"@id":"https:\/\/xenonkungen.com\/#website"},"primaryImageOfPage":{"@id":"https:\/\/xenonkungen.com\/produkt\/luxtar-ledramp-x12-spot\/#primaryimage"},"image":{"@id":"https:\/\/xenonkungen.com\/produkt\/luxtar-ledramp-x12-spot\/#primaryimage"},"thumbnailUrl":"https:\/\/xenonkungen.com\/wp-content\/uploads\/2025\/08\/31558019-origpic-185f24.png","datePublished":"2025-08-13T09:39:56+00:00","dateModified":"2026-04-24T15:41:31+00:00","breadcrumb":{"@id":"https:\/\/xenonkungen.com\/produkt\/luxtar-ledramp-x12-spot\/#breadcrumb"},"inLanguage":"da-DK","potentialAction":[{"@type":"ReadAction","target":["https:\/\/xenonkungen.com\/produkt\/luxtar-ledramp-x12-spot\/"]}]},{"@type":"ImageObject","inLanguage":"da-DK","@id":"https:\/\/xenonkungen.com\/produkt\/luxtar-ledramp-x12-spot\/#primaryimage","url":"https:\/\/xenonkungen.com\/wp-content\/uploads\/2025\/08\/31558019-origpic-185f24.png","contentUrl":"https:\/\/xenonkungen.com\/wp-content\/uploads\/2025\/08\/31558019-origpic-185f24.png","width":1000,"height":1000},{"@type":"BreadcrumbList","@id":"https:\/\/xenonkungen.com\/produkt\/luxtar-ledramp-x12-spot\/#breadcrumb","itemListElement":[{"@type":"ListItem","position":1,"name":"Hem","item":"https:\/\/xenonkungen.com\/"},{"@type":"ListItem","position":2,"name":"Shop","item":"https:\/\/xenonkungen.com\/shop\/"},{"@type":"ListItem","position":3,"name":"LUXTAR\u00ae Ledramp X12 | Spot"}]},{"@type":"WebSite","@id":"https:\/\/xenonkungen.com\/#website","url":"https:\/\/xenonkungen.com\/","name":"Xenonkungen","description":"","potentialAction":[{"@type":"SearchAction","target":{"@type":"EntryPoint","urlTemplate":"https:\/\/xenonkungen.com\/?s={search_term_string}"},"query-input":{"@type":"PropertyValueSpecification","valueRequired":true,"valueName":"search_term_string"}}],"inLanguage":"da-DK"}]}},"taxonomy_info":{"product_brand":[{"value":103,"label":"LUXTAR"}],"product_cat":[{"value":2966,"label":"Ledramp Rak"},{"value":2826,"label":"LUXTAR"},{"value":2161,"label":"LUXTAR X-serie"},{"value":1402,"label":"Outlet"}]},"featured_image_src_large":["https:\/\/xenonkungen.com\/wp-content\/uploads\/2025\/08\/31558019-origpic-185f24.png",1000,1000,false],"author_info":[],"comment_info":0,"_links":{"self":[{"href":"https:\/\/xenonkungen.com\/dk\/wp-json\/wp\/v2\/product\/12344","targetHints":{"allow":["GET"]}}],"collection":[{"href":"https:\/\/xenonkungen.com\/dk\/wp-json\/wp\/v2\/product"}],"about":[{"href":"https:\/\/xenonkungen.com\/dk\/wp-json\/wp\/v2\/types\/product"}],"replies":[{"embeddable":true,"href":"https:\/\/xenonkungen.com\/dk\/wp-json\/wp\/v2\/comments?post=12344"}],"wp:featuredmedia":[{"embeddable":true,"href":"https:\/\/xenonkungen.com\/dk\/wp-json\/wp\/v2\/media\/12347"}],"wp:attachment":[{"href":"https:\/\/xenonkungen.com\/dk\/wp-json\/wp\/v2\/media?parent=12344"}],"wp:term":[{"taxonomy":"anvandningsomrade","embeddable":true,"href":"https:\/\/xenonkungen.com\/dk\/wp-json\/wp\/v2\/anvandningsomrade?post=12344"},{"taxonomy":"bilmarken","embeddable":true,"href":"https:\/\/xenonkungen.com\/dk\/wp-json\/wp\/v2\/bilmarken?post=12344"},{"taxonomy":"product_brand","embeddable":true,"href":"https:\/\/xenonkungen.com\/dk\/wp-json\/wp\/v2\/product_brand?post=12344"},{"taxonomy":"product_cat","embeddable":true,"href":"https:\/\/xenonkungen.com\/dk\/wp-json\/wp\/v2\/product_cat?post=12344"},{"taxonomy":"product_tag","embeddable":true,"href":"https:\/\/xenonkungen.com\/dk\/wp-json\/wp\/v2\/product_tag?post=12344"}],"curies":[{"name":"wp","href":"https:\/\/api.w.org\/{rel}","templated":true}]}}