{"id":1242,"date":"2025-04-15T08:01:28","date_gmt":"2025-04-15T08:01:28","guid":{"rendered":"https:\/\/xenonkungen.com\/product\/rorfaste-30mm\/"},"modified":"2026-04-02T12:29:34","modified_gmt":"2026-04-02T11:29:34","slug":"rorbeslag-30-mm","status":"publish","type":"product","link":"https:\/\/xenonkungen.com\/dk\/vare\/rorbeslag-30-mm\/","title":{"rendered":"R\u00f8rholder 30 mm"},"content":{"rendered":"<h1>R\u00f8rholder, der passer godt til arbejdsmaskiner, styrtb\u00f8jler p\u00e5 motorcykler, gitter p\u00e5 lastbiler osv.<\/h1>\n<p>Er du p\u00e5 udkig efter et r\u00f8rbeslag? Her er et beslag, som ikke kr\u00e6ver boring, men som nemt sp\u00e6ndes fast med de medf\u00f8lgende skruer. Det hj\u00e6lper med at minimere p\u00e5virkningen af din maskine og giver mulighed for flere installationsmuligheder.<br \/>R\u00f8rbeslaget er universelt, s\u00e5 s\u00f8rg for at justere den ekstra lysbase korrekt for at f\u00e5 det bedst mulige lysbillede.<\/p>\n<p>Dette r\u00f8rbeslag er til montering af hj\u00e6lpelys, LED-ramper, arbejdslys osv. p\u00e5 r\u00f8r som f.eks. frontb\u00f8jler, styrtb\u00f8jler, styr osv. <\/p>\n<p>Nem installation uden behov for andre tilf\u00f8jelser.<\/p>\n<p>Vores r\u00f8rbeslag er dobbelt pulverlakeret i sort og er lavet af aluminium, som b\u00f8r kunne modst\u00e5 alle vores barske milj\u00f8er.<\/p>\n<p><strong>Godt at vide<\/strong><br \/>Dimensionerne p\u00e5 r\u00f8rbeslaget.<br \/>Indvendig dimension uden beskyttelsesgummi: 30 mm<br \/>Hullet til montering af lampen (stort): 10 mm<\/p>\n<p>Vores r\u00f8rholder har sin egen serie, hvor der findes forskellige st\u00f8rrelser til forskellige form\u00e5l, se fanen 'installationsmaterialer'.<\/p>\n<p><strong>Indhold i leveringen<\/strong><br \/>2 r\u00f8rklemmer<br \/>4 stk. skruer<br \/>2 stk. l\u00e5seskiver<br \/>2 stk. m\u00f8trik<br \/>2 stk. beskyttende gummi<br \/>2 stk. unbrakon\u00f8gle.<\/p>\n<p><strong>Garanti<\/strong><br \/><span>1 \u00e5r<\/span><\/p>","protected":false},"excerpt":{"rendered":"<p>Fleksibelt r\u00f8rbeslag til r\u00f8r p\u00e5 lidt over 30 mm. Passer godt til arbejdsmaskiner, styrtb\u00f8jler p\u00e5 motorcykler, grills p\u00e5 lastbiler osv.<\/p>","protected":false},"featured_media":1243,"comment_status":"closed","ping_status":"open","template":"","meta":{"_acf_changed":false,"_smort_price_nok":"144","_smort_price_dkk":"92","_smort_price_eur":"12.27","_smort_sale_price_nok":"","_smort_sale_price_dkk":"","_smort_sale_price_eur":"","smort_restorder":"","shipmondo_restorder":"","_kad_blocks_custom_css":"","_kad_blocks_head_custom_js":"","_kad_blocks_body_custom_js":"","_kad_blocks_footer_custom_js":"","smort_custom_pricelist_1":"86.4","smort_custom_pricelist_2":"75.6","smort_custom_pricelist_3":"71.82","smort_custom_pricelist_4":"108","smort_custom_pricelist_5":"75.6"},"anvandningsomrade":[],"bilmarken":[],"product_brand":[117],"product_cat":[2841,2460,390],"product_tag":[],"class_list":{"0":"post-1242","1":"product","2":"type-product","3":"status-publish","4":"has-post-thumbnail","6":"product_brand-xenonkungen","7":"product_cat-installation-extraljus","8":"product_cat-klamfasten","9":"product_cat-installation","10":"pa_storlek-mm-394","12":"first","13":"instock","14":"taxable","15":"shipping-taxable","16":"purchasable","17":"product-type-simple"},"bundled_by":[],"bundle_stock_status":"instock","bundle_stock_quantity":38,"bundle_virtual":false,"bundle_layout":"","bundle_add_to_cart_form_location":"","bundle_editable_in_cart":false,"bundle_sold_individually_context":"","bundle_item_grouping":"","bundle_min_size":"","bundle_max_size":"","bundle_price":[],"bundled_items":[],"bundle_sell_ids":[],"acf":[],"yoast_head":"<!-- This site is optimized with the Yoast SEO plugin v27.0 - https:\/\/yoast.com\/product\/yoast-seo-wordpress\/ -->\n<title>R\u00f6rf\u00e4ste 30mm - Xenonkungen<\/title>\n<meta name=\"robots\" content=\"index, follow, max-snippet:-1, max-image-preview:large, max-video-preview:-1\" \/>\n<link rel=\"canonical\" href=\"https:\/\/xenonkungen.com\/dk\/vare\/rorbeslag-30-mm\/\" \/>\n<meta property=\"og:locale\" content=\"da_DK\" \/>\n<meta property=\"og:type\" content=\"article\" \/>\n<meta property=\"og:title\" content=\"R\u00f6rf\u00e4ste 30mm - Xenonkungen\" \/>\n<meta property=\"og:description\" content=\"Smidigt R\u00f6rf\u00e4ste f\u00f6r r\u00f6r strax \u00f6ver 30mm. Passar bra p\u00e5 arbetsmaskiner, crashb\u00e5gar p\u00e5 motorcykel, grill p\u00e5 lastbil mfl.\" \/>\n<meta property=\"og:url\" content=\"https:\/\/xenonkungen.com\/dk\/vare\/rorbeslag-30-mm\/\" \/>\n<meta property=\"og:site_name\" content=\"Xenonkungen\" \/>\n<meta property=\"article:modified_time\" content=\"2026-04-02T11:29:34+00:00\" \/>\n<meta property=\"og:image\" content=\"https:\/\/xenonkungen.com\/wp-content\/uploads\/2025\/04\/162632161-origpic-07bebf.png\" \/>\n\t<meta property=\"og:image:width\" content=\"1000\" \/>\n\t<meta property=\"og:image:height\" content=\"731\" \/>\n\t<meta property=\"og:image:type\" content=\"image\/png\" \/>\n<meta name=\"twitter:card\" content=\"summary_large_image\" \/>\n<meta name=\"twitter:label1\" content=\"Estimeret l\u00e6setid\" \/>\n\t<meta name=\"twitter:data1\" content=\"1 minut\" \/>\n<script type=\"application\/ld+json\" class=\"yoast-schema-graph\">{\"@context\":\"https:\/\/schema.org\",\"@graph\":[{\"@type\":\"WebPage\",\"@id\":\"https:\/\/xenonkungen.com\/produkt\/rorfaste-30mm\/\",\"url\":\"https:\/\/xenonkungen.com\/produkt\/rorfaste-30mm\/\",\"name\":\"R\u00f6rf\u00e4ste 30mm - Xenonkungen\",\"isPartOf\":{\"@id\":\"https:\/\/xenonkungen.com\/#website\"},\"primaryImageOfPage\":{\"@id\":\"https:\/\/xenonkungen.com\/produkt\/rorfaste-30mm\/#primaryimage\"},\"image\":{\"@id\":\"https:\/\/xenonkungen.com\/produkt\/rorfaste-30mm\/#primaryimage\"},\"thumbnailUrl\":\"https:\/\/xenonkungen.com\/wp-content\/uploads\/2025\/04\/162632161-origpic-07bebf.png\",\"datePublished\":\"2025-04-15T08:01:28+00:00\",\"dateModified\":\"2026-04-02T11:29:34+00:00\",\"breadcrumb\":{\"@id\":\"https:\/\/xenonkungen.com\/produkt\/rorfaste-30mm\/#breadcrumb\"},\"inLanguage\":\"da-DK\",\"potentialAction\":[{\"@type\":\"ReadAction\",\"target\":[\"https:\/\/xenonkungen.com\/produkt\/rorfaste-30mm\/\"]}]},{\"@type\":\"ImageObject\",\"inLanguage\":\"da-DK\",\"@id\":\"https:\/\/xenonkungen.com\/produkt\/rorfaste-30mm\/#primaryimage\",\"url\":\"https:\/\/xenonkungen.com\/wp-content\/uploads\/2025\/04\/162632161-origpic-07bebf.png\",\"contentUrl\":\"https:\/\/xenonkungen.com\/wp-content\/uploads\/2025\/04\/162632161-origpic-07bebf.png\",\"width\":1000,\"height\":731},{\"@type\":\"BreadcrumbList\",\"@id\":\"https:\/\/xenonkungen.com\/produkt\/rorfaste-30mm\/#breadcrumb\",\"itemListElement\":[{\"@type\":\"ListItem\",\"position\":1,\"name\":\"Hem\",\"item\":\"https:\/\/xenonkungen.com\/\"},{\"@type\":\"ListItem\",\"position\":2,\"name\":\"Shop\",\"item\":\"https:\/\/xenonkungen.com\/shop\/\"},{\"@type\":\"ListItem\",\"position\":3,\"name\":\"R\u00f6rf\u00e4ste 30mm\"}]},{\"@type\":\"WebSite\",\"@id\":\"https:\/\/xenonkungen.com\/#website\",\"url\":\"https:\/\/xenonkungen.com\/\",\"name\":\"Xenonkungen\",\"description\":\"\",\"potentialAction\":[{\"@type\":\"SearchAction\",\"target\":{\"@type\":\"EntryPoint\",\"urlTemplate\":\"https:\/\/xenonkungen.com\/?s={search_term_string}\"},\"query-input\":{\"@type\":\"PropertyValueSpecification\",\"valueRequired\":true,\"valueName\":\"search_term_string\"}}],\"inLanguage\":\"da-DK\"}]}<\/script>\n<!-- \/ Yoast SEO plugin. -->","yoast_head_json":{"title":"R\u00f8rbeslag 30mm - Xenonkungen","robots":{"index":"index","follow":"follow","max-snippet":"max-snippet:-1","max-image-preview":"max-image-preview:large","max-video-preview":"max-video-preview:-1"},"canonical":"https:\/\/xenonkungen.com\/dk\/vare\/rorbeslag-30-mm\/","og_locale":"da_DK","og_type":"article","og_title":"R\u00f6rf\u00e4ste 30mm - Xenonkungen","og_description":"Smidigt R\u00f6rf\u00e4ste f\u00f6r r\u00f6r strax \u00f6ver 30mm. Passar bra p\u00e5 arbetsmaskiner, crashb\u00e5gar p\u00e5 motorcykel, grill p\u00e5 lastbil mfl.","og_url":"https:\/\/xenonkungen.com\/dk\/vare\/rorbeslag-30-mm\/","og_site_name":"Xenonkungen","article_modified_time":"2026-04-02T11:29:34+00:00","og_image":[{"width":1000,"height":731,"url":"https:\/\/xenonkungen.com\/wp-content\/uploads\/2025\/04\/162632161-origpic-07bebf.png","type":"image\/png"}],"twitter_card":"summary_large_image","twitter_misc":{"Estimeret l\u00e6setid":"1 minut"},"schema":{"@context":"https:\/\/schema.org","@graph":[{"@type":"WebPage","@id":"https:\/\/xenonkungen.com\/produkt\/rorfaste-30mm\/","url":"https:\/\/xenonkungen.com\/produkt\/rorfaste-30mm\/","name":"R\u00f8rbeslag 30mm - Xenonkungen","isPartOf":{"@id":"https:\/\/xenonkungen.com\/#website"},"primaryImageOfPage":{"@id":"https:\/\/xenonkungen.com\/produkt\/rorfaste-30mm\/#primaryimage"},"image":{"@id":"https:\/\/xenonkungen.com\/produkt\/rorfaste-30mm\/#primaryimage"},"thumbnailUrl":"https:\/\/xenonkungen.com\/wp-content\/uploads\/2025\/04\/162632161-origpic-07bebf.png","datePublished":"2025-04-15T08:01:28+00:00","dateModified":"2026-04-02T11:29:34+00:00","breadcrumb":{"@id":"https:\/\/xenonkungen.com\/produkt\/rorfaste-30mm\/#breadcrumb"},"inLanguage":"da-DK","potentialAction":[{"@type":"ReadAction","target":["https:\/\/xenonkungen.com\/produkt\/rorfaste-30mm\/"]}]},{"@type":"ImageObject","inLanguage":"da-DK","@id":"https:\/\/xenonkungen.com\/produkt\/rorfaste-30mm\/#primaryimage","url":"https:\/\/xenonkungen.com\/wp-content\/uploads\/2025\/04\/162632161-origpic-07bebf.png","contentUrl":"https:\/\/xenonkungen.com\/wp-content\/uploads\/2025\/04\/162632161-origpic-07bebf.png","width":1000,"height":731},{"@type":"BreadcrumbList","@id":"https:\/\/xenonkungen.com\/produkt\/rorfaste-30mm\/#breadcrumb","itemListElement":[{"@type":"ListItem","position":1,"name":"Hem","item":"https:\/\/xenonkungen.com\/"},{"@type":"ListItem","position":2,"name":"Shop","item":"https:\/\/xenonkungen.com\/shop\/"},{"@type":"ListItem","position":3,"name":"R\u00f6rf\u00e4ste 30mm"}]},{"@type":"WebSite","@id":"https:\/\/xenonkungen.com\/#website","url":"https:\/\/xenonkungen.com\/","name":"Xenonkungen","description":"","potentialAction":[{"@type":"SearchAction","target":{"@type":"EntryPoint","urlTemplate":"https:\/\/xenonkungen.com\/?s={search_term_string}"},"query-input":{"@type":"PropertyValueSpecification","valueRequired":true,"valueName":"search_term_string"}}],"inLanguage":"da-DK"}]}},"taxonomy_info":{"product_brand":[{"value":117,"label":"Xenonkungen"}],"product_cat":[{"value":2841,"label":"Installation extraljus"},{"value":2460,"label":"Kl\u00e4mf\u00e4sten"},{"value":390,"label":"Installation"}],"pa_storlek-mm":[{"value":394,"label":"30"}]},"featured_image_src_large":["https:\/\/xenonkungen.com\/wp-content\/uploads\/2025\/04\/162632161-origpic-07bebf.png",1000,731,false],"author_info":[],"comment_info":1,"_links":{"self":[{"href":"https:\/\/xenonkungen.com\/dk\/wp-json\/wp\/v2\/product\/1242","targetHints":{"allow":["GET"]}}],"collection":[{"href":"https:\/\/xenonkungen.com\/dk\/wp-json\/wp\/v2\/product"}],"about":[{"href":"https:\/\/xenonkungen.com\/dk\/wp-json\/wp\/v2\/types\/product"}],"replies":[{"embeddable":true,"href":"https:\/\/xenonkungen.com\/dk\/wp-json\/wp\/v2\/comments?post=1242"}],"wp:featuredmedia":[{"embeddable":true,"href":"https:\/\/xenonkungen.com\/dk\/wp-json\/wp\/v2\/media\/1243"}],"wp:attachment":[{"href":"https:\/\/xenonkungen.com\/dk\/wp-json\/wp\/v2\/media?parent=1242"}],"wp:term":[{"taxonomy":"anvandningsomrade","embeddable":true,"href":"https:\/\/xenonkungen.com\/dk\/wp-json\/wp\/v2\/anvandningsomrade?post=1242"},{"taxonomy":"bilmarken","embeddable":true,"href":"https:\/\/xenonkungen.com\/dk\/wp-json\/wp\/v2\/bilmarken?post=1242"},{"taxonomy":"product_brand","embeddable":true,"href":"https:\/\/xenonkungen.com\/dk\/wp-json\/wp\/v2\/product_brand?post=1242"},{"taxonomy":"product_cat","embeddable":true,"href":"https:\/\/xenonkungen.com\/dk\/wp-json\/wp\/v2\/product_cat?post=1242"},{"taxonomy":"product_tag","embeddable":true,"href":"https:\/\/xenonkungen.com\/dk\/wp-json\/wp\/v2\/product_tag?post=1242"}],"curies":[{"name":"wp","href":"https:\/\/api.w.org\/{rel}","templated":true}]}}