{"id":1245,"date":"2025-04-15T08:01:28","date_gmt":"2025-04-15T08:01:28","guid":{"rendered":"https:\/\/xenonkungen.com\/product\/rorfaste-50mm\/"},"modified":"2026-05-08T15:41:47","modified_gmt":"2026-05-08T14:41:47","slug":"rorbeslag-50-mm","status":"publish","type":"product","link":"https:\/\/xenonkungen.com\/dk\/vare\/rorbeslag-50-mm\/","title":{"rendered":"R\u00f8rholder 50 mm"},"content":{"rendered":"<h1>R\u00f8rbeslag til montering af hj\u00e6lpelys, LED-ramper, arbejdslys osv. p\u00e5 r\u00f8r som f.eks. frontb\u00f8jler, styrtb\u00f8jler, styr osv.<\/h1>\n<p>Er du p\u00e5 udkig efter et r\u00f8rbeslag? Her er et beslag, som ikke kr\u00e6ver boring, men som nemt sp\u00e6ndes fast med de medf\u00f8lgende skruer. Det hj\u00e6lper med at minimere p\u00e5virkningen af din maskine og giver mulighed for flere installationsmuligheder.<br \/>R\u00f8rbeslaget er universelt, s\u00e5 s\u00f8rg for at justere den ekstra lysbase korrekt for at f\u00e5 det bedst mulige lysbillede.<\/p>\n<p>Nem installation uden behov for andre tilf\u00f8jelser.<\/p>\n<p>Vores r\u00f8rbeslag er dobbelt pulverlakeret i sort og er lavet af aluminium, som b\u00f8r kunne modst\u00e5 alle vores barske milj\u00f8er.<\/p>\n<p><strong>Godt at vide<\/strong><br \/>Dimensionerne p\u00e5 r\u00f8rbeslaget.<br \/>Indvendig dimension uden beskyttelsesgummi: 50 mm<br \/>Indvendig dimension med beskyttende gummi: 38 mm<br \/>Hullet til montering af lampen (stort): 10 mm<\/p>\n<p>Vores r\u00f8rholder har sin egen serie, hvor der findes forskellige st\u00f8rrelser til forskellige form\u00e5l, se fanen 'installationsmaterialer'.<\/p>\n<p><strong>Indhold i leveringen<\/strong><br \/>2 r\u00f8rklemmer<br \/>4 stk. skruer<br \/>2 stk. l\u00e5seskiver<br \/>2 stk. m\u00f8trik<br \/>2 stk. beskyttende gummi<br \/>2 stk. unbrakon\u00f8gle.<\/p>\n<p><strong>Garanti<\/strong><br \/>1 \u00e5r<\/p>","protected":false},"excerpt":{"rendered":"<p>Fleksibelt r\u00f8rbeslag med 50 mm indvendige dimensioner. Nem at bruge, s\u00e5 du kan montere arbejdslygter, LED-lys eller lignende uden at beskadige k\u00f8ret\u00f8jet. Klemmer nemt rundt om r\u00f8r med dimensioner p\u00e5 50-52 mm i diameter.<\/p>","protected":false},"featured_media":1246,"comment_status":"closed","ping_status":"open","template":"","meta":{"_acf_changed":false,"_smort_price_nok":"166","_smort_price_dkk":"105","_smort_price_eur":"14.09","_smort_sale_price_nok":"","_smort_sale_price_dkk":"","_smort_sale_price_eur":"","smort_restorder":"","shipmondo_restorder":"","_kad_blocks_custom_css":"","_kad_blocks_head_custom_js":"","_kad_blocks_body_custom_js":"","_kad_blocks_footer_custom_js":"","smort_custom_pricelist_1":"99.2","smort_custom_pricelist_2":"86.8","smort_custom_pricelist_3":"82.46","smort_custom_pricelist_4":"124","smort_custom_pricelist_5":"86.8"},"anvandningsomrade":[],"bilmarken":[],"product_brand":[117],"product_cat":[3074,2534,2971,2841,2460,390],"product_tag":[],"class_list":{"0":"post-1245","1":"product","2":"type-product","3":"status-publish","4":"has-post-thumbnail","6":"product_brand-xenonkungen","7":"product_cat-universalfasten","8":"product_cat-extraljusfaste-extraljus","9":"product_cat-ledramp-fasten","10":"product_cat-installation-extraljus","11":"product_cat-klamfasten","12":"product_cat-installation","13":"pa_storlek-mm-395","15":"first","16":"instock","17":"taxable","18":"shipping-taxable","19":"purchasable","20":"product-type-simple"},"bundled_by":[],"bundle_stock_status":"instock","bundle_stock_quantity":53,"bundle_virtual":false,"bundle_layout":"","bundle_add_to_cart_form_location":"","bundle_editable_in_cart":false,"bundle_sold_individually_context":"","bundle_item_grouping":"","bundle_min_size":"","bundle_max_size":"","bundle_price":[],"bundled_items":[],"bundle_sell_ids":[],"acf":[],"yoast_head":"<!-- This site is optimized with the Yoast SEO plugin v27.0 - https:\/\/yoast.com\/product\/yoast-seo-wordpress\/ -->\n<title>R\u00f6rf\u00e4ste 50mm - Xenonkungen<\/title>\n<meta name=\"robots\" content=\"index, follow, max-snippet:-1, max-image-preview:large, max-video-preview:-1\" \/>\n<link rel=\"canonical\" href=\"https:\/\/xenonkungen.com\/dk\/vare\/rorbeslag-50-mm\/\" \/>\n<meta property=\"og:locale\" content=\"da_DK\" \/>\n<meta property=\"og:type\" content=\"article\" \/>\n<meta property=\"og:title\" content=\"R\u00f6rf\u00e4ste 50mm - Xenonkungen\" \/>\n<meta property=\"og:description\" content=\"Smidigt r\u00f6rf\u00e4ste med 50mm innerm\u00e5tt. Enkelt att anv\u00e4nda s\u00e5 du kan f\u00e4sta arbetsbelysning, ledramp eller liknande, utan att beh\u00f6va g\u00f6ra n\u00e5gon \u00e5verkan p\u00e5 fordonet. kl\u00e4ms enkelt fast runt r\u00f6r med m\u00e5tt 50-52mm diameter.\" \/>\n<meta property=\"og:url\" content=\"https:\/\/xenonkungen.com\/dk\/vare\/rorbeslag-50-mm\/\" \/>\n<meta property=\"og:site_name\" content=\"Xenonkungen\" \/>\n<meta property=\"article:modified_time\" content=\"2026-05-08T14:41:47+00:00\" \/>\n<meta property=\"og:image\" content=\"https:\/\/xenonkungen.com\/wp-content\/uploads\/2025\/04\/162632201-origpic-ba0cd5.png\" \/>\n\t<meta property=\"og:image:width\" content=\"1000\" \/>\n\t<meta property=\"og:image:height\" content=\"901\" \/>\n\t<meta property=\"og:image:type\" content=\"image\/png\" \/>\n<meta name=\"twitter:card\" content=\"summary_large_image\" \/>\n<meta name=\"twitter:label1\" content=\"Estimeret l\u00e6setid\" \/>\n\t<meta name=\"twitter:data1\" content=\"1 minut\" \/>\n<script type=\"application\/ld+json\" class=\"yoast-schema-graph\">{\"@context\":\"https:\/\/schema.org\",\"@graph\":[{\"@type\":\"WebPage\",\"@id\":\"https:\/\/xenonkungen.com\/produkt\/rorfaste-50mm\/\",\"url\":\"https:\/\/xenonkungen.com\/produkt\/rorfaste-50mm\/\",\"name\":\"R\u00f6rf\u00e4ste 50mm - Xenonkungen\",\"isPartOf\":{\"@id\":\"https:\/\/xenonkungen.com\/#website\"},\"primaryImageOfPage\":{\"@id\":\"https:\/\/xenonkungen.com\/produkt\/rorfaste-50mm\/#primaryimage\"},\"image\":{\"@id\":\"https:\/\/xenonkungen.com\/produkt\/rorfaste-50mm\/#primaryimage\"},\"thumbnailUrl\":\"https:\/\/xenonkungen.com\/wp-content\/uploads\/2025\/04\/162632201-origpic-ba0cd5.png\",\"datePublished\":\"2025-04-15T08:01:28+00:00\",\"dateModified\":\"2026-05-08T14:41:47+00:00\",\"breadcrumb\":{\"@id\":\"https:\/\/xenonkungen.com\/produkt\/rorfaste-50mm\/#breadcrumb\"},\"inLanguage\":\"da-DK\",\"potentialAction\":[{\"@type\":\"ReadAction\",\"target\":[\"https:\/\/xenonkungen.com\/produkt\/rorfaste-50mm\/\"]}]},{\"@type\":\"ImageObject\",\"inLanguage\":\"da-DK\",\"@id\":\"https:\/\/xenonkungen.com\/produkt\/rorfaste-50mm\/#primaryimage\",\"url\":\"https:\/\/xenonkungen.com\/wp-content\/uploads\/2025\/04\/162632201-origpic-ba0cd5.png\",\"contentUrl\":\"https:\/\/xenonkungen.com\/wp-content\/uploads\/2025\/04\/162632201-origpic-ba0cd5.png\",\"width\":1000,\"height\":901},{\"@type\":\"BreadcrumbList\",\"@id\":\"https:\/\/xenonkungen.com\/produkt\/rorfaste-50mm\/#breadcrumb\",\"itemListElement\":[{\"@type\":\"ListItem\",\"position\":1,\"name\":\"Hem\",\"item\":\"https:\/\/xenonkungen.com\/\"},{\"@type\":\"ListItem\",\"position\":2,\"name\":\"Shop\",\"item\":\"https:\/\/xenonkungen.com\/shop\/\"},{\"@type\":\"ListItem\",\"position\":3,\"name\":\"R\u00f6rf\u00e4ste 50mm\"}]},{\"@type\":\"WebSite\",\"@id\":\"https:\/\/xenonkungen.com\/#website\",\"url\":\"https:\/\/xenonkungen.com\/\",\"name\":\"Xenonkungen\",\"description\":\"\",\"potentialAction\":[{\"@type\":\"SearchAction\",\"target\":{\"@type\":\"EntryPoint\",\"urlTemplate\":\"https:\/\/xenonkungen.com\/?s={search_term_string}\"},\"query-input\":{\"@type\":\"PropertyValueSpecification\",\"valueRequired\":true,\"valueName\":\"search_term_string\"}}],\"inLanguage\":\"da-DK\"}]}<\/script>\n<!-- \/ Yoast SEO plugin. -->","yoast_head_json":{"title":"R\u00f8rbeslag 50mm - Xenonkungen","robots":{"index":"index","follow":"follow","max-snippet":"max-snippet:-1","max-image-preview":"max-image-preview:large","max-video-preview":"max-video-preview:-1"},"canonical":"https:\/\/xenonkungen.com\/dk\/vare\/rorbeslag-50-mm\/","og_locale":"da_DK","og_type":"article","og_title":"R\u00f6rf\u00e4ste 50mm - Xenonkungen","og_description":"Smidigt r\u00f6rf\u00e4ste med 50mm innerm\u00e5tt. Enkelt att anv\u00e4nda s\u00e5 du kan f\u00e4sta arbetsbelysning, ledramp eller liknande, utan att beh\u00f6va g\u00f6ra n\u00e5gon \u00e5verkan p\u00e5 fordonet. kl\u00e4ms enkelt fast runt r\u00f6r med m\u00e5tt 50-52mm diameter.","og_url":"https:\/\/xenonkungen.com\/dk\/vare\/rorbeslag-50-mm\/","og_site_name":"Xenonkungen","article_modified_time":"2026-05-08T14:41:47+00:00","og_image":[{"width":1000,"height":901,"url":"https:\/\/xenonkungen.com\/wp-content\/uploads\/2025\/04\/162632201-origpic-ba0cd5.png","type":"image\/png"}],"twitter_card":"summary_large_image","twitter_misc":{"Estimeret l\u00e6setid":"1 minut"},"schema":{"@context":"https:\/\/schema.org","@graph":[{"@type":"WebPage","@id":"https:\/\/xenonkungen.com\/produkt\/rorfaste-50mm\/","url":"https:\/\/xenonkungen.com\/produkt\/rorfaste-50mm\/","name":"R\u00f8rbeslag 50mm - Xenonkungen","isPartOf":{"@id":"https:\/\/xenonkungen.com\/#website"},"primaryImageOfPage":{"@id":"https:\/\/xenonkungen.com\/produkt\/rorfaste-50mm\/#primaryimage"},"image":{"@id":"https:\/\/xenonkungen.com\/produkt\/rorfaste-50mm\/#primaryimage"},"thumbnailUrl":"https:\/\/xenonkungen.com\/wp-content\/uploads\/2025\/04\/162632201-origpic-ba0cd5.png","datePublished":"2025-04-15T08:01:28+00:00","dateModified":"2026-05-08T14:41:47+00:00","breadcrumb":{"@id":"https:\/\/xenonkungen.com\/produkt\/rorfaste-50mm\/#breadcrumb"},"inLanguage":"da-DK","potentialAction":[{"@type":"ReadAction","target":["https:\/\/xenonkungen.com\/produkt\/rorfaste-50mm\/"]}]},{"@type":"ImageObject","inLanguage":"da-DK","@id":"https:\/\/xenonkungen.com\/produkt\/rorfaste-50mm\/#primaryimage","url":"https:\/\/xenonkungen.com\/wp-content\/uploads\/2025\/04\/162632201-origpic-ba0cd5.png","contentUrl":"https:\/\/xenonkungen.com\/wp-content\/uploads\/2025\/04\/162632201-origpic-ba0cd5.png","width":1000,"height":901},{"@type":"BreadcrumbList","@id":"https:\/\/xenonkungen.com\/produkt\/rorfaste-50mm\/#breadcrumb","itemListElement":[{"@type":"ListItem","position":1,"name":"Hem","item":"https:\/\/xenonkungen.com\/"},{"@type":"ListItem","position":2,"name":"Shop","item":"https:\/\/xenonkungen.com\/shop\/"},{"@type":"ListItem","position":3,"name":"R\u00f6rf\u00e4ste 50mm"}]},{"@type":"WebSite","@id":"https:\/\/xenonkungen.com\/#website","url":"https:\/\/xenonkungen.com\/","name":"Xenonkungen","description":"","potentialAction":[{"@type":"SearchAction","target":{"@type":"EntryPoint","urlTemplate":"https:\/\/xenonkungen.com\/?s={search_term_string}"},"query-input":{"@type":"PropertyValueSpecification","valueRequired":true,"valueName":"search_term_string"}}],"inLanguage":"da-DK"}]}},"taxonomy_info":{"product_brand":[{"value":117,"label":"Xenonkungen"}],"product_cat":[{"value":3074,"label":"Universalf\u00e4sten"},{"value":2534,"label":"F\u00e4ste till extraljus"},{"value":2971,"label":"F\u00e4ste till ledramp"},{"value":2841,"label":"Installation extraljus"},{"value":2460,"label":"Kl\u00e4mf\u00e4sten"},{"value":390,"label":"Installation"}],"pa_storlek-mm":[{"value":395,"label":"50"}]},"featured_image_src_large":["https:\/\/xenonkungen.com\/wp-content\/uploads\/2025\/04\/162632201-origpic-ba0cd5.png",1000,901,false],"author_info":[],"comment_info":0,"_links":{"self":[{"href":"https:\/\/xenonkungen.com\/dk\/wp-json\/wp\/v2\/product\/1245","targetHints":{"allow":["GET"]}}],"collection":[{"href":"https:\/\/xenonkungen.com\/dk\/wp-json\/wp\/v2\/product"}],"about":[{"href":"https:\/\/xenonkungen.com\/dk\/wp-json\/wp\/v2\/types\/product"}],"replies":[{"embeddable":true,"href":"https:\/\/xenonkungen.com\/dk\/wp-json\/wp\/v2\/comments?post=1245"}],"wp:featuredmedia":[{"embeddable":true,"href":"https:\/\/xenonkungen.com\/dk\/wp-json\/wp\/v2\/media\/1246"}],"wp:attachment":[{"href":"https:\/\/xenonkungen.com\/dk\/wp-json\/wp\/v2\/media?parent=1245"}],"wp:term":[{"taxonomy":"anvandningsomrade","embeddable":true,"href":"https:\/\/xenonkungen.com\/dk\/wp-json\/wp\/v2\/anvandningsomrade?post=1245"},{"taxonomy":"bilmarken","embeddable":true,"href":"https:\/\/xenonkungen.com\/dk\/wp-json\/wp\/v2\/bilmarken?post=1245"},{"taxonomy":"product_brand","embeddable":true,"href":"https:\/\/xenonkungen.com\/dk\/wp-json\/wp\/v2\/product_brand?post=1245"},{"taxonomy":"product_cat","embeddable":true,"href":"https:\/\/xenonkungen.com\/dk\/wp-json\/wp\/v2\/product_cat?post=1245"},{"taxonomy":"product_tag","embeddable":true,"href":"https:\/\/xenonkungen.com\/dk\/wp-json\/wp\/v2\/product_tag?post=1245"}],"curies":[{"name":"wp","href":"https:\/\/api.w.org\/{rel}","templated":true}]}}