{"id":1254,"date":"2025-04-15T08:01:28","date_gmt":"2025-04-15T08:01:28","guid":{"rendered":"https:\/\/xenonkungen.com\/product\/rorfaste-76mm-2\/"},"modified":"2026-03-04T16:52:23","modified_gmt":"2026-03-04T15:52:23","slug":"rorbeslag-76-mm-2","status":"publish","type":"product","link":"https:\/\/xenonkungen.com\/dk\/vare\/rorbeslag-76-mm-2\/","title":{"rendered":"R\u00f8rholder 76 mm"},"content":{"rendered":"<h1>R\u00f8rbeslag til montering af hj\u00e6lpelys, LED-ramper, arbejdslys osv. p\u00e5 r\u00f8r som f.eks. frontb\u00f8jler, styrtb\u00f8jler, styr osv.<\/h1>\n<p>Er du p\u00e5 udkig efter et r\u00f8rbeslag? Her er et beslag, som ikke kr\u00e6ver boring, men som nemt sp\u00e6ndes fast med de medf\u00f8lgende skruer. Det hj\u00e6lper med at minimere p\u00e5virkningen af din maskine og giver mulighed for flere installationsmuligheder.<br \/>R\u00f8rbeslaget er universelt, s\u00e5 s\u00f8rg for at justere den ekstra lysbase korrekt for at f\u00e5 det bedst mulige lysbillede.<\/p>\n<p>Dette r\u00f8rbeslag er til montering af hj\u00e6lpelys, LED-ramper, arbejdslys osv. p\u00e5 r\u00f8r som f.eks. frontb\u00f8jler, styrtb\u00f8jler, styr osv. <\/p>\n<p>Nem installation uden behov for andre tilf\u00f8jelser.<\/p>\n<p>Vores r\u00f8rbeslag er dobbelt pulverlakeret i sort og er lavet af aluminium, som b\u00f8r kunne modst\u00e5 alle vores barske milj\u00f8er.<\/p>\n<p>Godt at vide<br \/>Dimensionerne p\u00e5 r\u00f8rbeslaget.<br \/>Indvendig dimension uden beskyttelsesgummi: 76 mm<br \/>Hul til montering af lampe (stort): 13 mm<\/p>\n<p>Vores r\u00f8rholder har sit eget sortiment, hvor der findes forskellige st\u00f8rrelser til forskellige form\u00e5l, se fanen 'installationsmaterialer'.<\/p>\n<p><strong>Indhold i leveringen<\/strong><br \/>2 r\u00f8rklemmer<br \/>4 stk. skruer<br \/>2 stk. l\u00e5seskiver<br \/>2 stk. beskyttende gummi<br \/>1. unbrakon\u00f8gle.<\/p>\n<p><strong>Garanti<\/strong><br \/><span>1 \u00e5r<\/span><\/p>","protected":false},"excerpt":{"rendered":"<p>Stabilt r\u00f8rbeslag til r\u00f8r med en diameter p\u00e5 over 76 mm. giver dig mulighed for at udvide m\u00e6ngden af ekstra lys i din eksisterende bue eller montere dit eget system af lys efter eget \u00f8nske.<\/p>","protected":false},"featured_media":1255,"comment_status":"closed","ping_status":"open","template":"","meta":{"_acf_changed":false,"_smort_price_nok":"208","_smort_price_dkk":"132","_smort_price_eur":"17.73","_smort_sale_price_nok":"","_smort_sale_price_dkk":"","_smort_sale_price_eur":"","smort_restorder":"","shipmondo_restorder":"","_kad_blocks_custom_css":"","_kad_blocks_head_custom_js":"","_kad_blocks_body_custom_js":"","_kad_blocks_footer_custom_js":"","smort_custom_pricelist_1":"124.8","smort_custom_pricelist_2":"109.2","smort_custom_pricelist_3":"103.74","smort_custom_pricelist_4":"156","smort_custom_pricelist_5":"109.2"},"anvandningsomrade":[165,166,167],"bilmarken":[],"product_brand":[117],"product_cat":[2841,390],"product_tag":[],"class_list":{"0":"post-1254","1":"product","2":"type-product","3":"status-publish","4":"has-post-thumbnail","6":"anvandningsomrade-atv","7":"anvandningsomrade-lastbil","8":"anvandningsomrade-personbil","9":"product_brand-xenonkungen","10":"product_cat-installation-extraljus","11":"product_cat-installation","12":"pa_storlek-mm-393","14":"first","15":"instock","16":"taxable","17":"shipping-taxable","18":"purchasable","19":"product-type-simple"},"bundled_by":[],"bundle_stock_status":"instock","bundle_stock_quantity":45,"bundle_virtual":false,"bundle_layout":"","bundle_add_to_cart_form_location":"","bundle_editable_in_cart":false,"bundle_sold_individually_context":"","bundle_item_grouping":"","bundle_min_size":"","bundle_max_size":"","bundle_price":[],"bundled_items":[],"bundle_sell_ids":[],"acf":[],"yoast_head":"<!-- This site is optimized with the Yoast SEO plugin v27.0 - https:\/\/yoast.com\/product\/yoast-seo-wordpress\/ -->\n<title>R\u00f6rf\u00e4ste 76mm - Xenonkungen<\/title>\n<meta name=\"robots\" content=\"index, follow, max-snippet:-1, max-image-preview:large, max-video-preview:-1\" \/>\n<link rel=\"canonical\" href=\"https:\/\/xenonkungen.com\/dk\/vare\/rorbeslag-76-mm-2\/\" \/>\n<meta property=\"og:locale\" content=\"da_DK\" \/>\n<meta property=\"og:type\" content=\"article\" \/>\n<meta property=\"og:title\" content=\"R\u00f6rf\u00e4ste 76mm - Xenonkungen\" \/>\n<meta property=\"og:description\" content=\"Stabilt R\u00f6rf\u00e4ste f\u00f6r r\u00f6r med en diameter \u00f6ver 76mm. ger dig m\u00f6jligheten att ut\u00f6ka m\u00e4ngden extraljus i din befintliga b\u00e5ge eller f\u00e4sta ett eget system med ljus efter ditt eget tycke.\" \/>\n<meta property=\"og:url\" content=\"https:\/\/xenonkungen.com\/dk\/vare\/rorbeslag-76-mm-2\/\" \/>\n<meta property=\"og:site_name\" content=\"Xenonkungen\" \/>\n<meta property=\"article:modified_time\" content=\"2026-03-04T15:52:23+00:00\" \/>\n<meta property=\"og:image\" content=\"https:\/\/xenonkungen.com\/wp-content\/uploads\/2025\/04\/162632265-origpic-920b7b.png\" \/>\n\t<meta property=\"og:image:width\" content=\"1000\" \/>\n\t<meta property=\"og:image:height\" content=\"720\" \/>\n\t<meta property=\"og:image:type\" content=\"image\/png\" \/>\n<meta name=\"twitter:card\" content=\"summary_large_image\" \/>\n<meta name=\"twitter:label1\" content=\"Estimeret l\u00e6setid\" \/>\n\t<meta name=\"twitter:data1\" content=\"1 minut\" \/>\n<script type=\"application\/ld+json\" class=\"yoast-schema-graph\">{\"@context\":\"https:\/\/schema.org\",\"@graph\":[{\"@type\":\"WebPage\",\"@id\":\"https:\/\/xenonkungen.com\/produkt\/rorfaste-76mm-2\/\",\"url\":\"https:\/\/xenonkungen.com\/produkt\/rorfaste-76mm-2\/\",\"name\":\"R\u00f6rf\u00e4ste 76mm - Xenonkungen\",\"isPartOf\":{\"@id\":\"https:\/\/xenonkungen.com\/#website\"},\"primaryImageOfPage\":{\"@id\":\"https:\/\/xenonkungen.com\/produkt\/rorfaste-76mm-2\/#primaryimage\"},\"image\":{\"@id\":\"https:\/\/xenonkungen.com\/produkt\/rorfaste-76mm-2\/#primaryimage\"},\"thumbnailUrl\":\"https:\/\/xenonkungen.com\/wp-content\/uploads\/2025\/04\/162632265-origpic-920b7b.png\",\"datePublished\":\"2025-04-15T08:01:28+00:00\",\"dateModified\":\"2026-03-04T15:52:23+00:00\",\"breadcrumb\":{\"@id\":\"https:\/\/xenonkungen.com\/produkt\/rorfaste-76mm-2\/#breadcrumb\"},\"inLanguage\":\"da-DK\",\"potentialAction\":[{\"@type\":\"ReadAction\",\"target\":[\"https:\/\/xenonkungen.com\/produkt\/rorfaste-76mm-2\/\"]}]},{\"@type\":\"ImageObject\",\"inLanguage\":\"da-DK\",\"@id\":\"https:\/\/xenonkungen.com\/produkt\/rorfaste-76mm-2\/#primaryimage\",\"url\":\"https:\/\/xenonkungen.com\/wp-content\/uploads\/2025\/04\/162632265-origpic-920b7b.png\",\"contentUrl\":\"https:\/\/xenonkungen.com\/wp-content\/uploads\/2025\/04\/162632265-origpic-920b7b.png\",\"width\":1000,\"height\":720},{\"@type\":\"BreadcrumbList\",\"@id\":\"https:\/\/xenonkungen.com\/produkt\/rorfaste-76mm-2\/#breadcrumb\",\"itemListElement\":[{\"@type\":\"ListItem\",\"position\":1,\"name\":\"Hem\",\"item\":\"https:\/\/xenonkungen.com\/\"},{\"@type\":\"ListItem\",\"position\":2,\"name\":\"Shop\",\"item\":\"https:\/\/xenonkungen.com\/shop\/\"},{\"@type\":\"ListItem\",\"position\":3,\"name\":\"R\u00f6rf\u00e4ste 76mm\"}]},{\"@type\":\"WebSite\",\"@id\":\"https:\/\/xenonkungen.com\/#website\",\"url\":\"https:\/\/xenonkungen.com\/\",\"name\":\"Xenonkungen\",\"description\":\"\",\"potentialAction\":[{\"@type\":\"SearchAction\",\"target\":{\"@type\":\"EntryPoint\",\"urlTemplate\":\"https:\/\/xenonkungen.com\/?s={search_term_string}\"},\"query-input\":{\"@type\":\"PropertyValueSpecification\",\"valueRequired\":true,\"valueName\":\"search_term_string\"}}],\"inLanguage\":\"da-DK\"}]}<\/script>\n<!-- \/ Yoast SEO plugin. -->","yoast_head_json":{"title":"R\u00f8rbeslag 76mm - Xenonkungen","robots":{"index":"index","follow":"follow","max-snippet":"max-snippet:-1","max-image-preview":"max-image-preview:large","max-video-preview":"max-video-preview:-1"},"canonical":"https:\/\/xenonkungen.com\/dk\/vare\/rorbeslag-76-mm-2\/","og_locale":"da_DK","og_type":"article","og_title":"R\u00f6rf\u00e4ste 76mm - Xenonkungen","og_description":"Stabilt R\u00f6rf\u00e4ste f\u00f6r r\u00f6r med en diameter \u00f6ver 76mm. ger dig m\u00f6jligheten att ut\u00f6ka m\u00e4ngden extraljus i din befintliga b\u00e5ge eller f\u00e4sta ett eget system med ljus efter ditt eget tycke.","og_url":"https:\/\/xenonkungen.com\/dk\/vare\/rorbeslag-76-mm-2\/","og_site_name":"Xenonkungen","article_modified_time":"2026-03-04T15:52:23+00:00","og_image":[{"width":1000,"height":720,"url":"https:\/\/xenonkungen.com\/wp-content\/uploads\/2025\/04\/162632265-origpic-920b7b.png","type":"image\/png"}],"twitter_card":"summary_large_image","twitter_misc":{"Estimeret l\u00e6setid":"1 minut"},"schema":{"@context":"https:\/\/schema.org","@graph":[{"@type":"WebPage","@id":"https:\/\/xenonkungen.com\/produkt\/rorfaste-76mm-2\/","url":"https:\/\/xenonkungen.com\/produkt\/rorfaste-76mm-2\/","name":"R\u00f8rbeslag 76mm - Xenonkungen","isPartOf":{"@id":"https:\/\/xenonkungen.com\/#website"},"primaryImageOfPage":{"@id":"https:\/\/xenonkungen.com\/produkt\/rorfaste-76mm-2\/#primaryimage"},"image":{"@id":"https:\/\/xenonkungen.com\/produkt\/rorfaste-76mm-2\/#primaryimage"},"thumbnailUrl":"https:\/\/xenonkungen.com\/wp-content\/uploads\/2025\/04\/162632265-origpic-920b7b.png","datePublished":"2025-04-15T08:01:28+00:00","dateModified":"2026-03-04T15:52:23+00:00","breadcrumb":{"@id":"https:\/\/xenonkungen.com\/produkt\/rorfaste-76mm-2\/#breadcrumb"},"inLanguage":"da-DK","potentialAction":[{"@type":"ReadAction","target":["https:\/\/xenonkungen.com\/produkt\/rorfaste-76mm-2\/"]}]},{"@type":"ImageObject","inLanguage":"da-DK","@id":"https:\/\/xenonkungen.com\/produkt\/rorfaste-76mm-2\/#primaryimage","url":"https:\/\/xenonkungen.com\/wp-content\/uploads\/2025\/04\/162632265-origpic-920b7b.png","contentUrl":"https:\/\/xenonkungen.com\/wp-content\/uploads\/2025\/04\/162632265-origpic-920b7b.png","width":1000,"height":720},{"@type":"BreadcrumbList","@id":"https:\/\/xenonkungen.com\/produkt\/rorfaste-76mm-2\/#breadcrumb","itemListElement":[{"@type":"ListItem","position":1,"name":"Hem","item":"https:\/\/xenonkungen.com\/"},{"@type":"ListItem","position":2,"name":"Shop","item":"https:\/\/xenonkungen.com\/shop\/"},{"@type":"ListItem","position":3,"name":"R\u00f6rf\u00e4ste 76mm"}]},{"@type":"WebSite","@id":"https:\/\/xenonkungen.com\/#website","url":"https:\/\/xenonkungen.com\/","name":"Xenonkungen","description":"","potentialAction":[{"@type":"SearchAction","target":{"@type":"EntryPoint","urlTemplate":"https:\/\/xenonkungen.com\/?s={search_term_string}"},"query-input":{"@type":"PropertyValueSpecification","valueRequired":true,"valueName":"search_term_string"}}],"inLanguage":"da-DK"}]}},"taxonomy_info":{"anvandningsomrade":[{"value":165,"label":"ATV"},{"value":166,"label":"Lastbil"},{"value":167,"label":"PERSONBIL"}],"product_brand":[{"value":117,"label":"Xenonkungen"}],"product_cat":[{"value":2841,"label":"Installation extraljus"},{"value":390,"label":"Installation"}],"pa_storlek-mm":[{"value":393,"label":"76"}]},"featured_image_src_large":["https:\/\/xenonkungen.com\/wp-content\/uploads\/2025\/04\/162632265-origpic-920b7b.png",1000,720,false],"author_info":[],"comment_info":0,"_links":{"self":[{"href":"https:\/\/xenonkungen.com\/dk\/wp-json\/wp\/v2\/product\/1254","targetHints":{"allow":["GET"]}}],"collection":[{"href":"https:\/\/xenonkungen.com\/dk\/wp-json\/wp\/v2\/product"}],"about":[{"href":"https:\/\/xenonkungen.com\/dk\/wp-json\/wp\/v2\/types\/product"}],"replies":[{"embeddable":true,"href":"https:\/\/xenonkungen.com\/dk\/wp-json\/wp\/v2\/comments?post=1254"}],"wp:featuredmedia":[{"embeddable":true,"href":"https:\/\/xenonkungen.com\/dk\/wp-json\/wp\/v2\/media\/1255"}],"wp:attachment":[{"href":"https:\/\/xenonkungen.com\/dk\/wp-json\/wp\/v2\/media?parent=1254"}],"wp:term":[{"taxonomy":"anvandningsomrade","embeddable":true,"href":"https:\/\/xenonkungen.com\/dk\/wp-json\/wp\/v2\/anvandningsomrade?post=1254"},{"taxonomy":"bilmarken","embeddable":true,"href":"https:\/\/xenonkungen.com\/dk\/wp-json\/wp\/v2\/bilmarken?post=1254"},{"taxonomy":"product_brand","embeddable":true,"href":"https:\/\/xenonkungen.com\/dk\/wp-json\/wp\/v2\/product_brand?post=1254"},{"taxonomy":"product_cat","embeddable":true,"href":"https:\/\/xenonkungen.com\/dk\/wp-json\/wp\/v2\/product_cat?post=1254"},{"taxonomy":"product_tag","embeddable":true,"href":"https:\/\/xenonkungen.com\/dk\/wp-json\/wp\/v2\/product_tag?post=1254"}],"curies":[{"name":"wp","href":"https:\/\/api.w.org\/{rel}","templated":true}]}}