{"id":1266,"date":"2025-04-15T08:01:28","date_gmt":"2025-04-15T08:01:28","guid":{"rendered":"https:\/\/xenonkungen.com\/product\/magnetfaste-m8\/"},"modified":"2026-03-20T13:37:06","modified_gmt":"2026-03-20T12:37:06","slug":"magnetisk-fastgorelsesstykke-m8","status":"publish","type":"product","link":"https:\/\/xenonkungen.com\/dk\/vare\/magnetisk-fastgorelsesstykke-m8\/","title":{"rendered":"Luxtar magnetisk montering | M8"},"content":{"rendered":"<h1>Magnetiske holdere til LED-rampe- og arbejdslygter.<\/h1>\n<p>Med 24 kraftige magneter holdes tingene p\u00e5 plads!<\/p>\n<h2>Specifikation<\/h2>\n<p>Antal magneter: 24 stk. (12 stk. i hver fod)<br \/>\nFoddiameter: 88 mm<br \/>\nL\u00e6ngde: 207 mm<br \/>\nBredde: 88 mm<br \/>\nDybde\/h\u00f8jde: 98 mm (fra f\u00f8dderne op til holderens \u00f8verste kant)<br \/>\nAfstand til fastg\u00f8relsespunkt: 65 mm (fra pladen, der sidder p\u00e5 f\u00f8dderne, til hullets midtpunkt)<br \/>\nHullet p\u00e5 holderen er designet til M8-bolte<br \/>\nS\u00e6lges parvis.<\/p>\n<p><strong>OBS!<\/strong> Dette produkt er ikke beregnet til permanent installation. Hvis det skal bruges til tagmontering af f.eks. en LED-rampe, skal det fastg\u00f8res med en sikkerhedswire i tagb\u00f8jlen\/tagr\u00e6lingen.<\/p>","protected":false},"excerpt":{"rendered":"<p>Magnetiska h\u00e5llare f\u00f6r LED-ramp och arbetsljus. Med 24 kraftiga magneter h\u00e5lls sakerna p\u00e5 plats! Specifikation Antal magneter: 24 st (12 st i varje fot) Fotens diameter: 88 mm L\u00e4ngd: 207 mm Bredd: 88 mm Djup\/h\u00f6jd: 98 mm (fr\u00e5n f\u00f6tterna upp till h\u00e5llarens \u00f6vre kant) Avst\u00e5nd till f\u00e4stpunkt: 65 mm (fr\u00e5n plattan som sitter p\u00e5 f\u00f6tterna [&hellip;]<\/p>","protected":false},"featured_media":25291,"comment_status":"closed","ping_status":"closed","template":"","meta":{"_acf_changed":false,"_smort_price_nok":"636","_smort_price_dkk":"404","_smort_price_eur":"54.09","_smort_sale_price_nok":"","_smort_sale_price_dkk":"","_smort_sale_price_eur":"","smort_restorder":"","shipmondo_restorder":"","_kad_blocks_custom_css":"","_kad_blocks_head_custom_js":"","_kad_blocks_body_custom_js":"","_kad_blocks_footer_custom_js":"","smort_custom_pricelist_1":"380.8","smort_custom_pricelist_2":"333.2","smort_custom_pricelist_3":"309.4","smort_custom_pricelist_4":"476","smort_custom_pricelist_5":"380.8"},"anvandningsomrade":[],"bilmarken":[],"product_brand":[],"product_cat":[2461,390],"product_tag":[],"class_list":{"0":"post-1266","1":"product","2":"type-product","3":"status-publish","4":"has-post-thumbnail","6":"product_cat-fasten-installation","7":"product_cat-installation","9":"first","10":"instock","11":"taxable","12":"shipping-taxable","13":"purchasable","14":"product-type-simple"},"bundled_by":[],"bundle_stock_status":"instock","bundle_stock_quantity":36,"bundle_virtual":false,"bundle_layout":"","bundle_add_to_cart_form_location":"","bundle_editable_in_cart":false,"bundle_sold_individually_context":"","bundle_item_grouping":"","bundle_min_size":"","bundle_max_size":"","bundle_price":[],"bundled_items":[],"bundle_sell_ids":[],"acf":[],"yoast_head":"<!-- This site is optimized with the Yoast SEO plugin v27.0 - https:\/\/yoast.com\/product\/yoast-seo-wordpress\/ -->\n<title>Luxtar Magnetf\u00e4ste | M8 - Xenonkungen<\/title>\n<meta name=\"robots\" content=\"index, follow, max-snippet:-1, max-image-preview:large, max-video-preview:-1\" \/>\n<link rel=\"canonical\" href=\"http:\/\/xenonkungen.com\/dk\/vare\/magnetisk-fastgorelsesstykke-m8\/\" \/>\n<meta property=\"og:locale\" content=\"da_DK\" \/>\n<meta property=\"og:type\" content=\"article\" \/>\n<meta property=\"og:title\" content=\"Luxtar Magnetf\u00e4ste | M8 - Xenonkungen\" \/>\n<meta property=\"og:description\" content=\"Magnetiska h\u00e5llare f\u00f6r LED-ramp och arbetsljus. Med 24 kraftiga magneter h\u00e5lls sakerna p\u00e5 plats! Specifikation Antal magneter: 24 st (12 st i varje fot) Fotens diameter: 88 mm L\u00e4ngd: 207 mm Bredd: 88 mm Djup\/h\u00f6jd: 98 mm (fr\u00e5n f\u00f6tterna upp till h\u00e5llarens \u00f6vre kant) Avst\u00e5nd till f\u00e4stpunkt: 65 mm (fr\u00e5n plattan som sitter p\u00e5 f\u00f6tterna [&hellip;]\" \/>\n<meta property=\"og:url\" content=\"http:\/\/xenonkungen.com\/dk\/vare\/magnetisk-fastgorelsesstykke-m8\/\" \/>\n<meta property=\"og:site_name\" content=\"Xenonkungen\" \/>\n<meta property=\"article:modified_time\" content=\"2026-03-20T12:37:06+00:00\" \/>\n<meta property=\"og:image\" content=\"https:\/\/xenonkungen.com\/wp-content\/uploads\/2025\/04\/Magnet-Bracket-ArtNr-40030-DSCF8849-PNNG-1024x617.png\" \/>\n\t<meta property=\"og:image:width\" content=\"1024\" \/>\n\t<meta property=\"og:image:height\" content=\"617\" \/>\n\t<meta property=\"og:image:type\" content=\"image\/png\" \/>\n<meta name=\"twitter:card\" content=\"summary_large_image\" \/>\n<meta name=\"twitter:label1\" content=\"Estimeret l\u00e6setid\" \/>\n\t<meta name=\"twitter:data1\" content=\"1 minut\" \/>\n<script type=\"application\/ld+json\" class=\"yoast-schema-graph\">{\"@context\":\"https:\/\/schema.org\",\"@graph\":[{\"@type\":\"WebPage\",\"@id\":\"http:\/\/xenonkungen.com\/fi\/tuote\/magneettinen-kiinnitin-m8\/\",\"url\":\"http:\/\/xenonkungen.com\/fi\/tuote\/magneettinen-kiinnitin-m8\/\",\"name\":\"Luxtar Magnetf\u00e4ste | M8 - Xenonkungen\",\"isPartOf\":{\"@id\":\"https:\/\/xenonkungen.com\/#website\"},\"primaryImageOfPage\":{\"@id\":\"http:\/\/xenonkungen.com\/fi\/tuote\/magneettinen-kiinnitin-m8\/#primaryimage\"},\"image\":{\"@id\":\"http:\/\/xenonkungen.com\/fi\/tuote\/magneettinen-kiinnitin-m8\/#primaryimage\"},\"thumbnailUrl\":\"https:\/\/xenonkungen.com\/wp-content\/uploads\/2025\/04\/Magnet-Bracket-ArtNr-40030-DSCF8849-PNNG.png\",\"datePublished\":\"2025-04-15T08:01:28+00:00\",\"dateModified\":\"2026-03-20T12:37:06+00:00\",\"breadcrumb\":{\"@id\":\"http:\/\/xenonkungen.com\/fi\/tuote\/magneettinen-kiinnitin-m8\/#breadcrumb\"},\"inLanguage\":\"da-DK\",\"potentialAction\":[{\"@type\":\"ReadAction\",\"target\":[\"http:\/\/xenonkungen.com\/fi\/tuote\/magneettinen-kiinnitin-m8\/\"]}]},{\"@type\":\"ImageObject\",\"inLanguage\":\"da-DK\",\"@id\":\"http:\/\/xenonkungen.com\/fi\/tuote\/magneettinen-kiinnitin-m8\/#primaryimage\",\"url\":\"https:\/\/xenonkungen.com\/wp-content\/uploads\/2025\/04\/Magnet-Bracket-ArtNr-40030-DSCF8849-PNNG.png\",\"contentUrl\":\"https:\/\/xenonkungen.com\/wp-content\/uploads\/2025\/04\/Magnet-Bracket-ArtNr-40030-DSCF8849-PNNG.png\",\"width\":2000,\"height\":1205},{\"@type\":\"BreadcrumbList\",\"@id\":\"http:\/\/xenonkungen.com\/fi\/tuote\/magneettinen-kiinnitin-m8\/#breadcrumb\",\"itemListElement\":[{\"@type\":\"ListItem\",\"position\":1,\"name\":\"Hem\",\"item\":\"https:\/\/xenonkungen.com\/\"},{\"@type\":\"ListItem\",\"position\":2,\"name\":\"Shop\",\"item\":\"https:\/\/xenonkungen.com\/shop\/\"},{\"@type\":\"ListItem\",\"position\":3,\"name\":\"Luxtar Magnetf\u00e4ste | M8\"}]},{\"@type\":\"WebSite\",\"@id\":\"https:\/\/xenonkungen.com\/#website\",\"url\":\"https:\/\/xenonkungen.com\/\",\"name\":\"Xenonkungen\",\"description\":\"\",\"potentialAction\":[{\"@type\":\"SearchAction\",\"target\":{\"@type\":\"EntryPoint\",\"urlTemplate\":\"https:\/\/xenonkungen.com\/?s={search_term_string}\"},\"query-input\":{\"@type\":\"PropertyValueSpecification\",\"valueRequired\":true,\"valueName\":\"search_term_string\"}}],\"inLanguage\":\"da-DK\"}]}<\/script>\n<!-- \/ Yoast SEO plugin. -->","yoast_head_json":{"title":"Luxtar Magnetisk Montering | M8 - Xenon Kongen","robots":{"index":"index","follow":"follow","max-snippet":"max-snippet:-1","max-image-preview":"max-image-preview:large","max-video-preview":"max-video-preview:-1"},"canonical":"http:\/\/xenonkungen.com\/dk\/vare\/magnetisk-fastgorelsesstykke-m8\/","og_locale":"da_DK","og_type":"article","og_title":"Luxtar Magnetf\u00e4ste | M8 - Xenonkungen","og_description":"Magnetiska h\u00e5llare f\u00f6r LED-ramp och arbetsljus. Med 24 kraftiga magneter h\u00e5lls sakerna p\u00e5 plats! Specifikation Antal magneter: 24 st (12 st i varje fot) Fotens diameter: 88 mm L\u00e4ngd: 207 mm Bredd: 88 mm Djup\/h\u00f6jd: 98 mm (fr\u00e5n f\u00f6tterna upp till h\u00e5llarens \u00f6vre kant) Avst\u00e5nd till f\u00e4stpunkt: 65 mm (fr\u00e5n plattan som sitter p\u00e5 f\u00f6tterna [&hellip;]","og_url":"http:\/\/xenonkungen.com\/dk\/vare\/magnetisk-fastgorelsesstykke-m8\/","og_site_name":"Xenonkungen","article_modified_time":"2026-03-20T12:37:06+00:00","og_image":[{"width":1024,"height":617,"url":"https:\/\/xenonkungen.com\/wp-content\/uploads\/2025\/04\/Magnet-Bracket-ArtNr-40030-DSCF8849-PNNG-1024x617.png","type":"image\/png"}],"twitter_card":"summary_large_image","twitter_misc":{"Estimeret l\u00e6setid":"1 minut"},"schema":{"@context":"https:\/\/schema.org","@graph":[{"@type":"WebPage","@id":"http:\/\/xenonkungen.com\/fi\/tuote\/magneettinen-kiinnitin-m8\/","url":"http:\/\/xenonkungen.com\/fi\/tuote\/magneettinen-kiinnitin-m8\/","name":"Luxtar Magnetisk Montering | M8 - Xenon Kongen","isPartOf":{"@id":"https:\/\/xenonkungen.com\/#website"},"primaryImageOfPage":{"@id":"http:\/\/xenonkungen.com\/fi\/tuote\/magneettinen-kiinnitin-m8\/#primaryimage"},"image":{"@id":"http:\/\/xenonkungen.com\/fi\/tuote\/magneettinen-kiinnitin-m8\/#primaryimage"},"thumbnailUrl":"https:\/\/xenonkungen.com\/wp-content\/uploads\/2025\/04\/Magnet-Bracket-ArtNr-40030-DSCF8849-PNNG.png","datePublished":"2025-04-15T08:01:28+00:00","dateModified":"2026-03-20T12:37:06+00:00","breadcrumb":{"@id":"http:\/\/xenonkungen.com\/fi\/tuote\/magneettinen-kiinnitin-m8\/#breadcrumb"},"inLanguage":"da-DK","potentialAction":[{"@type":"ReadAction","target":["http:\/\/xenonkungen.com\/fi\/tuote\/magneettinen-kiinnitin-m8\/"]}]},{"@type":"ImageObject","inLanguage":"da-DK","@id":"http:\/\/xenonkungen.com\/fi\/tuote\/magneettinen-kiinnitin-m8\/#primaryimage","url":"https:\/\/xenonkungen.com\/wp-content\/uploads\/2025\/04\/Magnet-Bracket-ArtNr-40030-DSCF8849-PNNG.png","contentUrl":"https:\/\/xenonkungen.com\/wp-content\/uploads\/2025\/04\/Magnet-Bracket-ArtNr-40030-DSCF8849-PNNG.png","width":2000,"height":1205},{"@type":"BreadcrumbList","@id":"http:\/\/xenonkungen.com\/fi\/tuote\/magneettinen-kiinnitin-m8\/#breadcrumb","itemListElement":[{"@type":"ListItem","position":1,"name":"Hem","item":"https:\/\/xenonkungen.com\/"},{"@type":"ListItem","position":2,"name":"Shop","item":"https:\/\/xenonkungen.com\/shop\/"},{"@type":"ListItem","position":3,"name":"Luxtar Magnetf\u00e4ste | M8"}]},{"@type":"WebSite","@id":"https:\/\/xenonkungen.com\/#website","url":"https:\/\/xenonkungen.com\/","name":"Xenonkungen","description":"","potentialAction":[{"@type":"SearchAction","target":{"@type":"EntryPoint","urlTemplate":"https:\/\/xenonkungen.com\/?s={search_term_string}"},"query-input":{"@type":"PropertyValueSpecification","valueRequired":true,"valueName":"search_term_string"}}],"inLanguage":"da-DK"}]}},"taxonomy_info":{"product_cat":[{"value":2461,"label":"F\u00e4sten"},{"value":390,"label":"Installation"}]},"featured_image_src_large":["https:\/\/xenonkungen.com\/wp-content\/uploads\/2025\/04\/Magnet-Bracket-ArtNr-40030-DSCF8849-PNNG-1024x617.png",1024,617,true],"author_info":[],"comment_info":0,"_links":{"self":[{"href":"https:\/\/xenonkungen.com\/dk\/wp-json\/wp\/v2\/product\/1266","targetHints":{"allow":["GET"]}}],"collection":[{"href":"https:\/\/xenonkungen.com\/dk\/wp-json\/wp\/v2\/product"}],"about":[{"href":"https:\/\/xenonkungen.com\/dk\/wp-json\/wp\/v2\/types\/product"}],"replies":[{"embeddable":true,"href":"https:\/\/xenonkungen.com\/dk\/wp-json\/wp\/v2\/comments?post=1266"}],"wp:featuredmedia":[{"embeddable":true,"href":"https:\/\/xenonkungen.com\/dk\/wp-json\/wp\/v2\/media\/25291"}],"wp:attachment":[{"href":"https:\/\/xenonkungen.com\/dk\/wp-json\/wp\/v2\/media?parent=1266"}],"wp:term":[{"taxonomy":"anvandningsomrade","embeddable":true,"href":"https:\/\/xenonkungen.com\/dk\/wp-json\/wp\/v2\/anvandningsomrade?post=1266"},{"taxonomy":"bilmarken","embeddable":true,"href":"https:\/\/xenonkungen.com\/dk\/wp-json\/wp\/v2\/bilmarken?post=1266"},{"taxonomy":"product_brand","embeddable":true,"href":"https:\/\/xenonkungen.com\/dk\/wp-json\/wp\/v2\/product_brand?post=1266"},{"taxonomy":"product_cat","embeddable":true,"href":"https:\/\/xenonkungen.com\/dk\/wp-json\/wp\/v2\/product_cat?post=1266"},{"taxonomy":"product_tag","embeddable":true,"href":"https:\/\/xenonkungen.com\/dk\/wp-json\/wp\/v2\/product_tag?post=1266"}],"curies":[{"name":"wp","href":"https:\/\/api.w.org\/{rel}","templated":true}]}}