{"id":1290,"date":"2025-04-15T08:02:11","date_gmt":"2025-04-15T08:02:11","guid":{"rendered":"https:\/\/xenonkungen.com\/product\/lamphallare-h7-n04\/"},"modified":"2026-04-12T17:52:38","modified_gmt":"2026-04-12T16:52:38","slug":"lampeholder-h7-n04","status":"publish","type":"product","link":"https:\/\/xenonkungen.com\/dk\/vare\/lampeholder-h7-n04\/","title":{"rendered":"Lampeholder H7 N04"},"content":{"rendered":"<p>Velegnet til bl.a. bilmodeller: <\/p>\n<p>Mercedes E-klasse<br \/>Audi A3, A4L, A6L<br \/>BMW Serie 5, X5<br \/>VW Sigtar, Bora, Passat<br \/>Nissan Qashqai<br \/>Saab NG9-5 2010-2012<br \/>Saab NG9-3 (2003-2007, Facelift -08)<br \/>Skoda Fabia 2017 Fjernlys<\/p>","protected":false},"excerpt":{"rendered":"<p>Lampeholdere til LED og xenon.<\/p>\n<p>Velegnet til bl.a. bilmodeller:<br \/>\nMercedes E-Klasse (ny model)<br \/>\nAudi A3, A4L, A6L<br \/>\nBMW Serie 5, X5<br \/>\nVolkswagen Sigtar, Bora, Passat<br \/>\nNissan Qashqai<\/p>","protected":false},"featured_media":1291,"comment_status":"closed","ping_status":"open","template":"","meta":{"_acf_changed":false,"_smort_price_nok":"27","_smort_price_dkk":"17","_smort_price_eur":"2.27","_smort_sale_price_nok":"","_smort_sale_price_dkk":"","_smort_sale_price_eur":"","smort_restorder":"","shipmondo_restorder":"","_kad_blocks_custom_css":"","_kad_blocks_head_custom_js":"","_kad_blocks_body_custom_js":"","_kad_blocks_footer_custom_js":"","smort_custom_pricelist_1":"16","smort_custom_pricelist_2":"14","smort_custom_pricelist_3":"13.3","smort_custom_pricelist_4":"20","smort_custom_pricelist_5":"16"},"anvandningsomrade":[],"bilmarken":[],"product_brand":[],"product_cat":[2465,733],"product_tag":[],"class_list":{"0":"post-1290","1":"product","2":"type-product","3":"status-publish","4":"has-post-thumbnail","6":"product_cat-lamphallare-halvljus-helljus","7":"product_cat-halvljus-helljus","8":"pa_lampsockel-kontakt-h7","10":"first","11":"instock","12":"taxable","13":"shipping-taxable","14":"purchasable","15":"product-type-simple"},"bundled_by":[],"bundle_stock_status":"instock","bundle_stock_quantity":54,"bundle_virtual":false,"bundle_layout":"","bundle_add_to_cart_form_location":"","bundle_editable_in_cart":false,"bundle_sold_individually_context":"","bundle_item_grouping":"","bundle_min_size":"","bundle_max_size":"","bundle_price":[],"bundled_items":[],"bundle_sell_ids":[],"acf":[],"yoast_head":"<!-- This site is optimized with the Yoast SEO plugin v27.0 - https:\/\/yoast.com\/product\/yoast-seo-wordpress\/ -->\n<title>Lamph\u00e5llare H7 N04 - Xenonkungen<\/title>\n<meta name=\"robots\" content=\"index, follow, max-snippet:-1, max-image-preview:large, max-video-preview:-1\" \/>\n<link rel=\"canonical\" href=\"https:\/\/xenonkungen.com\/dk\/vare\/lampeholder-h7-n04\/\" \/>\n<meta property=\"og:locale\" content=\"da_DK\" \/>\n<meta property=\"og:type\" content=\"article\" \/>\n<meta property=\"og:title\" content=\"Lamph\u00e5llare H7 N04 - Xenonkungen\" \/>\n<meta property=\"og:description\" content=\"Lamph\u00e5llare f\u00f6r LED och xenon. Passar bland annat bilmodell: Mercedes E-klass (nya modellen) Audi A3, A4L, A6L BMW Series 5, X5 Volkswagen Sigtar, Bora, Passat Nissan Qashqai\" \/>\n<meta property=\"og:url\" content=\"https:\/\/xenonkungen.com\/dk\/vare\/lampeholder-h7-n04\/\" \/>\n<meta property=\"og:site_name\" content=\"Xenonkungen\" \/>\n<meta property=\"article:modified_time\" content=\"2026-04-12T16:52:38+00:00\" \/>\n<meta property=\"og:image\" content=\"https:\/\/xenonkungen.com\/wp-content\/uploads\/2025\/04\/161862501-origpic-a5c563.png\" \/>\n\t<meta property=\"og:image:width\" content=\"1000\" \/>\n\t<meta property=\"og:image:height\" content=\"821\" \/>\n\t<meta property=\"og:image:type\" content=\"image\/png\" \/>\n<meta name=\"twitter:card\" content=\"summary_large_image\" \/>\n<script type=\"application\/ld+json\" class=\"yoast-schema-graph\">{\"@context\":\"https:\/\/schema.org\",\"@graph\":[{\"@type\":\"WebPage\",\"@id\":\"https:\/\/xenonkungen.com\/fi\/tuote\/lamphallare-h7-n04\/\",\"url\":\"https:\/\/xenonkungen.com\/fi\/tuote\/lamphallare-h7-n04\/\",\"name\":\"Lamph\u00e5llare H7 N04 - Xenonkungen\",\"isPartOf\":{\"@id\":\"https:\/\/xenonkungen.com\/#website\"},\"primaryImageOfPage\":{\"@id\":\"https:\/\/xenonkungen.com\/fi\/tuote\/lamphallare-h7-n04\/#primaryimage\"},\"image\":{\"@id\":\"https:\/\/xenonkungen.com\/fi\/tuote\/lamphallare-h7-n04\/#primaryimage\"},\"thumbnailUrl\":\"https:\/\/xenonkungen.com\/wp-content\/uploads\/2025\/04\/161862501-origpic-a5c563.png\",\"datePublished\":\"2025-04-15T08:02:11+00:00\",\"dateModified\":\"2026-04-12T16:52:38+00:00\",\"breadcrumb\":{\"@id\":\"https:\/\/xenonkungen.com\/fi\/tuote\/lamphallare-h7-n04\/#breadcrumb\"},\"inLanguage\":\"da-DK\",\"potentialAction\":[{\"@type\":\"ReadAction\",\"target\":[\"https:\/\/xenonkungen.com\/fi\/tuote\/lamphallare-h7-n04\/\"]}]},{\"@type\":\"ImageObject\",\"inLanguage\":\"da-DK\",\"@id\":\"https:\/\/xenonkungen.com\/fi\/tuote\/lamphallare-h7-n04\/#primaryimage\",\"url\":\"https:\/\/xenonkungen.com\/wp-content\/uploads\/2025\/04\/161862501-origpic-a5c563.png\",\"contentUrl\":\"https:\/\/xenonkungen.com\/wp-content\/uploads\/2025\/04\/161862501-origpic-a5c563.png\",\"width\":1000,\"height\":821},{\"@type\":\"BreadcrumbList\",\"@id\":\"https:\/\/xenonkungen.com\/fi\/tuote\/lamphallare-h7-n04\/#breadcrumb\",\"itemListElement\":[{\"@type\":\"ListItem\",\"position\":1,\"name\":\"Hem\",\"item\":\"https:\/\/xenonkungen.com\/\"},{\"@type\":\"ListItem\",\"position\":2,\"name\":\"Shop\",\"item\":\"https:\/\/xenonkungen.com\/shop\/\"},{\"@type\":\"ListItem\",\"position\":3,\"name\":\"Lamph\u00e5llare H7 N04\"}]},{\"@type\":\"WebSite\",\"@id\":\"https:\/\/xenonkungen.com\/#website\",\"url\":\"https:\/\/xenonkungen.com\/\",\"name\":\"Xenonkungen\",\"description\":\"\",\"potentialAction\":[{\"@type\":\"SearchAction\",\"target\":{\"@type\":\"EntryPoint\",\"urlTemplate\":\"https:\/\/xenonkungen.com\/?s={search_term_string}\"},\"query-input\":{\"@type\":\"PropertyValueSpecification\",\"valueRequired\":true,\"valueName\":\"search_term_string\"}}],\"inLanguage\":\"da-DK\"}]}<\/script>\n<!-- \/ Yoast SEO plugin. -->","yoast_head_json":{"title":"Lampeholder H7 N04 - Xenon-kongen","robots":{"index":"index","follow":"follow","max-snippet":"max-snippet:-1","max-image-preview":"max-image-preview:large","max-video-preview":"max-video-preview:-1"},"canonical":"https:\/\/xenonkungen.com\/dk\/vare\/lampeholder-h7-n04\/","og_locale":"da_DK","og_type":"article","og_title":"Lamph\u00e5llare H7 N04 - Xenonkungen","og_description":"Lamph\u00e5llare f\u00f6r LED och xenon. Passar bland annat bilmodell: Mercedes E-klass (nya modellen) Audi A3, A4L, A6L BMW Series 5, X5 Volkswagen Sigtar, Bora, Passat Nissan Qashqai","og_url":"https:\/\/xenonkungen.com\/dk\/vare\/lampeholder-h7-n04\/","og_site_name":"Xenonkungen","article_modified_time":"2026-04-12T16:52:38+00:00","og_image":[{"width":1000,"height":821,"url":"https:\/\/xenonkungen.com\/wp-content\/uploads\/2025\/04\/161862501-origpic-a5c563.png","type":"image\/png"}],"twitter_card":"summary_large_image","schema":{"@context":"https:\/\/schema.org","@graph":[{"@type":"WebPage","@id":"https:\/\/xenonkungen.com\/fi\/tuote\/lamphallare-h7-n04\/","url":"https:\/\/xenonkungen.com\/fi\/tuote\/lamphallare-h7-n04\/","name":"Lampeholder H7 N04 - Xenon-kongen","isPartOf":{"@id":"https:\/\/xenonkungen.com\/#website"},"primaryImageOfPage":{"@id":"https:\/\/xenonkungen.com\/fi\/tuote\/lamphallare-h7-n04\/#primaryimage"},"image":{"@id":"https:\/\/xenonkungen.com\/fi\/tuote\/lamphallare-h7-n04\/#primaryimage"},"thumbnailUrl":"https:\/\/xenonkungen.com\/wp-content\/uploads\/2025\/04\/161862501-origpic-a5c563.png","datePublished":"2025-04-15T08:02:11+00:00","dateModified":"2026-04-12T16:52:38+00:00","breadcrumb":{"@id":"https:\/\/xenonkungen.com\/fi\/tuote\/lamphallare-h7-n04\/#breadcrumb"},"inLanguage":"da-DK","potentialAction":[{"@type":"ReadAction","target":["https:\/\/xenonkungen.com\/fi\/tuote\/lamphallare-h7-n04\/"]}]},{"@type":"ImageObject","inLanguage":"da-DK","@id":"https:\/\/xenonkungen.com\/fi\/tuote\/lamphallare-h7-n04\/#primaryimage","url":"https:\/\/xenonkungen.com\/wp-content\/uploads\/2025\/04\/161862501-origpic-a5c563.png","contentUrl":"https:\/\/xenonkungen.com\/wp-content\/uploads\/2025\/04\/161862501-origpic-a5c563.png","width":1000,"height":821},{"@type":"BreadcrumbList","@id":"https:\/\/xenonkungen.com\/fi\/tuote\/lamphallare-h7-n04\/#breadcrumb","itemListElement":[{"@type":"ListItem","position":1,"name":"Hem","item":"https:\/\/xenonkungen.com\/"},{"@type":"ListItem","position":2,"name":"Shop","item":"https:\/\/xenonkungen.com\/shop\/"},{"@type":"ListItem","position":3,"name":"Lamph\u00e5llare H7 N04"}]},{"@type":"WebSite","@id":"https:\/\/xenonkungen.com\/#website","url":"https:\/\/xenonkungen.com\/","name":"Xenonkungen","description":"","potentialAction":[{"@type":"SearchAction","target":{"@type":"EntryPoint","urlTemplate":"https:\/\/xenonkungen.com\/?s={search_term_string}"},"query-input":{"@type":"PropertyValueSpecification","valueRequired":true,"valueName":"search_term_string"}}],"inLanguage":"da-DK"}]}},"taxonomy_info":{"product_cat":[{"value":2465,"label":"Lamph\u00e5llare"},{"value":733,"label":"Halvljus \/ Helljus"}],"pa_lampsockel-kontakt":[{"value":206,"label":"H7"}]},"featured_image_src_large":["https:\/\/xenonkungen.com\/wp-content\/uploads\/2025\/04\/161862501-origpic-a5c563.png",1000,821,false],"author_info":[],"comment_info":0,"_links":{"self":[{"href":"https:\/\/xenonkungen.com\/dk\/wp-json\/wp\/v2\/product\/1290","targetHints":{"allow":["GET"]}}],"collection":[{"href":"https:\/\/xenonkungen.com\/dk\/wp-json\/wp\/v2\/product"}],"about":[{"href":"https:\/\/xenonkungen.com\/dk\/wp-json\/wp\/v2\/types\/product"}],"replies":[{"embeddable":true,"href":"https:\/\/xenonkungen.com\/dk\/wp-json\/wp\/v2\/comments?post=1290"}],"wp:featuredmedia":[{"embeddable":true,"href":"https:\/\/xenonkungen.com\/dk\/wp-json\/wp\/v2\/media\/1291"}],"wp:attachment":[{"href":"https:\/\/xenonkungen.com\/dk\/wp-json\/wp\/v2\/media?parent=1290"}],"wp:term":[{"taxonomy":"anvandningsomrade","embeddable":true,"href":"https:\/\/xenonkungen.com\/dk\/wp-json\/wp\/v2\/anvandningsomrade?post=1290"},{"taxonomy":"bilmarken","embeddable":true,"href":"https:\/\/xenonkungen.com\/dk\/wp-json\/wp\/v2\/bilmarken?post=1290"},{"taxonomy":"product_brand","embeddable":true,"href":"https:\/\/xenonkungen.com\/dk\/wp-json\/wp\/v2\/product_brand?post=1290"},{"taxonomy":"product_cat","embeddable":true,"href":"https:\/\/xenonkungen.com\/dk\/wp-json\/wp\/v2\/product_cat?post=1290"},{"taxonomy":"product_tag","embeddable":true,"href":"https:\/\/xenonkungen.com\/dk\/wp-json\/wp\/v2\/product_tag?post=1290"}],"curies":[{"name":"wp","href":"https:\/\/api.w.org\/{rel}","templated":true}]}}