{"id":13187,"date":"2025-09-02T14:26:34","date_gmt":"2025-09-02T14:26:34","guid":{"rendered":"https:\/\/xenonkungen.com\/?post_type=product&#038;p=13187"},"modified":"2026-04-11T01:23:27","modified_gmt":"2026-04-11T00:23:27","slug":"osram-original-linje-h15","status":"publish","type":"product","link":"https:\/\/xenonkungen.com\/dk\/vare\/osram-original-linje-h15\/","title":{"rendered":"OSRAM ORIGINAL LINE H15 - 24V"},"content":{"rendered":"<h3 data-start=\"96\" data-end=\"158\">De omkostningseffektive originale reservedele til lastbiler<\/h3>\n<p data-start=\"160\" data-end=\"361\"><strong data-start=\"160\" data-end=\"213\">Sikkerhed, p\u00e5lidelighed og overkommelige priser i \u00e9t.<\/strong><br data-start=\"213\" data-end=\"216\" \/>OSRAM <strong data-start=\"222\" data-end=\"239\">ORIGINAL LINJE<\/strong> er den smarte l\u00f8sning til alle almindelige behov i 24 V-sektoren - altid robust, altid p\u00e5lidelig og altid \u00f8konomisk.<\/p>\n<p data-start=\"363\" data-end=\"603\">Anvendes allerede i millioner af nye k\u00f8ret\u00f8jer fra kendte producenter, b\u00e5de som standardudstyr og originale reservedele. Disse p\u00e5lidelige halogenlamper leverer stabil ydelse under normale k\u00f8rselsforhold, samtidig med at de er omkostningseffektive.<\/p>\n<p data-start=\"605\" data-end=\"630\"><strong data-start=\"605\" data-end=\"628\">Fordele i korte tr\u00e6k:<\/strong><\/p>\n<ul data-start=\"631\" data-end=\"897\">\n<li data-start=\"631\" data-end=\"684\">\n<p data-start=\"633\" data-end=\"684\">OEM-kvalitet - dokumenteret i fabriksmonterede systemer<\/p>\n<\/li>\n<li data-start=\"685\" data-end=\"730\">\n<p data-start=\"687\" data-end=\"730\">H\u00f8j p\u00e5lidelighed og robust konstruktion<\/p>\n<\/li>\n<li data-start=\"731\" data-end=\"792\">\n<p data-start=\"733\" data-end=\"792\">Omkostningseffektiv l\u00f8sning til alle almindelige 24 V-behov<\/p>\n<\/li>\n<li data-start=\"793\" data-end=\"850\">\n<p data-start=\"795\" data-end=\"850\">Bredt produktsortiment, der d\u00e6kker mange anvendelsesomr\u00e5der<\/p>\n<\/li>\n<li data-start=\"851\" data-end=\"897\">\n<p data-start=\"853\" data-end=\"897\">Prisbillig ydelse med kvalitet fra OSRAM<\/p>\n<\/li>\n<\/ul>\n<p data-start=\"899\" data-end=\"998\">V\u00e6lg venligst <strong data-start=\"904\" data-end=\"927\">OSRAM ORIGINAL LINE<\/strong> - Den \u00f8konomiske reservedel, der aldrig g\u00e5r p\u00e5 kompromis med sikkerheden.<\/p>","protected":false},"excerpt":{"rendered":"<p>De kostnadseffektiva originalreservdelarna f\u00f6r lastbilar S\u00e4kerhet, tillf\u00f6rlitlighet och prisv\u00e4rdhet i ett.OSRAM ORIGINAL LINE \u00e4r den smarta l\u00f6sningen f\u00f6r alla vanliga behov inom 24 V-sektorn \u2013 alltid robust, alltid p\u00e5litlig och alltid ekonomisk. Anv\u00e4nds redan i miljontals nya fordon fr\u00e5n v\u00e4lk\u00e4nda tillverkare, b\u00e5de som standardutrustning och originalreservdel. Dessa p\u00e5litliga halogenlampor levererar stabil prestanda under normala k\u00f6rf\u00f6rh\u00e5llanden [&hellip;]<\/p>","protected":false},"featured_media":13188,"comment_status":"open","ping_status":"closed","template":"","meta":{"_acf_changed":false,"_smort_price_nok":"351","_smort_price_dkk":"223","_smort_price_eur":"29.91","_smort_sale_price_nok":"","_smort_sale_price_dkk":"","_smort_sale_price_eur":"","smort_restorder":"","shipmondo_restorder":"","_kad_blocks_custom_css":"","_kad_blocks_head_custom_js":"","_kad_blocks_body_custom_js":"","_kad_blocks_footer_custom_js":"","smort_custom_pricelist_1":"210.56","smort_custom_pricelist_2":"184.24","smort_custom_pricelist_3":"171.08","smort_custom_pricelist_4":"263.2","smort_custom_pricelist_5":"184.24"},"anvandningsomrade":[],"bilmarken":[],"product_brand":[108],"product_cat":[2543,733],"product_tag":[],"class_list":{"0":"post-13187","1":"product","2":"type-product","3":"status-publish","4":"has-post-thumbnail","6":"product_brand-osram","7":"product_cat-halogen-halvljus-helljus","8":"product_cat-halvljus-helljus","9":"pa_fargtemperatur-2004","10":"pa_lampsockel-kontakt-h15","11":"pa_lampsockel-kontakt-pgj23t-1","12":"pa_volt-v-2737","14":"first","15":"instock","16":"taxable","17":"shipping-taxable","18":"purchasable","19":"product-type-simple"},"bundled_by":[],"bundle_stock_status":"instock","bundle_stock_quantity":4,"bundle_virtual":false,"bundle_layout":"","bundle_add_to_cart_form_location":"","bundle_editable_in_cart":false,"bundle_sold_individually_context":"","bundle_item_grouping":"","bundle_min_size":"","bundle_max_size":"","bundle_price":[],"bundled_items":[],"bundle_sell_ids":[],"acf":[],"yoast_head":"<!-- This site is optimized with the Yoast SEO plugin v27.0 - https:\/\/yoast.com\/product\/yoast-seo-wordpress\/ -->\n<title>OSRAM ORIGINAL LINE H15 - 24V - Xenonkungen<\/title>\n<meta name=\"robots\" content=\"index, follow, max-snippet:-1, max-image-preview:large, max-video-preview:-1\" \/>\n<link rel=\"canonical\" href=\"https:\/\/xenonkungen.com\/dk\/vare\/osram-original-linje-h15\/\" \/>\n<meta property=\"og:locale\" content=\"da_DK\" \/>\n<meta property=\"og:type\" content=\"article\" \/>\n<meta property=\"og:title\" content=\"OSRAM ORIGINAL LINE H15 - 24V - Xenonkungen\" \/>\n<meta property=\"og:description\" content=\"De kostnadseffektiva originalreservdelarna f\u00f6r lastbilar S\u00e4kerhet, tillf\u00f6rlitlighet och prisv\u00e4rdhet i ett.OSRAM ORIGINAL LINE \u00e4r den smarta l\u00f6sningen f\u00f6r alla vanliga behov inom 24 V-sektorn \u2013 alltid robust, alltid p\u00e5litlig och alltid ekonomisk. Anv\u00e4nds redan i miljontals nya fordon fr\u00e5n v\u00e4lk\u00e4nda tillverkare, b\u00e5de som standardutrustning och originalreservdel. Dessa p\u00e5litliga halogenlampor levererar stabil prestanda under normala k\u00f6rf\u00f6rh\u00e5llanden [&hellip;]\" \/>\n<meta property=\"og:url\" content=\"https:\/\/xenonkungen.com\/dk\/vare\/osram-original-linje-h15\/\" \/>\n<meta property=\"og:site_name\" content=\"Xenonkungen\" \/>\n<meta property=\"article:modified_time\" content=\"2026-04-11T00:23:27+00:00\" \/>\n<meta property=\"og:image\" content=\"https:\/\/xenonkungen.com\/wp-content\/uploads\/2025\/09\/Small-for-web-and-ppt-724497_ORIGINAL-H15-64177.jpg\" \/>\n\t<meta property=\"og:image:width\" content=\"1024\" \/>\n\t<meta property=\"og:image:height\" content=\"1496\" \/>\n\t<meta property=\"og:image:type\" content=\"image\/jpeg\" \/>\n<meta name=\"twitter:card\" content=\"summary_large_image\" \/>\n<meta name=\"twitter:label1\" content=\"Estimeret l\u00e6setid\" \/>\n\t<meta name=\"twitter:data1\" content=\"1 minut\" \/>\n<script type=\"application\/ld+json\" class=\"yoast-schema-graph\">{\"@context\":\"https:\/\/schema.org\",\"@graph\":[{\"@type\":\"WebPage\",\"@id\":\"https:\/\/xenonkungen.com\/produkt\/osram-original-line-h15\/\",\"url\":\"https:\/\/xenonkungen.com\/produkt\/osram-original-line-h15\/\",\"name\":\"OSRAM ORIGINAL LINE H15 - 24V - Xenonkungen\",\"isPartOf\":{\"@id\":\"https:\/\/xenonkungen.com\/#website\"},\"primaryImageOfPage\":{\"@id\":\"https:\/\/xenonkungen.com\/produkt\/osram-original-line-h15\/#primaryimage\"},\"image\":{\"@id\":\"https:\/\/xenonkungen.com\/produkt\/osram-original-line-h15\/#primaryimage\"},\"thumbnailUrl\":\"https:\/\/xenonkungen.com\/wp-content\/uploads\/2025\/09\/Small-for-web-and-ppt-724497_ORIGINAL-H15-64177.jpg\",\"datePublished\":\"2025-09-02T14:26:34+00:00\",\"dateModified\":\"2026-04-11T00:23:27+00:00\",\"breadcrumb\":{\"@id\":\"https:\/\/xenonkungen.com\/produkt\/osram-original-line-h15\/#breadcrumb\"},\"inLanguage\":\"da-DK\",\"potentialAction\":[{\"@type\":\"ReadAction\",\"target\":[\"https:\/\/xenonkungen.com\/produkt\/osram-original-line-h15\/\"]}]},{\"@type\":\"ImageObject\",\"inLanguage\":\"da-DK\",\"@id\":\"https:\/\/xenonkungen.com\/produkt\/osram-original-line-h15\/#primaryimage\",\"url\":\"https:\/\/xenonkungen.com\/wp-content\/uploads\/2025\/09\/Small-for-web-and-ppt-724497_ORIGINAL-H15-64177.jpg\",\"contentUrl\":\"https:\/\/xenonkungen.com\/wp-content\/uploads\/2025\/09\/Small-for-web-and-ppt-724497_ORIGINAL-H15-64177.jpg\",\"width\":1024,\"height\":1496},{\"@type\":\"BreadcrumbList\",\"@id\":\"https:\/\/xenonkungen.com\/produkt\/osram-original-line-h15\/#breadcrumb\",\"itemListElement\":[{\"@type\":\"ListItem\",\"position\":1,\"name\":\"Hem\",\"item\":\"https:\/\/xenonkungen.com\/\"},{\"@type\":\"ListItem\",\"position\":2,\"name\":\"Shop\",\"item\":\"https:\/\/xenonkungen.com\/shop\/\"},{\"@type\":\"ListItem\",\"position\":3,\"name\":\"OSRAM ORIGINAL LINE H15 &#8211; 24V\"}]},{\"@type\":\"WebSite\",\"@id\":\"https:\/\/xenonkungen.com\/#website\",\"url\":\"https:\/\/xenonkungen.com\/\",\"name\":\"Xenonkungen\",\"description\":\"\",\"potentialAction\":[{\"@type\":\"SearchAction\",\"target\":{\"@type\":\"EntryPoint\",\"urlTemplate\":\"https:\/\/xenonkungen.com\/?s={search_term_string}\"},\"query-input\":{\"@type\":\"PropertyValueSpecification\",\"valueRequired\":true,\"valueName\":\"search_term_string\"}}],\"inLanguage\":\"da-DK\"}]}<\/script>\n<!-- \/ Yoast SEO plugin. -->","yoast_head_json":{"title":"OSRAM ORIGINAL LINE H15 - 24V - Kongen af xenon","robots":{"index":"index","follow":"follow","max-snippet":"max-snippet:-1","max-image-preview":"max-image-preview:large","max-video-preview":"max-video-preview:-1"},"canonical":"https:\/\/xenonkungen.com\/dk\/vare\/osram-original-linje-h15\/","og_locale":"da_DK","og_type":"article","og_title":"OSRAM ORIGINAL LINE H15 - 24V - Xenonkungen","og_description":"De kostnadseffektiva originalreservdelarna f\u00f6r lastbilar S\u00e4kerhet, tillf\u00f6rlitlighet och prisv\u00e4rdhet i ett.OSRAM ORIGINAL LINE \u00e4r den smarta l\u00f6sningen f\u00f6r alla vanliga behov inom 24 V-sektorn \u2013 alltid robust, alltid p\u00e5litlig och alltid ekonomisk. Anv\u00e4nds redan i miljontals nya fordon fr\u00e5n v\u00e4lk\u00e4nda tillverkare, b\u00e5de som standardutrustning och originalreservdel. Dessa p\u00e5litliga halogenlampor levererar stabil prestanda under normala k\u00f6rf\u00f6rh\u00e5llanden [&hellip;]","og_url":"https:\/\/xenonkungen.com\/dk\/vare\/osram-original-linje-h15\/","og_site_name":"Xenonkungen","article_modified_time":"2026-04-11T00:23:27+00:00","og_image":[{"width":1024,"height":1496,"url":"https:\/\/xenonkungen.com\/wp-content\/uploads\/2025\/09\/Small-for-web-and-ppt-724497_ORIGINAL-H15-64177.jpg","type":"image\/jpeg"}],"twitter_card":"summary_large_image","twitter_misc":{"Estimeret l\u00e6setid":"1 minut"},"schema":{"@context":"https:\/\/schema.org","@graph":[{"@type":"WebPage","@id":"https:\/\/xenonkungen.com\/produkt\/osram-original-line-h15\/","url":"https:\/\/xenonkungen.com\/produkt\/osram-original-line-h15\/","name":"OSRAM ORIGINAL LINE H15 - 24V - Kongen af xenon","isPartOf":{"@id":"https:\/\/xenonkungen.com\/#website"},"primaryImageOfPage":{"@id":"https:\/\/xenonkungen.com\/produkt\/osram-original-line-h15\/#primaryimage"},"image":{"@id":"https:\/\/xenonkungen.com\/produkt\/osram-original-line-h15\/#primaryimage"},"thumbnailUrl":"https:\/\/xenonkungen.com\/wp-content\/uploads\/2025\/09\/Small-for-web-and-ppt-724497_ORIGINAL-H15-64177.jpg","datePublished":"2025-09-02T14:26:34+00:00","dateModified":"2026-04-11T00:23:27+00:00","breadcrumb":{"@id":"https:\/\/xenonkungen.com\/produkt\/osram-original-line-h15\/#breadcrumb"},"inLanguage":"da-DK","potentialAction":[{"@type":"ReadAction","target":["https:\/\/xenonkungen.com\/produkt\/osram-original-line-h15\/"]}]},{"@type":"ImageObject","inLanguage":"da-DK","@id":"https:\/\/xenonkungen.com\/produkt\/osram-original-line-h15\/#primaryimage","url":"https:\/\/xenonkungen.com\/wp-content\/uploads\/2025\/09\/Small-for-web-and-ppt-724497_ORIGINAL-H15-64177.jpg","contentUrl":"https:\/\/xenonkungen.com\/wp-content\/uploads\/2025\/09\/Small-for-web-and-ppt-724497_ORIGINAL-H15-64177.jpg","width":1024,"height":1496},{"@type":"BreadcrumbList","@id":"https:\/\/xenonkungen.com\/produkt\/osram-original-line-h15\/#breadcrumb","itemListElement":[{"@type":"ListItem","position":1,"name":"Hem","item":"https:\/\/xenonkungen.com\/"},{"@type":"ListItem","position":2,"name":"Shop","item":"https:\/\/xenonkungen.com\/shop\/"},{"@type":"ListItem","position":3,"name":"OSRAM ORIGINAL LINE H15 &#8211; 24V"}]},{"@type":"WebSite","@id":"https:\/\/xenonkungen.com\/#website","url":"https:\/\/xenonkungen.com\/","name":"Xenonkungen","description":"","potentialAction":[{"@type":"SearchAction","target":{"@type":"EntryPoint","urlTemplate":"https:\/\/xenonkungen.com\/?s={search_term_string}"},"query-input":{"@type":"PropertyValueSpecification","valueRequired":true,"valueName":"search_term_string"}}],"inLanguage":"da-DK"}]}},"taxonomy_info":{"product_brand":[{"value":108,"label":"OSRAM"}],"product_cat":[{"value":2543,"label":"Halogen"},{"value":733,"label":"Halvljus \/ Helljus"}],"pa_fargtemperatur":[{"value":2004,"label":"3200"}],"pa_lampsockel-kontakt":[{"value":736,"label":"H15"},{"value":2740,"label":"PGJ23t-1"}],"pa_volt-v":[{"value":2737,"label":"28"}]},"featured_image_src_large":["https:\/\/xenonkungen.com\/wp-content\/uploads\/2025\/09\/Small-for-web-and-ppt-724497_ORIGINAL-H15-64177-701x1024.jpg",701,1024,true],"author_info":[],"comment_info":0,"_links":{"self":[{"href":"https:\/\/xenonkungen.com\/dk\/wp-json\/wp\/v2\/product\/13187","targetHints":{"allow":["GET"]}}],"collection":[{"href":"https:\/\/xenonkungen.com\/dk\/wp-json\/wp\/v2\/product"}],"about":[{"href":"https:\/\/xenonkungen.com\/dk\/wp-json\/wp\/v2\/types\/product"}],"replies":[{"embeddable":true,"href":"https:\/\/xenonkungen.com\/dk\/wp-json\/wp\/v2\/comments?post=13187"}],"wp:featuredmedia":[{"embeddable":true,"href":"https:\/\/xenonkungen.com\/dk\/wp-json\/wp\/v2\/media\/13188"}],"wp:attachment":[{"href":"https:\/\/xenonkungen.com\/dk\/wp-json\/wp\/v2\/media?parent=13187"}],"wp:term":[{"taxonomy":"anvandningsomrade","embeddable":true,"href":"https:\/\/xenonkungen.com\/dk\/wp-json\/wp\/v2\/anvandningsomrade?post=13187"},{"taxonomy":"bilmarken","embeddable":true,"href":"https:\/\/xenonkungen.com\/dk\/wp-json\/wp\/v2\/bilmarken?post=13187"},{"taxonomy":"product_brand","embeddable":true,"href":"https:\/\/xenonkungen.com\/dk\/wp-json\/wp\/v2\/product_brand?post=13187"},{"taxonomy":"product_cat","embeddable":true,"href":"https:\/\/xenonkungen.com\/dk\/wp-json\/wp\/v2\/product_cat?post=13187"},{"taxonomy":"product_tag","embeddable":true,"href":"https:\/\/xenonkungen.com\/dk\/wp-json\/wp\/v2\/product_tag?post=13187"}],"curies":[{"name":"wp","href":"https:\/\/api.w.org\/{rel}","templated":true}]}}