{"id":13329,"date":"2025-09-04T12:06:10","date_gmt":"2025-09-04T12:06:10","guid":{"rendered":"https:\/\/xenonkungen.com\/?post_type=product&#038;p=13329"},"modified":"2026-03-18T16:51:48","modified_gmt":"2026-03-18T15:51:48","slug":"osram-5008-metalbase-r10w-udpakket","status":"publish","type":"product","link":"https:\/\/xenonkungen.com\/dk\/vare\/osram-5008-metalbase-r10w-udpakket\/","title":{"rendered":"Osram | 5008 | METAL BASE R10W (UNPACKED)"},"content":{"rendered":"<h3 data-start=\"76\" data-end=\"124\">De omkostningseffektive originale reservedele<\/h3>\n<p data-start=\"126\" data-end=\"358\"><strong data-start=\"126\" data-end=\"174\">OSRAM ORIGINAL signallamper med metalfod<\/strong> - robust og p\u00e5lidelig, med samme h\u00f8je OEM-kvalitet som alle OSRAM-produkter. Takket v\u00e6re det brede sortiment kan de bruges som originale reservedele til mange forskellige anvendelser.<\/p>\n<p data-start=\"360\" data-end=\"391\"><strong data-start=\"360\" data-end=\"389\">Tekniske specifikationer:<\/strong><\/p>\n<ul data-start=\"392\" data-end=\"518\">\n<li data-start=\"392\" data-end=\"413\">\n<p data-start=\"394\" data-end=\"413\">Maks. effekt: 10 W<\/p>\n<\/li>\n<li data-start=\"414\" data-end=\"445\">\n<p data-start=\"416\" data-end=\"445\">Nominel m\u00e6rkesp\u00e6nding: 12 V<\/p>\n<\/li>\n<li data-start=\"446\" data-end=\"471\">\n<p data-start=\"448\" data-end=\"471\">Nominel effekt: 10 W<\/p>\n<\/li>\n<li data-start=\"472\" data-end=\"496\">\n<p data-start=\"474\" data-end=\"496\">Testsp\u00e6nding: 13,5 V<\/p>\n<\/li>\n<li data-start=\"497\" data-end=\"518\">\n<p data-start=\"499\" data-end=\"518\">Lysstr\u00f8m: 125 lm<\/p>\n<\/li>\n<\/ul>\n<p data-start=\"520\" data-end=\"665\">Med kombinationen af <strong data-start=\"541\" data-end=\"591\">Prisvenlighed, p\u00e5lidelighed og alsidighed<\/strong> OSRAM ORIGINAL-serien er et sikkert valg for b\u00e5de chauff\u00f8rer og v\u00e6rksteder.<\/p>","protected":false},"excerpt":{"rendered":"<p>De kostnadseffektiva originalreservdelarna OSRAM ORIGINAL signallampor med metallsockel \u2013 robusta och p\u00e5litliga, med samma h\u00f6ga OEM-kvalitet som alla OSRAM-produkter. Tack vare det breda sortimentet kan de anv\u00e4ndas som originalreservdelar f\u00f6r m\u00e5nga olika till\u00e4mpningar. Tekniska specifikationer: Max. effekt: 10 W Nominell m\u00e4rksp\u00e4nning: 12 V Nominell wattal: 10 W Testsp\u00e4nning: 13,5 V Ljusfl\u00f6de: 125 lm Med kombinationen [&hellip;]<\/p>","protected":false},"featured_media":13331,"comment_status":"open","ping_status":"closed","template":"","meta":{"_acf_changed":false,"_smort_price_nok":"10","_smort_price_dkk":"6","_smort_price_eur":"0.82","_smort_sale_price_nok":"","_smort_sale_price_dkk":"","_smort_sale_price_eur":"","smort_restorder":"","shipmondo_restorder":"","_kad_blocks_custom_css":"","_kad_blocks_head_custom_js":"","_kad_blocks_body_custom_js":"","_kad_blocks_footer_custom_js":"","smort_custom_pricelist_1":"5.04","smort_custom_pricelist_2":"4.32","smort_custom_pricelist_3":"4.32","smort_custom_pricelist_4":"7.2","smort_custom_pricelist_5":"4.32"},"anvandningsomrade":[],"bilmarken":[],"product_brand":[108],"product_cat":[2515,338],"product_tag":[],"class_list":{"0":"post-13329","1":"product","2":"type-product","3":"status-publish","4":"has-post-thumbnail","6":"product_brand-osram","7":"product_cat-ba15s","8":"product_cat-diodlampor","9":"pa_lampsockel-kontakt-ba15s","10":"pa_lampsockel-kontakt-r10w","11":"pa_volt-v-159","13":"first","14":"instock","15":"taxable","16":"shipping-taxable","17":"purchasable","18":"product-type-simple"},"bundled_by":[],"bundle_stock_status":"instock","bundle_stock_quantity":87,"bundle_virtual":false,"bundle_layout":"","bundle_add_to_cart_form_location":"","bundle_editable_in_cart":false,"bundle_sold_individually_context":"","bundle_item_grouping":"","bundle_min_size":"","bundle_max_size":"","bundle_price":[],"bundled_items":[],"bundle_sell_ids":[],"acf":[],"yoast_head":"<!-- This site is optimized with the Yoast SEO plugin v27.0 - https:\/\/yoast.com\/product\/yoast-seo-wordpress\/ -->\n<title>Osram | 5008 | METAL BASE R10W (UNPACKED) - Xenonkungen<\/title>\n<meta name=\"robots\" content=\"index, follow, max-snippet:-1, max-image-preview:large, max-video-preview:-1\" \/>\n<link rel=\"canonical\" href=\"https:\/\/xenonkungen.com\/dk\/vare\/osram-5008-metalbase-r10w-udpakket\/\" \/>\n<meta property=\"og:locale\" content=\"da_DK\" \/>\n<meta property=\"og:type\" content=\"article\" \/>\n<meta property=\"og:title\" content=\"Osram | 5008 | METAL BASE R10W (UNPACKED) - Xenonkungen\" \/>\n<meta property=\"og:description\" content=\"De kostnadseffektiva originalreservdelarna OSRAM ORIGINAL signallampor med metallsockel \u2013 robusta och p\u00e5litliga, med samma h\u00f6ga OEM-kvalitet som alla OSRAM-produkter. Tack vare det breda sortimentet kan de anv\u00e4ndas som originalreservdelar f\u00f6r m\u00e5nga olika till\u00e4mpningar. Tekniska specifikationer: Max. effekt: 10 W Nominell m\u00e4rksp\u00e4nning: 12 V Nominell wattal: 10 W Testsp\u00e4nning: 13,5 V Ljusfl\u00f6de: 125 lm Med kombinationen [&hellip;]\" \/>\n<meta property=\"og:url\" content=\"https:\/\/xenonkungen.com\/dk\/vare\/osram-5008-metalbase-r10w-udpakket\/\" \/>\n<meta property=\"og:site_name\" content=\"Xenonkungen\" \/>\n<meta property=\"article:modified_time\" content=\"2026-03-18T15:51:48+00:00\" \/>\n<meta property=\"og:image\" content=\"https:\/\/xenonkungen.com\/wp-content\/uploads\/2025\/09\/Small-for-web-and-ppt-ORIGINAL-R10W-5008.jpg\" \/>\n\t<meta property=\"og:image:width\" content=\"1024\" \/>\n\t<meta property=\"og:image:height\" content=\"1782\" \/>\n\t<meta property=\"og:image:type\" content=\"image\/jpeg\" \/>\n<meta name=\"twitter:card\" content=\"summary_large_image\" \/>\n<meta name=\"twitter:label1\" content=\"Estimeret l\u00e6setid\" \/>\n\t<meta name=\"twitter:data1\" content=\"1 minut\" \/>\n<script type=\"application\/ld+json\" class=\"yoast-schema-graph\">{\"@context\":\"https:\/\/schema.org\",\"@graph\":[{\"@type\":\"WebPage\",\"@id\":\"https:\/\/xenonkungen.com\/produkt\/osram-5008-metal-base-r10w-unpacked\/\",\"url\":\"https:\/\/xenonkungen.com\/produkt\/osram-5008-metal-base-r10w-unpacked\/\",\"name\":\"Osram | 5008 | METAL BASE R10W (UNPACKED) - Xenonkungen\",\"isPartOf\":{\"@id\":\"https:\/\/xenonkungen.com\/#website\"},\"primaryImageOfPage\":{\"@id\":\"https:\/\/xenonkungen.com\/produkt\/osram-5008-metal-base-r10w-unpacked\/#primaryimage\"},\"image\":{\"@id\":\"https:\/\/xenonkungen.com\/produkt\/osram-5008-metal-base-r10w-unpacked\/#primaryimage\"},\"thumbnailUrl\":\"https:\/\/xenonkungen.com\/wp-content\/uploads\/2025\/09\/Small-for-web-and-ppt-ORIGINAL-R10W-5008.jpg\",\"datePublished\":\"2025-09-04T12:06:10+00:00\",\"dateModified\":\"2026-03-18T15:51:48+00:00\",\"breadcrumb\":{\"@id\":\"https:\/\/xenonkungen.com\/produkt\/osram-5008-metal-base-r10w-unpacked\/#breadcrumb\"},\"inLanguage\":\"da-DK\",\"potentialAction\":[{\"@type\":\"ReadAction\",\"target\":[\"https:\/\/xenonkungen.com\/produkt\/osram-5008-metal-base-r10w-unpacked\/\"]}]},{\"@type\":\"ImageObject\",\"inLanguage\":\"da-DK\",\"@id\":\"https:\/\/xenonkungen.com\/produkt\/osram-5008-metal-base-r10w-unpacked\/#primaryimage\",\"url\":\"https:\/\/xenonkungen.com\/wp-content\/uploads\/2025\/09\/Small-for-web-and-ppt-ORIGINAL-R10W-5008.jpg\",\"contentUrl\":\"https:\/\/xenonkungen.com\/wp-content\/uploads\/2025\/09\/Small-for-web-and-ppt-ORIGINAL-R10W-5008.jpg\",\"width\":1024,\"height\":1782},{\"@type\":\"BreadcrumbList\",\"@id\":\"https:\/\/xenonkungen.com\/produkt\/osram-5008-metal-base-r10w-unpacked\/#breadcrumb\",\"itemListElement\":[{\"@type\":\"ListItem\",\"position\":1,\"name\":\"Hem\",\"item\":\"https:\/\/xenonkungen.com\/\"},{\"@type\":\"ListItem\",\"position\":2,\"name\":\"Shop\",\"item\":\"https:\/\/xenonkungen.com\/shop\/\"},{\"@type\":\"ListItem\",\"position\":3,\"name\":\"Osram | 5008 | METAL BASE R10W (UNPACKED)\"}]},{\"@type\":\"WebSite\",\"@id\":\"https:\/\/xenonkungen.com\/#website\",\"url\":\"https:\/\/xenonkungen.com\/\",\"name\":\"Xenonkungen\",\"description\":\"\",\"potentialAction\":[{\"@type\":\"SearchAction\",\"target\":{\"@type\":\"EntryPoint\",\"urlTemplate\":\"https:\/\/xenonkungen.com\/?s={search_term_string}\"},\"query-input\":{\"@type\":\"PropertyValueSpecification\",\"valueRequired\":true,\"valueName\":\"search_term_string\"}}],\"inLanguage\":\"da-DK\"}]}<\/script>\n<!-- \/ Yoast SEO plugin. -->","yoast_head_json":{"title":"Osram | 5008 | METALFASKE R10W (UDPAKKET) - Xenon-kongen","robots":{"index":"index","follow":"follow","max-snippet":"max-snippet:-1","max-image-preview":"max-image-preview:large","max-video-preview":"max-video-preview:-1"},"canonical":"https:\/\/xenonkungen.com\/dk\/vare\/osram-5008-metalbase-r10w-udpakket\/","og_locale":"da_DK","og_type":"article","og_title":"Osram | 5008 | METAL BASE R10W (UNPACKED) - Xenonkungen","og_description":"De kostnadseffektiva originalreservdelarna OSRAM ORIGINAL signallampor med metallsockel \u2013 robusta och p\u00e5litliga, med samma h\u00f6ga OEM-kvalitet som alla OSRAM-produkter. Tack vare det breda sortimentet kan de anv\u00e4ndas som originalreservdelar f\u00f6r m\u00e5nga olika till\u00e4mpningar. Tekniska specifikationer: Max. effekt: 10 W Nominell m\u00e4rksp\u00e4nning: 12 V Nominell wattal: 10 W Testsp\u00e4nning: 13,5 V Ljusfl\u00f6de: 125 lm Med kombinationen [&hellip;]","og_url":"https:\/\/xenonkungen.com\/dk\/vare\/osram-5008-metalbase-r10w-udpakket\/","og_site_name":"Xenonkungen","article_modified_time":"2026-03-18T15:51:48+00:00","og_image":[{"width":1024,"height":1782,"url":"https:\/\/xenonkungen.com\/wp-content\/uploads\/2025\/09\/Small-for-web-and-ppt-ORIGINAL-R10W-5008.jpg","type":"image\/jpeg"}],"twitter_card":"summary_large_image","twitter_misc":{"Estimeret l\u00e6setid":"1 minut"},"schema":{"@context":"https:\/\/schema.org","@graph":[{"@type":"WebPage","@id":"https:\/\/xenonkungen.com\/produkt\/osram-5008-metal-base-r10w-unpacked\/","url":"https:\/\/xenonkungen.com\/produkt\/osram-5008-metal-base-r10w-unpacked\/","name":"Osram | 5008 | METALFASKE R10W (UDPAKKET) - Xenon-kongen","isPartOf":{"@id":"https:\/\/xenonkungen.com\/#website"},"primaryImageOfPage":{"@id":"https:\/\/xenonkungen.com\/produkt\/osram-5008-metal-base-r10w-unpacked\/#primaryimage"},"image":{"@id":"https:\/\/xenonkungen.com\/produkt\/osram-5008-metal-base-r10w-unpacked\/#primaryimage"},"thumbnailUrl":"https:\/\/xenonkungen.com\/wp-content\/uploads\/2025\/09\/Small-for-web-and-ppt-ORIGINAL-R10W-5008.jpg","datePublished":"2025-09-04T12:06:10+00:00","dateModified":"2026-03-18T15:51:48+00:00","breadcrumb":{"@id":"https:\/\/xenonkungen.com\/produkt\/osram-5008-metal-base-r10w-unpacked\/#breadcrumb"},"inLanguage":"da-DK","potentialAction":[{"@type":"ReadAction","target":["https:\/\/xenonkungen.com\/produkt\/osram-5008-metal-base-r10w-unpacked\/"]}]},{"@type":"ImageObject","inLanguage":"da-DK","@id":"https:\/\/xenonkungen.com\/produkt\/osram-5008-metal-base-r10w-unpacked\/#primaryimage","url":"https:\/\/xenonkungen.com\/wp-content\/uploads\/2025\/09\/Small-for-web-and-ppt-ORIGINAL-R10W-5008.jpg","contentUrl":"https:\/\/xenonkungen.com\/wp-content\/uploads\/2025\/09\/Small-for-web-and-ppt-ORIGINAL-R10W-5008.jpg","width":1024,"height":1782},{"@type":"BreadcrumbList","@id":"https:\/\/xenonkungen.com\/produkt\/osram-5008-metal-base-r10w-unpacked\/#breadcrumb","itemListElement":[{"@type":"ListItem","position":1,"name":"Hem","item":"https:\/\/xenonkungen.com\/"},{"@type":"ListItem","position":2,"name":"Shop","item":"https:\/\/xenonkungen.com\/shop\/"},{"@type":"ListItem","position":3,"name":"Osram | 5008 | METAL BASE R10W (UNPACKED)"}]},{"@type":"WebSite","@id":"https:\/\/xenonkungen.com\/#website","url":"https:\/\/xenonkungen.com\/","name":"Xenonkungen","description":"","potentialAction":[{"@type":"SearchAction","target":{"@type":"EntryPoint","urlTemplate":"https:\/\/xenonkungen.com\/?s={search_term_string}"},"query-input":{"@type":"PropertyValueSpecification","valueRequired":true,"valueName":"search_term_string"}}],"inLanguage":"da-DK"}]}},"taxonomy_info":{"product_brand":[{"value":108,"label":"OSRAM"}],"product_cat":[{"value":2515,"label":"BA15S"},{"value":338,"label":"Diodlampor"}],"pa_lampsockel-kontakt":[{"value":474,"label":"BA15S"},{"value":2748,"label":"R10W"}],"pa_volt-v":[{"value":159,"label":"12"}]},"featured_image_src_large":["https:\/\/xenonkungen.com\/wp-content\/uploads\/2025\/09\/Small-for-web-and-ppt-ORIGINAL-R10W-5008-588x1024.jpg",588,1024,true],"author_info":[],"comment_info":0,"_links":{"self":[{"href":"https:\/\/xenonkungen.com\/dk\/wp-json\/wp\/v2\/product\/13329","targetHints":{"allow":["GET"]}}],"collection":[{"href":"https:\/\/xenonkungen.com\/dk\/wp-json\/wp\/v2\/product"}],"about":[{"href":"https:\/\/xenonkungen.com\/dk\/wp-json\/wp\/v2\/types\/product"}],"replies":[{"embeddable":true,"href":"https:\/\/xenonkungen.com\/dk\/wp-json\/wp\/v2\/comments?post=13329"}],"wp:featuredmedia":[{"embeddable":true,"href":"https:\/\/xenonkungen.com\/dk\/wp-json\/wp\/v2\/media\/13331"}],"wp:attachment":[{"href":"https:\/\/xenonkungen.com\/dk\/wp-json\/wp\/v2\/media?parent=13329"}],"wp:term":[{"taxonomy":"anvandningsomrade","embeddable":true,"href":"https:\/\/xenonkungen.com\/dk\/wp-json\/wp\/v2\/anvandningsomrade?post=13329"},{"taxonomy":"bilmarken","embeddable":true,"href":"https:\/\/xenonkungen.com\/dk\/wp-json\/wp\/v2\/bilmarken?post=13329"},{"taxonomy":"product_brand","embeddable":true,"href":"https:\/\/xenonkungen.com\/dk\/wp-json\/wp\/v2\/product_brand?post=13329"},{"taxonomy":"product_cat","embeddable":true,"href":"https:\/\/xenonkungen.com\/dk\/wp-json\/wp\/v2\/product_cat?post=13329"},{"taxonomy":"product_tag","embeddable":true,"href":"https:\/\/xenonkungen.com\/dk\/wp-json\/wp\/v2\/product_tag?post=13329"}],"curies":[{"name":"wp","href":"https:\/\/api.w.org\/{rel}","templated":true}]}}