{"id":13376,"date":"2025-09-05T07:06:38","date_gmt":"2025-09-05T07:06:38","guid":{"rendered":"https:\/\/xenonkungen.com\/?post_type=product&#038;p=13376"},"modified":"2026-04-11T00:34:01","modified_gmt":"2026-04-10T23:34:01","slug":"lille-pakke-3d-maxpider-tesla-model-x-5-personers-2021","status":"publish","type":"product","link":"https:\/\/xenonkungen.com\/dk\/vare\/lille-pakke-3d-maxpider-tesla-model-x-5-personers-2021\/","title":{"rendered":"Lille pakke 3D Maxpider Tesla Model X 5-s\u00e6ders \/ 2021+"},"content":{"rendered":"<p data-start=\"83\" data-end=\"168\"><strong data-start=\"83\" data-end=\"166\">3D Maxpider gulvm\u00e5tter til Tesla Model X (2021+) - f\u00f8rsteklasses beskyttelse af hele bilen<\/strong><\/p>\n<p data-start=\"170\" data-end=\"333\">Giv din Tesla Model X den bedste beskyttelse med vores eksklusive <strong data-start=\"228\" data-end=\"250\">3D Maxpider-t\u00e6pper<\/strong> - designet til at kombinere stil, funktion og holdbarhed p\u00e5 h\u00f8jeste niveau.<\/p>\n<p data-start=\"335\" data-end=\"366\"><strong data-start=\"335\" data-end=\"364\">Fordele ved 3D Maxpider:<\/strong><\/p>\n<ul data-start=\"367\" data-end=\"847\">\n<li data-start=\"367\" data-end=\"465\">\n<p data-start=\"369\" data-end=\"465\">Perfekt pasform - st\u00f8bt og tilpasset til Model X, sidder altid godt fast<\/p>\n<\/li>\n<li data-start=\"466\" data-end=\"563\">\n<p data-start=\"468\" data-end=\"563\">Maksimal beskyttelse - 3D-design med h\u00f8j kant fanger effektivt snavs, mudder, grus og fugt<\/p>\n<\/li>\n<li data-start=\"564\" data-end=\"670\">\n<p data-start=\"566\" data-end=\"670\">F\u00f8rsteklasses fornemmelse - fremstillet af letv\u00e6gtsmateriale af h\u00f8jeste kvalitet, der ser ud og f\u00f8les f\u00f8rsteklasses<\/p>\n<\/li>\n<li data-start=\"671\" data-end=\"739\">\n<p data-start=\"673\" data-end=\"739\">Helt lugtfri - ingen st\u00e6rke dufte, bare ren komfort og elegance<\/p>\n<\/li>\n<li data-start=\"740\" data-end=\"847\">\n<p data-start=\"742\" data-end=\"847\">Komplet pakke - alt, hvad du skal bruge for at beskytte hele bilen, inklusive interi\u00f8r, bagagerum og bagagerum.<\/p>\n<\/li>\n<\/ul>\n<p data-start=\"849\" data-end=\"871\"><strong data-start=\"849\" data-end=\"869\">Pakken indeholder:<\/strong><\/p>\n<ul data-start=\"872\" data-end=\"959\">\n<li data-start=\"872\" data-end=\"886\">\n<p data-start=\"874\" data-end=\"886\">F\u00f8rerm\u00e5tte<\/p>\n<\/li>\n<li data-start=\"887\" data-end=\"906\">\n<p data-start=\"889\" data-end=\"906\">M\u00e5tte til passagerer<\/p>\n<\/li>\n<li data-start=\"907\" data-end=\"924\">\n<p data-start=\"909\" data-end=\"924\">T\u00e6ppe til bags\u00e6det<\/p>\n<\/li>\n<li data-start=\"925\" data-end=\"944\">\n<p data-start=\"927\" data-end=\"944\">M\u00e5tte til bagagerummet<\/p>\n<\/li>\n<li data-start=\"945\" data-end=\"959\">\n<p data-start=\"947\" data-end=\"959\">Frunkmat<\/p>\n<\/li>\n<\/ul>\n<p data-start=\"961\" data-end=\"1105\">Med 3D Maxpider f\u00e5r du ikke bare et s\u00e6t gulvm\u00e5tter - du f\u00e5r en f\u00f8rsteklasses l\u00f8sning, der l\u00f8fter b\u00e5de f\u00f8lelsen og beskyttelsen af din Tesla Model X.<\/p>","protected":false},"excerpt":{"rendered":"<p>3D Maxpider golvmattor till Tesla Model X (2021+) \u2013 Premiumskydd f\u00f6r hela bilen Ge din Tesla Model X det b\u00e4sta skyddet med v\u00e5ra exklusiva 3D Maxpider mattor \u2013 designade f\u00f6r att kombinera stil, funktion och h\u00e5llbarhet i absolut toppklass. F\u00f6rdelar med 3D Maxpider: Perfekt passform \u2013 formgjutna och specialanpassade f\u00f6r Model X, ligger alltid stadigt [&hellip;]<\/p>","protected":false},"featured_media":13383,"comment_status":"open","ping_status":"closed","template":"","meta":{"_acf_changed":false,"_smort_price_nok":"2665","_smort_price_dkk":"1693","_smort_price_eur":"226.81","_smort_sale_price_nok":"","_smort_sale_price_dkk":"","_smort_sale_price_eur":"","smort_restorder":"","shipmondo_restorder":"","_kad_blocks_custom_css":"","_kad_blocks_head_custom_js":"","_kad_blocks_body_custom_js":"","_kad_blocks_footer_custom_js":"","smort_custom_pricelist_1":"1596.8","smort_custom_pricelist_2":"1596.8","smort_custom_pricelist_3":"1596.8","smort_custom_pricelist_4":"1996","smort_custom_pricelist_5":"1596.8"},"anvandningsomrade":[],"bilmarken":[290],"product_brand":[2792],"product_cat":[2809],"product_tag":[],"class_list":{"0":"post-13376","1":"product","2":"type-product","3":"status-publish","4":"has-post-thumbnail","6":"bilmarken-tesla","7":"product_brand-tesla","8":"product_cat-mattpaket","10":"first","11":"instock","12":"taxable","13":"shipping-taxable","14":"purchasable","15":"product-type-simple"},"bundled_by":[],"bundle_stock_status":"instock","bundle_stock_quantity":1,"bundle_virtual":false,"bundle_layout":"","bundle_add_to_cart_form_location":"","bundle_editable_in_cart":false,"bundle_sold_individually_context":"","bundle_item_grouping":"","bundle_min_size":"","bundle_max_size":"","bundle_price":[],"bundled_items":[],"bundle_sell_ids":[],"acf":[],"yoast_head":"<!-- This site is optimized with the Yoast SEO plugin v27.0 - https:\/\/yoast.com\/product\/yoast-seo-wordpress\/ -->\n<title>Litet Paket 3D Maxpider Tesla Model X 5-sits \/ 2021+ - Xenonkungen<\/title>\n<meta name=\"robots\" content=\"index, follow, max-snippet:-1, max-image-preview:large, max-video-preview:-1\" \/>\n<link rel=\"canonical\" href=\"http:\/\/xenonkungen.com\/dk\/vare\/lille-pakke-3d-maxpider-tesla-model-x-5-personers-2021\/\" \/>\n<meta property=\"og:locale\" content=\"da_DK\" \/>\n<meta property=\"og:type\" content=\"article\" \/>\n<meta property=\"og:title\" content=\"Litet Paket 3D Maxpider Tesla Model X 5-sits \/ 2021+ - Xenonkungen\" \/>\n<meta property=\"og:description\" content=\"3D Maxpider golvmattor till Tesla Model X (2021+) \u2013 Premiumskydd f\u00f6r hela bilen Ge din Tesla Model X det b\u00e4sta skyddet med v\u00e5ra exklusiva 3D Maxpider mattor \u2013 designade f\u00f6r att kombinera stil, funktion och h\u00e5llbarhet i absolut toppklass. F\u00f6rdelar med 3D Maxpider: Perfekt passform \u2013 formgjutna och specialanpassade f\u00f6r Model X, ligger alltid stadigt [&hellip;]\" \/>\n<meta property=\"og:url\" content=\"http:\/\/xenonkungen.com\/dk\/vare\/lille-pakke-3d-maxpider-tesla-model-x-5-personers-2021\/\" \/>\n<meta property=\"og:site_name\" content=\"Xenonkungen\" \/>\n<meta property=\"article:modified_time\" content=\"2026-04-10T23:34:01+00:00\" \/>\n<meta property=\"og:image\" content=\"https:\/\/xenonkungen.com\/wp-content\/uploads\/2025\/09\/Screenshot2025-07-29at09.12.44.webp\" \/>\n\t<meta property=\"og:image:width\" content=\"713\" \/>\n\t<meta property=\"og:image:height\" content=\"941\" \/>\n\t<meta property=\"og:image:type\" content=\"image\/webp\" \/>\n<meta name=\"twitter:card\" content=\"summary_large_image\" \/>\n<meta name=\"twitter:label1\" content=\"Estimeret l\u00e6setid\" \/>\n\t<meta name=\"twitter:data1\" content=\"1 minut\" \/>\n<script type=\"application\/ld+json\" class=\"yoast-schema-graph\">{\"@context\":\"https:\/\/schema.org\",\"@graph\":[{\"@type\":\"WebPage\",\"@id\":\"http:\/\/xenonkungen.com\/no\/produkt\/litet-paket-3d-maxpider-tesla-model-x-5-sits-2021\/\",\"url\":\"http:\/\/xenonkungen.com\/no\/produkt\/litet-paket-3d-maxpider-tesla-model-x-5-sits-2021\/\",\"name\":\"Litet Paket 3D Maxpider Tesla Model X 5-sits \/ 2021+ - Xenonkungen\",\"isPartOf\":{\"@id\":\"https:\/\/xenonkungen.com\/#website\"},\"primaryImageOfPage\":{\"@id\":\"http:\/\/xenonkungen.com\/no\/produkt\/litet-paket-3d-maxpider-tesla-model-x-5-sits-2021\/#primaryimage\"},\"image\":{\"@id\":\"http:\/\/xenonkungen.com\/no\/produkt\/litet-paket-3d-maxpider-tesla-model-x-5-sits-2021\/#primaryimage\"},\"thumbnailUrl\":\"https:\/\/xenonkungen.com\/wp-content\/uploads\/2025\/09\/Screenshot2025-07-29at09.12.44.webp\",\"datePublished\":\"2025-09-05T07:06:38+00:00\",\"dateModified\":\"2026-04-10T23:34:01+00:00\",\"breadcrumb\":{\"@id\":\"http:\/\/xenonkungen.com\/no\/produkt\/litet-paket-3d-maxpider-tesla-model-x-5-sits-2021\/#breadcrumb\"},\"inLanguage\":\"da-DK\",\"potentialAction\":[{\"@type\":\"ReadAction\",\"target\":[\"http:\/\/xenonkungen.com\/no\/produkt\/litet-paket-3d-maxpider-tesla-model-x-5-sits-2021\/\"]}]},{\"@type\":\"ImageObject\",\"inLanguage\":\"da-DK\",\"@id\":\"http:\/\/xenonkungen.com\/no\/produkt\/litet-paket-3d-maxpider-tesla-model-x-5-sits-2021\/#primaryimage\",\"url\":\"https:\/\/xenonkungen.com\/wp-content\/uploads\/2025\/09\/Screenshot2025-07-29at09.12.44.webp\",\"contentUrl\":\"https:\/\/xenonkungen.com\/wp-content\/uploads\/2025\/09\/Screenshot2025-07-29at09.12.44.webp\",\"width\":713,\"height\":941},{\"@type\":\"BreadcrumbList\",\"@id\":\"http:\/\/xenonkungen.com\/no\/produkt\/litet-paket-3d-maxpider-tesla-model-x-5-sits-2021\/#breadcrumb\",\"itemListElement\":[{\"@type\":\"ListItem\",\"position\":1,\"name\":\"Hem\",\"item\":\"https:\/\/xenonkungen.com\/\"},{\"@type\":\"ListItem\",\"position\":2,\"name\":\"Shop\",\"item\":\"https:\/\/xenonkungen.com\/shop\/\"},{\"@type\":\"ListItem\",\"position\":3,\"name\":\"Litet Paket 3D Maxpider Tesla Model X 5-sits \/ 2021+\"}]},{\"@type\":\"WebSite\",\"@id\":\"https:\/\/xenonkungen.com\/#website\",\"url\":\"https:\/\/xenonkungen.com\/\",\"name\":\"Xenonkungen\",\"description\":\"\",\"potentialAction\":[{\"@type\":\"SearchAction\",\"target\":{\"@type\":\"EntryPoint\",\"urlTemplate\":\"https:\/\/xenonkungen.com\/?s={search_term_string}\"},\"query-input\":{\"@type\":\"PropertyValueSpecification\",\"valueRequired\":true,\"valueName\":\"search_term_string\"}}],\"inLanguage\":\"da-DK\"}]}<\/script>\n<!-- \/ Yoast SEO plugin. -->","yoast_head_json":{"title":"Lille pakke 3D Maxpider Tesla Model X 5-s\u00e6ders \/ 2021+ - Xenonkungen","robots":{"index":"index","follow":"follow","max-snippet":"max-snippet:-1","max-image-preview":"max-image-preview:large","max-video-preview":"max-video-preview:-1"},"canonical":"http:\/\/xenonkungen.com\/dk\/vare\/lille-pakke-3d-maxpider-tesla-model-x-5-personers-2021\/","og_locale":"da_DK","og_type":"article","og_title":"Litet Paket 3D Maxpider Tesla Model X 5-sits \/ 2021+ - Xenonkungen","og_description":"3D Maxpider golvmattor till Tesla Model X (2021+) \u2013 Premiumskydd f\u00f6r hela bilen Ge din Tesla Model X det b\u00e4sta skyddet med v\u00e5ra exklusiva 3D Maxpider mattor \u2013 designade f\u00f6r att kombinera stil, funktion och h\u00e5llbarhet i absolut toppklass. F\u00f6rdelar med 3D Maxpider: Perfekt passform \u2013 formgjutna och specialanpassade f\u00f6r Model X, ligger alltid stadigt [&hellip;]","og_url":"http:\/\/xenonkungen.com\/dk\/vare\/lille-pakke-3d-maxpider-tesla-model-x-5-personers-2021\/","og_site_name":"Xenonkungen","article_modified_time":"2026-04-10T23:34:01+00:00","og_image":[{"width":713,"height":941,"url":"https:\/\/xenonkungen.com\/wp-content\/uploads\/2025\/09\/Screenshot2025-07-29at09.12.44.webp","type":"image\/webp"}],"twitter_card":"summary_large_image","twitter_misc":{"Estimeret l\u00e6setid":"1 minut"},"schema":{"@context":"https:\/\/schema.org","@graph":[{"@type":"WebPage","@id":"http:\/\/xenonkungen.com\/no\/produkt\/litet-paket-3d-maxpider-tesla-model-x-5-sits-2021\/","url":"http:\/\/xenonkungen.com\/no\/produkt\/litet-paket-3d-maxpider-tesla-model-x-5-sits-2021\/","name":"Lille pakke 3D Maxpider Tesla Model X 5-s\u00e6ders \/ 2021+ - Xenonkungen","isPartOf":{"@id":"https:\/\/xenonkungen.com\/#website"},"primaryImageOfPage":{"@id":"http:\/\/xenonkungen.com\/no\/produkt\/litet-paket-3d-maxpider-tesla-model-x-5-sits-2021\/#primaryimage"},"image":{"@id":"http:\/\/xenonkungen.com\/no\/produkt\/litet-paket-3d-maxpider-tesla-model-x-5-sits-2021\/#primaryimage"},"thumbnailUrl":"https:\/\/xenonkungen.com\/wp-content\/uploads\/2025\/09\/Screenshot2025-07-29at09.12.44.webp","datePublished":"2025-09-05T07:06:38+00:00","dateModified":"2026-04-10T23:34:01+00:00","breadcrumb":{"@id":"http:\/\/xenonkungen.com\/no\/produkt\/litet-paket-3d-maxpider-tesla-model-x-5-sits-2021\/#breadcrumb"},"inLanguage":"da-DK","potentialAction":[{"@type":"ReadAction","target":["http:\/\/xenonkungen.com\/no\/produkt\/litet-paket-3d-maxpider-tesla-model-x-5-sits-2021\/"]}]},{"@type":"ImageObject","inLanguage":"da-DK","@id":"http:\/\/xenonkungen.com\/no\/produkt\/litet-paket-3d-maxpider-tesla-model-x-5-sits-2021\/#primaryimage","url":"https:\/\/xenonkungen.com\/wp-content\/uploads\/2025\/09\/Screenshot2025-07-29at09.12.44.webp","contentUrl":"https:\/\/xenonkungen.com\/wp-content\/uploads\/2025\/09\/Screenshot2025-07-29at09.12.44.webp","width":713,"height":941},{"@type":"BreadcrumbList","@id":"http:\/\/xenonkungen.com\/no\/produkt\/litet-paket-3d-maxpider-tesla-model-x-5-sits-2021\/#breadcrumb","itemListElement":[{"@type":"ListItem","position":1,"name":"Hem","item":"https:\/\/xenonkungen.com\/"},{"@type":"ListItem","position":2,"name":"Shop","item":"https:\/\/xenonkungen.com\/shop\/"},{"@type":"ListItem","position":3,"name":"Litet Paket 3D Maxpider Tesla Model X 5-sits \/ 2021+"}]},{"@type":"WebSite","@id":"https:\/\/xenonkungen.com\/#website","url":"https:\/\/xenonkungen.com\/","name":"Xenonkungen","description":"","potentialAction":[{"@type":"SearchAction","target":{"@type":"EntryPoint","urlTemplate":"https:\/\/xenonkungen.com\/?s={search_term_string}"},"query-input":{"@type":"PropertyValueSpecification","valueRequired":true,"valueName":"search_term_string"}}],"inLanguage":"da-DK"}]}},"taxonomy_info":{"bilmarken":[{"value":290,"label":"Tesla"}],"product_brand":[{"value":2792,"label":"TESLA"}],"product_cat":[{"value":2809,"label":"Mattpaket"}]},"featured_image_src_large":["https:\/\/xenonkungen.com\/wp-content\/uploads\/2025\/09\/Screenshot2025-07-29at09.12.44.webp",713,941,false],"author_info":[],"comment_info":0,"_links":{"self":[{"href":"https:\/\/xenonkungen.com\/dk\/wp-json\/wp\/v2\/product\/13376","targetHints":{"allow":["GET"]}}],"collection":[{"href":"https:\/\/xenonkungen.com\/dk\/wp-json\/wp\/v2\/product"}],"about":[{"href":"https:\/\/xenonkungen.com\/dk\/wp-json\/wp\/v2\/types\/product"}],"replies":[{"embeddable":true,"href":"https:\/\/xenonkungen.com\/dk\/wp-json\/wp\/v2\/comments?post=13376"}],"wp:featuredmedia":[{"embeddable":true,"href":"https:\/\/xenonkungen.com\/dk\/wp-json\/wp\/v2\/media\/13383"}],"wp:attachment":[{"href":"https:\/\/xenonkungen.com\/dk\/wp-json\/wp\/v2\/media?parent=13376"}],"wp:term":[{"taxonomy":"anvandningsomrade","embeddable":true,"href":"https:\/\/xenonkungen.com\/dk\/wp-json\/wp\/v2\/anvandningsomrade?post=13376"},{"taxonomy":"bilmarken","embeddable":true,"href":"https:\/\/xenonkungen.com\/dk\/wp-json\/wp\/v2\/bilmarken?post=13376"},{"taxonomy":"product_brand","embeddable":true,"href":"https:\/\/xenonkungen.com\/dk\/wp-json\/wp\/v2\/product_brand?post=13376"},{"taxonomy":"product_cat","embeddable":true,"href":"https:\/\/xenonkungen.com\/dk\/wp-json\/wp\/v2\/product_cat?post=13376"},{"taxonomy":"product_tag","embeddable":true,"href":"https:\/\/xenonkungen.com\/dk\/wp-json\/wp\/v2\/product_tag?post=13376"}],"curies":[{"name":"wp","href":"https:\/\/api.w.org\/{rel}","templated":true}]}}