{"id":1351,"date":"2025-04-15T08:02:50","date_gmt":"2025-04-15T08:02:50","guid":{"rendered":"https:\/\/xenonkungen.com\/product\/gummilock-100x100mm\/"},"modified":"2026-03-20T13:37:08","modified_gmt":"2026-03-20T12:37:08","slug":"gummibetraek-100x100mm","status":"publish","type":"product","link":"https:\/\/xenonkungen.com\/dk\/vare\/gummibetraek-100x100mm\/","title":{"rendered":"Gummih\u00e6tte 100x100mm"},"content":{"rendered":"<h1>D\u00e6kh\u00e6tte \/ Gummimaske<\/h1>\n<p><span>Til dem, der har brug for at udskifte deres d\u00e6ksler\/gummih\u00e6tter med en st\u00f8rre model, n\u00e5r Xenon\/led-lampen er for stor til dine eksisterende h\u00e6tter.<\/p>\n<p>S<\/span>st\u00f8rrelse 100 x 100 mm.<\/p>\n<p>S\u00e6lges enkeltvis.<\/p>","protected":false},"excerpt":{"rendered":"<p>D\u00e6kkappe \/ Gummist\u00f8vle Til dig, der har brug for at udskifte dine d\u00e6kkapper\/gummikapper med en st\u00f8rre model, n\u00e5r Xenon-\/LED-p\u00e6ren er for stor til dine eksisterende h\u00e6tter. St\u00f8rrelse 100 x 100 mm. S\u00e6lges enkeltvis.<\/p>","protected":false},"featured_media":1352,"comment_status":"closed","ping_status":"open","template":"","meta":{"_acf_changed":false,"_smort_price_nok":"31","_smort_price_dkk":"20","_smort_price_eur":"2.64","_smort_sale_price_nok":"","_smort_sale_price_dkk":"","_smort_sale_price_eur":"","smort_restorder":"","shipmondo_restorder":"","_kad_blocks_custom_css":"","_kad_blocks_head_custom_js":"","_kad_blocks_body_custom_js":"","_kad_blocks_footer_custom_js":"","smort_custom_pricelist_1":"18.56","smort_custom_pricelist_2":"16.24","smort_custom_pricelist_3":"15.43","smort_custom_pricelist_4":"23.2","smort_custom_pricelist_5":"16.24"},"anvandningsomrade":[],"bilmarken":[],"product_brand":[],"product_cat":[2841,2466,390],"product_tag":[],"class_list":{"0":"post-1351","1":"product","2":"type-product","3":"status-publish","4":"has-post-thumbnail","6":"product_cat-installation-extraljus","7":"product_cat-tacklock","8":"product_cat-installation","10":"first","11":"instock","12":"taxable","13":"shipping-taxable","14":"purchasable","15":"product-type-simple"},"bundled_by":[],"bundle_stock_status":"instock","bundle_stock_quantity":23,"bundle_virtual":false,"bundle_layout":"","bundle_add_to_cart_form_location":"","bundle_editable_in_cart":false,"bundle_sold_individually_context":"","bundle_item_grouping":"","bundle_min_size":"","bundle_max_size":"","bundle_price":[],"bundled_items":[],"bundle_sell_ids":[],"acf":[],"yoast_head":"<!-- This site is optimized with the Yoast SEO plugin v27.0 - https:\/\/yoast.com\/product\/yoast-seo-wordpress\/ -->\n<title>Gummilock 100x100mm - Xenonkungen<\/title>\n<meta name=\"robots\" content=\"index, follow, max-snippet:-1, max-image-preview:large, max-video-preview:-1\" \/>\n<link rel=\"canonical\" href=\"https:\/\/xenonkungen.com\/dk\/vare\/gummibetraek-100x100mm\/\" \/>\n<meta property=\"og:locale\" content=\"da_DK\" \/>\n<meta property=\"og:type\" content=\"article\" \/>\n<meta property=\"og:title\" content=\"Gummilock 100x100mm - Xenonkungen\" \/>\n<meta property=\"og:description\" content=\"T\u00e4cklock \/ Gummidamask F\u00f6r dig som beh\u00f6ver byta ut dina t\u00e4cklock\/gummilock till en st\u00f6rre modell n\u00e4r Xenon\/ledlampan \u00e4r f\u00f6r stor f\u00f6r dina befintliga lock. Storlek 100 x 100 mm. S\u00e4ljs styckvis.\" \/>\n<meta property=\"og:url\" content=\"https:\/\/xenonkungen.com\/dk\/vare\/gummibetraek-100x100mm\/\" \/>\n<meta property=\"og:site_name\" content=\"Xenonkungen\" \/>\n<meta property=\"article:modified_time\" content=\"2026-03-20T12:37:08+00:00\" \/>\n<meta property=\"og:image\" content=\"https:\/\/xenonkungen.com\/wp-content\/uploads\/2025\/04\/161153393-origpic-35dff1.png\" \/>\n\t<meta property=\"og:image:width\" content=\"1000\" \/>\n\t<meta property=\"og:image:height\" content=\"876\" \/>\n\t<meta property=\"og:image:type\" content=\"image\/png\" \/>\n<meta name=\"twitter:card\" content=\"summary_large_image\" \/>\n<script type=\"application\/ld+json\" class=\"yoast-schema-graph\">{\"@context\":\"https:\/\/schema.org\",\"@graph\":[{\"@type\":\"WebPage\",\"@id\":\"https:\/\/xenonkungen.com\/es\/producto\/tapa-de-goma-100x100mm\/\",\"url\":\"https:\/\/xenonkungen.com\/es\/producto\/tapa-de-goma-100x100mm\/\",\"name\":\"Gummilock 100x100mm - Xenonkungen\",\"isPartOf\":{\"@id\":\"https:\/\/xenonkungen.com\/#website\"},\"primaryImageOfPage\":{\"@id\":\"https:\/\/xenonkungen.com\/es\/producto\/tapa-de-goma-100x100mm\/#primaryimage\"},\"image\":{\"@id\":\"https:\/\/xenonkungen.com\/es\/producto\/tapa-de-goma-100x100mm\/#primaryimage\"},\"thumbnailUrl\":\"https:\/\/xenonkungen.com\/wp-content\/uploads\/2025\/04\/161153393-origpic-35dff1.png\",\"datePublished\":\"2025-04-15T08:02:50+00:00\",\"dateModified\":\"2026-03-20T12:37:08+00:00\",\"breadcrumb\":{\"@id\":\"https:\/\/xenonkungen.com\/es\/producto\/tapa-de-goma-100x100mm\/#breadcrumb\"},\"inLanguage\":\"da-DK\",\"potentialAction\":[{\"@type\":\"ReadAction\",\"target\":[\"https:\/\/xenonkungen.com\/es\/producto\/tapa-de-goma-100x100mm\/\"]}]},{\"@type\":\"ImageObject\",\"inLanguage\":\"da-DK\",\"@id\":\"https:\/\/xenonkungen.com\/es\/producto\/tapa-de-goma-100x100mm\/#primaryimage\",\"url\":\"https:\/\/xenonkungen.com\/wp-content\/uploads\/2025\/04\/161153393-origpic-35dff1.png\",\"contentUrl\":\"https:\/\/xenonkungen.com\/wp-content\/uploads\/2025\/04\/161153393-origpic-35dff1.png\",\"width\":1000,\"height\":876},{\"@type\":\"BreadcrumbList\",\"@id\":\"https:\/\/xenonkungen.com\/es\/producto\/tapa-de-goma-100x100mm\/#breadcrumb\",\"itemListElement\":[{\"@type\":\"ListItem\",\"position\":1,\"name\":\"Hem\",\"item\":\"https:\/\/xenonkungen.com\/\"},{\"@type\":\"ListItem\",\"position\":2,\"name\":\"Shop\",\"item\":\"https:\/\/xenonkungen.com\/shop\/\"},{\"@type\":\"ListItem\",\"position\":3,\"name\":\"Gummilock 100x100mm\"}]},{\"@type\":\"WebSite\",\"@id\":\"https:\/\/xenonkungen.com\/#website\",\"url\":\"https:\/\/xenonkungen.com\/\",\"name\":\"Xenonkungen\",\"description\":\"\",\"potentialAction\":[{\"@type\":\"SearchAction\",\"target\":{\"@type\":\"EntryPoint\",\"urlTemplate\":\"https:\/\/xenonkungen.com\/?s={search_term_string}\"},\"query-input\":{\"@type\":\"PropertyValueSpecification\",\"valueRequired\":true,\"valueName\":\"search_term_string\"}}],\"inLanguage\":\"da-DK\"}]}<\/script>\n<!-- \/ Yoast SEO plugin. -->","yoast_head_json":{"title":"Gummiafd\u00e6kning 100x100mm - Xenon Kongen","robots":{"index":"index","follow":"follow","max-snippet":"max-snippet:-1","max-image-preview":"max-image-preview:large","max-video-preview":"max-video-preview:-1"},"canonical":"https:\/\/xenonkungen.com\/dk\/vare\/gummibetraek-100x100mm\/","og_locale":"da_DK","og_type":"article","og_title":"Gummilock 100x100mm - Xenonkungen","og_description":"T\u00e4cklock \/ Gummidamask F\u00f6r dig som beh\u00f6ver byta ut dina t\u00e4cklock\/gummilock till en st\u00f6rre modell n\u00e4r Xenon\/ledlampan \u00e4r f\u00f6r stor f\u00f6r dina befintliga lock. Storlek 100 x 100 mm. S\u00e4ljs styckvis.","og_url":"https:\/\/xenonkungen.com\/dk\/vare\/gummibetraek-100x100mm\/","og_site_name":"Xenonkungen","article_modified_time":"2026-03-20T12:37:08+00:00","og_image":[{"width":1000,"height":876,"url":"https:\/\/xenonkungen.com\/wp-content\/uploads\/2025\/04\/161153393-origpic-35dff1.png","type":"image\/png"}],"twitter_card":"summary_large_image","schema":{"@context":"https:\/\/schema.org","@graph":[{"@type":"WebPage","@id":"https:\/\/xenonkungen.com\/es\/producto\/tapa-de-goma-100x100mm\/","url":"https:\/\/xenonkungen.com\/es\/producto\/tapa-de-goma-100x100mm\/","name":"Gummiafd\u00e6kning 100x100mm - Xenon Kongen","isPartOf":{"@id":"https:\/\/xenonkungen.com\/#website"},"primaryImageOfPage":{"@id":"https:\/\/xenonkungen.com\/es\/producto\/tapa-de-goma-100x100mm\/#primaryimage"},"image":{"@id":"https:\/\/xenonkungen.com\/es\/producto\/tapa-de-goma-100x100mm\/#primaryimage"},"thumbnailUrl":"https:\/\/xenonkungen.com\/wp-content\/uploads\/2025\/04\/161153393-origpic-35dff1.png","datePublished":"2025-04-15T08:02:50+00:00","dateModified":"2026-03-20T12:37:08+00:00","breadcrumb":{"@id":"https:\/\/xenonkungen.com\/es\/producto\/tapa-de-goma-100x100mm\/#breadcrumb"},"inLanguage":"da-DK","potentialAction":[{"@type":"ReadAction","target":["https:\/\/xenonkungen.com\/es\/producto\/tapa-de-goma-100x100mm\/"]}]},{"@type":"ImageObject","inLanguage":"da-DK","@id":"https:\/\/xenonkungen.com\/es\/producto\/tapa-de-goma-100x100mm\/#primaryimage","url":"https:\/\/xenonkungen.com\/wp-content\/uploads\/2025\/04\/161153393-origpic-35dff1.png","contentUrl":"https:\/\/xenonkungen.com\/wp-content\/uploads\/2025\/04\/161153393-origpic-35dff1.png","width":1000,"height":876},{"@type":"BreadcrumbList","@id":"https:\/\/xenonkungen.com\/es\/producto\/tapa-de-goma-100x100mm\/#breadcrumb","itemListElement":[{"@type":"ListItem","position":1,"name":"Hem","item":"https:\/\/xenonkungen.com\/"},{"@type":"ListItem","position":2,"name":"Shop","item":"https:\/\/xenonkungen.com\/shop\/"},{"@type":"ListItem","position":3,"name":"Gummilock 100x100mm"}]},{"@type":"WebSite","@id":"https:\/\/xenonkungen.com\/#website","url":"https:\/\/xenonkungen.com\/","name":"Xenonkungen","description":"","potentialAction":[{"@type":"SearchAction","target":{"@type":"EntryPoint","urlTemplate":"https:\/\/xenonkungen.com\/?s={search_term_string}"},"query-input":{"@type":"PropertyValueSpecification","valueRequired":true,"valueName":"search_term_string"}}],"inLanguage":"da-DK"}]}},"taxonomy_info":{"product_cat":[{"value":2841,"label":"Installation extraljus"},{"value":2466,"label":"T\u00e4cklock"},{"value":390,"label":"Installation"}]},"featured_image_src_large":["https:\/\/xenonkungen.com\/wp-content\/uploads\/2025\/04\/161153393-origpic-35dff1.png",1000,876,false],"author_info":[],"comment_info":0,"_links":{"self":[{"href":"https:\/\/xenonkungen.com\/dk\/wp-json\/wp\/v2\/product\/1351","targetHints":{"allow":["GET"]}}],"collection":[{"href":"https:\/\/xenonkungen.com\/dk\/wp-json\/wp\/v2\/product"}],"about":[{"href":"https:\/\/xenonkungen.com\/dk\/wp-json\/wp\/v2\/types\/product"}],"replies":[{"embeddable":true,"href":"https:\/\/xenonkungen.com\/dk\/wp-json\/wp\/v2\/comments?post=1351"}],"wp:featuredmedia":[{"embeddable":true,"href":"https:\/\/xenonkungen.com\/dk\/wp-json\/wp\/v2\/media\/1352"}],"wp:attachment":[{"href":"https:\/\/xenonkungen.com\/dk\/wp-json\/wp\/v2\/media?parent=1351"}],"wp:term":[{"taxonomy":"anvandningsomrade","embeddable":true,"href":"https:\/\/xenonkungen.com\/dk\/wp-json\/wp\/v2\/anvandningsomrade?post=1351"},{"taxonomy":"bilmarken","embeddable":true,"href":"https:\/\/xenonkungen.com\/dk\/wp-json\/wp\/v2\/bilmarken?post=1351"},{"taxonomy":"product_brand","embeddable":true,"href":"https:\/\/xenonkungen.com\/dk\/wp-json\/wp\/v2\/product_brand?post=1351"},{"taxonomy":"product_cat","embeddable":true,"href":"https:\/\/xenonkungen.com\/dk\/wp-json\/wp\/v2\/product_cat?post=1351"},{"taxonomy":"product_tag","embeddable":true,"href":"https:\/\/xenonkungen.com\/dk\/wp-json\/wp\/v2\/product_tag?post=1351"}],"curies":[{"name":"wp","href":"https:\/\/api.w.org\/{rel}","templated":true}]}}