{"id":13939,"date":"2025-09-18T09:51:35","date_gmt":"2025-09-18T09:51:35","guid":{"rendered":"https:\/\/xenonkungen.com\/?post_type=product&#038;p=13939"},"modified":"2026-04-24T16:43:42","modified_gmt":"2026-04-24T15:43:42","slug":"luxtar-handtagsmotrik-ledningsstik-2-port-lxpct-212","status":"publish","type":"product","link":"https:\/\/xenonkungen.com\/dk\/vare\/luxtar-handtagsmotrik-ledningsstik-2-port-lxpct-212\/","title":{"rendered":"Luxtar-grebsm\u00f8trik-ledningsstik | 2 porte | LXPCT-212"},"content":{"rendered":"<p>Oplev Luxtar Lever Nut Wire Connector - en kompakt og oplukkelig hurtigklemme med to tilslutninger, der passer til alle typer ledere mellem 0,8 og 4 mm\u00b2. Denne forbindelsesklemme kan genlukkes og kr\u00e6ver intet v\u00e6rkt\u00f8j takket v\u00e6re den innovative Lever-Nut-teknologi, ogs\u00e5 kendt som Cage Clamp-forbindelse.<\/p>\n<p>Denne klemr\u00e6kke er kompatibel med alle ledertyper, b\u00e5de flertr\u00e5dede og enkeltr\u00e5dede. Den h\u00e5ndterer en nominel str\u00f8m p\u00e5 op til 32A og en sp\u00e6nding p\u00e5 400V AC. Splejsningen er velegnet til kabler i st\u00f8rrelserne 28-12 AWG og har f\u00f8lgende kabelst\u00f8rrelser:<\/p>\n<ul>\n<li>Fin tr\u00e5d: 0,08-4 mm\u00b2<\/li>\n<li>Enkelttr\u00e5d: op til 2,5 mm\u00b2<\/li>\n<\/ul>\n<p>Ideel til b\u00e5de h\u00f8j- og lavsp\u00e6ndingsinstallationer.<\/p>\n<p><strong>Funktioner og fordele:<\/strong><\/p>\n<ul>\n<li>Kr\u00e6ver intet v\u00e6rkt\u00f8j - hurtig og nem installation<\/li>\n<li>Lederareal (stift): 0,08-2,5 mm\u00b2<\/li>\n<li>Lederareal (fleksibelt): 0,08-4 mm\u00b2<\/li>\n<li>Nominel str\u00f8m: 32 A<\/li>\n<li>Cage Clamp-forbindelse<\/li>\n<li>Nominel sp\u00e6nding: 400V AC<\/li>\n<li>Afstribningsl\u00e6ngde: 9-10 mm<\/li>\n<li>Passer til kabel 28-12 AWG<\/li>\n<\/ul>\n<p><strong>Artikel nummer:<\/strong> 159044<\/p>\n<p><strong>Almindelige termer, der bruges i elektriske installationer:<\/strong><\/p>\n<p>Dette produkt omtales ofte som:<\/p>\n<ul>\n<li>Tilslutningsklemme<\/li>\n<li>Koblingsklemme Fleksibel<\/li>\n<li>Klemme til splejsning<\/li>\n<li>WAGO-kobling<\/li>\n<li>\u00d8verste klemme<\/li>\n<li>Forbindelse mellem lever og n\u00f8dder<\/li>\n<\/ul>\n<p>Vores Luxtar Lever Nut Wire Connectors er ideelle til professionelle elektriske installationer og g\u00f8r-det-selv-projekter med h\u00f8j kvalitet og nem h\u00e5ndtering. Oplev en mere j\u00e6vn og sikker kabelforbindelse i dag!<\/p>","protected":false},"excerpt":{"rendered":"<p>Uppt\u00e4ck Luxtar Lever Nut Wire Connector \u2013 en kompakt och \u00f6ppningsbar snabbkl\u00e4mma med tv\u00e5 anslutningar, anpassad f\u00f6r alla typer av ledare mellan 0,8 och 4 mm\u00b2. Denna anslutningskl\u00e4mma \u00e4r \u00e5terf\u00f6rslutningsbar och kr\u00e4ver inga verktyg tack vare sin innovativa Lever-Nut-teknologi, \u00e4ven k\u00e4nd som Cage Clamp-anslutning. Denna kopplingskl\u00e4mma \u00e4r kompatibel med alla ledartyper, b\u00e5de flertr\u00e5diga och enkeltr\u00e5diga. [&hellip;]<\/p>","protected":false},"featured_media":13942,"comment_status":"open","ping_status":"closed","template":"","meta":{"_acf_changed":false,"_smort_price_nok":"11","_smort_price_dkk":"7","_smort_price_eur":"0.91","_smort_sale_price_nok":"","_smort_sale_price_dkk":"","_smort_sale_price_eur":"","smort_restorder":"","shipmondo_restorder":"","_kad_blocks_custom_css":"","_kad_blocks_head_custom_js":"","_kad_blocks_body_custom_js":"","_kad_blocks_footer_custom_js":"","smort_custom_pricelist_1":"6.4","smort_custom_pricelist_2":"5.6","smort_custom_pricelist_3":"5.2","smort_custom_pricelist_4":"8","smort_custom_pricelist_5":"5.6"},"anvandningsomrade":[],"bilmarken":[],"product_brand":[103],"product_cat":[2826,727],"product_tag":[],"class_list":{"0":"post-13939","1":"product","2":"type-product","3":"status-publish","4":"has-post-thumbnail","6":"product_brand-luxtar","7":"product_cat-luxtar","8":"product_cat-tillbehor","10":"first","11":"instock","12":"taxable","13":"shipping-taxable","14":"purchasable","15":"product-type-simple"},"bundled_by":[],"bundle_stock_status":"instock","bundle_stock_quantity":905,"bundle_virtual":false,"bundle_layout":"","bundle_add_to_cart_form_location":"","bundle_editable_in_cart":false,"bundle_sold_individually_context":"","bundle_item_grouping":"","bundle_min_size":"","bundle_max_size":"","bundle_price":[],"bundled_items":[],"bundle_sell_ids":[],"acf":[],"yoast_head":"<!-- This site is optimized with the Yoast SEO plugin v27.0 - https:\/\/yoast.com\/product\/yoast-seo-wordpress\/ -->\n<title>Luxtar Lever Nut Wire Connector | 2 Port | LXPCT-212 - Xenonkungen<\/title>\n<meta name=\"robots\" content=\"index, follow, max-snippet:-1, max-image-preview:large, max-video-preview:-1\" \/>\n<link rel=\"canonical\" href=\"https:\/\/xenonkungen.com\/dk\/vare\/luxtar-handtagsmotrik-ledningsstik-2-port-lxpct-212\/\" \/>\n<meta property=\"og:locale\" content=\"da_DK\" \/>\n<meta property=\"og:type\" content=\"article\" \/>\n<meta property=\"og:title\" content=\"Luxtar Lever Nut Wire Connector | 2 Port | LXPCT-212 - Xenonkungen\" \/>\n<meta property=\"og:description\" content=\"Uppt\u00e4ck Luxtar Lever Nut Wire Connector \u2013 en kompakt och \u00f6ppningsbar snabbkl\u00e4mma med tv\u00e5 anslutningar, anpassad f\u00f6r alla typer av ledare mellan 0,8 och 4 mm\u00b2. Denna anslutningskl\u00e4mma \u00e4r \u00e5terf\u00f6rslutningsbar och kr\u00e4ver inga verktyg tack vare sin innovativa Lever-Nut-teknologi, \u00e4ven k\u00e4nd som Cage Clamp-anslutning. Denna kopplingskl\u00e4mma \u00e4r kompatibel med alla ledartyper, b\u00e5de flertr\u00e5diga och enkeltr\u00e5diga. [&hellip;]\" \/>\n<meta property=\"og:url\" content=\"https:\/\/xenonkungen.com\/dk\/vare\/luxtar-handtagsmotrik-ledningsstik-2-port-lxpct-212\/\" \/>\n<meta property=\"og:site_name\" content=\"Xenonkungen\" \/>\n<meta property=\"article:modified_time\" content=\"2026-04-24T15:43:42+00:00\" \/>\n<meta property=\"og:image\" content=\"https:\/\/xenonkungen.com\/wp-content\/uploads\/2025\/09\/lM8f9ftg.png\" \/>\n\t<meta property=\"og:image:width\" content=\"1024\" \/>\n\t<meta property=\"og:image:height\" content=\"1024\" \/>\n\t<meta property=\"og:image:type\" content=\"image\/png\" \/>\n<meta name=\"twitter:card\" content=\"summary_large_image\" \/>\n<meta name=\"twitter:label1\" content=\"Estimeret l\u00e6setid\" \/>\n\t<meta name=\"twitter:data1\" content=\"2 minutter\" \/>\n<script type=\"application\/ld+json\" class=\"yoast-schema-graph\">{\"@context\":\"https:\/\/schema.org\",\"@graph\":[{\"@type\":\"WebPage\",\"@id\":\"https:\/\/xenonkungen.com\/produkt\/luxtar-lever-nut-wire-connector-2-port-lxpct-212\/\",\"url\":\"https:\/\/xenonkungen.com\/produkt\/luxtar-lever-nut-wire-connector-2-port-lxpct-212\/\",\"name\":\"Luxtar Lever Nut Wire Connector | 2 Port | LXPCT-212 - Xenonkungen\",\"isPartOf\":{\"@id\":\"https:\/\/xenonkungen.com\/#website\"},\"primaryImageOfPage\":{\"@id\":\"https:\/\/xenonkungen.com\/produkt\/luxtar-lever-nut-wire-connector-2-port-lxpct-212\/#primaryimage\"},\"image\":{\"@id\":\"https:\/\/xenonkungen.com\/produkt\/luxtar-lever-nut-wire-connector-2-port-lxpct-212\/#primaryimage\"},\"thumbnailUrl\":\"https:\/\/xenonkungen.com\/wp-content\/uploads\/2025\/09\/lM8f9ftg.png\",\"datePublished\":\"2025-09-18T09:51:35+00:00\",\"dateModified\":\"2026-04-24T15:43:42+00:00\",\"breadcrumb\":{\"@id\":\"https:\/\/xenonkungen.com\/produkt\/luxtar-lever-nut-wire-connector-2-port-lxpct-212\/#breadcrumb\"},\"inLanguage\":\"da-DK\",\"potentialAction\":[{\"@type\":\"ReadAction\",\"target\":[\"https:\/\/xenonkungen.com\/produkt\/luxtar-lever-nut-wire-connector-2-port-lxpct-212\/\"]}]},{\"@type\":\"ImageObject\",\"inLanguage\":\"da-DK\",\"@id\":\"https:\/\/xenonkungen.com\/produkt\/luxtar-lever-nut-wire-connector-2-port-lxpct-212\/#primaryimage\",\"url\":\"https:\/\/xenonkungen.com\/wp-content\/uploads\/2025\/09\/lM8f9ftg.png\",\"contentUrl\":\"https:\/\/xenonkungen.com\/wp-content\/uploads\/2025\/09\/lM8f9ftg.png\",\"width\":1024,\"height\":1024},{\"@type\":\"BreadcrumbList\",\"@id\":\"https:\/\/xenonkungen.com\/produkt\/luxtar-lever-nut-wire-connector-2-port-lxpct-212\/#breadcrumb\",\"itemListElement\":[{\"@type\":\"ListItem\",\"position\":1,\"name\":\"Hem\",\"item\":\"https:\/\/xenonkungen.com\/\"},{\"@type\":\"ListItem\",\"position\":2,\"name\":\"Shop\",\"item\":\"https:\/\/xenonkungen.com\/shop\/\"},{\"@type\":\"ListItem\",\"position\":3,\"name\":\"Luxtar Lever Nut Wire Connector | 2 Port | LXPCT-212\"}]},{\"@type\":\"WebSite\",\"@id\":\"https:\/\/xenonkungen.com\/#website\",\"url\":\"https:\/\/xenonkungen.com\/\",\"name\":\"Xenonkungen\",\"description\":\"\",\"potentialAction\":[{\"@type\":\"SearchAction\",\"target\":{\"@type\":\"EntryPoint\",\"urlTemplate\":\"https:\/\/xenonkungen.com\/?s={search_term_string}\"},\"query-input\":{\"@type\":\"PropertyValueSpecification\",\"valueRequired\":true,\"valueName\":\"search_term_string\"}}],\"inLanguage\":\"da-DK\"}]}<\/script>\n<!-- \/ Yoast SEO plugin. -->","yoast_head_json":{"title":"Luxtar H\u00e5ndtagsm\u00f8trik Ledningsstik | 2 Port | LXPCT-212 - Xenon Kongen","robots":{"index":"index","follow":"follow","max-snippet":"max-snippet:-1","max-image-preview":"max-image-preview:large","max-video-preview":"max-video-preview:-1"},"canonical":"https:\/\/xenonkungen.com\/dk\/vare\/luxtar-handtagsmotrik-ledningsstik-2-port-lxpct-212\/","og_locale":"da_DK","og_type":"article","og_title":"Luxtar Lever Nut Wire Connector | 2 Port | LXPCT-212 - Xenonkungen","og_description":"Uppt\u00e4ck Luxtar Lever Nut Wire Connector \u2013 en kompakt och \u00f6ppningsbar snabbkl\u00e4mma med tv\u00e5 anslutningar, anpassad f\u00f6r alla typer av ledare mellan 0,8 och 4 mm\u00b2. Denna anslutningskl\u00e4mma \u00e4r \u00e5terf\u00f6rslutningsbar och kr\u00e4ver inga verktyg tack vare sin innovativa Lever-Nut-teknologi, \u00e4ven k\u00e4nd som Cage Clamp-anslutning. Denna kopplingskl\u00e4mma \u00e4r kompatibel med alla ledartyper, b\u00e5de flertr\u00e5diga och enkeltr\u00e5diga. [&hellip;]","og_url":"https:\/\/xenonkungen.com\/dk\/vare\/luxtar-handtagsmotrik-ledningsstik-2-port-lxpct-212\/","og_site_name":"Xenonkungen","article_modified_time":"2026-04-24T15:43:42+00:00","og_image":[{"width":1024,"height":1024,"url":"https:\/\/xenonkungen.com\/wp-content\/uploads\/2025\/09\/lM8f9ftg.png","type":"image\/png"}],"twitter_card":"summary_large_image","twitter_misc":{"Estimeret l\u00e6setid":"2 minutter"},"schema":{"@context":"https:\/\/schema.org","@graph":[{"@type":"WebPage","@id":"https:\/\/xenonkungen.com\/produkt\/luxtar-lever-nut-wire-connector-2-port-lxpct-212\/","url":"https:\/\/xenonkungen.com\/produkt\/luxtar-lever-nut-wire-connector-2-port-lxpct-212\/","name":"Luxtar H\u00e5ndtagsm\u00f8trik Ledningsstik | 2 Port | LXPCT-212 - Xenon Kongen","isPartOf":{"@id":"https:\/\/xenonkungen.com\/#website"},"primaryImageOfPage":{"@id":"https:\/\/xenonkungen.com\/produkt\/luxtar-lever-nut-wire-connector-2-port-lxpct-212\/#primaryimage"},"image":{"@id":"https:\/\/xenonkungen.com\/produkt\/luxtar-lever-nut-wire-connector-2-port-lxpct-212\/#primaryimage"},"thumbnailUrl":"https:\/\/xenonkungen.com\/wp-content\/uploads\/2025\/09\/lM8f9ftg.png","datePublished":"2025-09-18T09:51:35+00:00","dateModified":"2026-04-24T15:43:42+00:00","breadcrumb":{"@id":"https:\/\/xenonkungen.com\/produkt\/luxtar-lever-nut-wire-connector-2-port-lxpct-212\/#breadcrumb"},"inLanguage":"da-DK","potentialAction":[{"@type":"ReadAction","target":["https:\/\/xenonkungen.com\/produkt\/luxtar-lever-nut-wire-connector-2-port-lxpct-212\/"]}]},{"@type":"ImageObject","inLanguage":"da-DK","@id":"https:\/\/xenonkungen.com\/produkt\/luxtar-lever-nut-wire-connector-2-port-lxpct-212\/#primaryimage","url":"https:\/\/xenonkungen.com\/wp-content\/uploads\/2025\/09\/lM8f9ftg.png","contentUrl":"https:\/\/xenonkungen.com\/wp-content\/uploads\/2025\/09\/lM8f9ftg.png","width":1024,"height":1024},{"@type":"BreadcrumbList","@id":"https:\/\/xenonkungen.com\/produkt\/luxtar-lever-nut-wire-connector-2-port-lxpct-212\/#breadcrumb","itemListElement":[{"@type":"ListItem","position":1,"name":"Hem","item":"https:\/\/xenonkungen.com\/"},{"@type":"ListItem","position":2,"name":"Shop","item":"https:\/\/xenonkungen.com\/shop\/"},{"@type":"ListItem","position":3,"name":"Luxtar Lever Nut Wire Connector | 2 Port | LXPCT-212"}]},{"@type":"WebSite","@id":"https:\/\/xenonkungen.com\/#website","url":"https:\/\/xenonkungen.com\/","name":"Xenonkungen","description":"","potentialAction":[{"@type":"SearchAction","target":{"@type":"EntryPoint","urlTemplate":"https:\/\/xenonkungen.com\/?s={search_term_string}"},"query-input":{"@type":"PropertyValueSpecification","valueRequired":true,"valueName":"search_term_string"}}],"inLanguage":"da-DK"}]}},"taxonomy_info":{"product_brand":[{"value":103,"label":"LUXTAR"}],"product_cat":[{"value":2826,"label":"LUXTAR"},{"value":727,"label":"Tillbeh\u00f6r"}]},"featured_image_src_large":["https:\/\/xenonkungen.com\/wp-content\/uploads\/2025\/09\/lM8f9ftg.png",1024,1024,false],"author_info":[],"comment_info":0,"_links":{"self":[{"href":"https:\/\/xenonkungen.com\/dk\/wp-json\/wp\/v2\/product\/13939","targetHints":{"allow":["GET"]}}],"collection":[{"href":"https:\/\/xenonkungen.com\/dk\/wp-json\/wp\/v2\/product"}],"about":[{"href":"https:\/\/xenonkungen.com\/dk\/wp-json\/wp\/v2\/types\/product"}],"replies":[{"embeddable":true,"href":"https:\/\/xenonkungen.com\/dk\/wp-json\/wp\/v2\/comments?post=13939"}],"wp:featuredmedia":[{"embeddable":true,"href":"https:\/\/xenonkungen.com\/dk\/wp-json\/wp\/v2\/media\/13942"}],"wp:attachment":[{"href":"https:\/\/xenonkungen.com\/dk\/wp-json\/wp\/v2\/media?parent=13939"}],"wp:term":[{"taxonomy":"anvandningsomrade","embeddable":true,"href":"https:\/\/xenonkungen.com\/dk\/wp-json\/wp\/v2\/anvandningsomrade?post=13939"},{"taxonomy":"bilmarken","embeddable":true,"href":"https:\/\/xenonkungen.com\/dk\/wp-json\/wp\/v2\/bilmarken?post=13939"},{"taxonomy":"product_brand","embeddable":true,"href":"https:\/\/xenonkungen.com\/dk\/wp-json\/wp\/v2\/product_brand?post=13939"},{"taxonomy":"product_cat","embeddable":true,"href":"https:\/\/xenonkungen.com\/dk\/wp-json\/wp\/v2\/product_cat?post=13939"},{"taxonomy":"product_tag","embeddable":true,"href":"https:\/\/xenonkungen.com\/dk\/wp-json\/wp\/v2\/product_tag?post=13939"}],"curies":[{"name":"wp","href":"https:\/\/api.w.org\/{rel}","templated":true}]}}