{"id":13958,"date":"2025-09-18T12:21:03","date_gmt":"2025-09-18T12:21:03","guid":{"rendered":"https:\/\/xenonkungen.com\/?post_type=product&#038;p=13958"},"modified":"2026-05-08T13:24:59","modified_gmt":"2026-05-08T12:24:59","slug":"ledwise-legend-lommelygte-kold-hvid","status":"publish","type":"product","link":"https:\/\/xenonkungen.com\/dk\/vare\/ledwise-legend-lommelygte-kold-hvid\/","title":{"rendered":"Ledwise Legend lommelygte kold hvid"},"content":{"rendered":"<h3 data-start=\"82\" data-end=\"127\">LEDWISE LEGEND - Kraft i et kompakt format<\/h3>\n<p data-start=\"128\" data-end=\"355\">Oplev en multibeam-pandelampe, der kombinerer r\u00e5styrke med smart design. <strong data-start=\"199\" data-end=\"217\">LEDWISE LEGEND<\/strong> forsyner hele <strong data-start=\"233\" data-end=\"267\">1 700 lumen reel lysstyrke<\/strong> - mere end nok til b\u00e5de professionelt arbejde og kr\u00e6vende fritidsaktiviteter.<\/p>\n<p data-start=\"357\" data-end=\"577\">Den robuste og <strong data-start=\"373\" data-end=\"400\">kompakt design<\/strong> g\u00f8r den til den perfekte ledsager til daglig professionel brug. Med den <strong data-start=\"468\" data-end=\"486\">fire belysningstilstande<\/strong> Du kan nemt skifte mellem forskellige lysniveauer, s\u00e5 du altid har det rigtige lys til opgaven.<\/p>\n<p data-start=\"579\" data-end=\"878\">Lampens hjerte er en <strong data-start=\"602\" data-end=\"621\">Cree XHP 50 LED<\/strong> med en neutral hvid farvetemperatur p\u00e5 <strong data-start=\"655\" data-end=\"666\">6 000 K<\/strong>Det giver en skarp og klar belysning i alle situationer. Den kraftfulde, genopladelige <strong data-start=\"757\" data-end=\"780\">3 400 mAh batteri<\/strong> genoplades nemt via den medf\u00f8lgende <strong data-start=\"816\" data-end=\"841\">det magnetiske USB-kabel<\/strong> - hurtigt, sikkert og uden besv\u00e6r.<\/p>\n<p data-start=\"880\" data-end=\"902\"><strong data-start=\"880\" data-end=\"900\">Specifikationer:<\/strong><\/p>\n<ul data-start=\"903\" data-end=\"1077\">\n<li data-start=\"903\" data-end=\"956\">\n<p data-start=\"905\" data-end=\"956\">Reel lysstyrke: 1 700 lm (2 300 lm teoretisk)<\/p>\n<\/li>\n<li data-start=\"957\" data-end=\"1000\">\n<p data-start=\"959\" data-end=\"1000\">Fire lystilstande for maksimal fleksibilitet<\/p>\n<\/li>\n<li data-start=\"1001\" data-end=\"1044\">\n<p data-start=\"1003\" data-end=\"1044\">Robust, kompakt og bygget til professionel brug<\/p>\n<\/li>\n<li data-start=\"1045\" data-end=\"1077\">\n<p data-start=\"1047\" data-end=\"1077\">Enkel magnetisk USB-opladning<\/p>\n<\/li>\n<\/ul>\n<p data-start=\"1079\" data-end=\"1143\"><strong data-start=\"1079\" data-end=\"1141\">LEDWISE LEGEND - n\u00e5r du har brug for p\u00e5lideligt lys, hver dag.<\/strong><\/p>","protected":false},"excerpt":{"rendered":"<p>LEDWISE LEGEND \u2013 Kraft i kompakt format Upplev en multistr\u00e5lkastare som kombinerar r\u00e5 styrka med smart design. LEDWISE LEGEND levererar hela 1 700 lumen verklig ljusstyrka \u2013 mer \u00e4n tillr\u00e4ckligt f\u00f6r b\u00e5de professionellt arbete och kr\u00e4vande fritidsaktiviteter. Den robusta och kompakta konstruktionen g\u00f6r den till den perfekta f\u00f6ljeslagaren f\u00f6r dagligt yrkesbruk. Med fyra ljusl\u00e4gen v\u00e4xlar [&hellip;]<\/p>","protected":false},"featured_media":13965,"comment_status":"open","ping_status":"closed","template":"","meta":{"_acf_changed":false,"_smort_price_nok":"892","_smort_price_dkk":"872","_smort_price_eur":"116.81","_smort_sale_price_nok":"892","_smort_sale_price_dkk":"","_smort_sale_price_eur":"75.91","smort_restorder":"","shipmondo_restorder":"","_kad_blocks_custom_css":"","_kad_blocks_head_custom_js":"","_kad_blocks_body_custom_js":"","_kad_blocks_footer_custom_js":"","smort_custom_pricelist_1":"822.4","smort_custom_pricelist_2":"719.6","smort_custom_pricelist_3":"668.2","smort_custom_pricelist_4":"1028","smort_custom_pricelist_5":"719.6"},"anvandningsomrade":[],"bilmarken":[],"product_brand":[102],"product_cat":[1277],"product_tag":[],"class_list":{"0":"post-13958","1":"product","2":"type-product","3":"status-publish","4":"has-post-thumbnail","6":"product_brand-ledwise","7":"product_cat-pannlampor","9":"first","10":"onbackorder","11":"sale","12":"taxable","13":"shipping-taxable","14":"purchasable","15":"product-type-simple"},"bundled_by":[],"bundle_stock_status":"onbackorder","bundle_stock_quantity":0,"bundle_virtual":false,"bundle_layout":"","bundle_add_to_cart_form_location":"","bundle_editable_in_cart":false,"bundle_sold_individually_context":"","bundle_item_grouping":"","bundle_min_size":"","bundle_max_size":"","bundle_price":[],"bundled_items":[],"bundle_sell_ids":[],"acf":[],"yoast_head":"<!-- This site is optimized with the Yoast SEO plugin v27.0 - https:\/\/yoast.com\/product\/yoast-seo-wordpress\/ -->\n<title>Ledwise Legend Ficklampa Kall-vit - Xenonkungen<\/title>\n<meta name=\"robots\" content=\"index, follow, max-snippet:-1, max-image-preview:large, max-video-preview:-1\" \/>\n<link rel=\"canonical\" href=\"https:\/\/xenonkungen.com\/dk\/vare\/ledwise-legend-lommelygte-kold-hvid\/\" \/>\n<meta property=\"og:locale\" content=\"da_DK\" \/>\n<meta property=\"og:type\" content=\"article\" \/>\n<meta property=\"og:title\" content=\"Ledwise Legend Ficklampa Kall-vit - Xenonkungen\" \/>\n<meta property=\"og:description\" content=\"LEDWISE LEGEND \u2013 Kraft i kompakt format Upplev en multistr\u00e5lkastare som kombinerar r\u00e5 styrka med smart design. LEDWISE LEGEND levererar hela 1 700 lumen verklig ljusstyrka \u2013 mer \u00e4n tillr\u00e4ckligt f\u00f6r b\u00e5de professionellt arbete och kr\u00e4vande fritidsaktiviteter. Den robusta och kompakta konstruktionen g\u00f6r den till den perfekta f\u00f6ljeslagaren f\u00f6r dagligt yrkesbruk. Med fyra ljusl\u00e4gen v\u00e4xlar [&hellip;]\" \/>\n<meta property=\"og:url\" content=\"https:\/\/xenonkungen.com\/dk\/vare\/ledwise-legend-lommelygte-kold-hvid\/\" \/>\n<meta property=\"og:site_name\" content=\"Xenonkungen\" \/>\n<meta property=\"article:modified_time\" content=\"2026-05-08T12:24:59+00:00\" \/>\n<meta property=\"og:image\" content=\"https:\/\/xenonkungen.com\/wp-content\/uploads\/2025\/09\/1700-AT781-2.jpg\" \/>\n\t<meta property=\"og:image:width\" content=\"476\" \/>\n\t<meta property=\"og:image:height\" content=\"476\" \/>\n\t<meta property=\"og:image:type\" content=\"image\/jpeg\" \/>\n<meta name=\"twitter:card\" content=\"summary_large_image\" \/>\n<meta name=\"twitter:label1\" content=\"Estimeret l\u00e6setid\" \/>\n\t<meta name=\"twitter:data1\" content=\"1 minut\" \/>\n<script type=\"application\/ld+json\" class=\"yoast-schema-graph\">{\"@context\":\"https:\/\/schema.org\",\"@graph\":[{\"@type\":\"WebPage\",\"@id\":\"https:\/\/xenonkungen.com\/de\/produkt\/ledwise-legend-taschenlampe-kaltweis\/\",\"url\":\"https:\/\/xenonkungen.com\/de\/produkt\/ledwise-legend-taschenlampe-kaltweis\/\",\"name\":\"Ledwise Legend Ficklampa Kall-vit - Xenonkungen\",\"isPartOf\":{\"@id\":\"https:\/\/xenonkungen.com\/#website\"},\"primaryImageOfPage\":{\"@id\":\"https:\/\/xenonkungen.com\/de\/produkt\/ledwise-legend-taschenlampe-kaltweis\/#primaryimage\"},\"image\":{\"@id\":\"https:\/\/xenonkungen.com\/de\/produkt\/ledwise-legend-taschenlampe-kaltweis\/#primaryimage\"},\"thumbnailUrl\":\"https:\/\/xenonkungen.com\/wp-content\/uploads\/2025\/09\/1700-AT781-2.jpg\",\"datePublished\":\"2025-09-18T12:21:03+00:00\",\"dateModified\":\"2026-05-08T12:24:59+00:00\",\"breadcrumb\":{\"@id\":\"https:\/\/xenonkungen.com\/de\/produkt\/ledwise-legend-taschenlampe-kaltweis\/#breadcrumb\"},\"inLanguage\":\"da-DK\",\"potentialAction\":[{\"@type\":\"ReadAction\",\"target\":[\"https:\/\/xenonkungen.com\/de\/produkt\/ledwise-legend-taschenlampe-kaltweis\/\"]}]},{\"@type\":\"ImageObject\",\"inLanguage\":\"da-DK\",\"@id\":\"https:\/\/xenonkungen.com\/de\/produkt\/ledwise-legend-taschenlampe-kaltweis\/#primaryimage\",\"url\":\"https:\/\/xenonkungen.com\/wp-content\/uploads\/2025\/09\/1700-AT781-2.jpg\",\"contentUrl\":\"https:\/\/xenonkungen.com\/wp-content\/uploads\/2025\/09\/1700-AT781-2.jpg\",\"width\":476,\"height\":476},{\"@type\":\"BreadcrumbList\",\"@id\":\"https:\/\/xenonkungen.com\/de\/produkt\/ledwise-legend-taschenlampe-kaltweis\/#breadcrumb\",\"itemListElement\":[{\"@type\":\"ListItem\",\"position\":1,\"name\":\"Hem\",\"item\":\"https:\/\/xenonkungen.com\/\"},{\"@type\":\"ListItem\",\"position\":2,\"name\":\"Shop\",\"item\":\"https:\/\/xenonkungen.com\/shop\/\"},{\"@type\":\"ListItem\",\"position\":3,\"name\":\"Ledwise Legend Ficklampa Kall-vit\"}]},{\"@type\":\"WebSite\",\"@id\":\"https:\/\/xenonkungen.com\/#website\",\"url\":\"https:\/\/xenonkungen.com\/\",\"name\":\"Xenonkungen\",\"description\":\"\",\"potentialAction\":[{\"@type\":\"SearchAction\",\"target\":{\"@type\":\"EntryPoint\",\"urlTemplate\":\"https:\/\/xenonkungen.com\/?s={search_term_string}\"},\"query-input\":{\"@type\":\"PropertyValueSpecification\",\"valueRequired\":true,\"valueName\":\"search_term_string\"}}],\"inLanguage\":\"da-DK\"}]}<\/script>\n<!-- \/ Yoast SEO plugin. -->","yoast_head_json":{"title":"Ledwise Legend lommelygte koldhvid - Xenonkungen","robots":{"index":"index","follow":"follow","max-snippet":"max-snippet:-1","max-image-preview":"max-image-preview:large","max-video-preview":"max-video-preview:-1"},"canonical":"https:\/\/xenonkungen.com\/dk\/vare\/ledwise-legend-lommelygte-kold-hvid\/","og_locale":"da_DK","og_type":"article","og_title":"Ledwise Legend Ficklampa Kall-vit - Xenonkungen","og_description":"LEDWISE LEGEND \u2013 Kraft i kompakt format Upplev en multistr\u00e5lkastare som kombinerar r\u00e5 styrka med smart design. LEDWISE LEGEND levererar hela 1 700 lumen verklig ljusstyrka \u2013 mer \u00e4n tillr\u00e4ckligt f\u00f6r b\u00e5de professionellt arbete och kr\u00e4vande fritidsaktiviteter. Den robusta och kompakta konstruktionen g\u00f6r den till den perfekta f\u00f6ljeslagaren f\u00f6r dagligt yrkesbruk. Med fyra ljusl\u00e4gen v\u00e4xlar [&hellip;]","og_url":"https:\/\/xenonkungen.com\/dk\/vare\/ledwise-legend-lommelygte-kold-hvid\/","og_site_name":"Xenonkungen","article_modified_time":"2026-05-08T12:24:59+00:00","og_image":[{"width":476,"height":476,"url":"https:\/\/xenonkungen.com\/wp-content\/uploads\/2025\/09\/1700-AT781-2.jpg","type":"image\/jpeg"}],"twitter_card":"summary_large_image","twitter_misc":{"Estimeret l\u00e6setid":"1 minut"},"schema":{"@context":"https:\/\/schema.org","@graph":[{"@type":"WebPage","@id":"https:\/\/xenonkungen.com\/de\/produkt\/ledwise-legend-taschenlampe-kaltweis\/","url":"https:\/\/xenonkungen.com\/de\/produkt\/ledwise-legend-taschenlampe-kaltweis\/","name":"Ledwise Legend lommelygte koldhvid - Xenonkungen","isPartOf":{"@id":"https:\/\/xenonkungen.com\/#website"},"primaryImageOfPage":{"@id":"https:\/\/xenonkungen.com\/de\/produkt\/ledwise-legend-taschenlampe-kaltweis\/#primaryimage"},"image":{"@id":"https:\/\/xenonkungen.com\/de\/produkt\/ledwise-legend-taschenlampe-kaltweis\/#primaryimage"},"thumbnailUrl":"https:\/\/xenonkungen.com\/wp-content\/uploads\/2025\/09\/1700-AT781-2.jpg","datePublished":"2025-09-18T12:21:03+00:00","dateModified":"2026-05-08T12:24:59+00:00","breadcrumb":{"@id":"https:\/\/xenonkungen.com\/de\/produkt\/ledwise-legend-taschenlampe-kaltweis\/#breadcrumb"},"inLanguage":"da-DK","potentialAction":[{"@type":"ReadAction","target":["https:\/\/xenonkungen.com\/de\/produkt\/ledwise-legend-taschenlampe-kaltweis\/"]}]},{"@type":"ImageObject","inLanguage":"da-DK","@id":"https:\/\/xenonkungen.com\/de\/produkt\/ledwise-legend-taschenlampe-kaltweis\/#primaryimage","url":"https:\/\/xenonkungen.com\/wp-content\/uploads\/2025\/09\/1700-AT781-2.jpg","contentUrl":"https:\/\/xenonkungen.com\/wp-content\/uploads\/2025\/09\/1700-AT781-2.jpg","width":476,"height":476},{"@type":"BreadcrumbList","@id":"https:\/\/xenonkungen.com\/de\/produkt\/ledwise-legend-taschenlampe-kaltweis\/#breadcrumb","itemListElement":[{"@type":"ListItem","position":1,"name":"Hem","item":"https:\/\/xenonkungen.com\/"},{"@type":"ListItem","position":2,"name":"Shop","item":"https:\/\/xenonkungen.com\/shop\/"},{"@type":"ListItem","position":3,"name":"Ledwise Legend Ficklampa Kall-vit"}]},{"@type":"WebSite","@id":"https:\/\/xenonkungen.com\/#website","url":"https:\/\/xenonkungen.com\/","name":"Xenonkungen","description":"","potentialAction":[{"@type":"SearchAction","target":{"@type":"EntryPoint","urlTemplate":"https:\/\/xenonkungen.com\/?s={search_term_string}"},"query-input":{"@type":"PropertyValueSpecification","valueRequired":true,"valueName":"search_term_string"}}],"inLanguage":"da-DK"}]}},"taxonomy_info":{"product_brand":[{"value":102,"label":"LEDWISE"}],"product_cat":[{"value":1277,"label":"Pannlampor"}]},"featured_image_src_large":["https:\/\/xenonkungen.com\/wp-content\/uploads\/2025\/09\/1700-AT781-2.jpg",476,476,false],"author_info":[],"comment_info":0,"_links":{"self":[{"href":"https:\/\/xenonkungen.com\/dk\/wp-json\/wp\/v2\/product\/13958","targetHints":{"allow":["GET"]}}],"collection":[{"href":"https:\/\/xenonkungen.com\/dk\/wp-json\/wp\/v2\/product"}],"about":[{"href":"https:\/\/xenonkungen.com\/dk\/wp-json\/wp\/v2\/types\/product"}],"replies":[{"embeddable":true,"href":"https:\/\/xenonkungen.com\/dk\/wp-json\/wp\/v2\/comments?post=13958"}],"wp:featuredmedia":[{"embeddable":true,"href":"https:\/\/xenonkungen.com\/dk\/wp-json\/wp\/v2\/media\/13965"}],"wp:attachment":[{"href":"https:\/\/xenonkungen.com\/dk\/wp-json\/wp\/v2\/media?parent=13958"}],"wp:term":[{"taxonomy":"anvandningsomrade","embeddable":true,"href":"https:\/\/xenonkungen.com\/dk\/wp-json\/wp\/v2\/anvandningsomrade?post=13958"},{"taxonomy":"bilmarken","embeddable":true,"href":"https:\/\/xenonkungen.com\/dk\/wp-json\/wp\/v2\/bilmarken?post=13958"},{"taxonomy":"product_brand","embeddable":true,"href":"https:\/\/xenonkungen.com\/dk\/wp-json\/wp\/v2\/product_brand?post=13958"},{"taxonomy":"product_cat","embeddable":true,"href":"https:\/\/xenonkungen.com\/dk\/wp-json\/wp\/v2\/product_cat?post=13958"},{"taxonomy":"product_tag","embeddable":true,"href":"https:\/\/xenonkungen.com\/dk\/wp-json\/wp\/v2\/product_tag?post=13958"}],"curies":[{"name":"wp","href":"https:\/\/api.w.org\/{rel}","templated":true}]}}