{"id":13966,"date":"2025-09-18T12:30:48","date_gmt":"2025-09-18T12:30:48","guid":{"rendered":"https:\/\/xenonkungen.com\/?post_type=product&#038;p=13966"},"modified":"2026-03-04T17:03:37","modified_gmt":"2026-03-04T16:03:37","slug":"ledwise-rogue-lommelygte","status":"publish","type":"product","link":"https:\/\/xenonkungen.com\/dk\/vare\/ledwise-rogue-lommelygte\/","title":{"rendered":"Ledwise Rogue lommelygte"},"content":{"rendered":"<h3 data-start=\"75\" data-end=\"124\">LEDWISE ROGUE \u2013 Lille, men brutalt kraftfuld<\/h3>\n<p data-start=\"125\" data-end=\"461\">Lad dig ikke narre af st\u00f8rrelsen \u2013 <strong data-start=\"159\" data-end=\"176\">LEDWISE ROGUE<\/strong> er en minilampe, der leverer <strong data-start=\"207\" data-end=\"243\">chokerende lysstyrke p\u00e5 600 lumen<\/strong> i et ultrakompakt format. Med sin <strong data-start=\"280\" data-end=\"323\">kun 55 mm i l\u00e6ngden og 27 gram i v\u00e6gt<\/strong> (uden batteri) f\u00e5r du en lommelygte, der er praktisk nok til at have med dig overalt \u2013 men st\u00e6rk nok til at oplyse selv de m\u00f8rkeste omgivelser.<\/p>\n<p data-start=\"463\" data-end=\"697\">Den holdbare ramme af <strong data-start=\"484\" data-end=\"513\">6061-T6 aluminiumslegering<\/strong> er bygget til at modst\u00e5 b\u00e5de daglig slitage og h\u00e5rde st\u00f8d. Lyset er <strong data-start=\"586\" data-end=\"631\">meget bred og effektiv for n\u00e6romr\u00e5det<\/strong>, men har ogs\u00e5 evnen til at n\u00e5 l\u00e6ngere afstande, n\u00e5r du har brug for det.<\/p>\n<p data-start=\"699\" data-end=\"830\">Med <strong data-start=\"703\" data-end=\"721\">fire belysningstilstande<\/strong> du kan nemt skifte efter behov \u2013 fra diskret lys til fuld effekt med op til <strong data-start=\"801\" data-end=\"827\">70 minutters batterilevetid<\/strong>.<\/p>\n<p data-start=\"832\" data-end=\"854\"><strong data-start=\"832\" data-end=\"852\">Specifikationer:<\/strong><\/p>\n<ul data-start=\"855\" data-end=\"1138\">\n<li data-start=\"855\" data-end=\"879\">\n<p data-start=\"857\" data-end=\"879\">600 lumen lysstyrke<\/p>\n<\/li>\n<li data-start=\"880\" data-end=\"930\">\n<p data-start=\"882\" data-end=\"930\">Kun 55 mm lang og 27 g let (uden batteri)<\/p>\n<\/li>\n<li data-start=\"931\" data-end=\"979\">\n<p data-start=\"933\" data-end=\"979\">Stel i slidst\u00e6rk 6061-T6 aluminiumslegering<\/p>\n<\/li>\n<li data-start=\"980\" data-end=\"1041\">\n<p data-start=\"982\" data-end=\"1041\">Bredt lysfelt til arbejde p\u00e5 t\u00e6t hold \u2013 r\u00e6kkevidde selv p\u00e5 afstand<\/p>\n<\/li>\n<li data-start=\"1042\" data-end=\"1087\">\n<p data-start=\"1044\" data-end=\"1087\">Fire lysstyrkeniveauer for maksimal fleksibilitet<\/p>\n<\/li>\n<li data-start=\"1088\" data-end=\"1138\">\n<p data-start=\"1090\" data-end=\"1138\">Op til 70 minutters batterilevetid ved fuld effekt<\/p>\n<\/li>\n<\/ul>\n<p data-start=\"1140\" data-end=\"1195\"><strong data-start=\"1140\" data-end=\"1193\">LEDWISE ROGUE \u2013 den lille lampe med enorm kraft.<\/strong><\/p>","protected":false},"excerpt":{"rendered":"<p>LEDWISE ROGUE \u2013 Liten men brutalt kraftfull L\u00e5t dig inte luras av storleken \u2013 LEDWISE ROGUE \u00e4r en minilampa som levererar chockerande 600 lumen ljusstyrka i ett ultrakompakt format. Med sina endast 55 mm i l\u00e4ngd och 27 gram i vikt (utan batteri) f\u00e5r du en ficklampa som \u00e4r smidig nog att b\u00e4ra med dig [&hellip;]<\/p>","protected":false},"featured_media":13968,"comment_status":"open","ping_status":"closed","template":"","meta":{"_acf_changed":false,"_smort_price_nok":"742","_smort_price_dkk":"472","_smort_price_eur":"63.18","_smort_sale_price_nok":"","_smort_sale_price_dkk":"","_smort_sale_price_eur":"","smort_restorder":"","shipmondo_restorder":"","_kad_blocks_custom_css":"","_kad_blocks_head_custom_js":"","_kad_blocks_body_custom_js":"","_kad_blocks_footer_custom_js":"","smort_custom_pricelist_1":"444.8","smort_custom_pricelist_2":"389.2","smort_custom_pricelist_3":"361.4","smort_custom_pricelist_4":"556","smort_custom_pricelist_5":"389.2"},"anvandningsomrade":[],"bilmarken":[],"product_brand":[102],"product_cat":[1320],"product_tag":[],"class_list":{"0":"post-13966","1":"product","2":"type-product","3":"status-publish","4":"has-post-thumbnail","6":"product_brand-ledwise","7":"product_cat-ficklampor","9":"first","10":"onbackorder","11":"taxable","12":"shipping-taxable","13":"purchasable","14":"product-type-simple"},"bundled_by":[],"bundle_stock_status":"onbackorder","bundle_stock_quantity":0,"bundle_virtual":false,"bundle_layout":"","bundle_add_to_cart_form_location":"","bundle_editable_in_cart":false,"bundle_sold_individually_context":"","bundle_item_grouping":"","bundle_min_size":"","bundle_max_size":"","bundle_price":[],"bundled_items":[],"bundle_sell_ids":[],"acf":[],"yoast_head":"<!-- This site is optimized with the Yoast SEO plugin v27.0 - https:\/\/yoast.com\/product\/yoast-seo-wordpress\/ -->\n<title>Ledwise Rogue Ficklampa - Xenonkungen<\/title>\n<meta name=\"robots\" content=\"index, follow, max-snippet:-1, max-image-preview:large, max-video-preview:-1\" \/>\n<link rel=\"canonical\" href=\"https:\/\/xenonkungen.com\/dk\/vare\/ledwise-rogue-lommelygte\/\" \/>\n<meta property=\"og:locale\" content=\"da_DK\" \/>\n<meta property=\"og:type\" content=\"article\" \/>\n<meta property=\"og:title\" content=\"Ledwise Rogue Ficklampa - Xenonkungen\" \/>\n<meta property=\"og:description\" content=\"LEDWISE ROGUE \u2013 Liten men brutalt kraftfull L\u00e5t dig inte luras av storleken \u2013 LEDWISE ROGUE \u00e4r en minilampa som levererar chockerande 600 lumen ljusstyrka i ett ultrakompakt format. Med sina endast 55 mm i l\u00e4ngd och 27 gram i vikt (utan batteri) f\u00e5r du en ficklampa som \u00e4r smidig nog att b\u00e4ra med dig [&hellip;]\" \/>\n<meta property=\"og:url\" content=\"https:\/\/xenonkungen.com\/dk\/vare\/ledwise-rogue-lommelygte\/\" \/>\n<meta property=\"og:site_name\" content=\"Xenonkungen\" \/>\n<meta property=\"article:modified_time\" content=\"2026-03-04T16:03:37+00:00\" \/>\n<meta property=\"og:image\" content=\"https:\/\/xenonkungen.com\/wp-content\/uploads\/2025\/09\/1700-AT786-2.jpg\" \/>\n\t<meta property=\"og:image:width\" content=\"476\" \/>\n\t<meta property=\"og:image:height\" content=\"476\" \/>\n\t<meta property=\"og:image:type\" content=\"image\/jpeg\" \/>\n<meta name=\"twitter:card\" content=\"summary_large_image\" \/>\n<meta name=\"twitter:label1\" content=\"Estimeret l\u00e6setid\" \/>\n\t<meta name=\"twitter:data1\" content=\"2 minutter\" \/>\n<script type=\"application\/ld+json\" class=\"yoast-schema-graph\">{\"@context\":\"https:\/\/schema.org\",\"@graph\":[{\"@type\":\"WebPage\",\"@id\":\"https:\/\/xenonkungen.com\/en\/product\/ledwise-rogue-ficklampa\/\",\"url\":\"https:\/\/xenonkungen.com\/en\/product\/ledwise-rogue-ficklampa\/\",\"name\":\"Ledwise Rogue Ficklampa - Xenonkungen\",\"isPartOf\":{\"@id\":\"https:\/\/xenonkungen.com\/#website\"},\"primaryImageOfPage\":{\"@id\":\"https:\/\/xenonkungen.com\/en\/product\/ledwise-rogue-ficklampa\/#primaryimage\"},\"image\":{\"@id\":\"https:\/\/xenonkungen.com\/en\/product\/ledwise-rogue-ficklampa\/#primaryimage\"},\"thumbnailUrl\":\"https:\/\/xenonkungen.com\/wp-content\/uploads\/2025\/09\/1700-AT786-2.jpg\",\"datePublished\":\"2025-09-18T12:30:48+00:00\",\"dateModified\":\"2026-03-04T16:03:37+00:00\",\"breadcrumb\":{\"@id\":\"https:\/\/xenonkungen.com\/en\/product\/ledwise-rogue-ficklampa\/#breadcrumb\"},\"inLanguage\":\"da-DK\",\"potentialAction\":[{\"@type\":\"ReadAction\",\"target\":[\"https:\/\/xenonkungen.com\/en\/product\/ledwise-rogue-ficklampa\/\"]}]},{\"@type\":\"ImageObject\",\"inLanguage\":\"da-DK\",\"@id\":\"https:\/\/xenonkungen.com\/en\/product\/ledwise-rogue-ficklampa\/#primaryimage\",\"url\":\"https:\/\/xenonkungen.com\/wp-content\/uploads\/2025\/09\/1700-AT786-2.jpg\",\"contentUrl\":\"https:\/\/xenonkungen.com\/wp-content\/uploads\/2025\/09\/1700-AT786-2.jpg\",\"width\":476,\"height\":476},{\"@type\":\"BreadcrumbList\",\"@id\":\"https:\/\/xenonkungen.com\/en\/product\/ledwise-rogue-ficklampa\/#breadcrumb\",\"itemListElement\":[{\"@type\":\"ListItem\",\"position\":1,\"name\":\"Hem\",\"item\":\"https:\/\/xenonkungen.com\/\"},{\"@type\":\"ListItem\",\"position\":2,\"name\":\"Shop\",\"item\":\"https:\/\/xenonkungen.com\/shop\/\"},{\"@type\":\"ListItem\",\"position\":3,\"name\":\"Ledwise Rogue Ficklampa\"}]},{\"@type\":\"WebSite\",\"@id\":\"https:\/\/xenonkungen.com\/#website\",\"url\":\"https:\/\/xenonkungen.com\/\",\"name\":\"Xenonkungen\",\"description\":\"\",\"potentialAction\":[{\"@type\":\"SearchAction\",\"target\":{\"@type\":\"EntryPoint\",\"urlTemplate\":\"https:\/\/xenonkungen.com\/?s={search_term_string}\"},\"query-input\":{\"@type\":\"PropertyValueSpecification\",\"valueRequired\":true,\"valueName\":\"search_term_string\"}}],\"inLanguage\":\"da-DK\"}]}<\/script>\n<!-- \/ Yoast SEO plugin. -->","yoast_head_json":{"title":"Ledwise Rogue lommelygte - Xenon King","robots":{"index":"index","follow":"follow","max-snippet":"max-snippet:-1","max-image-preview":"max-image-preview:large","max-video-preview":"max-video-preview:-1"},"canonical":"https:\/\/xenonkungen.com\/dk\/vare\/ledwise-rogue-lommelygte\/","og_locale":"da_DK","og_type":"article","og_title":"Ledwise Rogue Ficklampa - Xenonkungen","og_description":"LEDWISE ROGUE \u2013 Liten men brutalt kraftfull L\u00e5t dig inte luras av storleken \u2013 LEDWISE ROGUE \u00e4r en minilampa som levererar chockerande 600 lumen ljusstyrka i ett ultrakompakt format. Med sina endast 55 mm i l\u00e4ngd och 27 gram i vikt (utan batteri) f\u00e5r du en ficklampa som \u00e4r smidig nog att b\u00e4ra med dig [&hellip;]","og_url":"https:\/\/xenonkungen.com\/dk\/vare\/ledwise-rogue-lommelygte\/","og_site_name":"Xenonkungen","article_modified_time":"2026-03-04T16:03:37+00:00","og_image":[{"width":476,"height":476,"url":"https:\/\/xenonkungen.com\/wp-content\/uploads\/2025\/09\/1700-AT786-2.jpg","type":"image\/jpeg"}],"twitter_card":"summary_large_image","twitter_misc":{"Estimeret l\u00e6setid":"2 minutter"},"schema":{"@context":"https:\/\/schema.org","@graph":[{"@type":"WebPage","@id":"https:\/\/xenonkungen.com\/en\/product\/ledwise-rogue-ficklampa\/","url":"https:\/\/xenonkungen.com\/en\/product\/ledwise-rogue-ficklampa\/","name":"Ledwise Rogue lommelygte - Xenon King","isPartOf":{"@id":"https:\/\/xenonkungen.com\/#website"},"primaryImageOfPage":{"@id":"https:\/\/xenonkungen.com\/en\/product\/ledwise-rogue-ficklampa\/#primaryimage"},"image":{"@id":"https:\/\/xenonkungen.com\/en\/product\/ledwise-rogue-ficklampa\/#primaryimage"},"thumbnailUrl":"https:\/\/xenonkungen.com\/wp-content\/uploads\/2025\/09\/1700-AT786-2.jpg","datePublished":"2025-09-18T12:30:48+00:00","dateModified":"2026-03-04T16:03:37+00:00","breadcrumb":{"@id":"https:\/\/xenonkungen.com\/en\/product\/ledwise-rogue-ficklampa\/#breadcrumb"},"inLanguage":"da-DK","potentialAction":[{"@type":"ReadAction","target":["https:\/\/xenonkungen.com\/en\/product\/ledwise-rogue-ficklampa\/"]}]},{"@type":"ImageObject","inLanguage":"da-DK","@id":"https:\/\/xenonkungen.com\/en\/product\/ledwise-rogue-ficklampa\/#primaryimage","url":"https:\/\/xenonkungen.com\/wp-content\/uploads\/2025\/09\/1700-AT786-2.jpg","contentUrl":"https:\/\/xenonkungen.com\/wp-content\/uploads\/2025\/09\/1700-AT786-2.jpg","width":476,"height":476},{"@type":"BreadcrumbList","@id":"https:\/\/xenonkungen.com\/en\/product\/ledwise-rogue-ficklampa\/#breadcrumb","itemListElement":[{"@type":"ListItem","position":1,"name":"Hem","item":"https:\/\/xenonkungen.com\/"},{"@type":"ListItem","position":2,"name":"Shop","item":"https:\/\/xenonkungen.com\/shop\/"},{"@type":"ListItem","position":3,"name":"Ledwise Rogue Ficklampa"}]},{"@type":"WebSite","@id":"https:\/\/xenonkungen.com\/#website","url":"https:\/\/xenonkungen.com\/","name":"Xenonkungen","description":"","potentialAction":[{"@type":"SearchAction","target":{"@type":"EntryPoint","urlTemplate":"https:\/\/xenonkungen.com\/?s={search_term_string}"},"query-input":{"@type":"PropertyValueSpecification","valueRequired":true,"valueName":"search_term_string"}}],"inLanguage":"da-DK"}]}},"taxonomy_info":{"product_brand":[{"value":102,"label":"LEDWISE"}],"product_cat":[{"value":1320,"label":"Ficklampor"}]},"featured_image_src_large":["https:\/\/xenonkungen.com\/wp-content\/uploads\/2025\/09\/1700-AT786-2.jpg",476,476,false],"author_info":[],"comment_info":0,"_links":{"self":[{"href":"https:\/\/xenonkungen.com\/dk\/wp-json\/wp\/v2\/product\/13966","targetHints":{"allow":["GET"]}}],"collection":[{"href":"https:\/\/xenonkungen.com\/dk\/wp-json\/wp\/v2\/product"}],"about":[{"href":"https:\/\/xenonkungen.com\/dk\/wp-json\/wp\/v2\/types\/product"}],"replies":[{"embeddable":true,"href":"https:\/\/xenonkungen.com\/dk\/wp-json\/wp\/v2\/comments?post=13966"}],"wp:featuredmedia":[{"embeddable":true,"href":"https:\/\/xenonkungen.com\/dk\/wp-json\/wp\/v2\/media\/13968"}],"wp:attachment":[{"href":"https:\/\/xenonkungen.com\/dk\/wp-json\/wp\/v2\/media?parent=13966"}],"wp:term":[{"taxonomy":"anvandningsomrade","embeddable":true,"href":"https:\/\/xenonkungen.com\/dk\/wp-json\/wp\/v2\/anvandningsomrade?post=13966"},{"taxonomy":"bilmarken","embeddable":true,"href":"https:\/\/xenonkungen.com\/dk\/wp-json\/wp\/v2\/bilmarken?post=13966"},{"taxonomy":"product_brand","embeddable":true,"href":"https:\/\/xenonkungen.com\/dk\/wp-json\/wp\/v2\/product_brand?post=13966"},{"taxonomy":"product_cat","embeddable":true,"href":"https:\/\/xenonkungen.com\/dk\/wp-json\/wp\/v2\/product_cat?post=13966"},{"taxonomy":"product_tag","embeddable":true,"href":"https:\/\/xenonkungen.com\/dk\/wp-json\/wp\/v2\/product_tag?post=13966"}],"curies":[{"name":"wp","href":"https:\/\/api.w.org\/{rel}","templated":true}]}}