{"id":13972,"date":"2025-09-18T12:43:11","date_gmt":"2025-09-18T12:43:11","guid":{"rendered":"https:\/\/xenonkungen.com\/?post_type=product&#038;p=13972"},"modified":"2026-04-11T01:41:57","modified_gmt":"2026-04-11T00:41:57","slug":"ledwise-recon-330-lommelygte-genopladelig","status":"publish","type":"product","link":"https:\/\/xenonkungen.com\/dk\/vare\/ledwise-recon-330-lommelygte-genopladelig\/","title":{"rendered":"Ledwise Recon 330 lommelygte genopladelig"},"content":{"rendered":"<h3 data-start=\"77\" data-end=\"133\">Kraftfuld taktisk lommelygte - designet til professionelle<\/h3>\n<p data-start=\"134\" data-end=\"379\">Denne lampe er skabt til at opfylde de h\u00f8je krav fra <strong data-start=\"192\" data-end=\"235\">Politi, sikkerheds- og lufthavnspersonale<\/strong>. Med en robust <strong data-start=\"252\" data-end=\"274\">Sort aluminiumshus<\/strong> og <strong data-start=\"279\" data-end=\"297\">IPX7-klassificering<\/strong> Den er b\u00e5de holdbar og vejrbestandig - klar til h\u00e5rd brug i alle milj\u00f8er.<\/p>\n<p data-start=\"381\" data-end=\"630\">Med en <strong data-start=\"388\" data-end=\"408\">CREE XP-L HD LED<\/strong> lampen leverer op til <strong data-start=\"435\" data-end=\"448\">930 lumen<\/strong> og en imponerende <strong data-start=\"468\" data-end=\"493\">R\u00e6kkevidde p\u00e5 430 meter<\/strong>. De store knapper og det ergonomiske greb g\u00f8r den nem at bruge selv med handsker, hvilket er afg\u00f8rende i pressede situationer.<\/p>\n<p data-start=\"632\" data-end=\"742\">Til trafikkontrol og sikkerhedsarbejde, en <strong data-start=\"680\" data-end=\"704\">orange kegle p\u00e5 220 mm<\/strong>som hurtigt kan samles, n\u00e5r der er brug for det.<\/p>\n<p data-start=\"744\" data-end=\"966\">Lampen oplades nemt via <strong data-start=\"770\" data-end=\"797\">12V v\u00e6goplader (medf\u00f8lger)<\/strong> eller direkte med <strong data-start=\"815\" data-end=\"837\">USB til batteri<\/strong>hvilket giver maksimal fleksibilitet. Med en v\u00e6gt p\u00e5 <strong data-start=\"887\" data-end=\"899\">760 gram<\/strong> Den f\u00f8les stabil i h\u00e5nden og giver dig ro i sindet i enhver situation.<\/p>\n<p data-start=\"968\" data-end=\"985\"><strong data-start=\"968\" data-end=\"983\">\u00c5bningstider:<\/strong><\/p>\n<ul data-start=\"986\" data-end=\"1135\">\n<li data-start=\"986\" data-end=\"1021\">\n<p data-start=\"988\" data-end=\"1021\">H\u00f8j (930 lm): op til 3 timer<\/p>\n<\/li>\n<li data-start=\"1022\" data-end=\"1060\">\n<p data-start=\"1024\" data-end=\"1060\">Medium (470 lm): op til 7 timer<\/p>\n<\/li>\n<li data-start=\"1061\" data-end=\"1096\">\n<p data-start=\"1063\" data-end=\"1096\">Lav (16 lm): op til 16 timer<\/p>\n<\/li>\n<li data-start=\"1097\" data-end=\"1135\">\n<p data-start=\"1099\" data-end=\"1135\">Strobe (930 lm): op til 6 timer<\/p>\n<\/li>\n<\/ul>\n<p><strong>Et lys, du kan stole p\u00e5 - n\u00e5r situationen kr\u00e6ver det.<\/strong><\/p>","protected":false},"excerpt":{"rendered":"<p>Kraftfull taktisk ficklampa \u2013 utvecklad f\u00f6r proffs Den h\u00e4r lampan \u00e4r skapad f\u00f6r att m\u00f6ta de h\u00f6ga kraven fr\u00e5n polis, s\u00e4kerhets- och flygplatspersonal. Med ett robust svart aluminiumhus och IPX7-klassning \u00e4r den b\u00e5de slitstark och v\u00e4dert\u00e5lig \u2013 redo f\u00f6r tuff anv\u00e4ndning i alla milj\u00f6er. Med en CREE XP-L HD LED levererar lampan upp till 930 [&hellip;]<\/p>","protected":false},"featured_media":13983,"comment_status":"open","ping_status":"closed","template":"","meta":{"_acf_changed":false,"_smort_price_nok":"2937","_smort_price_dkk":"1866","_smort_price_eur":"249.99","_smort_sale_price_nok":"","_smort_sale_price_dkk":"","_smort_sale_price_eur":"","smort_restorder":"","shipmondo_restorder":"","_kad_blocks_custom_css":"","_kad_blocks_head_custom_js":"","_kad_blocks_body_custom_js":"","_kad_blocks_footer_custom_js":"","smort_custom_pricelist_1":"1760","smort_custom_pricelist_2":"1540","smort_custom_pricelist_3":"1430","smort_custom_pricelist_4":"2200","smort_custom_pricelist_5":"1540"},"anvandningsomrade":[],"bilmarken":[],"product_brand":[102],"product_cat":[1320],"product_tag":[],"class_list":{"0":"post-13972","1":"product","2":"type-product","3":"status-publish","4":"has-post-thumbnail","6":"product_brand-ledwise","7":"product_cat-ficklampor","9":"first","10":"instock","11":"taxable","12":"shipping-taxable","13":"purchasable","14":"product-type-simple"},"bundled_by":[],"bundle_stock_status":"instock","bundle_stock_quantity":1,"bundle_virtual":false,"bundle_layout":"","bundle_add_to_cart_form_location":"","bundle_editable_in_cart":false,"bundle_sold_individually_context":"","bundle_item_grouping":"","bundle_min_size":"","bundle_max_size":"","bundle_price":[],"bundled_items":[],"bundle_sell_ids":[],"acf":[],"yoast_head":"<!-- This site is optimized with the Yoast SEO plugin v27.0 - https:\/\/yoast.com\/product\/yoast-seo-wordpress\/ -->\n<title>Ledwise Recon 330 Ficklampa laddbar - Xenonkungen<\/title>\n<meta name=\"robots\" content=\"index, follow, max-snippet:-1, max-image-preview:large, max-video-preview:-1\" \/>\n<link rel=\"canonical\" href=\"https:\/\/xenonkungen.com\/dk\/vare\/ledwise-recon-330-lommelygte-genopladelig\/\" \/>\n<meta property=\"og:locale\" content=\"da_DK\" \/>\n<meta property=\"og:type\" content=\"article\" \/>\n<meta property=\"og:title\" content=\"Ledwise Recon 330 Ficklampa laddbar - Xenonkungen\" \/>\n<meta property=\"og:description\" content=\"Kraftfull taktisk ficklampa \u2013 utvecklad f\u00f6r proffs Den h\u00e4r lampan \u00e4r skapad f\u00f6r att m\u00f6ta de h\u00f6ga kraven fr\u00e5n polis, s\u00e4kerhets- och flygplatspersonal. Med ett robust svart aluminiumhus och IPX7-klassning \u00e4r den b\u00e5de slitstark och v\u00e4dert\u00e5lig \u2013 redo f\u00f6r tuff anv\u00e4ndning i alla milj\u00f6er. Med en CREE XP-L HD LED levererar lampan upp till 930 [&hellip;]\" \/>\n<meta property=\"og:url\" content=\"https:\/\/xenonkungen.com\/dk\/vare\/ledwise-recon-330-lommelygte-genopladelig\/\" \/>\n<meta property=\"og:site_name\" content=\"Xenonkungen\" \/>\n<meta property=\"article:modified_time\" content=\"2026-04-11T00:41:57+00:00\" \/>\n<meta property=\"og:image\" content=\"https:\/\/xenonkungen.com\/wp-content\/uploads\/2025\/09\/JOC_1855256_187614609.jpg\" \/>\n\t<meta property=\"og:image:width\" content=\"400\" \/>\n\t<meta property=\"og:image:height\" content=\"300\" \/>\n\t<meta property=\"og:image:type\" content=\"image\/jpeg\" \/>\n<meta name=\"twitter:card\" content=\"summary_large_image\" \/>\n<meta name=\"twitter:label1\" content=\"Estimeret l\u00e6setid\" \/>\n\t<meta name=\"twitter:data1\" content=\"2 minutter\" \/>\n<script type=\"application\/ld+json\" class=\"yoast-schema-graph\">{\"@context\":\"https:\/\/schema.org\",\"@graph\":[{\"@type\":\"WebPage\",\"@id\":\"https:\/\/xenonkungen.com\/produkt\/ledwise-recon-330-ficklampa-laddbar\/\",\"url\":\"https:\/\/xenonkungen.com\/produkt\/ledwise-recon-330-ficklampa-laddbar\/\",\"name\":\"Ledwise Recon 330 Ficklampa laddbar - Xenonkungen\",\"isPartOf\":{\"@id\":\"https:\/\/xenonkungen.com\/#website\"},\"primaryImageOfPage\":{\"@id\":\"https:\/\/xenonkungen.com\/produkt\/ledwise-recon-330-ficklampa-laddbar\/#primaryimage\"},\"image\":{\"@id\":\"https:\/\/xenonkungen.com\/produkt\/ledwise-recon-330-ficklampa-laddbar\/#primaryimage\"},\"thumbnailUrl\":\"https:\/\/xenonkungen.com\/wp-content\/uploads\/2025\/09\/JOC_1855256_187614609.jpg\",\"datePublished\":\"2025-09-18T12:43:11+00:00\",\"dateModified\":\"2026-04-11T00:41:57+00:00\",\"breadcrumb\":{\"@id\":\"https:\/\/xenonkungen.com\/produkt\/ledwise-recon-330-ficklampa-laddbar\/#breadcrumb\"},\"inLanguage\":\"da-DK\",\"potentialAction\":[{\"@type\":\"ReadAction\",\"target\":[\"https:\/\/xenonkungen.com\/produkt\/ledwise-recon-330-ficklampa-laddbar\/\"]}]},{\"@type\":\"ImageObject\",\"inLanguage\":\"da-DK\",\"@id\":\"https:\/\/xenonkungen.com\/produkt\/ledwise-recon-330-ficklampa-laddbar\/#primaryimage\",\"url\":\"https:\/\/xenonkungen.com\/wp-content\/uploads\/2025\/09\/JOC_1855256_187614609.jpg\",\"contentUrl\":\"https:\/\/xenonkungen.com\/wp-content\/uploads\/2025\/09\/JOC_1855256_187614609.jpg\",\"width\":400,\"height\":300},{\"@type\":\"BreadcrumbList\",\"@id\":\"https:\/\/xenonkungen.com\/produkt\/ledwise-recon-330-ficklampa-laddbar\/#breadcrumb\",\"itemListElement\":[{\"@type\":\"ListItem\",\"position\":1,\"name\":\"Hem\",\"item\":\"https:\/\/xenonkungen.com\/\"},{\"@type\":\"ListItem\",\"position\":2,\"name\":\"Shop\",\"item\":\"https:\/\/xenonkungen.com\/shop\/\"},{\"@type\":\"ListItem\",\"position\":3,\"name\":\"Ledwise Recon 330 Ficklampa laddbar\"}]},{\"@type\":\"WebSite\",\"@id\":\"https:\/\/xenonkungen.com\/#website\",\"url\":\"https:\/\/xenonkungen.com\/\",\"name\":\"Xenonkungen\",\"description\":\"\",\"potentialAction\":[{\"@type\":\"SearchAction\",\"target\":{\"@type\":\"EntryPoint\",\"urlTemplate\":\"https:\/\/xenonkungen.com\/?s={search_term_string}\"},\"query-input\":{\"@type\":\"PropertyValueSpecification\",\"valueRequired\":true,\"valueName\":\"search_term_string\"}}],\"inLanguage\":\"da-DK\"}]}<\/script>\n<!-- \/ Yoast SEO plugin. -->","yoast_head_json":{"title":"Ledwise Recon 330 Genopladelig Lommelygte - Xenonkungen","robots":{"index":"index","follow":"follow","max-snippet":"max-snippet:-1","max-image-preview":"max-image-preview:large","max-video-preview":"max-video-preview:-1"},"canonical":"https:\/\/xenonkungen.com\/dk\/vare\/ledwise-recon-330-lommelygte-genopladelig\/","og_locale":"da_DK","og_type":"article","og_title":"Ledwise Recon 330 Ficklampa laddbar - Xenonkungen","og_description":"Kraftfull taktisk ficklampa \u2013 utvecklad f\u00f6r proffs Den h\u00e4r lampan \u00e4r skapad f\u00f6r att m\u00f6ta de h\u00f6ga kraven fr\u00e5n polis, s\u00e4kerhets- och flygplatspersonal. Med ett robust svart aluminiumhus och IPX7-klassning \u00e4r den b\u00e5de slitstark och v\u00e4dert\u00e5lig \u2013 redo f\u00f6r tuff anv\u00e4ndning i alla milj\u00f6er. Med en CREE XP-L HD LED levererar lampan upp till 930 [&hellip;]","og_url":"https:\/\/xenonkungen.com\/dk\/vare\/ledwise-recon-330-lommelygte-genopladelig\/","og_site_name":"Xenonkungen","article_modified_time":"2026-04-11T00:41:57+00:00","og_image":[{"width":400,"height":300,"url":"https:\/\/xenonkungen.com\/wp-content\/uploads\/2025\/09\/JOC_1855256_187614609.jpg","type":"image\/jpeg"}],"twitter_card":"summary_large_image","twitter_misc":{"Estimeret l\u00e6setid":"2 minutter"},"schema":{"@context":"https:\/\/schema.org","@graph":[{"@type":"WebPage","@id":"https:\/\/xenonkungen.com\/produkt\/ledwise-recon-330-ficklampa-laddbar\/","url":"https:\/\/xenonkungen.com\/produkt\/ledwise-recon-330-ficklampa-laddbar\/","name":"Ledwise Recon 330 Genopladelig Lommelygte - Xenonkungen","isPartOf":{"@id":"https:\/\/xenonkungen.com\/#website"},"primaryImageOfPage":{"@id":"https:\/\/xenonkungen.com\/produkt\/ledwise-recon-330-ficklampa-laddbar\/#primaryimage"},"image":{"@id":"https:\/\/xenonkungen.com\/produkt\/ledwise-recon-330-ficklampa-laddbar\/#primaryimage"},"thumbnailUrl":"https:\/\/xenonkungen.com\/wp-content\/uploads\/2025\/09\/JOC_1855256_187614609.jpg","datePublished":"2025-09-18T12:43:11+00:00","dateModified":"2026-04-11T00:41:57+00:00","breadcrumb":{"@id":"https:\/\/xenonkungen.com\/produkt\/ledwise-recon-330-ficklampa-laddbar\/#breadcrumb"},"inLanguage":"da-DK","potentialAction":[{"@type":"ReadAction","target":["https:\/\/xenonkungen.com\/produkt\/ledwise-recon-330-ficklampa-laddbar\/"]}]},{"@type":"ImageObject","inLanguage":"da-DK","@id":"https:\/\/xenonkungen.com\/produkt\/ledwise-recon-330-ficklampa-laddbar\/#primaryimage","url":"https:\/\/xenonkungen.com\/wp-content\/uploads\/2025\/09\/JOC_1855256_187614609.jpg","contentUrl":"https:\/\/xenonkungen.com\/wp-content\/uploads\/2025\/09\/JOC_1855256_187614609.jpg","width":400,"height":300},{"@type":"BreadcrumbList","@id":"https:\/\/xenonkungen.com\/produkt\/ledwise-recon-330-ficklampa-laddbar\/#breadcrumb","itemListElement":[{"@type":"ListItem","position":1,"name":"Hem","item":"https:\/\/xenonkungen.com\/"},{"@type":"ListItem","position":2,"name":"Shop","item":"https:\/\/xenonkungen.com\/shop\/"},{"@type":"ListItem","position":3,"name":"Ledwise Recon 330 Ficklampa laddbar"}]},{"@type":"WebSite","@id":"https:\/\/xenonkungen.com\/#website","url":"https:\/\/xenonkungen.com\/","name":"Xenonkungen","description":"","potentialAction":[{"@type":"SearchAction","target":{"@type":"EntryPoint","urlTemplate":"https:\/\/xenonkungen.com\/?s={search_term_string}"},"query-input":{"@type":"PropertyValueSpecification","valueRequired":true,"valueName":"search_term_string"}}],"inLanguage":"da-DK"}]}},"taxonomy_info":{"product_brand":[{"value":102,"label":"LEDWISE"}],"product_cat":[{"value":1320,"label":"Ficklampor"}]},"featured_image_src_large":["https:\/\/xenonkungen.com\/wp-content\/uploads\/2025\/09\/JOC_1855256_187614609.jpg",400,300,false],"author_info":[],"comment_info":0,"_links":{"self":[{"href":"https:\/\/xenonkungen.com\/dk\/wp-json\/wp\/v2\/product\/13972","targetHints":{"allow":["GET"]}}],"collection":[{"href":"https:\/\/xenonkungen.com\/dk\/wp-json\/wp\/v2\/product"}],"about":[{"href":"https:\/\/xenonkungen.com\/dk\/wp-json\/wp\/v2\/types\/product"}],"replies":[{"embeddable":true,"href":"https:\/\/xenonkungen.com\/dk\/wp-json\/wp\/v2\/comments?post=13972"}],"wp:featuredmedia":[{"embeddable":true,"href":"https:\/\/xenonkungen.com\/dk\/wp-json\/wp\/v2\/media\/13983"}],"wp:attachment":[{"href":"https:\/\/xenonkungen.com\/dk\/wp-json\/wp\/v2\/media?parent=13972"}],"wp:term":[{"taxonomy":"anvandningsomrade","embeddable":true,"href":"https:\/\/xenonkungen.com\/dk\/wp-json\/wp\/v2\/anvandningsomrade?post=13972"},{"taxonomy":"bilmarken","embeddable":true,"href":"https:\/\/xenonkungen.com\/dk\/wp-json\/wp\/v2\/bilmarken?post=13972"},{"taxonomy":"product_brand","embeddable":true,"href":"https:\/\/xenonkungen.com\/dk\/wp-json\/wp\/v2\/product_brand?post=13972"},{"taxonomy":"product_cat","embeddable":true,"href":"https:\/\/xenonkungen.com\/dk\/wp-json\/wp\/v2\/product_cat?post=13972"},{"taxonomy":"product_tag","embeddable":true,"href":"https:\/\/xenonkungen.com\/dk\/wp-json\/wp\/v2\/product_tag?post=13972"}],"curies":[{"name":"wp","href":"https:\/\/api.w.org\/{rel}","templated":true}]}}