{"id":15118,"date":"2025-10-08T11:28:53","date_gmt":"2025-10-08T11:28:53","guid":{"rendered":"https:\/\/xenonkungen.com\/?post_type=product&#038;p=15118"},"modified":"2026-04-24T17:44:16","modified_gmt":"2026-04-24T16:44:16","slug":"bullpro-spektrum-54w-firkantet","status":"publish","type":"product","link":"https:\/\/xenonkungen.com\/dk\/vare\/bullpro-spektrum-54w-firkantet\/","title":{"rendered":"Bullpro Spectrum 54w firkantet"},"content":{"rendered":"<h3 data-start=\"176\" data-end=\"255\"><strong data-start=\"180\" data-end=\"253\">BullPro Spectrum 54 Square \u2013 Kraftig LED-arbejdslampe til professionelle<\/strong><\/h3>\n<p data-start=\"257\" data-end=\"483\">Tag din arbejdsbelysning til det n\u00e6ste niveau med <strong data-start=\"300\" data-end=\"350\">BullPro Spectrum 54 Square LED arbejdslampe<\/strong>Den er udviklet til at levere <strong data-start=\"386\" data-end=\"449\">Maksimal ydeevne, lang levetid og overlegen lysstyrke<\/strong> \u2013 uanset milj\u00f8 eller udfordring.<\/p>\n<p data-start=\"485\" data-end=\"862\">Med <strong data-start=\"489\" data-end=\"527\">36 h\u00f8jtydende OSRAM LED&#039;er<\/strong> leverer BullPro Spectrum 54 Square op til <strong data-start=\"574\" data-end=\"601\">8100 lumen (teoretisk)<\/strong> og <strong data-start=\"606\" data-end=\"642\">6050 lumen i praktisk brug<\/strong>, som giver en kraftfuld og j\u00e6vn lysstr\u00f8m, der oplyser selv de m\u00f8rkeste arbejdspladser. <strong data-start=\"742\" data-end=\"769\">5000 K farvetemperatur<\/strong> Giver et naturligt hvidt lys, der reducerer \u00f8jentr\u00e6thed og forbedrer pr\u00e6cisionen i arbejdet.<\/p>\n<p data-start=\"864\" data-end=\"1155\">BullPro Spectrum 54 Square er bygget til at modst\u00e5 de h\u00e5rdeste forhold. Med <strong data-start=\"944\" data-end=\"962\">IP68-klassificering<\/strong> er det begge dele <strong data-start=\"975\" data-end=\"1000\">vandt\u00e6t og st\u00f8vt\u00e6t<\/strong>, hvilket g\u00f8r den perfekt til arbejde i regn, sne, mudder eller st\u00f8vede omgivelser. Du kan regne med, at den leverer stabil og p\u00e5lidelig belysning \u2013 hver gang.<\/p>\n<p data-start=\"1157\" data-end=\"1432\">Takket v\u00e6re dens <strong data-start=\"1171\" data-end=\"1219\">Bredt kompatibel indgangssp\u00e6nding (9-32 V DC)<\/strong> Det fungerer med en bred vifte af k\u00f8ret\u00f8jer og maskiner. Det er ogs\u00e5 <strong data-start=\"1286\" data-end=\"1304\">energieffektiv<\/strong>med et str\u00f8mforbrug p\u00e5 kun <strong data-start=\"1340\" data-end=\"1361\">3,89A ved 13,7V<\/strong>, som giver maksimal lysudbytte uden un\u00f8dig belastning af det elektriske system.<\/p>\n<p data-start=\"1434\" data-end=\"1621\">Den <strong data-start=\"1438\" data-end=\"1490\">kompakt firkantet design (101 x 101 x 45 mm)<\/strong> g\u00f8r monteringen nem og fleksibel. <strong data-start=\"1531\" data-end=\"1557\">integreret DT-stik<\/strong> er praktisk placeret nedad for hurtig og sikker installation.<\/p>\n<p data-start=\"1623\" data-end=\"1784\">BullPro Spectrum 54 Square er <strong data-start=\"1653\" data-end=\"1672\">R10-certificeret<\/strong>, hvilket sikrer h\u00f8j kvalitet, elektromagnetisk kompatibilitet og p\u00e5lidelig drift i henhold til branchestandarder.<\/p>\n<p data-start=\"1786\" data-end=\"1801\"><strong data-start=\"1786\" data-end=\"1799\">Fordele:<\/strong><\/p>\n<ul data-start=\"1802\" data-end=\"2198\">\n<li data-start=\"1802\" data-end=\"1876\">\n<p data-start=\"1804\" data-end=\"1876\">Op til <strong data-start=\"1813\" data-end=\"1827\">8100 lumen<\/strong> \u2013 ekstrem lysstyrke til alle arbejdssituationer<\/p>\n<\/li>\n<li data-start=\"1877\" data-end=\"1941\">\n<p data-start=\"1879\" data-end=\"1941\"><strong data-start=\"1879\" data-end=\"1904\">5000K farvetemperatur<\/strong> \u2013 klart, hvidt lys for bedre synlighed<\/p>\n<\/li>\n<li data-start=\"1942\" data-end=\"1989\">\n<p data-start=\"1944\" data-end=\"1989\"><strong data-start=\"1944\" data-end=\"1960\">IP68-klassificeret<\/strong> \u2013 fuldst\u00e6ndig st\u00f8v- og vandt\u00e6t<\/p>\n<\/li>\n<li data-start=\"1990\" data-end=\"2056\">\n<p data-start=\"1992\" data-end=\"2056\"><strong data-start=\"1992\" data-end=\"2016\">Energieffektiv drift<\/strong> \u2013 lavt str\u00f8mforbrug, h\u00f8j ydeevne<\/p>\n<\/li>\n<li data-start=\"2057\" data-end=\"2128\">\n<p data-start=\"2059\" data-end=\"2128\"><strong data-start=\"2059\" data-end=\"2088\">Kompakt og robust design<\/strong> \u2013 nem montering og lang holdbarhed<\/p>\n<\/li>\n<li data-start=\"2129\" data-end=\"2198\">\n<p data-start=\"2131\" data-end=\"2198\"><strong data-start=\"2131\" data-end=\"2159\">R10-certificeret kvalitet<\/strong> \u2013 bygget til professionel brug<\/p>\n<\/li>\n<\/ul>\n<p data-start=\"2200\" data-end=\"2375\">Maksimer din arbejdsbelysning og \u00f8g din effektivitet med <strong data-start=\"2258\" data-end=\"2308\">BullPro Spectrum 54 Square LED arbejdslampe<\/strong> \u2013 den perfekte kombination af kraft, kvalitet og p\u00e5lidelighed.<\/p>\n<p data-start=\"2377\" data-end=\"2485\"><strong data-start=\"2377\" data-end=\"2424\">Bestil din BullPro Spectrum 54 Square i dag<\/strong> og oplev den forskel, et virkelig professionelt lys kan g\u00f8re!<\/p>","protected":false},"excerpt":{"rendered":"<p>BullPro Spectrum 54 Square \u2013 Kraftfull LED-arbetsbelysning f\u00f6r proffs Ta din arbetsbelysning till n\u00e4sta niv\u00e5 med BullPro Spectrum 54 Square LED-arbetsbelysning. Den \u00e4r utvecklad f\u00f6r att leverera maximal prestanda, l\u00e5ng livsl\u00e4ngd och \u00f6verl\u00e4gsen ljusstyrka \u2013 oavsett milj\u00f6 eller utmaning. Med 36 h\u00f6gpresterande OSRAM LED-dioder levererar BullPro Spectrum 54 Square upp till 8100 lumen (teoretiskt) och [&hellip;]<\/p>","protected":false},"featured_media":15122,"comment_status":"open","ping_status":"closed","template":"","meta":{"_acf_changed":false,"_smort_price_nok":"800","_smort_price_dkk":"508","_smort_price_eur":"68.09","_smort_sale_price_nok":"","_smort_sale_price_dkk":"","_smort_sale_price_eur":"","smort_restorder":"","shipmondo_restorder":"","_kad_blocks_custom_css":"","_kad_blocks_head_custom_js":"","_kad_blocks_body_custom_js":"","_kad_blocks_footer_custom_js":"","smort_custom_pricelist_1":"479.36","smort_custom_pricelist_2":"419.44","smort_custom_pricelist_3":"389.48","smort_custom_pricelist_4":"599.2","smort_custom_pricelist_5":"419.44"},"anvandningsomrade":[],"bilmarken":[],"product_brand":[93],"product_cat":[508],"product_tag":[],"class_list":{"0":"post-15118","1":"product","2":"type-product","3":"status-publish","4":"has-post-thumbnail","6":"product_brand-bullpro","7":"product_cat-arbetsbelysning","8":"pa_fargtemperatur-5000k","9":"pa_godkannande-r23-r10","10":"pa_lampsockel-kontakt-inbyggd-dt","11":"pa_ljusbild-bred","12":"pa_volt-v-9-32","14":"first","15":"instock","16":"taxable","17":"shipping-taxable","18":"purchasable","19":"product-type-simple"},"bundled_by":[],"bundle_stock_status":"instock","bundle_stock_quantity":20,"bundle_virtual":false,"bundle_layout":"","bundle_add_to_cart_form_location":"","bundle_editable_in_cart":false,"bundle_sold_individually_context":"","bundle_item_grouping":"","bundle_min_size":"","bundle_max_size":"","bundle_price":[],"bundled_items":[],"bundle_sell_ids":[],"acf":[],"yoast_head":"<!-- This site is optimized with the Yoast SEO plugin v27.0 - https:\/\/yoast.com\/product\/yoast-seo-wordpress\/ -->\n<title>Bullpro Spectrum 54w Square - Xenonkungen<\/title>\n<meta name=\"robots\" content=\"index, follow, max-snippet:-1, max-image-preview:large, max-video-preview:-1\" \/>\n<link rel=\"canonical\" href=\"https:\/\/xenonkungen.com\/dk\/vare\/bullpro-spektrum-54w-firkantet\/\" \/>\n<meta property=\"og:locale\" content=\"da_DK\" \/>\n<meta property=\"og:type\" content=\"article\" \/>\n<meta property=\"og:title\" content=\"Bullpro Spectrum 54w Square - Xenonkungen\" \/>\n<meta property=\"og:description\" content=\"BullPro Spectrum 54 Square \u2013 Kraftfull LED-arbetsbelysning f\u00f6r proffs Ta din arbetsbelysning till n\u00e4sta niv\u00e5 med BullPro Spectrum 54 Square LED-arbetsbelysning. Den \u00e4r utvecklad f\u00f6r att leverera maximal prestanda, l\u00e5ng livsl\u00e4ngd och \u00f6verl\u00e4gsen ljusstyrka \u2013 oavsett milj\u00f6 eller utmaning. Med 36 h\u00f6gpresterande OSRAM LED-dioder levererar BullPro Spectrum 54 Square upp till 8100 lumen (teoretiskt) och [&hellip;]\" \/>\n<meta property=\"og:url\" content=\"https:\/\/xenonkungen.com\/dk\/vare\/bullpro-spektrum-54w-firkantet\/\" \/>\n<meta property=\"og:site_name\" content=\"Xenonkungen\" \/>\n<meta property=\"article:modified_time\" content=\"2026-04-24T16:44:16+00:00\" \/>\n<meta property=\"og:image\" content=\"https:\/\/xenonkungen.com\/wp-content\/uploads\/2025\/10\/bullprospectrum54square_8020108070_f06b31cfeeb3_1.webp\" \/>\n\t<meta property=\"og:image:width\" content=\"1852\" \/>\n\t<meta property=\"og:image:height\" content=\"2048\" \/>\n\t<meta property=\"og:image:type\" content=\"image\/webp\" \/>\n<meta name=\"twitter:card\" content=\"summary_large_image\" \/>\n<meta name=\"twitter:label1\" content=\"Estimeret l\u00e6setid\" \/>\n\t<meta name=\"twitter:data1\" content=\"2 minutter\" \/>\n<script type=\"application\/ld+json\" class=\"yoast-schema-graph\">{\"@context\":\"https:\/\/schema.org\",\"@graph\":[{\"@type\":\"WebPage\",\"@id\":\"https:\/\/xenonkungen.com\/es\/producto\/bullpro-spectrum-54w-cuadrado\/\",\"url\":\"https:\/\/xenonkungen.com\/es\/producto\/bullpro-spectrum-54w-cuadrado\/\",\"name\":\"Bullpro Spectrum 54w Square - Xenonkungen\",\"isPartOf\":{\"@id\":\"https:\/\/xenonkungen.com\/#website\"},\"primaryImageOfPage\":{\"@id\":\"https:\/\/xenonkungen.com\/es\/producto\/bullpro-spectrum-54w-cuadrado\/#primaryimage\"},\"image\":{\"@id\":\"https:\/\/xenonkungen.com\/es\/producto\/bullpro-spectrum-54w-cuadrado\/#primaryimage\"},\"thumbnailUrl\":\"https:\/\/xenonkungen.com\/wp-content\/uploads\/2025\/10\/bullprospectrum54square_8020108070_f06b31cfeeb3_1.webp\",\"datePublished\":\"2025-10-08T11:28:53+00:00\",\"dateModified\":\"2026-04-24T16:44:16+00:00\",\"breadcrumb\":{\"@id\":\"https:\/\/xenonkungen.com\/es\/producto\/bullpro-spectrum-54w-cuadrado\/#breadcrumb\"},\"inLanguage\":\"da-DK\",\"potentialAction\":[{\"@type\":\"ReadAction\",\"target\":[\"https:\/\/xenonkungen.com\/es\/producto\/bullpro-spectrum-54w-cuadrado\/\"]}]},{\"@type\":\"ImageObject\",\"inLanguage\":\"da-DK\",\"@id\":\"https:\/\/xenonkungen.com\/es\/producto\/bullpro-spectrum-54w-cuadrado\/#primaryimage\",\"url\":\"https:\/\/xenonkungen.com\/wp-content\/uploads\/2025\/10\/bullprospectrum54square_8020108070_f06b31cfeeb3_1.webp\",\"contentUrl\":\"https:\/\/xenonkungen.com\/wp-content\/uploads\/2025\/10\/bullprospectrum54square_8020108070_f06b31cfeeb3_1.webp\",\"width\":1852,\"height\":2048},{\"@type\":\"BreadcrumbList\",\"@id\":\"https:\/\/xenonkungen.com\/es\/producto\/bullpro-spectrum-54w-cuadrado\/#breadcrumb\",\"itemListElement\":[{\"@type\":\"ListItem\",\"position\":1,\"name\":\"Hem\",\"item\":\"https:\/\/xenonkungen.com\/\"},{\"@type\":\"ListItem\",\"position\":2,\"name\":\"Shop\",\"item\":\"https:\/\/xenonkungen.com\/shop\/\"},{\"@type\":\"ListItem\",\"position\":3,\"name\":\"Bullpro Spectrum 54w Square\"}]},{\"@type\":\"WebSite\",\"@id\":\"https:\/\/xenonkungen.com\/#website\",\"url\":\"https:\/\/xenonkungen.com\/\",\"name\":\"Xenonkungen\",\"description\":\"\",\"potentialAction\":[{\"@type\":\"SearchAction\",\"target\":{\"@type\":\"EntryPoint\",\"urlTemplate\":\"https:\/\/xenonkungen.com\/?s={search_term_string}\"},\"query-input\":{\"@type\":\"PropertyValueSpecification\",\"valueRequired\":true,\"valueName\":\"search_term_string\"}}],\"inLanguage\":\"da-DK\"}]}<\/script>\n<!-- \/ Yoast SEO plugin. -->","yoast_head_json":{"title":"Bullpro Spectrum 54w Square - Xenon-kongen","robots":{"index":"index","follow":"follow","max-snippet":"max-snippet:-1","max-image-preview":"max-image-preview:large","max-video-preview":"max-video-preview:-1"},"canonical":"https:\/\/xenonkungen.com\/dk\/vare\/bullpro-spektrum-54w-firkantet\/","og_locale":"da_DK","og_type":"article","og_title":"Bullpro Spectrum 54w Square - Xenonkungen","og_description":"BullPro Spectrum 54 Square \u2013 Kraftfull LED-arbetsbelysning f\u00f6r proffs Ta din arbetsbelysning till n\u00e4sta niv\u00e5 med BullPro Spectrum 54 Square LED-arbetsbelysning. Den \u00e4r utvecklad f\u00f6r att leverera maximal prestanda, l\u00e5ng livsl\u00e4ngd och \u00f6verl\u00e4gsen ljusstyrka \u2013 oavsett milj\u00f6 eller utmaning. Med 36 h\u00f6gpresterande OSRAM LED-dioder levererar BullPro Spectrum 54 Square upp till 8100 lumen (teoretiskt) och [&hellip;]","og_url":"https:\/\/xenonkungen.com\/dk\/vare\/bullpro-spektrum-54w-firkantet\/","og_site_name":"Xenonkungen","article_modified_time":"2026-04-24T16:44:16+00:00","og_image":[{"width":1852,"height":2048,"url":"https:\/\/xenonkungen.com\/wp-content\/uploads\/2025\/10\/bullprospectrum54square_8020108070_f06b31cfeeb3_1.webp","type":"image\/webp"}],"twitter_card":"summary_large_image","twitter_misc":{"Estimeret l\u00e6setid":"2 minutter"},"schema":{"@context":"https:\/\/schema.org","@graph":[{"@type":"WebPage","@id":"https:\/\/xenonkungen.com\/es\/producto\/bullpro-spectrum-54w-cuadrado\/","url":"https:\/\/xenonkungen.com\/es\/producto\/bullpro-spectrum-54w-cuadrado\/","name":"Bullpro Spectrum 54w Square - Xenon-kongen","isPartOf":{"@id":"https:\/\/xenonkungen.com\/#website"},"primaryImageOfPage":{"@id":"https:\/\/xenonkungen.com\/es\/producto\/bullpro-spectrum-54w-cuadrado\/#primaryimage"},"image":{"@id":"https:\/\/xenonkungen.com\/es\/producto\/bullpro-spectrum-54w-cuadrado\/#primaryimage"},"thumbnailUrl":"https:\/\/xenonkungen.com\/wp-content\/uploads\/2025\/10\/bullprospectrum54square_8020108070_f06b31cfeeb3_1.webp","datePublished":"2025-10-08T11:28:53+00:00","dateModified":"2026-04-24T16:44:16+00:00","breadcrumb":{"@id":"https:\/\/xenonkungen.com\/es\/producto\/bullpro-spectrum-54w-cuadrado\/#breadcrumb"},"inLanguage":"da-DK","potentialAction":[{"@type":"ReadAction","target":["https:\/\/xenonkungen.com\/es\/producto\/bullpro-spectrum-54w-cuadrado\/"]}]},{"@type":"ImageObject","inLanguage":"da-DK","@id":"https:\/\/xenonkungen.com\/es\/producto\/bullpro-spectrum-54w-cuadrado\/#primaryimage","url":"https:\/\/xenonkungen.com\/wp-content\/uploads\/2025\/10\/bullprospectrum54square_8020108070_f06b31cfeeb3_1.webp","contentUrl":"https:\/\/xenonkungen.com\/wp-content\/uploads\/2025\/10\/bullprospectrum54square_8020108070_f06b31cfeeb3_1.webp","width":1852,"height":2048},{"@type":"BreadcrumbList","@id":"https:\/\/xenonkungen.com\/es\/producto\/bullpro-spectrum-54w-cuadrado\/#breadcrumb","itemListElement":[{"@type":"ListItem","position":1,"name":"Hem","item":"https:\/\/xenonkungen.com\/"},{"@type":"ListItem","position":2,"name":"Shop","item":"https:\/\/xenonkungen.com\/shop\/"},{"@type":"ListItem","position":3,"name":"Bullpro Spectrum 54w Square"}]},{"@type":"WebSite","@id":"https:\/\/xenonkungen.com\/#website","url":"https:\/\/xenonkungen.com\/","name":"Xenonkungen","description":"","potentialAction":[{"@type":"SearchAction","target":{"@type":"EntryPoint","urlTemplate":"https:\/\/xenonkungen.com\/?s={search_term_string}"},"query-input":{"@type":"PropertyValueSpecification","valueRequired":true,"valueName":"search_term_string"}}],"inLanguage":"da-DK"}]}},"taxonomy_info":{"product_brand":[{"value":93,"label":"Bullpro"}],"product_cat":[{"value":508,"label":"Arbetsbelysning"}],"pa_fargtemperatur":[{"value":154,"label":"5000K"}],"pa_godkannande":[{"value":1424,"label":"R23, R10"}],"pa_lampsockel-kontakt":[{"value":1420,"label":"inbyggd DT"}],"pa_ljusbild":[{"value":1422,"label":"bred"}],"pa_volt-v":[{"value":1434,"label":"9-32"}]},"featured_image_src_large":["https:\/\/xenonkungen.com\/wp-content\/uploads\/2025\/10\/bullprospectrum54square_8020108070_f06b31cfeeb3_1-926x1024.webp",926,1024,true],"author_info":[],"comment_info":0,"_links":{"self":[{"href":"https:\/\/xenonkungen.com\/dk\/wp-json\/wp\/v2\/product\/15118","targetHints":{"allow":["GET"]}}],"collection":[{"href":"https:\/\/xenonkungen.com\/dk\/wp-json\/wp\/v2\/product"}],"about":[{"href":"https:\/\/xenonkungen.com\/dk\/wp-json\/wp\/v2\/types\/product"}],"replies":[{"embeddable":true,"href":"https:\/\/xenonkungen.com\/dk\/wp-json\/wp\/v2\/comments?post=15118"}],"wp:featuredmedia":[{"embeddable":true,"href":"https:\/\/xenonkungen.com\/dk\/wp-json\/wp\/v2\/media\/15122"}],"wp:attachment":[{"href":"https:\/\/xenonkungen.com\/dk\/wp-json\/wp\/v2\/media?parent=15118"}],"wp:term":[{"taxonomy":"anvandningsomrade","embeddable":true,"href":"https:\/\/xenonkungen.com\/dk\/wp-json\/wp\/v2\/anvandningsomrade?post=15118"},{"taxonomy":"bilmarken","embeddable":true,"href":"https:\/\/xenonkungen.com\/dk\/wp-json\/wp\/v2\/bilmarken?post=15118"},{"taxonomy":"product_brand","embeddable":true,"href":"https:\/\/xenonkungen.com\/dk\/wp-json\/wp\/v2\/product_brand?post=15118"},{"taxonomy":"product_cat","embeddable":true,"href":"https:\/\/xenonkungen.com\/dk\/wp-json\/wp\/v2\/product_cat?post=15118"},{"taxonomy":"product_tag","embeddable":true,"href":"https:\/\/xenonkungen.com\/dk\/wp-json\/wp\/v2\/product_tag?post=15118"}],"curies":[{"name":"wp","href":"https:\/\/api.w.org\/{rel}","templated":true}]}}