{"id":15126,"date":"2025-10-08T11:57:36","date_gmt":"2025-10-08T11:57:36","guid":{"rendered":"https:\/\/xenonkungen.com\/?post_type=product&#038;p=15126"},"modified":"2026-04-11T01:23:36","modified_gmt":"2026-04-11T00:23:36","slug":"osram-original-line-r2-foldeboks","status":"publish","type":"product","link":"https:\/\/xenonkungen.com\/dk\/vare\/osram-original-line-r2-foldeboks\/","title":{"rendered":"OSRAM ORIGINAL LINE R2 (FOLDE\u00c6SKE)"},"content":{"rendered":"<h3 data-start=\"177\" data-end=\"241\"><strong data-start=\"181\" data-end=\"239\">OSRAM ORIGINAL LINE - P\u00e5lidelig kvalitet til den rigtige pris<\/strong><\/h3>\n<p data-start=\"243\" data-end=\"518\">Er du p\u00e5 udkig efter <strong data-start=\"258\" data-end=\"299\">prisbillige og p\u00e5lidelige halogenlamper<\/strong> til din bil? S\u00e5 er du <strong data-start=\"319\" data-end=\"342\">OSRAM ORIGINAL LINE<\/strong> det oplagte valg. Disse <strong data-start=\"371\" data-end=\"412\">omkostningseffektive originale reservedele<\/strong> leverer stabil ydelse, lang levetid og kvalitet, der opfylder bilfabrikanternes egne standarder.<\/p>\n<p data-start=\"520\" data-end=\"795\"><strong data-start=\"520\" data-end=\"543\">OSRAM ORIGINAL LINE<\/strong> bruges allerede som originalt udstyr i millioner af k\u00f8ret\u00f8jer verden over - et bevis p\u00e5 deres h\u00f8je kvalitet og p\u00e5lidelighed. De er specielt udviklet til at give <strong data-start=\"708\" data-end=\"757\">j\u00e6vnt lys, sikker belysning og b\u00e6redygtig drift<\/strong> under alle normale k\u00f8rselsforhold.<\/p>\n<p data-start=\"797\" data-end=\"993\">Med <strong data-start=\"801\" data-end=\"825\">OEM-godkendt kvalitet<\/strong> Du f\u00e5r den samme ydelse som fra fabrikken - men til en meget bedre pris. Et smart valg for dem, der \u00f8nsker <strong data-start=\"936\" data-end=\"991\">originale kvalitet uden at betale mere end n\u00f8dvendigt.<\/strong><\/p>\n<p data-start=\"995\" data-end=\"1010\"><strong data-start=\"995\" data-end=\"1008\">Fordele:<\/strong><\/p>\n<ul data-start=\"1011\" data-end=\"1227\">\n<li data-start=\"1011\" data-end=\"1049\">\n<p data-start=\"1013\" data-end=\"1049\">Original kvalitet direkte fra OSRAM<\/p>\n<\/li>\n<li data-start=\"1050\" data-end=\"1090\">\n<p data-start=\"1052\" data-end=\"1090\">Prisbillig og p\u00e5lidelig halogenlampe<\/p>\n<\/li>\n<li data-start=\"1091\" data-end=\"1141\">\n<p data-start=\"1093\" data-end=\"1141\">Bruges af f\u00f8rende bilproducenter over hele verden<\/p>\n<\/li>\n<li data-start=\"1142\" data-end=\"1185\">\n<p data-start=\"1144\" data-end=\"1185\">Lang levetid og stabil lysydelse<\/p>\n<\/li>\n<li data-start=\"1186\" data-end=\"1227\">\n<p data-start=\"1188\" data-end=\"1227\">Bredt udvalg til forskellige bilmodeller<\/p>\n<\/li>\n<\/ul>\n<p data-start=\"1229\" data-end=\"1314\"><strong data-start=\"1229\" data-end=\"1312\">OSRAM ORIGINAL LINE - original kvalitet, der holder, til en pris, der betaler sig.<\/strong><\/p>","protected":false},"excerpt":{"rendered":"<p>OSRAM ORIGINAL LINE \u2013 P\u00e5litlig kvalitet till r\u00e4tt pris Letar du efter prisv\u00e4rda och p\u00e5litliga halogenlampor f\u00f6r din bil? D\u00e5 \u00e4r OSRAM ORIGINAL LINE det sj\u00e4lvklara valet. Dessa kostnadseffektiva originalreservdelar levererar stabil prestanda, l\u00e5ng livsl\u00e4ngd och kvalitet som motsvarar biltillverkarnas egna standarder. OSRAM ORIGINAL LINE anv\u00e4nds redan som originalutrustning i miljontals fordon v\u00e4rlden \u00f6ver \u2013 [&hellip;]<\/p>","protected":false},"featured_media":15130,"comment_status":"open","ping_status":"closed","template":"","meta":{"_acf_changed":false,"_smort_price_nok":"63","_smort_price_dkk":"40","_smort_price_eur":"5.36","_smort_sale_price_nok":"","_smort_sale_price_dkk":"","_smort_sale_price_eur":"","smort_restorder":"","shipmondo_restorder":"","_kad_blocks_custom_css":"","_kad_blocks_head_custom_js":"","_kad_blocks_body_custom_js":"","_kad_blocks_footer_custom_js":"","smort_custom_pricelist_1":"37.76","smort_custom_pricelist_2":"33.04","smort_custom_pricelist_3":"30.68","smort_custom_pricelist_4":"33.04","smort_custom_pricelist_5":"47.2"},"anvandningsomrade":[],"bilmarken":[],"product_brand":[108],"product_cat":[2543,844,733],"product_tag":[],"class_list":{"0":"post-15126","1":"product","2":"type-product","3":"status-publish","4":"has-post-thumbnail","6":"product_brand-osram","7":"product_cat-halogen-halvljus-helljus","8":"product_cat-halogen","9":"product_cat-halvljus-helljus","11":"first","12":"instock","13":"taxable","14":"shipping-taxable","15":"purchasable","16":"product-type-simple"},"bundled_by":[],"bundle_stock_status":"instock","bundle_stock_quantity":3,"bundle_virtual":false,"bundle_layout":"","bundle_add_to_cart_form_location":"","bundle_editable_in_cart":false,"bundle_sold_individually_context":"","bundle_item_grouping":"","bundle_min_size":"","bundle_max_size":"","bundle_price":[],"bundled_items":[],"bundle_sell_ids":[],"acf":[],"yoast_head":"<!-- This site is optimized with the Yoast SEO plugin v27.0 - https:\/\/yoast.com\/product\/yoast-seo-wordpress\/ -->\n<title>OSRAM ORIGINAL LINE R2 (FOLDING BOX) - Xenonkungen<\/title>\n<meta name=\"robots\" content=\"index, follow, max-snippet:-1, max-image-preview:large, max-video-preview:-1\" \/>\n<link rel=\"canonical\" href=\"https:\/\/xenonkungen.com\/dk\/vare\/osram-original-line-r2-foldeboks\/\" \/>\n<meta property=\"og:locale\" content=\"da_DK\" \/>\n<meta property=\"og:type\" content=\"article\" \/>\n<meta property=\"og:title\" content=\"OSRAM ORIGINAL LINE R2 (FOLDING BOX) - Xenonkungen\" \/>\n<meta property=\"og:description\" content=\"OSRAM ORIGINAL LINE \u2013 P\u00e5litlig kvalitet till r\u00e4tt pris Letar du efter prisv\u00e4rda och p\u00e5litliga halogenlampor f\u00f6r din bil? D\u00e5 \u00e4r OSRAM ORIGINAL LINE det sj\u00e4lvklara valet. Dessa kostnadseffektiva originalreservdelar levererar stabil prestanda, l\u00e5ng livsl\u00e4ngd och kvalitet som motsvarar biltillverkarnas egna standarder. OSRAM ORIGINAL LINE anv\u00e4nds redan som originalutrustning i miljontals fordon v\u00e4rlden \u00f6ver \u2013 [&hellip;]\" \/>\n<meta property=\"og:url\" content=\"https:\/\/xenonkungen.com\/dk\/vare\/osram-original-line-r2-foldeboks\/\" \/>\n<meta property=\"og:site_name\" content=\"Xenonkungen\" \/>\n<meta property=\"article:modified_time\" content=\"2026-04-11T00:23:36+00:00\" \/>\n<meta property=\"og:image\" content=\"https:\/\/xenonkungen.com\/wp-content\/uploads\/2025\/10\/Small-for-web-and-ppt-505628_R2-12V-45_40W-64183.jpg\" \/>\n\t<meta property=\"og:image:width\" content=\"1024\" \/>\n\t<meta property=\"og:image:height\" content=\"1244\" \/>\n\t<meta property=\"og:image:type\" content=\"image\/jpeg\" \/>\n<meta name=\"twitter:card\" content=\"summary_large_image\" \/>\n<meta name=\"twitter:label1\" content=\"Estimeret l\u00e6setid\" \/>\n\t<meta name=\"twitter:data1\" content=\"1 minut\" \/>\n<script type=\"application\/ld+json\" class=\"yoast-schema-graph\">{\"@context\":\"https:\/\/schema.org\",\"@graph\":[{\"@type\":\"WebPage\",\"@id\":\"https:\/\/xenonkungen.com\/produkt\/osram-original-line-r2-folding-box\/\",\"url\":\"https:\/\/xenonkungen.com\/produkt\/osram-original-line-r2-folding-box\/\",\"name\":\"OSRAM ORIGINAL LINE R2 (FOLDING BOX) - Xenonkungen\",\"isPartOf\":{\"@id\":\"https:\/\/xenonkungen.com\/#website\"},\"primaryImageOfPage\":{\"@id\":\"https:\/\/xenonkungen.com\/produkt\/osram-original-line-r2-folding-box\/#primaryimage\"},\"image\":{\"@id\":\"https:\/\/xenonkungen.com\/produkt\/osram-original-line-r2-folding-box\/#primaryimage\"},\"thumbnailUrl\":\"https:\/\/xenonkungen.com\/wp-content\/uploads\/2025\/10\/Small-for-web-and-ppt-505628_R2-12V-45_40W-64183.jpg\",\"datePublished\":\"2025-10-08T11:57:36+00:00\",\"dateModified\":\"2026-04-11T00:23:36+00:00\",\"breadcrumb\":{\"@id\":\"https:\/\/xenonkungen.com\/produkt\/osram-original-line-r2-folding-box\/#breadcrumb\"},\"inLanguage\":\"da-DK\",\"potentialAction\":[{\"@type\":\"ReadAction\",\"target\":[\"https:\/\/xenonkungen.com\/produkt\/osram-original-line-r2-folding-box\/\"]}]},{\"@type\":\"ImageObject\",\"inLanguage\":\"da-DK\",\"@id\":\"https:\/\/xenonkungen.com\/produkt\/osram-original-line-r2-folding-box\/#primaryimage\",\"url\":\"https:\/\/xenonkungen.com\/wp-content\/uploads\/2025\/10\/Small-for-web-and-ppt-505628_R2-12V-45_40W-64183.jpg\",\"contentUrl\":\"https:\/\/xenonkungen.com\/wp-content\/uploads\/2025\/10\/Small-for-web-and-ppt-505628_R2-12V-45_40W-64183.jpg\",\"width\":1024,\"height\":1244},{\"@type\":\"BreadcrumbList\",\"@id\":\"https:\/\/xenonkungen.com\/produkt\/osram-original-line-r2-folding-box\/#breadcrumb\",\"itemListElement\":[{\"@type\":\"ListItem\",\"position\":1,\"name\":\"Hem\",\"item\":\"https:\/\/xenonkungen.com\/\"},{\"@type\":\"ListItem\",\"position\":2,\"name\":\"Shop\",\"item\":\"https:\/\/xenonkungen.com\/shop\/\"},{\"@type\":\"ListItem\",\"position\":3,\"name\":\"OSRAM ORIGINAL LINE R2 (FOLDING BOX)\"}]},{\"@type\":\"WebSite\",\"@id\":\"https:\/\/xenonkungen.com\/#website\",\"url\":\"https:\/\/xenonkungen.com\/\",\"name\":\"Xenonkungen\",\"description\":\"\",\"potentialAction\":[{\"@type\":\"SearchAction\",\"target\":{\"@type\":\"EntryPoint\",\"urlTemplate\":\"https:\/\/xenonkungen.com\/?s={search_term_string}\"},\"query-input\":{\"@type\":\"PropertyValueSpecification\",\"valueRequired\":true,\"valueName\":\"search_term_string\"}}],\"inLanguage\":\"da-DK\"}]}<\/script>\n<!-- \/ Yoast SEO plugin. -->","yoast_head_json":{"title":"OSRAM ORIGINAL LINE R2 (FOLDEBOX) - Xenon-kongen","robots":{"index":"index","follow":"follow","max-snippet":"max-snippet:-1","max-image-preview":"max-image-preview:large","max-video-preview":"max-video-preview:-1"},"canonical":"https:\/\/xenonkungen.com\/dk\/vare\/osram-original-line-r2-foldeboks\/","og_locale":"da_DK","og_type":"article","og_title":"OSRAM ORIGINAL LINE R2 (FOLDING BOX) - Xenonkungen","og_description":"OSRAM ORIGINAL LINE \u2013 P\u00e5litlig kvalitet till r\u00e4tt pris Letar du efter prisv\u00e4rda och p\u00e5litliga halogenlampor f\u00f6r din bil? D\u00e5 \u00e4r OSRAM ORIGINAL LINE det sj\u00e4lvklara valet. Dessa kostnadseffektiva originalreservdelar levererar stabil prestanda, l\u00e5ng livsl\u00e4ngd och kvalitet som motsvarar biltillverkarnas egna standarder. OSRAM ORIGINAL LINE anv\u00e4nds redan som originalutrustning i miljontals fordon v\u00e4rlden \u00f6ver \u2013 [&hellip;]","og_url":"https:\/\/xenonkungen.com\/dk\/vare\/osram-original-line-r2-foldeboks\/","og_site_name":"Xenonkungen","article_modified_time":"2026-04-11T00:23:36+00:00","og_image":[{"width":1024,"height":1244,"url":"https:\/\/xenonkungen.com\/wp-content\/uploads\/2025\/10\/Small-for-web-and-ppt-505628_R2-12V-45_40W-64183.jpg","type":"image\/jpeg"}],"twitter_card":"summary_large_image","twitter_misc":{"Estimeret l\u00e6setid":"1 minut"},"schema":{"@context":"https:\/\/schema.org","@graph":[{"@type":"WebPage","@id":"https:\/\/xenonkungen.com\/produkt\/osram-original-line-r2-folding-box\/","url":"https:\/\/xenonkungen.com\/produkt\/osram-original-line-r2-folding-box\/","name":"OSRAM ORIGINAL LINE R2 (FOLDEBOX) - Xenon-kongen","isPartOf":{"@id":"https:\/\/xenonkungen.com\/#website"},"primaryImageOfPage":{"@id":"https:\/\/xenonkungen.com\/produkt\/osram-original-line-r2-folding-box\/#primaryimage"},"image":{"@id":"https:\/\/xenonkungen.com\/produkt\/osram-original-line-r2-folding-box\/#primaryimage"},"thumbnailUrl":"https:\/\/xenonkungen.com\/wp-content\/uploads\/2025\/10\/Small-for-web-and-ppt-505628_R2-12V-45_40W-64183.jpg","datePublished":"2025-10-08T11:57:36+00:00","dateModified":"2026-04-11T00:23:36+00:00","breadcrumb":{"@id":"https:\/\/xenonkungen.com\/produkt\/osram-original-line-r2-folding-box\/#breadcrumb"},"inLanguage":"da-DK","potentialAction":[{"@type":"ReadAction","target":["https:\/\/xenonkungen.com\/produkt\/osram-original-line-r2-folding-box\/"]}]},{"@type":"ImageObject","inLanguage":"da-DK","@id":"https:\/\/xenonkungen.com\/produkt\/osram-original-line-r2-folding-box\/#primaryimage","url":"https:\/\/xenonkungen.com\/wp-content\/uploads\/2025\/10\/Small-for-web-and-ppt-505628_R2-12V-45_40W-64183.jpg","contentUrl":"https:\/\/xenonkungen.com\/wp-content\/uploads\/2025\/10\/Small-for-web-and-ppt-505628_R2-12V-45_40W-64183.jpg","width":1024,"height":1244},{"@type":"BreadcrumbList","@id":"https:\/\/xenonkungen.com\/produkt\/osram-original-line-r2-folding-box\/#breadcrumb","itemListElement":[{"@type":"ListItem","position":1,"name":"Hem","item":"https:\/\/xenonkungen.com\/"},{"@type":"ListItem","position":2,"name":"Shop","item":"https:\/\/xenonkungen.com\/shop\/"},{"@type":"ListItem","position":3,"name":"OSRAM ORIGINAL LINE R2 (FOLDING BOX)"}]},{"@type":"WebSite","@id":"https:\/\/xenonkungen.com\/#website","url":"https:\/\/xenonkungen.com\/","name":"Xenonkungen","description":"","potentialAction":[{"@type":"SearchAction","target":{"@type":"EntryPoint","urlTemplate":"https:\/\/xenonkungen.com\/?s={search_term_string}"},"query-input":{"@type":"PropertyValueSpecification","valueRequired":true,"valueName":"search_term_string"}}],"inLanguage":"da-DK"}]}},"taxonomy_info":{"product_brand":[{"value":108,"label":"OSRAM"}],"product_cat":[{"value":2543,"label":"Halogen"},{"value":844,"label":"Halogen"},{"value":733,"label":"Halvljus \/ Helljus"}]},"featured_image_src_large":["https:\/\/xenonkungen.com\/wp-content\/uploads\/2025\/10\/Small-for-web-and-ppt-505628_R2-12V-45_40W-64183-843x1024.jpg",843,1024,true],"author_info":[],"comment_info":0,"_links":{"self":[{"href":"https:\/\/xenonkungen.com\/dk\/wp-json\/wp\/v2\/product\/15126","targetHints":{"allow":["GET"]}}],"collection":[{"href":"https:\/\/xenonkungen.com\/dk\/wp-json\/wp\/v2\/product"}],"about":[{"href":"https:\/\/xenonkungen.com\/dk\/wp-json\/wp\/v2\/types\/product"}],"replies":[{"embeddable":true,"href":"https:\/\/xenonkungen.com\/dk\/wp-json\/wp\/v2\/comments?post=15126"}],"wp:featuredmedia":[{"embeddable":true,"href":"https:\/\/xenonkungen.com\/dk\/wp-json\/wp\/v2\/media\/15130"}],"wp:attachment":[{"href":"https:\/\/xenonkungen.com\/dk\/wp-json\/wp\/v2\/media?parent=15126"}],"wp:term":[{"taxonomy":"anvandningsomrade","embeddable":true,"href":"https:\/\/xenonkungen.com\/dk\/wp-json\/wp\/v2\/anvandningsomrade?post=15126"},{"taxonomy":"bilmarken","embeddable":true,"href":"https:\/\/xenonkungen.com\/dk\/wp-json\/wp\/v2\/bilmarken?post=15126"},{"taxonomy":"product_brand","embeddable":true,"href":"https:\/\/xenonkungen.com\/dk\/wp-json\/wp\/v2\/product_brand?post=15126"},{"taxonomy":"product_cat","embeddable":true,"href":"https:\/\/xenonkungen.com\/dk\/wp-json\/wp\/v2\/product_cat?post=15126"},{"taxonomy":"product_tag","embeddable":true,"href":"https:\/\/xenonkungen.com\/dk\/wp-json\/wp\/v2\/product_tag?post=15126"}],"curies":[{"name":"wp","href":"https:\/\/api.w.org\/{rel}","templated":true}]}}