{"id":15220,"date":"2025-10-09T09:54:51","date_gmt":"2025-10-09T09:54:51","guid":{"rendered":"https:\/\/xenonkungen.com\/?post_type=product&#038;p=15220"},"modified":"2026-04-11T01:25:27","modified_gmt":"2026-04-11T00:25:27","slug":"15220","status":"publish","type":"product","link":"https:\/\/xenonkungen.com\/dk\/vare\/15220\/","title":{"rendered":"OSRAM Night Breaker\u00ae Laser | H7 | 1-PACK"},"content":{"rendered":"<h3 data-start=\"106\" data-end=\"172\">OSRAM NIGHT BREAKER LASER - Kraftig halogenlampe til h\u00f8je krav<\/h3>\n<p data-start=\"174\" data-end=\"537\">OSRAM NIGHT BREAKER LASER er den perfekte halogenlampe til dem, der stiller h\u00f8je krav til lysstyrke og sikkerhed. Takket v\u00e6re avanceret <strong data-start=\"308\" data-end=\"332\">Laser-ablationsteknologi<\/strong> Disse spotlight-lamper lyser op til <strong data-start=\"372\" data-end=\"396\">150 procent st\u00e6rkere<\/strong> end den lovm\u00e6ssige standard. Det specialfremstillede filament giver en <strong data-start=\"470\" data-end=\"500\">ekstra kraftig lysstr\u00f8m<\/strong> hvilket giver dig maksimal synlighed p\u00e5 vejen.<\/p>\n<p data-start=\"539\" data-end=\"741\">Lysstr\u00e5len er op til <strong data-start=\"562\" data-end=\"580\">150 meter lang<\/strong> og op til <strong data-start=\"594\" data-end=\"615\">20 procent hvidere<\/strong> end standardlys - hvilket betyder, at du kan se l\u00e6ngere, tydeligere og reagere hurtigere p\u00e5 potentielle farer p\u00e5 vejen.<\/p>\n<p data-start=\"743\" data-end=\"956\">Ud over sin imponerende ydeevne har NIGHT BREAKER LASER en <strong data-start=\"804\" data-end=\"834\">unikt, lasergraveret design.<\/strong><\/p>\n<hr data-start=\"958\" data-end=\"961\" \/>\n<p data-start=\"963\" data-end=\"994\"><strong data-start=\"963\" data-end=\"992\">Tekniske specifikationer:<\/strong><\/p>\n<ul data-start=\"995\" data-end=\"1060\">\n<li data-start=\"995\" data-end=\"1011\">\n<p data-start=\"997\" data-end=\"1011\">Effekt: 55 W<\/p>\n<\/li>\n<li data-start=\"1012\" data-end=\"1036\">\n<p data-start=\"1014\" data-end=\"1036\">Testsp\u00e6nding: 13,2 V<\/p>\n<\/li>\n<li data-start=\"1037\" data-end=\"1060\">\n<p data-start=\"1039\" data-end=\"1060\">Lysstr\u00f8m: 1 500 lm<\/p>\n<\/li>\n<\/ul>\n<hr data-start=\"1062\" data-end=\"1065\" \/>\n<p data-start=\"1067\" data-end=\"1328\"><strong data-start=\"1067\" data-end=\"1080\">Fordele:<\/strong><br data-start=\"1080\" data-end=\"1083\" \/>Op til 150% kraftigere lys sammenlignet med standard<br data-start=\"1138\" data-end=\"1141\" \/>Lyskegle op til 150 meter lang<br data-start=\"1174\" data-end=\"1177\" \/>Op til 20 procent hvidere lys<br data-start=\"1208\" data-end=\"1211\" \/>Forbedret synlighed og hurtigere reaktionstid<br data-start=\"1252\" data-end=\"1255\" \/>Eksklusivt lasergraveret design<br data-start=\"1284\" data-end=\"1287\" \/>F\u00e5s i flere modeller til forskellige k\u00f8ret\u00f8jer<\/p>","protected":false},"excerpt":{"rendered":"<p>OSRAM NIGHT BREAKER LASER \u2013 Stark halogenlampa f\u00f6r h\u00f6ga krav OSRAM NIGHT BREAKER LASER \u00e4r den perfekta halogenlampan f\u00f6r dig som st\u00e4ller h\u00f6ga krav p\u00e5 ljusstyrka och s\u00e4kerhet. Tack vare avancerad laserablationsteknik lyser dessa str\u00e5lkastarlampor upp till 150 procent starkare \u00e4n den lagstadgade standarden. Den specialtillverkade gl\u00f6dtr\u00e5den ger ett extra kraftfullt ljusfl\u00f6de som ger dig [&hellip;]<\/p>","protected":false},"featured_media":15223,"comment_status":"open","ping_status":"closed","template":"","meta":{"_acf_changed":false,"_smort_price_nok":"224","_smort_price_dkk":"142","_smort_price_eur":"19.09","_smort_sale_price_nok":"","_smort_sale_price_dkk":"","_smort_sale_price_eur":"","smort_restorder":"","shipmondo_restorder":"","_kad_blocks_custom_css":"","_kad_blocks_head_custom_js":"","_kad_blocks_body_custom_js":"","_kad_blocks_footer_custom_js":"","smort_custom_pricelist_1":"134.4","smort_custom_pricelist_2":"117.6","smort_custom_pricelist_3":"109.2","smort_custom_pricelist_4":"168","smort_custom_pricelist_5":"117.6"},"anvandningsomrade":[],"bilmarken":[],"product_brand":[108],"product_cat":[2543,844,733],"product_tag":[],"class_list":{"0":"post-15220","1":"product","2":"type-product","3":"status-publish","4":"has-post-thumbnail","6":"product_brand-osram","7":"product_cat-halogen-halvljus-helljus","8":"product_cat-halogen","9":"product_cat-halvljus-helljus","10":"pa_faktisk-effekts-forbrukning-841","11":"pa_lampsockel-kontakt-h7","12":"pa_lampsockel-kontakt-px26d","13":"pa_volt-v-159","15":"first","16":"onbackorder","17":"taxable","18":"shipping-taxable","19":"purchasable","20":"product-type-simple"},"bundled_by":[],"bundle_stock_status":"onbackorder","bundle_stock_quantity":0,"bundle_virtual":false,"bundle_layout":"","bundle_add_to_cart_form_location":"","bundle_editable_in_cart":false,"bundle_sold_individually_context":"","bundle_item_grouping":"","bundle_min_size":"","bundle_max_size":"","bundle_price":[],"bundled_items":[],"bundle_sell_ids":[],"acf":[],"yoast_head":"<!-- This site is optimized with the Yoast SEO plugin v27.0 - https:\/\/yoast.com\/product\/yoast-seo-wordpress\/ -->\n<title>OSRAM Night Breaker\u00ae Laser | H7 | 1-PACK - Xenonkungen<\/title>\n<meta name=\"robots\" content=\"index, follow, max-snippet:-1, max-image-preview:large, max-video-preview:-1\" \/>\n<link rel=\"canonical\" href=\"https:\/\/xenonkungen.com\/dk\/vare\/15220\/\" \/>\n<meta property=\"og:locale\" content=\"da_DK\" \/>\n<meta property=\"og:type\" content=\"article\" \/>\n<meta property=\"og:title\" content=\"OSRAM Night Breaker\u00ae Laser | H7 | 1-PACK - Xenonkungen\" \/>\n<meta property=\"og:description\" content=\"OSRAM NIGHT BREAKER LASER \u2013 Stark halogenlampa f\u00f6r h\u00f6ga krav OSRAM NIGHT BREAKER LASER \u00e4r den perfekta halogenlampan f\u00f6r dig som st\u00e4ller h\u00f6ga krav p\u00e5 ljusstyrka och s\u00e4kerhet. Tack vare avancerad laserablationsteknik lyser dessa str\u00e5lkastarlampor upp till 150 procent starkare \u00e4n den lagstadgade standarden. Den specialtillverkade gl\u00f6dtr\u00e5den ger ett extra kraftfullt ljusfl\u00f6de som ger dig [&hellip;]\" \/>\n<meta property=\"og:url\" content=\"https:\/\/xenonkungen.com\/dk\/vare\/15220\/\" \/>\n<meta property=\"og:site_name\" content=\"Xenonkungen\" \/>\n<meta property=\"article:modified_time\" content=\"2026-04-11T00:25:27+00:00\" \/>\n<meta property=\"og:image\" content=\"https:\/\/xenonkungen.com\/wp-content\/uploads\/2025\/10\/Small-for-web-and-ppt-Composing_4062172395168_15127999_AM_1BL_64210NL_2B_MiG_OSRAM_02.jpg\" \/>\n\t<meta property=\"og:image:width\" content=\"1024\" \/>\n\t<meta property=\"og:image:height\" content=\"1024\" \/>\n\t<meta property=\"og:image:type\" content=\"image\/jpeg\" \/>\n<meta name=\"twitter:card\" content=\"summary_large_image\" \/>\n<meta name=\"twitter:label1\" content=\"Estimeret l\u00e6setid\" \/>\n\t<meta name=\"twitter:data1\" content=\"1 minut\" \/>\n<script type=\"application\/ld+json\" class=\"yoast-schema-graph\">{\"@context\":\"https:\/\/schema.org\",\"@graph\":[{\"@type\":\"WebPage\",\"@id\":\"https:\/\/xenonkungen.com\/produkt\/15220\/\",\"url\":\"https:\/\/xenonkungen.com\/produkt\/15220\/\",\"name\":\"OSRAM Night Breaker\u00ae Laser | H7 | 1-PACK - Xenonkungen\",\"isPartOf\":{\"@id\":\"https:\/\/xenonkungen.com\/#website\"},\"primaryImageOfPage\":{\"@id\":\"https:\/\/xenonkungen.com\/produkt\/15220\/#primaryimage\"},\"image\":{\"@id\":\"https:\/\/xenonkungen.com\/produkt\/15220\/#primaryimage\"},\"thumbnailUrl\":\"https:\/\/xenonkungen.com\/wp-content\/uploads\/2025\/10\/Small-for-web-and-ppt-Composing_4062172395168_15127999_AM_1BL_64210NL_2B_MiG_OSRAM_02.jpg\",\"datePublished\":\"2025-10-09T09:54:51+00:00\",\"dateModified\":\"2026-04-11T00:25:27+00:00\",\"breadcrumb\":{\"@id\":\"https:\/\/xenonkungen.com\/produkt\/15220\/#breadcrumb\"},\"inLanguage\":\"da-DK\",\"potentialAction\":[{\"@type\":\"ReadAction\",\"target\":[\"https:\/\/xenonkungen.com\/produkt\/15220\/\"]}]},{\"@type\":\"ImageObject\",\"inLanguage\":\"da-DK\",\"@id\":\"https:\/\/xenonkungen.com\/produkt\/15220\/#primaryimage\",\"url\":\"https:\/\/xenonkungen.com\/wp-content\/uploads\/2025\/10\/Small-for-web-and-ppt-Composing_4062172395168_15127999_AM_1BL_64210NL_2B_MiG_OSRAM_02.jpg\",\"contentUrl\":\"https:\/\/xenonkungen.com\/wp-content\/uploads\/2025\/10\/Small-for-web-and-ppt-Composing_4062172395168_15127999_AM_1BL_64210NL_2B_MiG_OSRAM_02.jpg\",\"width\":1024,\"height\":1024},{\"@type\":\"BreadcrumbList\",\"@id\":\"https:\/\/xenonkungen.com\/produkt\/15220\/#breadcrumb\",\"itemListElement\":[{\"@type\":\"ListItem\",\"position\":1,\"name\":\"Hem\",\"item\":\"https:\/\/xenonkungen.com\/\"},{\"@type\":\"ListItem\",\"position\":2,\"name\":\"Shop\",\"item\":\"https:\/\/xenonkungen.com\/shop\/\"},{\"@type\":\"ListItem\",\"position\":3,\"name\":\"OSRAM Night Breaker\u00ae Laser | H7 | 1-PACK\"}]},{\"@type\":\"WebSite\",\"@id\":\"https:\/\/xenonkungen.com\/#website\",\"url\":\"https:\/\/xenonkungen.com\/\",\"name\":\"Xenonkungen\",\"description\":\"\",\"potentialAction\":[{\"@type\":\"SearchAction\",\"target\":{\"@type\":\"EntryPoint\",\"urlTemplate\":\"https:\/\/xenonkungen.com\/?s={search_term_string}\"},\"query-input\":{\"@type\":\"PropertyValueSpecification\",\"valueRequired\":true,\"valueName\":\"search_term_string\"}}],\"inLanguage\":\"da-DK\"}]}<\/script>\n<!-- \/ Yoast SEO plugin. -->","yoast_head_json":{"title":"OSRAM Night Breaker\u00ae Laser | H7 | 1-PAK - Xenon-kongen","robots":{"index":"index","follow":"follow","max-snippet":"max-snippet:-1","max-image-preview":"max-image-preview:large","max-video-preview":"max-video-preview:-1"},"canonical":"https:\/\/xenonkungen.com\/dk\/vare\/15220\/","og_locale":"da_DK","og_type":"article","og_title":"OSRAM Night Breaker\u00ae Laser | H7 | 1-PACK - Xenonkungen","og_description":"OSRAM NIGHT BREAKER LASER \u2013 Stark halogenlampa f\u00f6r h\u00f6ga krav OSRAM NIGHT BREAKER LASER \u00e4r den perfekta halogenlampan f\u00f6r dig som st\u00e4ller h\u00f6ga krav p\u00e5 ljusstyrka och s\u00e4kerhet. Tack vare avancerad laserablationsteknik lyser dessa str\u00e5lkastarlampor upp till 150 procent starkare \u00e4n den lagstadgade standarden. Den specialtillverkade gl\u00f6dtr\u00e5den ger ett extra kraftfullt ljusfl\u00f6de som ger dig [&hellip;]","og_url":"https:\/\/xenonkungen.com\/dk\/vare\/15220\/","og_site_name":"Xenonkungen","article_modified_time":"2026-04-11T00:25:27+00:00","og_image":[{"width":1024,"height":1024,"url":"https:\/\/xenonkungen.com\/wp-content\/uploads\/2025\/10\/Small-for-web-and-ppt-Composing_4062172395168_15127999_AM_1BL_64210NL_2B_MiG_OSRAM_02.jpg","type":"image\/jpeg"}],"twitter_card":"summary_large_image","twitter_misc":{"Estimeret l\u00e6setid":"1 minut"},"schema":{"@context":"https:\/\/schema.org","@graph":[{"@type":"WebPage","@id":"https:\/\/xenonkungen.com\/produkt\/15220\/","url":"https:\/\/xenonkungen.com\/produkt\/15220\/","name":"OSRAM Night Breaker\u00ae Laser | H7 | 1-PAK - Xenon-kongen","isPartOf":{"@id":"https:\/\/xenonkungen.com\/#website"},"primaryImageOfPage":{"@id":"https:\/\/xenonkungen.com\/produkt\/15220\/#primaryimage"},"image":{"@id":"https:\/\/xenonkungen.com\/produkt\/15220\/#primaryimage"},"thumbnailUrl":"https:\/\/xenonkungen.com\/wp-content\/uploads\/2025\/10\/Small-for-web-and-ppt-Composing_4062172395168_15127999_AM_1BL_64210NL_2B_MiG_OSRAM_02.jpg","datePublished":"2025-10-09T09:54:51+00:00","dateModified":"2026-04-11T00:25:27+00:00","breadcrumb":{"@id":"https:\/\/xenonkungen.com\/produkt\/15220\/#breadcrumb"},"inLanguage":"da-DK","potentialAction":[{"@type":"ReadAction","target":["https:\/\/xenonkungen.com\/produkt\/15220\/"]}]},{"@type":"ImageObject","inLanguage":"da-DK","@id":"https:\/\/xenonkungen.com\/produkt\/15220\/#primaryimage","url":"https:\/\/xenonkungen.com\/wp-content\/uploads\/2025\/10\/Small-for-web-and-ppt-Composing_4062172395168_15127999_AM_1BL_64210NL_2B_MiG_OSRAM_02.jpg","contentUrl":"https:\/\/xenonkungen.com\/wp-content\/uploads\/2025\/10\/Small-for-web-and-ppt-Composing_4062172395168_15127999_AM_1BL_64210NL_2B_MiG_OSRAM_02.jpg","width":1024,"height":1024},{"@type":"BreadcrumbList","@id":"https:\/\/xenonkungen.com\/produkt\/15220\/#breadcrumb","itemListElement":[{"@type":"ListItem","position":1,"name":"Hem","item":"https:\/\/xenonkungen.com\/"},{"@type":"ListItem","position":2,"name":"Shop","item":"https:\/\/xenonkungen.com\/shop\/"},{"@type":"ListItem","position":3,"name":"OSRAM Night Breaker\u00ae Laser | H7 | 1-PACK"}]},{"@type":"WebSite","@id":"https:\/\/xenonkungen.com\/#website","url":"https:\/\/xenonkungen.com\/","name":"Xenonkungen","description":"","potentialAction":[{"@type":"SearchAction","target":{"@type":"EntryPoint","urlTemplate":"https:\/\/xenonkungen.com\/?s={search_term_string}"},"query-input":{"@type":"PropertyValueSpecification","valueRequired":true,"valueName":"search_term_string"}}],"inLanguage":"da-DK"}]}},"taxonomy_info":{"product_brand":[{"value":108,"label":"OSRAM"}],"product_cat":[{"value":2543,"label":"Halogen"},{"value":844,"label":"Halogen"},{"value":733,"label":"Halvljus \/ Helljus"}],"pa_faktisk-effekts-forbrukning":[{"value":841,"label":"55"}],"pa_lampsockel-kontakt":[{"value":206,"label":"H7"},{"value":2150,"label":"PX26d"}],"pa_volt-v":[{"value":159,"label":"12"}]},"featured_image_src_large":["https:\/\/xenonkungen.com\/wp-content\/uploads\/2025\/10\/Small-for-web-and-ppt-Composing_4062172395168_15127999_AM_1BL_64210NL_2B_MiG_OSRAM_02.jpg",1024,1024,false],"author_info":[],"comment_info":0,"_links":{"self":[{"href":"https:\/\/xenonkungen.com\/dk\/wp-json\/wp\/v2\/product\/15220","targetHints":{"allow":["GET"]}}],"collection":[{"href":"https:\/\/xenonkungen.com\/dk\/wp-json\/wp\/v2\/product"}],"about":[{"href":"https:\/\/xenonkungen.com\/dk\/wp-json\/wp\/v2\/types\/product"}],"replies":[{"embeddable":true,"href":"https:\/\/xenonkungen.com\/dk\/wp-json\/wp\/v2\/comments?post=15220"}],"wp:featuredmedia":[{"embeddable":true,"href":"https:\/\/xenonkungen.com\/dk\/wp-json\/wp\/v2\/media\/15223"}],"wp:attachment":[{"href":"https:\/\/xenonkungen.com\/dk\/wp-json\/wp\/v2\/media?parent=15220"}],"wp:term":[{"taxonomy":"anvandningsomrade","embeddable":true,"href":"https:\/\/xenonkungen.com\/dk\/wp-json\/wp\/v2\/anvandningsomrade?post=15220"},{"taxonomy":"bilmarken","embeddable":true,"href":"https:\/\/xenonkungen.com\/dk\/wp-json\/wp\/v2\/bilmarken?post=15220"},{"taxonomy":"product_brand","embeddable":true,"href":"https:\/\/xenonkungen.com\/dk\/wp-json\/wp\/v2\/product_brand?post=15220"},{"taxonomy":"product_cat","embeddable":true,"href":"https:\/\/xenonkungen.com\/dk\/wp-json\/wp\/v2\/product_cat?post=15220"},{"taxonomy":"product_tag","embeddable":true,"href":"https:\/\/xenonkungen.com\/dk\/wp-json\/wp\/v2\/product_tag?post=15220"}],"curies":[{"name":"wp","href":"https:\/\/api.w.org\/{rel}","templated":true}]}}