{"id":1525,"date":"2025-04-15T08:21:49","date_gmt":"2025-04-15T08:21:49","guid":{"rendered":"https:\/\/xenonkungen.com\/product\/tesla-s3xy-buttons-gen-2-2-piece\/"},"modified":"2026-01-08T17:56:50","modified_gmt":"2026-01-08T16:56:50","slug":"tesla-s3xy-knapper-gen-2-2-stk","status":"publish","type":"product","link":"https:\/\/xenonkungen.com\/dk\/vare\/tesla-s3xy-knapper-gen-2-2-stk\/","title":{"rendered":"Tesla S3XY Knapper Gen 2 | 2 Stk."},"content":{"rendered":"<h1>Udvid dine S3XY-knapper med 2 mere!<\/h1>\n<p>N\u00e5r du har benyttet dig af dette tilbeh\u00f8rss\u00e6t, vil du bem\u00e6rke, hvor nyttigt det er at kunne tilf\u00f8je yderligere funktioner til din eksisterende ops\u00e6tning. De to ekstra knapper er designet til problemfri integration med din nuv\u00e6rende S3XY-knappakke, hvilket giver dig mulighed for at programmere og tilpasse dem til en r\u00e6kke forskellige funktioner.\u00a0<\/p>\n<p>Disse ekstra knapper er ikke kun praktiske, de er ogs\u00e5 designet til at v\u00e6re af h\u00f8j kvalitet, hvilket sikrer, at de kan modst\u00e5 hyppig brug uden problemer. Med en simpel programmeringsgr\u00e6nseflade er det nemt for selv de ikke-teknisk kyndige at s\u00e6tte knapperne op og begynde at bruge dem med det samme. Du kan ogs\u00e5 tilpasse udseendet af dine knapper, s\u00e5 de passer til din personlige stil eller det omgivende milj\u00f8.<\/p>\n<p>Udover praktisk brug tilbyder dette s\u00e6t en fantastisk mulighed for at udvide din kreativitet og effektivitet. Ved at bruge disse ekstra knapper kan du oprette genveje, der sparer tid og forenkler hverdagens processer.\u00a0<\/p>\n<p>S\u00e5 udforsk mulighederne, som disse to nye knapper tilbyder, og tag din brugeroplevelse til det n\u00e6ste niveau!<\/p>","protected":false},"excerpt":{"rendered":"<p>Udvid dine S3XY-knapper med 2 mere!<\/p>","protected":false},"featured_media":1526,"comment_status":"closed","ping_status":"open","template":"","meta":{"_acf_changed":false,"_smort_price_nok":"992","_smort_price_dkk":"630","_smort_price_eur":"84.45","_smort_sale_price_nok":"","_smort_sale_price_dkk":"","_smort_sale_price_eur":"","smort_restorder":"","shipmondo_restorder":"","_kad_blocks_custom_css":"","_kad_blocks_head_custom_js":"","_kad_blocks_body_custom_js":"","_kad_blocks_footer_custom_js":"","smort_custom_pricelist_1":"668.88","smort_custom_pricelist_2":"594.56","smort_custom_pricelist_3":"594.56","smort_custom_pricelist_4":"743.2","smort_custom_pricelist_5":"594.56"},"anvandningsomrade":[],"bilmarken":[],"product_brand":[2792],"product_cat":[16],"product_tag":[],"class_list":{"0":"post-1525","1":"product","2":"type-product","3":"status-publish","4":"has-post-thumbnail","6":"product_brand-tesla","7":"product_cat-uncategorized","9":"first","10":"instock","11":"taxable","12":"shipping-taxable","13":"purchasable","14":"product-type-simple"},"bundled_by":[],"bundle_stock_status":"instock","bundle_stock_quantity":2,"bundle_virtual":false,"bundle_layout":"","bundle_add_to_cart_form_location":"","bundle_editable_in_cart":false,"bundle_sold_individually_context":"","bundle_item_grouping":"","bundle_min_size":"","bundle_max_size":"","bundle_price":[],"bundled_items":[],"bundle_sell_ids":[],"acf":[],"yoast_head":"<!-- This site is optimized with the Yoast SEO plugin v27.0 - https:\/\/yoast.com\/product\/yoast-seo-wordpress\/ -->\n<title>Tesla S3XY Buttons Gen 2 | 2 Piece - Xenonkungen<\/title>\n<meta name=\"robots\" content=\"index, follow, max-snippet:-1, max-image-preview:large, max-video-preview:-1\" \/>\n<link rel=\"canonical\" href=\"https:\/\/xenonkungen.com\/dk\/vare\/tesla-s3xy-knapper-gen-2-2-stk\/\" \/>\n<meta property=\"og:locale\" content=\"da_DK\" \/>\n<meta property=\"og:type\" content=\"article\" \/>\n<meta property=\"og:title\" content=\"Tesla S3XY Buttons Gen 2 | 2 Piece - Xenonkungen\" \/>\n<meta property=\"og:description\" content=\"Ut\u00f6ka dina S3XY Buttons med 2 till!\" \/>\n<meta property=\"og:url\" content=\"https:\/\/xenonkungen.com\/dk\/vare\/tesla-s3xy-knapper-gen-2-2-stk\/\" \/>\n<meta property=\"og:site_name\" content=\"Xenonkungen\" \/>\n<meta property=\"article:modified_time\" content=\"2026-01-08T16:56:50+00:00\" \/>\n<meta property=\"og:image\" content=\"https:\/\/xenonkungen.com\/wp-content\/uploads\/2025\/04\/210520419-origpic-51cb03.png\" \/>\n\t<meta property=\"og:image:width\" content=\"1920\" \/>\n\t<meta property=\"og:image:height\" content=\"1080\" \/>\n\t<meta property=\"og:image:type\" content=\"image\/png\" \/>\n<meta name=\"twitter:card\" content=\"summary_large_image\" \/>\n<meta name=\"twitter:label1\" content=\"Estimeret l\u00e6setid\" \/>\n\t<meta name=\"twitter:data1\" content=\"1 minut\" \/>\n<script type=\"application\/ld+json\" class=\"yoast-schema-graph\">{\"@context\":\"https:\/\/schema.org\",\"@graph\":[{\"@type\":\"WebPage\",\"@id\":\"https:\/\/xenonkungen.com\/en\/product\/tesla-s3xy-buttons-gen-2-2-piece\/\",\"url\":\"https:\/\/xenonkungen.com\/en\/product\/tesla-s3xy-buttons-gen-2-2-piece\/\",\"name\":\"Tesla S3XY Buttons Gen 2 | 2 Piece - Xenonkungen\",\"isPartOf\":{\"@id\":\"https:\/\/xenonkungen.com\/#website\"},\"primaryImageOfPage\":{\"@id\":\"https:\/\/xenonkungen.com\/en\/product\/tesla-s3xy-buttons-gen-2-2-piece\/#primaryimage\"},\"image\":{\"@id\":\"https:\/\/xenonkungen.com\/en\/product\/tesla-s3xy-buttons-gen-2-2-piece\/#primaryimage\"},\"thumbnailUrl\":\"https:\/\/xenonkungen.com\/wp-content\/uploads\/2025\/04\/210520419-origpic-51cb03.png\",\"datePublished\":\"2025-04-15T08:21:49+00:00\",\"dateModified\":\"2026-01-08T16:56:50+00:00\",\"breadcrumb\":{\"@id\":\"https:\/\/xenonkungen.com\/en\/product\/tesla-s3xy-buttons-gen-2-2-piece\/#breadcrumb\"},\"inLanguage\":\"da-DK\",\"potentialAction\":[{\"@type\":\"ReadAction\",\"target\":[\"https:\/\/xenonkungen.com\/en\/product\/tesla-s3xy-buttons-gen-2-2-piece\/\"]}]},{\"@type\":\"ImageObject\",\"inLanguage\":\"da-DK\",\"@id\":\"https:\/\/xenonkungen.com\/en\/product\/tesla-s3xy-buttons-gen-2-2-piece\/#primaryimage\",\"url\":\"https:\/\/xenonkungen.com\/wp-content\/uploads\/2025\/04\/210520419-origpic-51cb03.png\",\"contentUrl\":\"https:\/\/xenonkungen.com\/wp-content\/uploads\/2025\/04\/210520419-origpic-51cb03.png\",\"width\":1920,\"height\":1080},{\"@type\":\"BreadcrumbList\",\"@id\":\"https:\/\/xenonkungen.com\/en\/product\/tesla-s3xy-buttons-gen-2-2-piece\/#breadcrumb\",\"itemListElement\":[{\"@type\":\"ListItem\",\"position\":1,\"name\":\"Hem\",\"item\":\"https:\/\/xenonkungen.com\/\"},{\"@type\":\"ListItem\",\"position\":2,\"name\":\"Shop\",\"item\":\"https:\/\/xenonkungen.com\/shop\/\"},{\"@type\":\"ListItem\",\"position\":3,\"name\":\"Tesla S3XY Buttons Gen 2 | 2 Piece\"}]},{\"@type\":\"WebSite\",\"@id\":\"https:\/\/xenonkungen.com\/#website\",\"url\":\"https:\/\/xenonkungen.com\/\",\"name\":\"Xenonkungen\",\"description\":\"\",\"potentialAction\":[{\"@type\":\"SearchAction\",\"target\":{\"@type\":\"EntryPoint\",\"urlTemplate\":\"https:\/\/xenonkungen.com\/?s={search_term_string}\"},\"query-input\":{\"@type\":\"PropertyValueSpecification\",\"valueRequired\":true,\"valueName\":\"search_term_string\"}}],\"inLanguage\":\"da-DK\"}]}<\/script>\n<!-- \/ Yoast SEO plugin. -->","yoast_head_json":{"title":"Tesla S3XY Knapper Gen 2 | 2 Stykker - Xenon Kongen","robots":{"index":"index","follow":"follow","max-snippet":"max-snippet:-1","max-image-preview":"max-image-preview:large","max-video-preview":"max-video-preview:-1"},"canonical":"https:\/\/xenonkungen.com\/dk\/vare\/tesla-s3xy-knapper-gen-2-2-stk\/","og_locale":"da_DK","og_type":"article","og_title":"Tesla S3XY Buttons Gen 2 | 2 Piece - Xenonkungen","og_description":"Ut\u00f6ka dina S3XY Buttons med 2 till!","og_url":"https:\/\/xenonkungen.com\/dk\/vare\/tesla-s3xy-knapper-gen-2-2-stk\/","og_site_name":"Xenonkungen","article_modified_time":"2026-01-08T16:56:50+00:00","og_image":[{"width":1920,"height":1080,"url":"https:\/\/xenonkungen.com\/wp-content\/uploads\/2025\/04\/210520419-origpic-51cb03.png","type":"image\/png"}],"twitter_card":"summary_large_image","twitter_misc":{"Estimeret l\u00e6setid":"1 minut"},"schema":{"@context":"https:\/\/schema.org","@graph":[{"@type":"WebPage","@id":"https:\/\/xenonkungen.com\/en\/product\/tesla-s3xy-buttons-gen-2-2-piece\/","url":"https:\/\/xenonkungen.com\/en\/product\/tesla-s3xy-buttons-gen-2-2-piece\/","name":"Tesla S3XY Knapper Gen 2 | 2 Stykker - Xenon Kongen","isPartOf":{"@id":"https:\/\/xenonkungen.com\/#website"},"primaryImageOfPage":{"@id":"https:\/\/xenonkungen.com\/en\/product\/tesla-s3xy-buttons-gen-2-2-piece\/#primaryimage"},"image":{"@id":"https:\/\/xenonkungen.com\/en\/product\/tesla-s3xy-buttons-gen-2-2-piece\/#primaryimage"},"thumbnailUrl":"https:\/\/xenonkungen.com\/wp-content\/uploads\/2025\/04\/210520419-origpic-51cb03.png","datePublished":"2025-04-15T08:21:49+00:00","dateModified":"2026-01-08T16:56:50+00:00","breadcrumb":{"@id":"https:\/\/xenonkungen.com\/en\/product\/tesla-s3xy-buttons-gen-2-2-piece\/#breadcrumb"},"inLanguage":"da-DK","potentialAction":[{"@type":"ReadAction","target":["https:\/\/xenonkungen.com\/en\/product\/tesla-s3xy-buttons-gen-2-2-piece\/"]}]},{"@type":"ImageObject","inLanguage":"da-DK","@id":"https:\/\/xenonkungen.com\/en\/product\/tesla-s3xy-buttons-gen-2-2-piece\/#primaryimage","url":"https:\/\/xenonkungen.com\/wp-content\/uploads\/2025\/04\/210520419-origpic-51cb03.png","contentUrl":"https:\/\/xenonkungen.com\/wp-content\/uploads\/2025\/04\/210520419-origpic-51cb03.png","width":1920,"height":1080},{"@type":"BreadcrumbList","@id":"https:\/\/xenonkungen.com\/en\/product\/tesla-s3xy-buttons-gen-2-2-piece\/#breadcrumb","itemListElement":[{"@type":"ListItem","position":1,"name":"Hem","item":"https:\/\/xenonkungen.com\/"},{"@type":"ListItem","position":2,"name":"Shop","item":"https:\/\/xenonkungen.com\/shop\/"},{"@type":"ListItem","position":3,"name":"Tesla S3XY Buttons Gen 2 | 2 Piece"}]},{"@type":"WebSite","@id":"https:\/\/xenonkungen.com\/#website","url":"https:\/\/xenonkungen.com\/","name":"Xenonkungen","description":"","potentialAction":[{"@type":"SearchAction","target":{"@type":"EntryPoint","urlTemplate":"https:\/\/xenonkungen.com\/?s={search_term_string}"},"query-input":{"@type":"PropertyValueSpecification","valueRequired":true,"valueName":"search_term_string"}}],"inLanguage":"da-DK"}]}},"taxonomy_info":{"product_brand":[{"value":2792,"label":"TESLA"}],"product_cat":[{"value":16,"label":"Uncategorized"}]},"featured_image_src_large":["https:\/\/xenonkungen.com\/wp-content\/uploads\/2025\/04\/210520419-origpic-51cb03-1024x576.png",1024,576,true],"author_info":[],"comment_info":0,"_links":{"self":[{"href":"https:\/\/xenonkungen.com\/dk\/wp-json\/wp\/v2\/product\/1525","targetHints":{"allow":["GET"]}}],"collection":[{"href":"https:\/\/xenonkungen.com\/dk\/wp-json\/wp\/v2\/product"}],"about":[{"href":"https:\/\/xenonkungen.com\/dk\/wp-json\/wp\/v2\/types\/product"}],"replies":[{"embeddable":true,"href":"https:\/\/xenonkungen.com\/dk\/wp-json\/wp\/v2\/comments?post=1525"}],"wp:featuredmedia":[{"embeddable":true,"href":"https:\/\/xenonkungen.com\/dk\/wp-json\/wp\/v2\/media\/1526"}],"wp:attachment":[{"href":"https:\/\/xenonkungen.com\/dk\/wp-json\/wp\/v2\/media?parent=1525"}],"wp:term":[{"taxonomy":"anvandningsomrade","embeddable":true,"href":"https:\/\/xenonkungen.com\/dk\/wp-json\/wp\/v2\/anvandningsomrade?post=1525"},{"taxonomy":"bilmarken","embeddable":true,"href":"https:\/\/xenonkungen.com\/dk\/wp-json\/wp\/v2\/bilmarken?post=1525"},{"taxonomy":"product_brand","embeddable":true,"href":"https:\/\/xenonkungen.com\/dk\/wp-json\/wp\/v2\/product_brand?post=1525"},{"taxonomy":"product_cat","embeddable":true,"href":"https:\/\/xenonkungen.com\/dk\/wp-json\/wp\/v2\/product_cat?post=1525"},{"taxonomy":"product_tag","embeddable":true,"href":"https:\/\/xenonkungen.com\/dk\/wp-json\/wp\/v2\/product_tag?post=1525"}],"curies":[{"name":"wp","href":"https:\/\/api.w.org\/{rel}","templated":true}]}}