{"id":15396,"date":"2025-10-10T13:26:01","date_gmt":"2025-10-10T13:26:01","guid":{"rendered":"https:\/\/xenonkungen.com\/?post_type=product&#038;p=15396"},"modified":"2026-04-11T01:01:03","modified_gmt":"2026-04-11T00:01:03","slug":"led-linser-til-hjelmbeslag-til-topmontering-af-mh-ih-sort","status":"publish","type":"product","link":"https:\/\/xenonkungen.com\/dk\/vare\/led-linser-til-hjelmbeslag-til-topmontering-af-mh-ih-sort\/","title":{"rendered":"Ledlenser hjelmmontering top MH &amp; iH sort ONE"},"content":{"rendered":"<p data-start=\"80\" data-end=\"160\"><strong data-start=\"80\" data-end=\"158\">Hjelmbeslag til Ledlenser \u2013 sikker og stabil montering p\u00e5 hjelme med visir<\/strong><\/p>\n<p data-start=\"162\" data-end=\"449\">G\u00f8r din pandelampe endnu mere alsidig med <strong data-start=\"203\" data-end=\"234\">Monteringstop MH &amp; iH Sort ONE<\/strong> \u2013 en robust og p\u00e5lidelig hjelmbeslag designet til hjelme med visir. Beslaget g\u00f8r det nemt at montere og justere din Ledlenser-lampe, s\u00e5 du altid f\u00e5r perfekt belysning, selv i kr\u00e6vende arbejdsmilj\u00f8er.<\/p>\n<p data-start=\"451\" data-end=\"656\">Lavet af slidst\u00e6rke materialer for maksimal holdbarhed og stabilitet \u2013 selv under h\u00e5rd brug. Perfekt til industri, byggeri, redningstjenester og andre professionelle omr\u00e5der, hvor p\u00e5lideligt udstyr er afg\u00f8rende.<\/p>\n<p data-start=\"658\" data-end=\"673\"><strong data-start=\"658\" data-end=\"671\">Fordele:<\/strong><\/p>\n<ul data-start=\"674\" data-end=\"862\">\n<li data-start=\"674\" data-end=\"708\">\n<p data-start=\"676\" data-end=\"708\">Passer til hjelme med beskyttende visir<\/p>\n<\/li>\n<li data-start=\"709\" data-end=\"772\">\n<p data-start=\"711\" data-end=\"772\">Stabil og sikker fastg\u00f8relse til Ledlenser MH- og iH-serien<\/p>\n<\/li>\n<li data-start=\"773\" data-end=\"806\">\n<p data-start=\"775\" data-end=\"806\">Nem montering og justering<\/p>\n<\/li>\n<li data-start=\"807\" data-end=\"862\">\n<p data-start=\"809\" data-end=\"862\">Lavet af slidst\u00e6rkt materiale for lang levetid<\/p>\n<\/li>\n<\/ul>\n<p data-start=\"864\" data-end=\"1000\">Sikker, praktisk og professionel \u2013 <strong data-start=\"903\" data-end=\"934\">Monteringstop MH &amp; iH Sort ONE<\/strong> G\u00f8r din pandelampe til en naturlig del af dit beskyttelsesudstyr.<\/p>","protected":false},"excerpt":{"rendered":"<p>Hj\u00e4lmf\u00e4ste f\u00f6r Ledlenser \u2013 s\u00e4kert och stabilt montage p\u00e5 hj\u00e4lmar med visir G\u00f6r din pannlampa \u00e4nnu mer m\u00e5ngsidig med Mount Top MH &amp; iH Black ONE \u2013 ett robust och p\u00e5litligt hj\u00e4lmf\u00e4ste designat f\u00f6r hj\u00e4lmar med skyddsvisir. F\u00e4stet g\u00f6r det enkelt att montera och justera din Ledlenser-lampa, s\u00e5 att du alltid f\u00e5r perfekt belysning \u00e4ven [&hellip;]<\/p>","protected":false},"featured_media":15400,"comment_status":"open","ping_status":"closed","template":"","meta":{"_acf_changed":false,"_smort_price_nok":"266","_smort_price_dkk":"169","_smort_price_eur":"22.64","_smort_sale_price_nok":"","_smort_sale_price_dkk":"","_smort_sale_price_eur":"","smort_restorder":"","shipmondo_restorder":"","_kad_blocks_custom_css":"","_kad_blocks_head_custom_js":"","_kad_blocks_body_custom_js":"","_kad_blocks_footer_custom_js":"","smort_custom_pricelist_1":"159.36","smort_custom_pricelist_2":"159.36","smort_custom_pricelist_3":"159.36","smort_custom_pricelist_4":"199.2","smort_custom_pricelist_5":"159.36"},"anvandningsomrade":[],"bilmarken":[],"product_brand":[101],"product_cat":[1277],"product_tag":[],"class_list":{"0":"post-15396","1":"product","2":"type-product","3":"status-publish","4":"has-post-thumbnail","6":"product_brand-ledlenser","7":"product_cat-pannlampor","9":"first","10":"onbackorder","11":"taxable","12":"shipping-taxable","13":"purchasable","14":"product-type-simple"},"bundled_by":[],"bundle_stock_status":"onbackorder","bundle_stock_quantity":0,"bundle_virtual":false,"bundle_layout":"","bundle_add_to_cart_form_location":"","bundle_editable_in_cart":false,"bundle_sold_individually_context":"","bundle_item_grouping":"","bundle_min_size":"","bundle_max_size":"","bundle_price":[],"bundled_items":[],"bundle_sell_ids":[],"acf":[],"yoast_head":"<!-- This site is optimized with the Yoast SEO plugin v27.0 - https:\/\/yoast.com\/product\/yoast-seo-wordpress\/ -->\n<title>Ledlenser Helmet Mount Top MH &amp; iH Black ONE - Xenonkungen<\/title>\n<meta name=\"robots\" content=\"index, follow, max-snippet:-1, max-image-preview:large, max-video-preview:-1\" \/>\n<link rel=\"canonical\" href=\"https:\/\/xenonkungen.com\/dk\/vare\/led-linser-til-hjelmbeslag-til-topmontering-af-mh-ih-sort\/\" \/>\n<meta property=\"og:locale\" content=\"da_DK\" \/>\n<meta property=\"og:type\" content=\"article\" \/>\n<meta property=\"og:title\" content=\"Ledlenser Helmet Mount Top MH &amp; iH Black ONE - Xenonkungen\" \/>\n<meta property=\"og:description\" content=\"Hj\u00e4lmf\u00e4ste f\u00f6r Ledlenser \u2013 s\u00e4kert och stabilt montage p\u00e5 hj\u00e4lmar med visir G\u00f6r din pannlampa \u00e4nnu mer m\u00e5ngsidig med Mount Top MH &amp; iH Black ONE \u2013 ett robust och p\u00e5litligt hj\u00e4lmf\u00e4ste designat f\u00f6r hj\u00e4lmar med skyddsvisir. F\u00e4stet g\u00f6r det enkelt att montera och justera din Ledlenser-lampa, s\u00e5 att du alltid f\u00e5r perfekt belysning \u00e4ven [&hellip;]\" \/>\n<meta property=\"og:url\" content=\"https:\/\/xenonkungen.com\/dk\/vare\/led-linser-til-hjelmbeslag-til-topmontering-af-mh-ih-sort\/\" \/>\n<meta property=\"og:site_name\" content=\"Xenonkungen\" \/>\n<meta property=\"article:modified_time\" content=\"2026-04-11T00:01:03+00:00\" \/>\n<meta property=\"og:image\" content=\"https:\/\/xenonkungen.com\/wp-content\/uploads\/2025\/10\/large-2.png\" \/>\n\t<meta property=\"og:image:width\" content=\"1024\" \/>\n\t<meta property=\"og:image:height\" content=\"1238\" \/>\n\t<meta property=\"og:image:type\" content=\"image\/png\" \/>\n<meta name=\"twitter:card\" content=\"summary_large_image\" \/>\n<meta name=\"twitter:label1\" content=\"Estimeret l\u00e6setid\" \/>\n\t<meta name=\"twitter:data1\" content=\"1 minut\" \/>\n<script type=\"application\/ld+json\" class=\"yoast-schema-graph\">{\"@context\":\"https:\/\/schema.org\",\"@graph\":[{\"@type\":\"WebPage\",\"@id\":\"https:\/\/xenonkungen.com\/produkt\/ledlenser-helmet-mount-top-mh-ih-black-one\/\",\"url\":\"https:\/\/xenonkungen.com\/produkt\/ledlenser-helmet-mount-top-mh-ih-black-one\/\",\"name\":\"Ledlenser Helmet Mount Top MH & iH Black ONE - Xenonkungen\",\"isPartOf\":{\"@id\":\"https:\/\/xenonkungen.com\/#website\"},\"primaryImageOfPage\":{\"@id\":\"https:\/\/xenonkungen.com\/produkt\/ledlenser-helmet-mount-top-mh-ih-black-one\/#primaryimage\"},\"image\":{\"@id\":\"https:\/\/xenonkungen.com\/produkt\/ledlenser-helmet-mount-top-mh-ih-black-one\/#primaryimage\"},\"thumbnailUrl\":\"https:\/\/xenonkungen.com\/wp-content\/uploads\/2025\/10\/large-2.png\",\"datePublished\":\"2025-10-10T13:26:01+00:00\",\"dateModified\":\"2026-04-11T00:01:03+00:00\",\"breadcrumb\":{\"@id\":\"https:\/\/xenonkungen.com\/produkt\/ledlenser-helmet-mount-top-mh-ih-black-one\/#breadcrumb\"},\"inLanguage\":\"da-DK\",\"potentialAction\":[{\"@type\":\"ReadAction\",\"target\":[\"https:\/\/xenonkungen.com\/produkt\/ledlenser-helmet-mount-top-mh-ih-black-one\/\"]}]},{\"@type\":\"ImageObject\",\"inLanguage\":\"da-DK\",\"@id\":\"https:\/\/xenonkungen.com\/produkt\/ledlenser-helmet-mount-top-mh-ih-black-one\/#primaryimage\",\"url\":\"https:\/\/xenonkungen.com\/wp-content\/uploads\/2025\/10\/large-2.png\",\"contentUrl\":\"https:\/\/xenonkungen.com\/wp-content\/uploads\/2025\/10\/large-2.png\",\"width\":1024,\"height\":1238},{\"@type\":\"BreadcrumbList\",\"@id\":\"https:\/\/xenonkungen.com\/produkt\/ledlenser-helmet-mount-top-mh-ih-black-one\/#breadcrumb\",\"itemListElement\":[{\"@type\":\"ListItem\",\"position\":1,\"name\":\"Hem\",\"item\":\"https:\/\/xenonkungen.com\/\"},{\"@type\":\"ListItem\",\"position\":2,\"name\":\"Shop\",\"item\":\"https:\/\/xenonkungen.com\/shop\/\"},{\"@type\":\"ListItem\",\"position\":3,\"name\":\"Ledlenser Helmet Mount Top MH &#038; iH Black ONE\"}]},{\"@type\":\"WebSite\",\"@id\":\"https:\/\/xenonkungen.com\/#website\",\"url\":\"https:\/\/xenonkungen.com\/\",\"name\":\"Xenonkungen\",\"description\":\"\",\"potentialAction\":[{\"@type\":\"SearchAction\",\"target\":{\"@type\":\"EntryPoint\",\"urlTemplate\":\"https:\/\/xenonkungen.com\/?s={search_term_string}\"},\"query-input\":{\"@type\":\"PropertyValueSpecification\",\"valueRequired\":true,\"valueName\":\"search_term_string\"}}],\"inLanguage\":\"da-DK\"}]}<\/script>\n<!-- \/ Yoast SEO plugin. -->","yoast_head_json":{"title":"Ledlenser Hjelmbeslag Top MH &amp; iH Black ONE - Xenon Kongen","robots":{"index":"index","follow":"follow","max-snippet":"max-snippet:-1","max-image-preview":"max-image-preview:large","max-video-preview":"max-video-preview:-1"},"canonical":"https:\/\/xenonkungen.com\/dk\/vare\/led-linser-til-hjelmbeslag-til-topmontering-af-mh-ih-sort\/","og_locale":"da_DK","og_type":"article","og_title":"Ledlenser Helmet Mount Top MH & iH Black ONE - Xenonkungen","og_description":"Hj\u00e4lmf\u00e4ste f\u00f6r Ledlenser \u2013 s\u00e4kert och stabilt montage p\u00e5 hj\u00e4lmar med visir G\u00f6r din pannlampa \u00e4nnu mer m\u00e5ngsidig med Mount Top MH &amp; iH Black ONE \u2013 ett robust och p\u00e5litligt hj\u00e4lmf\u00e4ste designat f\u00f6r hj\u00e4lmar med skyddsvisir. F\u00e4stet g\u00f6r det enkelt att montera och justera din Ledlenser-lampa, s\u00e5 att du alltid f\u00e5r perfekt belysning \u00e4ven [&hellip;]","og_url":"https:\/\/xenonkungen.com\/dk\/vare\/led-linser-til-hjelmbeslag-til-topmontering-af-mh-ih-sort\/","og_site_name":"Xenonkungen","article_modified_time":"2026-04-11T00:01:03+00:00","og_image":[{"width":1024,"height":1238,"url":"https:\/\/xenonkungen.com\/wp-content\/uploads\/2025\/10\/large-2.png","type":"image\/png"}],"twitter_card":"summary_large_image","twitter_misc":{"Estimeret l\u00e6setid":"1 minut"},"schema":{"@context":"https:\/\/schema.org","@graph":[{"@type":"WebPage","@id":"https:\/\/xenonkungen.com\/produkt\/ledlenser-helmet-mount-top-mh-ih-black-one\/","url":"https:\/\/xenonkungen.com\/produkt\/ledlenser-helmet-mount-top-mh-ih-black-one\/","name":"Ledlenser Hjelmbeslag Top MH &amp; iH Black ONE - Xenon Kongen","isPartOf":{"@id":"https:\/\/xenonkungen.com\/#website"},"primaryImageOfPage":{"@id":"https:\/\/xenonkungen.com\/produkt\/ledlenser-helmet-mount-top-mh-ih-black-one\/#primaryimage"},"image":{"@id":"https:\/\/xenonkungen.com\/produkt\/ledlenser-helmet-mount-top-mh-ih-black-one\/#primaryimage"},"thumbnailUrl":"https:\/\/xenonkungen.com\/wp-content\/uploads\/2025\/10\/large-2.png","datePublished":"2025-10-10T13:26:01+00:00","dateModified":"2026-04-11T00:01:03+00:00","breadcrumb":{"@id":"https:\/\/xenonkungen.com\/produkt\/ledlenser-helmet-mount-top-mh-ih-black-one\/#breadcrumb"},"inLanguage":"da-DK","potentialAction":[{"@type":"ReadAction","target":["https:\/\/xenonkungen.com\/produkt\/ledlenser-helmet-mount-top-mh-ih-black-one\/"]}]},{"@type":"ImageObject","inLanguage":"da-DK","@id":"https:\/\/xenonkungen.com\/produkt\/ledlenser-helmet-mount-top-mh-ih-black-one\/#primaryimage","url":"https:\/\/xenonkungen.com\/wp-content\/uploads\/2025\/10\/large-2.png","contentUrl":"https:\/\/xenonkungen.com\/wp-content\/uploads\/2025\/10\/large-2.png","width":1024,"height":1238},{"@type":"BreadcrumbList","@id":"https:\/\/xenonkungen.com\/produkt\/ledlenser-helmet-mount-top-mh-ih-black-one\/#breadcrumb","itemListElement":[{"@type":"ListItem","position":1,"name":"Hem","item":"https:\/\/xenonkungen.com\/"},{"@type":"ListItem","position":2,"name":"Shop","item":"https:\/\/xenonkungen.com\/shop\/"},{"@type":"ListItem","position":3,"name":"Ledlenser Helmet Mount Top MH &#038; iH Black ONE"}]},{"@type":"WebSite","@id":"https:\/\/xenonkungen.com\/#website","url":"https:\/\/xenonkungen.com\/","name":"Xenonkungen","description":"","potentialAction":[{"@type":"SearchAction","target":{"@type":"EntryPoint","urlTemplate":"https:\/\/xenonkungen.com\/?s={search_term_string}"},"query-input":{"@type":"PropertyValueSpecification","valueRequired":true,"valueName":"search_term_string"}}],"inLanguage":"da-DK"}]}},"taxonomy_info":{"product_brand":[{"value":101,"label":"LEDLENSER"}],"product_cat":[{"value":1277,"label":"Pannlampor"}]},"featured_image_src_large":["https:\/\/xenonkungen.com\/wp-content\/uploads\/2025\/10\/large-2-847x1024.png",847,1024,true],"author_info":[],"comment_info":0,"_links":{"self":[{"href":"https:\/\/xenonkungen.com\/dk\/wp-json\/wp\/v2\/product\/15396","targetHints":{"allow":["GET"]}}],"collection":[{"href":"https:\/\/xenonkungen.com\/dk\/wp-json\/wp\/v2\/product"}],"about":[{"href":"https:\/\/xenonkungen.com\/dk\/wp-json\/wp\/v2\/types\/product"}],"replies":[{"embeddable":true,"href":"https:\/\/xenonkungen.com\/dk\/wp-json\/wp\/v2\/comments?post=15396"}],"wp:featuredmedia":[{"embeddable":true,"href":"https:\/\/xenonkungen.com\/dk\/wp-json\/wp\/v2\/media\/15400"}],"wp:attachment":[{"href":"https:\/\/xenonkungen.com\/dk\/wp-json\/wp\/v2\/media?parent=15396"}],"wp:term":[{"taxonomy":"anvandningsomrade","embeddable":true,"href":"https:\/\/xenonkungen.com\/dk\/wp-json\/wp\/v2\/anvandningsomrade?post=15396"},{"taxonomy":"bilmarken","embeddable":true,"href":"https:\/\/xenonkungen.com\/dk\/wp-json\/wp\/v2\/bilmarken?post=15396"},{"taxonomy":"product_brand","embeddable":true,"href":"https:\/\/xenonkungen.com\/dk\/wp-json\/wp\/v2\/product_brand?post=15396"},{"taxonomy":"product_cat","embeddable":true,"href":"https:\/\/xenonkungen.com\/dk\/wp-json\/wp\/v2\/product_cat?post=15396"},{"taxonomy":"product_tag","embeddable":true,"href":"https:\/\/xenonkungen.com\/dk\/wp-json\/wp\/v2\/product_tag?post=15396"}],"curies":[{"name":"wp","href":"https:\/\/api.w.org\/{rel}","templated":true}]}}